{"id":508000,"date":"2022-11-17T20:45:46","date_gmt":"2022-11-17T19:45:46","guid":{"rendered":"https:\/\/www.vetorino.com\/boutique\/product\/oligalet-oligo-elements\/"},"modified":"2025-08-06T11:01:49","modified_gmt":"2025-08-06T09:01:49","slug":"oligalet-oligo-elements","status":"publish","type":"product","link":"https:\/\/www.vetorino.com\/veterinaire\/ustaritz-64480\/boutique\/product\/oligalet-oligo-elements\/","title":{"rendered":"Oligalet"},"content":{"rendered":"<p><strong>Comprim\u00e9s d&#8217;oligo\u00e9l\u00e9ments \u00e0 dissoudre dans l&#8217;eau de boisson.\u00a0<\/strong><\/p>\n<p>Le galet multi oligo-\u00e9l\u00e9ments \u00e0 dissoudre dans l&#8217;eau<strong> permet de traiter de grands effectifs en un seul geste<\/strong> pour l&#8217;\u00e9leveur, tout en s\u00e9curisant les apports. En effet chaque animal boit la quantit\u00e9 d&#8217;eau dont il a besoin, tout en absorbant simultan\u00e9ment sa dose cibl\u00e9e d&#8217;oligo-\u00e9l\u00e9ments.<\/p>\n<p>Les vertus des oligo-\u00e9l\u00e9ments en fili\u00e8re industrielle (volailles, porcs, lapins) sont bien connues. Leurs<strong> impacts sur la croissance, l&#8217;efficacit\u00e9 alimentaire, le syst\u00e8me immunitaire<\/strong> sont gages de performances dans les exploitations.<\/p>\n<p><strong>La gal\u00e9nique brevet\u00e9e<\/strong> galet effervescent permet un apport collectif et maitris\u00e9 via l&#8217;eau de boisson de doses journali\u00e8res d&#8217;oligo-\u00e9l\u00e9ments.<\/p>\n<p><strong>Mode d&#8217;emploi :\u00a0<\/strong><\/p>\n<p><em><strong>Pour les bovins adultes :<\/strong><\/em><\/p>\n<p><em>En entretien : suppl\u00e9mentation de 5 jours tous les 2 \u00e0 3 mois.<\/em><\/p>\n<p><em>En r\u00e9duction du risque de d\u00e9ficit en oligo-\u00e9l\u00e9ments : suppl\u00e9mentation de 5 jours tous les mois.<\/em><\/p>\n<ul>\n<li><em>1 GALET DE 120g POUR 1000L d\u2019eau =\u00a0<strong>8 \u00e0 10 VL<\/strong>\u00a0et\u00a0<strong>12 \u00e0 15 VA<\/strong><\/em><\/li>\n<\/ul>\n<p><em>*Convient aussi pour les g\u00e9nisses, les broutards, les taurillons \u00e0 l\u2019engrais, les bovins d\u2019engraissement, les veaux d\u2019\u00e9levage et les veaux de boucherie.<\/em><\/p>\n<p><em><strong>Pour les poules pondeuses, poulets de chair, dindes, pintades, canards, lapins de chair, gibiers, porcins\u00a0:<\/strong><\/em><\/p>\n<ul>\n<li>\n<ul>\n<li><em>1 galet 120g = 1000L d\u2019eau<\/em><\/li>\n<\/ul>\n<\/li>\n<\/ul>\n<p><em>R\u00e9p\u00e9ter la suppl\u00e9mentation pendant 5 jours.<\/em><\/p>\n<p><em>Dans le cas d\u2019une utilisation de pompe doseuse, dissoudre un galet de 120g dans la quantit\u00e9 de solution m\u00e8re n\u00e9cessaire \u00e0 la pr\u00e9paration de 1000L d\u2019eau.<\/em><\/p>\n","protected":false},"excerpt":{"rendered":"<p><strong>Comprim\u00e9s d&#8217;oligo\u00e9l\u00e9ments \u00e0 dissoudre dans l&#8217;eau de boisson.\u00a0<\/strong><\/p>\n<p>Le galet multi oligo-\u00e9l\u00e9ments \u00e0 dissoudre dans l&#8217;eau<strong> permet de traiter de grands effectifs en un seul geste<\/strong> pour l&#8217;\u00e9leveur, tout en s\u00e9curisant les apports. En effet chaque animal boit la quantit\u00e9 d&#8217;eau dont il a besoin, tout en absorbant simultan\u00e9ment sa dose cibl\u00e9e d&#8217;oligo-\u00e9l\u00e9ments.<\/p>\n<p>Les vertus des oligo-\u00e9l\u00e9ments en fili\u00e8re industrielle (volailles, porcs, lapins) sont bien connues. Leurs<strong> impacts sur la croissance, l&#8217;efficacit\u00e9 alimentaire, le syst\u00e8me immunitaire<\/strong> sont gages de performances dans les exploitations.<\/p>\n<p><strong>La gal\u00e9nique brevet\u00e9e<\/strong> galet effervescent permet un apport collectif et maitris\u00e9 via l&#8217;eau de boisson de doses journali\u00e8res d&#8217;oligo-\u00e9l\u00e9ments.<\/p>\n","protected":false},"featured_media":1442357,"template":"","meta":[],"product_cat":[6864,6869,6870,12665,12563,6874,6897],"product_tag":[],"class_list":{"0":"post-508000","1":"product","2":"type-product","3":"status-publish","4":"has-post-thumbnail","6":"product_cat-animaux-delevage","7":"product_cat-basse-cour","8":"product_cat-bovins","9":"product_cat-complement-nutritionnel-pour-lapin","10":"product_cat-lapin","11":"product_cat-porcins","12":"product_cat-poules","13":"pa_marque-vetalis","15":"first","16":"instock","17":"taxable","18":"shipping-taxable","19":"purchasable","20":"product-type-simple"},"yoast_head":"<!-- This site is optimized with the Yoast SEO plugin v27.3 - https:\/\/yoast.com\/product\/yoast-seo-wordpress\/ -->\n<title>Oligalet Vetalis - V\u00e9torino<\/title>\n<meta name=\"description\" content=\"Comprim\u00e9s d&#039;oligo\u00e9l\u00e9ments \u00e0 dissoudre dans l&#039;eau de boisson.\u00a0  Le galet multi oligo-\u00e9l\u00e9ments \u00e0 dissoudre dans l&#039;eau permet de traiter de grands effectifs en un seul geste pour l&#039;\u00e9leveur, tout en s\u00e9curisant les apports. En effet chaque animal boit la quantit\u00e9 d&#039;eau dont il a besoin, tout en absorbant simultan\u00e9ment sa dose cibl\u00e9e d&#039;oligo-\u00e9l\u00e9ments.  Les vertus des oligo-\u00e9l\u00e9ments en fili\u00e8re industrielle (volailles, porcs, lapins) sont bien connues. Leurs impacts sur la croissance, l&#039;efficacit\u00e9 alimentaire, le syst\u00e8me immunitaire sont gages de performances dans les exploitations.  La gal\u00e9nique brevet\u00e9e galet effervescent permet un apport collectif et maitris\u00e9 via l&#039;eau de boisson de doses journali\u00e8res d&#039;oligo-\u00e9l\u00e9ments.\" \/>\n<meta name=\"robots\" content=\"noindex, nofollow\" \/>\n<meta property=\"og:locale\" content=\"fr_FR\" \/>\n<meta property=\"og:type\" content=\"article\" \/>\n<meta property=\"og:title\" content=\"Oligalet Vetalis - V\u00e9torino\" \/>\n<meta property=\"og:description\" content=\"Comprim\u00e9s d&#039;oligo\u00e9l\u00e9ments \u00e0 dissoudre dans l&#039;eau de boisson.\u00a0  Le galet multi oligo-\u00e9l\u00e9ments \u00e0 dissoudre dans l&#039;eau permet de traiter de grands effectifs en un seul geste pour l&#039;\u00e9leveur, tout en s\u00e9curisant les apports. En effet chaque animal boit la quantit\u00e9 d&#039;eau dont il a besoin, tout en absorbant simultan\u00e9ment sa dose cibl\u00e9e d&#039;oligo-\u00e9l\u00e9ments.  Les vertus des oligo-\u00e9l\u00e9ments en fili\u00e8re industrielle (volailles, porcs, lapins) sont bien connues. Leurs impacts sur la croissance, l&#039;efficacit\u00e9 alimentaire, le syst\u00e8me immunitaire sont gages de performances dans les exploitations.  La gal\u00e9nique brevet\u00e9e galet effervescent permet un apport collectif et maitris\u00e9 via l&#039;eau de boisson de doses journali\u00e8res d&#039;oligo-\u00e9l\u00e9ments.\" \/>\n<meta property=\"og:url\" content=\"https:\/\/www.vetorino.com\/veterinaire\/ustaritz-64480\/boutique\/product\/oligalet-oligo-elements\/\" \/>\n<meta property=\"og:site_name\" content=\"V\u00e9torino\" \/>\n<meta property=\"article:publisher\" content=\"https:\/\/www.facebook.com\/Vetorino\/\" \/>\n<meta property=\"article:modified_time\" content=\"2025-08-06T09:01:49+00:00\" \/>\n<meta property=\"og:image\" content=\"https:\/\/www.vetorino.com\/boutique\/wp-content\/uploads\/2022\/11\/oligalet-vetalis-rural.jpeg\" \/>\n\t<meta property=\"og:image:width\" content=\"1181\" \/>\n\t<meta property=\"og:image:height\" content=\"1181\" \/>\n\t<meta property=\"og:image:type\" content=\"image\/jpeg\" \/>\n<meta name=\"twitter:card\" content=\"summary_large_image\" \/>\n<meta name=\"twitter:label1\" content=\"Prix\" \/>\n\t<meta name=\"twitter:data1\" content=\"48,97&euro;\" \/>\n\t<meta name=\"twitter:label2\" content=\"Disponibilit\u00e9\" \/>\n\t<meta name=\"twitter:data2\" content=\"En stock\" \/>\n<script type=\"application\/ld+json\" class=\"yoast-schema-graph\">{\"@context\":\"https:\\\/\\\/schema.org\",\"@graph\":[{\"@type\":\"WebPage\",\"@id\":\"https:\\\/\\\/www.vetorino.com\\\/boutique\\\/product\\\/oligalet-oligo-elements\\\/\",\"url\":\"https:\\\/\\\/www.vetorino.com\\\/boutique\\\/product\\\/oligalet-oligo-elements\\\/\",\"name\":\"Oligalet Vetalis - V\u00e9torino\",\"isPartOf\":{\"@id\":\"https:\\\/\\\/www.vetorino.com\\\/boutique\\\/#website\"},\"primaryImageOfPage\":{\"@id\":\"https:\\\/\\\/www.vetorino.com\\\/boutique\\\/product\\\/oligalet-oligo-elements\\\/#primaryimage\"},\"image\":{\"@id\":\"https:\\\/\\\/www.vetorino.com\\\/boutique\\\/product\\\/oligalet-oligo-elements\\\/#primaryimage\"},\"thumbnailUrl\":\"https:\\\/\\\/www.vetorino.com\\\/boutique\\\/wp-content\\\/uploads\\\/2022\\\/11\\\/oligalet-vetalis-rural.jpeg\",\"datePublished\":\"2022-11-17T19:45:46+00:00\",\"dateModified\":\"2025-08-06T09:01:49+00:00\",\"description\":\"Comprim\u00e9s d'oligo\u00e9l\u00e9ments \u00e0 dissoudre dans l'eau de boisson.\u00a0 Le galet multi oligo-\u00e9l\u00e9ments \u00e0 dissoudre dans l'eau permet de traiter de grands effectifs en un seul geste pour l'\u00e9leveur, tout en s\u00e9curisant les apports. En effet chaque animal boit la quantit\u00e9 d'eau dont il a besoin, tout en absorbant simultan\u00e9ment sa dose cibl\u00e9e d'oligo-\u00e9l\u00e9ments. Les vertus des oligo-\u00e9l\u00e9ments en fili\u00e8re industrielle (volailles, porcs, lapins) sont bien connues. Leurs impacts sur la croissance, l'efficacit\u00e9 alimentaire, le syst\u00e8me immunitaire sont gages de performances dans les exploitations. La gal\u00e9nique brevet\u00e9e galet effervescent permet un apport collectif et maitris\u00e9 via l'eau de boisson de doses journali\u00e8res d'oligo-\u00e9l\u00e9ments.\",\"breadcrumb\":{\"@id\":\"https:\\\/\\\/www.vetorino.com\\\/boutique\\\/product\\\/oligalet-oligo-elements\\\/#breadcrumb\"},\"inLanguage\":\"fr-FR\",\"potentialAction\":[{\"@type\":\"ReadAction\",\"target\":[\"https:\\\/\\\/www.vetorino.com\\\/boutique\\\/product\\\/oligalet-oligo-elements\\\/\"]}]},{\"@type\":\"ImageObject\",\"inLanguage\":\"fr-FR\",\"@id\":\"https:\\\/\\\/www.vetorino.com\\\/boutique\\\/product\\\/oligalet-oligo-elements\\\/#primaryimage\",\"url\":\"https:\\\/\\\/www.vetorino.com\\\/boutique\\\/wp-content\\\/uploads\\\/2022\\\/11\\\/oligalet-vetalis-rural.jpeg\",\"contentUrl\":\"https:\\\/\\\/www.vetorino.com\\\/boutique\\\/wp-content\\\/uploads\\\/2022\\\/11\\\/oligalet-vetalis-rural.jpeg\",\"width\":1181,\"height\":1181},{\"@type\":\"BreadcrumbList\",\"@id\":\"https:\\\/\\\/www.vetorino.com\\\/boutique\\\/product\\\/oligalet-oligo-elements\\\/#breadcrumb\",\"itemListElement\":[{\"@type\":\"ListItem\",\"position\":1,\"name\":\"Accueil\",\"item\":\"https:\\\/\\\/www.vetorino.com\\\/boutique\\\/\"},{\"@type\":\"ListItem\",\"position\":2,\"name\":\"Produits\",\"item\":\"https:\\\/\\\/www.vetorino.com\\\/boutique\\\/\"},{\"@type\":\"ListItem\",\"position\":3,\"name\":\"Oligalet\"}]},{\"@type\":\"WebSite\",\"@id\":\"https:\\\/\\\/www.vetorino.com\\\/boutique\\\/#website\",\"url\":\"https:\\\/\\\/www.vetorino.com\\\/boutique\\\/\",\"name\":\"V\u00e9torino\",\"description\":\"\",\"publisher\":{\"@id\":\"https:\\\/\\\/www.vetorino.com\\\/boutique\\\/#organization\"},\"potentialAction\":[{\"@type\":\"SearchAction\",\"target\":{\"@type\":\"EntryPoint\",\"urlTemplate\":\"https:\\\/\\\/www.vetorino.com\\\/boutique\\\/?s={search_term_string}\"},\"query-input\":{\"@type\":\"PropertyValueSpecification\",\"valueRequired\":true,\"valueName\":\"search_term_string\"}}],\"inLanguage\":\"fr-FR\"},{\"@type\":\"Organization\",\"@id\":\"https:\\\/\\\/www.vetorino.com\\\/boutique\\\/#organization\",\"name\":\"V\u00e9torino\",\"url\":\"https:\\\/\\\/www.vetorino.com\\\/boutique\\\/\",\"logo\":{\"@type\":\"ImageObject\",\"inLanguage\":\"fr-FR\",\"@id\":\"https:\\\/\\\/www.vetorino.com\\\/boutique\\\/#\\\/schema\\\/logo\\\/image\\\/\",\"url\":\"https:\\\/\\\/www.vetorino.com\\\/boutique\\\/wp-content\\\/uploads\\\/2024\\\/10\\\/logo.jpg\",\"contentUrl\":\"https:\\\/\\\/www.vetorino.com\\\/boutique\\\/wp-content\\\/uploads\\\/2024\\\/10\\\/logo.jpg\",\"width\":1200,\"height\":610,\"caption\":\"V\u00e9torino\"},\"image\":{\"@id\":\"https:\\\/\\\/www.vetorino.com\\\/boutique\\\/#\\\/schema\\\/logo\\\/image\\\/\"},\"sameAs\":[\"https:\\\/\\\/www.facebook.com\\\/Vetorino\\\/\",\"https:\\\/\\\/www.instagram.com\\\/vetorino_off\\\/\",\"https:\\\/\\\/www.linkedin.com\\\/company\\\/vtorino\\\/\"]}]}<\/script>\n<meta property=\"product:brand\" content=\"Vetalis\" \/>\n<meta property=\"product:price:amount\" content=\"48.97\" \/>\n<meta property=\"product:price:currency\" content=\"EUR\" \/>\n<meta property=\"og:availability\" content=\"instock\" \/>\n<meta property=\"product:availability\" content=\"instock\" \/>\n<meta property=\"product:retailer_item_id\" content=\"A-1829840\" \/>\n<meta property=\"product:condition\" content=\"new\" \/>\n<!-- \/ Yoast SEO plugin. -->","yoast_head_json":{"title":"Oligalet Vetalis - V\u00e9torino","description":"Comprim\u00e9s d'oligo\u00e9l\u00e9ments \u00e0 dissoudre dans l'eau de boisson.\u00a0  Le galet multi oligo-\u00e9l\u00e9ments \u00e0 dissoudre dans l'eau permet de traiter de grands effectifs en un seul geste pour l'\u00e9leveur, tout en s\u00e9curisant les apports. En effet chaque animal boit la quantit\u00e9 d'eau dont il a besoin, tout en absorbant simultan\u00e9ment sa dose cibl\u00e9e d'oligo-\u00e9l\u00e9ments.  Les vertus des oligo-\u00e9l\u00e9ments en fili\u00e8re industrielle (volailles, porcs, lapins) sont bien connues. Leurs impacts sur la croissance, l'efficacit\u00e9 alimentaire, le syst\u00e8me immunitaire sont gages de performances dans les exploitations.  La gal\u00e9nique brevet\u00e9e galet effervescent permet un apport collectif et maitris\u00e9 via l'eau de boisson de doses journali\u00e8res d'oligo-\u00e9l\u00e9ments.","robots":{"index":"noindex","follow":"nofollow"},"og_locale":"fr_FR","og_type":"article","og_title":"Oligalet Vetalis - V\u00e9torino","og_description":"Comprim\u00e9s d'oligo\u00e9l\u00e9ments \u00e0 dissoudre dans l'eau de boisson.\u00a0  Le galet multi oligo-\u00e9l\u00e9ments \u00e0 dissoudre dans l'eau permet de traiter de grands effectifs en un seul geste pour l'\u00e9leveur, tout en s\u00e9curisant les apports. En effet chaque animal boit la quantit\u00e9 d'eau dont il a besoin, tout en absorbant simultan\u00e9ment sa dose cibl\u00e9e d'oligo-\u00e9l\u00e9ments.  Les vertus des oligo-\u00e9l\u00e9ments en fili\u00e8re industrielle (volailles, porcs, lapins) sont bien connues. Leurs impacts sur la croissance, l'efficacit\u00e9 alimentaire, le syst\u00e8me immunitaire sont gages de performances dans les exploitations.  La gal\u00e9nique brevet\u00e9e galet effervescent permet un apport collectif et maitris\u00e9 via l'eau de boisson de doses journali\u00e8res d'oligo-\u00e9l\u00e9ments.","og_url":"https:\/\/www.vetorino.com\/veterinaire\/ustaritz-64480\/boutique\/product\/oligalet-oligo-elements\/","og_site_name":"V\u00e9torino","article_publisher":"https:\/\/www.facebook.com\/Vetorino\/","article_modified_time":"2025-08-06T09:01:49+00:00","og_image":[{"width":1181,"height":1181,"url":"https:\/\/www.vetorino.com\/boutique\/wp-content\/uploads\/2022\/11\/oligalet-vetalis-rural.jpeg","type":"image\/jpeg"}],"twitter_card":"summary_large_image","twitter_misc":{"Prix":"48,97&euro;","Disponibilit\u00e9":"En stock"},"schema":{"@context":"https:\/\/schema.org","@graph":[{"@type":"WebPage","@id":"https:\/\/www.vetorino.com\/boutique\/product\/oligalet-oligo-elements\/","url":"https:\/\/www.vetorino.com\/boutique\/product\/oligalet-oligo-elements\/","name":"Oligalet Vetalis - V\u00e9torino","isPartOf":{"@id":"https:\/\/www.vetorino.com\/boutique\/#website"},"primaryImageOfPage":{"@id":"https:\/\/www.vetorino.com\/boutique\/product\/oligalet-oligo-elements\/#primaryimage"},"image":{"@id":"https:\/\/www.vetorino.com\/boutique\/product\/oligalet-oligo-elements\/#primaryimage"},"thumbnailUrl":"https:\/\/www.vetorino.com\/boutique\/wp-content\/uploads\/2022\/11\/oligalet-vetalis-rural.jpeg","datePublished":"2022-11-17T19:45:46+00:00","dateModified":"2025-08-06T09:01:49+00:00","description":"Comprim\u00e9s d'oligo\u00e9l\u00e9ments \u00e0 dissoudre dans l'eau de boisson.\u00a0 Le galet multi oligo-\u00e9l\u00e9ments \u00e0 dissoudre dans l'eau permet de traiter de grands effectifs en un seul geste pour l'\u00e9leveur, tout en s\u00e9curisant les apports. En effet chaque animal boit la quantit\u00e9 d'eau dont il a besoin, tout en absorbant simultan\u00e9ment sa dose cibl\u00e9e d'oligo-\u00e9l\u00e9ments. Les vertus des oligo-\u00e9l\u00e9ments en fili\u00e8re industrielle (volailles, porcs, lapins) sont bien connues. Leurs impacts sur la croissance, l'efficacit\u00e9 alimentaire, le syst\u00e8me immunitaire sont gages de performances dans les exploitations. La gal\u00e9nique brevet\u00e9e galet effervescent permet un apport collectif et maitris\u00e9 via l'eau de boisson de doses journali\u00e8res d'oligo-\u00e9l\u00e9ments.","breadcrumb":{"@id":"https:\/\/www.vetorino.com\/boutique\/product\/oligalet-oligo-elements\/#breadcrumb"},"inLanguage":"fr-FR","potentialAction":[{"@type":"ReadAction","target":["https:\/\/www.vetorino.com\/boutique\/product\/oligalet-oligo-elements\/"]}]},{"@type":"ImageObject","inLanguage":"fr-FR","@id":"https:\/\/www.vetorino.com\/boutique\/product\/oligalet-oligo-elements\/#primaryimage","url":"https:\/\/www.vetorino.com\/boutique\/wp-content\/uploads\/2022\/11\/oligalet-vetalis-rural.jpeg","contentUrl":"https:\/\/www.vetorino.com\/boutique\/wp-content\/uploads\/2022\/11\/oligalet-vetalis-rural.jpeg","width":1181,"height":1181},{"@type":"BreadcrumbList","@id":"https:\/\/www.vetorino.com\/boutique\/product\/oligalet-oligo-elements\/#breadcrumb","itemListElement":[{"@type":"ListItem","position":1,"name":"Accueil","item":"https:\/\/www.vetorino.com\/boutique\/"},{"@type":"ListItem","position":2,"name":"Produits","item":"https:\/\/www.vetorino.com\/boutique\/"},{"@type":"ListItem","position":3,"name":"Oligalet"}]},{"@type":"WebSite","@id":"https:\/\/www.vetorino.com\/boutique\/#website","url":"https:\/\/www.vetorino.com\/boutique\/","name":"V\u00e9torino","description":"","publisher":{"@id":"https:\/\/www.vetorino.com\/boutique\/#organization"},"potentialAction":[{"@type":"SearchAction","target":{"@type":"EntryPoint","urlTemplate":"https:\/\/www.vetorino.com\/boutique\/?s={search_term_string}"},"query-input":{"@type":"PropertyValueSpecification","valueRequired":true,"valueName":"search_term_string"}}],"inLanguage":"fr-FR"},{"@type":"Organization","@id":"https:\/\/www.vetorino.com\/boutique\/#organization","name":"V\u00e9torino","url":"https:\/\/www.vetorino.com\/boutique\/","logo":{"@type":"ImageObject","inLanguage":"fr-FR","@id":"https:\/\/www.vetorino.com\/boutique\/#\/schema\/logo\/image\/","url":"https:\/\/www.vetorino.com\/boutique\/wp-content\/uploads\/2024\/10\/logo.jpg","contentUrl":"https:\/\/www.vetorino.com\/boutique\/wp-content\/uploads\/2024\/10\/logo.jpg","width":1200,"height":610,"caption":"V\u00e9torino"},"image":{"@id":"https:\/\/www.vetorino.com\/boutique\/#\/schema\/logo\/image\/"},"sameAs":["https:\/\/www.facebook.com\/Vetorino\/","https:\/\/www.instagram.com\/vetorino_off\/","https:\/\/www.linkedin.com\/company\/vtorino\/"]}]},"product_brand":"Vetalis","product_price_amount":"48.97","product_price_currency":"EUR","og_availability":"instock","product_availability":"instock","product_retailer_item_id":"A-1829840","product_condition":"new"},"_links":{"self":[{"href":"https:\/\/www.vetorino.com\/veterinaire\/ustaritz-64480\/boutique\/wp-json\/wp\/v2\/product\/508000","targetHints":{"allow":["GET"]}}],"collection":[{"href":"https:\/\/www.vetorino.com\/veterinaire\/ustaritz-64480\/boutique\/wp-json\/wp\/v2\/product"}],"about":[{"href":"https:\/\/www.vetorino.com\/veterinaire\/ustaritz-64480\/boutique\/wp-json\/wp\/v2\/types\/product"}],"wp:featuredmedia":[{"embeddable":true,"href":"https:\/\/www.vetorino.com\/veterinaire\/ustaritz-64480\/boutique\/wp-json\/wp\/v2\/media\/1442357"}],"wp:attachment":[{"href":"https:\/\/www.vetorino.com\/veterinaire\/ustaritz-64480\/boutique\/wp-json\/wp\/v2\/media?parent=508000"}],"wp:term":[{"taxonomy":"product_cat","embeddable":true,"href":"https:\/\/www.vetorino.com\/veterinaire\/ustaritz-64480\/boutique\/wp-json\/wp\/v2\/product_cat?post=508000"},{"taxonomy":"product_tag","embeddable":true,"href":"https:\/\/www.vetorino.com\/veterinaire\/ustaritz-64480\/boutique\/wp-json\/wp\/v2\/product_tag?post=508000"}],"curies":[{"name":"wp","href":"https:\/\/api.w.org\/{rel}","templated":true}]}}