{"id":508814,"date":"2022-11-18T20:33:31","date_gmt":"2022-11-18T19:33:31","guid":{"rendered":"https:\/\/www.vetorino.com\/boutique\/product\/antinol-chat\/"},"modified":"2025-02-21T14:50:22","modified_gmt":"2025-02-21T13:50:22","slug":"antinol-chat","status":"publish","type":"product","link":"https:\/\/www.vetorino.com\/veterinaire\/ustaritz-64480\/boutique\/product\/antinol-chat\/","title":{"rendered":"Antinol Chat"},"content":{"rendered":"<p><strong>Soutien<\/strong>\u00a0et\u00a0<strong>entretien<\/strong>\u00a0de la fonction\u00a0<strong>articulaire<\/strong>\u00a0en cas\u00a0<strong>d\u2019osth\u00e9oarthrose chez le chat.<\/strong><\/p>\n<p>Antinol contient du PCSO-524\u00ae, un concentr\u00e9 unique et brevet\u00e9 de lipides marins pour le soutien du m\u00e9tabolisme des articulations en cas d\u2019ost\u00e9oarthrose (OA).Contient des compos\u00e9s bioactifs rares et puissants tels que l\u2019acide octad\u00e9cat\u00e9tra\u00e9no\u00efque (OTA) et l\u2019acide eicosat\u00e9tra\u00e9no\u00efque (ETA) Niveaux \u00e9lev\u00e9s d\u2019EPA et de DHA.<br \/>\nLes lipides marins PCSO-524\u00ae pr\u00e9sentent un profil unique de double liaisons, d\u2019esters de st\u00e9rol et d\u2019antioxydants qui ne sont pas pr\u00e9sents dans les acides gras Om\u00e9ga 3 les plus courants.<\/p>\n<p>Produit 100% naturel<\/p>\n","protected":false},"excerpt":{"rendered":"<p><strong>Antinol<sup>\u00ae<\/sup><\/strong>\ufe0f contribue \u00e0 la sant\u00e9 des articulations et favorise le confort et la mobilit\u00e9 au quotidien de votre chat. Contenant un concentr\u00e9 de lipides marins unique, durable et exclusif \u2013 soutenu par une science de classe mondiale, il est naturel et s\u00fbr pour une utilisation \u00e0 long terme.<\/p>\n","protected":false},"featured_media":915246,"template":"","meta":[],"product_cat":[12551,2730,2697,12632],"product_tag":[],"class_list":{"0":"post-508814","1":"product","2":"type-product","3":"status-publish","4":"has-post-thumbnail","6":"product_cat-alimentation-du-chat","7":"product_cat-aliments-complementaires-pour-chat","8":"product_cat-chat","9":"product_cat-soutien-articulaire-du-chat","10":"pa_marque-vetz-petz-europe","12":"first","13":"instock","14":"taxable","15":"shipping-taxable","16":"purchasable","17":"product-type-variable"},"yoast_head":"<!-- This site is optimized with the Yoast SEO plugin v27.3 - https:\/\/yoast.com\/product\/yoast-seo-wordpress\/ -->\n<title>Antinol Chat Vetz Petz Europe - V\u00e9torino<\/title>\n<meta name=\"description\" content=\"Antinol\u00ae\ufe0f contribue \u00e0 la sant\u00e9 des articulations et favorise le confort et la mobilit\u00e9 au quotidien de votre chat. Contenant un concentr\u00e9 de lipides marins unique, durable et exclusif \u2013 soutenu par une science de classe mondiale, il est naturel et s\u00fbr pour une utilisation \u00e0 long terme.\" \/>\n<meta name=\"robots\" content=\"noindex, nofollow\" \/>\n<meta property=\"og:locale\" content=\"fr_FR\" \/>\n<meta property=\"og:type\" content=\"article\" \/>\n<meta property=\"og:title\" content=\"Antinol Chat Vetz Petz Europe - V\u00e9torino\" \/>\n<meta property=\"og:description\" content=\"Antinol\u00ae\ufe0f contribue \u00e0 la sant\u00e9 des articulations et favorise le confort et la mobilit\u00e9 au quotidien de votre chat. Contenant un concentr\u00e9 de lipides marins unique, durable et exclusif \u2013 soutenu par une science de classe mondiale, il est naturel et s\u00fbr pour une utilisation \u00e0 long terme.\" \/>\n<meta property=\"og:url\" content=\"https:\/\/www.vetorino.com\/veterinaire\/ustaritz-64480\/boutique\/product\/antinol-chat\/\" \/>\n<meta property=\"og:site_name\" content=\"V\u00e9torino\" \/>\n<meta property=\"article:publisher\" content=\"https:\/\/www.facebook.com\/Vetorino\/\" \/>\n<meta property=\"article:modified_time\" content=\"2025-02-21T13:50:22+00:00\" \/>\n<meta property=\"og:image\" content=\"https:\/\/www.vetorino.com\/boutique\/wp-content\/uploads\/2023\/01\/antinol-chat.jpg\" \/>\n\t<meta property=\"og:image:width\" content=\"800\" \/>\n\t<meta property=\"og:image:height\" content=\"800\" \/>\n\t<meta property=\"og:image:type\" content=\"image\/jpeg\" \/>\n<meta name=\"twitter:card\" content=\"summary_large_image\" \/>\n<meta name=\"twitter:label1\" content=\"Disponibilit\u00e9\" \/>\n\t<meta name=\"twitter:data1\" content=\"En stock\" \/>\n<script type=\"application\/ld+json\" class=\"yoast-schema-graph\">{\"@context\":\"https:\\\/\\\/schema.org\",\"@graph\":[{\"@type\":\"WebPage\",\"@id\":\"https:\\\/\\\/www.vetorino.com\\\/boutique\\\/product\\\/antinol-chat\\\/\",\"url\":\"https:\\\/\\\/www.vetorino.com\\\/boutique\\\/product\\\/antinol-chat\\\/\",\"name\":\"Antinol Chat Vetz Petz Europe - V\u00e9torino\",\"isPartOf\":{\"@id\":\"https:\\\/\\\/www.vetorino.com\\\/boutique\\\/#website\"},\"primaryImageOfPage\":{\"@id\":\"https:\\\/\\\/www.vetorino.com\\\/boutique\\\/product\\\/antinol-chat\\\/#primaryimage\"},\"image\":{\"@id\":\"https:\\\/\\\/www.vetorino.com\\\/boutique\\\/product\\\/antinol-chat\\\/#primaryimage\"},\"thumbnailUrl\":\"https:\\\/\\\/www.vetorino.com\\\/boutique\\\/wp-content\\\/uploads\\\/2023\\\/01\\\/antinol-chat.jpg\",\"datePublished\":\"2022-11-18T19:33:31+00:00\",\"dateModified\":\"2025-02-21T13:50:22+00:00\",\"description\":\"Antinol\u00ae\ufe0f contribue \u00e0 la sant\u00e9 des articulations et favorise le confort et la mobilit\u00e9 au quotidien de votre chat. Contenant un concentr\u00e9 de lipides marins unique, durable et exclusif \u2013 soutenu par une science de classe mondiale, il est naturel et s\u00fbr pour une utilisation \u00e0 long terme.\",\"breadcrumb\":{\"@id\":\"https:\\\/\\\/www.vetorino.com\\\/boutique\\\/product\\\/antinol-chat\\\/#breadcrumb\"},\"inLanguage\":\"fr-FR\",\"potentialAction\":[{\"@type\":\"ReadAction\",\"target\":[\"https:\\\/\\\/www.vetorino.com\\\/boutique\\\/product\\\/antinol-chat\\\/\"]}]},{\"@type\":\"ImageObject\",\"inLanguage\":\"fr-FR\",\"@id\":\"https:\\\/\\\/www.vetorino.com\\\/boutique\\\/product\\\/antinol-chat\\\/#primaryimage\",\"url\":\"https:\\\/\\\/www.vetorino.com\\\/boutique\\\/wp-content\\\/uploads\\\/2023\\\/01\\\/antinol-chat.jpg\",\"contentUrl\":\"https:\\\/\\\/www.vetorino.com\\\/boutique\\\/wp-content\\\/uploads\\\/2023\\\/01\\\/antinol-chat.jpg\",\"width\":800,\"height\":800},{\"@type\":\"BreadcrumbList\",\"@id\":\"https:\\\/\\\/www.vetorino.com\\\/boutique\\\/product\\\/antinol-chat\\\/#breadcrumb\",\"itemListElement\":[{\"@type\":\"ListItem\",\"position\":1,\"name\":\"Accueil\",\"item\":\"https:\\\/\\\/www.vetorino.com\\\/boutique\\\/\"},{\"@type\":\"ListItem\",\"position\":2,\"name\":\"Produits\",\"item\":\"https:\\\/\\\/www.vetorino.com\\\/boutique\\\/\"},{\"@type\":\"ListItem\",\"position\":3,\"name\":\"Antinol Chat\"}]},{\"@type\":\"WebSite\",\"@id\":\"https:\\\/\\\/www.vetorino.com\\\/boutique\\\/#website\",\"url\":\"https:\\\/\\\/www.vetorino.com\\\/boutique\\\/\",\"name\":\"V\u00e9torino\",\"description\":\"\",\"publisher\":{\"@id\":\"https:\\\/\\\/www.vetorino.com\\\/boutique\\\/#organization\"},\"potentialAction\":[{\"@type\":\"SearchAction\",\"target\":{\"@type\":\"EntryPoint\",\"urlTemplate\":\"https:\\\/\\\/www.vetorino.com\\\/boutique\\\/?s={search_term_string}\"},\"query-input\":{\"@type\":\"PropertyValueSpecification\",\"valueRequired\":true,\"valueName\":\"search_term_string\"}}],\"inLanguage\":\"fr-FR\"},{\"@type\":\"Organization\",\"@id\":\"https:\\\/\\\/www.vetorino.com\\\/boutique\\\/#organization\",\"name\":\"V\u00e9torino\",\"url\":\"https:\\\/\\\/www.vetorino.com\\\/boutique\\\/\",\"logo\":{\"@type\":\"ImageObject\",\"inLanguage\":\"fr-FR\",\"@id\":\"https:\\\/\\\/www.vetorino.com\\\/boutique\\\/#\\\/schema\\\/logo\\\/image\\\/\",\"url\":\"https:\\\/\\\/www.vetorino.com\\\/boutique\\\/wp-content\\\/uploads\\\/2024\\\/10\\\/logo.jpg\",\"contentUrl\":\"https:\\\/\\\/www.vetorino.com\\\/boutique\\\/wp-content\\\/uploads\\\/2024\\\/10\\\/logo.jpg\",\"width\":1200,\"height\":610,\"caption\":\"V\u00e9torino\"},\"image\":{\"@id\":\"https:\\\/\\\/www.vetorino.com\\\/boutique\\\/#\\\/schema\\\/logo\\\/image\\\/\"},\"sameAs\":[\"https:\\\/\\\/www.facebook.com\\\/Vetorino\\\/\",\"https:\\\/\\\/www.instagram.com\\\/vetorino_off\\\/\",\"https:\\\/\\\/www.linkedin.com\\\/company\\\/vtorino\\\/\"]}]}<\/script>\n<meta property=\"product:brand\" content=\"Vetz Petz Europe\" \/>\n<meta property=\"og:availability\" content=\"instock\" \/>\n<meta property=\"product:availability\" content=\"instock\" \/>\n<meta property=\"product:condition\" content=\"new\" \/>\n<!-- \/ Yoast SEO plugin. -->","yoast_head_json":{"title":"Antinol Chat Vetz Petz Europe - V\u00e9torino","description":"Antinol\u00ae\ufe0f contribue \u00e0 la sant\u00e9 des articulations et favorise le confort et la mobilit\u00e9 au quotidien de votre chat. Contenant un concentr\u00e9 de lipides marins unique, durable et exclusif \u2013 soutenu par une science de classe mondiale, il est naturel et s\u00fbr pour une utilisation \u00e0 long terme.","robots":{"index":"noindex","follow":"nofollow"},"og_locale":"fr_FR","og_type":"article","og_title":"Antinol Chat Vetz Petz Europe - V\u00e9torino","og_description":"Antinol\u00ae\ufe0f contribue \u00e0 la sant\u00e9 des articulations et favorise le confort et la mobilit\u00e9 au quotidien de votre chat. Contenant un concentr\u00e9 de lipides marins unique, durable et exclusif \u2013 soutenu par une science de classe mondiale, il est naturel et s\u00fbr pour une utilisation \u00e0 long terme.","og_url":"https:\/\/www.vetorino.com\/veterinaire\/ustaritz-64480\/boutique\/product\/antinol-chat\/","og_site_name":"V\u00e9torino","article_publisher":"https:\/\/www.facebook.com\/Vetorino\/","article_modified_time":"2025-02-21T13:50:22+00:00","og_image":[{"width":800,"height":800,"url":"https:\/\/www.vetorino.com\/boutique\/wp-content\/uploads\/2023\/01\/antinol-chat.jpg","type":"image\/jpeg"}],"twitter_card":"summary_large_image","twitter_misc":{"Disponibilit\u00e9":"En stock"},"schema":{"@context":"https:\/\/schema.org","@graph":[{"@type":"WebPage","@id":"https:\/\/www.vetorino.com\/boutique\/product\/antinol-chat\/","url":"https:\/\/www.vetorino.com\/boutique\/product\/antinol-chat\/","name":"Antinol Chat Vetz Petz Europe - V\u00e9torino","isPartOf":{"@id":"https:\/\/www.vetorino.com\/boutique\/#website"},"primaryImageOfPage":{"@id":"https:\/\/www.vetorino.com\/boutique\/product\/antinol-chat\/#primaryimage"},"image":{"@id":"https:\/\/www.vetorino.com\/boutique\/product\/antinol-chat\/#primaryimage"},"thumbnailUrl":"https:\/\/www.vetorino.com\/boutique\/wp-content\/uploads\/2023\/01\/antinol-chat.jpg","datePublished":"2022-11-18T19:33:31+00:00","dateModified":"2025-02-21T13:50:22+00:00","description":"Antinol\u00ae\ufe0f contribue \u00e0 la sant\u00e9 des articulations et favorise le confort et la mobilit\u00e9 au quotidien de votre chat. Contenant un concentr\u00e9 de lipides marins unique, durable et exclusif \u2013 soutenu par une science de classe mondiale, il est naturel et s\u00fbr pour une utilisation \u00e0 long terme.","breadcrumb":{"@id":"https:\/\/www.vetorino.com\/boutique\/product\/antinol-chat\/#breadcrumb"},"inLanguage":"fr-FR","potentialAction":[{"@type":"ReadAction","target":["https:\/\/www.vetorino.com\/boutique\/product\/antinol-chat\/"]}]},{"@type":"ImageObject","inLanguage":"fr-FR","@id":"https:\/\/www.vetorino.com\/boutique\/product\/antinol-chat\/#primaryimage","url":"https:\/\/www.vetorino.com\/boutique\/wp-content\/uploads\/2023\/01\/antinol-chat.jpg","contentUrl":"https:\/\/www.vetorino.com\/boutique\/wp-content\/uploads\/2023\/01\/antinol-chat.jpg","width":800,"height":800},{"@type":"BreadcrumbList","@id":"https:\/\/www.vetorino.com\/boutique\/product\/antinol-chat\/#breadcrumb","itemListElement":[{"@type":"ListItem","position":1,"name":"Accueil","item":"https:\/\/www.vetorino.com\/boutique\/"},{"@type":"ListItem","position":2,"name":"Produits","item":"https:\/\/www.vetorino.com\/boutique\/"},{"@type":"ListItem","position":3,"name":"Antinol Chat"}]},{"@type":"WebSite","@id":"https:\/\/www.vetorino.com\/boutique\/#website","url":"https:\/\/www.vetorino.com\/boutique\/","name":"V\u00e9torino","description":"","publisher":{"@id":"https:\/\/www.vetorino.com\/boutique\/#organization"},"potentialAction":[{"@type":"SearchAction","target":{"@type":"EntryPoint","urlTemplate":"https:\/\/www.vetorino.com\/boutique\/?s={search_term_string}"},"query-input":{"@type":"PropertyValueSpecification","valueRequired":true,"valueName":"search_term_string"}}],"inLanguage":"fr-FR"},{"@type":"Organization","@id":"https:\/\/www.vetorino.com\/boutique\/#organization","name":"V\u00e9torino","url":"https:\/\/www.vetorino.com\/boutique\/","logo":{"@type":"ImageObject","inLanguage":"fr-FR","@id":"https:\/\/www.vetorino.com\/boutique\/#\/schema\/logo\/image\/","url":"https:\/\/www.vetorino.com\/boutique\/wp-content\/uploads\/2024\/10\/logo.jpg","contentUrl":"https:\/\/www.vetorino.com\/boutique\/wp-content\/uploads\/2024\/10\/logo.jpg","width":1200,"height":610,"caption":"V\u00e9torino"},"image":{"@id":"https:\/\/www.vetorino.com\/boutique\/#\/schema\/logo\/image\/"},"sameAs":["https:\/\/www.facebook.com\/Vetorino\/","https:\/\/www.instagram.com\/vetorino_off\/","https:\/\/www.linkedin.com\/company\/vtorino\/"]}]},"product_brand":"Vetz Petz Europe","og_availability":"instock","product_availability":"instock","product_condition":"new"},"_links":{"self":[{"href":"https:\/\/www.vetorino.com\/veterinaire\/ustaritz-64480\/boutique\/wp-json\/wp\/v2\/product\/508814","targetHints":{"allow":["GET"]}}],"collection":[{"href":"https:\/\/www.vetorino.com\/veterinaire\/ustaritz-64480\/boutique\/wp-json\/wp\/v2\/product"}],"about":[{"href":"https:\/\/www.vetorino.com\/veterinaire\/ustaritz-64480\/boutique\/wp-json\/wp\/v2\/types\/product"}],"wp:featuredmedia":[{"embeddable":true,"href":"https:\/\/www.vetorino.com\/veterinaire\/ustaritz-64480\/boutique\/wp-json\/wp\/v2\/media\/915246"}],"wp:attachment":[{"href":"https:\/\/www.vetorino.com\/veterinaire\/ustaritz-64480\/boutique\/wp-json\/wp\/v2\/media?parent=508814"}],"wp:term":[{"taxonomy":"product_cat","embeddable":true,"href":"https:\/\/www.vetorino.com\/veterinaire\/ustaritz-64480\/boutique\/wp-json\/wp\/v2\/product_cat?post=508814"},{"taxonomy":"product_tag","embeddable":true,"href":"https:\/\/www.vetorino.com\/veterinaire\/ustaritz-64480\/boutique\/wp-json\/wp\/v2\/product_tag?post=508814"}],"curies":[{"name":"wp","href":"https:\/\/api.w.org\/{rel}","templated":true}]}}