{"id":508845,"date":"2022-11-18T20:34:49","date_gmt":"2022-11-18T19:34:49","guid":{"rendered":"https:\/\/www.vetorino.com\/boutique\/product\/frontline-spray-2\/"},"modified":"2023-06-02T16:55:27","modified_gmt":"2023-06-02T14:55:27","slug":"frontline-spray-2","status":"publish","type":"product","link":"https:\/\/www.vetorino.com\/veterinaire\/ustaritz-64480\/boutique\/product\/frontline-spray-2\/","title":{"rendered":"Frontline Spray"},"content":{"rendered":"<p><strong>FRONTLINE Spray\u00a0permet de lutter contre les parasites des chiens et des chats.\u00a0Il est efficace contre les puces,\u00a0les poux et les tiques.<\/strong><\/p>\n<p><strong><br \/>\nUtilisation :<br \/>\n<\/strong><\/p>\n<ul>\n<li>Chien ou chat de plus de 5 kg<\/li>\n<\/ul>\n<p><strong>Contre indications :<\/strong><\/p>\n<ul>\n<li>Animal malade (maladies syst\u00e9miques, fi\u00e8vre&#8230;) ou convalescent.<\/li>\n<li>Ne pas utiliser sur le lapin car des effets secondaires parfois l\u00e9taux peuvent avoir lieu.<\/li>\n<\/ul>\n<p><strong>Avantages :<\/strong><\/p>\n<div class=\"col-lg-6 col-md-6 col-sm-6 col-xs-12 bloc-texte\">\n<ul>\n<li><strong>Tue les puces adultes<\/strong>\u00a0dans les 24 heures suivant leur arriv\u00e9e sur votre animal.<\/li>\n<li>Elimine plus de 90% des tiques dans les 48 heures suivant leur arriv\u00e9e sur l&#8217;animal, afin de\u00a0<strong>limiter le risque de transmission de maladies<\/strong>. Ce risque est maximal 48 heures apr\u00e8s fixation de la tique sur l\u2019animal.<\/li>\n<li><strong>Tue les poux pr\u00e9sents<\/strong>\u00a0sur l&#8217;animal en 48 heures maximum.<\/li>\n<\/ul>\n<p><strong><br \/>\nATTENTION : Ce produit est un m\u00e9dicament v\u00e9t\u00e9rinaire. Lire attentivement la notice avant utilisation et demander conseil \u00e0 votre v\u00e9t\u00e9rinaire.<\/strong><\/p>\n<\/div>\n","protected":false},"excerpt":{"rendered":"<p><strong>FRONTLINE Spray<\/strong> permet de <strong>lutter<\/strong> contre les <strong>parasites<\/strong> des <strong>chiens<\/strong> et des <strong>chats<\/strong>. Il est efficace contre les <strong>puces<\/strong>, les <strong>poux<\/strong> et les <strong>tiques<\/strong>.<\/p>\n<div id=\"product-description-short-2537\">\n<p><strong>FRONTLINE Spray\u00a0permet de lutter contre les parasites des chiens et des chats.\u00a0Il est efficace contre les puces,\u00a0les poux et les tiques.<\/strong><\/p>\n<ul>\n<li>Chien ou chat de plus de 5 kg<\/li>\n<\/ul>\n<p><strong>Ne pas utiliser chez le lapin.<\/strong><\/p>\n<\/div>\n","protected":false},"featured_media":627135,"template":"","meta":[],"product_cat":[12553,12554,2697,2698],"product_tag":[],"class_list":{"0":"post-508845","1":"product","2":"type-product","3":"status-publish","4":"has-post-thumbnail","6":"product_cat-antiparasitaire-du-chat","7":"product_cat-antiparasitaire-du-chien","8":"product_cat-chat","9":"product_cat-chien","10":"pa_marque-boehringer","12":"first","13":"instock","14":"taxable","15":"shipping-taxable","16":"product-type-variable"},"yoast_head":"<!-- This site is optimized with the Yoast SEO plugin v27.3 - https:\/\/yoast.com\/product\/yoast-seo-wordpress\/ -->\n<title>Frontline Frontline Spray Boehringer - V\u00e9torino<\/title>\n<meta name=\"description\" content=\"FRONTLINE Spray permet de lutter contre les parasites des chiens et des chats. Il est efficace contre les puces, les poux et les tiques.   FRONTLINE Spray\u00a0permet de lutter contre les parasites des chiens et des chats.\u00a0Il est efficace contre les puces,\u00a0les poux et les tiques.   Chien ou chat de plus de 5 kg  Ne pas utiliser chez le lapin.\" \/>\n<meta name=\"robots\" content=\"noindex, nofollow\" \/>\n<meta property=\"og:locale\" content=\"fr_FR\" \/>\n<meta property=\"og:type\" content=\"article\" \/>\n<meta property=\"og:title\" content=\"Frontline Frontline Spray Boehringer - V\u00e9torino\" \/>\n<meta property=\"og:description\" content=\"FRONTLINE Spray permet de lutter contre les parasites des chiens et des chats. Il est efficace contre les puces, les poux et les tiques.   FRONTLINE Spray\u00a0permet de lutter contre les parasites des chiens et des chats.\u00a0Il est efficace contre les puces,\u00a0les poux et les tiques.   Chien ou chat de plus de 5 kg  Ne pas utiliser chez le lapin.\" \/>\n<meta property=\"og:url\" content=\"https:\/\/www.vetorino.com\/veterinaire\/ustaritz-64480\/boutique\/product\/frontline-spray-2\/\" \/>\n<meta property=\"og:site_name\" content=\"V\u00e9torino\" \/>\n<meta property=\"article:publisher\" content=\"https:\/\/www.facebook.com\/Vetorino\/\" \/>\n<meta property=\"article:modified_time\" content=\"2023-06-02T14:55:27+00:00\" \/>\n<meta property=\"og:image\" content=\"https:\/\/www.vetorino.com\/boutique\/wp-content\/uploads\/2022\/11\/frontline-spray-1.jpeg\" \/>\n\t<meta property=\"og:image:width\" content=\"2000\" \/>\n\t<meta property=\"og:image:height\" content=\"1857\" \/>\n\t<meta property=\"og:image:type\" content=\"image\/jpeg\" \/>\n<meta name=\"twitter:card\" content=\"summary_large_image\" \/>\n<meta name=\"twitter:label1\" content=\"Disponibilit\u00e9\" \/>\n\t<meta name=\"twitter:data1\" content=\"En stock\" \/>\n<script type=\"application\/ld+json\" class=\"yoast-schema-graph\">{\"@context\":\"https:\\\/\\\/schema.org\",\"@graph\":[{\"@type\":\"WebPage\",\"@id\":\"https:\\\/\\\/www.vetorino.com\\\/veterinaire\\\/vrigneauxbois-08330\\\/boutique\\\/product\\\/frontline-spray-2\\\/\",\"url\":\"https:\\\/\\\/www.vetorino.com\\\/veterinaire\\\/vrigneauxbois-08330\\\/boutique\\\/product\\\/frontline-spray-2\\\/\",\"name\":\"Frontline Frontline Spray Boehringer - V\u00e9torino\",\"isPartOf\":{\"@id\":\"https:\\\/\\\/www.vetorino.com\\\/boutique\\\/#website\"},\"primaryImageOfPage\":{\"@id\":\"https:\\\/\\\/www.vetorino.com\\\/veterinaire\\\/vrigneauxbois-08330\\\/boutique\\\/product\\\/frontline-spray-2\\\/#primaryimage\"},\"image\":{\"@id\":\"https:\\\/\\\/www.vetorino.com\\\/veterinaire\\\/vrigneauxbois-08330\\\/boutique\\\/product\\\/frontline-spray-2\\\/#primaryimage\"},\"thumbnailUrl\":\"https:\\\/\\\/www.vetorino.com\\\/boutique\\\/wp-content\\\/uploads\\\/2022\\\/11\\\/frontline-spray-1.jpeg\",\"datePublished\":\"2022-11-18T19:34:49+00:00\",\"dateModified\":\"2023-06-02T14:55:27+00:00\",\"description\":\"FRONTLINE Spray permet de lutter contre les parasites des chiens et des chats. Il est efficace contre les puces, les poux et les tiques. FRONTLINE Spray\u00a0permet de lutter contre les parasites des chiens et des chats.\u00a0Il est efficace contre les puces,\u00a0les poux et les tiques. Chien ou chat de plus de 5 kg Ne pas utiliser chez le lapin.\",\"breadcrumb\":{\"@id\":\"https:\\\/\\\/www.vetorino.com\\\/veterinaire\\\/vrigneauxbois-08330\\\/boutique\\\/product\\\/frontline-spray-2\\\/#breadcrumb\"},\"inLanguage\":\"fr-FR\",\"potentialAction\":[{\"@type\":\"ReadAction\",\"target\":[\"https:\\\/\\\/www.vetorino.com\\\/veterinaire\\\/vrigneauxbois-08330\\\/boutique\\\/product\\\/frontline-spray-2\\\/\"]}]},{\"@type\":\"ImageObject\",\"inLanguage\":\"fr-FR\",\"@id\":\"https:\\\/\\\/www.vetorino.com\\\/veterinaire\\\/vrigneauxbois-08330\\\/boutique\\\/product\\\/frontline-spray-2\\\/#primaryimage\",\"url\":\"https:\\\/\\\/www.vetorino.com\\\/boutique\\\/wp-content\\\/uploads\\\/2022\\\/11\\\/frontline-spray-1.jpeg\",\"contentUrl\":\"https:\\\/\\\/www.vetorino.com\\\/boutique\\\/wp-content\\\/uploads\\\/2022\\\/11\\\/frontline-spray-1.jpeg\",\"width\":2000,\"height\":1857},{\"@type\":\"BreadcrumbList\",\"@id\":\"https:\\\/\\\/www.vetorino.com\\\/veterinaire\\\/vrigneauxbois-08330\\\/boutique\\\/product\\\/frontline-spray-2\\\/#breadcrumb\",\"itemListElement\":[{\"@type\":\"ListItem\",\"position\":1,\"name\":\"Accueil\",\"item\":\"https:\\\/\\\/www.vetorino.com\\\/boutique\\\/\"},{\"@type\":\"ListItem\",\"position\":2,\"name\":\"Produits\",\"item\":\"https:\\\/\\\/www.vetorino.com\\\/boutique\\\/\"},{\"@type\":\"ListItem\",\"position\":3,\"name\":\"Frontline Spray\"}]},{\"@type\":\"WebSite\",\"@id\":\"https:\\\/\\\/www.vetorino.com\\\/boutique\\\/#website\",\"url\":\"https:\\\/\\\/www.vetorino.com\\\/boutique\\\/\",\"name\":\"V\u00e9torino\",\"description\":\"\",\"publisher\":{\"@id\":\"https:\\\/\\\/www.vetorino.com\\\/boutique\\\/#organization\"},\"potentialAction\":[{\"@type\":\"SearchAction\",\"target\":{\"@type\":\"EntryPoint\",\"urlTemplate\":\"https:\\\/\\\/www.vetorino.com\\\/boutique\\\/?s={search_term_string}\"},\"query-input\":{\"@type\":\"PropertyValueSpecification\",\"valueRequired\":true,\"valueName\":\"search_term_string\"}}],\"inLanguage\":\"fr-FR\"},{\"@type\":\"Organization\",\"@id\":\"https:\\\/\\\/www.vetorino.com\\\/boutique\\\/#organization\",\"name\":\"V\u00e9torino\",\"url\":\"https:\\\/\\\/www.vetorino.com\\\/boutique\\\/\",\"logo\":{\"@type\":\"ImageObject\",\"inLanguage\":\"fr-FR\",\"@id\":\"https:\\\/\\\/www.vetorino.com\\\/boutique\\\/#\\\/schema\\\/logo\\\/image\\\/\",\"url\":\"https:\\\/\\\/www.vetorino.com\\\/boutique\\\/wp-content\\\/uploads\\\/2024\\\/10\\\/logo.jpg\",\"contentUrl\":\"https:\\\/\\\/www.vetorino.com\\\/boutique\\\/wp-content\\\/uploads\\\/2024\\\/10\\\/logo.jpg\",\"width\":1200,\"height\":610,\"caption\":\"V\u00e9torino\"},\"image\":{\"@id\":\"https:\\\/\\\/www.vetorino.com\\\/boutique\\\/#\\\/schema\\\/logo\\\/image\\\/\"},\"sameAs\":[\"https:\\\/\\\/www.facebook.com\\\/Vetorino\\\/\",\"https:\\\/\\\/www.instagram.com\\\/vetorino_off\\\/\",\"https:\\\/\\\/www.linkedin.com\\\/company\\\/vtorino\\\/\"]}]}<\/script>\n<meta property=\"product:brand\" content=\"Boehringer\" \/>\n<meta property=\"og:availability\" content=\"instock\" \/>\n<meta property=\"product:availability\" content=\"instock\" \/>\n<meta property=\"product:condition\" content=\"new\" \/>\n<!-- \/ Yoast SEO plugin. -->","yoast_head_json":{"title":"Frontline Frontline Spray Boehringer - V\u00e9torino","description":"FRONTLINE Spray permet de lutter contre les parasites des chiens et des chats. Il est efficace contre les puces, les poux et les tiques.   FRONTLINE Spray\u00a0permet de lutter contre les parasites des chiens et des chats.\u00a0Il est efficace contre les puces,\u00a0les poux et les tiques.   Chien ou chat de plus de 5 kg  Ne pas utiliser chez le lapin.","robots":{"index":"noindex","follow":"nofollow"},"og_locale":"fr_FR","og_type":"article","og_title":"Frontline Frontline Spray Boehringer - V\u00e9torino","og_description":"FRONTLINE Spray permet de lutter contre les parasites des chiens et des chats. Il est efficace contre les puces, les poux et les tiques.   FRONTLINE Spray\u00a0permet de lutter contre les parasites des chiens et des chats.\u00a0Il est efficace contre les puces,\u00a0les poux et les tiques.   Chien ou chat de plus de 5 kg  Ne pas utiliser chez le lapin.","og_url":"https:\/\/www.vetorino.com\/veterinaire\/ustaritz-64480\/boutique\/product\/frontline-spray-2\/","og_site_name":"V\u00e9torino","article_publisher":"https:\/\/www.facebook.com\/Vetorino\/","article_modified_time":"2023-06-02T14:55:27+00:00","og_image":[{"width":2000,"height":1857,"url":"https:\/\/www.vetorino.com\/boutique\/wp-content\/uploads\/2022\/11\/frontline-spray-1.jpeg","type":"image\/jpeg"}],"twitter_card":"summary_large_image","twitter_misc":{"Disponibilit\u00e9":"En stock"},"schema":{"@context":"https:\/\/schema.org","@graph":[{"@type":"WebPage","@id":"https:\/\/www.vetorino.com\/veterinaire\/vrigneauxbois-08330\/boutique\/product\/frontline-spray-2\/","url":"https:\/\/www.vetorino.com\/veterinaire\/vrigneauxbois-08330\/boutique\/product\/frontline-spray-2\/","name":"Frontline Frontline Spray Boehringer - V\u00e9torino","isPartOf":{"@id":"https:\/\/www.vetorino.com\/boutique\/#website"},"primaryImageOfPage":{"@id":"https:\/\/www.vetorino.com\/veterinaire\/vrigneauxbois-08330\/boutique\/product\/frontline-spray-2\/#primaryimage"},"image":{"@id":"https:\/\/www.vetorino.com\/veterinaire\/vrigneauxbois-08330\/boutique\/product\/frontline-spray-2\/#primaryimage"},"thumbnailUrl":"https:\/\/www.vetorino.com\/boutique\/wp-content\/uploads\/2022\/11\/frontline-spray-1.jpeg","datePublished":"2022-11-18T19:34:49+00:00","dateModified":"2023-06-02T14:55:27+00:00","description":"FRONTLINE Spray permet de lutter contre les parasites des chiens et des chats. Il est efficace contre les puces, les poux et les tiques. FRONTLINE Spray\u00a0permet de lutter contre les parasites des chiens et des chats.\u00a0Il est efficace contre les puces,\u00a0les poux et les tiques. Chien ou chat de plus de 5 kg Ne pas utiliser chez le lapin.","breadcrumb":{"@id":"https:\/\/www.vetorino.com\/veterinaire\/vrigneauxbois-08330\/boutique\/product\/frontline-spray-2\/#breadcrumb"},"inLanguage":"fr-FR","potentialAction":[{"@type":"ReadAction","target":["https:\/\/www.vetorino.com\/veterinaire\/vrigneauxbois-08330\/boutique\/product\/frontline-spray-2\/"]}]},{"@type":"ImageObject","inLanguage":"fr-FR","@id":"https:\/\/www.vetorino.com\/veterinaire\/vrigneauxbois-08330\/boutique\/product\/frontline-spray-2\/#primaryimage","url":"https:\/\/www.vetorino.com\/boutique\/wp-content\/uploads\/2022\/11\/frontline-spray-1.jpeg","contentUrl":"https:\/\/www.vetorino.com\/boutique\/wp-content\/uploads\/2022\/11\/frontline-spray-1.jpeg","width":2000,"height":1857},{"@type":"BreadcrumbList","@id":"https:\/\/www.vetorino.com\/veterinaire\/vrigneauxbois-08330\/boutique\/product\/frontline-spray-2\/#breadcrumb","itemListElement":[{"@type":"ListItem","position":1,"name":"Accueil","item":"https:\/\/www.vetorino.com\/boutique\/"},{"@type":"ListItem","position":2,"name":"Produits","item":"https:\/\/www.vetorino.com\/boutique\/"},{"@type":"ListItem","position":3,"name":"Frontline Spray"}]},{"@type":"WebSite","@id":"https:\/\/www.vetorino.com\/boutique\/#website","url":"https:\/\/www.vetorino.com\/boutique\/","name":"V\u00e9torino","description":"","publisher":{"@id":"https:\/\/www.vetorino.com\/boutique\/#organization"},"potentialAction":[{"@type":"SearchAction","target":{"@type":"EntryPoint","urlTemplate":"https:\/\/www.vetorino.com\/boutique\/?s={search_term_string}"},"query-input":{"@type":"PropertyValueSpecification","valueRequired":true,"valueName":"search_term_string"}}],"inLanguage":"fr-FR"},{"@type":"Organization","@id":"https:\/\/www.vetorino.com\/boutique\/#organization","name":"V\u00e9torino","url":"https:\/\/www.vetorino.com\/boutique\/","logo":{"@type":"ImageObject","inLanguage":"fr-FR","@id":"https:\/\/www.vetorino.com\/boutique\/#\/schema\/logo\/image\/","url":"https:\/\/www.vetorino.com\/boutique\/wp-content\/uploads\/2024\/10\/logo.jpg","contentUrl":"https:\/\/www.vetorino.com\/boutique\/wp-content\/uploads\/2024\/10\/logo.jpg","width":1200,"height":610,"caption":"V\u00e9torino"},"image":{"@id":"https:\/\/www.vetorino.com\/boutique\/#\/schema\/logo\/image\/"},"sameAs":["https:\/\/www.facebook.com\/Vetorino\/","https:\/\/www.instagram.com\/vetorino_off\/","https:\/\/www.linkedin.com\/company\/vtorino\/"]}]},"product_brand":"Boehringer","og_availability":"instock","product_availability":"instock","product_condition":"new"},"_links":{"self":[{"href":"https:\/\/www.vetorino.com\/veterinaire\/ustaritz-64480\/boutique\/wp-json\/wp\/v2\/product\/508845","targetHints":{"allow":["GET"]}}],"collection":[{"href":"https:\/\/www.vetorino.com\/veterinaire\/ustaritz-64480\/boutique\/wp-json\/wp\/v2\/product"}],"about":[{"href":"https:\/\/www.vetorino.com\/veterinaire\/ustaritz-64480\/boutique\/wp-json\/wp\/v2\/types\/product"}],"wp:featuredmedia":[{"embeddable":true,"href":"https:\/\/www.vetorino.com\/veterinaire\/ustaritz-64480\/boutique\/wp-json\/wp\/v2\/media\/627135"}],"wp:attachment":[{"href":"https:\/\/www.vetorino.com\/veterinaire\/ustaritz-64480\/boutique\/wp-json\/wp\/v2\/media?parent=508845"}],"wp:term":[{"taxonomy":"product_cat","embeddable":true,"href":"https:\/\/www.vetorino.com\/veterinaire\/ustaritz-64480\/boutique\/wp-json\/wp\/v2\/product_cat?post=508845"},{"taxonomy":"product_tag","embeddable":true,"href":"https:\/\/www.vetorino.com\/veterinaire\/ustaritz-64480\/boutique\/wp-json\/wp\/v2\/product_tag?post=508845"}],"curies":[{"name":"wp","href":"https:\/\/api.w.org\/{rel}","templated":true}]}}