{"id":508855,"date":"2022-11-18T20:35:05","date_gmt":"2022-11-18T19:35:05","guid":{"rendered":"https:\/\/www.vetorino.com\/boutique\/product\/shampooing-doux-vetopop\/"},"modified":"2025-08-11T11:56:00","modified_gmt":"2025-08-11T09:56:00","slug":"shampooing-doux-vetopop","status":"publish","type":"product","link":"https:\/\/www.vetorino.com\/veterinaire\/ustaritz-64480\/boutique\/product\/shampooing-doux-vetopop\/","title":{"rendered":"Shampooing liquide \u2013 chien chat"},"content":{"rendered":"<div class=\"woocommerce-product-details__short-description\">\n<div class=\"page\" title=\"Page 1\">\n<div class=\"layoutArea\">\n<div class=\"column\">\n<p><strong>Shampoing physiologique<\/strong>\u00a0pour chiens et chats, riche en substances naturelles,\u00a0<strong>favorise l\u2019hydratation et la brillance du poil.<\/strong><\/p>\n<p>\u00c0 base<strong>\u00a0d\u2019ingr\u00e9dients naturel<\/strong>s, la formule\u00a0<strong>\u00e0 l\u2019aloe vera et au th\u00e9 vert<\/strong>\u00a0a sp\u00e9cifiquement \u00e9t\u00e9 \u00e9labor\u00e9e\u00a0<strong>pour s\u2019adapter \u00e0 la peau de l\u2019animal.\u00a0<\/strong><\/p>\n<\/div>\n<\/div>\n<\/div>\n<\/div>\n<div class=\"d-flex my-4 align-items-center\"><\/div>\n","protected":false},"excerpt":{"rendered":"<div class=\"woocommerce-product-details__short-description\">\n<div class=\"page\" title=\"Page 1\">\n<div class=\"layoutArea\">\n<div class=\"column\">\n<p><strong>Shampoing physiologique<\/strong>\u00a0pour chiens et chats, riche en substances naturelles,\u00a0<strong>favorise l\u2019hydratation et la brillance du poil.<\/strong><\/p>\n<p>\u00c0 base<strong>\u00a0d\u2019ingr\u00e9dients naturel<\/strong>s, la formule\u00a0<strong>\u00e0 l\u2019aloe vera et au th\u00e9 vert<\/strong>\u00a0a sp\u00e9cifiquement \u00e9t\u00e9 \u00e9labor\u00e9e\u00a0<strong>pour s\u2019adapter \u00e0 la peau de l\u2019animal.\u00a0<\/strong><\/p>\n<\/div>\n<\/div>\n<\/div>\n<\/div>\n<div class=\"d-flex my-4 align-items-center\"><\/div>\n","protected":false},"featured_media":1447943,"template":"","meta":[],"product_cat":[2697,2698,12611,12612,12560,12561],"product_tag":[],"class_list":{"0":"post-508855","1":"product","2":"type-product","3":"status-publish","4":"has-post-thumbnail","6":"product_cat-chat","7":"product_cat-chien","8":"product_cat-hygiene-de-la-peau-et-du-pelage-du-chat","9":"product_cat-hygiene-de-la-peau-et-du-pelage-du-chien","10":"product_cat-hygiene-du-chat","11":"product_cat-hygiene-du-chien","12":"pa_marque-vetopop","14":"first","15":"outofstock","16":"taxable","17":"shipping-taxable","18":"purchasable","19":"product-type-simple"},"yoast_head":"<!-- This site is optimized with the Yoast SEO plugin v27.3 - https:\/\/yoast.com\/product\/yoast-seo-wordpress\/ -->\n<title>Shampooing liquide \u2013 chien chat V\u00e9topop - V\u00e9torino<\/title>\n<meta name=\"description\" content=\"Shampoing physiologique\u00a0pour chiens et chats, riche en substances naturelles,\u00a0favorise l\u2019hydratation et la brillance du poil.  \u00c0 base\u00a0d\u2019ingr\u00e9dients naturels, la formule\u00a0\u00e0 l\u2019aloe vera et au th\u00e9 vert\u00a0a sp\u00e9cifiquement \u00e9t\u00e9 \u00e9labor\u00e9e\u00a0pour s\u2019adapter \u00e0 la peau de l\u2019animal.\u00a0\" \/>\n<meta name=\"robots\" content=\"noindex, nofollow\" \/>\n<meta property=\"og:locale\" content=\"fr_FR\" \/>\n<meta property=\"og:type\" content=\"article\" \/>\n<meta property=\"og:title\" content=\"Shampooing liquide \u2013 chien chat V\u00e9topop - V\u00e9torino\" \/>\n<meta property=\"og:description\" content=\"Shampoing physiologique\u00a0pour chiens et chats, riche en substances naturelles,\u00a0favorise l\u2019hydratation et la brillance du poil.  \u00c0 base\u00a0d\u2019ingr\u00e9dients naturels, la formule\u00a0\u00e0 l\u2019aloe vera et au th\u00e9 vert\u00a0a sp\u00e9cifiquement \u00e9t\u00e9 \u00e9labor\u00e9e\u00a0pour s\u2019adapter \u00e0 la peau de l\u2019animal.\u00a0\" \/>\n<meta property=\"og:url\" content=\"https:\/\/www.vetorino.com\/veterinaire\/ustaritz-64480\/boutique\/product\/shampooing-doux-vetopop\/\" \/>\n<meta property=\"og:site_name\" content=\"V\u00e9torino\" \/>\n<meta property=\"article:publisher\" content=\"https:\/\/www.facebook.com\/Vetorino\/\" \/>\n<meta property=\"article:modified_time\" content=\"2025-08-11T09:56:00+00:00\" \/>\n<meta property=\"og:image\" content=\"https:\/\/www.vetorino.com\/boutique\/wp-content\/uploads\/2023\/04\/shampoing-doux-chien-et-chat.webp\" \/>\n\t<meta property=\"og:image:width\" content=\"800\" \/>\n\t<meta property=\"og:image:height\" content=\"800\" \/>\n\t<meta property=\"og:image:type\" content=\"image\/webp\" \/>\n<meta name=\"twitter:card\" content=\"summary_large_image\" \/>\n<meta name=\"twitter:label1\" content=\"Prix\" \/>\n\t<meta name=\"twitter:data1\" content=\"17,26&euro;\" \/>\n\t<meta name=\"twitter:label2\" content=\"Disponibilit\u00e9\" \/>\n\t<meta name=\"twitter:data2\" content=\"Rupture de stock\" \/>\n<script type=\"application\/ld+json\" class=\"yoast-schema-graph\">{\"@context\":\"https:\\\/\\\/schema.org\",\"@graph\":[{\"@type\":\"WebPage\",\"@id\":\"https:\\\/\\\/www.vetorino.com\\\/veterinaire\\\/pontarlier-25300\\\/boutique\\\/product\\\/shampooing-doux-vetopop\\\/\",\"url\":\"https:\\\/\\\/www.vetorino.com\\\/veterinaire\\\/pontarlier-25300\\\/boutique\\\/product\\\/shampooing-doux-vetopop\\\/\",\"name\":\"Shampooing liquide \u2013 chien chat V\u00e9topop - V\u00e9torino\",\"isPartOf\":{\"@id\":\"https:\\\/\\\/www.vetorino.com\\\/boutique\\\/#website\"},\"primaryImageOfPage\":{\"@id\":\"https:\\\/\\\/www.vetorino.com\\\/veterinaire\\\/pontarlier-25300\\\/boutique\\\/product\\\/shampooing-doux-vetopop\\\/#primaryimage\"},\"image\":{\"@id\":\"https:\\\/\\\/www.vetorino.com\\\/veterinaire\\\/pontarlier-25300\\\/boutique\\\/product\\\/shampooing-doux-vetopop\\\/#primaryimage\"},\"thumbnailUrl\":\"https:\\\/\\\/www.vetorino.com\\\/boutique\\\/wp-content\\\/uploads\\\/2023\\\/04\\\/shampoing-doux-chien-et-chat.webp\",\"datePublished\":\"2022-11-18T19:35:05+00:00\",\"dateModified\":\"2025-08-11T09:56:00+00:00\",\"description\":\"Shampoing physiologique\u00a0pour chiens et chats, riche en substances naturelles,\u00a0favorise l\u2019hydratation et la brillance du poil. \u00c0 base\u00a0d\u2019ingr\u00e9dients naturels, la formule\u00a0\u00e0 l\u2019aloe vera et au th\u00e9 vert\u00a0a sp\u00e9cifiquement \u00e9t\u00e9 \u00e9labor\u00e9e\u00a0pour s\u2019adapter \u00e0 la peau de l\u2019animal.\u00a0\",\"breadcrumb\":{\"@id\":\"https:\\\/\\\/www.vetorino.com\\\/veterinaire\\\/pontarlier-25300\\\/boutique\\\/product\\\/shampooing-doux-vetopop\\\/#breadcrumb\"},\"inLanguage\":\"fr-FR\",\"potentialAction\":[{\"@type\":\"ReadAction\",\"target\":[\"https:\\\/\\\/www.vetorino.com\\\/veterinaire\\\/pontarlier-25300\\\/boutique\\\/product\\\/shampooing-doux-vetopop\\\/\"]}]},{\"@type\":\"ImageObject\",\"inLanguage\":\"fr-FR\",\"@id\":\"https:\\\/\\\/www.vetorino.com\\\/veterinaire\\\/pontarlier-25300\\\/boutique\\\/product\\\/shampooing-doux-vetopop\\\/#primaryimage\",\"url\":\"https:\\\/\\\/www.vetorino.com\\\/boutique\\\/wp-content\\\/uploads\\\/2023\\\/04\\\/shampoing-doux-chien-et-chat.webp\",\"contentUrl\":\"https:\\\/\\\/www.vetorino.com\\\/boutique\\\/wp-content\\\/uploads\\\/2023\\\/04\\\/shampoing-doux-chien-et-chat.webp\",\"width\":800,\"height\":800},{\"@type\":\"BreadcrumbList\",\"@id\":\"https:\\\/\\\/www.vetorino.com\\\/veterinaire\\\/pontarlier-25300\\\/boutique\\\/product\\\/shampooing-doux-vetopop\\\/#breadcrumb\",\"itemListElement\":[{\"@type\":\"ListItem\",\"position\":1,\"name\":\"Accueil\",\"item\":\"https:\\\/\\\/www.vetorino.com\\\/boutique\\\/\"},{\"@type\":\"ListItem\",\"position\":2,\"name\":\"Produits\",\"item\":\"https:\\\/\\\/www.vetorino.com\\\/boutique\\\/\"},{\"@type\":\"ListItem\",\"position\":3,\"name\":\"Shampooing liquide \u2013 chien chat\"}]},{\"@type\":\"WebSite\",\"@id\":\"https:\\\/\\\/www.vetorino.com\\\/boutique\\\/#website\",\"url\":\"https:\\\/\\\/www.vetorino.com\\\/boutique\\\/\",\"name\":\"V\u00e9torino\",\"description\":\"\",\"publisher\":{\"@id\":\"https:\\\/\\\/www.vetorino.com\\\/boutique\\\/#organization\"},\"potentialAction\":[{\"@type\":\"SearchAction\",\"target\":{\"@type\":\"EntryPoint\",\"urlTemplate\":\"https:\\\/\\\/www.vetorino.com\\\/boutique\\\/?s={search_term_string}\"},\"query-input\":{\"@type\":\"PropertyValueSpecification\",\"valueRequired\":true,\"valueName\":\"search_term_string\"}}],\"inLanguage\":\"fr-FR\"},{\"@type\":\"Organization\",\"@id\":\"https:\\\/\\\/www.vetorino.com\\\/boutique\\\/#organization\",\"name\":\"V\u00e9torino\",\"url\":\"https:\\\/\\\/www.vetorino.com\\\/boutique\\\/\",\"logo\":{\"@type\":\"ImageObject\",\"inLanguage\":\"fr-FR\",\"@id\":\"https:\\\/\\\/www.vetorino.com\\\/boutique\\\/#\\\/schema\\\/logo\\\/image\\\/\",\"url\":\"https:\\\/\\\/www.vetorino.com\\\/boutique\\\/wp-content\\\/uploads\\\/2024\\\/10\\\/logo.jpg\",\"contentUrl\":\"https:\\\/\\\/www.vetorino.com\\\/boutique\\\/wp-content\\\/uploads\\\/2024\\\/10\\\/logo.jpg\",\"width\":1200,\"height\":610,\"caption\":\"V\u00e9torino\"},\"image\":{\"@id\":\"https:\\\/\\\/www.vetorino.com\\\/boutique\\\/#\\\/schema\\\/logo\\\/image\\\/\"},\"sameAs\":[\"https:\\\/\\\/www.facebook.com\\\/Vetorino\\\/\",\"https:\\\/\\\/www.instagram.com\\\/vetorino_off\\\/\",\"https:\\\/\\\/www.linkedin.com\\\/company\\\/vtorino\\\/\"]}]}<\/script>\n<meta property=\"product:brand\" content=\"V\u00e9topop\" \/>\n<meta property=\"product:price:amount\" content=\"17.26\" \/>\n<meta property=\"product:price:currency\" content=\"EUR\" \/>\n<meta property=\"og:availability\" content=\"out of stock\" \/>\n<meta property=\"product:availability\" content=\"out of stock\" \/>\n<meta property=\"product:retailer_item_id\" content=\"A-1131620\" \/>\n<meta property=\"product:condition\" content=\"new\" \/>\n<!-- \/ Yoast SEO plugin. -->","yoast_head_json":{"title":"Shampooing liquide \u2013 chien chat V\u00e9topop - V\u00e9torino","description":"Shampoing physiologique\u00a0pour chiens et chats, riche en substances naturelles,\u00a0favorise l\u2019hydratation et la brillance du poil.  \u00c0 base\u00a0d\u2019ingr\u00e9dients naturels, la formule\u00a0\u00e0 l\u2019aloe vera et au th\u00e9 vert\u00a0a sp\u00e9cifiquement \u00e9t\u00e9 \u00e9labor\u00e9e\u00a0pour s\u2019adapter \u00e0 la peau de l\u2019animal.\u00a0","robots":{"index":"noindex","follow":"nofollow"},"og_locale":"fr_FR","og_type":"article","og_title":"Shampooing liquide \u2013 chien chat V\u00e9topop - V\u00e9torino","og_description":"Shampoing physiologique\u00a0pour chiens et chats, riche en substances naturelles,\u00a0favorise l\u2019hydratation et la brillance du poil.  \u00c0 base\u00a0d\u2019ingr\u00e9dients naturels, la formule\u00a0\u00e0 l\u2019aloe vera et au th\u00e9 vert\u00a0a sp\u00e9cifiquement \u00e9t\u00e9 \u00e9labor\u00e9e\u00a0pour s\u2019adapter \u00e0 la peau de l\u2019animal.\u00a0","og_url":"https:\/\/www.vetorino.com\/veterinaire\/ustaritz-64480\/boutique\/product\/shampooing-doux-vetopop\/","og_site_name":"V\u00e9torino","article_publisher":"https:\/\/www.facebook.com\/Vetorino\/","article_modified_time":"2025-08-11T09:56:00+00:00","og_image":[{"width":800,"height":800,"url":"https:\/\/www.vetorino.com\/boutique\/wp-content\/uploads\/2023\/04\/shampoing-doux-chien-et-chat.webp","type":"image\/webp"}],"twitter_card":"summary_large_image","twitter_misc":{"Prix":"17,26&euro;","Disponibilit\u00e9":"Rupture de stock"},"schema":{"@context":"https:\/\/schema.org","@graph":[{"@type":"WebPage","@id":"https:\/\/www.vetorino.com\/veterinaire\/pontarlier-25300\/boutique\/product\/shampooing-doux-vetopop\/","url":"https:\/\/www.vetorino.com\/veterinaire\/pontarlier-25300\/boutique\/product\/shampooing-doux-vetopop\/","name":"Shampooing liquide \u2013 chien chat V\u00e9topop - V\u00e9torino","isPartOf":{"@id":"https:\/\/www.vetorino.com\/boutique\/#website"},"primaryImageOfPage":{"@id":"https:\/\/www.vetorino.com\/veterinaire\/pontarlier-25300\/boutique\/product\/shampooing-doux-vetopop\/#primaryimage"},"image":{"@id":"https:\/\/www.vetorino.com\/veterinaire\/pontarlier-25300\/boutique\/product\/shampooing-doux-vetopop\/#primaryimage"},"thumbnailUrl":"https:\/\/www.vetorino.com\/boutique\/wp-content\/uploads\/2023\/04\/shampoing-doux-chien-et-chat.webp","datePublished":"2022-11-18T19:35:05+00:00","dateModified":"2025-08-11T09:56:00+00:00","description":"Shampoing physiologique\u00a0pour chiens et chats, riche en substances naturelles,\u00a0favorise l\u2019hydratation et la brillance du poil. \u00c0 base\u00a0d\u2019ingr\u00e9dients naturels, la formule\u00a0\u00e0 l\u2019aloe vera et au th\u00e9 vert\u00a0a sp\u00e9cifiquement \u00e9t\u00e9 \u00e9labor\u00e9e\u00a0pour s\u2019adapter \u00e0 la peau de l\u2019animal.\u00a0","breadcrumb":{"@id":"https:\/\/www.vetorino.com\/veterinaire\/pontarlier-25300\/boutique\/product\/shampooing-doux-vetopop\/#breadcrumb"},"inLanguage":"fr-FR","potentialAction":[{"@type":"ReadAction","target":["https:\/\/www.vetorino.com\/veterinaire\/pontarlier-25300\/boutique\/product\/shampooing-doux-vetopop\/"]}]},{"@type":"ImageObject","inLanguage":"fr-FR","@id":"https:\/\/www.vetorino.com\/veterinaire\/pontarlier-25300\/boutique\/product\/shampooing-doux-vetopop\/#primaryimage","url":"https:\/\/www.vetorino.com\/boutique\/wp-content\/uploads\/2023\/04\/shampoing-doux-chien-et-chat.webp","contentUrl":"https:\/\/www.vetorino.com\/boutique\/wp-content\/uploads\/2023\/04\/shampoing-doux-chien-et-chat.webp","width":800,"height":800},{"@type":"BreadcrumbList","@id":"https:\/\/www.vetorino.com\/veterinaire\/pontarlier-25300\/boutique\/product\/shampooing-doux-vetopop\/#breadcrumb","itemListElement":[{"@type":"ListItem","position":1,"name":"Accueil","item":"https:\/\/www.vetorino.com\/boutique\/"},{"@type":"ListItem","position":2,"name":"Produits","item":"https:\/\/www.vetorino.com\/boutique\/"},{"@type":"ListItem","position":3,"name":"Shampooing liquide \u2013 chien chat"}]},{"@type":"WebSite","@id":"https:\/\/www.vetorino.com\/boutique\/#website","url":"https:\/\/www.vetorino.com\/boutique\/","name":"V\u00e9torino","description":"","publisher":{"@id":"https:\/\/www.vetorino.com\/boutique\/#organization"},"potentialAction":[{"@type":"SearchAction","target":{"@type":"EntryPoint","urlTemplate":"https:\/\/www.vetorino.com\/boutique\/?s={search_term_string}"},"query-input":{"@type":"PropertyValueSpecification","valueRequired":true,"valueName":"search_term_string"}}],"inLanguage":"fr-FR"},{"@type":"Organization","@id":"https:\/\/www.vetorino.com\/boutique\/#organization","name":"V\u00e9torino","url":"https:\/\/www.vetorino.com\/boutique\/","logo":{"@type":"ImageObject","inLanguage":"fr-FR","@id":"https:\/\/www.vetorino.com\/boutique\/#\/schema\/logo\/image\/","url":"https:\/\/www.vetorino.com\/boutique\/wp-content\/uploads\/2024\/10\/logo.jpg","contentUrl":"https:\/\/www.vetorino.com\/boutique\/wp-content\/uploads\/2024\/10\/logo.jpg","width":1200,"height":610,"caption":"V\u00e9torino"},"image":{"@id":"https:\/\/www.vetorino.com\/boutique\/#\/schema\/logo\/image\/"},"sameAs":["https:\/\/www.facebook.com\/Vetorino\/","https:\/\/www.instagram.com\/vetorino_off\/","https:\/\/www.linkedin.com\/company\/vtorino\/"]}]},"product_brand":"V\u00e9topop","product_price_amount":"17.26","product_price_currency":"EUR","og_availability":"out of stock","product_availability":"out of stock","product_retailer_item_id":"A-1131620","product_condition":"new"},"_links":{"self":[{"href":"https:\/\/www.vetorino.com\/veterinaire\/ustaritz-64480\/boutique\/wp-json\/wp\/v2\/product\/508855","targetHints":{"allow":["GET"]}}],"collection":[{"href":"https:\/\/www.vetorino.com\/veterinaire\/ustaritz-64480\/boutique\/wp-json\/wp\/v2\/product"}],"about":[{"href":"https:\/\/www.vetorino.com\/veterinaire\/ustaritz-64480\/boutique\/wp-json\/wp\/v2\/types\/product"}],"wp:featuredmedia":[{"embeddable":true,"href":"https:\/\/www.vetorino.com\/veterinaire\/ustaritz-64480\/boutique\/wp-json\/wp\/v2\/media\/1447943"}],"wp:attachment":[{"href":"https:\/\/www.vetorino.com\/veterinaire\/ustaritz-64480\/boutique\/wp-json\/wp\/v2\/media?parent=508855"}],"wp:term":[{"taxonomy":"product_cat","embeddable":true,"href":"https:\/\/www.vetorino.com\/veterinaire\/ustaritz-64480\/boutique\/wp-json\/wp\/v2\/product_cat?post=508855"},{"taxonomy":"product_tag","embeddable":true,"href":"https:\/\/www.vetorino.com\/veterinaire\/ustaritz-64480\/boutique\/wp-json\/wp\/v2\/product_tag?post=508855"}],"curies":[{"name":"wp","href":"https:\/\/api.w.org\/{rel}","templated":true}]}}