{"id":508872,"date":"2022-11-18T20:35:47","date_gmt":"2022-11-18T19:35:47","guid":{"rendered":"https:\/\/www.vetorino.com\/boutique\/product\/ultra-silk\/"},"modified":"2024-06-17T15:36:32","modified_gmt":"2024-06-17T13:36:32","slug":"ultra-silk","status":"publish","type":"product","link":"https:\/\/www.vetorino.com\/veterinaire\/ustaritz-64480\/boutique\/product\/ultra-silk\/","title":{"rendered":"Ultra silk"},"content":{"rendered":"<p><strong>Pourquoi choisir la cr\u00e8me apr\u00e8s-shampooing Ultra Silk de chez Miloa ?<\/strong><\/p>\n<p>Ultra Silk de chez Miloa est une\u00a0<strong>cr\u00e8me de soin apr\u00e8s-shampooing hydratante, gainante et d\u00e9m\u00ealante<\/strong>\u00a0qui conviendra parfaitement \u00e0 tout type de pelage y compris les plus sensibles. Douce pour la peau de votre compagnon, cette cr\u00e8me de soin \u00e0 l&#8217;huile de noix de coco contient des extraits d&#8217;algues marines qui permettront aux poils de vos animaux de retrouver \u00e9clat et brillance.<\/p>\n<p>Ultra Silk nourrit en profondeur et permet un<strong>\u00a0d\u00e9m\u00ealage facile<\/strong>\u00a0ce qui vous facilitera l&#8217;\u00e9tape du toilettage et des soins de votre boule de poils.<\/p>\n<h4>Les plus de ce produit :<\/h4>\n<ul>\n<li>Sans parab\u00e8ne<\/li>\n<li>Sans laureth sulfate<\/li>\n<li><strong>Doux pour la peau<\/strong><\/li>\n<\/ul>\n<p><em>94 % de composants naturels<\/em><\/p>\n","protected":false},"excerpt":{"rendered":"<p>Ultra Silk de Miloa est une cr\u00e8me apr\u00e8s-shampooing qui facilitera le toilettage de votre compagnon. Nourrissant, hydratant et d\u00e9m\u00ealant il sera id\u00e9al pour faciliter le brossage de vos animaux \u00e0 poils longs et leur donner un coup d&#8217;\u00e9clat.<\/p>\n","protected":false},"featured_media":690977,"template":"","meta":[],"product_cat":[12573,2761,2697,2698,12611,12612,12560,12561],"product_tag":[],"class_list":{"0":"post-508872","1":"product","2":"type-product","3":"status-publish","4":"has-post-thumbnail","6":"product_cat-accessoire-pour-lhygiene-du-chien","7":"product_cat-accessoires-de-toilettage-pour-chat","8":"product_cat-chat","9":"product_cat-chien","10":"product_cat-hygiene-de-la-peau-et-du-pelage-du-chat","11":"product_cat-hygiene-de-la-peau-et-du-pelage-du-chien","12":"product_cat-hygiene-du-chat","13":"product_cat-hygiene-du-chien","14":"pa_marque-miloa","16":"first","17":"instock","18":"taxable","19":"shipping-taxable","20":"purchasable","21":"product-type-variable"},"yoast_head":"<!-- This site is optimized with the Yoast SEO plugin v27.3 - https:\/\/yoast.com\/product\/yoast-seo-wordpress\/ -->\n<title>Ultra silk Miloa - V\u00e9torino<\/title>\n<meta name=\"description\" content=\"Ultra Silk de Miloa est une cr\u00e8me apr\u00e8s-shampooing qui facilitera le toilettage de votre compagnon. Nourrissant, hydratant et d\u00e9m\u00ealant il sera id\u00e9al pour faciliter le brossage de vos animaux \u00e0 poils longs et leur donner un coup d&#039;\u00e9clat.\" \/>\n<meta name=\"robots\" content=\"noindex, nofollow\" \/>\n<meta property=\"og:locale\" content=\"fr_FR\" \/>\n<meta property=\"og:type\" content=\"article\" \/>\n<meta property=\"og:title\" content=\"Ultra silk Miloa - V\u00e9torino\" \/>\n<meta property=\"og:description\" content=\"Ultra Silk de Miloa est une cr\u00e8me apr\u00e8s-shampooing qui facilitera le toilettage de votre compagnon. Nourrissant, hydratant et d\u00e9m\u00ealant il sera id\u00e9al pour faciliter le brossage de vos animaux \u00e0 poils longs et leur donner un coup d&#039;\u00e9clat.\" \/>\n<meta property=\"og:url\" content=\"https:\/\/www.vetorino.com\/veterinaire\/ustaritz-64480\/boutique\/product\/ultra-silk\/\" \/>\n<meta property=\"og:site_name\" content=\"V\u00e9torino\" \/>\n<meta property=\"article:publisher\" content=\"https:\/\/www.facebook.com\/Vetorino\/\" \/>\n<meta property=\"article:modified_time\" content=\"2024-06-17T13:36:32+00:00\" \/>\n<meta property=\"og:image\" content=\"https:\/\/www.vetorino.com\/boutique\/wp-content\/uploads\/2022\/11\/miloa_ultra_silk.jpg\" \/>\n\t<meta property=\"og:image:width\" content=\"700\" \/>\n\t<meta property=\"og:image:height\" content=\"700\" \/>\n\t<meta property=\"og:image:type\" content=\"image\/jpeg\" \/>\n<meta name=\"twitter:card\" content=\"summary_large_image\" \/>\n<meta name=\"twitter:label1\" content=\"Disponibilit\u00e9\" \/>\n\t<meta name=\"twitter:data1\" content=\"En stock\" \/>\n<script type=\"application\/ld+json\" class=\"yoast-schema-graph\">{\"@context\":\"https:\\\/\\\/schema.org\",\"@graph\":[{\"@type\":\"WebPage\",\"@id\":\"https:\\\/\\\/www.vetorino.com\\\/boutique\\\/product\\\/ultra-silk\\\/\",\"url\":\"https:\\\/\\\/www.vetorino.com\\\/boutique\\\/product\\\/ultra-silk\\\/\",\"name\":\"Ultra silk Miloa - V\u00e9torino\",\"isPartOf\":{\"@id\":\"https:\\\/\\\/www.vetorino.com\\\/boutique\\\/#website\"},\"primaryImageOfPage\":{\"@id\":\"https:\\\/\\\/www.vetorino.com\\\/boutique\\\/product\\\/ultra-silk\\\/#primaryimage\"},\"image\":{\"@id\":\"https:\\\/\\\/www.vetorino.com\\\/boutique\\\/product\\\/ultra-silk\\\/#primaryimage\"},\"thumbnailUrl\":\"https:\\\/\\\/www.vetorino.com\\\/boutique\\\/wp-content\\\/uploads\\\/2022\\\/11\\\/miloa_ultra_silk.jpg\",\"datePublished\":\"2022-11-18T19:35:47+00:00\",\"dateModified\":\"2024-06-17T13:36:32+00:00\",\"description\":\"Ultra Silk de Miloa est une cr\u00e8me apr\u00e8s-shampooing qui facilitera le toilettage de votre compagnon. Nourrissant, hydratant et d\u00e9m\u00ealant il sera id\u00e9al pour faciliter le brossage de vos animaux \u00e0 poils longs et leur donner un coup d'\u00e9clat.\",\"breadcrumb\":{\"@id\":\"https:\\\/\\\/www.vetorino.com\\\/boutique\\\/product\\\/ultra-silk\\\/#breadcrumb\"},\"inLanguage\":\"fr-FR\",\"potentialAction\":[{\"@type\":\"ReadAction\",\"target\":[\"https:\\\/\\\/www.vetorino.com\\\/boutique\\\/product\\\/ultra-silk\\\/\"]}]},{\"@type\":\"ImageObject\",\"inLanguage\":\"fr-FR\",\"@id\":\"https:\\\/\\\/www.vetorino.com\\\/boutique\\\/product\\\/ultra-silk\\\/#primaryimage\",\"url\":\"https:\\\/\\\/www.vetorino.com\\\/boutique\\\/wp-content\\\/uploads\\\/2022\\\/11\\\/miloa_ultra_silk.jpg\",\"contentUrl\":\"https:\\\/\\\/www.vetorino.com\\\/boutique\\\/wp-content\\\/uploads\\\/2022\\\/11\\\/miloa_ultra_silk.jpg\",\"width\":700,\"height\":700},{\"@type\":\"BreadcrumbList\",\"@id\":\"https:\\\/\\\/www.vetorino.com\\\/boutique\\\/product\\\/ultra-silk\\\/#breadcrumb\",\"itemListElement\":[{\"@type\":\"ListItem\",\"position\":1,\"name\":\"Accueil\",\"item\":\"https:\\\/\\\/www.vetorino.com\\\/boutique\\\/\"},{\"@type\":\"ListItem\",\"position\":2,\"name\":\"Produits\",\"item\":\"https:\\\/\\\/www.vetorino.com\\\/boutique\\\/\"},{\"@type\":\"ListItem\",\"position\":3,\"name\":\"Ultra silk\"}]},{\"@type\":\"WebSite\",\"@id\":\"https:\\\/\\\/www.vetorino.com\\\/boutique\\\/#website\",\"url\":\"https:\\\/\\\/www.vetorino.com\\\/boutique\\\/\",\"name\":\"V\u00e9torino\",\"description\":\"\",\"publisher\":{\"@id\":\"https:\\\/\\\/www.vetorino.com\\\/boutique\\\/#organization\"},\"potentialAction\":[{\"@type\":\"SearchAction\",\"target\":{\"@type\":\"EntryPoint\",\"urlTemplate\":\"https:\\\/\\\/www.vetorino.com\\\/boutique\\\/?s={search_term_string}\"},\"query-input\":{\"@type\":\"PropertyValueSpecification\",\"valueRequired\":true,\"valueName\":\"search_term_string\"}}],\"inLanguage\":\"fr-FR\"},{\"@type\":\"Organization\",\"@id\":\"https:\\\/\\\/www.vetorino.com\\\/boutique\\\/#organization\",\"name\":\"V\u00e9torino\",\"url\":\"https:\\\/\\\/www.vetorino.com\\\/boutique\\\/\",\"logo\":{\"@type\":\"ImageObject\",\"inLanguage\":\"fr-FR\",\"@id\":\"https:\\\/\\\/www.vetorino.com\\\/boutique\\\/#\\\/schema\\\/logo\\\/image\\\/\",\"url\":\"https:\\\/\\\/www.vetorino.com\\\/boutique\\\/wp-content\\\/uploads\\\/2024\\\/10\\\/logo.jpg\",\"contentUrl\":\"https:\\\/\\\/www.vetorino.com\\\/boutique\\\/wp-content\\\/uploads\\\/2024\\\/10\\\/logo.jpg\",\"width\":1200,\"height\":610,\"caption\":\"V\u00e9torino\"},\"image\":{\"@id\":\"https:\\\/\\\/www.vetorino.com\\\/boutique\\\/#\\\/schema\\\/logo\\\/image\\\/\"},\"sameAs\":[\"https:\\\/\\\/www.facebook.com\\\/Vetorino\\\/\",\"https:\\\/\\\/www.instagram.com\\\/vetorino_off\\\/\",\"https:\\\/\\\/www.linkedin.com\\\/company\\\/vtorino\\\/\"]}]}<\/script>\n<meta property=\"product:brand\" content=\"Miloa\" \/>\n<meta property=\"og:availability\" content=\"instock\" \/>\n<meta property=\"product:availability\" content=\"instock\" \/>\n<meta property=\"product:condition\" content=\"new\" \/>\n<!-- \/ Yoast SEO plugin. -->","yoast_head_json":{"title":"Ultra silk Miloa - V\u00e9torino","description":"Ultra Silk de Miloa est une cr\u00e8me apr\u00e8s-shampooing qui facilitera le toilettage de votre compagnon. Nourrissant, hydratant et d\u00e9m\u00ealant il sera id\u00e9al pour faciliter le brossage de vos animaux \u00e0 poils longs et leur donner un coup d'\u00e9clat.","robots":{"index":"noindex","follow":"nofollow"},"og_locale":"fr_FR","og_type":"article","og_title":"Ultra silk Miloa - V\u00e9torino","og_description":"Ultra Silk de Miloa est une cr\u00e8me apr\u00e8s-shampooing qui facilitera le toilettage de votre compagnon. Nourrissant, hydratant et d\u00e9m\u00ealant il sera id\u00e9al pour faciliter le brossage de vos animaux \u00e0 poils longs et leur donner un coup d'\u00e9clat.","og_url":"https:\/\/www.vetorino.com\/veterinaire\/ustaritz-64480\/boutique\/product\/ultra-silk\/","og_site_name":"V\u00e9torino","article_publisher":"https:\/\/www.facebook.com\/Vetorino\/","article_modified_time":"2024-06-17T13:36:32+00:00","og_image":[{"width":700,"height":700,"url":"https:\/\/www.vetorino.com\/boutique\/wp-content\/uploads\/2022\/11\/miloa_ultra_silk.jpg","type":"image\/jpeg"}],"twitter_card":"summary_large_image","twitter_misc":{"Disponibilit\u00e9":"En stock"},"schema":{"@context":"https:\/\/schema.org","@graph":[{"@type":"WebPage","@id":"https:\/\/www.vetorino.com\/boutique\/product\/ultra-silk\/","url":"https:\/\/www.vetorino.com\/boutique\/product\/ultra-silk\/","name":"Ultra silk Miloa - V\u00e9torino","isPartOf":{"@id":"https:\/\/www.vetorino.com\/boutique\/#website"},"primaryImageOfPage":{"@id":"https:\/\/www.vetorino.com\/boutique\/product\/ultra-silk\/#primaryimage"},"image":{"@id":"https:\/\/www.vetorino.com\/boutique\/product\/ultra-silk\/#primaryimage"},"thumbnailUrl":"https:\/\/www.vetorino.com\/boutique\/wp-content\/uploads\/2022\/11\/miloa_ultra_silk.jpg","datePublished":"2022-11-18T19:35:47+00:00","dateModified":"2024-06-17T13:36:32+00:00","description":"Ultra Silk de Miloa est une cr\u00e8me apr\u00e8s-shampooing qui facilitera le toilettage de votre compagnon. Nourrissant, hydratant et d\u00e9m\u00ealant il sera id\u00e9al pour faciliter le brossage de vos animaux \u00e0 poils longs et leur donner un coup d'\u00e9clat.","breadcrumb":{"@id":"https:\/\/www.vetorino.com\/boutique\/product\/ultra-silk\/#breadcrumb"},"inLanguage":"fr-FR","potentialAction":[{"@type":"ReadAction","target":["https:\/\/www.vetorino.com\/boutique\/product\/ultra-silk\/"]}]},{"@type":"ImageObject","inLanguage":"fr-FR","@id":"https:\/\/www.vetorino.com\/boutique\/product\/ultra-silk\/#primaryimage","url":"https:\/\/www.vetorino.com\/boutique\/wp-content\/uploads\/2022\/11\/miloa_ultra_silk.jpg","contentUrl":"https:\/\/www.vetorino.com\/boutique\/wp-content\/uploads\/2022\/11\/miloa_ultra_silk.jpg","width":700,"height":700},{"@type":"BreadcrumbList","@id":"https:\/\/www.vetorino.com\/boutique\/product\/ultra-silk\/#breadcrumb","itemListElement":[{"@type":"ListItem","position":1,"name":"Accueil","item":"https:\/\/www.vetorino.com\/boutique\/"},{"@type":"ListItem","position":2,"name":"Produits","item":"https:\/\/www.vetorino.com\/boutique\/"},{"@type":"ListItem","position":3,"name":"Ultra silk"}]},{"@type":"WebSite","@id":"https:\/\/www.vetorino.com\/boutique\/#website","url":"https:\/\/www.vetorino.com\/boutique\/","name":"V\u00e9torino","description":"","publisher":{"@id":"https:\/\/www.vetorino.com\/boutique\/#organization"},"potentialAction":[{"@type":"SearchAction","target":{"@type":"EntryPoint","urlTemplate":"https:\/\/www.vetorino.com\/boutique\/?s={search_term_string}"},"query-input":{"@type":"PropertyValueSpecification","valueRequired":true,"valueName":"search_term_string"}}],"inLanguage":"fr-FR"},{"@type":"Organization","@id":"https:\/\/www.vetorino.com\/boutique\/#organization","name":"V\u00e9torino","url":"https:\/\/www.vetorino.com\/boutique\/","logo":{"@type":"ImageObject","inLanguage":"fr-FR","@id":"https:\/\/www.vetorino.com\/boutique\/#\/schema\/logo\/image\/","url":"https:\/\/www.vetorino.com\/boutique\/wp-content\/uploads\/2024\/10\/logo.jpg","contentUrl":"https:\/\/www.vetorino.com\/boutique\/wp-content\/uploads\/2024\/10\/logo.jpg","width":1200,"height":610,"caption":"V\u00e9torino"},"image":{"@id":"https:\/\/www.vetorino.com\/boutique\/#\/schema\/logo\/image\/"},"sameAs":["https:\/\/www.facebook.com\/Vetorino\/","https:\/\/www.instagram.com\/vetorino_off\/","https:\/\/www.linkedin.com\/company\/vtorino\/"]}]},"product_brand":"Miloa","og_availability":"instock","product_availability":"instock","product_condition":"new"},"_links":{"self":[{"href":"https:\/\/www.vetorino.com\/veterinaire\/ustaritz-64480\/boutique\/wp-json\/wp\/v2\/product\/508872","targetHints":{"allow":["GET"]}}],"collection":[{"href":"https:\/\/www.vetorino.com\/veterinaire\/ustaritz-64480\/boutique\/wp-json\/wp\/v2\/product"}],"about":[{"href":"https:\/\/www.vetorino.com\/veterinaire\/ustaritz-64480\/boutique\/wp-json\/wp\/v2\/types\/product"}],"wp:featuredmedia":[{"embeddable":true,"href":"https:\/\/www.vetorino.com\/veterinaire\/ustaritz-64480\/boutique\/wp-json\/wp\/v2\/media\/690977"}],"wp:attachment":[{"href":"https:\/\/www.vetorino.com\/veterinaire\/ustaritz-64480\/boutique\/wp-json\/wp\/v2\/media?parent=508872"}],"wp:term":[{"taxonomy":"product_cat","embeddable":true,"href":"https:\/\/www.vetorino.com\/veterinaire\/ustaritz-64480\/boutique\/wp-json\/wp\/v2\/product_cat?post=508872"},{"taxonomy":"product_tag","embeddable":true,"href":"https:\/\/www.vetorino.com\/veterinaire\/ustaritz-64480\/boutique\/wp-json\/wp\/v2\/product_tag?post=508872"}],"curies":[{"name":"wp","href":"https:\/\/api.w.org\/{rel}","templated":true}]}}