{"id":520557,"date":"2022-12-08T10:13:49","date_gmt":"2022-12-08T09:13:49","guid":{"rendered":"https:\/\/www.vetorino.com\/boutique\/product\/coupe-griffes-chat-anah\/"},"modified":"2023-04-07T14:52:39","modified_gmt":"2023-04-07T12:52:39","slug":"coupe-griffes-chat-anah","status":"publish","type":"product","link":"https:\/\/www.vetorino.com\/veterinaire\/ustaritz-64480\/boutique\/product\/coupe-griffes-chat-anah\/","title":{"rendered":"Coupe-griffes chat Anah"},"content":{"rendered":"<p>Coupez\u00a0<strong>facilement\u00a0<\/strong>et en toute\u00a0<strong>s\u00e9curit\u00e9\u00a0<\/strong>les griffes de votre chat avec le\u00a0<strong>coupe-griffes Anah<\/strong>\u00a0!<\/p>\n<p>Ce coupe-griffes permet une coupe\u00a0<strong>nette<\/strong>,\u00a0<strong>pr\u00e9cise et s\u00e9curis\u00e9e<\/strong>\u00a0gr\u00e2ce au\u00a0<strong>cran de suret\u00e9<\/strong>\u00a0pour ne pas couper la griffe trop courte. Les lames sont en acier inoxydable.<\/p>\n<p>De plus, la poign\u00e9e du coupe-griffes est\u00a0<strong>antid\u00e9rapante\u00a0<\/strong>et\u00a0<strong>ergonomique\u00a0<\/strong>pour faciliter\u00a0sa prise en main et sa manipulation.<\/p>\n<p>Disponible en 2 tailles :<\/p>\n<ul>\n<li>T.S, adapt\u00e9 aux petits chats : L 10,5 x l 7 x h 0,8 cm<\/li>\n<li>T.M, adapt\u00e9 aux moyens et grands chats : L 15 x l 7,5 x 0,8 cm<\/li>\n<\/ul>\n<p>La gamme de brosses Anah de Zolux respecte une\u00a0<strong>d\u00e9marche \u00e9co-responsable<\/strong>\u00a0de part la qualit\u00e9 des mat\u00e9riaux utilis\u00e9s pour assurer une durabilit\u00e9 aux produits, d&#8217;autre part, \u00a0la concepetion des emballages respecteuse de l&#8217;environnement (faciliter le recyclage notamment).<\/p>\n","protected":false},"excerpt":{"rendered":"<p>Coupez\u00a0<strong>facilement\u00a0<\/strong>et en toute\u00a0<strong>s\u00e9curit\u00e9\u00a0<\/strong>les griffes de votre chat avec le\u00a0<strong>coupe-griffes Anah<\/strong>\u00a0!<\/p>\n<p>Ce coupe-griffes permet une coupe\u00a0<strong>nette<\/strong>,\u00a0<strong>pr\u00e9cise et s\u00e9curis\u00e9e<\/strong>\u00a0gr\u00e2ce au\u00a0<strong>cran de suret\u00e9<\/strong>\u00a0pour ne pas couper la griffe trop courte. Les lames sont en acier inoxydable.<\/p>\n","protected":false},"featured_media":0,"template":"","meta":[],"product_cat":[12548,2697,12560],"product_tag":[],"class_list":{"0":"post-520557","1":"product","2":"type-product","3":"status-publish","5":"product_cat-accessoire-du-chat","6":"product_cat-chat","7":"product_cat-hygiene-du-chat","8":"pa_marque-zolux","10":"first","11":"instock","12":"taxable","13":"shipping-taxable","14":"purchasable","15":"product-type-variable"},"yoast_head":"<!-- This site is optimized with the Yoast SEO plugin v27.3 - https:\/\/yoast.com\/product\/yoast-seo-wordpress\/ -->\n<title>Coupe-griffes chat Anah Zolux - V\u00e9torino<\/title>\n<meta name=\"description\" content=\"Coupez\u00a0facilement\u00a0et en toute\u00a0s\u00e9curit\u00e9\u00a0les griffes de votre chat avec le\u00a0coupe-griffes Anah\u00a0!  Ce coupe-griffes permet une coupe\u00a0nette,\u00a0pr\u00e9cise et s\u00e9curis\u00e9e\u00a0gr\u00e2ce au\u00a0cran de suret\u00e9\u00a0pour ne pas couper la griffe trop courte. Les lames sont en acier inoxydable.\" \/>\n<meta name=\"robots\" content=\"noindex, nofollow\" \/>\n<meta property=\"og:locale\" content=\"fr_FR\" \/>\n<meta property=\"og:type\" content=\"article\" \/>\n<meta property=\"og:title\" content=\"Coupe-griffes chat Anah Zolux - V\u00e9torino\" \/>\n<meta property=\"og:description\" content=\"Coupez\u00a0facilement\u00a0et en toute\u00a0s\u00e9curit\u00e9\u00a0les griffes de votre chat avec le\u00a0coupe-griffes Anah\u00a0!  Ce coupe-griffes permet une coupe\u00a0nette,\u00a0pr\u00e9cise et s\u00e9curis\u00e9e\u00a0gr\u00e2ce au\u00a0cran de suret\u00e9\u00a0pour ne pas couper la griffe trop courte. Les lames sont en acier inoxydable.\" \/>\n<meta property=\"og:url\" content=\"https:\/\/www.vetorino.com\/veterinaire\/ustaritz-64480\/boutique\/product\/coupe-griffes-chat-anah\/\" \/>\n<meta property=\"og:site_name\" content=\"V\u00e9torino\" \/>\n<meta property=\"article:publisher\" content=\"https:\/\/www.facebook.com\/Vetorino\/\" \/>\n<meta property=\"article:modified_time\" content=\"2023-04-07T12:52:39+00:00\" \/>\n<meta property=\"og:image\" content=\"https:\/\/www.vetorino.com\/boutique\/wp-content\/uploads\/2020\/09\/logo-vetorino-1.png\" \/>\n\t<meta property=\"og:image:width\" content=\"539\" \/>\n\t<meta property=\"og:image:height\" content=\"224\" \/>\n\t<meta property=\"og:image:type\" content=\"image\/png\" \/>\n<meta name=\"twitter:card\" content=\"summary_large_image\" \/>\n<meta name=\"twitter:label1\" content=\"Disponibilit\u00e9\" \/>\n\t<meta name=\"twitter:data1\" content=\"En stock\" \/>\n<script type=\"application\/ld+json\" class=\"yoast-schema-graph\">{\"@context\":\"https:\\\/\\\/schema.org\",\"@graph\":[{\"@type\":\"WebPage\",\"@id\":\"https:\\\/\\\/www.vetorino.com\\\/boutique\\\/product\\\/coupe-griffes-chat-anah\\\/\",\"url\":\"https:\\\/\\\/www.vetorino.com\\\/boutique\\\/product\\\/coupe-griffes-chat-anah\\\/\",\"name\":\"Coupe-griffes chat Anah Zolux - V\u00e9torino\",\"isPartOf\":{\"@id\":\"https:\\\/\\\/www.vetorino.com\\\/boutique\\\/#website\"},\"datePublished\":\"2022-12-08T09:13:49+00:00\",\"dateModified\":\"2023-04-07T12:52:39+00:00\",\"description\":\"Coupez\u00a0facilement\u00a0et en toute\u00a0s\u00e9curit\u00e9\u00a0les griffes de votre chat avec le\u00a0coupe-griffes Anah\u00a0! Ce coupe-griffes permet une coupe\u00a0nette,\u00a0pr\u00e9cise et s\u00e9curis\u00e9e\u00a0gr\u00e2ce au\u00a0cran de suret\u00e9\u00a0pour ne pas couper la griffe trop courte. Les lames sont en acier inoxydable.\",\"breadcrumb\":{\"@id\":\"https:\\\/\\\/www.vetorino.com\\\/boutique\\\/product\\\/coupe-griffes-chat-anah\\\/#breadcrumb\"},\"inLanguage\":\"fr-FR\",\"potentialAction\":[{\"@type\":\"ReadAction\",\"target\":[\"https:\\\/\\\/www.vetorino.com\\\/boutique\\\/product\\\/coupe-griffes-chat-anah\\\/\"]}]},{\"@type\":\"BreadcrumbList\",\"@id\":\"https:\\\/\\\/www.vetorino.com\\\/boutique\\\/product\\\/coupe-griffes-chat-anah\\\/#breadcrumb\",\"itemListElement\":[{\"@type\":\"ListItem\",\"position\":1,\"name\":\"Accueil\",\"item\":\"https:\\\/\\\/www.vetorino.com\\\/boutique\\\/\"},{\"@type\":\"ListItem\",\"position\":2,\"name\":\"Produits\",\"item\":\"https:\\\/\\\/www.vetorino.com\\\/boutique\\\/\"},{\"@type\":\"ListItem\",\"position\":3,\"name\":\"Coupe-griffes chat Anah\"}]},{\"@type\":\"WebSite\",\"@id\":\"https:\\\/\\\/www.vetorino.com\\\/boutique\\\/#website\",\"url\":\"https:\\\/\\\/www.vetorino.com\\\/boutique\\\/\",\"name\":\"V\u00e9torino\",\"description\":\"\",\"publisher\":{\"@id\":\"https:\\\/\\\/www.vetorino.com\\\/boutique\\\/#organization\"},\"potentialAction\":[{\"@type\":\"SearchAction\",\"target\":{\"@type\":\"EntryPoint\",\"urlTemplate\":\"https:\\\/\\\/www.vetorino.com\\\/boutique\\\/?s={search_term_string}\"},\"query-input\":{\"@type\":\"PropertyValueSpecification\",\"valueRequired\":true,\"valueName\":\"search_term_string\"}}],\"inLanguage\":\"fr-FR\"},{\"@type\":\"Organization\",\"@id\":\"https:\\\/\\\/www.vetorino.com\\\/boutique\\\/#organization\",\"name\":\"V\u00e9torino\",\"url\":\"https:\\\/\\\/www.vetorino.com\\\/boutique\\\/\",\"logo\":{\"@type\":\"ImageObject\",\"inLanguage\":\"fr-FR\",\"@id\":\"https:\\\/\\\/www.vetorino.com\\\/boutique\\\/#\\\/schema\\\/logo\\\/image\\\/\",\"url\":\"https:\\\/\\\/www.vetorino.com\\\/boutique\\\/wp-content\\\/uploads\\\/2024\\\/10\\\/logo.jpg\",\"contentUrl\":\"https:\\\/\\\/www.vetorino.com\\\/boutique\\\/wp-content\\\/uploads\\\/2024\\\/10\\\/logo.jpg\",\"width\":1200,\"height\":610,\"caption\":\"V\u00e9torino\"},\"image\":{\"@id\":\"https:\\\/\\\/www.vetorino.com\\\/boutique\\\/#\\\/schema\\\/logo\\\/image\\\/\"},\"sameAs\":[\"https:\\\/\\\/www.facebook.com\\\/Vetorino\\\/\",\"https:\\\/\\\/www.instagram.com\\\/vetorino_off\\\/\",\"https:\\\/\\\/www.linkedin.com\\\/company\\\/vtorino\\\/\"]}]}<\/script>\n<meta property=\"product:brand\" content=\"Zolux\" \/>\n<meta property=\"og:availability\" content=\"instock\" \/>\n<meta property=\"product:availability\" content=\"instock\" \/>\n<meta property=\"product:condition\" content=\"new\" \/>\n<!-- \/ Yoast SEO plugin. -->","yoast_head_json":{"title":"Coupe-griffes chat Anah Zolux - V\u00e9torino","description":"Coupez\u00a0facilement\u00a0et en toute\u00a0s\u00e9curit\u00e9\u00a0les griffes de votre chat avec le\u00a0coupe-griffes Anah\u00a0!  Ce coupe-griffes permet une coupe\u00a0nette,\u00a0pr\u00e9cise et s\u00e9curis\u00e9e\u00a0gr\u00e2ce au\u00a0cran de suret\u00e9\u00a0pour ne pas couper la griffe trop courte. Les lames sont en acier inoxydable.","robots":{"index":"noindex","follow":"nofollow"},"og_locale":"fr_FR","og_type":"article","og_title":"Coupe-griffes chat Anah Zolux - V\u00e9torino","og_description":"Coupez\u00a0facilement\u00a0et en toute\u00a0s\u00e9curit\u00e9\u00a0les griffes de votre chat avec le\u00a0coupe-griffes Anah\u00a0!  Ce coupe-griffes permet une coupe\u00a0nette,\u00a0pr\u00e9cise et s\u00e9curis\u00e9e\u00a0gr\u00e2ce au\u00a0cran de suret\u00e9\u00a0pour ne pas couper la griffe trop courte. Les lames sont en acier inoxydable.","og_url":"https:\/\/www.vetorino.com\/veterinaire\/ustaritz-64480\/boutique\/product\/coupe-griffes-chat-anah\/","og_site_name":"V\u00e9torino","article_publisher":"https:\/\/www.facebook.com\/Vetorino\/","article_modified_time":"2023-04-07T12:52:39+00:00","og_image":[{"width":539,"height":224,"url":"https:\/\/www.vetorino.com\/boutique\/wp-content\/uploads\/2020\/09\/logo-vetorino-1.png","type":"image\/png"}],"twitter_card":"summary_large_image","twitter_misc":{"Disponibilit\u00e9":"En stock"},"schema":{"@context":"https:\/\/schema.org","@graph":[{"@type":"WebPage","@id":"https:\/\/www.vetorino.com\/boutique\/product\/coupe-griffes-chat-anah\/","url":"https:\/\/www.vetorino.com\/boutique\/product\/coupe-griffes-chat-anah\/","name":"Coupe-griffes chat Anah Zolux - V\u00e9torino","isPartOf":{"@id":"https:\/\/www.vetorino.com\/boutique\/#website"},"datePublished":"2022-12-08T09:13:49+00:00","dateModified":"2023-04-07T12:52:39+00:00","description":"Coupez\u00a0facilement\u00a0et en toute\u00a0s\u00e9curit\u00e9\u00a0les griffes de votre chat avec le\u00a0coupe-griffes Anah\u00a0! Ce coupe-griffes permet une coupe\u00a0nette,\u00a0pr\u00e9cise et s\u00e9curis\u00e9e\u00a0gr\u00e2ce au\u00a0cran de suret\u00e9\u00a0pour ne pas couper la griffe trop courte. Les lames sont en acier inoxydable.","breadcrumb":{"@id":"https:\/\/www.vetorino.com\/boutique\/product\/coupe-griffes-chat-anah\/#breadcrumb"},"inLanguage":"fr-FR","potentialAction":[{"@type":"ReadAction","target":["https:\/\/www.vetorino.com\/boutique\/product\/coupe-griffes-chat-anah\/"]}]},{"@type":"BreadcrumbList","@id":"https:\/\/www.vetorino.com\/boutique\/product\/coupe-griffes-chat-anah\/#breadcrumb","itemListElement":[{"@type":"ListItem","position":1,"name":"Accueil","item":"https:\/\/www.vetorino.com\/boutique\/"},{"@type":"ListItem","position":2,"name":"Produits","item":"https:\/\/www.vetorino.com\/boutique\/"},{"@type":"ListItem","position":3,"name":"Coupe-griffes chat Anah"}]},{"@type":"WebSite","@id":"https:\/\/www.vetorino.com\/boutique\/#website","url":"https:\/\/www.vetorino.com\/boutique\/","name":"V\u00e9torino","description":"","publisher":{"@id":"https:\/\/www.vetorino.com\/boutique\/#organization"},"potentialAction":[{"@type":"SearchAction","target":{"@type":"EntryPoint","urlTemplate":"https:\/\/www.vetorino.com\/boutique\/?s={search_term_string}"},"query-input":{"@type":"PropertyValueSpecification","valueRequired":true,"valueName":"search_term_string"}}],"inLanguage":"fr-FR"},{"@type":"Organization","@id":"https:\/\/www.vetorino.com\/boutique\/#organization","name":"V\u00e9torino","url":"https:\/\/www.vetorino.com\/boutique\/","logo":{"@type":"ImageObject","inLanguage":"fr-FR","@id":"https:\/\/www.vetorino.com\/boutique\/#\/schema\/logo\/image\/","url":"https:\/\/www.vetorino.com\/boutique\/wp-content\/uploads\/2024\/10\/logo.jpg","contentUrl":"https:\/\/www.vetorino.com\/boutique\/wp-content\/uploads\/2024\/10\/logo.jpg","width":1200,"height":610,"caption":"V\u00e9torino"},"image":{"@id":"https:\/\/www.vetorino.com\/boutique\/#\/schema\/logo\/image\/"},"sameAs":["https:\/\/www.facebook.com\/Vetorino\/","https:\/\/www.instagram.com\/vetorino_off\/","https:\/\/www.linkedin.com\/company\/vtorino\/"]}]},"product_brand":"Zolux","og_availability":"instock","product_availability":"instock","product_condition":"new"},"_links":{"self":[{"href":"https:\/\/www.vetorino.com\/veterinaire\/ustaritz-64480\/boutique\/wp-json\/wp\/v2\/product\/520557","targetHints":{"allow":["GET"]}}],"collection":[{"href":"https:\/\/www.vetorino.com\/veterinaire\/ustaritz-64480\/boutique\/wp-json\/wp\/v2\/product"}],"about":[{"href":"https:\/\/www.vetorino.com\/veterinaire\/ustaritz-64480\/boutique\/wp-json\/wp\/v2\/types\/product"}],"wp:attachment":[{"href":"https:\/\/www.vetorino.com\/veterinaire\/ustaritz-64480\/boutique\/wp-json\/wp\/v2\/media?parent=520557"}],"wp:term":[{"taxonomy":"product_cat","embeddable":true,"href":"https:\/\/www.vetorino.com\/veterinaire\/ustaritz-64480\/boutique\/wp-json\/wp\/v2\/product_cat?post=520557"},{"taxonomy":"product_tag","embeddable":true,"href":"https:\/\/www.vetorino.com\/veterinaire\/ustaritz-64480\/boutique\/wp-json\/wp\/v2\/product_tag?post=520557"}],"curies":[{"name":"wp","href":"https:\/\/api.w.org\/{rel}","templated":true}]}}