{"id":599487,"date":"2023-04-21T18:02:19","date_gmt":"2023-04-21T16:02:19","guid":{"rendered":"https:\/\/www.vetorino.com\/boutique\/product\/harnais-vetopop-chien-noir-orange\/"},"modified":"2025-08-28T16:36:29","modified_gmt":"2025-08-28T14:36:29","slug":"harnais-vetopop-chien-noir-orange","status":"publish","type":"product","link":"https:\/\/www.vetorino.com\/veterinaire\/ustaritz-64480\/boutique\/product\/harnais-vetopop-chien-noir-orange\/","title":{"rendered":"Harnais Pop Orange &#8211; chien"},"content":{"rendered":"<div id=\"product-description-short-3902\">\n<p><strong>Harnais noir r\u00e9glable, confortable et solide avec des bandes color\u00e9es et liser\u00e9 fluorescent.<\/strong><\/p>\n<\/div>\n<p>Munie de scratchs r\u00e9flechissants et repositionnables de chaque c\u00f4t\u00e9 du chien pour des promenades en toute s\u00e9curit\u00e9.<\/p>\n<p><strong>Caract\u00e9ristiques :\u00a0<\/strong><\/p>\n<ul>\n<li>Confortable, r\u00e9sistant et l\u00e9ger.<\/li>\n<li>Poss\u00e8de un anneau en alliage zinc nacr\u00e9 pour une attache s\u00fbre de la laisse lors des promenades. Mati\u00e8re nylon.<\/li>\n<li>Poign\u00e9e ergonomique pour une bonne prise en main.<\/li>\n<li>Scratchs r\u00e9fl\u00e9chissants et repositionnables de chaque c\u00f4t\u00e9.<\/li>\n<li>Disponible en 3 couleurs et tailles r\u00e9glables.<\/li>\n<li>Vendu \u00e0 l\u2019unit\u00e9. Sachet individuel.<\/li>\n<\/ul>\n<p><strong>Dimensions <\/strong><strong>Anneau D<\/strong>\u00a0: Taille S : D2,50 &#8211; M : D3 &#8211; L : D3,65 cm).<\/p>\n","protected":false},"excerpt":{"rendered":"<div id=\"product-description-short-3907\">\n<div id=\"product-description-short-3902\">\n<p><strong>Harnais noir r\u00e9glable, confortable et solide avec des bandes color\u00e9es et liser\u00e9 fluorescent.<\/strong><\/p>\n<\/div>\n<p>Munie de scratchs r\u00e9flechissants et repositionnables de chaque c\u00f4t\u00e9 du chien pour des promenades en toute s\u00e9curit\u00e9.<\/p>\n<p><strong>Caract\u00e9ristiques :\u00a0<\/strong><\/p>\n<ul>\n<li>Confortable, r\u00e9sistant et l\u00e9ger.<\/li>\n<li>Poss\u00e8de un anneau en alliage zinc nacr\u00e9 pour une attache s\u00fbre de la laisse lors des promenades. Mati\u00e8re nylon.<\/li>\n<li>Poign\u00e9e ergonomique pour une bonne prise en main.<\/li>\n<li>Scratchs r\u00e9fl\u00e9chissants et repositionnables de chaque c\u00f4t\u00e9.<\/li>\n<li>Disponible en 3 couleurs et tailles r\u00e9glables.<\/li>\n<li>Vendu \u00e0 l\u2019unit\u00e9. Sachet individuel.<\/li>\n<\/ul>\n<\/div>\n","protected":false},"featured_media":1468184,"template":"","meta":[],"product_cat":[12550,2698,2777],"product_tag":[],"class_list":{"0":"post-599487","1":"product","2":"type-product","3":"status-publish","4":"has-post-thumbnail","6":"product_cat-accessoires-du-chien","7":"product_cat-chien","8":"product_cat-colliers-laisses-et-harnais-pour-chien","9":"pa_marque-vetopop","11":"first","12":"instock","13":"taxable","14":"shipping-taxable","15":"purchasable","16":"product-type-variable"},"yoast_head":"<!-- This site is optimized with the Yoast SEO plugin v27.3 - https:\/\/yoast.com\/product\/yoast-seo-wordpress\/ -->\n<title>Harnais Pop Orange - chien V\u00e9topop - V\u00e9torino<\/title>\n<meta name=\"description\" content=\"Harnais noir r\u00e9glable, confortable et solide avec des bandes color\u00e9es et liser\u00e9 fluorescent.   Munie de scratchs r\u00e9flechissants et repositionnables de chaque c\u00f4t\u00e9 du chien pour des promenades en toute s\u00e9curit\u00e9.  Caract\u00e9ristiques :\u00a0   Confortable, r\u00e9sistant et l\u00e9ger.  Poss\u00e8de un anneau en alliage zinc nacr\u00e9 pour une attache s\u00fbre de la laisse lors des promenades. Mati\u00e8re nylon.  Poign\u00e9e ergonomique pour une bonne prise en main.  Scratchs r\u00e9fl\u00e9chissants et repositionnables de chaque c\u00f4t\u00e9.  Disponible en 3 couleurs et tailles r\u00e9glables.  Vendu \u00e0 l\u2019unit\u00e9. Sachet individuel.\" \/>\n<meta name=\"robots\" content=\"noindex, nofollow\" \/>\n<meta property=\"og:locale\" content=\"fr_FR\" \/>\n<meta property=\"og:type\" content=\"article\" \/>\n<meta property=\"og:title\" content=\"Harnais Pop Orange - chien V\u00e9topop - V\u00e9torino\" \/>\n<meta property=\"og:description\" content=\"Harnais noir r\u00e9glable, confortable et solide avec des bandes color\u00e9es et liser\u00e9 fluorescent.   Munie de scratchs r\u00e9flechissants et repositionnables de chaque c\u00f4t\u00e9 du chien pour des promenades en toute s\u00e9curit\u00e9.  Caract\u00e9ristiques :\u00a0   Confortable, r\u00e9sistant et l\u00e9ger.  Poss\u00e8de un anneau en alliage zinc nacr\u00e9 pour une attache s\u00fbre de la laisse lors des promenades. Mati\u00e8re nylon.  Poign\u00e9e ergonomique pour une bonne prise en main.  Scratchs r\u00e9fl\u00e9chissants et repositionnables de chaque c\u00f4t\u00e9.  Disponible en 3 couleurs et tailles r\u00e9glables.  Vendu \u00e0 l\u2019unit\u00e9. Sachet individuel.\" \/>\n<meta property=\"og:url\" content=\"https:\/\/www.vetorino.com\/veterinaire\/ustaritz-64480\/boutique\/product\/harnais-vetopop-chien-noir-orange\/\" \/>\n<meta property=\"og:site_name\" content=\"V\u00e9torino\" \/>\n<meta property=\"article:publisher\" content=\"https:\/\/www.facebook.com\/Vetorino\/\" \/>\n<meta property=\"article:modified_time\" content=\"2025-08-28T14:36:29+00:00\" \/>\n<meta property=\"og:image\" content=\"https:\/\/www.vetorino.com\/boutique\/wp-content\/uploads\/2020\/06\/harnais-pop-1-1.jpg\" \/>\n\t<meta property=\"og:image:width\" content=\"700\" \/>\n\t<meta property=\"og:image:height\" content=\"700\" \/>\n\t<meta property=\"og:image:type\" content=\"image\/jpeg\" \/>\n<meta name=\"twitter:card\" content=\"summary_large_image\" \/>\n<meta name=\"twitter:label1\" content=\"Disponibilit\u00e9\" \/>\n\t<meta name=\"twitter:data1\" content=\"En stock\" \/>\n<script type=\"application\/ld+json\" class=\"yoast-schema-graph\">{\"@context\":\"https:\\\/\\\/schema.org\",\"@graph\":[{\"@type\":\"WebPage\",\"@id\":\"https:\\\/\\\/www.vetorino.com\\\/veterinaire\\\/pontarlier-25300\\\/boutique\\\/product\\\/harnais-vetopop-chien-noir-orange\\\/\",\"url\":\"https:\\\/\\\/www.vetorino.com\\\/veterinaire\\\/pontarlier-25300\\\/boutique\\\/product\\\/harnais-vetopop-chien-noir-orange\\\/\",\"name\":\"Harnais Pop Orange - chien V\u00e9topop - V\u00e9torino\",\"isPartOf\":{\"@id\":\"https:\\\/\\\/www.vetorino.com\\\/boutique\\\/#website\"},\"primaryImageOfPage\":{\"@id\":\"https:\\\/\\\/www.vetorino.com\\\/veterinaire\\\/pontarlier-25300\\\/boutique\\\/product\\\/harnais-vetopop-chien-noir-orange\\\/#primaryimage\"},\"image\":{\"@id\":\"https:\\\/\\\/www.vetorino.com\\\/veterinaire\\\/pontarlier-25300\\\/boutique\\\/product\\\/harnais-vetopop-chien-noir-orange\\\/#primaryimage\"},\"thumbnailUrl\":\"https:\\\/\\\/www.vetorino.com\\\/boutique\\\/wp-content\\\/uploads\\\/2020\\\/06\\\/harnais-pop-1-1.jpg\",\"datePublished\":\"2023-04-21T16:02:19+00:00\",\"dateModified\":\"2025-08-28T14:36:29+00:00\",\"description\":\"Harnais noir r\u00e9glable, confortable et solide avec des bandes color\u00e9es et liser\u00e9 fluorescent. Munie de scratchs r\u00e9flechissants et repositionnables de chaque c\u00f4t\u00e9 du chien pour des promenades en toute s\u00e9curit\u00e9. Caract\u00e9ristiques :\u00a0 Confortable, r\u00e9sistant et l\u00e9ger. Poss\u00e8de un anneau en alliage zinc nacr\u00e9 pour une attache s\u00fbre de la laisse lors des promenades. Mati\u00e8re nylon. Poign\u00e9e ergonomique pour une bonne prise en main. Scratchs r\u00e9fl\u00e9chissants et repositionnables de chaque c\u00f4t\u00e9. Disponible en 3 couleurs et tailles r\u00e9glables. Vendu \u00e0 l\u2019unit\u00e9. Sachet individuel.\",\"breadcrumb\":{\"@id\":\"https:\\\/\\\/www.vetorino.com\\\/veterinaire\\\/pontarlier-25300\\\/boutique\\\/product\\\/harnais-vetopop-chien-noir-orange\\\/#breadcrumb\"},\"inLanguage\":\"fr-FR\",\"potentialAction\":[{\"@type\":\"ReadAction\",\"target\":[\"https:\\\/\\\/www.vetorino.com\\\/veterinaire\\\/pontarlier-25300\\\/boutique\\\/product\\\/harnais-vetopop-chien-noir-orange\\\/\"]}]},{\"@type\":\"ImageObject\",\"inLanguage\":\"fr-FR\",\"@id\":\"https:\\\/\\\/www.vetorino.com\\\/veterinaire\\\/pontarlier-25300\\\/boutique\\\/product\\\/harnais-vetopop-chien-noir-orange\\\/#primaryimage\",\"url\":\"https:\\\/\\\/www.vetorino.com\\\/boutique\\\/wp-content\\\/uploads\\\/2020\\\/06\\\/harnais-pop-1-1.jpg\",\"contentUrl\":\"https:\\\/\\\/www.vetorino.com\\\/boutique\\\/wp-content\\\/uploads\\\/2020\\\/06\\\/harnais-pop-1-1.jpg\",\"width\":700,\"height\":700},{\"@type\":\"BreadcrumbList\",\"@id\":\"https:\\\/\\\/www.vetorino.com\\\/veterinaire\\\/pontarlier-25300\\\/boutique\\\/product\\\/harnais-vetopop-chien-noir-orange\\\/#breadcrumb\",\"itemListElement\":[{\"@type\":\"ListItem\",\"position\":1,\"name\":\"Accueil\",\"item\":\"https:\\\/\\\/www.vetorino.com\\\/boutique\\\/\"},{\"@type\":\"ListItem\",\"position\":2,\"name\":\"Produits\",\"item\":\"https:\\\/\\\/www.vetorino.com\\\/boutique\\\/\"},{\"@type\":\"ListItem\",\"position\":3,\"name\":\"Harnais Pop Orange &#8211; chien\"}]},{\"@type\":\"WebSite\",\"@id\":\"https:\\\/\\\/www.vetorino.com\\\/boutique\\\/#website\",\"url\":\"https:\\\/\\\/www.vetorino.com\\\/boutique\\\/\",\"name\":\"V\u00e9torino\",\"description\":\"\",\"publisher\":{\"@id\":\"https:\\\/\\\/www.vetorino.com\\\/boutique\\\/#organization\"},\"potentialAction\":[{\"@type\":\"SearchAction\",\"target\":{\"@type\":\"EntryPoint\",\"urlTemplate\":\"https:\\\/\\\/www.vetorino.com\\\/boutique\\\/?s={search_term_string}\"},\"query-input\":{\"@type\":\"PropertyValueSpecification\",\"valueRequired\":true,\"valueName\":\"search_term_string\"}}],\"inLanguage\":\"fr-FR\"},{\"@type\":\"Organization\",\"@id\":\"https:\\\/\\\/www.vetorino.com\\\/boutique\\\/#organization\",\"name\":\"V\u00e9torino\",\"url\":\"https:\\\/\\\/www.vetorino.com\\\/boutique\\\/\",\"logo\":{\"@type\":\"ImageObject\",\"inLanguage\":\"fr-FR\",\"@id\":\"https:\\\/\\\/www.vetorino.com\\\/boutique\\\/#\\\/schema\\\/logo\\\/image\\\/\",\"url\":\"https:\\\/\\\/www.vetorino.com\\\/boutique\\\/wp-content\\\/uploads\\\/2024\\\/10\\\/logo.jpg\",\"contentUrl\":\"https:\\\/\\\/www.vetorino.com\\\/boutique\\\/wp-content\\\/uploads\\\/2024\\\/10\\\/logo.jpg\",\"width\":1200,\"height\":610,\"caption\":\"V\u00e9torino\"},\"image\":{\"@id\":\"https:\\\/\\\/www.vetorino.com\\\/boutique\\\/#\\\/schema\\\/logo\\\/image\\\/\"},\"sameAs\":[\"https:\\\/\\\/www.facebook.com\\\/Vetorino\\\/\",\"https:\\\/\\\/www.instagram.com\\\/vetorino_off\\\/\",\"https:\\\/\\\/www.linkedin.com\\\/company\\\/vtorino\\\/\"]}]}<\/script>\n<meta property=\"product:brand\" content=\"V\u00e9topop\" \/>\n<meta property=\"og:availability\" content=\"instock\" \/>\n<meta property=\"product:availability\" content=\"instock\" \/>\n<meta property=\"product:condition\" content=\"new\" \/>\n<!-- \/ Yoast SEO plugin. -->","yoast_head_json":{"title":"Harnais Pop Orange - chien V\u00e9topop - V\u00e9torino","description":"Harnais noir r\u00e9glable, confortable et solide avec des bandes color\u00e9es et liser\u00e9 fluorescent.   Munie de scratchs r\u00e9flechissants et repositionnables de chaque c\u00f4t\u00e9 du chien pour des promenades en toute s\u00e9curit\u00e9.  Caract\u00e9ristiques :\u00a0   Confortable, r\u00e9sistant et l\u00e9ger.  Poss\u00e8de un anneau en alliage zinc nacr\u00e9 pour une attache s\u00fbre de la laisse lors des promenades. Mati\u00e8re nylon.  Poign\u00e9e ergonomique pour une bonne prise en main.  Scratchs r\u00e9fl\u00e9chissants et repositionnables de chaque c\u00f4t\u00e9.  Disponible en 3 couleurs et tailles r\u00e9glables.  Vendu \u00e0 l\u2019unit\u00e9. Sachet individuel.","robots":{"index":"noindex","follow":"nofollow"},"og_locale":"fr_FR","og_type":"article","og_title":"Harnais Pop Orange - chien V\u00e9topop - V\u00e9torino","og_description":"Harnais noir r\u00e9glable, confortable et solide avec des bandes color\u00e9es et liser\u00e9 fluorescent.   Munie de scratchs r\u00e9flechissants et repositionnables de chaque c\u00f4t\u00e9 du chien pour des promenades en toute s\u00e9curit\u00e9.  Caract\u00e9ristiques :\u00a0   Confortable, r\u00e9sistant et l\u00e9ger.  Poss\u00e8de un anneau en alliage zinc nacr\u00e9 pour une attache s\u00fbre de la laisse lors des promenades. Mati\u00e8re nylon.  Poign\u00e9e ergonomique pour une bonne prise en main.  Scratchs r\u00e9fl\u00e9chissants et repositionnables de chaque c\u00f4t\u00e9.  Disponible en 3 couleurs et tailles r\u00e9glables.  Vendu \u00e0 l\u2019unit\u00e9. Sachet individuel.","og_url":"https:\/\/www.vetorino.com\/veterinaire\/ustaritz-64480\/boutique\/product\/harnais-vetopop-chien-noir-orange\/","og_site_name":"V\u00e9torino","article_publisher":"https:\/\/www.facebook.com\/Vetorino\/","article_modified_time":"2025-08-28T14:36:29+00:00","og_image":[{"width":700,"height":700,"url":"https:\/\/www.vetorino.com\/boutique\/wp-content\/uploads\/2020\/06\/harnais-pop-1-1.jpg","type":"image\/jpeg"}],"twitter_card":"summary_large_image","twitter_misc":{"Disponibilit\u00e9":"En stock"},"schema":{"@context":"https:\/\/schema.org","@graph":[{"@type":"WebPage","@id":"https:\/\/www.vetorino.com\/veterinaire\/pontarlier-25300\/boutique\/product\/harnais-vetopop-chien-noir-orange\/","url":"https:\/\/www.vetorino.com\/veterinaire\/pontarlier-25300\/boutique\/product\/harnais-vetopop-chien-noir-orange\/","name":"Harnais Pop Orange - chien V\u00e9topop - V\u00e9torino","isPartOf":{"@id":"https:\/\/www.vetorino.com\/boutique\/#website"},"primaryImageOfPage":{"@id":"https:\/\/www.vetorino.com\/veterinaire\/pontarlier-25300\/boutique\/product\/harnais-vetopop-chien-noir-orange\/#primaryimage"},"image":{"@id":"https:\/\/www.vetorino.com\/veterinaire\/pontarlier-25300\/boutique\/product\/harnais-vetopop-chien-noir-orange\/#primaryimage"},"thumbnailUrl":"https:\/\/www.vetorino.com\/boutique\/wp-content\/uploads\/2020\/06\/harnais-pop-1-1.jpg","datePublished":"2023-04-21T16:02:19+00:00","dateModified":"2025-08-28T14:36:29+00:00","description":"Harnais noir r\u00e9glable, confortable et solide avec des bandes color\u00e9es et liser\u00e9 fluorescent. Munie de scratchs r\u00e9flechissants et repositionnables de chaque c\u00f4t\u00e9 du chien pour des promenades en toute s\u00e9curit\u00e9. Caract\u00e9ristiques :\u00a0 Confortable, r\u00e9sistant et l\u00e9ger. Poss\u00e8de un anneau en alliage zinc nacr\u00e9 pour une attache s\u00fbre de la laisse lors des promenades. Mati\u00e8re nylon. Poign\u00e9e ergonomique pour une bonne prise en main. Scratchs r\u00e9fl\u00e9chissants et repositionnables de chaque c\u00f4t\u00e9. Disponible en 3 couleurs et tailles r\u00e9glables. Vendu \u00e0 l\u2019unit\u00e9. Sachet individuel.","breadcrumb":{"@id":"https:\/\/www.vetorino.com\/veterinaire\/pontarlier-25300\/boutique\/product\/harnais-vetopop-chien-noir-orange\/#breadcrumb"},"inLanguage":"fr-FR","potentialAction":[{"@type":"ReadAction","target":["https:\/\/www.vetorino.com\/veterinaire\/pontarlier-25300\/boutique\/product\/harnais-vetopop-chien-noir-orange\/"]}]},{"@type":"ImageObject","inLanguage":"fr-FR","@id":"https:\/\/www.vetorino.com\/veterinaire\/pontarlier-25300\/boutique\/product\/harnais-vetopop-chien-noir-orange\/#primaryimage","url":"https:\/\/www.vetorino.com\/boutique\/wp-content\/uploads\/2020\/06\/harnais-pop-1-1.jpg","contentUrl":"https:\/\/www.vetorino.com\/boutique\/wp-content\/uploads\/2020\/06\/harnais-pop-1-1.jpg","width":700,"height":700},{"@type":"BreadcrumbList","@id":"https:\/\/www.vetorino.com\/veterinaire\/pontarlier-25300\/boutique\/product\/harnais-vetopop-chien-noir-orange\/#breadcrumb","itemListElement":[{"@type":"ListItem","position":1,"name":"Accueil","item":"https:\/\/www.vetorino.com\/boutique\/"},{"@type":"ListItem","position":2,"name":"Produits","item":"https:\/\/www.vetorino.com\/boutique\/"},{"@type":"ListItem","position":3,"name":"Harnais Pop Orange &#8211; chien"}]},{"@type":"WebSite","@id":"https:\/\/www.vetorino.com\/boutique\/#website","url":"https:\/\/www.vetorino.com\/boutique\/","name":"V\u00e9torino","description":"","publisher":{"@id":"https:\/\/www.vetorino.com\/boutique\/#organization"},"potentialAction":[{"@type":"SearchAction","target":{"@type":"EntryPoint","urlTemplate":"https:\/\/www.vetorino.com\/boutique\/?s={search_term_string}"},"query-input":{"@type":"PropertyValueSpecification","valueRequired":true,"valueName":"search_term_string"}}],"inLanguage":"fr-FR"},{"@type":"Organization","@id":"https:\/\/www.vetorino.com\/boutique\/#organization","name":"V\u00e9torino","url":"https:\/\/www.vetorino.com\/boutique\/","logo":{"@type":"ImageObject","inLanguage":"fr-FR","@id":"https:\/\/www.vetorino.com\/boutique\/#\/schema\/logo\/image\/","url":"https:\/\/www.vetorino.com\/boutique\/wp-content\/uploads\/2024\/10\/logo.jpg","contentUrl":"https:\/\/www.vetorino.com\/boutique\/wp-content\/uploads\/2024\/10\/logo.jpg","width":1200,"height":610,"caption":"V\u00e9torino"},"image":{"@id":"https:\/\/www.vetorino.com\/boutique\/#\/schema\/logo\/image\/"},"sameAs":["https:\/\/www.facebook.com\/Vetorino\/","https:\/\/www.instagram.com\/vetorino_off\/","https:\/\/www.linkedin.com\/company\/vtorino\/"]}]},"product_brand":"V\u00e9topop","og_availability":"instock","product_availability":"instock","product_condition":"new"},"_links":{"self":[{"href":"https:\/\/www.vetorino.com\/veterinaire\/ustaritz-64480\/boutique\/wp-json\/wp\/v2\/product\/599487","targetHints":{"allow":["GET"]}}],"collection":[{"href":"https:\/\/www.vetorino.com\/veterinaire\/ustaritz-64480\/boutique\/wp-json\/wp\/v2\/product"}],"about":[{"href":"https:\/\/www.vetorino.com\/veterinaire\/ustaritz-64480\/boutique\/wp-json\/wp\/v2\/types\/product"}],"wp:featuredmedia":[{"embeddable":true,"href":"https:\/\/www.vetorino.com\/veterinaire\/ustaritz-64480\/boutique\/wp-json\/wp\/v2\/media\/1468184"}],"wp:attachment":[{"href":"https:\/\/www.vetorino.com\/veterinaire\/ustaritz-64480\/boutique\/wp-json\/wp\/v2\/media?parent=599487"}],"wp:term":[{"taxonomy":"product_cat","embeddable":true,"href":"https:\/\/www.vetorino.com\/veterinaire\/ustaritz-64480\/boutique\/wp-json\/wp\/v2\/product_cat?post=599487"},{"taxonomy":"product_tag","embeddable":true,"href":"https:\/\/www.vetorino.com\/veterinaire\/ustaritz-64480\/boutique\/wp-json\/wp\/v2\/product_tag?post=599487"}],"curies":[{"name":"wp","href":"https:\/\/api.w.org\/{rel}","templated":true}]}}