{"id":600252,"date":"2023-04-23T10:55:59","date_gmt":"2023-04-23T08:55:59","guid":{"rendered":"https:\/\/www.vetorino.com\/boutique\/product\/jouet-crazy-urchin-toy\/"},"modified":"2025-08-29T14:49:38","modified_gmt":"2025-08-29T12:49:38","slug":"jouet-crazy-urchin-toy","status":"publish","type":"product","link":"https:\/\/www.vetorino.com\/veterinaire\/ustaritz-64480\/boutique\/product\/jouet-crazy-urchin-toy\/","title":{"rendered":"Jouet Crazy Urchin Distributeur &#8211; chien, chat"},"content":{"rendered":"<p><strong>Jouet rebondissant pour chat ou chien avec une cachette \u00e0 friandise qui stimule son activit\u00e9 physique tout en l&#8217;amusant.<\/strong><\/p>\n<p>Ce jeu en forme d&#8217;oursin est id\u00e9al pour divertir votre animal en d\u00e9veloppant ses capacit\u00e9s cognitives.<\/p>\n<p><strong>Caract\u00e9ristiques :<\/strong><\/p>\n<ul>\n<li>Id\u00e9al pour divertir votre animal.<\/li>\n<li>Aide \u00e0 lutter contre l\u2019ennui, stimule l\u2019activit\u00e9 physique, vous pouvez y glisser des friandises.<\/li>\n<li>Disponible en 2 tailles (taille M jaune 7*9cm et taille S rose\/rouge 5*6cm)<\/li>\n<\/ul>\n","protected":false},"excerpt":{"rendered":"<p><strong>Jouet rebondissant pour chat ou chien avec une cachette \u00e0 friandise qui stimule son activit\u00e9 physique tout en l&#8217;amusant.<\/strong><\/p>\n<p>Ce jeu en forme d&#8217;oursin est id\u00e9al pour divertir votre animal en d\u00e9veloppant ses capacit\u00e9s cognitives.<\/p>\n<p><strong>Caract\u00e9ristiques :<\/strong><\/p>\n<ul>\n<li>Id\u00e9al pour divertir votre animal.<\/li>\n<li>Aide \u00e0 lutter contre l\u2019ennui, stimule l\u2019activit\u00e9 physique, vous pouvez y glisser des friandises.<\/li>\n<li>Disponible en 2 tailles (taille M jaune 7*9cm et taille S rose\/rouge 5*6cm)<\/li>\n<\/ul>\n","protected":false},"featured_media":600257,"template":"","meta":[],"product_cat":[12548,12550,2697,2698,2804,12620,12621],"product_tag":[],"class_list":{"0":"post-600252","1":"product","2":"type-product","3":"status-publish","4":"has-post-thumbnail","6":"product_cat-accessoire-du-chat","7":"product_cat-accessoires-du-chien","8":"product_cat-chat","9":"product_cat-chien","10":"product_cat-jouets-distributeurs-pour-chien","11":"product_cat-jeux-educatifs-pour-chat","12":"product_cat-jeux-educatifs-pour-chien","13":"pa_marque-vetopop","15":"first","16":"instock","17":"taxable","18":"shipping-taxable","19":"purchasable","20":"product-type-variable"},"yoast_head":"<!-- This site is optimized with the Yoast SEO plugin v27.3 - https:\/\/yoast.com\/product\/yoast-seo-wordpress\/ -->\n<title>Jouet Crazy Urchin Distributeur - chien, chat V\u00e9topop - V\u00e9torino<\/title>\n<meta name=\"description\" content=\"Jouet rebondissant pour chat ou chien avec une cachette \u00e0 friandise qui stimule son activit\u00e9 physique tout en l&#039;amusant.  Ce jeu en forme d&#039;oursin est id\u00e9al pour divertir votre animal en d\u00e9veloppant ses capacit\u00e9s cognitives.  Caract\u00e9ristiques :   Id\u00e9al pour divertir votre animal.  Aide \u00e0 lutter contre l\u2019ennui, stimule l\u2019activit\u00e9 physique, vous pouvez y glisser des friandises.  Disponible en 2 tailles (taille M jaune 7*9cm et taille S rose\/rouge 5*6cm)\" \/>\n<meta name=\"robots\" content=\"noindex, nofollow\" \/>\n<meta property=\"og:locale\" content=\"fr_FR\" \/>\n<meta property=\"og:type\" content=\"article\" \/>\n<meta property=\"og:title\" content=\"Jouet Crazy Urchin Distributeur - chien, chat V\u00e9topop - V\u00e9torino\" \/>\n<meta property=\"og:description\" content=\"Jouet rebondissant pour chat ou chien avec une cachette \u00e0 friandise qui stimule son activit\u00e9 physique tout en l&#039;amusant.  Ce jeu en forme d&#039;oursin est id\u00e9al pour divertir votre animal en d\u00e9veloppant ses capacit\u00e9s cognitives.  Caract\u00e9ristiques :   Id\u00e9al pour divertir votre animal.  Aide \u00e0 lutter contre l\u2019ennui, stimule l\u2019activit\u00e9 physique, vous pouvez y glisser des friandises.  Disponible en 2 tailles (taille M jaune 7*9cm et taille S rose\/rouge 5*6cm)\" \/>\n<meta property=\"og:url\" content=\"https:\/\/www.vetorino.com\/veterinaire\/ustaritz-64480\/boutique\/product\/jouet-crazy-urchin-toy\/\" \/>\n<meta property=\"og:site_name\" content=\"V\u00e9torino\" \/>\n<meta property=\"article:publisher\" content=\"https:\/\/www.facebook.com\/Vetorino\/\" \/>\n<meta property=\"article:modified_time\" content=\"2025-08-29T12:49:38+00:00\" \/>\n<meta property=\"og:image\" content=\"https:\/\/www.vetorino.com\/boutique\/wp-content\/uploads\/2023\/04\/crazy-urchin-toy-pop-m.jpg\" \/>\n\t<meta property=\"og:image:width\" content=\"458\" \/>\n\t<meta property=\"og:image:height\" content=\"458\" \/>\n\t<meta property=\"og:image:type\" content=\"image\/jpeg\" \/>\n<meta name=\"twitter:card\" content=\"summary_large_image\" \/>\n<meta name=\"twitter:label1\" content=\"Disponibilit\u00e9\" \/>\n\t<meta name=\"twitter:data1\" content=\"En stock\" \/>\n<script type=\"application\/ld+json\" class=\"yoast-schema-graph\">{\"@context\":\"https:\\\/\\\/schema.org\",\"@graph\":[{\"@type\":\"WebPage\",\"@id\":\"https:\\\/\\\/www.vetorino.com\\\/veterinaire\\\/pontarlier-25300\\\/boutique\\\/product\\\/jouet-crazy-urchin-toy\\\/\",\"url\":\"https:\\\/\\\/www.vetorino.com\\\/veterinaire\\\/pontarlier-25300\\\/boutique\\\/product\\\/jouet-crazy-urchin-toy\\\/\",\"name\":\"Jouet Crazy Urchin Distributeur - chien, chat V\u00e9topop - V\u00e9torino\",\"isPartOf\":{\"@id\":\"https:\\\/\\\/www.vetorino.com\\\/boutique\\\/#website\"},\"primaryImageOfPage\":{\"@id\":\"https:\\\/\\\/www.vetorino.com\\\/veterinaire\\\/pontarlier-25300\\\/boutique\\\/product\\\/jouet-crazy-urchin-toy\\\/#primaryimage\"},\"image\":{\"@id\":\"https:\\\/\\\/www.vetorino.com\\\/veterinaire\\\/pontarlier-25300\\\/boutique\\\/product\\\/jouet-crazy-urchin-toy\\\/#primaryimage\"},\"thumbnailUrl\":\"https:\\\/\\\/www.vetorino.com\\\/boutique\\\/wp-content\\\/uploads\\\/2023\\\/04\\\/crazy-urchin-toy-pop-m.jpg\",\"datePublished\":\"2023-04-23T08:55:59+00:00\",\"dateModified\":\"2025-08-29T12:49:38+00:00\",\"description\":\"Jouet rebondissant pour chat ou chien avec une cachette \u00e0 friandise qui stimule son activit\u00e9 physique tout en l'amusant. Ce jeu en forme d'oursin est id\u00e9al pour divertir votre animal en d\u00e9veloppant ses capacit\u00e9s cognitives. Caract\u00e9ristiques : Id\u00e9al pour divertir votre animal. Aide \u00e0 lutter contre l\u2019ennui, stimule l\u2019activit\u00e9 physique, vous pouvez y glisser des friandises. Disponible en 2 tailles (taille M jaune 7*9cm et taille S rose\\\/rouge 5*6cm)\",\"breadcrumb\":{\"@id\":\"https:\\\/\\\/www.vetorino.com\\\/veterinaire\\\/pontarlier-25300\\\/boutique\\\/product\\\/jouet-crazy-urchin-toy\\\/#breadcrumb\"},\"inLanguage\":\"fr-FR\",\"potentialAction\":[{\"@type\":\"ReadAction\",\"target\":[\"https:\\\/\\\/www.vetorino.com\\\/veterinaire\\\/pontarlier-25300\\\/boutique\\\/product\\\/jouet-crazy-urchin-toy\\\/\"]}]},{\"@type\":\"ImageObject\",\"inLanguage\":\"fr-FR\",\"@id\":\"https:\\\/\\\/www.vetorino.com\\\/veterinaire\\\/pontarlier-25300\\\/boutique\\\/product\\\/jouet-crazy-urchin-toy\\\/#primaryimage\",\"url\":\"https:\\\/\\\/www.vetorino.com\\\/boutique\\\/wp-content\\\/uploads\\\/2023\\\/04\\\/crazy-urchin-toy-pop-m.jpg\",\"contentUrl\":\"https:\\\/\\\/www.vetorino.com\\\/boutique\\\/wp-content\\\/uploads\\\/2023\\\/04\\\/crazy-urchin-toy-pop-m.jpg\",\"width\":458,\"height\":458},{\"@type\":\"BreadcrumbList\",\"@id\":\"https:\\\/\\\/www.vetorino.com\\\/veterinaire\\\/pontarlier-25300\\\/boutique\\\/product\\\/jouet-crazy-urchin-toy\\\/#breadcrumb\",\"itemListElement\":[{\"@type\":\"ListItem\",\"position\":1,\"name\":\"Accueil\",\"item\":\"https:\\\/\\\/www.vetorino.com\\\/boutique\\\/\"},{\"@type\":\"ListItem\",\"position\":2,\"name\":\"Produits\",\"item\":\"https:\\\/\\\/www.vetorino.com\\\/boutique\\\/\"},{\"@type\":\"ListItem\",\"position\":3,\"name\":\"Jouet Crazy Urchin Distributeur &#8211; chien, chat\"}]},{\"@type\":\"WebSite\",\"@id\":\"https:\\\/\\\/www.vetorino.com\\\/boutique\\\/#website\",\"url\":\"https:\\\/\\\/www.vetorino.com\\\/boutique\\\/\",\"name\":\"V\u00e9torino\",\"description\":\"\",\"publisher\":{\"@id\":\"https:\\\/\\\/www.vetorino.com\\\/boutique\\\/#organization\"},\"potentialAction\":[{\"@type\":\"SearchAction\",\"target\":{\"@type\":\"EntryPoint\",\"urlTemplate\":\"https:\\\/\\\/www.vetorino.com\\\/boutique\\\/?s={search_term_string}\"},\"query-input\":{\"@type\":\"PropertyValueSpecification\",\"valueRequired\":true,\"valueName\":\"search_term_string\"}}],\"inLanguage\":\"fr-FR\"},{\"@type\":\"Organization\",\"@id\":\"https:\\\/\\\/www.vetorino.com\\\/boutique\\\/#organization\",\"name\":\"V\u00e9torino\",\"url\":\"https:\\\/\\\/www.vetorino.com\\\/boutique\\\/\",\"logo\":{\"@type\":\"ImageObject\",\"inLanguage\":\"fr-FR\",\"@id\":\"https:\\\/\\\/www.vetorino.com\\\/boutique\\\/#\\\/schema\\\/logo\\\/image\\\/\",\"url\":\"https:\\\/\\\/www.vetorino.com\\\/boutique\\\/wp-content\\\/uploads\\\/2024\\\/10\\\/logo.jpg\",\"contentUrl\":\"https:\\\/\\\/www.vetorino.com\\\/boutique\\\/wp-content\\\/uploads\\\/2024\\\/10\\\/logo.jpg\",\"width\":1200,\"height\":610,\"caption\":\"V\u00e9torino\"},\"image\":{\"@id\":\"https:\\\/\\\/www.vetorino.com\\\/boutique\\\/#\\\/schema\\\/logo\\\/image\\\/\"},\"sameAs\":[\"https:\\\/\\\/www.facebook.com\\\/Vetorino\\\/\",\"https:\\\/\\\/www.instagram.com\\\/vetorino_off\\\/\",\"https:\\\/\\\/www.linkedin.com\\\/company\\\/vtorino\\\/\"]}]}<\/script>\n<meta property=\"product:brand\" content=\"V\u00e9topop\" \/>\n<meta property=\"og:availability\" content=\"instock\" \/>\n<meta property=\"product:availability\" content=\"instock\" \/>\n<meta property=\"product:condition\" content=\"new\" \/>\n<!-- \/ Yoast SEO plugin. -->","yoast_head_json":{"title":"Jouet Crazy Urchin Distributeur - chien, chat V\u00e9topop - V\u00e9torino","description":"Jouet rebondissant pour chat ou chien avec une cachette \u00e0 friandise qui stimule son activit\u00e9 physique tout en l'amusant.  Ce jeu en forme d'oursin est id\u00e9al pour divertir votre animal en d\u00e9veloppant ses capacit\u00e9s cognitives.  Caract\u00e9ristiques :   Id\u00e9al pour divertir votre animal.  Aide \u00e0 lutter contre l\u2019ennui, stimule l\u2019activit\u00e9 physique, vous pouvez y glisser des friandises.  Disponible en 2 tailles (taille M jaune 7*9cm et taille S rose\/rouge 5*6cm)","robots":{"index":"noindex","follow":"nofollow"},"og_locale":"fr_FR","og_type":"article","og_title":"Jouet Crazy Urchin Distributeur - chien, chat V\u00e9topop - V\u00e9torino","og_description":"Jouet rebondissant pour chat ou chien avec une cachette \u00e0 friandise qui stimule son activit\u00e9 physique tout en l'amusant.  Ce jeu en forme d'oursin est id\u00e9al pour divertir votre animal en d\u00e9veloppant ses capacit\u00e9s cognitives.  Caract\u00e9ristiques :   Id\u00e9al pour divertir votre animal.  Aide \u00e0 lutter contre l\u2019ennui, stimule l\u2019activit\u00e9 physique, vous pouvez y glisser des friandises.  Disponible en 2 tailles (taille M jaune 7*9cm et taille S rose\/rouge 5*6cm)","og_url":"https:\/\/www.vetorino.com\/veterinaire\/ustaritz-64480\/boutique\/product\/jouet-crazy-urchin-toy\/","og_site_name":"V\u00e9torino","article_publisher":"https:\/\/www.facebook.com\/Vetorino\/","article_modified_time":"2025-08-29T12:49:38+00:00","og_image":[{"width":458,"height":458,"url":"https:\/\/www.vetorino.com\/boutique\/wp-content\/uploads\/2023\/04\/crazy-urchin-toy-pop-m.jpg","type":"image\/jpeg"}],"twitter_card":"summary_large_image","twitter_misc":{"Disponibilit\u00e9":"En stock"},"schema":{"@context":"https:\/\/schema.org","@graph":[{"@type":"WebPage","@id":"https:\/\/www.vetorino.com\/veterinaire\/pontarlier-25300\/boutique\/product\/jouet-crazy-urchin-toy\/","url":"https:\/\/www.vetorino.com\/veterinaire\/pontarlier-25300\/boutique\/product\/jouet-crazy-urchin-toy\/","name":"Jouet Crazy Urchin Distributeur - chien, chat V\u00e9topop - V\u00e9torino","isPartOf":{"@id":"https:\/\/www.vetorino.com\/boutique\/#website"},"primaryImageOfPage":{"@id":"https:\/\/www.vetorino.com\/veterinaire\/pontarlier-25300\/boutique\/product\/jouet-crazy-urchin-toy\/#primaryimage"},"image":{"@id":"https:\/\/www.vetorino.com\/veterinaire\/pontarlier-25300\/boutique\/product\/jouet-crazy-urchin-toy\/#primaryimage"},"thumbnailUrl":"https:\/\/www.vetorino.com\/boutique\/wp-content\/uploads\/2023\/04\/crazy-urchin-toy-pop-m.jpg","datePublished":"2023-04-23T08:55:59+00:00","dateModified":"2025-08-29T12:49:38+00:00","description":"Jouet rebondissant pour chat ou chien avec une cachette \u00e0 friandise qui stimule son activit\u00e9 physique tout en l'amusant. Ce jeu en forme d'oursin est id\u00e9al pour divertir votre animal en d\u00e9veloppant ses capacit\u00e9s cognitives. Caract\u00e9ristiques : Id\u00e9al pour divertir votre animal. Aide \u00e0 lutter contre l\u2019ennui, stimule l\u2019activit\u00e9 physique, vous pouvez y glisser des friandises. Disponible en 2 tailles (taille M jaune 7*9cm et taille S rose\/rouge 5*6cm)","breadcrumb":{"@id":"https:\/\/www.vetorino.com\/veterinaire\/pontarlier-25300\/boutique\/product\/jouet-crazy-urchin-toy\/#breadcrumb"},"inLanguage":"fr-FR","potentialAction":[{"@type":"ReadAction","target":["https:\/\/www.vetorino.com\/veterinaire\/pontarlier-25300\/boutique\/product\/jouet-crazy-urchin-toy\/"]}]},{"@type":"ImageObject","inLanguage":"fr-FR","@id":"https:\/\/www.vetorino.com\/veterinaire\/pontarlier-25300\/boutique\/product\/jouet-crazy-urchin-toy\/#primaryimage","url":"https:\/\/www.vetorino.com\/boutique\/wp-content\/uploads\/2023\/04\/crazy-urchin-toy-pop-m.jpg","contentUrl":"https:\/\/www.vetorino.com\/boutique\/wp-content\/uploads\/2023\/04\/crazy-urchin-toy-pop-m.jpg","width":458,"height":458},{"@type":"BreadcrumbList","@id":"https:\/\/www.vetorino.com\/veterinaire\/pontarlier-25300\/boutique\/product\/jouet-crazy-urchin-toy\/#breadcrumb","itemListElement":[{"@type":"ListItem","position":1,"name":"Accueil","item":"https:\/\/www.vetorino.com\/boutique\/"},{"@type":"ListItem","position":2,"name":"Produits","item":"https:\/\/www.vetorino.com\/boutique\/"},{"@type":"ListItem","position":3,"name":"Jouet Crazy Urchin Distributeur &#8211; chien, chat"}]},{"@type":"WebSite","@id":"https:\/\/www.vetorino.com\/boutique\/#website","url":"https:\/\/www.vetorino.com\/boutique\/","name":"V\u00e9torino","description":"","publisher":{"@id":"https:\/\/www.vetorino.com\/boutique\/#organization"},"potentialAction":[{"@type":"SearchAction","target":{"@type":"EntryPoint","urlTemplate":"https:\/\/www.vetorino.com\/boutique\/?s={search_term_string}"},"query-input":{"@type":"PropertyValueSpecification","valueRequired":true,"valueName":"search_term_string"}}],"inLanguage":"fr-FR"},{"@type":"Organization","@id":"https:\/\/www.vetorino.com\/boutique\/#organization","name":"V\u00e9torino","url":"https:\/\/www.vetorino.com\/boutique\/","logo":{"@type":"ImageObject","inLanguage":"fr-FR","@id":"https:\/\/www.vetorino.com\/boutique\/#\/schema\/logo\/image\/","url":"https:\/\/www.vetorino.com\/boutique\/wp-content\/uploads\/2024\/10\/logo.jpg","contentUrl":"https:\/\/www.vetorino.com\/boutique\/wp-content\/uploads\/2024\/10\/logo.jpg","width":1200,"height":610,"caption":"V\u00e9torino"},"image":{"@id":"https:\/\/www.vetorino.com\/boutique\/#\/schema\/logo\/image\/"},"sameAs":["https:\/\/www.facebook.com\/Vetorino\/","https:\/\/www.instagram.com\/vetorino_off\/","https:\/\/www.linkedin.com\/company\/vtorino\/"]}]},"product_brand":"V\u00e9topop","og_availability":"instock","product_availability":"instock","product_condition":"new"},"_links":{"self":[{"href":"https:\/\/www.vetorino.com\/veterinaire\/ustaritz-64480\/boutique\/wp-json\/wp\/v2\/product\/600252","targetHints":{"allow":["GET"]}}],"collection":[{"href":"https:\/\/www.vetorino.com\/veterinaire\/ustaritz-64480\/boutique\/wp-json\/wp\/v2\/product"}],"about":[{"href":"https:\/\/www.vetorino.com\/veterinaire\/ustaritz-64480\/boutique\/wp-json\/wp\/v2\/types\/product"}],"wp:featuredmedia":[{"embeddable":true,"href":"https:\/\/www.vetorino.com\/veterinaire\/ustaritz-64480\/boutique\/wp-json\/wp\/v2\/media\/600257"}],"wp:attachment":[{"href":"https:\/\/www.vetorino.com\/veterinaire\/ustaritz-64480\/boutique\/wp-json\/wp\/v2\/media?parent=600252"}],"wp:term":[{"taxonomy":"product_cat","embeddable":true,"href":"https:\/\/www.vetorino.com\/veterinaire\/ustaritz-64480\/boutique\/wp-json\/wp\/v2\/product_cat?post=600252"},{"taxonomy":"product_tag","embeddable":true,"href":"https:\/\/www.vetorino.com\/veterinaire\/ustaritz-64480\/boutique\/wp-json\/wp\/v2\/product_tag?post=600252"}],"curies":[{"name":"wp","href":"https:\/\/api.w.org\/{rel}","templated":true}]}}