{"id":603379,"date":"2023-04-27T05:35:06","date_gmt":"2023-04-27T03:35:06","guid":{"rendered":"https:\/\/www.vetorino.com\/boutique\/product\/ziggy-croquettes-chaton-poulet-huile\/"},"modified":"2025-10-07T11:23:36","modified_gmt":"2025-10-07T09:23:36","slug":"ziggy-croquettes-chaton-poulet-huile","status":"publish","type":"product","link":"https:\/\/www.vetorino.com\/veterinaire\/ustaritz-64480\/boutique\/product\/ziggy-croquettes-chaton-poulet-huile\/","title":{"rendered":"Croquettes Chaton Sans C\u00e9r\u00e9ales Poulet &amp; Huile de Saumon"},"content":{"rendered":"<p>Test\u00e9es, d\u00e9gust\u00e9es, d\u00e9vor\u00e9es par des <strong>dizaines de milliers de chatons<\/strong>, les croquettes Ziggy font l&#8217;unanimit\u00e9 dans la Ziggy Family !<\/p>\n<p>Sans c\u00e9r\u00e9ales, riches en prot\u00e9ines de haute qualit\u00e9, tr\u00e8s pauvres en glucides et phosphore avec de bons acides gras essentiels, elles sont particuli\u00e8rement appr\u00e9ci\u00e9es par les chatons pour leur app\u00e9tence et leur go\u00fbt (<em>oui oui, ils nous l\u2019ont dit<\/em>) mais \u00e9galement par leurs ma\u00eetres pour leur excellente digestibilit\u00e9 laissant un tr\u00f4ne moins parfum\u00e9 et un chaton en pleine forme, heureux et bien dans ses pattes !<\/p>\n<p>Un aliment compos\u00e9 uniquement de bons ingr\u00e9dients en parfaite quantit\u00e9 et riche en prot\u00e9ines d\u2019excellente qualit\u00e9 pour apporter tous les nutriments n\u00e9cessaires aux chatons et contribuer au d\u00e9veloppement de leur masse musculaire et favoriser une croissance saine, pleine d\u2019\u00e9nergie !<\/p>\n<p>Une recette pens\u00e9e pour chaton sans c\u00e9r\u00e9ales, compos\u00e9e de prot\u00e9ines animales d\u2019excellente qualit\u00e9 ainsi que de bons l\u00e9gumes, sources de fibre et de gourmandise, pour favoriser une digestion saine, des selles moins volumineuses et une liti\u00e8re moins parfum\u00e9e !<\/p>\n<p>Un aliment riche en acides gras Om\u00e9ga 3 (EPA &amp; DHA) qui contribuent \u00e0 am\u00e9liorer la qualit\u00e9 et la beaut\u00e9 du pelage et de la peau et participent au renfort des poils pour r\u00e9duire leur perte.<\/p>\n<p>Ingr\u00e9dients :<\/p>\n<ul>\n<li>Prot\u00e9ines de porc d\u00e9shydrat\u00e9es : 28,8%<\/li>\n<li>Poulet frais : 26%<\/li>\n<li>Amidon de pomme de terre<\/li>\n<li>Prot\u00e9ines de pomme de terre d\u00e9shydrat\u00e9es<\/li>\n<li>Patate douce d\u00e9shydrat\u00e9e : 3,7%<\/li>\n<li>Graisse de volaille : 3%<\/li>\n<li>Luzerne d\u00e9shydrat\u00e9e : 2,5%<\/li>\n<li>Graine de lin : 2%<\/li>\n<li>Prot\u00e9ines de poulet hydrolys\u00e9es : 1,6%<\/li>\n<li>Phosphate bicalcique<\/li>\n<li>Huile de tournesol : 1,5%<\/li>\n<li>Huile de saumon : 1,25%<\/li>\n<li>Poudre d&#8217;\u0153ufs 1,1%<\/li>\n<li>Citrate de potassium<\/li>\n<li>Min\u00e9raux<\/li>\n<li>Fibre v\u00e9g\u00e9tale<\/li>\n<li>Levure de bi\u00e8re<\/li>\n<li>Chlorure de sodium<\/li>\n<li>Chlorure de potassium<\/li>\n<li>Extrait de Yucca schidigera<\/li>\n<\/ul>\n","protected":false},"excerpt":{"rendered":"<p data-pm-slice=\"1 1 []\">De d\u00e9licieuses croquettes au\u00a0<strong>Poulet<\/strong>\u00a0pour Chaton (d\u00e8s le sevrage jusqu&#8217;\u00e0 la fin de sa croissance), riches en prot\u00e9ines de qualit\u00e9 et r\u00e9pondant parfaitement aux besoins nutritionnels de votre petit moustachu.<\/p>\n<p>Formul\u00e9es avec des prot\u00e9ines d\u2019excellente qualit\u00e9, de bons acides gras essentiels, sans c\u00e9r\u00e9ales et avec tr\u00e8s peu de glucides, elles sont id\u00e9ales pour accompagner votre chaton tout au long de sa croissance et prendre soin de lui. Rien de mieux pour d\u00e9marrer une belle vie de chat !<\/p>\n","protected":false},"featured_media":1036918,"template":"","meta":[],"product_cat":[12551,12583,2697,12611,12635],"product_tag":[],"class_list":{"0":"post-603379","1":"product","2":"type-product","3":"status-publish","4":"has-post-thumbnail","6":"product_cat-alimentation-du-chat","7":"product_cat-alimentation-premium-pour-chat","8":"product_cat-chat","9":"product_cat-hygiene-de-la-peau-et-du-pelage-du-chat","10":"product_cat-systeme-digestif-du-chat","11":"pa_marque-s-a-s-ziggy","13":"first","14":"instock","15":"taxable","16":"shipping-taxable","17":"purchasable","18":"product-type-variable"},"yoast_head":"<!-- This site is optimized with the Yoast SEO plugin v27.3 - https:\/\/yoast.com\/product\/yoast-seo-wordpress\/ -->\n<title>Croquettes Chaton Sans C\u00e9r\u00e9ales Poulet &amp; Huile de Saumon Ziggy - V\u00e9torino<\/title>\n<meta name=\"description\" content=\"De d\u00e9licieuses croquettes au\u00a0Poulet\u00a0pour Chaton (d\u00e8s le sevrage jusqu&#039;\u00e0 la fin de sa croissance), riches en prot\u00e9ines de qualit\u00e9 et r\u00e9pondant parfaitement aux besoins nutritionnels de votre petit moustachu. Formul\u00e9es avec des prot\u00e9ines d\u2019excellente qualit\u00e9, de bons acides gras essentiels, sans c\u00e9r\u00e9ales et avec tr\u00e8s peu de glucides, elles sont id\u00e9ales pour accompagner votre chaton tout au long de sa croissance et prendre soin de lui. Rien de mieux pour d\u00e9marrer une belle vie de chat !\" \/>\n<meta name=\"robots\" content=\"noindex, nofollow\" \/>\n<meta property=\"og:locale\" content=\"fr_FR\" \/>\n<meta property=\"og:type\" content=\"article\" \/>\n<meta property=\"og:title\" content=\"Croquettes Chaton Sans C\u00e9r\u00e9ales Poulet &amp; Huile de Saumon Ziggy - V\u00e9torino\" \/>\n<meta property=\"og:description\" content=\"De d\u00e9licieuses croquettes au\u00a0Poulet\u00a0pour Chaton (d\u00e8s le sevrage jusqu&#039;\u00e0 la fin de sa croissance), riches en prot\u00e9ines de qualit\u00e9 et r\u00e9pondant parfaitement aux besoins nutritionnels de votre petit moustachu. Formul\u00e9es avec des prot\u00e9ines d\u2019excellente qualit\u00e9, de bons acides gras essentiels, sans c\u00e9r\u00e9ales et avec tr\u00e8s peu de glucides, elles sont id\u00e9ales pour accompagner votre chaton tout au long de sa croissance et prendre soin de lui. Rien de mieux pour d\u00e9marrer une belle vie de chat !\" \/>\n<meta property=\"og:url\" content=\"https:\/\/www.vetorino.com\/veterinaire\/ustaritz-64480\/boutique\/product\/ziggy-croquettes-chaton-poulet-huile\/\" \/>\n<meta property=\"og:site_name\" content=\"V\u00e9torino\" \/>\n<meta property=\"article:publisher\" content=\"https:\/\/www.facebook.com\/Vetorino\/\" \/>\n<meta property=\"article:modified_time\" content=\"2025-10-07T09:23:36+00:00\" \/>\n<meta property=\"og:image\" content=\"https:\/\/www.vetorino.com\/boutique\/wp-content\/uploads\/2023\/04\/croquetteschaton-poulet2_5kg1.webp\" \/>\n\t<meta property=\"og:image:width\" content=\"1080\" \/>\n\t<meta property=\"og:image:height\" content=\"1080\" \/>\n\t<meta property=\"og:image:type\" content=\"image\/webp\" \/>\n<meta name=\"twitter:card\" content=\"summary_large_image\" \/>\n<meta name=\"twitter:label1\" content=\"Disponibilit\u00e9\" \/>\n\t<meta name=\"twitter:data1\" content=\"En stock\" \/>\n<script type=\"application\/ld+json\" class=\"yoast-schema-graph\">{\"@context\":\"https:\\\/\\\/schema.org\",\"@graph\":[{\"@type\":\"WebPage\",\"@id\":\"https:\\\/\\\/www.vetorino.com\\\/boutique\\\/product\\\/ziggy-croquettes-chaton-poulet-huile\\\/\",\"url\":\"https:\\\/\\\/www.vetorino.com\\\/boutique\\\/product\\\/ziggy-croquettes-chaton-poulet-huile\\\/\",\"name\":\"Croquettes Chaton Sans C\u00e9r\u00e9ales Poulet &amp; Huile de Saumon Ziggy - V\u00e9torino\",\"isPartOf\":{\"@id\":\"https:\\\/\\\/www.vetorino.com\\\/boutique\\\/#website\"},\"primaryImageOfPage\":{\"@id\":\"https:\\\/\\\/www.vetorino.com\\\/boutique\\\/product\\\/ziggy-croquettes-chaton-poulet-huile\\\/#primaryimage\"},\"image\":{\"@id\":\"https:\\\/\\\/www.vetorino.com\\\/boutique\\\/product\\\/ziggy-croquettes-chaton-poulet-huile\\\/#primaryimage\"},\"thumbnailUrl\":\"https:\\\/\\\/www.vetorino.com\\\/boutique\\\/wp-content\\\/uploads\\\/2023\\\/04\\\/croquetteschaton-poulet2_5kg1.webp\",\"datePublished\":\"2023-04-27T03:35:06+00:00\",\"dateModified\":\"2025-10-07T09:23:36+00:00\",\"description\":\"De d\u00e9licieuses croquettes au\u00a0Poulet\u00a0pour Chaton (d\u00e8s le sevrage jusqu'\u00e0 la fin de sa croissance), riches en prot\u00e9ines de qualit\u00e9 et r\u00e9pondant parfaitement aux besoins nutritionnels de votre petit moustachu. Formul\u00e9es avec des prot\u00e9ines d\u2019excellente qualit\u00e9, de bons acides gras essentiels, sans c\u00e9r\u00e9ales et avec tr\u00e8s peu de glucides, elles sont id\u00e9ales pour accompagner votre chaton tout au long de sa croissance et prendre soin de lui. Rien de mieux pour d\u00e9marrer une belle vie de chat !\",\"breadcrumb\":{\"@id\":\"https:\\\/\\\/www.vetorino.com\\\/boutique\\\/product\\\/ziggy-croquettes-chaton-poulet-huile\\\/#breadcrumb\"},\"inLanguage\":\"fr-FR\",\"potentialAction\":[{\"@type\":\"ReadAction\",\"target\":[\"https:\\\/\\\/www.vetorino.com\\\/boutique\\\/product\\\/ziggy-croquettes-chaton-poulet-huile\\\/\"]}]},{\"@type\":\"ImageObject\",\"inLanguage\":\"fr-FR\",\"@id\":\"https:\\\/\\\/www.vetorino.com\\\/boutique\\\/product\\\/ziggy-croquettes-chaton-poulet-huile\\\/#primaryimage\",\"url\":\"https:\\\/\\\/www.vetorino.com\\\/boutique\\\/wp-content\\\/uploads\\\/2023\\\/04\\\/croquetteschaton-poulet2_5kg1.webp\",\"contentUrl\":\"https:\\\/\\\/www.vetorino.com\\\/boutique\\\/wp-content\\\/uploads\\\/2023\\\/04\\\/croquetteschaton-poulet2_5kg1.webp\",\"width\":1080,\"height\":1080},{\"@type\":\"BreadcrumbList\",\"@id\":\"https:\\\/\\\/www.vetorino.com\\\/boutique\\\/product\\\/ziggy-croquettes-chaton-poulet-huile\\\/#breadcrumb\",\"itemListElement\":[{\"@type\":\"ListItem\",\"position\":1,\"name\":\"Accueil\",\"item\":\"https:\\\/\\\/www.vetorino.com\\\/boutique\\\/\"},{\"@type\":\"ListItem\",\"position\":2,\"name\":\"Produits\",\"item\":\"https:\\\/\\\/www.vetorino.com\\\/boutique\\\/\"},{\"@type\":\"ListItem\",\"position\":3,\"name\":\"Croquettes Chaton Sans C\u00e9r\u00e9ales Poulet &amp; Huile de Saumon\"}]},{\"@type\":\"WebSite\",\"@id\":\"https:\\\/\\\/www.vetorino.com\\\/boutique\\\/#website\",\"url\":\"https:\\\/\\\/www.vetorino.com\\\/boutique\\\/\",\"name\":\"V\u00e9torino\",\"description\":\"\",\"publisher\":{\"@id\":\"https:\\\/\\\/www.vetorino.com\\\/boutique\\\/#organization\"},\"potentialAction\":[{\"@type\":\"SearchAction\",\"target\":{\"@type\":\"EntryPoint\",\"urlTemplate\":\"https:\\\/\\\/www.vetorino.com\\\/boutique\\\/?s={search_term_string}\"},\"query-input\":{\"@type\":\"PropertyValueSpecification\",\"valueRequired\":true,\"valueName\":\"search_term_string\"}}],\"inLanguage\":\"fr-FR\"},{\"@type\":\"Organization\",\"@id\":\"https:\\\/\\\/www.vetorino.com\\\/boutique\\\/#organization\",\"name\":\"V\u00e9torino\",\"url\":\"https:\\\/\\\/www.vetorino.com\\\/boutique\\\/\",\"logo\":{\"@type\":\"ImageObject\",\"inLanguage\":\"fr-FR\",\"@id\":\"https:\\\/\\\/www.vetorino.com\\\/boutique\\\/#\\\/schema\\\/logo\\\/image\\\/\",\"url\":\"https:\\\/\\\/www.vetorino.com\\\/boutique\\\/wp-content\\\/uploads\\\/2024\\\/10\\\/logo.jpg\",\"contentUrl\":\"https:\\\/\\\/www.vetorino.com\\\/boutique\\\/wp-content\\\/uploads\\\/2024\\\/10\\\/logo.jpg\",\"width\":1200,\"height\":610,\"caption\":\"V\u00e9torino\"},\"image\":{\"@id\":\"https:\\\/\\\/www.vetorino.com\\\/boutique\\\/#\\\/schema\\\/logo\\\/image\\\/\"},\"sameAs\":[\"https:\\\/\\\/www.facebook.com\\\/Vetorino\\\/\",\"https:\\\/\\\/www.instagram.com\\\/vetorino_off\\\/\",\"https:\\\/\\\/www.linkedin.com\\\/company\\\/vtorino\\\/\"]}]}<\/script>\n<meta property=\"product:brand\" content=\"Ziggy\" \/>\n<meta property=\"og:availability\" content=\"instock\" \/>\n<meta property=\"product:availability\" content=\"instock\" \/>\n<meta property=\"product:condition\" content=\"new\" \/>\n<!-- \/ Yoast SEO plugin. -->","yoast_head_json":{"title":"Croquettes Chaton Sans C\u00e9r\u00e9ales Poulet &amp; Huile de Saumon Ziggy - V\u00e9torino","description":"De d\u00e9licieuses croquettes au\u00a0Poulet\u00a0pour Chaton (d\u00e8s le sevrage jusqu'\u00e0 la fin de sa croissance), riches en prot\u00e9ines de qualit\u00e9 et r\u00e9pondant parfaitement aux besoins nutritionnels de votre petit moustachu. Formul\u00e9es avec des prot\u00e9ines d\u2019excellente qualit\u00e9, de bons acides gras essentiels, sans c\u00e9r\u00e9ales et avec tr\u00e8s peu de glucides, elles sont id\u00e9ales pour accompagner votre chaton tout au long de sa croissance et prendre soin de lui. Rien de mieux pour d\u00e9marrer une belle vie de chat !","robots":{"index":"noindex","follow":"nofollow"},"og_locale":"fr_FR","og_type":"article","og_title":"Croquettes Chaton Sans C\u00e9r\u00e9ales Poulet &amp; Huile de Saumon Ziggy - V\u00e9torino","og_description":"De d\u00e9licieuses croquettes au\u00a0Poulet\u00a0pour Chaton (d\u00e8s le sevrage jusqu'\u00e0 la fin de sa croissance), riches en prot\u00e9ines de qualit\u00e9 et r\u00e9pondant parfaitement aux besoins nutritionnels de votre petit moustachu. Formul\u00e9es avec des prot\u00e9ines d\u2019excellente qualit\u00e9, de bons acides gras essentiels, sans c\u00e9r\u00e9ales et avec tr\u00e8s peu de glucides, elles sont id\u00e9ales pour accompagner votre chaton tout au long de sa croissance et prendre soin de lui. Rien de mieux pour d\u00e9marrer une belle vie de chat !","og_url":"https:\/\/www.vetorino.com\/veterinaire\/ustaritz-64480\/boutique\/product\/ziggy-croquettes-chaton-poulet-huile\/","og_site_name":"V\u00e9torino","article_publisher":"https:\/\/www.facebook.com\/Vetorino\/","article_modified_time":"2025-10-07T09:23:36+00:00","og_image":[{"width":1080,"height":1080,"url":"https:\/\/www.vetorino.com\/boutique\/wp-content\/uploads\/2023\/04\/croquetteschaton-poulet2_5kg1.webp","type":"image\/webp"}],"twitter_card":"summary_large_image","twitter_misc":{"Disponibilit\u00e9":"En stock"},"schema":{"@context":"https:\/\/schema.org","@graph":[{"@type":"WebPage","@id":"https:\/\/www.vetorino.com\/boutique\/product\/ziggy-croquettes-chaton-poulet-huile\/","url":"https:\/\/www.vetorino.com\/boutique\/product\/ziggy-croquettes-chaton-poulet-huile\/","name":"Croquettes Chaton Sans C\u00e9r\u00e9ales Poulet &amp; Huile de Saumon Ziggy - V\u00e9torino","isPartOf":{"@id":"https:\/\/www.vetorino.com\/boutique\/#website"},"primaryImageOfPage":{"@id":"https:\/\/www.vetorino.com\/boutique\/product\/ziggy-croquettes-chaton-poulet-huile\/#primaryimage"},"image":{"@id":"https:\/\/www.vetorino.com\/boutique\/product\/ziggy-croquettes-chaton-poulet-huile\/#primaryimage"},"thumbnailUrl":"https:\/\/www.vetorino.com\/boutique\/wp-content\/uploads\/2023\/04\/croquetteschaton-poulet2_5kg1.webp","datePublished":"2023-04-27T03:35:06+00:00","dateModified":"2025-10-07T09:23:36+00:00","description":"De d\u00e9licieuses croquettes au\u00a0Poulet\u00a0pour Chaton (d\u00e8s le sevrage jusqu'\u00e0 la fin de sa croissance), riches en prot\u00e9ines de qualit\u00e9 et r\u00e9pondant parfaitement aux besoins nutritionnels de votre petit moustachu. Formul\u00e9es avec des prot\u00e9ines d\u2019excellente qualit\u00e9, de bons acides gras essentiels, sans c\u00e9r\u00e9ales et avec tr\u00e8s peu de glucides, elles sont id\u00e9ales pour accompagner votre chaton tout au long de sa croissance et prendre soin de lui. Rien de mieux pour d\u00e9marrer une belle vie de chat !","breadcrumb":{"@id":"https:\/\/www.vetorino.com\/boutique\/product\/ziggy-croquettes-chaton-poulet-huile\/#breadcrumb"},"inLanguage":"fr-FR","potentialAction":[{"@type":"ReadAction","target":["https:\/\/www.vetorino.com\/boutique\/product\/ziggy-croquettes-chaton-poulet-huile\/"]}]},{"@type":"ImageObject","inLanguage":"fr-FR","@id":"https:\/\/www.vetorino.com\/boutique\/product\/ziggy-croquettes-chaton-poulet-huile\/#primaryimage","url":"https:\/\/www.vetorino.com\/boutique\/wp-content\/uploads\/2023\/04\/croquetteschaton-poulet2_5kg1.webp","contentUrl":"https:\/\/www.vetorino.com\/boutique\/wp-content\/uploads\/2023\/04\/croquetteschaton-poulet2_5kg1.webp","width":1080,"height":1080},{"@type":"BreadcrumbList","@id":"https:\/\/www.vetorino.com\/boutique\/product\/ziggy-croquettes-chaton-poulet-huile\/#breadcrumb","itemListElement":[{"@type":"ListItem","position":1,"name":"Accueil","item":"https:\/\/www.vetorino.com\/boutique\/"},{"@type":"ListItem","position":2,"name":"Produits","item":"https:\/\/www.vetorino.com\/boutique\/"},{"@type":"ListItem","position":3,"name":"Croquettes Chaton Sans C\u00e9r\u00e9ales Poulet &amp; Huile de Saumon"}]},{"@type":"WebSite","@id":"https:\/\/www.vetorino.com\/boutique\/#website","url":"https:\/\/www.vetorino.com\/boutique\/","name":"V\u00e9torino","description":"","publisher":{"@id":"https:\/\/www.vetorino.com\/boutique\/#organization"},"potentialAction":[{"@type":"SearchAction","target":{"@type":"EntryPoint","urlTemplate":"https:\/\/www.vetorino.com\/boutique\/?s={search_term_string}"},"query-input":{"@type":"PropertyValueSpecification","valueRequired":true,"valueName":"search_term_string"}}],"inLanguage":"fr-FR"},{"@type":"Organization","@id":"https:\/\/www.vetorino.com\/boutique\/#organization","name":"V\u00e9torino","url":"https:\/\/www.vetorino.com\/boutique\/","logo":{"@type":"ImageObject","inLanguage":"fr-FR","@id":"https:\/\/www.vetorino.com\/boutique\/#\/schema\/logo\/image\/","url":"https:\/\/www.vetorino.com\/boutique\/wp-content\/uploads\/2024\/10\/logo.jpg","contentUrl":"https:\/\/www.vetorino.com\/boutique\/wp-content\/uploads\/2024\/10\/logo.jpg","width":1200,"height":610,"caption":"V\u00e9torino"},"image":{"@id":"https:\/\/www.vetorino.com\/boutique\/#\/schema\/logo\/image\/"},"sameAs":["https:\/\/www.facebook.com\/Vetorino\/","https:\/\/www.instagram.com\/vetorino_off\/","https:\/\/www.linkedin.com\/company\/vtorino\/"]}]},"product_brand":"Ziggy","og_availability":"instock","product_availability":"instock","product_condition":"new"},"_links":{"self":[{"href":"https:\/\/www.vetorino.com\/veterinaire\/ustaritz-64480\/boutique\/wp-json\/wp\/v2\/product\/603379","targetHints":{"allow":["GET"]}}],"collection":[{"href":"https:\/\/www.vetorino.com\/veterinaire\/ustaritz-64480\/boutique\/wp-json\/wp\/v2\/product"}],"about":[{"href":"https:\/\/www.vetorino.com\/veterinaire\/ustaritz-64480\/boutique\/wp-json\/wp\/v2\/types\/product"}],"wp:featuredmedia":[{"embeddable":true,"href":"https:\/\/www.vetorino.com\/veterinaire\/ustaritz-64480\/boutique\/wp-json\/wp\/v2\/media\/1036918"}],"wp:attachment":[{"href":"https:\/\/www.vetorino.com\/veterinaire\/ustaritz-64480\/boutique\/wp-json\/wp\/v2\/media?parent=603379"}],"wp:term":[{"taxonomy":"product_cat","embeddable":true,"href":"https:\/\/www.vetorino.com\/veterinaire\/ustaritz-64480\/boutique\/wp-json\/wp\/v2\/product_cat?post=603379"},{"taxonomy":"product_tag","embeddable":true,"href":"https:\/\/www.vetorino.com\/veterinaire\/ustaritz-64480\/boutique\/wp-json\/wp\/v2\/product_tag?post=603379"}],"curies":[{"name":"wp","href":"https:\/\/api.w.org\/{rel}","templated":true}]}}