{"id":715499,"date":"2023-10-11T11:46:47","date_gmt":"2023-10-11T09:46:47","guid":{"rendered":"https:\/\/www.vetorino.com\/boutique\/product\/dog-gastro-intestinal-boites\/"},"modified":"2025-10-06T17:31:24","modified_gmt":"2025-10-06T15:31:24","slug":"dog-gastro-intestinal-boites","status":"publish","type":"product","link":"https:\/\/www.vetorino.com\/veterinaire\/ustaritz-64480\/boutique\/product\/dog-gastro-intestinal-boites\/","title":{"rendered":"Dog Gastro Intestinal"},"content":{"rendered":"<p><strong>Royal Canin Dog Gastro Intestinal est un aliment di\u00e9t\u00e9tique qui contribue \u00e0 la bonne sant\u00e9 du syst\u00e8me digestif.\u00a0<\/strong><\/p>\n<p><strong>Utilisation :<\/strong><\/p>\n<ul>\n<li>Chien atteint de troubles digestifs.<\/li>\n<\/ul>\n<p><strong>Bienfaits essentiels :<\/strong><\/p>\n<div class=\"tr\">\n<div class=\"atout_txt td\">\n<ul>\n<li>Les acides eicosapenta\u00e9no\u00efque et docosahexa\u00e9no\u00efque, acides gras \u00e0 longue cha\u00eene de la s\u00e9rie om\u00e9ga 3,\u00a0<strong>contribuent \u00e0 la bonne sant\u00e9 du syst\u00e8me digestif<\/strong>.<\/li>\n<li>Une combinaison de prot\u00e9ines hautement digestibles de probiotiques,\u00a0 de pulpe de betterave , de riz et d&#8217;huile de poisson pour<strong>\u00a0assurer une s\u00e9curit\u00e9 digestive maximale<\/strong>.<\/li>\n<li>Une haute densit\u00e9 \u00e9nerg\u00e9tique permet de couvrir les besoins du chien adulte tout en limitant le volume des repas et en r\u00e9duisant la charge intestinale. Elle<strong>\u00a0permet aussi une reprise de poids rapide durant les phases de convalescence<\/strong>.<\/li>\n<li>Un complexe synergique d&#8217;antioxydants contribue \u00e0\u00a0<strong>diminuer les agressions cellulaires dues au stress oxydatif et aux radicaux libres<\/strong>.<\/li>\n<\/ul>\n<\/div>\n<\/div>\n<p><strong><br \/>\nCet aliment est destin\u00e9 \u00e0 la prise en charge nutritionnelle d\u2019une maladie. Pour la sant\u00e9 de votre chien, il est recommand\u00e9 de consulter votre v\u00e9t\u00e9rinaire et de respecter scrupuleusement ses recommandations nutritionnelles.<\/strong><\/p>\n","protected":false},"excerpt":{"rendered":"<div id=\"product-description-short-3804\">\n<p><strong>Royal Canin Dog Gastro Intestinal\u00a0est un aliment di\u00e9t\u00e9tique qui contribue \u00e0 la bonne sant\u00e9 du syst\u00e8me digestif.\u00a0<\/strong><\/p>\n<p><span style=\"color: #ff0000\"><strong>Attention : les bo\u00eetes de 200 g seront supprim\u00e9es \u00e0 \u00e9puisement des stocks.<\/strong><\/span><\/p>\n<p><strong>Utilisation :<\/strong><\/p>\n<ul>\n<li>Chien atteint de troubles digestifs.<\/li>\n<\/ul>\n<\/div>\n","protected":false},"featured_media":715498,"template":"","meta":[],"product_cat":[12552,12582,2698,12636],"product_tag":[],"class_list":{"0":"post-715499","1":"product","2":"type-product","3":"status-publish","4":"has-post-thumbnail","6":"product_cat-alimentation-du-chien","7":"product_cat-alimentation-medicalisee-pour-chien","8":"product_cat-chien","9":"product_cat-systeme-digestif-du-chien","10":"pa_marque-royal-canin","12":"first","13":"instock","14":"taxable","15":"shipping-taxable","16":"purchasable","17":"product-type-variable"},"yoast_head":"<!-- This site is optimized with the Yoast SEO plugin v27.3 - https:\/\/yoast.com\/product\/yoast-seo-wordpress\/ -->\n<title>Veterinary Diet (Royal Canin) Dog Gastro Intestinal Royal Canin - V\u00e9torino<\/title>\n<meta name=\"description\" content=\"Royal Canin Dog Gastro Intestinal\u00a0est un aliment di\u00e9t\u00e9tique qui contribue \u00e0 la bonne sant\u00e9 du syst\u00e8me digestif.\u00a0  Attention : les bo\u00eetes de 200 g seront supprim\u00e9es \u00e0 \u00e9puisement des stocks.  Utilisation :   Chien atteint de troubles digestifs.\" \/>\n<meta name=\"robots\" content=\"noindex, nofollow\" \/>\n<meta property=\"og:locale\" content=\"fr_FR\" \/>\n<meta property=\"og:type\" content=\"article\" \/>\n<meta property=\"og:title\" content=\"Veterinary Diet (Royal Canin) Dog Gastro Intestinal Royal Canin - V\u00e9torino\" \/>\n<meta property=\"og:description\" content=\"Royal Canin Dog Gastro Intestinal\u00a0est un aliment di\u00e9t\u00e9tique qui contribue \u00e0 la bonne sant\u00e9 du syst\u00e8me digestif.\u00a0  Attention : les bo\u00eetes de 200 g seront supprim\u00e9es \u00e0 \u00e9puisement des stocks.  Utilisation :   Chien atteint de troubles digestifs.\" \/>\n<meta property=\"og:url\" content=\"https:\/\/www.vetorino.com\/veterinaire\/ustaritz-64480\/boutique\/product\/dog-gastro-intestinal-boites\/\" \/>\n<meta property=\"og:site_name\" content=\"V\u00e9torino\" \/>\n<meta property=\"article:publisher\" content=\"https:\/\/www.facebook.com\/Vetorino\/\" \/>\n<meta property=\"article:modified_time\" content=\"2025-10-06T15:31:24+00:00\" \/>\n<meta property=\"og:image\" content=\"https:\/\/www.vetorino.com\/boutique\/wp-content\/uploads\/2023\/10\/ROYAL-8097625.jpg\" \/>\n\t<meta property=\"og:image:width\" content=\"789\" \/>\n\t<meta property=\"og:image:height\" content=\"592\" \/>\n\t<meta property=\"og:image:type\" content=\"image\/jpeg\" \/>\n<meta name=\"twitter:card\" content=\"summary_large_image\" \/>\n<meta name=\"twitter:label1\" content=\"Disponibilit\u00e9\" \/>\n\t<meta name=\"twitter:data1\" content=\"En stock\" \/>\n<script type=\"application\/ld+json\" class=\"yoast-schema-graph\">{\"@context\":\"https:\\\/\\\/schema.org\",\"@graph\":[{\"@type\":\"WebPage\",\"@id\":\"https:\\\/\\\/www.vetorino.com\\\/veterinaire\\\/briancon-05100\\\/boutique\\\/product\\\/dog-gastro-intestinal-boites\\\/\",\"url\":\"https:\\\/\\\/www.vetorino.com\\\/veterinaire\\\/briancon-05100\\\/boutique\\\/product\\\/dog-gastro-intestinal-boites\\\/\",\"name\":\"Veterinary Diet (Royal Canin) Dog Gastro Intestinal Royal Canin - V\u00e9torino\",\"isPartOf\":{\"@id\":\"https:\\\/\\\/www.vetorino.com\\\/boutique\\\/#website\"},\"primaryImageOfPage\":{\"@id\":\"https:\\\/\\\/www.vetorino.com\\\/veterinaire\\\/briancon-05100\\\/boutique\\\/product\\\/dog-gastro-intestinal-boites\\\/#primaryimage\"},\"image\":{\"@id\":\"https:\\\/\\\/www.vetorino.com\\\/veterinaire\\\/briancon-05100\\\/boutique\\\/product\\\/dog-gastro-intestinal-boites\\\/#primaryimage\"},\"thumbnailUrl\":\"https:\\\/\\\/www.vetorino.com\\\/boutique\\\/wp-content\\\/uploads\\\/2023\\\/10\\\/ROYAL-8097625.jpg\",\"datePublished\":\"2023-10-11T09:46:47+00:00\",\"dateModified\":\"2025-10-06T15:31:24+00:00\",\"description\":\"Royal Canin Dog Gastro Intestinal\u00a0est un aliment di\u00e9t\u00e9tique qui contribue \u00e0 la bonne sant\u00e9 du syst\u00e8me digestif.\u00a0 Attention : les bo\u00eetes de 200 g seront supprim\u00e9es \u00e0 \u00e9puisement des stocks. Utilisation : Chien atteint de troubles digestifs.\",\"breadcrumb\":{\"@id\":\"https:\\\/\\\/www.vetorino.com\\\/veterinaire\\\/briancon-05100\\\/boutique\\\/product\\\/dog-gastro-intestinal-boites\\\/#breadcrumb\"},\"inLanguage\":\"fr-FR\",\"potentialAction\":[{\"@type\":\"ReadAction\",\"target\":[\"https:\\\/\\\/www.vetorino.com\\\/veterinaire\\\/briancon-05100\\\/boutique\\\/product\\\/dog-gastro-intestinal-boites\\\/\"]}]},{\"@type\":\"ImageObject\",\"inLanguage\":\"fr-FR\",\"@id\":\"https:\\\/\\\/www.vetorino.com\\\/veterinaire\\\/briancon-05100\\\/boutique\\\/product\\\/dog-gastro-intestinal-boites\\\/#primaryimage\",\"url\":\"https:\\\/\\\/www.vetorino.com\\\/boutique\\\/wp-content\\\/uploads\\\/2023\\\/10\\\/ROYAL-8097625.jpg\",\"contentUrl\":\"https:\\\/\\\/www.vetorino.com\\\/boutique\\\/wp-content\\\/uploads\\\/2023\\\/10\\\/ROYAL-8097625.jpg\",\"width\":789,\"height\":592},{\"@type\":\"BreadcrumbList\",\"@id\":\"https:\\\/\\\/www.vetorino.com\\\/veterinaire\\\/briancon-05100\\\/boutique\\\/product\\\/dog-gastro-intestinal-boites\\\/#breadcrumb\",\"itemListElement\":[{\"@type\":\"ListItem\",\"position\":1,\"name\":\"Accueil\",\"item\":\"https:\\\/\\\/www.vetorino.com\\\/boutique\\\/\"},{\"@type\":\"ListItem\",\"position\":2,\"name\":\"Produits\",\"item\":\"https:\\\/\\\/www.vetorino.com\\\/boutique\\\/\"},{\"@type\":\"ListItem\",\"position\":3,\"name\":\"Dog Gastro Intestinal\"}]},{\"@type\":\"WebSite\",\"@id\":\"https:\\\/\\\/www.vetorino.com\\\/boutique\\\/#website\",\"url\":\"https:\\\/\\\/www.vetorino.com\\\/boutique\\\/\",\"name\":\"V\u00e9torino\",\"description\":\"\",\"publisher\":{\"@id\":\"https:\\\/\\\/www.vetorino.com\\\/boutique\\\/#organization\"},\"potentialAction\":[{\"@type\":\"SearchAction\",\"target\":{\"@type\":\"EntryPoint\",\"urlTemplate\":\"https:\\\/\\\/www.vetorino.com\\\/boutique\\\/?s={search_term_string}\"},\"query-input\":{\"@type\":\"PropertyValueSpecification\",\"valueRequired\":true,\"valueName\":\"search_term_string\"}}],\"inLanguage\":\"fr-FR\"},{\"@type\":\"Organization\",\"@id\":\"https:\\\/\\\/www.vetorino.com\\\/boutique\\\/#organization\",\"name\":\"V\u00e9torino\",\"url\":\"https:\\\/\\\/www.vetorino.com\\\/boutique\\\/\",\"logo\":{\"@type\":\"ImageObject\",\"inLanguage\":\"fr-FR\",\"@id\":\"https:\\\/\\\/www.vetorino.com\\\/boutique\\\/#\\\/schema\\\/logo\\\/image\\\/\",\"url\":\"https:\\\/\\\/www.vetorino.com\\\/boutique\\\/wp-content\\\/uploads\\\/2024\\\/10\\\/logo.jpg\",\"contentUrl\":\"https:\\\/\\\/www.vetorino.com\\\/boutique\\\/wp-content\\\/uploads\\\/2024\\\/10\\\/logo.jpg\",\"width\":1200,\"height\":610,\"caption\":\"V\u00e9torino\"},\"image\":{\"@id\":\"https:\\\/\\\/www.vetorino.com\\\/boutique\\\/#\\\/schema\\\/logo\\\/image\\\/\"},\"sameAs\":[\"https:\\\/\\\/www.facebook.com\\\/Vetorino\\\/\",\"https:\\\/\\\/www.instagram.com\\\/vetorino_off\\\/\",\"https:\\\/\\\/www.linkedin.com\\\/company\\\/vtorino\\\/\"]}]}<\/script>\n<meta property=\"product:brand\" content=\"Royal Canin\" \/>\n<meta property=\"og:availability\" content=\"instock\" \/>\n<meta property=\"product:availability\" content=\"instock\" \/>\n<meta property=\"product:condition\" content=\"new\" \/>\n<!-- \/ Yoast SEO plugin. -->","yoast_head_json":{"title":"Veterinary Diet (Royal Canin) Dog Gastro Intestinal Royal Canin - V\u00e9torino","description":"Royal Canin Dog Gastro Intestinal\u00a0est un aliment di\u00e9t\u00e9tique qui contribue \u00e0 la bonne sant\u00e9 du syst\u00e8me digestif.\u00a0  Attention : les bo\u00eetes de 200 g seront supprim\u00e9es \u00e0 \u00e9puisement des stocks.  Utilisation :   Chien atteint de troubles digestifs.","robots":{"index":"noindex","follow":"nofollow"},"og_locale":"fr_FR","og_type":"article","og_title":"Veterinary Diet (Royal Canin) Dog Gastro Intestinal Royal Canin - V\u00e9torino","og_description":"Royal Canin Dog Gastro Intestinal\u00a0est un aliment di\u00e9t\u00e9tique qui contribue \u00e0 la bonne sant\u00e9 du syst\u00e8me digestif.\u00a0  Attention : les bo\u00eetes de 200 g seront supprim\u00e9es \u00e0 \u00e9puisement des stocks.  Utilisation :   Chien atteint de troubles digestifs.","og_url":"https:\/\/www.vetorino.com\/veterinaire\/ustaritz-64480\/boutique\/product\/dog-gastro-intestinal-boites\/","og_site_name":"V\u00e9torino","article_publisher":"https:\/\/www.facebook.com\/Vetorino\/","article_modified_time":"2025-10-06T15:31:24+00:00","og_image":[{"width":789,"height":592,"url":"https:\/\/www.vetorino.com\/boutique\/wp-content\/uploads\/2023\/10\/ROYAL-8097625.jpg","type":"image\/jpeg"}],"twitter_card":"summary_large_image","twitter_misc":{"Disponibilit\u00e9":"En stock"},"schema":{"@context":"https:\/\/schema.org","@graph":[{"@type":"WebPage","@id":"https:\/\/www.vetorino.com\/veterinaire\/briancon-05100\/boutique\/product\/dog-gastro-intestinal-boites\/","url":"https:\/\/www.vetorino.com\/veterinaire\/briancon-05100\/boutique\/product\/dog-gastro-intestinal-boites\/","name":"Veterinary Diet (Royal Canin) Dog Gastro Intestinal Royal Canin - V\u00e9torino","isPartOf":{"@id":"https:\/\/www.vetorino.com\/boutique\/#website"},"primaryImageOfPage":{"@id":"https:\/\/www.vetorino.com\/veterinaire\/briancon-05100\/boutique\/product\/dog-gastro-intestinal-boites\/#primaryimage"},"image":{"@id":"https:\/\/www.vetorino.com\/veterinaire\/briancon-05100\/boutique\/product\/dog-gastro-intestinal-boites\/#primaryimage"},"thumbnailUrl":"https:\/\/www.vetorino.com\/boutique\/wp-content\/uploads\/2023\/10\/ROYAL-8097625.jpg","datePublished":"2023-10-11T09:46:47+00:00","dateModified":"2025-10-06T15:31:24+00:00","description":"Royal Canin Dog Gastro Intestinal\u00a0est un aliment di\u00e9t\u00e9tique qui contribue \u00e0 la bonne sant\u00e9 du syst\u00e8me digestif.\u00a0 Attention : les bo\u00eetes de 200 g seront supprim\u00e9es \u00e0 \u00e9puisement des stocks. Utilisation : Chien atteint de troubles digestifs.","breadcrumb":{"@id":"https:\/\/www.vetorino.com\/veterinaire\/briancon-05100\/boutique\/product\/dog-gastro-intestinal-boites\/#breadcrumb"},"inLanguage":"fr-FR","potentialAction":[{"@type":"ReadAction","target":["https:\/\/www.vetorino.com\/veterinaire\/briancon-05100\/boutique\/product\/dog-gastro-intestinal-boites\/"]}]},{"@type":"ImageObject","inLanguage":"fr-FR","@id":"https:\/\/www.vetorino.com\/veterinaire\/briancon-05100\/boutique\/product\/dog-gastro-intestinal-boites\/#primaryimage","url":"https:\/\/www.vetorino.com\/boutique\/wp-content\/uploads\/2023\/10\/ROYAL-8097625.jpg","contentUrl":"https:\/\/www.vetorino.com\/boutique\/wp-content\/uploads\/2023\/10\/ROYAL-8097625.jpg","width":789,"height":592},{"@type":"BreadcrumbList","@id":"https:\/\/www.vetorino.com\/veterinaire\/briancon-05100\/boutique\/product\/dog-gastro-intestinal-boites\/#breadcrumb","itemListElement":[{"@type":"ListItem","position":1,"name":"Accueil","item":"https:\/\/www.vetorino.com\/boutique\/"},{"@type":"ListItem","position":2,"name":"Produits","item":"https:\/\/www.vetorino.com\/boutique\/"},{"@type":"ListItem","position":3,"name":"Dog Gastro Intestinal"}]},{"@type":"WebSite","@id":"https:\/\/www.vetorino.com\/boutique\/#website","url":"https:\/\/www.vetorino.com\/boutique\/","name":"V\u00e9torino","description":"","publisher":{"@id":"https:\/\/www.vetorino.com\/boutique\/#organization"},"potentialAction":[{"@type":"SearchAction","target":{"@type":"EntryPoint","urlTemplate":"https:\/\/www.vetorino.com\/boutique\/?s={search_term_string}"},"query-input":{"@type":"PropertyValueSpecification","valueRequired":true,"valueName":"search_term_string"}}],"inLanguage":"fr-FR"},{"@type":"Organization","@id":"https:\/\/www.vetorino.com\/boutique\/#organization","name":"V\u00e9torino","url":"https:\/\/www.vetorino.com\/boutique\/","logo":{"@type":"ImageObject","inLanguage":"fr-FR","@id":"https:\/\/www.vetorino.com\/boutique\/#\/schema\/logo\/image\/","url":"https:\/\/www.vetorino.com\/boutique\/wp-content\/uploads\/2024\/10\/logo.jpg","contentUrl":"https:\/\/www.vetorino.com\/boutique\/wp-content\/uploads\/2024\/10\/logo.jpg","width":1200,"height":610,"caption":"V\u00e9torino"},"image":{"@id":"https:\/\/www.vetorino.com\/boutique\/#\/schema\/logo\/image\/"},"sameAs":["https:\/\/www.facebook.com\/Vetorino\/","https:\/\/www.instagram.com\/vetorino_off\/","https:\/\/www.linkedin.com\/company\/vtorino\/"]}]},"product_brand":"Royal Canin","og_availability":"instock","product_availability":"instock","product_condition":"new"},"_links":{"self":[{"href":"https:\/\/www.vetorino.com\/veterinaire\/ustaritz-64480\/boutique\/wp-json\/wp\/v2\/product\/715499","targetHints":{"allow":["GET"]}}],"collection":[{"href":"https:\/\/www.vetorino.com\/veterinaire\/ustaritz-64480\/boutique\/wp-json\/wp\/v2\/product"}],"about":[{"href":"https:\/\/www.vetorino.com\/veterinaire\/ustaritz-64480\/boutique\/wp-json\/wp\/v2\/types\/product"}],"wp:featuredmedia":[{"embeddable":true,"href":"https:\/\/www.vetorino.com\/veterinaire\/ustaritz-64480\/boutique\/wp-json\/wp\/v2\/media\/715498"}],"wp:attachment":[{"href":"https:\/\/www.vetorino.com\/veterinaire\/ustaritz-64480\/boutique\/wp-json\/wp\/v2\/media?parent=715499"}],"wp:term":[{"taxonomy":"product_cat","embeddable":true,"href":"https:\/\/www.vetorino.com\/veterinaire\/ustaritz-64480\/boutique\/wp-json\/wp\/v2\/product_cat?post=715499"},{"taxonomy":"product_tag","embeddable":true,"href":"https:\/\/www.vetorino.com\/veterinaire\/ustaritz-64480\/boutique\/wp-json\/wp\/v2\/product_tag?post=715499"}],"curies":[{"name":"wp","href":"https:\/\/api.w.org\/{rel}","templated":true}]}}