{"id":891976,"date":"2024-04-10T10:03:32","date_gmt":"2024-04-10T08:03:32","guid":{"rendered":"https:\/\/www.vetorino.com\/boutique\/product\/vetgastril-plus-3\/"},"modified":"2025-10-22T11:50:55","modified_gmt":"2025-10-22T09:50:55","slug":"vetgastril-plus-3","status":"publish","type":"product","link":"https:\/\/www.vetorino.com\/veterinaire\/ustaritz-64480\/boutique\/product\/vetgastril-plus-3\/","title":{"rendered":"Vetgastril Plus &#8211; chien"},"content":{"rendered":"<p>Pharmadiet Vetgastril Plus est un <strong>compl\u00e9ment sp\u00e9cialement con\u00e7u pour les chiens souffrants de troubles gastro-intestinaux<\/strong>.<\/p>\n<p>Vetgastril Plus<strong>\u00a0soutient le syst\u00e8me digestif et aide \u00e0 soulager les troubles gastro-intestinaux<\/strong>.<\/p>\n<p>Il contient des nutriments tels que la k\u00e9ratine hydrolys\u00e9e, l&#8217;alginate de sodium, l&#8217;hyaluronate de sodium, le gel d&#8217;alo\u00e8s, le zinc et le sulfate de chondro\u00eftine. Ces ingr\u00e9dients <strong>favorisent la protection de la muqueuse gastrique et aident \u00e0 maintenir une bonne digestion.<\/strong><\/p>\n<p><strong>Caract\u00e9ristiques :<\/strong><\/p>\n<ul>\n<li>Soutien \u00e0 la digestion<\/li>\n<li>Bonne app\u00e9tence<\/li>\n<li>Favorise la protection de la muqueuse gastrique<\/li>\n<li>Sans conservateurs<\/li>\n<\/ul>\n<p><strong>Mode d&#8217;emploi :\u00a0<\/strong><\/p>\n<p><em>Voie orale.<\/em><\/p>\n<p><em>1 comprim\u00e9 pour 20 kg de poids corporel par jour.\u00a0<\/em><\/p>\n<p><em>Plus de 40 kg de poids corporel, pendre 2 comprim\u00e9s par jour.<\/em><\/p>\n<p><em>Prendre 1 \u00e0 2 heures avant l\u2019alimentation quotidienne.\u00a0<\/em><\/p>\n<p><em>Administrez le 2 fois par jour, en divisant la quantit\u00e9 quotidienne en deux prises, espac\u00e9es de 12h.\u00a0<\/em><\/p>\n<p><em>Eau disponible en permanence.<\/em><\/p>\n<p><strong>Demander conseil \u00e0 un v\u00e9t\u00e9rinaire avant utilisation.<\/strong><\/p>\n","protected":false},"excerpt":{"rendered":"<p>Pharmadiet Vetgastril Plus est un <strong>compl\u00e9ment sp\u00e9cialement con\u00e7u pour les chiens souffrants de troubles gastro-intestinaux<\/strong>.<\/p>\n<p>Vetgastril Plus<strong>\u00a0soutient le syst\u00e8me digestif et aide \u00e0 soulager les troubles gastro-intestinaux<\/strong>.<\/p>\n<p>Il contient des nutriments tels que la k\u00e9ratine hydrolys\u00e9e, l&#8217;alginate de sodium, l&#8217;hyaluronate de sodium, le gel d&#8217;alo\u00e8s, le zinc et le sulfate de chondro\u00eftine. Ces ingr\u00e9dients <strong>favorisent la protection de la muqueuse gastrique et aident \u00e0 maintenir une bonne digestion.<\/strong><\/p>\n<p><strong>Demander conseil \u00e0 un v\u00e9t\u00e9rinaire avant utilisation.<\/strong><\/p>\n","protected":false},"featured_media":891988,"template":"","meta":[],"product_cat":[12552,2738,2698,12568,12636],"product_tag":[],"class_list":{"0":"post-891976","1":"product","2":"type-product","3":"status-publish","4":"has-post-thumbnail","6":"product_cat-alimentation-du-chien","7":"product_cat-aliments-complementaires-pour-chien","8":"product_cat-chien","9":"product_cat-produit-veterinaire-du-chien","10":"product_cat-systeme-digestif-du-chien","11":"pa_marque-pharmadiet","13":"first","14":"instock","15":"taxable","16":"shipping-taxable","17":"purchasable","18":"product-type-simple"},"yoast_head":"<!-- This site is optimized with the Yoast SEO plugin v27.3 - https:\/\/yoast.com\/product\/yoast-seo-wordpress\/ -->\n<title>Vetgastril Plus - chien Pharmadiet - V\u00e9torino<\/title>\n<meta name=\"description\" content=\"Pharmadiet Vetgastril Plus est un compl\u00e9ment sp\u00e9cialement con\u00e7u pour les chiens souffrants de troubles gastro-intestinaux.  Vetgastril Plus\u00a0soutient le syst\u00e8me digestif et aide \u00e0 soulager les troubles gastro-intestinaux.  Il contient des nutriments tels que la k\u00e9ratine hydrolys\u00e9e, l&#039;alginate de sodium, l&#039;hyaluronate de sodium, le gel d&#039;alo\u00e8s, le zinc et le sulfate de chondro\u00eftine. Ces ingr\u00e9dients favorisent la protection de la muqueuse gastrique et aident \u00e0 maintenir une bonne digestion.  Demander conseil \u00e0 un v\u00e9t\u00e9rinaire avant utilisation.\" \/>\n<meta name=\"robots\" content=\"noindex, nofollow\" \/>\n<meta property=\"og:locale\" content=\"fr_FR\" \/>\n<meta property=\"og:type\" content=\"article\" \/>\n<meta property=\"og:title\" content=\"Vetgastril Plus - chien Pharmadiet - V\u00e9torino\" \/>\n<meta property=\"og:description\" content=\"Pharmadiet Vetgastril Plus est un compl\u00e9ment sp\u00e9cialement con\u00e7u pour les chiens souffrants de troubles gastro-intestinaux.  Vetgastril Plus\u00a0soutient le syst\u00e8me digestif et aide \u00e0 soulager les troubles gastro-intestinaux.  Il contient des nutriments tels que la k\u00e9ratine hydrolys\u00e9e, l&#039;alginate de sodium, l&#039;hyaluronate de sodium, le gel d&#039;alo\u00e8s, le zinc et le sulfate de chondro\u00eftine. Ces ingr\u00e9dients favorisent la protection de la muqueuse gastrique et aident \u00e0 maintenir une bonne digestion.  Demander conseil \u00e0 un v\u00e9t\u00e9rinaire avant utilisation.\" \/>\n<meta property=\"og:url\" content=\"https:\/\/www.vetorino.com\/veterinaire\/ustaritz-64480\/boutique\/product\/vetgastril-plus-3\/\" \/>\n<meta property=\"og:site_name\" content=\"V\u00e9torino\" \/>\n<meta property=\"article:publisher\" content=\"https:\/\/www.facebook.com\/Vetorino\/\" \/>\n<meta property=\"article:modified_time\" content=\"2025-10-22T09:50:55+00:00\" \/>\n<meta property=\"og:image\" content=\"https:\/\/www.vetorino.com\/boutique\/wp-content\/uploads\/2024\/04\/Vetgastril-Plus.png\" \/>\n\t<meta property=\"og:image:width\" content=\"800\" \/>\n\t<meta property=\"og:image:height\" content=\"800\" \/>\n\t<meta property=\"og:image:type\" content=\"image\/png\" \/>\n<meta name=\"twitter:card\" content=\"summary_large_image\" \/>\n<meta name=\"twitter:label1\" content=\"Prix\" \/>\n\t<meta name=\"twitter:data1\" content=\"71,32&euro;\" \/>\n\t<meta name=\"twitter:label2\" content=\"Disponibilit\u00e9\" \/>\n\t<meta name=\"twitter:data2\" content=\"En stock\" \/>\n<script type=\"application\/ld+json\" class=\"yoast-schema-graph\">{\"@context\":\"https:\\\/\\\/schema.org\",\"@graph\":[{\"@type\":\"WebPage\",\"@id\":\"https:\\\/\\\/www.vetorino.com\\\/boutique\\\/product\\\/vetgastril-plus-3\\\/\",\"url\":\"https:\\\/\\\/www.vetorino.com\\\/boutique\\\/product\\\/vetgastril-plus-3\\\/\",\"name\":\"Vetgastril Plus - chien Pharmadiet - V\u00e9torino\",\"isPartOf\":{\"@id\":\"https:\\\/\\\/www.vetorino.com\\\/boutique\\\/#website\"},\"primaryImageOfPage\":{\"@id\":\"https:\\\/\\\/www.vetorino.com\\\/boutique\\\/product\\\/vetgastril-plus-3\\\/#primaryimage\"},\"image\":{\"@id\":\"https:\\\/\\\/www.vetorino.com\\\/boutique\\\/product\\\/vetgastril-plus-3\\\/#primaryimage\"},\"thumbnailUrl\":\"https:\\\/\\\/www.vetorino.com\\\/boutique\\\/wp-content\\\/uploads\\\/2024\\\/04\\\/Vetgastril-Plus.png\",\"datePublished\":\"2024-04-10T08:03:32+00:00\",\"dateModified\":\"2025-10-22T09:50:55+00:00\",\"description\":\"Pharmadiet Vetgastril Plus est un compl\u00e9ment sp\u00e9cialement con\u00e7u pour les chiens souffrants de troubles gastro-intestinaux. Vetgastril Plus\u00a0soutient le syst\u00e8me digestif et aide \u00e0 soulager les troubles gastro-intestinaux. Il contient des nutriments tels que la k\u00e9ratine hydrolys\u00e9e, l'alginate de sodium, l'hyaluronate de sodium, le gel d'alo\u00e8s, le zinc et le sulfate de chondro\u00eftine. Ces ingr\u00e9dients favorisent la protection de la muqueuse gastrique et aident \u00e0 maintenir une bonne digestion. Demander conseil \u00e0 un v\u00e9t\u00e9rinaire avant utilisation.\",\"breadcrumb\":{\"@id\":\"https:\\\/\\\/www.vetorino.com\\\/boutique\\\/product\\\/vetgastril-plus-3\\\/#breadcrumb\"},\"inLanguage\":\"fr-FR\",\"potentialAction\":[{\"@type\":\"ReadAction\",\"target\":[\"https:\\\/\\\/www.vetorino.com\\\/boutique\\\/product\\\/vetgastril-plus-3\\\/\"]}]},{\"@type\":\"ImageObject\",\"inLanguage\":\"fr-FR\",\"@id\":\"https:\\\/\\\/www.vetorino.com\\\/boutique\\\/product\\\/vetgastril-plus-3\\\/#primaryimage\",\"url\":\"https:\\\/\\\/www.vetorino.com\\\/boutique\\\/wp-content\\\/uploads\\\/2024\\\/04\\\/Vetgastril-Plus.png\",\"contentUrl\":\"https:\\\/\\\/www.vetorino.com\\\/boutique\\\/wp-content\\\/uploads\\\/2024\\\/04\\\/Vetgastril-Plus.png\",\"width\":800,\"height\":800},{\"@type\":\"BreadcrumbList\",\"@id\":\"https:\\\/\\\/www.vetorino.com\\\/boutique\\\/product\\\/vetgastril-plus-3\\\/#breadcrumb\",\"itemListElement\":[{\"@type\":\"ListItem\",\"position\":1,\"name\":\"Accueil\",\"item\":\"https:\\\/\\\/www.vetorino.com\\\/boutique\\\/\"},{\"@type\":\"ListItem\",\"position\":2,\"name\":\"Produits\",\"item\":\"https:\\\/\\\/www.vetorino.com\\\/boutique\\\/\"},{\"@type\":\"ListItem\",\"position\":3,\"name\":\"Vetgastril Plus &#8211; chien\"}]},{\"@type\":\"WebSite\",\"@id\":\"https:\\\/\\\/www.vetorino.com\\\/boutique\\\/#website\",\"url\":\"https:\\\/\\\/www.vetorino.com\\\/boutique\\\/\",\"name\":\"V\u00e9torino\",\"description\":\"\",\"publisher\":{\"@id\":\"https:\\\/\\\/www.vetorino.com\\\/boutique\\\/#organization\"},\"potentialAction\":[{\"@type\":\"SearchAction\",\"target\":{\"@type\":\"EntryPoint\",\"urlTemplate\":\"https:\\\/\\\/www.vetorino.com\\\/boutique\\\/?s={search_term_string}\"},\"query-input\":{\"@type\":\"PropertyValueSpecification\",\"valueRequired\":true,\"valueName\":\"search_term_string\"}}],\"inLanguage\":\"fr-FR\"},{\"@type\":\"Organization\",\"@id\":\"https:\\\/\\\/www.vetorino.com\\\/boutique\\\/#organization\",\"name\":\"V\u00e9torino\",\"url\":\"https:\\\/\\\/www.vetorino.com\\\/boutique\\\/\",\"logo\":{\"@type\":\"ImageObject\",\"inLanguage\":\"fr-FR\",\"@id\":\"https:\\\/\\\/www.vetorino.com\\\/boutique\\\/#\\\/schema\\\/logo\\\/image\\\/\",\"url\":\"https:\\\/\\\/www.vetorino.com\\\/boutique\\\/wp-content\\\/uploads\\\/2024\\\/10\\\/logo.jpg\",\"contentUrl\":\"https:\\\/\\\/www.vetorino.com\\\/boutique\\\/wp-content\\\/uploads\\\/2024\\\/10\\\/logo.jpg\",\"width\":1200,\"height\":610,\"caption\":\"V\u00e9torino\"},\"image\":{\"@id\":\"https:\\\/\\\/www.vetorino.com\\\/boutique\\\/#\\\/schema\\\/logo\\\/image\\\/\"},\"sameAs\":[\"https:\\\/\\\/www.facebook.com\\\/Vetorino\\\/\",\"https:\\\/\\\/www.instagram.com\\\/vetorino_off\\\/\",\"https:\\\/\\\/www.linkedin.com\\\/company\\\/vtorino\\\/\"]}]}<\/script>\n<meta property=\"product:brand\" content=\"Pharmadiet\" \/>\n<meta property=\"product:price:amount\" content=\"71.32\" \/>\n<meta property=\"product:price:currency\" content=\"EUR\" \/>\n<meta property=\"og:availability\" content=\"instock\" \/>\n<meta property=\"product:availability\" content=\"instock\" \/>\n<meta property=\"product:retailer_item_id\" content=\"A-1878990\" \/>\n<meta property=\"product:condition\" content=\"new\" \/>\n<!-- \/ Yoast SEO plugin. -->","yoast_head_json":{"title":"Vetgastril Plus - chien Pharmadiet - V\u00e9torino","description":"Pharmadiet Vetgastril Plus est un compl\u00e9ment sp\u00e9cialement con\u00e7u pour les chiens souffrants de troubles gastro-intestinaux.  Vetgastril Plus\u00a0soutient le syst\u00e8me digestif et aide \u00e0 soulager les troubles gastro-intestinaux.  Il contient des nutriments tels que la k\u00e9ratine hydrolys\u00e9e, l'alginate de sodium, l'hyaluronate de sodium, le gel d'alo\u00e8s, le zinc et le sulfate de chondro\u00eftine. Ces ingr\u00e9dients favorisent la protection de la muqueuse gastrique et aident \u00e0 maintenir une bonne digestion.  Demander conseil \u00e0 un v\u00e9t\u00e9rinaire avant utilisation.","robots":{"index":"noindex","follow":"nofollow"},"og_locale":"fr_FR","og_type":"article","og_title":"Vetgastril Plus - chien Pharmadiet - V\u00e9torino","og_description":"Pharmadiet Vetgastril Plus est un compl\u00e9ment sp\u00e9cialement con\u00e7u pour les chiens souffrants de troubles gastro-intestinaux.  Vetgastril Plus\u00a0soutient le syst\u00e8me digestif et aide \u00e0 soulager les troubles gastro-intestinaux.  Il contient des nutriments tels que la k\u00e9ratine hydrolys\u00e9e, l'alginate de sodium, l'hyaluronate de sodium, le gel d'alo\u00e8s, le zinc et le sulfate de chondro\u00eftine. Ces ingr\u00e9dients favorisent la protection de la muqueuse gastrique et aident \u00e0 maintenir une bonne digestion.  Demander conseil \u00e0 un v\u00e9t\u00e9rinaire avant utilisation.","og_url":"https:\/\/www.vetorino.com\/veterinaire\/ustaritz-64480\/boutique\/product\/vetgastril-plus-3\/","og_site_name":"V\u00e9torino","article_publisher":"https:\/\/www.facebook.com\/Vetorino\/","article_modified_time":"2025-10-22T09:50:55+00:00","og_image":[{"width":800,"height":800,"url":"https:\/\/www.vetorino.com\/boutique\/wp-content\/uploads\/2024\/04\/Vetgastril-Plus.png","type":"image\/png"}],"twitter_card":"summary_large_image","twitter_misc":{"Prix":"71,32&euro;","Disponibilit\u00e9":"En stock"},"schema":{"@context":"https:\/\/schema.org","@graph":[{"@type":"WebPage","@id":"https:\/\/www.vetorino.com\/boutique\/product\/vetgastril-plus-3\/","url":"https:\/\/www.vetorino.com\/boutique\/product\/vetgastril-plus-3\/","name":"Vetgastril Plus - chien Pharmadiet - V\u00e9torino","isPartOf":{"@id":"https:\/\/www.vetorino.com\/boutique\/#website"},"primaryImageOfPage":{"@id":"https:\/\/www.vetorino.com\/boutique\/product\/vetgastril-plus-3\/#primaryimage"},"image":{"@id":"https:\/\/www.vetorino.com\/boutique\/product\/vetgastril-plus-3\/#primaryimage"},"thumbnailUrl":"https:\/\/www.vetorino.com\/boutique\/wp-content\/uploads\/2024\/04\/Vetgastril-Plus.png","datePublished":"2024-04-10T08:03:32+00:00","dateModified":"2025-10-22T09:50:55+00:00","description":"Pharmadiet Vetgastril Plus est un compl\u00e9ment sp\u00e9cialement con\u00e7u pour les chiens souffrants de troubles gastro-intestinaux. Vetgastril Plus\u00a0soutient le syst\u00e8me digestif et aide \u00e0 soulager les troubles gastro-intestinaux. Il contient des nutriments tels que la k\u00e9ratine hydrolys\u00e9e, l'alginate de sodium, l'hyaluronate de sodium, le gel d'alo\u00e8s, le zinc et le sulfate de chondro\u00eftine. Ces ingr\u00e9dients favorisent la protection de la muqueuse gastrique et aident \u00e0 maintenir une bonne digestion. Demander conseil \u00e0 un v\u00e9t\u00e9rinaire avant utilisation.","breadcrumb":{"@id":"https:\/\/www.vetorino.com\/boutique\/product\/vetgastril-plus-3\/#breadcrumb"},"inLanguage":"fr-FR","potentialAction":[{"@type":"ReadAction","target":["https:\/\/www.vetorino.com\/boutique\/product\/vetgastril-plus-3\/"]}]},{"@type":"ImageObject","inLanguage":"fr-FR","@id":"https:\/\/www.vetorino.com\/boutique\/product\/vetgastril-plus-3\/#primaryimage","url":"https:\/\/www.vetorino.com\/boutique\/wp-content\/uploads\/2024\/04\/Vetgastril-Plus.png","contentUrl":"https:\/\/www.vetorino.com\/boutique\/wp-content\/uploads\/2024\/04\/Vetgastril-Plus.png","width":800,"height":800},{"@type":"BreadcrumbList","@id":"https:\/\/www.vetorino.com\/boutique\/product\/vetgastril-plus-3\/#breadcrumb","itemListElement":[{"@type":"ListItem","position":1,"name":"Accueil","item":"https:\/\/www.vetorino.com\/boutique\/"},{"@type":"ListItem","position":2,"name":"Produits","item":"https:\/\/www.vetorino.com\/boutique\/"},{"@type":"ListItem","position":3,"name":"Vetgastril Plus &#8211; chien"}]},{"@type":"WebSite","@id":"https:\/\/www.vetorino.com\/boutique\/#website","url":"https:\/\/www.vetorino.com\/boutique\/","name":"V\u00e9torino","description":"","publisher":{"@id":"https:\/\/www.vetorino.com\/boutique\/#organization"},"potentialAction":[{"@type":"SearchAction","target":{"@type":"EntryPoint","urlTemplate":"https:\/\/www.vetorino.com\/boutique\/?s={search_term_string}"},"query-input":{"@type":"PropertyValueSpecification","valueRequired":true,"valueName":"search_term_string"}}],"inLanguage":"fr-FR"},{"@type":"Organization","@id":"https:\/\/www.vetorino.com\/boutique\/#organization","name":"V\u00e9torino","url":"https:\/\/www.vetorino.com\/boutique\/","logo":{"@type":"ImageObject","inLanguage":"fr-FR","@id":"https:\/\/www.vetorino.com\/boutique\/#\/schema\/logo\/image\/","url":"https:\/\/www.vetorino.com\/boutique\/wp-content\/uploads\/2024\/10\/logo.jpg","contentUrl":"https:\/\/www.vetorino.com\/boutique\/wp-content\/uploads\/2024\/10\/logo.jpg","width":1200,"height":610,"caption":"V\u00e9torino"},"image":{"@id":"https:\/\/www.vetorino.com\/boutique\/#\/schema\/logo\/image\/"},"sameAs":["https:\/\/www.facebook.com\/Vetorino\/","https:\/\/www.instagram.com\/vetorino_off\/","https:\/\/www.linkedin.com\/company\/vtorino\/"]}]},"product_brand":"Pharmadiet","product_price_amount":"71.32","product_price_currency":"EUR","og_availability":"instock","product_availability":"instock","product_retailer_item_id":"A-1878990","product_condition":"new"},"_links":{"self":[{"href":"https:\/\/www.vetorino.com\/veterinaire\/ustaritz-64480\/boutique\/wp-json\/wp\/v2\/product\/891976","targetHints":{"allow":["GET"]}}],"collection":[{"href":"https:\/\/www.vetorino.com\/veterinaire\/ustaritz-64480\/boutique\/wp-json\/wp\/v2\/product"}],"about":[{"href":"https:\/\/www.vetorino.com\/veterinaire\/ustaritz-64480\/boutique\/wp-json\/wp\/v2\/types\/product"}],"wp:featuredmedia":[{"embeddable":true,"href":"https:\/\/www.vetorino.com\/veterinaire\/ustaritz-64480\/boutique\/wp-json\/wp\/v2\/media\/891988"}],"wp:attachment":[{"href":"https:\/\/www.vetorino.com\/veterinaire\/ustaritz-64480\/boutique\/wp-json\/wp\/v2\/media?parent=891976"}],"wp:term":[{"taxonomy":"product_cat","embeddable":true,"href":"https:\/\/www.vetorino.com\/veterinaire\/ustaritz-64480\/boutique\/wp-json\/wp\/v2\/product_cat?post=891976"},{"taxonomy":"product_tag","embeddable":true,"href":"https:\/\/www.vetorino.com\/veterinaire\/ustaritz-64480\/boutique\/wp-json\/wp\/v2\/product_tag?post=891976"}],"curies":[{"name":"wp","href":"https:\/\/api.w.org\/{rel}","templated":true}]}}