{"id":897456,"date":"2024-04-16T14:52:58","date_gmt":"2024-04-16T12:52:58","guid":{"rendered":"https:\/\/www.vetorino.com\/boutique\/product\/furminator-rateau\/"},"modified":"2024-04-22T11:50:24","modified_gmt":"2024-04-22T09:50:24","slug":"furminator-rateau","status":"publish","type":"product","link":"https:\/\/www.vetorino.com\/veterinaire\/ustaritz-64480\/boutique\/product\/furminator-rateau\/","title":{"rendered":"R\u00e2teau de toilettage"},"content":{"rendered":"<p>Le r\u00e2teau de toilettage FURminator\u00ae \u00e9limine les poils morts du sous-poil et ses picots m\u00e9talliques rotatifs aident \u00e0 pr\u00e9venir la formation des n\u0153uds et des bourres de poils. Il est id\u00e9al pour les chiens et les chats au pelage dense ou \u00e0 double \u00e9paisseur. La poign\u00e9e ergonomique antid\u00e9rapante du r\u00e2teau de toilettage FURminator\u00ae offre une prise en main optimale pendant l&#8217;utilisation.<\/p>\n<h4 class=\"headline-sm mb-8\">B\u00e9n\u00e9fices cl\u00e9s<\/h4>\n<ul class=\"features list-check\">\n<li>\u00c9limine les poils morts, d\u00e9m\u00eale les poils et pr\u00e9vient la formation de n\u0153uds<\/li>\n<li>Avec picots m\u00e9talliques pivotants<\/li>\n<li>Outil id\u00e9al pour les chiens et les chats au pelage dense ou \u00e0 double \u00e9paisseur<\/li>\n<\/ul>\n","protected":false},"excerpt":{"rendered":"<p><strong>R\u00e2teau FURminator\u00ae pour les animaux au pelage \u00e9pais.<\/strong> Il d\u00e9m\u00eale, \u00e9limine les poils morts et pr\u00e9vient la formation des n\u0153uds. Dents m\u00e9talliques pivotantes. Poign\u00e9e ergonomique antid\u00e9rapante.<\/p>\n<p>\u00c0 utiliser 5 \u00e0 10 minutes par s\u00e9ance sur un pelage sec.<\/p>\n","protected":false},"featured_media":902227,"template":"","meta":[],"product_cat":[12548,12573,2761,2791,12550,12590,2697,2698],"product_tag":[],"class_list":{"0":"post-897456","1":"product","2":"type-product","3":"status-publish","4":"has-post-thumbnail","6":"product_cat-accessoire-du-chat","7":"product_cat-accessoire-pour-lhygiene-du-chien","8":"product_cat-accessoires-de-toilettage-pour-chat","9":"product_cat-accessoires-de-toilettage-pour-chien","10":"product_cat-accessoires-du-chien","11":"product_cat-brosses-pour-chat","12":"product_cat-chat","13":"product_cat-chien","14":"pa_marque-furminator","16":"first","17":"outofstock","18":"taxable","19":"shipping-taxable","20":"purchasable","21":"product-type-simple"},"yoast_head":"<!-- This site is optimized with the Yoast SEO plugin v27.3 - https:\/\/yoast.com\/product\/yoast-seo-wordpress\/ -->\n<title>R\u00e2teau de toilettage Furminator - V\u00e9torino<\/title>\n<meta name=\"description\" content=\"R\u00e2teau FURminator\u00ae pour les animaux au pelage \u00e9pais. Il d\u00e9m\u00eale, \u00e9limine les poils morts et pr\u00e9vient la formation des n\u0153uds. Dents m\u00e9talliques pivotantes. Poign\u00e9e ergonomique antid\u00e9rapante.  \u00c0 utiliser 5 \u00e0 10 minutes par s\u00e9ance sur un pelage sec.\" \/>\n<meta name=\"robots\" content=\"noindex, nofollow\" \/>\n<meta property=\"og:locale\" content=\"fr_FR\" \/>\n<meta property=\"og:type\" content=\"article\" \/>\n<meta property=\"og:title\" content=\"R\u00e2teau de toilettage Furminator - V\u00e9torino\" \/>\n<meta property=\"og:description\" content=\"R\u00e2teau FURminator\u00ae pour les animaux au pelage \u00e9pais. Il d\u00e9m\u00eale, \u00e9limine les poils morts et pr\u00e9vient la formation des n\u0153uds. Dents m\u00e9talliques pivotantes. Poign\u00e9e ergonomique antid\u00e9rapante.  \u00c0 utiliser 5 \u00e0 10 minutes par s\u00e9ance sur un pelage sec.\" \/>\n<meta property=\"og:url\" content=\"https:\/\/www.vetorino.com\/veterinaire\/ustaritz-64480\/boutique\/product\/furminator-rateau\/\" \/>\n<meta property=\"og:site_name\" content=\"V\u00e9torino\" \/>\n<meta property=\"article:publisher\" content=\"https:\/\/www.facebook.com\/Vetorino\/\" \/>\n<meta property=\"article:modified_time\" content=\"2024-04-22T09:50:24+00:00\" \/>\n<meta property=\"og:image\" content=\"https:\/\/www.vetorino.com\/boutique\/wp-content\/uploads\/2024\/04\/csm_TH32179_9650_f44d714a67.webp\" \/>\n\t<meta property=\"og:image:width\" content=\"800\" \/>\n\t<meta property=\"og:image:height\" content=\"800\" \/>\n\t<meta property=\"og:image:type\" content=\"image\/webp\" \/>\n<meta name=\"twitter:card\" content=\"summary_large_image\" \/>\n<meta name=\"twitter:label1\" content=\"Prix\" \/>\n\t<meta name=\"twitter:data1\" content=\"22,45&euro;\" \/>\n\t<meta name=\"twitter:label2\" content=\"Disponibilit\u00e9\" \/>\n\t<meta name=\"twitter:data2\" content=\"Rupture de stock\" \/>\n<script type=\"application\/ld+json\" class=\"yoast-schema-graph\">{\"@context\":\"https:\\\/\\\/schema.org\",\"@graph\":[{\"@type\":\"WebPage\",\"@id\":\"https:\\\/\\\/www.vetorino.com\\\/boutique\\\/product\\\/furminator-rateau\\\/\",\"url\":\"https:\\\/\\\/www.vetorino.com\\\/boutique\\\/product\\\/furminator-rateau\\\/\",\"name\":\"R\u00e2teau de toilettage Furminator - V\u00e9torino\",\"isPartOf\":{\"@id\":\"https:\\\/\\\/www.vetorino.com\\\/boutique\\\/#website\"},\"primaryImageOfPage\":{\"@id\":\"https:\\\/\\\/www.vetorino.com\\\/boutique\\\/product\\\/furminator-rateau\\\/#primaryimage\"},\"image\":{\"@id\":\"https:\\\/\\\/www.vetorino.com\\\/boutique\\\/product\\\/furminator-rateau\\\/#primaryimage\"},\"thumbnailUrl\":\"https:\\\/\\\/www.vetorino.com\\\/boutique\\\/wp-content\\\/uploads\\\/2024\\\/04\\\/csm_TH32179_9650_f44d714a67.webp\",\"datePublished\":\"2024-04-16T12:52:58+00:00\",\"dateModified\":\"2024-04-22T09:50:24+00:00\",\"description\":\"R\u00e2teau FURminator\u00ae pour les animaux au pelage \u00e9pais. Il d\u00e9m\u00eale, \u00e9limine les poils morts et pr\u00e9vient la formation des n\u0153uds. Dents m\u00e9talliques pivotantes. Poign\u00e9e ergonomique antid\u00e9rapante. \u00c0 utiliser 5 \u00e0 10 minutes par s\u00e9ance sur un pelage sec.\",\"breadcrumb\":{\"@id\":\"https:\\\/\\\/www.vetorino.com\\\/boutique\\\/product\\\/furminator-rateau\\\/#breadcrumb\"},\"inLanguage\":\"fr-FR\",\"potentialAction\":[{\"@type\":\"ReadAction\",\"target\":[\"https:\\\/\\\/www.vetorino.com\\\/boutique\\\/product\\\/furminator-rateau\\\/\"]}]},{\"@type\":\"ImageObject\",\"inLanguage\":\"fr-FR\",\"@id\":\"https:\\\/\\\/www.vetorino.com\\\/boutique\\\/product\\\/furminator-rateau\\\/#primaryimage\",\"url\":\"https:\\\/\\\/www.vetorino.com\\\/boutique\\\/wp-content\\\/uploads\\\/2024\\\/04\\\/csm_TH32179_9650_f44d714a67.webp\",\"contentUrl\":\"https:\\\/\\\/www.vetorino.com\\\/boutique\\\/wp-content\\\/uploads\\\/2024\\\/04\\\/csm_TH32179_9650_f44d714a67.webp\",\"width\":800,\"height\":800},{\"@type\":\"BreadcrumbList\",\"@id\":\"https:\\\/\\\/www.vetorino.com\\\/boutique\\\/product\\\/furminator-rateau\\\/#breadcrumb\",\"itemListElement\":[{\"@type\":\"ListItem\",\"position\":1,\"name\":\"Accueil\",\"item\":\"https:\\\/\\\/www.vetorino.com\\\/boutique\\\/\"},{\"@type\":\"ListItem\",\"position\":2,\"name\":\"Produits\",\"item\":\"https:\\\/\\\/www.vetorino.com\\\/boutique\\\/\"},{\"@type\":\"ListItem\",\"position\":3,\"name\":\"R\u00e2teau de toilettage\"}]},{\"@type\":\"WebSite\",\"@id\":\"https:\\\/\\\/www.vetorino.com\\\/boutique\\\/#website\",\"url\":\"https:\\\/\\\/www.vetorino.com\\\/boutique\\\/\",\"name\":\"V\u00e9torino\",\"description\":\"\",\"publisher\":{\"@id\":\"https:\\\/\\\/www.vetorino.com\\\/boutique\\\/#organization\"},\"potentialAction\":[{\"@type\":\"SearchAction\",\"target\":{\"@type\":\"EntryPoint\",\"urlTemplate\":\"https:\\\/\\\/www.vetorino.com\\\/boutique\\\/?s={search_term_string}\"},\"query-input\":{\"@type\":\"PropertyValueSpecification\",\"valueRequired\":true,\"valueName\":\"search_term_string\"}}],\"inLanguage\":\"fr-FR\"},{\"@type\":\"Organization\",\"@id\":\"https:\\\/\\\/www.vetorino.com\\\/boutique\\\/#organization\",\"name\":\"V\u00e9torino\",\"url\":\"https:\\\/\\\/www.vetorino.com\\\/boutique\\\/\",\"logo\":{\"@type\":\"ImageObject\",\"inLanguage\":\"fr-FR\",\"@id\":\"https:\\\/\\\/www.vetorino.com\\\/boutique\\\/#\\\/schema\\\/logo\\\/image\\\/\",\"url\":\"https:\\\/\\\/www.vetorino.com\\\/boutique\\\/wp-content\\\/uploads\\\/2024\\\/10\\\/logo.jpg\",\"contentUrl\":\"https:\\\/\\\/www.vetorino.com\\\/boutique\\\/wp-content\\\/uploads\\\/2024\\\/10\\\/logo.jpg\",\"width\":1200,\"height\":610,\"caption\":\"V\u00e9torino\"},\"image\":{\"@id\":\"https:\\\/\\\/www.vetorino.com\\\/boutique\\\/#\\\/schema\\\/logo\\\/image\\\/\"},\"sameAs\":[\"https:\\\/\\\/www.facebook.com\\\/Vetorino\\\/\",\"https:\\\/\\\/www.instagram.com\\\/vetorino_off\\\/\",\"https:\\\/\\\/www.linkedin.com\\\/company\\\/vtorino\\\/\"]}]}<\/script>\n<meta property=\"product:brand\" content=\"Furminator\" \/>\n<meta property=\"product:price:amount\" content=\"22.45\" \/>\n<meta property=\"product:price:currency\" content=\"EUR\" \/>\n<meta property=\"og:availability\" content=\"out of stock\" \/>\n<meta property=\"product:availability\" content=\"out of stock\" \/>\n<meta property=\"product:retailer_item_id\" content=\"A-1147230\" \/>\n<meta property=\"product:condition\" content=\"new\" \/>\n<!-- \/ Yoast SEO plugin. -->","yoast_head_json":{"title":"R\u00e2teau de toilettage Furminator - V\u00e9torino","description":"R\u00e2teau FURminator\u00ae pour les animaux au pelage \u00e9pais. Il d\u00e9m\u00eale, \u00e9limine les poils morts et pr\u00e9vient la formation des n\u0153uds. Dents m\u00e9talliques pivotantes. Poign\u00e9e ergonomique antid\u00e9rapante.  \u00c0 utiliser 5 \u00e0 10 minutes par s\u00e9ance sur un pelage sec.","robots":{"index":"noindex","follow":"nofollow"},"og_locale":"fr_FR","og_type":"article","og_title":"R\u00e2teau de toilettage Furminator - V\u00e9torino","og_description":"R\u00e2teau FURminator\u00ae pour les animaux au pelage \u00e9pais. Il d\u00e9m\u00eale, \u00e9limine les poils morts et pr\u00e9vient la formation des n\u0153uds. Dents m\u00e9talliques pivotantes. Poign\u00e9e ergonomique antid\u00e9rapante.  \u00c0 utiliser 5 \u00e0 10 minutes par s\u00e9ance sur un pelage sec.","og_url":"https:\/\/www.vetorino.com\/veterinaire\/ustaritz-64480\/boutique\/product\/furminator-rateau\/","og_site_name":"V\u00e9torino","article_publisher":"https:\/\/www.facebook.com\/Vetorino\/","article_modified_time":"2024-04-22T09:50:24+00:00","og_image":[{"width":800,"height":800,"url":"https:\/\/www.vetorino.com\/boutique\/wp-content\/uploads\/2024\/04\/csm_TH32179_9650_f44d714a67.webp","type":"image\/webp"}],"twitter_card":"summary_large_image","twitter_misc":{"Prix":"22,45&euro;","Disponibilit\u00e9":"Rupture de stock"},"schema":{"@context":"https:\/\/schema.org","@graph":[{"@type":"WebPage","@id":"https:\/\/www.vetorino.com\/boutique\/product\/furminator-rateau\/","url":"https:\/\/www.vetorino.com\/boutique\/product\/furminator-rateau\/","name":"R\u00e2teau de toilettage Furminator - V\u00e9torino","isPartOf":{"@id":"https:\/\/www.vetorino.com\/boutique\/#website"},"primaryImageOfPage":{"@id":"https:\/\/www.vetorino.com\/boutique\/product\/furminator-rateau\/#primaryimage"},"image":{"@id":"https:\/\/www.vetorino.com\/boutique\/product\/furminator-rateau\/#primaryimage"},"thumbnailUrl":"https:\/\/www.vetorino.com\/boutique\/wp-content\/uploads\/2024\/04\/csm_TH32179_9650_f44d714a67.webp","datePublished":"2024-04-16T12:52:58+00:00","dateModified":"2024-04-22T09:50:24+00:00","description":"R\u00e2teau FURminator\u00ae pour les animaux au pelage \u00e9pais. Il d\u00e9m\u00eale, \u00e9limine les poils morts et pr\u00e9vient la formation des n\u0153uds. Dents m\u00e9talliques pivotantes. Poign\u00e9e ergonomique antid\u00e9rapante. \u00c0 utiliser 5 \u00e0 10 minutes par s\u00e9ance sur un pelage sec.","breadcrumb":{"@id":"https:\/\/www.vetorino.com\/boutique\/product\/furminator-rateau\/#breadcrumb"},"inLanguage":"fr-FR","potentialAction":[{"@type":"ReadAction","target":["https:\/\/www.vetorino.com\/boutique\/product\/furminator-rateau\/"]}]},{"@type":"ImageObject","inLanguage":"fr-FR","@id":"https:\/\/www.vetorino.com\/boutique\/product\/furminator-rateau\/#primaryimage","url":"https:\/\/www.vetorino.com\/boutique\/wp-content\/uploads\/2024\/04\/csm_TH32179_9650_f44d714a67.webp","contentUrl":"https:\/\/www.vetorino.com\/boutique\/wp-content\/uploads\/2024\/04\/csm_TH32179_9650_f44d714a67.webp","width":800,"height":800},{"@type":"BreadcrumbList","@id":"https:\/\/www.vetorino.com\/boutique\/product\/furminator-rateau\/#breadcrumb","itemListElement":[{"@type":"ListItem","position":1,"name":"Accueil","item":"https:\/\/www.vetorino.com\/boutique\/"},{"@type":"ListItem","position":2,"name":"Produits","item":"https:\/\/www.vetorino.com\/boutique\/"},{"@type":"ListItem","position":3,"name":"R\u00e2teau de toilettage"}]},{"@type":"WebSite","@id":"https:\/\/www.vetorino.com\/boutique\/#website","url":"https:\/\/www.vetorino.com\/boutique\/","name":"V\u00e9torino","description":"","publisher":{"@id":"https:\/\/www.vetorino.com\/boutique\/#organization"},"potentialAction":[{"@type":"SearchAction","target":{"@type":"EntryPoint","urlTemplate":"https:\/\/www.vetorino.com\/boutique\/?s={search_term_string}"},"query-input":{"@type":"PropertyValueSpecification","valueRequired":true,"valueName":"search_term_string"}}],"inLanguage":"fr-FR"},{"@type":"Organization","@id":"https:\/\/www.vetorino.com\/boutique\/#organization","name":"V\u00e9torino","url":"https:\/\/www.vetorino.com\/boutique\/","logo":{"@type":"ImageObject","inLanguage":"fr-FR","@id":"https:\/\/www.vetorino.com\/boutique\/#\/schema\/logo\/image\/","url":"https:\/\/www.vetorino.com\/boutique\/wp-content\/uploads\/2024\/10\/logo.jpg","contentUrl":"https:\/\/www.vetorino.com\/boutique\/wp-content\/uploads\/2024\/10\/logo.jpg","width":1200,"height":610,"caption":"V\u00e9torino"},"image":{"@id":"https:\/\/www.vetorino.com\/boutique\/#\/schema\/logo\/image\/"},"sameAs":["https:\/\/www.facebook.com\/Vetorino\/","https:\/\/www.instagram.com\/vetorino_off\/","https:\/\/www.linkedin.com\/company\/vtorino\/"]}]},"product_brand":"Furminator","product_price_amount":"22.45","product_price_currency":"EUR","og_availability":"out of stock","product_availability":"out of stock","product_retailer_item_id":"A-1147230","product_condition":"new"},"_links":{"self":[{"href":"https:\/\/www.vetorino.com\/veterinaire\/ustaritz-64480\/boutique\/wp-json\/wp\/v2\/product\/897456","targetHints":{"allow":["GET"]}}],"collection":[{"href":"https:\/\/www.vetorino.com\/veterinaire\/ustaritz-64480\/boutique\/wp-json\/wp\/v2\/product"}],"about":[{"href":"https:\/\/www.vetorino.com\/veterinaire\/ustaritz-64480\/boutique\/wp-json\/wp\/v2\/types\/product"}],"wp:featuredmedia":[{"embeddable":true,"href":"https:\/\/www.vetorino.com\/veterinaire\/ustaritz-64480\/boutique\/wp-json\/wp\/v2\/media\/902227"}],"wp:attachment":[{"href":"https:\/\/www.vetorino.com\/veterinaire\/ustaritz-64480\/boutique\/wp-json\/wp\/v2\/media?parent=897456"}],"wp:term":[{"taxonomy":"product_cat","embeddable":true,"href":"https:\/\/www.vetorino.com\/veterinaire\/ustaritz-64480\/boutique\/wp-json\/wp\/v2\/product_cat?post=897456"},{"taxonomy":"product_tag","embeddable":true,"href":"https:\/\/www.vetorino.com\/veterinaire\/ustaritz-64480\/boutique\/wp-json\/wp\/v2\/product_tag?post=897456"}],"curies":[{"name":"wp","href":"https:\/\/api.w.org\/{rel}","templated":true}]}}