{"id":897465,"date":"2024-04-16T14:53:13","date_gmt":"2024-04-16T12:53:13","guid":{"rendered":"https:\/\/www.vetorino.com\/boutique\/product\/furminator-recuperation-poils\/"},"modified":"2024-04-22T10:53:13","modified_gmt":"2024-04-22T08:53:13","slug":"furminator-recuperation-poils","status":"publish","type":"product","link":"https:\/\/www.vetorino.com\/veterinaire\/ustaritz-64480\/boutique\/product\/furminator-recuperation-poils\/","title":{"rendered":"FURminator collecteur de poils"},"content":{"rendered":"<p>Le collecteur de poils FURminator \u00e9limine les poils pour animaux tomb\u00e9s de nombreuses surfaces dans votre foyer. Utilisez-le selon les besoins, tous les jours si besoin est.<\/p>\n<p>Le collecteur de poils r\u00e9cup\u00e8re les poils sur presque toutes les surfaces dans l\u2019appartement comme par ex. les meubles, les lits, les tapis.<\/p>\n<p>Les produits sont sans colle et fonctionnent donc encore apr\u00e8s de nombreuses applications. Ils collectent les poils d\u00e9tach\u00e9s de presque tous les animaux \u00e0 pelage et tous les types de poils, qu\u2019ils soient longs ou courts, \u00e9pais ou fins. Ils sont aussi tr\u00e8s utiles pour \u00e9liminer les nombreux poils qui tombent lors du brossage et de l\u2019entretien du pelage avec un outil de toilettage deShedding.<\/p>\n<p>Utilisation<br \/>\nPassez le collecteur de poils pour animaux plusieurs fois sur les endroits et les surfaces concern\u00e9es. Pendant l\u2019utilisation, tournez de temps \u00e0 autre la t\u00eate du FURcollector pour faire passer les poils tomb\u00e9s dans le bac de collecte. Si le bac de collecte est plein ou si le rouleau ne collecte plus de poils, ouvrez le r\u00e9servoir par simple pression de bouton. Videz le bac de collecte, refermez le collecteur de poils et vous pouvez continuer \u2013 jusqu\u2019\u00e0 ce que toutes les surfaces soient propres.<\/p>\n<p>Tous les avantages du collceteur de poil FURminator en un coup d\u2019\u0153il :<\/p>\n<ul>\n<li>Rouleau pour collection efficace de poils d\u2019animal<\/li>\n<li>Chambre de collecte facile \u00e0 vider<\/li>\n<li>Manche ergonomique pour une utilisation fiable<\/li>\n<li>Bouton pour tourner la brosse pour l\u2019enregistrement des poils<\/li>\n<li>par les d\u00e9veloppeurs de l\u2019original FURminator deShedding pour les poils<\/li>\n<\/ul>\n","protected":false},"excerpt":{"rendered":"<p>L<strong>e rouleau FURminator<sup>\u00ae<\/sup> Hair Collection \u00e9limine les poils qui se sont incrust\u00e9s dans les v\u00eatements<\/strong>, les meubles et les tissus. Compartiment qui r\u00e9cup\u00e8re les poils d\u2019animaux.<br \/>\nPoign\u00e9e ergonomique antid\u00e9rapante.<\/p>\n","protected":false},"featured_media":897464,"template":"","meta":[],"product_cat":[12548,12550,2697,2698,12612,12561],"product_tag":[],"class_list":{"0":"post-897465","1":"product","2":"type-product","3":"status-publish","4":"has-post-thumbnail","6":"product_cat-accessoire-du-chat","7":"product_cat-accessoires-du-chien","8":"product_cat-chat","9":"product_cat-chien","10":"product_cat-hygiene-de-la-peau-et-du-pelage-du-chien","11":"product_cat-hygiene-du-chien","12":"pa_marque-furminator","14":"first","15":"instock","16":"taxable","17":"shipping-taxable","18":"purchasable","19":"product-type-simple"},"yoast_head":"<!-- This site is optimized with the Yoast SEO plugin v27.3 - https:\/\/yoast.com\/product\/yoast-seo-wordpress\/ -->\n<title>FURminator collecteur de poils Furminator - V\u00e9torino<\/title>\n<meta name=\"description\" content=\"Le rouleau FURminator\u00ae Hair Collection \u00e9limine les poils qui se sont incrust\u00e9s dans les v\u00eatements, les meubles et les tissus. Compartiment qui r\u00e9cup\u00e8re les poils d\u2019animaux. Poign\u00e9e ergonomique antid\u00e9rapante.\" \/>\n<meta name=\"robots\" content=\"noindex, nofollow\" \/>\n<meta property=\"og:locale\" content=\"fr_FR\" \/>\n<meta property=\"og:type\" content=\"article\" \/>\n<meta property=\"og:title\" content=\"FURminator collecteur de poils Furminator - V\u00e9torino\" \/>\n<meta property=\"og:description\" content=\"Le rouleau FURminator\u00ae Hair Collection \u00e9limine les poils qui se sont incrust\u00e9s dans les v\u00eatements, les meubles et les tissus. Compartiment qui r\u00e9cup\u00e8re les poils d\u2019animaux. Poign\u00e9e ergonomique antid\u00e9rapante.\" \/>\n<meta property=\"og:url\" content=\"https:\/\/www.vetorino.com\/veterinaire\/ustaritz-64480\/boutique\/product\/furminator-recuperation-poils\/\" \/>\n<meta property=\"og:site_name\" content=\"V\u00e9torino\" \/>\n<meta property=\"article:publisher\" content=\"https:\/\/www.facebook.com\/Vetorino\/\" \/>\n<meta property=\"article:modified_time\" content=\"2024-04-22T08:53:13+00:00\" \/>\n<meta property=\"og:image\" content=\"https:\/\/www.vetorino.com\/boutique\/wp-content\/uploads\/2024\/04\/1147270-1.png\" \/>\n\t<meta property=\"og:image:width\" content=\"600\" \/>\n\t<meta property=\"og:image:height\" content=\"600\" \/>\n\t<meta property=\"og:image:type\" content=\"image\/png\" \/>\n<meta name=\"twitter:card\" content=\"summary_large_image\" \/>\n<meta name=\"twitter:label1\" content=\"Prix\" \/>\n\t<meta name=\"twitter:data1\" content=\"22,01&euro;\" \/>\n\t<meta name=\"twitter:label2\" content=\"Disponibilit\u00e9\" \/>\n\t<meta name=\"twitter:data2\" content=\"En stock\" \/>\n<script type=\"application\/ld+json\" class=\"yoast-schema-graph\">{\"@context\":\"https:\\\/\\\/schema.org\",\"@graph\":[{\"@type\":\"WebPage\",\"@id\":\"https:\\\/\\\/www.vetorino.com\\\/boutique\\\/product\\\/furminator-recuperation-poils\\\/\",\"url\":\"https:\\\/\\\/www.vetorino.com\\\/boutique\\\/product\\\/furminator-recuperation-poils\\\/\",\"name\":\"FURminator collecteur de poils Furminator - V\u00e9torino\",\"isPartOf\":{\"@id\":\"https:\\\/\\\/www.vetorino.com\\\/boutique\\\/#website\"},\"primaryImageOfPage\":{\"@id\":\"https:\\\/\\\/www.vetorino.com\\\/boutique\\\/product\\\/furminator-recuperation-poils\\\/#primaryimage\"},\"image\":{\"@id\":\"https:\\\/\\\/www.vetorino.com\\\/boutique\\\/product\\\/furminator-recuperation-poils\\\/#primaryimage\"},\"thumbnailUrl\":\"https:\\\/\\\/www.vetorino.com\\\/boutique\\\/wp-content\\\/uploads\\\/2024\\\/04\\\/1147270-1.png\",\"datePublished\":\"2024-04-16T12:53:13+00:00\",\"dateModified\":\"2024-04-22T08:53:13+00:00\",\"description\":\"Le rouleau FURminator\u00ae Hair Collection \u00e9limine les poils qui se sont incrust\u00e9s dans les v\u00eatements, les meubles et les tissus. Compartiment qui r\u00e9cup\u00e8re les poils d\u2019animaux. Poign\u00e9e ergonomique antid\u00e9rapante.\",\"breadcrumb\":{\"@id\":\"https:\\\/\\\/www.vetorino.com\\\/boutique\\\/product\\\/furminator-recuperation-poils\\\/#breadcrumb\"},\"inLanguage\":\"fr-FR\",\"potentialAction\":[{\"@type\":\"ReadAction\",\"target\":[\"https:\\\/\\\/www.vetorino.com\\\/boutique\\\/product\\\/furminator-recuperation-poils\\\/\"]}]},{\"@type\":\"ImageObject\",\"inLanguage\":\"fr-FR\",\"@id\":\"https:\\\/\\\/www.vetorino.com\\\/boutique\\\/product\\\/furminator-recuperation-poils\\\/#primaryimage\",\"url\":\"https:\\\/\\\/www.vetorino.com\\\/boutique\\\/wp-content\\\/uploads\\\/2024\\\/04\\\/1147270-1.png\",\"contentUrl\":\"https:\\\/\\\/www.vetorino.com\\\/boutique\\\/wp-content\\\/uploads\\\/2024\\\/04\\\/1147270-1.png\",\"width\":600,\"height\":600},{\"@type\":\"BreadcrumbList\",\"@id\":\"https:\\\/\\\/www.vetorino.com\\\/boutique\\\/product\\\/furminator-recuperation-poils\\\/#breadcrumb\",\"itemListElement\":[{\"@type\":\"ListItem\",\"position\":1,\"name\":\"Accueil\",\"item\":\"https:\\\/\\\/www.vetorino.com\\\/boutique\\\/\"},{\"@type\":\"ListItem\",\"position\":2,\"name\":\"Produits\",\"item\":\"https:\\\/\\\/www.vetorino.com\\\/boutique\\\/\"},{\"@type\":\"ListItem\",\"position\":3,\"name\":\"FURminator collecteur de poils\"}]},{\"@type\":\"WebSite\",\"@id\":\"https:\\\/\\\/www.vetorino.com\\\/boutique\\\/#website\",\"url\":\"https:\\\/\\\/www.vetorino.com\\\/boutique\\\/\",\"name\":\"V\u00e9torino\",\"description\":\"\",\"publisher\":{\"@id\":\"https:\\\/\\\/www.vetorino.com\\\/boutique\\\/#organization\"},\"potentialAction\":[{\"@type\":\"SearchAction\",\"target\":{\"@type\":\"EntryPoint\",\"urlTemplate\":\"https:\\\/\\\/www.vetorino.com\\\/boutique\\\/?s={search_term_string}\"},\"query-input\":{\"@type\":\"PropertyValueSpecification\",\"valueRequired\":true,\"valueName\":\"search_term_string\"}}],\"inLanguage\":\"fr-FR\"},{\"@type\":\"Organization\",\"@id\":\"https:\\\/\\\/www.vetorino.com\\\/boutique\\\/#organization\",\"name\":\"V\u00e9torino\",\"url\":\"https:\\\/\\\/www.vetorino.com\\\/boutique\\\/\",\"logo\":{\"@type\":\"ImageObject\",\"inLanguage\":\"fr-FR\",\"@id\":\"https:\\\/\\\/www.vetorino.com\\\/boutique\\\/#\\\/schema\\\/logo\\\/image\\\/\",\"url\":\"https:\\\/\\\/www.vetorino.com\\\/boutique\\\/wp-content\\\/uploads\\\/2024\\\/10\\\/logo.jpg\",\"contentUrl\":\"https:\\\/\\\/www.vetorino.com\\\/boutique\\\/wp-content\\\/uploads\\\/2024\\\/10\\\/logo.jpg\",\"width\":1200,\"height\":610,\"caption\":\"V\u00e9torino\"},\"image\":{\"@id\":\"https:\\\/\\\/www.vetorino.com\\\/boutique\\\/#\\\/schema\\\/logo\\\/image\\\/\"},\"sameAs\":[\"https:\\\/\\\/www.facebook.com\\\/Vetorino\\\/\",\"https:\\\/\\\/www.instagram.com\\\/vetorino_off\\\/\",\"https:\\\/\\\/www.linkedin.com\\\/company\\\/vtorino\\\/\"]}]}<\/script>\n<meta property=\"product:brand\" content=\"Furminator\" \/>\n<meta property=\"product:price:amount\" content=\"22.01\" \/>\n<meta property=\"product:price:currency\" content=\"EUR\" \/>\n<meta property=\"og:availability\" content=\"instock\" \/>\n<meta property=\"product:availability\" content=\"instock\" \/>\n<meta property=\"product:retailer_item_id\" content=\"A-1147270\" \/>\n<meta property=\"product:condition\" content=\"new\" \/>\n<!-- \/ Yoast SEO plugin. -->","yoast_head_json":{"title":"FURminator collecteur de poils Furminator - V\u00e9torino","description":"Le rouleau FURminator\u00ae Hair Collection \u00e9limine les poils qui se sont incrust\u00e9s dans les v\u00eatements, les meubles et les tissus. Compartiment qui r\u00e9cup\u00e8re les poils d\u2019animaux. Poign\u00e9e ergonomique antid\u00e9rapante.","robots":{"index":"noindex","follow":"nofollow"},"og_locale":"fr_FR","og_type":"article","og_title":"FURminator collecteur de poils Furminator - V\u00e9torino","og_description":"Le rouleau FURminator\u00ae Hair Collection \u00e9limine les poils qui se sont incrust\u00e9s dans les v\u00eatements, les meubles et les tissus. Compartiment qui r\u00e9cup\u00e8re les poils d\u2019animaux. Poign\u00e9e ergonomique antid\u00e9rapante.","og_url":"https:\/\/www.vetorino.com\/veterinaire\/ustaritz-64480\/boutique\/product\/furminator-recuperation-poils\/","og_site_name":"V\u00e9torino","article_publisher":"https:\/\/www.facebook.com\/Vetorino\/","article_modified_time":"2024-04-22T08:53:13+00:00","og_image":[{"width":600,"height":600,"url":"https:\/\/www.vetorino.com\/boutique\/wp-content\/uploads\/2024\/04\/1147270-1.png","type":"image\/png"}],"twitter_card":"summary_large_image","twitter_misc":{"Prix":"22,01&euro;","Disponibilit\u00e9":"En stock"},"schema":{"@context":"https:\/\/schema.org","@graph":[{"@type":"WebPage","@id":"https:\/\/www.vetorino.com\/boutique\/product\/furminator-recuperation-poils\/","url":"https:\/\/www.vetorino.com\/boutique\/product\/furminator-recuperation-poils\/","name":"FURminator collecteur de poils Furminator - V\u00e9torino","isPartOf":{"@id":"https:\/\/www.vetorino.com\/boutique\/#website"},"primaryImageOfPage":{"@id":"https:\/\/www.vetorino.com\/boutique\/product\/furminator-recuperation-poils\/#primaryimage"},"image":{"@id":"https:\/\/www.vetorino.com\/boutique\/product\/furminator-recuperation-poils\/#primaryimage"},"thumbnailUrl":"https:\/\/www.vetorino.com\/boutique\/wp-content\/uploads\/2024\/04\/1147270-1.png","datePublished":"2024-04-16T12:53:13+00:00","dateModified":"2024-04-22T08:53:13+00:00","description":"Le rouleau FURminator\u00ae Hair Collection \u00e9limine les poils qui se sont incrust\u00e9s dans les v\u00eatements, les meubles et les tissus. Compartiment qui r\u00e9cup\u00e8re les poils d\u2019animaux. Poign\u00e9e ergonomique antid\u00e9rapante.","breadcrumb":{"@id":"https:\/\/www.vetorino.com\/boutique\/product\/furminator-recuperation-poils\/#breadcrumb"},"inLanguage":"fr-FR","potentialAction":[{"@type":"ReadAction","target":["https:\/\/www.vetorino.com\/boutique\/product\/furminator-recuperation-poils\/"]}]},{"@type":"ImageObject","inLanguage":"fr-FR","@id":"https:\/\/www.vetorino.com\/boutique\/product\/furminator-recuperation-poils\/#primaryimage","url":"https:\/\/www.vetorino.com\/boutique\/wp-content\/uploads\/2024\/04\/1147270-1.png","contentUrl":"https:\/\/www.vetorino.com\/boutique\/wp-content\/uploads\/2024\/04\/1147270-1.png","width":600,"height":600},{"@type":"BreadcrumbList","@id":"https:\/\/www.vetorino.com\/boutique\/product\/furminator-recuperation-poils\/#breadcrumb","itemListElement":[{"@type":"ListItem","position":1,"name":"Accueil","item":"https:\/\/www.vetorino.com\/boutique\/"},{"@type":"ListItem","position":2,"name":"Produits","item":"https:\/\/www.vetorino.com\/boutique\/"},{"@type":"ListItem","position":3,"name":"FURminator collecteur de poils"}]},{"@type":"WebSite","@id":"https:\/\/www.vetorino.com\/boutique\/#website","url":"https:\/\/www.vetorino.com\/boutique\/","name":"V\u00e9torino","description":"","publisher":{"@id":"https:\/\/www.vetorino.com\/boutique\/#organization"},"potentialAction":[{"@type":"SearchAction","target":{"@type":"EntryPoint","urlTemplate":"https:\/\/www.vetorino.com\/boutique\/?s={search_term_string}"},"query-input":{"@type":"PropertyValueSpecification","valueRequired":true,"valueName":"search_term_string"}}],"inLanguage":"fr-FR"},{"@type":"Organization","@id":"https:\/\/www.vetorino.com\/boutique\/#organization","name":"V\u00e9torino","url":"https:\/\/www.vetorino.com\/boutique\/","logo":{"@type":"ImageObject","inLanguage":"fr-FR","@id":"https:\/\/www.vetorino.com\/boutique\/#\/schema\/logo\/image\/","url":"https:\/\/www.vetorino.com\/boutique\/wp-content\/uploads\/2024\/10\/logo.jpg","contentUrl":"https:\/\/www.vetorino.com\/boutique\/wp-content\/uploads\/2024\/10\/logo.jpg","width":1200,"height":610,"caption":"V\u00e9torino"},"image":{"@id":"https:\/\/www.vetorino.com\/boutique\/#\/schema\/logo\/image\/"},"sameAs":["https:\/\/www.facebook.com\/Vetorino\/","https:\/\/www.instagram.com\/vetorino_off\/","https:\/\/www.linkedin.com\/company\/vtorino\/"]}]},"product_brand":"Furminator","product_price_amount":"22.01","product_price_currency":"EUR","og_availability":"instock","product_availability":"instock","product_retailer_item_id":"A-1147270","product_condition":"new"},"_links":{"self":[{"href":"https:\/\/www.vetorino.com\/veterinaire\/ustaritz-64480\/boutique\/wp-json\/wp\/v2\/product\/897465","targetHints":{"allow":["GET"]}}],"collection":[{"href":"https:\/\/www.vetorino.com\/veterinaire\/ustaritz-64480\/boutique\/wp-json\/wp\/v2\/product"}],"about":[{"href":"https:\/\/www.vetorino.com\/veterinaire\/ustaritz-64480\/boutique\/wp-json\/wp\/v2\/types\/product"}],"wp:featuredmedia":[{"embeddable":true,"href":"https:\/\/www.vetorino.com\/veterinaire\/ustaritz-64480\/boutique\/wp-json\/wp\/v2\/media\/897464"}],"wp:attachment":[{"href":"https:\/\/www.vetorino.com\/veterinaire\/ustaritz-64480\/boutique\/wp-json\/wp\/v2\/media?parent=897465"}],"wp:term":[{"taxonomy":"product_cat","embeddable":true,"href":"https:\/\/www.vetorino.com\/veterinaire\/ustaritz-64480\/boutique\/wp-json\/wp\/v2\/product_cat?post=897465"},{"taxonomy":"product_tag","embeddable":true,"href":"https:\/\/www.vetorino.com\/veterinaire\/ustaritz-64480\/boutique\/wp-json\/wp\/v2\/product_tag?post=897465"}],"curies":[{"name":"wp","href":"https:\/\/api.w.org\/{rel}","templated":true}]}}