{"id":903413,"date":"2024-04-23T14:12:51","date_gmt":"2024-04-23T12:12:51","guid":{"rendered":"https:\/\/www.vetorino.com\/boutique\/product\/labbeflore\/"},"modified":"2026-01-19T15:47:45","modified_gmt":"2026-01-19T14:47:45","slug":"labbeflore","status":"publish","type":"product","link":"https:\/\/www.vetorino.com\/veterinaire\/ustaritz-64480\/boutique\/product\/labbeflore\/","title":{"rendered":"Labbeflore"},"content":{"rendered":"<p><strong>Aliment compl\u00e9mentaire sp\u00e9cialement con\u00e7u pour soutenir et restaurer l&#8217;\u00e9quilibre de la flore intestinale chez les chiens et les chats.<\/strong><\/p>\n<p><strong>Les probiotiques<\/strong> contenus dans LABBEFLORE permettent la <strong>croissance des bonnes bact\u00e9ries<\/strong> dans l&#8217;intestin, aidant ainsi \u00e0 <strong>r\u00e9tablir l&#8217;\u00e9quilibre naturel perturb\u00e9 par des facteurs comme le stress, les maladies ou les traitements antibiotiques.<\/strong><\/p>\n<p><strong>Utilisation :\u00a0<\/strong><\/p>\n<ul>\n<li class=\"rte\">Apr\u00e8s un traitement antibiotique, pour r\u00e9\u00e9quilibrer la flore intestinale.<\/li>\n<li class=\"rte\">En cas de troubles digestifs r\u00e9currents, comme les diarrh\u00e9es ou les constipations.<\/li>\n<li class=\"rte\">Pour les animaux \u00e2g\u00e9s, dont le syst\u00e8me digestif peut devenir moins efficace avec le temps.<\/li>\n<li class=\"rte\">Pour les animaux sous stress, ce qui peut perturber leur \u00e9quilibre intestinal.<\/li>\n<\/ul>\n<p><strong>Il est conseill\u00e9 de suivre les recommandations de dosage inscrites sur l&#8217;emballage et de demander conseil \u00e0 votre v\u00e9t\u00e9rinaire avant toute utilisation.<\/strong><\/p>\n","protected":false},"excerpt":{"rendered":"<p><strong>Aliment compl\u00e9mentaire sp\u00e9cialement con\u00e7u pour soutenir et restaurer l&#8217;\u00e9quilibre de la flore intestinale chez les chiens et les chats.<\/strong><\/p>\n<p><strong>Utilisation :\u00a0<\/strong><\/p>\n<ul>\n<li class=\"rte\">Apr\u00e8s un traitement antibiotique, pour r\u00e9\u00e9quilibrer la flore intestinale.<\/li>\n<li class=\"rte\">En cas de troubles digestifs r\u00e9currents, comme les diarrh\u00e9es ou les constipations.<\/li>\n<li class=\"rte\">Pour les animaux \u00e2g\u00e9s, dont le syst\u00e8me digestif peut devenir moins efficace avec le temps.<\/li>\n<li class=\"rte\">Pour les animaux sous stress, ce qui peut perturber leur \u00e9quilibre intestinal.<\/li>\n<\/ul>\n<p><strong>Demander l&#8217;avis de votre v\u00e9t\u00e9rinaire avant toute utilisation.<\/strong><\/p>\n","protected":false},"featured_media":1663306,"template":"","meta":[],"product_cat":[12551,12552,2730,2738,2697,2698,12635,12636],"product_tag":[],"class_list":{"0":"post-903413","1":"product","2":"type-product","3":"status-publish","4":"has-post-thumbnail","6":"product_cat-alimentation-du-chat","7":"product_cat-alimentation-du-chien","8":"product_cat-aliments-complementaires-pour-chat","9":"product_cat-aliments-complementaires-pour-chien","10":"product_cat-chat","11":"product_cat-chien","12":"product_cat-systeme-digestif-du-chat","13":"product_cat-systeme-digestif-du-chien","14":"pa_marque-labbea","16":"first","17":"instock","18":"taxable","19":"shipping-taxable","20":"purchasable","21":"product-type-simple"},"yoast_head":"<!-- This site is optimized with the Yoast SEO plugin v27.3 - https:\/\/yoast.com\/product\/yoast-seo-wordpress\/ -->\n<title>Labbeflore Labbea - V\u00e9torino<\/title>\n<meta name=\"description\" content=\"Aliment compl\u00e9mentaire sp\u00e9cialement con\u00e7u pour soutenir et restaurer l&#039;\u00e9quilibre de la flore intestinale chez les chiens et les chats.  Utilisation :\u00a0   Apr\u00e8s un traitement antibiotique, pour r\u00e9\u00e9quilibrer la flore intestinale.  En cas de troubles digestifs r\u00e9currents, comme les diarrh\u00e9es ou les constipations.  Pour les animaux \u00e2g\u00e9s, dont le syst\u00e8me digestif peut devenir moins efficace avec le temps.  Pour les animaux sous stress, ce qui peut perturber leur \u00e9quilibre intestinal.  Demander l&#039;avis de votre v\u00e9t\u00e9rinaire avant toute utilisation.\" \/>\n<meta name=\"robots\" content=\"noindex, nofollow\" \/>\n<meta property=\"og:locale\" content=\"fr_FR\" \/>\n<meta property=\"og:type\" content=\"article\" \/>\n<meta property=\"og:title\" content=\"Labbeflore Labbea - V\u00e9torino\" \/>\n<meta property=\"og:description\" content=\"Aliment compl\u00e9mentaire sp\u00e9cialement con\u00e7u pour soutenir et restaurer l&#039;\u00e9quilibre de la flore intestinale chez les chiens et les chats.  Utilisation :\u00a0   Apr\u00e8s un traitement antibiotique, pour r\u00e9\u00e9quilibrer la flore intestinale.  En cas de troubles digestifs r\u00e9currents, comme les diarrh\u00e9es ou les constipations.  Pour les animaux \u00e2g\u00e9s, dont le syst\u00e8me digestif peut devenir moins efficace avec le temps.  Pour les animaux sous stress, ce qui peut perturber leur \u00e9quilibre intestinal.  Demander l&#039;avis de votre v\u00e9t\u00e9rinaire avant toute utilisation.\" \/>\n<meta property=\"og:url\" content=\"https:\/\/www.vetorino.com\/veterinaire\/ustaritz-64480\/boutique\/product\/labbeflore\/\" \/>\n<meta property=\"og:site_name\" content=\"V\u00e9torino\" \/>\n<meta property=\"article:publisher\" content=\"https:\/\/www.facebook.com\/Vetorino\/\" \/>\n<meta property=\"article:modified_time\" content=\"2026-01-19T14:47:45+00:00\" \/>\n<meta property=\"og:image\" content=\"https:\/\/www.vetorino.com\/boutique\/wp-content\/uploads\/2024\/04\/labbeflore-labbea.jpg\" \/>\n\t<meta property=\"og:image:width\" content=\"1200\" \/>\n\t<meta property=\"og:image:height\" content=\"1200\" \/>\n\t<meta property=\"og:image:type\" content=\"image\/jpeg\" \/>\n<meta name=\"twitter:card\" content=\"summary_large_image\" \/>\n<meta name=\"twitter:label1\" content=\"Prix\" \/>\n\t<meta name=\"twitter:data1\" content=\"25,41&euro;\" \/>\n\t<meta name=\"twitter:label2\" content=\"Disponibilit\u00e9\" \/>\n\t<meta name=\"twitter:data2\" content=\"En stock\" \/>\n<script type=\"application\/ld+json\" class=\"yoast-schema-graph\">{\"@context\":\"https:\\\/\\\/schema.org\",\"@graph\":[{\"@type\":\"WebPage\",\"@id\":\"https:\\\/\\\/www.vetorino.com\\\/boutique\\\/product\\\/labbeflore\\\/\",\"url\":\"https:\\\/\\\/www.vetorino.com\\\/boutique\\\/product\\\/labbeflore\\\/\",\"name\":\"Labbeflore Labbea - V\u00e9torino\",\"isPartOf\":{\"@id\":\"https:\\\/\\\/www.vetorino.com\\\/boutique\\\/#website\"},\"primaryImageOfPage\":{\"@id\":\"https:\\\/\\\/www.vetorino.com\\\/boutique\\\/product\\\/labbeflore\\\/#primaryimage\"},\"image\":{\"@id\":\"https:\\\/\\\/www.vetorino.com\\\/boutique\\\/product\\\/labbeflore\\\/#primaryimage\"},\"thumbnailUrl\":\"https:\\\/\\\/www.vetorino.com\\\/boutique\\\/wp-content\\\/uploads\\\/2024\\\/04\\\/labbeflore-labbea.jpg\",\"datePublished\":\"2024-04-23T12:12:51+00:00\",\"dateModified\":\"2026-01-19T14:47:45+00:00\",\"description\":\"Aliment compl\u00e9mentaire sp\u00e9cialement con\u00e7u pour soutenir et restaurer l'\u00e9quilibre de la flore intestinale chez les chiens et les chats. Utilisation :\u00a0 Apr\u00e8s un traitement antibiotique, pour r\u00e9\u00e9quilibrer la flore intestinale. En cas de troubles digestifs r\u00e9currents, comme les diarrh\u00e9es ou les constipations. Pour les animaux \u00e2g\u00e9s, dont le syst\u00e8me digestif peut devenir moins efficace avec le temps. Pour les animaux sous stress, ce qui peut perturber leur \u00e9quilibre intestinal. Demander l'avis de votre v\u00e9t\u00e9rinaire avant toute utilisation.\",\"breadcrumb\":{\"@id\":\"https:\\\/\\\/www.vetorino.com\\\/boutique\\\/product\\\/labbeflore\\\/#breadcrumb\"},\"inLanguage\":\"fr-FR\",\"potentialAction\":[{\"@type\":\"ReadAction\",\"target\":[\"https:\\\/\\\/www.vetorino.com\\\/boutique\\\/product\\\/labbeflore\\\/\"]}]},{\"@type\":\"ImageObject\",\"inLanguage\":\"fr-FR\",\"@id\":\"https:\\\/\\\/www.vetorino.com\\\/boutique\\\/product\\\/labbeflore\\\/#primaryimage\",\"url\":\"https:\\\/\\\/www.vetorino.com\\\/boutique\\\/wp-content\\\/uploads\\\/2024\\\/04\\\/labbeflore-labbea.jpg\",\"contentUrl\":\"https:\\\/\\\/www.vetorino.com\\\/boutique\\\/wp-content\\\/uploads\\\/2024\\\/04\\\/labbeflore-labbea.jpg\",\"width\":1200,\"height\":1200},{\"@type\":\"BreadcrumbList\",\"@id\":\"https:\\\/\\\/www.vetorino.com\\\/boutique\\\/product\\\/labbeflore\\\/#breadcrumb\",\"itemListElement\":[{\"@type\":\"ListItem\",\"position\":1,\"name\":\"Accueil\",\"item\":\"https:\\\/\\\/www.vetorino.com\\\/boutique\\\/\"},{\"@type\":\"ListItem\",\"position\":2,\"name\":\"Produits\",\"item\":\"https:\\\/\\\/www.vetorino.com\\\/boutique\\\/\"},{\"@type\":\"ListItem\",\"position\":3,\"name\":\"Labbeflore\"}]},{\"@type\":\"WebSite\",\"@id\":\"https:\\\/\\\/www.vetorino.com\\\/boutique\\\/#website\",\"url\":\"https:\\\/\\\/www.vetorino.com\\\/boutique\\\/\",\"name\":\"V\u00e9torino\",\"description\":\"\",\"publisher\":{\"@id\":\"https:\\\/\\\/www.vetorino.com\\\/boutique\\\/#organization\"},\"potentialAction\":[{\"@type\":\"SearchAction\",\"target\":{\"@type\":\"EntryPoint\",\"urlTemplate\":\"https:\\\/\\\/www.vetorino.com\\\/boutique\\\/?s={search_term_string}\"},\"query-input\":{\"@type\":\"PropertyValueSpecification\",\"valueRequired\":true,\"valueName\":\"search_term_string\"}}],\"inLanguage\":\"fr-FR\"},{\"@type\":\"Organization\",\"@id\":\"https:\\\/\\\/www.vetorino.com\\\/boutique\\\/#organization\",\"name\":\"V\u00e9torino\",\"url\":\"https:\\\/\\\/www.vetorino.com\\\/boutique\\\/\",\"logo\":{\"@type\":\"ImageObject\",\"inLanguage\":\"fr-FR\",\"@id\":\"https:\\\/\\\/www.vetorino.com\\\/boutique\\\/#\\\/schema\\\/logo\\\/image\\\/\",\"url\":\"https:\\\/\\\/www.vetorino.com\\\/boutique\\\/wp-content\\\/uploads\\\/2024\\\/10\\\/logo.jpg\",\"contentUrl\":\"https:\\\/\\\/www.vetorino.com\\\/boutique\\\/wp-content\\\/uploads\\\/2024\\\/10\\\/logo.jpg\",\"width\":1200,\"height\":610,\"caption\":\"V\u00e9torino\"},\"image\":{\"@id\":\"https:\\\/\\\/www.vetorino.com\\\/boutique\\\/#\\\/schema\\\/logo\\\/image\\\/\"},\"sameAs\":[\"https:\\\/\\\/www.facebook.com\\\/Vetorino\\\/\",\"https:\\\/\\\/www.instagram.com\\\/vetorino_off\\\/\",\"https:\\\/\\\/www.linkedin.com\\\/company\\\/vtorino\\\/\"]}]}<\/script>\n<meta property=\"product:brand\" content=\"Labbea\" \/>\n<meta property=\"product:price:amount\" content=\"25.41\" \/>\n<meta property=\"product:price:currency\" content=\"EUR\" \/>\n<meta property=\"og:availability\" content=\"instock\" \/>\n<meta property=\"product:availability\" content=\"instock\" \/>\n<meta property=\"product:retailer_item_id\" content=\"A-1880630\" \/>\n<meta property=\"product:condition\" content=\"new\" \/>\n<!-- \/ Yoast SEO plugin. -->","yoast_head_json":{"title":"Labbeflore Labbea - V\u00e9torino","description":"Aliment compl\u00e9mentaire sp\u00e9cialement con\u00e7u pour soutenir et restaurer l'\u00e9quilibre de la flore intestinale chez les chiens et les chats.  Utilisation :\u00a0   Apr\u00e8s un traitement antibiotique, pour r\u00e9\u00e9quilibrer la flore intestinale.  En cas de troubles digestifs r\u00e9currents, comme les diarrh\u00e9es ou les constipations.  Pour les animaux \u00e2g\u00e9s, dont le syst\u00e8me digestif peut devenir moins efficace avec le temps.  Pour les animaux sous stress, ce qui peut perturber leur \u00e9quilibre intestinal.  Demander l'avis de votre v\u00e9t\u00e9rinaire avant toute utilisation.","robots":{"index":"noindex","follow":"nofollow"},"og_locale":"fr_FR","og_type":"article","og_title":"Labbeflore Labbea - V\u00e9torino","og_description":"Aliment compl\u00e9mentaire sp\u00e9cialement con\u00e7u pour soutenir et restaurer l'\u00e9quilibre de la flore intestinale chez les chiens et les chats.  Utilisation :\u00a0   Apr\u00e8s un traitement antibiotique, pour r\u00e9\u00e9quilibrer la flore intestinale.  En cas de troubles digestifs r\u00e9currents, comme les diarrh\u00e9es ou les constipations.  Pour les animaux \u00e2g\u00e9s, dont le syst\u00e8me digestif peut devenir moins efficace avec le temps.  Pour les animaux sous stress, ce qui peut perturber leur \u00e9quilibre intestinal.  Demander l'avis de votre v\u00e9t\u00e9rinaire avant toute utilisation.","og_url":"https:\/\/www.vetorino.com\/veterinaire\/ustaritz-64480\/boutique\/product\/labbeflore\/","og_site_name":"V\u00e9torino","article_publisher":"https:\/\/www.facebook.com\/Vetorino\/","article_modified_time":"2026-01-19T14:47:45+00:00","og_image":[{"width":1200,"height":1200,"url":"https:\/\/www.vetorino.com\/boutique\/wp-content\/uploads\/2024\/04\/labbeflore-labbea.jpg","type":"image\/jpeg"}],"twitter_card":"summary_large_image","twitter_misc":{"Prix":"25,41&euro;","Disponibilit\u00e9":"En stock"},"schema":{"@context":"https:\/\/schema.org","@graph":[{"@type":"WebPage","@id":"https:\/\/www.vetorino.com\/boutique\/product\/labbeflore\/","url":"https:\/\/www.vetorino.com\/boutique\/product\/labbeflore\/","name":"Labbeflore Labbea - V\u00e9torino","isPartOf":{"@id":"https:\/\/www.vetorino.com\/boutique\/#website"},"primaryImageOfPage":{"@id":"https:\/\/www.vetorino.com\/boutique\/product\/labbeflore\/#primaryimage"},"image":{"@id":"https:\/\/www.vetorino.com\/boutique\/product\/labbeflore\/#primaryimage"},"thumbnailUrl":"https:\/\/www.vetorino.com\/boutique\/wp-content\/uploads\/2024\/04\/labbeflore-labbea.jpg","datePublished":"2024-04-23T12:12:51+00:00","dateModified":"2026-01-19T14:47:45+00:00","description":"Aliment compl\u00e9mentaire sp\u00e9cialement con\u00e7u pour soutenir et restaurer l'\u00e9quilibre de la flore intestinale chez les chiens et les chats. Utilisation :\u00a0 Apr\u00e8s un traitement antibiotique, pour r\u00e9\u00e9quilibrer la flore intestinale. En cas de troubles digestifs r\u00e9currents, comme les diarrh\u00e9es ou les constipations. Pour les animaux \u00e2g\u00e9s, dont le syst\u00e8me digestif peut devenir moins efficace avec le temps. Pour les animaux sous stress, ce qui peut perturber leur \u00e9quilibre intestinal. Demander l'avis de votre v\u00e9t\u00e9rinaire avant toute utilisation.","breadcrumb":{"@id":"https:\/\/www.vetorino.com\/boutique\/product\/labbeflore\/#breadcrumb"},"inLanguage":"fr-FR","potentialAction":[{"@type":"ReadAction","target":["https:\/\/www.vetorino.com\/boutique\/product\/labbeflore\/"]}]},{"@type":"ImageObject","inLanguage":"fr-FR","@id":"https:\/\/www.vetorino.com\/boutique\/product\/labbeflore\/#primaryimage","url":"https:\/\/www.vetorino.com\/boutique\/wp-content\/uploads\/2024\/04\/labbeflore-labbea.jpg","contentUrl":"https:\/\/www.vetorino.com\/boutique\/wp-content\/uploads\/2024\/04\/labbeflore-labbea.jpg","width":1200,"height":1200},{"@type":"BreadcrumbList","@id":"https:\/\/www.vetorino.com\/boutique\/product\/labbeflore\/#breadcrumb","itemListElement":[{"@type":"ListItem","position":1,"name":"Accueil","item":"https:\/\/www.vetorino.com\/boutique\/"},{"@type":"ListItem","position":2,"name":"Produits","item":"https:\/\/www.vetorino.com\/boutique\/"},{"@type":"ListItem","position":3,"name":"Labbeflore"}]},{"@type":"WebSite","@id":"https:\/\/www.vetorino.com\/boutique\/#website","url":"https:\/\/www.vetorino.com\/boutique\/","name":"V\u00e9torino","description":"","publisher":{"@id":"https:\/\/www.vetorino.com\/boutique\/#organization"},"potentialAction":[{"@type":"SearchAction","target":{"@type":"EntryPoint","urlTemplate":"https:\/\/www.vetorino.com\/boutique\/?s={search_term_string}"},"query-input":{"@type":"PropertyValueSpecification","valueRequired":true,"valueName":"search_term_string"}}],"inLanguage":"fr-FR"},{"@type":"Organization","@id":"https:\/\/www.vetorino.com\/boutique\/#organization","name":"V\u00e9torino","url":"https:\/\/www.vetorino.com\/boutique\/","logo":{"@type":"ImageObject","inLanguage":"fr-FR","@id":"https:\/\/www.vetorino.com\/boutique\/#\/schema\/logo\/image\/","url":"https:\/\/www.vetorino.com\/boutique\/wp-content\/uploads\/2024\/10\/logo.jpg","contentUrl":"https:\/\/www.vetorino.com\/boutique\/wp-content\/uploads\/2024\/10\/logo.jpg","width":1200,"height":610,"caption":"V\u00e9torino"},"image":{"@id":"https:\/\/www.vetorino.com\/boutique\/#\/schema\/logo\/image\/"},"sameAs":["https:\/\/www.facebook.com\/Vetorino\/","https:\/\/www.instagram.com\/vetorino_off\/","https:\/\/www.linkedin.com\/company\/vtorino\/"]}]},"product_brand":"Labbea","product_price_amount":"25.41","product_price_currency":"EUR","og_availability":"instock","product_availability":"instock","product_retailer_item_id":"A-1880630","product_condition":"new"},"_links":{"self":[{"href":"https:\/\/www.vetorino.com\/veterinaire\/ustaritz-64480\/boutique\/wp-json\/wp\/v2\/product\/903413","targetHints":{"allow":["GET"]}}],"collection":[{"href":"https:\/\/www.vetorino.com\/veterinaire\/ustaritz-64480\/boutique\/wp-json\/wp\/v2\/product"}],"about":[{"href":"https:\/\/www.vetorino.com\/veterinaire\/ustaritz-64480\/boutique\/wp-json\/wp\/v2\/types\/product"}],"wp:featuredmedia":[{"embeddable":true,"href":"https:\/\/www.vetorino.com\/veterinaire\/ustaritz-64480\/boutique\/wp-json\/wp\/v2\/media\/1663306"}],"wp:attachment":[{"href":"https:\/\/www.vetorino.com\/veterinaire\/ustaritz-64480\/boutique\/wp-json\/wp\/v2\/media?parent=903413"}],"wp:term":[{"taxonomy":"product_cat","embeddable":true,"href":"https:\/\/www.vetorino.com\/veterinaire\/ustaritz-64480\/boutique\/wp-json\/wp\/v2\/product_cat?post=903413"},{"taxonomy":"product_tag","embeddable":true,"href":"https:\/\/www.vetorino.com\/veterinaire\/ustaritz-64480\/boutique\/wp-json\/wp\/v2\/product_tag?post=903413"}],"curies":[{"name":"wp","href":"https:\/\/api.w.org\/{rel}","templated":true}]}}