{"id":991283,"date":"2024-08-06T12:03:12","date_gmt":"2024-08-06T10:03:12","guid":{"rendered":"https:\/\/www.vetorino.com\/boutique\/product\/zylkene-chew-75-mg\/"},"modified":"2025-07-22T15:21:04","modified_gmt":"2025-07-22T13:21:04","slug":"zylkene-chew-75-mg","status":"publish","type":"product","link":"https:\/\/www.vetorino.com\/veterinaire\/ustaritz-64480\/boutique\/product\/zylkene-chew-75-mg\/","title":{"rendered":"Zylkene Chew 75mg &#8211; chien chat moins de 10kg"},"content":{"rendered":"<p><strong>Zylk\u00e8ne est un aliment compl\u00e9mentaire naturel qui aide l&#8217;animal \u00e0 surmonter les situations stressantes et \u00e0 retrouver un comportement \u00e9quilibr\u00e9.<\/strong><\/p>\n<p><strong>Utilisation :<\/strong><\/p>\n<ul>\n<li>Animal confront\u00e9 \u00e0 un nouvel environnement, \u00e0 de nouvelles personnes, \u00e0 un nouveau compagnon.<\/li>\n<li>P\u00e9riode de convalescence ou d&#8217;hospitalisation, de lactation, de sevrage.<\/li>\n<li>Voyage en voiture, ou toute autre modification dans les habitudes de l&#8217;animal.<\/li>\n<\/ul>\n<p><strong>Administration :<\/strong><\/p>\n<ul>\n<li>Chat et chiens &lt;5 kg : 1 bouch\u00e9e par jour.<\/li>\n<li>Chats et chiens 5-10 kg : 2 bouch\u00e9es par jour.<\/li>\n<\/ul>\n<p>Les bouch\u00e9es peuvent \u00eatre administr\u00e9es directement \u00e0 l&#8217;animal ou m\u00e9lang\u00e9es \u00e0 son alimentation.<\/p>\n<p><strong>Avantages :<\/strong><\/p>\n<ul>\n<li>Il peut \u00eatre utilis\u00e9\u00a0<strong>de mani\u00e8re ponctuelle<\/strong>\u00a0afin d&#8217;aider l&#8217;animal \u00e0 surmonter des situations stressantes ou \u00eatre utilis\u00e9 de\u00a0<strong>mani\u00e8re prolong\u00e9e<\/strong>\u00a0sur le conseil du v\u00e9t\u00e9rinaire (dur\u00e9e d&#8217;administration de 1 \u00e0 3 mois).<\/li>\n<li>Permet de<strong>\u00a0favoriser le bien-\u00eatre de votre animal<\/strong>\u00a0sans avoir d&#8217;impact sur son niveau d&#8217;\u00e9veil (pas de s\u00e9dation), il permet d&#8217;am\u00e9liorer la relation propri\u00e9taire-animal.<\/li>\n<li>De plus il agit rapidement et sans risque d&#8217;intol\u00e9rance au lactose.<\/li>\n<li>Ne pr\u00e9sente\u00a0<strong>aucun risque d\u2019intol\u00e9rance<\/strong>\u00a0alimentaire gr\u00e2ce \u00e0 son infime teneur en lactose.<\/li>\n<li><strong>Permet \u00e0 votre animal de mieux vivre<\/strong>\u00a0<span class=\"bleu\">tous les changements de situation<\/span>\u00a0qui demandent une adaptation de sa part.<\/li>\n<li>Zylk\u00e8ne n\u2019a\u00a0<strong>ni go\u00fbt ni odeur<\/strong>. Il ne perturbe donc pas l\u2019app\u00e9tit de votre animal.<\/li>\n<li>Zylk\u00e8ne contient de l&#8217;\u03b1-casoz\u00e9pine, un peptide issu d&#8217;une prot\u00e9ine de lait,\u00a0<strong>100% d&#8217;origine naturelle<\/strong>.<\/li>\n<\/ul>\n","protected":false},"excerpt":{"rendered":"<p><strong>Zylk\u00e8ne est un aliment compl\u00e9mentaire naturel qui aide l&#8217;animal \u00e0 surmonter les situations stressantes et \u00e0 retrouver un comportement \u00e9quilibr\u00e9.<\/strong><\/p>\n<p><strong>Utilisation :<\/strong><\/p>\n<ul>\n<li>Anti-stress pour chien et chat de moins de 10 kg.<\/li>\n<li>Animal confront\u00e9 \u00e0 un nouvel environnement, \u00e0 de nouvelles personnes, \u00e0 un nouveau compagnon.<\/li>\n<li>P\u00e9riode de convalescence ou d&#8217;hospitalisation, de lactation, de sevrage.<\/li>\n<li>Voyage en voiture, ou toute autre modification dans les habitudes de l&#8217;animal.<\/li>\n<\/ul>\n","protected":false},"featured_media":1423875,"template":"","meta":[],"product_cat":[12551,12552,2730,2738,2759,2786,2697,2698],"product_tag":[],"class_list":{"0":"post-991283","1":"product","2":"type-product","3":"status-publish","4":"has-post-thumbnail","6":"product_cat-alimentation-du-chat","7":"product_cat-alimentation-du-chien","8":"product_cat-aliments-complementaires-pour-chat","9":"product_cat-aliments-complementaires-pour-chien","10":"product_cat-anti-stress-et-anxiete-pour-chat","11":"product_cat-anti-stress-et-anxiete-du-chien","12":"product_cat-chat","13":"product_cat-chien","14":"pa_marque-vetoquinol","16":"first","17":"instock","18":"taxable","19":"shipping-taxable","20":"purchasable","21":"product-type-variable"},"yoast_head":"<!-- This site is optimized with the Yoast SEO plugin v27.3 - https:\/\/yoast.com\/product\/yoast-seo-wordpress\/ -->\n<title>Zylkene Zylkene Chew 75mg - chien chat moins de 10kg V\u00e9toquinol - V\u00e9torino<\/title>\n<meta name=\"description\" content=\"Zylk\u00e8ne est un aliment compl\u00e9mentaire naturel qui aide l&#039;animal \u00e0 surmonter les situations stressantes et \u00e0 retrouver un comportement \u00e9quilibr\u00e9.  Utilisation :   Anti-stress pour chien et chat de moins de 10 kg.  Animal confront\u00e9 \u00e0 un nouvel environnement, \u00e0 de nouvelles personnes, \u00e0 un nouveau compagnon.  P\u00e9riode de convalescence ou d&#039;hospitalisation, de lactation, de sevrage.  Voyage en voiture, ou toute autre modification dans les habitudes de l&#039;animal.\" \/>\n<meta name=\"robots\" content=\"noindex, nofollow\" \/>\n<meta property=\"og:locale\" content=\"fr_FR\" \/>\n<meta property=\"og:type\" content=\"article\" \/>\n<meta property=\"og:title\" content=\"Zylkene Zylkene Chew 75mg - chien chat moins de 10kg V\u00e9toquinol - V\u00e9torino\" \/>\n<meta property=\"og:description\" content=\"Zylk\u00e8ne est un aliment compl\u00e9mentaire naturel qui aide l&#039;animal \u00e0 surmonter les situations stressantes et \u00e0 retrouver un comportement \u00e9quilibr\u00e9.  Utilisation :   Anti-stress pour chien et chat de moins de 10 kg.  Animal confront\u00e9 \u00e0 un nouvel environnement, \u00e0 de nouvelles personnes, \u00e0 un nouveau compagnon.  P\u00e9riode de convalescence ou d&#039;hospitalisation, de lactation, de sevrage.  Voyage en voiture, ou toute autre modification dans les habitudes de l&#039;animal.\" \/>\n<meta property=\"og:url\" content=\"https:\/\/www.vetorino.com\/veterinaire\/ustaritz-64480\/boutique\/product\/zylkene-chew-75-mg\/\" \/>\n<meta property=\"og:site_name\" content=\"V\u00e9torino\" \/>\n<meta property=\"article:publisher\" content=\"https:\/\/www.facebook.com\/Vetorino\/\" \/>\n<meta property=\"article:modified_time\" content=\"2025-07-22T13:21:04+00:00\" \/>\n<meta property=\"og:image\" content=\"https:\/\/www.vetorino.com\/boutique\/wp-content\/uploads\/2024\/08\/zylkene-chews-75mg-pour-chien-jusqu-a-10-kg.jpg\" \/>\n\t<meta property=\"og:image:width\" content=\"555\" \/>\n\t<meta property=\"og:image:height\" content=\"555\" \/>\n\t<meta property=\"og:image:type\" content=\"image\/jpeg\" \/>\n<meta name=\"twitter:card\" content=\"summary_large_image\" \/>\n<meta name=\"twitter:label1\" content=\"Disponibilit\u00e9\" \/>\n\t<meta name=\"twitter:data1\" content=\"En stock\" \/>\n<script type=\"application\/ld+json\" class=\"yoast-schema-graph\">{\"@context\":\"https:\\\/\\\/schema.org\",\"@graph\":[{\"@type\":\"WebPage\",\"@id\":\"https:\\\/\\\/www.vetorino.com\\\/boutique\\\/product\\\/zylkene-chew-75-mg\\\/\",\"url\":\"https:\\\/\\\/www.vetorino.com\\\/boutique\\\/product\\\/zylkene-chew-75-mg\\\/\",\"name\":\"Zylkene Zylkene Chew 75mg - chien chat moins de 10kg V\u00e9toquinol - V\u00e9torino\",\"isPartOf\":{\"@id\":\"https:\\\/\\\/www.vetorino.com\\\/boutique\\\/#website\"},\"primaryImageOfPage\":{\"@id\":\"https:\\\/\\\/www.vetorino.com\\\/boutique\\\/product\\\/zylkene-chew-75-mg\\\/#primaryimage\"},\"image\":{\"@id\":\"https:\\\/\\\/www.vetorino.com\\\/boutique\\\/product\\\/zylkene-chew-75-mg\\\/#primaryimage\"},\"thumbnailUrl\":\"https:\\\/\\\/www.vetorino.com\\\/boutique\\\/wp-content\\\/uploads\\\/2024\\\/08\\\/zylkene-chews-75mg-pour-chien-jusqu-a-10-kg.jpg\",\"datePublished\":\"2024-08-06T10:03:12+00:00\",\"dateModified\":\"2025-07-22T13:21:04+00:00\",\"description\":\"Zylk\u00e8ne est un aliment compl\u00e9mentaire naturel qui aide l'animal \u00e0 surmonter les situations stressantes et \u00e0 retrouver un comportement \u00e9quilibr\u00e9. Utilisation : Anti-stress pour chien et chat de moins de 10 kg. Animal confront\u00e9 \u00e0 un nouvel environnement, \u00e0 de nouvelles personnes, \u00e0 un nouveau compagnon. P\u00e9riode de convalescence ou d'hospitalisation, de lactation, de sevrage. Voyage en voiture, ou toute autre modification dans les habitudes de l'animal.\",\"breadcrumb\":{\"@id\":\"https:\\\/\\\/www.vetorino.com\\\/boutique\\\/product\\\/zylkene-chew-75-mg\\\/#breadcrumb\"},\"inLanguage\":\"fr-FR\",\"potentialAction\":[{\"@type\":\"ReadAction\",\"target\":[\"https:\\\/\\\/www.vetorino.com\\\/boutique\\\/product\\\/zylkene-chew-75-mg\\\/\"]}]},{\"@type\":\"ImageObject\",\"inLanguage\":\"fr-FR\",\"@id\":\"https:\\\/\\\/www.vetorino.com\\\/boutique\\\/product\\\/zylkene-chew-75-mg\\\/#primaryimage\",\"url\":\"https:\\\/\\\/www.vetorino.com\\\/boutique\\\/wp-content\\\/uploads\\\/2024\\\/08\\\/zylkene-chews-75mg-pour-chien-jusqu-a-10-kg.jpg\",\"contentUrl\":\"https:\\\/\\\/www.vetorino.com\\\/boutique\\\/wp-content\\\/uploads\\\/2024\\\/08\\\/zylkene-chews-75mg-pour-chien-jusqu-a-10-kg.jpg\",\"width\":555,\"height\":555},{\"@type\":\"BreadcrumbList\",\"@id\":\"https:\\\/\\\/www.vetorino.com\\\/boutique\\\/product\\\/zylkene-chew-75-mg\\\/#breadcrumb\",\"itemListElement\":[{\"@type\":\"ListItem\",\"position\":1,\"name\":\"Accueil\",\"item\":\"https:\\\/\\\/www.vetorino.com\\\/boutique\\\/\"},{\"@type\":\"ListItem\",\"position\":2,\"name\":\"Produits\",\"item\":\"https:\\\/\\\/www.vetorino.com\\\/boutique\\\/\"},{\"@type\":\"ListItem\",\"position\":3,\"name\":\"Zylkene Chew 75mg &#8211; chien chat moins de 10kg\"}]},{\"@type\":\"WebSite\",\"@id\":\"https:\\\/\\\/www.vetorino.com\\\/boutique\\\/#website\",\"url\":\"https:\\\/\\\/www.vetorino.com\\\/boutique\\\/\",\"name\":\"V\u00e9torino\",\"description\":\"\",\"publisher\":{\"@id\":\"https:\\\/\\\/www.vetorino.com\\\/boutique\\\/#organization\"},\"potentialAction\":[{\"@type\":\"SearchAction\",\"target\":{\"@type\":\"EntryPoint\",\"urlTemplate\":\"https:\\\/\\\/www.vetorino.com\\\/boutique\\\/?s={search_term_string}\"},\"query-input\":{\"@type\":\"PropertyValueSpecification\",\"valueRequired\":true,\"valueName\":\"search_term_string\"}}],\"inLanguage\":\"fr-FR\"},{\"@type\":\"Organization\",\"@id\":\"https:\\\/\\\/www.vetorino.com\\\/boutique\\\/#organization\",\"name\":\"V\u00e9torino\",\"url\":\"https:\\\/\\\/www.vetorino.com\\\/boutique\\\/\",\"logo\":{\"@type\":\"ImageObject\",\"inLanguage\":\"fr-FR\",\"@id\":\"https:\\\/\\\/www.vetorino.com\\\/boutique\\\/#\\\/schema\\\/logo\\\/image\\\/\",\"url\":\"https:\\\/\\\/www.vetorino.com\\\/boutique\\\/wp-content\\\/uploads\\\/2024\\\/10\\\/logo.jpg\",\"contentUrl\":\"https:\\\/\\\/www.vetorino.com\\\/boutique\\\/wp-content\\\/uploads\\\/2024\\\/10\\\/logo.jpg\",\"width\":1200,\"height\":610,\"caption\":\"V\u00e9torino\"},\"image\":{\"@id\":\"https:\\\/\\\/www.vetorino.com\\\/boutique\\\/#\\\/schema\\\/logo\\\/image\\\/\"},\"sameAs\":[\"https:\\\/\\\/www.facebook.com\\\/Vetorino\\\/\",\"https:\\\/\\\/www.instagram.com\\\/vetorino_off\\\/\",\"https:\\\/\\\/www.linkedin.com\\\/company\\\/vtorino\\\/\"]}]}<\/script>\n<meta property=\"product:brand\" content=\"V\u00e9toquinol\" \/>\n<meta property=\"og:availability\" content=\"instock\" \/>\n<meta property=\"product:availability\" content=\"instock\" \/>\n<meta property=\"product:condition\" content=\"new\" \/>\n<!-- \/ Yoast SEO plugin. -->","yoast_head_json":{"title":"Zylkene Zylkene Chew 75mg - chien chat moins de 10kg V\u00e9toquinol - V\u00e9torino","description":"Zylk\u00e8ne est un aliment compl\u00e9mentaire naturel qui aide l'animal \u00e0 surmonter les situations stressantes et \u00e0 retrouver un comportement \u00e9quilibr\u00e9.  Utilisation :   Anti-stress pour chien et chat de moins de 10 kg.  Animal confront\u00e9 \u00e0 un nouvel environnement, \u00e0 de nouvelles personnes, \u00e0 un nouveau compagnon.  P\u00e9riode de convalescence ou d'hospitalisation, de lactation, de sevrage.  Voyage en voiture, ou toute autre modification dans les habitudes de l'animal.","robots":{"index":"noindex","follow":"nofollow"},"og_locale":"fr_FR","og_type":"article","og_title":"Zylkene Zylkene Chew 75mg - chien chat moins de 10kg V\u00e9toquinol - V\u00e9torino","og_description":"Zylk\u00e8ne est un aliment compl\u00e9mentaire naturel qui aide l'animal \u00e0 surmonter les situations stressantes et \u00e0 retrouver un comportement \u00e9quilibr\u00e9.  Utilisation :   Anti-stress pour chien et chat de moins de 10 kg.  Animal confront\u00e9 \u00e0 un nouvel environnement, \u00e0 de nouvelles personnes, \u00e0 un nouveau compagnon.  P\u00e9riode de convalescence ou d'hospitalisation, de lactation, de sevrage.  Voyage en voiture, ou toute autre modification dans les habitudes de l'animal.","og_url":"https:\/\/www.vetorino.com\/veterinaire\/ustaritz-64480\/boutique\/product\/zylkene-chew-75-mg\/","og_site_name":"V\u00e9torino","article_publisher":"https:\/\/www.facebook.com\/Vetorino\/","article_modified_time":"2025-07-22T13:21:04+00:00","og_image":[{"width":555,"height":555,"url":"https:\/\/www.vetorino.com\/boutique\/wp-content\/uploads\/2024\/08\/zylkene-chews-75mg-pour-chien-jusqu-a-10-kg.jpg","type":"image\/jpeg"}],"twitter_card":"summary_large_image","twitter_misc":{"Disponibilit\u00e9":"En stock"},"schema":{"@context":"https:\/\/schema.org","@graph":[{"@type":"WebPage","@id":"https:\/\/www.vetorino.com\/boutique\/product\/zylkene-chew-75-mg\/","url":"https:\/\/www.vetorino.com\/boutique\/product\/zylkene-chew-75-mg\/","name":"Zylkene Zylkene Chew 75mg - chien chat moins de 10kg V\u00e9toquinol - V\u00e9torino","isPartOf":{"@id":"https:\/\/www.vetorino.com\/boutique\/#website"},"primaryImageOfPage":{"@id":"https:\/\/www.vetorino.com\/boutique\/product\/zylkene-chew-75-mg\/#primaryimage"},"image":{"@id":"https:\/\/www.vetorino.com\/boutique\/product\/zylkene-chew-75-mg\/#primaryimage"},"thumbnailUrl":"https:\/\/www.vetorino.com\/boutique\/wp-content\/uploads\/2024\/08\/zylkene-chews-75mg-pour-chien-jusqu-a-10-kg.jpg","datePublished":"2024-08-06T10:03:12+00:00","dateModified":"2025-07-22T13:21:04+00:00","description":"Zylk\u00e8ne est un aliment compl\u00e9mentaire naturel qui aide l'animal \u00e0 surmonter les situations stressantes et \u00e0 retrouver un comportement \u00e9quilibr\u00e9. Utilisation : Anti-stress pour chien et chat de moins de 10 kg. Animal confront\u00e9 \u00e0 un nouvel environnement, \u00e0 de nouvelles personnes, \u00e0 un nouveau compagnon. P\u00e9riode de convalescence ou d'hospitalisation, de lactation, de sevrage. Voyage en voiture, ou toute autre modification dans les habitudes de l'animal.","breadcrumb":{"@id":"https:\/\/www.vetorino.com\/boutique\/product\/zylkene-chew-75-mg\/#breadcrumb"},"inLanguage":"fr-FR","potentialAction":[{"@type":"ReadAction","target":["https:\/\/www.vetorino.com\/boutique\/product\/zylkene-chew-75-mg\/"]}]},{"@type":"ImageObject","inLanguage":"fr-FR","@id":"https:\/\/www.vetorino.com\/boutique\/product\/zylkene-chew-75-mg\/#primaryimage","url":"https:\/\/www.vetorino.com\/boutique\/wp-content\/uploads\/2024\/08\/zylkene-chews-75mg-pour-chien-jusqu-a-10-kg.jpg","contentUrl":"https:\/\/www.vetorino.com\/boutique\/wp-content\/uploads\/2024\/08\/zylkene-chews-75mg-pour-chien-jusqu-a-10-kg.jpg","width":555,"height":555},{"@type":"BreadcrumbList","@id":"https:\/\/www.vetorino.com\/boutique\/product\/zylkene-chew-75-mg\/#breadcrumb","itemListElement":[{"@type":"ListItem","position":1,"name":"Accueil","item":"https:\/\/www.vetorino.com\/boutique\/"},{"@type":"ListItem","position":2,"name":"Produits","item":"https:\/\/www.vetorino.com\/boutique\/"},{"@type":"ListItem","position":3,"name":"Zylkene Chew 75mg &#8211; chien chat moins de 10kg"}]},{"@type":"WebSite","@id":"https:\/\/www.vetorino.com\/boutique\/#website","url":"https:\/\/www.vetorino.com\/boutique\/","name":"V\u00e9torino","description":"","publisher":{"@id":"https:\/\/www.vetorino.com\/boutique\/#organization"},"potentialAction":[{"@type":"SearchAction","target":{"@type":"EntryPoint","urlTemplate":"https:\/\/www.vetorino.com\/boutique\/?s={search_term_string}"},"query-input":{"@type":"PropertyValueSpecification","valueRequired":true,"valueName":"search_term_string"}}],"inLanguage":"fr-FR"},{"@type":"Organization","@id":"https:\/\/www.vetorino.com\/boutique\/#organization","name":"V\u00e9torino","url":"https:\/\/www.vetorino.com\/boutique\/","logo":{"@type":"ImageObject","inLanguage":"fr-FR","@id":"https:\/\/www.vetorino.com\/boutique\/#\/schema\/logo\/image\/","url":"https:\/\/www.vetorino.com\/boutique\/wp-content\/uploads\/2024\/10\/logo.jpg","contentUrl":"https:\/\/www.vetorino.com\/boutique\/wp-content\/uploads\/2024\/10\/logo.jpg","width":1200,"height":610,"caption":"V\u00e9torino"},"image":{"@id":"https:\/\/www.vetorino.com\/boutique\/#\/schema\/logo\/image\/"},"sameAs":["https:\/\/www.facebook.com\/Vetorino\/","https:\/\/www.instagram.com\/vetorino_off\/","https:\/\/www.linkedin.com\/company\/vtorino\/"]}]},"product_brand":"V\u00e9toquinol","og_availability":"instock","product_availability":"instock","product_condition":"new"},"_links":{"self":[{"href":"https:\/\/www.vetorino.com\/veterinaire\/ustaritz-64480\/boutique\/wp-json\/wp\/v2\/product\/991283","targetHints":{"allow":["GET"]}}],"collection":[{"href":"https:\/\/www.vetorino.com\/veterinaire\/ustaritz-64480\/boutique\/wp-json\/wp\/v2\/product"}],"about":[{"href":"https:\/\/www.vetorino.com\/veterinaire\/ustaritz-64480\/boutique\/wp-json\/wp\/v2\/types\/product"}],"wp:featuredmedia":[{"embeddable":true,"href":"https:\/\/www.vetorino.com\/veterinaire\/ustaritz-64480\/boutique\/wp-json\/wp\/v2\/media\/1423875"}],"wp:attachment":[{"href":"https:\/\/www.vetorino.com\/veterinaire\/ustaritz-64480\/boutique\/wp-json\/wp\/v2\/media?parent=991283"}],"wp:term":[{"taxonomy":"product_cat","embeddable":true,"href":"https:\/\/www.vetorino.com\/veterinaire\/ustaritz-64480\/boutique\/wp-json\/wp\/v2\/product_cat?post=991283"},{"taxonomy":"product_tag","embeddable":true,"href":"https:\/\/www.vetorino.com\/veterinaire\/ustaritz-64480\/boutique\/wp-json\/wp\/v2\/product_tag?post=991283"}],"curies":[{"name":"wp","href":"https:\/\/api.w.org\/{rel}","templated":true}]}}