{"id":500057,"date":"2022-11-02T17:05:32","date_gmt":"2022-11-02T16:05:32","guid":{"rendered":"https:\/\/www.vetorino.com\/boutique\/product\/sanalio-vet-nature-puppy\/"},"modified":"2026-05-11T16:32:08","modified_gmt":"2026-05-11T14:32:08","slug":"sanalio-vet-nature-puppy","status":"publish","type":"product","link":"https:\/\/www.vetorino.com\/veterinaire\/varennessaintsauveur-71480\/boutique\/product\/sanalio-vet-nature-puppy\/","title":{"rendered":"Vet Nature Junior &#8211; m\u00e9lange ration m\u00e9nag\u00e8re chienne &#038; chiot"},"content":{"rendered":"<div class=\"tabs product-tabs visible--desktop\">\n<div id=\"tab-content\" class=\"tab-content mb-4\">\n<div id=\"description\" class=\"tab-pane fade show active\" role=\"tabpanel\">\n<div class=\"product-description\">\n<p><strong>Sanalio<\/strong> est une solution d\u2019alimentation naturelle et \u00e9quilibr\u00e9e pour chiens, con\u00e7ue pour offrir des repas sains et vari\u00e9s. M\u00e9lang\u00e9e \u00e0 une source de prot\u00e9ine comme la viande, le poisson, le fromage blanc ou les \u0153ufs, Sanalio permet de pr\u00e9parer facilement des repas maison nutritifs et app\u00e9tissants. Cette alimentation est adapt\u00e9e \u00e0 tous les chiens, y compris les chiots et les chiennes gestantes.<\/p>\n<p><strong>Utilisation :\u00a0<\/strong>Ration m\u00e9nag\u00e8re express, sans danger pour la sant\u00e9 du chiot<\/p>\n<ul>\n<li>Pour tous les types de chiot, toute race confondue.<\/li>\n<li>Convient aux chiennes gestantes ou allaitantes.<\/li>\n<li>Aussi pour chien aux besoins sp\u00e9cifiques, sur recommandation v\u00e9t\u00e9rinaire pour les dosages adapt\u00e9s<\/li>\n<\/ul>\n<p><strong>Mode d&#8217;emploi\u00a0<\/strong>pour pr\u00e9parer un repas avec Sanalio :<\/p>\n<ol>\n<li><strong>Pesez<\/strong>\u00a0la dose de Sanalio adapt\u00e9e \u00e0 votre chien en suivant le tableau nutritionnel sur l\u2019emballage.<\/li>\n<li><strong>Ajoutez<\/strong>\u00a0la m\u00eame dose d\u2019une source de prot\u00e9ines au choix (poulet, dinde, b\u0153uf, poisson, \u0153uf, yaourt, etc.), pes\u00e9e avant cuisson.<\/li>\n<li><strong>Ajoutez<\/strong>\u00a0la m\u00eame dose d\u2019eau ti\u00e8de du robinet.<\/li>\n<\/ol>\n<p>M\u00e9langez bien le tout et servez \u00e0 votre chien. C\u2019est pr\u00eat !<\/p>\n<p><strong>Pour les chiens ayant besoin d\u2019une alimentation particuli\u00e8re (allergie, maladie chronique, ob\u00e9sit\u00e9, etc.), demandez conseil \u00e0 votre v\u00e9t\u00e9rinaire pour les dosages.<\/strong><\/p>\n<p><strong>Bienfaits essentiels :<\/strong><\/p>\n<ul>\n<li>Sanalio est LE bon compromis pour tous les propri\u00e9taires qui veulent donner ce qu\u2019il y a de mieux pour maintenir leur animal en bonne sant\u00e9 plus longtemps.<\/li>\n<li>C\u00e9r\u00e9ales d&#8217;avoine et de riz aplaties et pr\u00e9cuites \u00e0 la vapeur : augmente la digestion de l\u2019amidon. Sans gluten.<\/li>\n<li>Graines sous forme crue partiellement broy\u00e9es : pr\u00e9serve la qualit\u00e9 des acides gras om\u00e9ga 3 et 6 et augmente la digestibilit\u00e9.<\/li>\n<li>L\u00e9gumes d\u00e9shydrat\u00e9s lentement pour une meilleure pr\u00e9servation des nutriments.<\/li>\n<li>Levures : pr\u00e9biotiques + prot\u00e9ines hyper digestibles.<\/li>\n<li>Complexe min\u00e9raux-vitamin\u00e9s pour \u00e9quilibrer de la ration.<\/li>\n<\/ul>\n<p><strong>Agriculture biologique. Sourc\u00e9 en Europe.<\/strong><\/p>\n<p><strong>Emballages \u00e9coresponsables et recyclables.<\/strong><\/p>\n<\/div>\n<\/div>\n<\/div>\n<\/div>\n","protected":false},"excerpt":{"rendered":"<p>Solution d\u2019alimentation naturelle et \u00e9quilibr\u00e9e pour<strong>\u00a0chiots et chiennes gestantes ou allaitantes<\/strong>\u00a0\u00e0\u00a0<strong>m\u00e9langer \u00e0 une source de prot\u00e9ine fraiche<\/strong>\u00a0pour offrir des\u00a0<strong>repas maison<\/strong>\u00a0sains et vari\u00e9s.<\/p>\n<p><strong>Utilisation :<\/strong><\/p>\n<ul>\n<li>Chiots<\/li>\n<li>Chiennes gestantes ou allaitantes<\/li>\n<\/ul>\n","protected":false},"featured_media":1831974,"template":"","meta":[],"product_cat":[12552,12584,2738,2698],"product_tag":[],"class_list":{"0":"post-500057","1":"product","2":"type-product","3":"status-publish","4":"has-post-thumbnail","6":"product_cat-alimentation-du-chien","7":"product_cat-alimentation-premium-pour-chien","8":"product_cat-aliments-complementaires-pour-chien","9":"product_cat-chien","10":"pa_marque-sanalio","12":"first","13":"instock","14":"taxable","15":"shipping-taxable","16":"purchasable","17":"product-type-variable"},"yoast_head":"<!-- This site is optimized with the Yoast SEO plugin v27.5 - https:\/\/yoast.com\/product\/yoast-seo-wordpress\/ -->\n<title>Vet Nature Junior - m\u00e9lange ration m\u00e9nag\u00e8re chienne &amp; chiot Sanalio - V\u00e9torino<\/title>\n<meta name=\"description\" content=\"Solution d\u2019alimentation naturelle et \u00e9quilibr\u00e9e pour\u00a0chiots et chiennes gestantes ou allaitantes\u00a0\u00e0\u00a0m\u00e9langer \u00e0 une source de prot\u00e9ine fraiche\u00a0pour offrir des\u00a0repas maison\u00a0sains et vari\u00e9s.  Utilisation :   Chiots  Chiennes gestantes ou allaitantes\" \/>\n<meta name=\"robots\" content=\"noindex, nofollow\" \/>\n<meta property=\"og:locale\" content=\"fr_FR\" \/>\n<meta property=\"og:type\" content=\"article\" \/>\n<meta property=\"og:title\" content=\"Vet Nature Junior - m\u00e9lange ration m\u00e9nag\u00e8re chienne &amp; chiot Sanalio - V\u00e9torino\" \/>\n<meta property=\"og:description\" content=\"Solution d\u2019alimentation naturelle et \u00e9quilibr\u00e9e pour\u00a0chiots et chiennes gestantes ou allaitantes\u00a0\u00e0\u00a0m\u00e9langer \u00e0 une source de prot\u00e9ine fraiche\u00a0pour offrir des\u00a0repas maison\u00a0sains et vari\u00e9s.  Utilisation :   Chiots  Chiennes gestantes ou allaitantes\" \/>\n<meta property=\"og:url\" content=\"https:\/\/www.vetorino.com\/veterinaire\/varennessaintsauveur-71480\/boutique\/product\/sanalio-vet-nature-puppy\/\" \/>\n<meta property=\"og:site_name\" content=\"V\u00e9torino\" \/>\n<meta property=\"article:publisher\" content=\"https:\/\/www.facebook.com\/Vetorino\/\" \/>\n<meta property=\"article:modified_time\" content=\"2026-05-11T14:32:08+00:00\" \/>\n<meta property=\"og:image\" content=\"https:\/\/www.vetorino.com\/boutique\/wp-content\/uploads\/2023\/03\/sanalio-vet-nature-junior.webp\" \/>\n\t<meta property=\"og:image:width\" content=\"800\" \/>\n\t<meta property=\"og:image:height\" content=\"800\" \/>\n\t<meta property=\"og:image:type\" content=\"image\/webp\" \/>\n<meta name=\"twitter:card\" content=\"summary_large_image\" \/>\n<meta name=\"twitter:label1\" content=\"Disponibilit\u00e9\" \/>\n\t<meta name=\"twitter:data1\" content=\"En stock\" \/>\n<script type=\"application\/ld+json\" class=\"yoast-schema-graph\">{\"@context\":\"https:\\\/\\\/schema.org\",\"@graph\":[{\"@type\":\"WebPage\",\"@id\":\"https:\\\/\\\/www.vetorino.com\\\/boutique\\\/product\\\/sanalio-vet-nature-puppy\\\/\",\"url\":\"https:\\\/\\\/www.vetorino.com\\\/boutique\\\/product\\\/sanalio-vet-nature-puppy\\\/\",\"name\":\"Vet Nature Junior - m\u00e9lange ration m\u00e9nag\u00e8re chienne & chiot Sanalio - V\u00e9torino\",\"isPartOf\":{\"@id\":\"https:\\\/\\\/www.vetorino.com\\\/boutique\\\/#website\"},\"primaryImageOfPage\":{\"@id\":\"https:\\\/\\\/www.vetorino.com\\\/boutique\\\/product\\\/sanalio-vet-nature-puppy\\\/#primaryimage\"},\"image\":{\"@id\":\"https:\\\/\\\/www.vetorino.com\\\/boutique\\\/product\\\/sanalio-vet-nature-puppy\\\/#primaryimage\"},\"thumbnailUrl\":\"https:\\\/\\\/www.vetorino.com\\\/boutique\\\/wp-content\\\/uploads\\\/2023\\\/03\\\/sanalio-vet-nature-junior.webp\",\"datePublished\":\"2022-11-02T16:05:32+00:00\",\"dateModified\":\"2026-05-11T14:32:08+00:00\",\"description\":\"Solution d\u2019alimentation naturelle et \u00e9quilibr\u00e9e pour\u00a0chiots et chiennes gestantes ou allaitantes\u00a0\u00e0\u00a0m\u00e9langer \u00e0 une source de prot\u00e9ine fraiche\u00a0pour offrir des\u00a0repas maison\u00a0sains et vari\u00e9s. Utilisation : Chiots Chiennes gestantes ou allaitantes\",\"breadcrumb\":{\"@id\":\"https:\\\/\\\/www.vetorino.com\\\/boutique\\\/product\\\/sanalio-vet-nature-puppy\\\/#breadcrumb\"},\"inLanguage\":\"fr-FR\",\"potentialAction\":[{\"@type\":\"ReadAction\",\"target\":[\"https:\\\/\\\/www.vetorino.com\\\/boutique\\\/product\\\/sanalio-vet-nature-puppy\\\/\"]}]},{\"@type\":\"ImageObject\",\"inLanguage\":\"fr-FR\",\"@id\":\"https:\\\/\\\/www.vetorino.com\\\/boutique\\\/product\\\/sanalio-vet-nature-puppy\\\/#primaryimage\",\"url\":\"https:\\\/\\\/www.vetorino.com\\\/boutique\\\/wp-content\\\/uploads\\\/2023\\\/03\\\/sanalio-vet-nature-junior.webp\",\"contentUrl\":\"https:\\\/\\\/www.vetorino.com\\\/boutique\\\/wp-content\\\/uploads\\\/2023\\\/03\\\/sanalio-vet-nature-junior.webp\",\"width\":800,\"height\":800},{\"@type\":\"BreadcrumbList\",\"@id\":\"https:\\\/\\\/www.vetorino.com\\\/boutique\\\/product\\\/sanalio-vet-nature-puppy\\\/#breadcrumb\",\"itemListElement\":[{\"@type\":\"ListItem\",\"position\":1,\"name\":\"Accueil\",\"item\":\"https:\\\/\\\/www.vetorino.com\\\/boutique\\\/\"},{\"@type\":\"ListItem\",\"position\":2,\"name\":\"Produits\",\"item\":\"https:\\\/\\\/www.vetorino.com\\\/boutique\\\/\"},{\"@type\":\"ListItem\",\"position\":3,\"name\":\"Vet Nature Junior &#8211; m\u00e9lange ration m\u00e9nag\u00e8re chienne &#038; chiot\"}]},{\"@type\":\"WebSite\",\"@id\":\"https:\\\/\\\/www.vetorino.com\\\/boutique\\\/#website\",\"url\":\"https:\\\/\\\/www.vetorino.com\\\/boutique\\\/\",\"name\":\"V\u00e9torino\",\"description\":\"\",\"publisher\":{\"@id\":\"https:\\\/\\\/www.vetorino.com\\\/boutique\\\/#organization\"},\"potentialAction\":[{\"@type\":\"SearchAction\",\"target\":{\"@type\":\"EntryPoint\",\"urlTemplate\":\"https:\\\/\\\/www.vetorino.com\\\/boutique\\\/?s={search_term_string}\"},\"query-input\":{\"@type\":\"PropertyValueSpecification\",\"valueRequired\":true,\"valueName\":\"search_term_string\"}}],\"inLanguage\":\"fr-FR\"},{\"@type\":\"Organization\",\"@id\":\"https:\\\/\\\/www.vetorino.com\\\/boutique\\\/#organization\",\"name\":\"V\u00e9torino\",\"url\":\"https:\\\/\\\/www.vetorino.com\\\/boutique\\\/\",\"logo\":{\"@type\":\"ImageObject\",\"inLanguage\":\"fr-FR\",\"@id\":\"https:\\\/\\\/www.vetorino.com\\\/boutique\\\/#\\\/schema\\\/logo\\\/image\\\/\",\"url\":\"https:\\\/\\\/www.vetorino.com\\\/boutique\\\/wp-content\\\/uploads\\\/2024\\\/10\\\/logo.jpg\",\"contentUrl\":\"https:\\\/\\\/www.vetorino.com\\\/boutique\\\/wp-content\\\/uploads\\\/2024\\\/10\\\/logo.jpg\",\"width\":1200,\"height\":610,\"caption\":\"V\u00e9torino\"},\"image\":{\"@id\":\"https:\\\/\\\/www.vetorino.com\\\/boutique\\\/#\\\/schema\\\/logo\\\/image\\\/\"},\"sameAs\":[\"https:\\\/\\\/www.facebook.com\\\/Vetorino\\\/\",\"https:\\\/\\\/www.instagram.com\\\/vetorino_off\\\/\",\"https:\\\/\\\/www.linkedin.com\\\/company\\\/vtorino\\\/\"]}]}<\/script>\n<meta property=\"product:brand\" content=\"Sanalio\" \/>\n<meta property=\"og:availability\" content=\"instock\" \/>\n<meta property=\"product:availability\" content=\"instock\" \/>\n<meta property=\"product:condition\" content=\"new\" \/>\n<!-- \/ Yoast SEO plugin. -->","yoast_head_json":{"title":"Vet Nature Junior - m\u00e9lange ration m\u00e9nag\u00e8re chienne & chiot Sanalio - V\u00e9torino","description":"Solution d\u2019alimentation naturelle et \u00e9quilibr\u00e9e pour\u00a0chiots et chiennes gestantes ou allaitantes\u00a0\u00e0\u00a0m\u00e9langer \u00e0 une source de prot\u00e9ine fraiche\u00a0pour offrir des\u00a0repas maison\u00a0sains et vari\u00e9s.  Utilisation :   Chiots  Chiennes gestantes ou allaitantes","robots":{"index":"noindex","follow":"nofollow"},"og_locale":"fr_FR","og_type":"article","og_title":"Vet Nature Junior - m\u00e9lange ration m\u00e9nag\u00e8re chienne & chiot Sanalio - V\u00e9torino","og_description":"Solution d\u2019alimentation naturelle et \u00e9quilibr\u00e9e pour\u00a0chiots et chiennes gestantes ou allaitantes\u00a0\u00e0\u00a0m\u00e9langer \u00e0 une source de prot\u00e9ine fraiche\u00a0pour offrir des\u00a0repas maison\u00a0sains et vari\u00e9s.  Utilisation :   Chiots  Chiennes gestantes ou allaitantes","og_url":"https:\/\/www.vetorino.com\/veterinaire\/varennessaintsauveur-71480\/boutique\/product\/sanalio-vet-nature-puppy\/","og_site_name":"V\u00e9torino","article_publisher":"https:\/\/www.facebook.com\/Vetorino\/","article_modified_time":"2026-05-11T14:32:08+00:00","og_image":[{"width":800,"height":800,"url":"https:\/\/www.vetorino.com\/boutique\/wp-content\/uploads\/2023\/03\/sanalio-vet-nature-junior.webp","type":"image\/webp"}],"twitter_card":"summary_large_image","twitter_misc":{"Disponibilit\u00e9":"En stock"},"schema":{"@context":"https:\/\/schema.org","@graph":[{"@type":"WebPage","@id":"https:\/\/www.vetorino.com\/boutique\/product\/sanalio-vet-nature-puppy\/","url":"https:\/\/www.vetorino.com\/boutique\/product\/sanalio-vet-nature-puppy\/","name":"Vet Nature Junior - m\u00e9lange ration m\u00e9nag\u00e8re chienne & chiot Sanalio - V\u00e9torino","isPartOf":{"@id":"https:\/\/www.vetorino.com\/boutique\/#website"},"primaryImageOfPage":{"@id":"https:\/\/www.vetorino.com\/boutique\/product\/sanalio-vet-nature-puppy\/#primaryimage"},"image":{"@id":"https:\/\/www.vetorino.com\/boutique\/product\/sanalio-vet-nature-puppy\/#primaryimage"},"thumbnailUrl":"https:\/\/www.vetorino.com\/boutique\/wp-content\/uploads\/2023\/03\/sanalio-vet-nature-junior.webp","datePublished":"2022-11-02T16:05:32+00:00","dateModified":"2026-05-11T14:32:08+00:00","description":"Solution d\u2019alimentation naturelle et \u00e9quilibr\u00e9e pour\u00a0chiots et chiennes gestantes ou allaitantes\u00a0\u00e0\u00a0m\u00e9langer \u00e0 une source de prot\u00e9ine fraiche\u00a0pour offrir des\u00a0repas maison\u00a0sains et vari\u00e9s. Utilisation : Chiots Chiennes gestantes ou allaitantes","breadcrumb":{"@id":"https:\/\/www.vetorino.com\/boutique\/product\/sanalio-vet-nature-puppy\/#breadcrumb"},"inLanguage":"fr-FR","potentialAction":[{"@type":"ReadAction","target":["https:\/\/www.vetorino.com\/boutique\/product\/sanalio-vet-nature-puppy\/"]}]},{"@type":"ImageObject","inLanguage":"fr-FR","@id":"https:\/\/www.vetorino.com\/boutique\/product\/sanalio-vet-nature-puppy\/#primaryimage","url":"https:\/\/www.vetorino.com\/boutique\/wp-content\/uploads\/2023\/03\/sanalio-vet-nature-junior.webp","contentUrl":"https:\/\/www.vetorino.com\/boutique\/wp-content\/uploads\/2023\/03\/sanalio-vet-nature-junior.webp","width":800,"height":800},{"@type":"BreadcrumbList","@id":"https:\/\/www.vetorino.com\/boutique\/product\/sanalio-vet-nature-puppy\/#breadcrumb","itemListElement":[{"@type":"ListItem","position":1,"name":"Accueil","item":"https:\/\/www.vetorino.com\/boutique\/"},{"@type":"ListItem","position":2,"name":"Produits","item":"https:\/\/www.vetorino.com\/boutique\/"},{"@type":"ListItem","position":3,"name":"Vet Nature Junior &#8211; m\u00e9lange ration m\u00e9nag\u00e8re chienne &#038; chiot"}]},{"@type":"WebSite","@id":"https:\/\/www.vetorino.com\/boutique\/#website","url":"https:\/\/www.vetorino.com\/boutique\/","name":"V\u00e9torino","description":"","publisher":{"@id":"https:\/\/www.vetorino.com\/boutique\/#organization"},"potentialAction":[{"@type":"SearchAction","target":{"@type":"EntryPoint","urlTemplate":"https:\/\/www.vetorino.com\/boutique\/?s={search_term_string}"},"query-input":{"@type":"PropertyValueSpecification","valueRequired":true,"valueName":"search_term_string"}}],"inLanguage":"fr-FR"},{"@type":"Organization","@id":"https:\/\/www.vetorino.com\/boutique\/#organization","name":"V\u00e9torino","url":"https:\/\/www.vetorino.com\/boutique\/","logo":{"@type":"ImageObject","inLanguage":"fr-FR","@id":"https:\/\/www.vetorino.com\/boutique\/#\/schema\/logo\/image\/","url":"https:\/\/www.vetorino.com\/boutique\/wp-content\/uploads\/2024\/10\/logo.jpg","contentUrl":"https:\/\/www.vetorino.com\/boutique\/wp-content\/uploads\/2024\/10\/logo.jpg","width":1200,"height":610,"caption":"V\u00e9torino"},"image":{"@id":"https:\/\/www.vetorino.com\/boutique\/#\/schema\/logo\/image\/"},"sameAs":["https:\/\/www.facebook.com\/Vetorino\/","https:\/\/www.instagram.com\/vetorino_off\/","https:\/\/www.linkedin.com\/company\/vtorino\/"]}]},"product_brand":"Sanalio","og_availability":"instock","product_availability":"instock","product_condition":"new"},"_links":{"self":[{"href":"https:\/\/www.vetorino.com\/veterinaire\/varennessaintsauveur-71480\/boutique\/wp-json\/wp\/v2\/product\/500057","targetHints":{"allow":["GET"]}}],"collection":[{"href":"https:\/\/www.vetorino.com\/veterinaire\/varennessaintsauveur-71480\/boutique\/wp-json\/wp\/v2\/product"}],"about":[{"href":"https:\/\/www.vetorino.com\/veterinaire\/varennessaintsauveur-71480\/boutique\/wp-json\/wp\/v2\/types\/product"}],"wp:featuredmedia":[{"embeddable":true,"href":"https:\/\/www.vetorino.com\/veterinaire\/varennessaintsauveur-71480\/boutique\/wp-json\/wp\/v2\/media\/1831974"}],"wp:attachment":[{"href":"https:\/\/www.vetorino.com\/veterinaire\/varennessaintsauveur-71480\/boutique\/wp-json\/wp\/v2\/media?parent=500057"}],"wp:term":[{"taxonomy":"product_cat","embeddable":true,"href":"https:\/\/www.vetorino.com\/veterinaire\/varennessaintsauveur-71480\/boutique\/wp-json\/wp\/v2\/product_cat?post=500057"},{"taxonomy":"product_tag","embeddable":true,"href":"https:\/\/www.vetorino.com\/veterinaire\/varennessaintsauveur-71480\/boutique\/wp-json\/wp\/v2\/product_tag?post=500057"}],"curies":[{"name":"wp","href":"https:\/\/api.w.org\/{rel}","templated":true}]}}