{"id":119330,"date":"2020-10-05T19:03:00","date_gmt":"2020-10-05T17:03:00","guid":{"rendered":"https:\/\/www.vetorino.com\/boutique\/product\/specific-cpw-puppy-all-breeds-2\/"},"modified":"2025-09-02T14:54:07","modified_gmt":"2025-09-02T12:54:07","slug":"specific-cpw-puppy-all-breeds-2-2","status":"publish","type":"product","link":"https:\/\/www.vetorino.com\/veterinaire\/villenavedornon-33140-1\/boutique\/product\/specific-cpw-puppy-all-breeds-2-2\/","title":{"rendered":"CPW Puppy All breeds &#8211; chiot"},"content":{"rendered":"<p><strong>Aliment complet et \u00e9quilibr\u00e9 pour le chiot de toutes races et la\u00a0chienne gestante ou en lactation.<\/strong><\/p>\n<p><strong>Utilisation :<br \/>\n<\/strong><\/p>\n<ul>\n<li>Croissance du chiot de petite race et de race moyenne<\/li>\n<li>Alimentation occasionnelle du chiot de grande race et de race g\u00e9ante<\/li>\n<li>Gestation, lactation de la chienne de toutes races<\/li>\n<li>Anorexie<\/li>\n<li>Convalescence<\/li>\n<\/ul>\n<p><strong>Bienfaits essentiels :<\/strong><\/p>\n<ul>\n<li>Les teneurs accrues en \u00e9nergie, prot\u00e9ines, vitamines et min\u00e9raux couvrent les besoins des chiots en croissance et\u00a0<strong>soutiennent leur d\u00e9veloppement osseux et musculaire<\/strong>.<\/li>\n<li>Le DHA est un acide gras Om\u00e9ga-3 qui\u00a0<strong>favorise le d\u00e9veloppement c\u00e9r\u00e9bral et visuel<\/strong>.<\/li>\n<li>Les acides gras Om\u00e9ga-3 EPA et DHA (issus d\u2019huile de poisson) ont un\u00a0<strong>effet b\u00e9n\u00e9fique sur la sant\u00e9 des articulations, de la peau et du pelage<\/strong>.<\/li>\n<li>Contient des \u00df-1,3\/1,6-glucanes issus de levure boulang\u00e8re, qui peuvent se lier aux r\u00e9cepteurs des macrophages et ainsi\u00a0<strong>stimuler le syst\u00e8me immunitaire et favoriser la r\u00e9ponse immunitaire<\/strong>.<\/li>\n<\/ul>\n","protected":false},"excerpt":{"rendered":"<p><strong>Aliment complet et \u00e9quilibr\u00e9 pour le chiot de toutes races et la\u00a0chienne gestante ou en lactation.<\/strong><\/p>\n<p><strong>Utilisation :<br \/>\n<\/strong><\/p>\n<ul>\n<li>Croissance du chiot de petite race et de race moyenne<\/li>\n<li>Alimentation occasionnelle du chiot de grande race et de race g\u00e9ante<\/li>\n<li>Gestation, lactation de la chienne de toutes races<\/li>\n<li>Anorexie<\/li>\n<li>Convalescence<\/li>\n<\/ul>\n","protected":false},"featured_media":1474567,"template":"","meta":[],"product_cat":[12552,12584,2698],"product_tag":[],"class_list":{"0":"post-119330","1":"product","2":"type-product","3":"status-publish","4":"has-post-thumbnail","6":"product_cat-alimentation-du-chien","7":"product_cat-alimentation-premium-pour-chien","8":"product_cat-chien","9":"pa_marque-specific","11":"first","12":"instock","13":"taxable","14":"shipping-taxable","15":"purchasable","16":"product-type-simple"},"yoast_head":"<!-- This site is optimized with the Yoast SEO plugin v27.3 - https:\/\/yoast.com\/product\/yoast-seo-wordpress\/ -->\n<title>CPW Puppy All breeds - chiot Specific - V\u00e9torino<\/title>\n<meta name=\"description\" content=\"Aliment complet et \u00e9quilibr\u00e9 pour le chiot de toutes races et la\u00a0chienne gestante ou en lactation.  Utilisation :    Croissance du chiot de petite race et de race moyenne  Alimentation occasionnelle du chiot de grande race et de race g\u00e9ante  Gestation, lactation de la chienne de toutes races  Anorexie  Convalescence\" \/>\n<meta name=\"robots\" content=\"noindex, nofollow\" \/>\n<meta property=\"og:locale\" content=\"fr_FR\" \/>\n<meta property=\"og:type\" content=\"article\" \/>\n<meta property=\"og:title\" content=\"CPW Puppy All breeds - chiot Specific - V\u00e9torino\" \/>\n<meta property=\"og:description\" content=\"Aliment complet et \u00e9quilibr\u00e9 pour le chiot de toutes races et la\u00a0chienne gestante ou en lactation.  Utilisation :    Croissance du chiot de petite race et de race moyenne  Alimentation occasionnelle du chiot de grande race et de race g\u00e9ante  Gestation, lactation de la chienne de toutes races  Anorexie  Convalescence\" \/>\n<meta property=\"og:url\" content=\"https:\/\/www.vetorino.com\/veterinaire\/villenavedornon-33140-1\/boutique\/product\/specific-cpw-puppy-all-breeds-2-2\/\" \/>\n<meta property=\"og:site_name\" content=\"V\u00e9torino\" \/>\n<meta property=\"article:publisher\" content=\"https:\/\/www.facebook.com\/Vetorino\/\" \/>\n<meta property=\"article:modified_time\" content=\"2025-09-02T12:54:07+00:00\" \/>\n<meta property=\"og:image\" content=\"https:\/\/www.vetorino.com\/boutique\/wp-content\/uploads\/2020\/03\/chien-cpw-puppy.webp\" \/>\n\t<meta property=\"og:image:width\" content=\"800\" \/>\n\t<meta property=\"og:image:height\" content=\"800\" \/>\n\t<meta property=\"og:image:type\" content=\"image\/webp\" \/>\n<meta name=\"twitter:card\" content=\"summary_large_image\" \/>\n<meta name=\"twitter:label1\" content=\"Prix\" \/>\n\t<meta name=\"twitter:data1\" content=\"19,45&euro;\" \/>\n\t<meta name=\"twitter:label2\" content=\"Disponibilit\u00e9\" \/>\n\t<meta name=\"twitter:data2\" content=\"En stock\" \/>\n<script type=\"application\/ld+json\" class=\"yoast-schema-graph\">{\"@context\":\"https:\\\/\\\/schema.org\",\"@graph\":[{\"@type\":\"WebPage\",\"@id\":\"https:\\\/\\\/www.vetorino.com\\\/boutique\\\/product\\\/specific-cpw-puppy-all-breeds-2-2\\\/\",\"url\":\"https:\\\/\\\/www.vetorino.com\\\/boutique\\\/product\\\/specific-cpw-puppy-all-breeds-2-2\\\/\",\"name\":\"CPW Puppy All breeds - chiot Specific - V\u00e9torino\",\"isPartOf\":{\"@id\":\"https:\\\/\\\/www.vetorino.com\\\/boutique\\\/#website\"},\"primaryImageOfPage\":{\"@id\":\"https:\\\/\\\/www.vetorino.com\\\/boutique\\\/product\\\/specific-cpw-puppy-all-breeds-2-2\\\/#primaryimage\"},\"image\":{\"@id\":\"https:\\\/\\\/www.vetorino.com\\\/boutique\\\/product\\\/specific-cpw-puppy-all-breeds-2-2\\\/#primaryimage\"},\"thumbnailUrl\":\"https:\\\/\\\/www.vetorino.com\\\/boutique\\\/wp-content\\\/uploads\\\/2020\\\/03\\\/chien-cpw-puppy.webp\",\"datePublished\":\"2020-10-05T17:03:00+00:00\",\"dateModified\":\"2025-09-02T12:54:07+00:00\",\"description\":\"Aliment complet et \u00e9quilibr\u00e9 pour le chiot de toutes races et la\u00a0chienne gestante ou en lactation. Utilisation : Croissance du chiot de petite race et de race moyenne Alimentation occasionnelle du chiot de grande race et de race g\u00e9ante Gestation, lactation de la chienne de toutes races Anorexie Convalescence\",\"breadcrumb\":{\"@id\":\"https:\\\/\\\/www.vetorino.com\\\/boutique\\\/product\\\/specific-cpw-puppy-all-breeds-2-2\\\/#breadcrumb\"},\"inLanguage\":\"fr-FR\",\"potentialAction\":[{\"@type\":\"ReadAction\",\"target\":[\"https:\\\/\\\/www.vetorino.com\\\/boutique\\\/product\\\/specific-cpw-puppy-all-breeds-2-2\\\/\"]}]},{\"@type\":\"ImageObject\",\"inLanguage\":\"fr-FR\",\"@id\":\"https:\\\/\\\/www.vetorino.com\\\/boutique\\\/product\\\/specific-cpw-puppy-all-breeds-2-2\\\/#primaryimage\",\"url\":\"https:\\\/\\\/www.vetorino.com\\\/boutique\\\/wp-content\\\/uploads\\\/2020\\\/03\\\/chien-cpw-puppy.webp\",\"contentUrl\":\"https:\\\/\\\/www.vetorino.com\\\/boutique\\\/wp-content\\\/uploads\\\/2020\\\/03\\\/chien-cpw-puppy.webp\",\"width\":800,\"height\":800},{\"@type\":\"BreadcrumbList\",\"@id\":\"https:\\\/\\\/www.vetorino.com\\\/boutique\\\/product\\\/specific-cpw-puppy-all-breeds-2-2\\\/#breadcrumb\",\"itemListElement\":[{\"@type\":\"ListItem\",\"position\":1,\"name\":\"Accueil\",\"item\":\"https:\\\/\\\/www.vetorino.com\\\/boutique\\\/\"},{\"@type\":\"ListItem\",\"position\":2,\"name\":\"Produits\",\"item\":\"https:\\\/\\\/www.vetorino.com\\\/boutique\\\/\"},{\"@type\":\"ListItem\",\"position\":3,\"name\":\"CPW Puppy All breeds &#8211; chiot\"}]},{\"@type\":\"WebSite\",\"@id\":\"https:\\\/\\\/www.vetorino.com\\\/boutique\\\/#website\",\"url\":\"https:\\\/\\\/www.vetorino.com\\\/boutique\\\/\",\"name\":\"V\u00e9torino\",\"description\":\"\",\"publisher\":{\"@id\":\"https:\\\/\\\/www.vetorino.com\\\/boutique\\\/#organization\"},\"potentialAction\":[{\"@type\":\"SearchAction\",\"target\":{\"@type\":\"EntryPoint\",\"urlTemplate\":\"https:\\\/\\\/www.vetorino.com\\\/boutique\\\/?s={search_term_string}\"},\"query-input\":{\"@type\":\"PropertyValueSpecification\",\"valueRequired\":true,\"valueName\":\"search_term_string\"}}],\"inLanguage\":\"fr-FR\"},{\"@type\":\"Organization\",\"@id\":\"https:\\\/\\\/www.vetorino.com\\\/boutique\\\/#organization\",\"name\":\"V\u00e9torino\",\"url\":\"https:\\\/\\\/www.vetorino.com\\\/boutique\\\/\",\"logo\":{\"@type\":\"ImageObject\",\"inLanguage\":\"fr-FR\",\"@id\":\"https:\\\/\\\/www.vetorino.com\\\/boutique\\\/#\\\/schema\\\/logo\\\/image\\\/\",\"url\":\"https:\\\/\\\/www.vetorino.com\\\/boutique\\\/wp-content\\\/uploads\\\/2024\\\/10\\\/logo.jpg\",\"contentUrl\":\"https:\\\/\\\/www.vetorino.com\\\/boutique\\\/wp-content\\\/uploads\\\/2024\\\/10\\\/logo.jpg\",\"width\":1200,\"height\":610,\"caption\":\"V\u00e9torino\"},\"image\":{\"@id\":\"https:\\\/\\\/www.vetorino.com\\\/boutique\\\/#\\\/schema\\\/logo\\\/image\\\/\"},\"sameAs\":[\"https:\\\/\\\/www.facebook.com\\\/Vetorino\\\/\",\"https:\\\/\\\/www.instagram.com\\\/vetorino_off\\\/\",\"https:\\\/\\\/www.linkedin.com\\\/company\\\/vtorino\\\/\"]}]}<\/script>\n<meta property=\"product:brand\" content=\"Specific\" \/>\n<meta property=\"product:price:amount\" content=\"19.45\" \/>\n<meta property=\"product:price:currency\" content=\"EUR\" \/>\n<meta property=\"og:availability\" content=\"instock\" \/>\n<meta property=\"product:availability\" content=\"instock\" \/>\n<meta property=\"product:retailer_item_id\" content=\"O-76053\" \/>\n<meta property=\"product:condition\" content=\"new\" \/>\n<!-- \/ Yoast SEO plugin. -->","yoast_head_json":{"title":"CPW Puppy All breeds - chiot Specific - V\u00e9torino","description":"Aliment complet et \u00e9quilibr\u00e9 pour le chiot de toutes races et la\u00a0chienne gestante ou en lactation.  Utilisation :    Croissance du chiot de petite race et de race moyenne  Alimentation occasionnelle du chiot de grande race et de race g\u00e9ante  Gestation, lactation de la chienne de toutes races  Anorexie  Convalescence","robots":{"index":"noindex","follow":"nofollow"},"og_locale":"fr_FR","og_type":"article","og_title":"CPW Puppy All breeds - chiot Specific - V\u00e9torino","og_description":"Aliment complet et \u00e9quilibr\u00e9 pour le chiot de toutes races et la\u00a0chienne gestante ou en lactation.  Utilisation :    Croissance du chiot de petite race et de race moyenne  Alimentation occasionnelle du chiot de grande race et de race g\u00e9ante  Gestation, lactation de la chienne de toutes races  Anorexie  Convalescence","og_url":"https:\/\/www.vetorino.com\/veterinaire\/villenavedornon-33140-1\/boutique\/product\/specific-cpw-puppy-all-breeds-2-2\/","og_site_name":"V\u00e9torino","article_publisher":"https:\/\/www.facebook.com\/Vetorino\/","article_modified_time":"2025-09-02T12:54:07+00:00","og_image":[{"width":800,"height":800,"url":"https:\/\/www.vetorino.com\/boutique\/wp-content\/uploads\/2020\/03\/chien-cpw-puppy.webp","type":"image\/webp"}],"twitter_card":"summary_large_image","twitter_misc":{"Prix":"19,45&euro;","Disponibilit\u00e9":"En stock"},"schema":{"@context":"https:\/\/schema.org","@graph":[{"@type":"WebPage","@id":"https:\/\/www.vetorino.com\/boutique\/product\/specific-cpw-puppy-all-breeds-2-2\/","url":"https:\/\/www.vetorino.com\/boutique\/product\/specific-cpw-puppy-all-breeds-2-2\/","name":"CPW Puppy All breeds - chiot Specific - V\u00e9torino","isPartOf":{"@id":"https:\/\/www.vetorino.com\/boutique\/#website"},"primaryImageOfPage":{"@id":"https:\/\/www.vetorino.com\/boutique\/product\/specific-cpw-puppy-all-breeds-2-2\/#primaryimage"},"image":{"@id":"https:\/\/www.vetorino.com\/boutique\/product\/specific-cpw-puppy-all-breeds-2-2\/#primaryimage"},"thumbnailUrl":"https:\/\/www.vetorino.com\/boutique\/wp-content\/uploads\/2020\/03\/chien-cpw-puppy.webp","datePublished":"2020-10-05T17:03:00+00:00","dateModified":"2025-09-02T12:54:07+00:00","description":"Aliment complet et \u00e9quilibr\u00e9 pour le chiot de toutes races et la\u00a0chienne gestante ou en lactation. Utilisation : Croissance du chiot de petite race et de race moyenne Alimentation occasionnelle du chiot de grande race et de race g\u00e9ante Gestation, lactation de la chienne de toutes races Anorexie Convalescence","breadcrumb":{"@id":"https:\/\/www.vetorino.com\/boutique\/product\/specific-cpw-puppy-all-breeds-2-2\/#breadcrumb"},"inLanguage":"fr-FR","potentialAction":[{"@type":"ReadAction","target":["https:\/\/www.vetorino.com\/boutique\/product\/specific-cpw-puppy-all-breeds-2-2\/"]}]},{"@type":"ImageObject","inLanguage":"fr-FR","@id":"https:\/\/www.vetorino.com\/boutique\/product\/specific-cpw-puppy-all-breeds-2-2\/#primaryimage","url":"https:\/\/www.vetorino.com\/boutique\/wp-content\/uploads\/2020\/03\/chien-cpw-puppy.webp","contentUrl":"https:\/\/www.vetorino.com\/boutique\/wp-content\/uploads\/2020\/03\/chien-cpw-puppy.webp","width":800,"height":800},{"@type":"BreadcrumbList","@id":"https:\/\/www.vetorino.com\/boutique\/product\/specific-cpw-puppy-all-breeds-2-2\/#breadcrumb","itemListElement":[{"@type":"ListItem","position":1,"name":"Accueil","item":"https:\/\/www.vetorino.com\/boutique\/"},{"@type":"ListItem","position":2,"name":"Produits","item":"https:\/\/www.vetorino.com\/boutique\/"},{"@type":"ListItem","position":3,"name":"CPW Puppy All breeds &#8211; chiot"}]},{"@type":"WebSite","@id":"https:\/\/www.vetorino.com\/boutique\/#website","url":"https:\/\/www.vetorino.com\/boutique\/","name":"V\u00e9torino","description":"","publisher":{"@id":"https:\/\/www.vetorino.com\/boutique\/#organization"},"potentialAction":[{"@type":"SearchAction","target":{"@type":"EntryPoint","urlTemplate":"https:\/\/www.vetorino.com\/boutique\/?s={search_term_string}"},"query-input":{"@type":"PropertyValueSpecification","valueRequired":true,"valueName":"search_term_string"}}],"inLanguage":"fr-FR"},{"@type":"Organization","@id":"https:\/\/www.vetorino.com\/boutique\/#organization","name":"V\u00e9torino","url":"https:\/\/www.vetorino.com\/boutique\/","logo":{"@type":"ImageObject","inLanguage":"fr-FR","@id":"https:\/\/www.vetorino.com\/boutique\/#\/schema\/logo\/image\/","url":"https:\/\/www.vetorino.com\/boutique\/wp-content\/uploads\/2024\/10\/logo.jpg","contentUrl":"https:\/\/www.vetorino.com\/boutique\/wp-content\/uploads\/2024\/10\/logo.jpg","width":1200,"height":610,"caption":"V\u00e9torino"},"image":{"@id":"https:\/\/www.vetorino.com\/boutique\/#\/schema\/logo\/image\/"},"sameAs":["https:\/\/www.facebook.com\/Vetorino\/","https:\/\/www.instagram.com\/vetorino_off\/","https:\/\/www.linkedin.com\/company\/vtorino\/"]}]},"product_brand":"Specific","product_price_amount":"19.45","product_price_currency":"EUR","og_availability":"instock","product_availability":"instock","product_retailer_item_id":"O-76053","product_condition":"new"},"_links":{"self":[{"href":"https:\/\/www.vetorino.com\/veterinaire\/villenavedornon-33140-1\/boutique\/wp-json\/wp\/v2\/product\/119330","targetHints":{"allow":["GET"]}}],"collection":[{"href":"https:\/\/www.vetorino.com\/veterinaire\/villenavedornon-33140-1\/boutique\/wp-json\/wp\/v2\/product"}],"about":[{"href":"https:\/\/www.vetorino.com\/veterinaire\/villenavedornon-33140-1\/boutique\/wp-json\/wp\/v2\/types\/product"}],"wp:featuredmedia":[{"embeddable":true,"href":"https:\/\/www.vetorino.com\/veterinaire\/villenavedornon-33140-1\/boutique\/wp-json\/wp\/v2\/media\/1474567"}],"wp:attachment":[{"href":"https:\/\/www.vetorino.com\/veterinaire\/villenavedornon-33140-1\/boutique\/wp-json\/wp\/v2\/media?parent=119330"}],"wp:term":[{"taxonomy":"product_cat","embeddable":true,"href":"https:\/\/www.vetorino.com\/veterinaire\/villenavedornon-33140-1\/boutique\/wp-json\/wp\/v2\/product_cat?post=119330"},{"taxonomy":"product_tag","embeddable":true,"href":"https:\/\/www.vetorino.com\/veterinaire\/villenavedornon-33140-1\/boutique\/wp-json\/wp\/v2\/product_tag?post=119330"}],"curies":[{"name":"wp","href":"https:\/\/api.w.org\/{rel}","templated":true}]}}