{"id":1265572,"date":"2025-03-27T17:39:15","date_gmt":"2025-03-27T16:39:15","guid":{"rendered":"https:\/\/www.vetorino.com\/veterinaire\/allonnes-49650\/boutique\/?post_type=product&#038;p=1265572"},"modified":"2025-03-27T17:57:15","modified_gmt":"2025-03-27T16:57:15","slug":"seringues","status":"publish","type":"product","link":"https:\/\/www.vetorino.com\/veterinaire\/villenavedornon-33140-1\/boutique\/product\/seringues\/","title":{"rendered":"Seringues \u00e0 insuline"},"content":{"rendered":"<p><strong>Les seringues \u00e0 insuline Sol-Vet vous aideront \u00e0 r\u00e9aliser les injections d&#8217;insuline \u00e0 votre animal en toute simplicit\u00e9. Elles sont d\u00e9j\u00e0 mont\u00e9es pour simplifier leur prise en main et indolores gr\u00e2ce \u00e0 leur aiguille tr\u00e8s fine.<\/strong><\/p>\n<p><strong>Indications :<\/strong><\/p>\n<ul>\n<li><strong>Graduation U40\u00a0<\/strong>pour l&#8217;insuline v\u00e9t\u00e9rinaire dos\u00e9e \u00e0 40 UI\/ml<\/li>\n<li><strong>Aiguille pr\u00e9-mont\u00e9e fine et aiguis\u00e9e<\/strong>\u00a0pour des injections plus comfortables pour votre animal.<\/li>\n<li><strong>Limitation de l&#8217;espace mort<\/strong>\u00a0pour diminuer la perte et le\u00a0gaspillage d&#8217;insuline<\/li>\n<li>Corps transparent avec\u00a0<strong>graduation en gras<\/strong>\u00a0:\u00a0le\u00a0marquage\u00a0permet\u00a0de voir clairement et de mesurer plus facilement la quantit\u00e9 d&#8217;insuline \u00e0 injecter.<\/li>\n<li>Vendues en\u00a0bo\u00eete de 100 seringues\u00a0emball\u00e9es dans des\u00a0sachets st\u00e9riles de 10 seringues (donc 10 sachets par bo\u00eetes).<\/li>\n<li>Fabriqu\u00e9es en Polypropylene, sans latex ni BPA.<\/li>\n<\/ul>\n<p><strong>Demandez conseil \u00e0 votre v\u00e9t\u00e9rinaire avant utilisation.<\/strong><\/p>\n","protected":false},"excerpt":{"rendered":"<p><strong>Les seringues \u00e0 insuline Sol-Vet vous aideront \u00e0 r\u00e9aliser les injections d&#8217;insuline \u00e0 votre animal en toute simplicit\u00e9. Elles sont d\u00e9j\u00e0 mont\u00e9es pour simplifier leur prise en main et indolores gr\u00e2ce \u00e0 leur aiguille tr\u00e8s fine.<\/strong><\/p>\n<p>&nbsp;<\/p>\n","protected":false},"featured_media":1265575,"template":"","meta":[],"product_cat":[2697,2698],"product_tag":[],"class_list":{"0":"post-1265572","1":"product","2":"type-product","3":"status-publish","4":"has-post-thumbnail","6":"product_cat-chat","7":"product_cat-chien","8":"pa_marque-materiel","10":"first","11":"instock","12":"taxable","13":"shipping-taxable","14":"purchasable","15":"product-type-simple"},"yoast_head":"<!-- This site is optimized with the Yoast SEO plugin v27.3 - https:\/\/yoast.com\/product\/yoast-seo-wordpress\/ -->\n<title>Seringues \u00e0 insuline Mat\u00e9riel - V\u00e9torino<\/title>\n<meta name=\"description\" content=\"Les seringues \u00e0 insuline Sol-Vet vous aideront \u00e0 r\u00e9aliser les injections d&#039;insuline \u00e0 votre animal en toute simplicit\u00e9. Elles sont d\u00e9j\u00e0 mont\u00e9es pour simplifier leur prise en main et indolores gr\u00e2ce \u00e0 leur aiguille tr\u00e8s fine.  &nbsp;\" \/>\n<meta name=\"robots\" content=\"noindex, nofollow\" \/>\n<meta property=\"og:locale\" content=\"fr_FR\" \/>\n<meta property=\"og:type\" content=\"article\" \/>\n<meta property=\"og:title\" content=\"Seringues \u00e0 insuline Mat\u00e9riel - V\u00e9torino\" \/>\n<meta property=\"og:description\" content=\"Les seringues \u00e0 insuline Sol-Vet vous aideront \u00e0 r\u00e9aliser les injections d&#039;insuline \u00e0 votre animal en toute simplicit\u00e9. Elles sont d\u00e9j\u00e0 mont\u00e9es pour simplifier leur prise en main et indolores gr\u00e2ce \u00e0 leur aiguille tr\u00e8s fine.  &nbsp;\" \/>\n<meta property=\"og:url\" content=\"https:\/\/www.vetorino.com\/veterinaire\/villenavedornon-33140-1\/boutique\/product\/seringues\/\" \/>\n<meta property=\"og:site_name\" content=\"V\u00e9torino\" \/>\n<meta property=\"article:publisher\" content=\"https:\/\/www.facebook.com\/Vetorino\/\" \/>\n<meta property=\"article:modified_time\" content=\"2025-03-27T16:57:15+00:00\" \/>\n<meta property=\"og:image\" content=\"https:\/\/www.vetorino.com\/boutique\/wp-content\/uploads\/2025\/03\/seringues-a-insuline-sol-vet-40-ui-pour-chiens-et-chats-1.jpg\" \/>\n\t<meta property=\"og:image:width\" content=\"800\" \/>\n\t<meta property=\"og:image:height\" content=\"800\" \/>\n\t<meta property=\"og:image:type\" content=\"image\/jpeg\" \/>\n<meta name=\"twitter:card\" content=\"summary_large_image\" \/>\n<meta name=\"twitter:label1\" content=\"Prix\" \/>\n\t<meta name=\"twitter:data1\" content=\"19,66&euro;\" \/>\n\t<meta name=\"twitter:label2\" content=\"Disponibilit\u00e9\" \/>\n\t<meta name=\"twitter:data2\" content=\"En stock\" \/>\n<script type=\"application\/ld+json\" class=\"yoast-schema-graph\">{\"@context\":\"https:\\\/\\\/schema.org\",\"@graph\":[{\"@type\":\"WebPage\",\"@id\":\"https:\\\/\\\/www.vetorino.com\\\/veterinaire\\\/allonnes-49650\\\/boutique\\\/product\\\/seringues\\\/\",\"url\":\"https:\\\/\\\/www.vetorino.com\\\/veterinaire\\\/allonnes-49650\\\/boutique\\\/product\\\/seringues\\\/\",\"name\":\"Seringues \u00e0 insuline Mat\u00e9riel - V\u00e9torino\",\"isPartOf\":{\"@id\":\"https:\\\/\\\/www.vetorino.com\\\/boutique\\\/#website\"},\"primaryImageOfPage\":{\"@id\":\"https:\\\/\\\/www.vetorino.com\\\/veterinaire\\\/allonnes-49650\\\/boutique\\\/product\\\/seringues\\\/#primaryimage\"},\"image\":{\"@id\":\"https:\\\/\\\/www.vetorino.com\\\/veterinaire\\\/allonnes-49650\\\/boutique\\\/product\\\/seringues\\\/#primaryimage\"},\"thumbnailUrl\":\"https:\\\/\\\/www.vetorino.com\\\/boutique\\\/wp-content\\\/uploads\\\/2025\\\/03\\\/seringues-a-insuline-sol-vet-40-ui-pour-chiens-et-chats-1.jpg\",\"datePublished\":\"2025-03-27T16:39:15+00:00\",\"dateModified\":\"2025-03-27T16:57:15+00:00\",\"description\":\"Les seringues \u00e0 insuline Sol-Vet vous aideront \u00e0 r\u00e9aliser les injections d'insuline \u00e0 votre animal en toute simplicit\u00e9. Elles sont d\u00e9j\u00e0 mont\u00e9es pour simplifier leur prise en main et indolores gr\u00e2ce \u00e0 leur aiguille tr\u00e8s fine. &nbsp;\",\"breadcrumb\":{\"@id\":\"https:\\\/\\\/www.vetorino.com\\\/veterinaire\\\/allonnes-49650\\\/boutique\\\/product\\\/seringues\\\/#breadcrumb\"},\"inLanguage\":\"fr-FR\",\"potentialAction\":[{\"@type\":\"ReadAction\",\"target\":[\"https:\\\/\\\/www.vetorino.com\\\/veterinaire\\\/allonnes-49650\\\/boutique\\\/product\\\/seringues\\\/\"]}]},{\"@type\":\"ImageObject\",\"inLanguage\":\"fr-FR\",\"@id\":\"https:\\\/\\\/www.vetorino.com\\\/veterinaire\\\/allonnes-49650\\\/boutique\\\/product\\\/seringues\\\/#primaryimage\",\"url\":\"https:\\\/\\\/www.vetorino.com\\\/boutique\\\/wp-content\\\/uploads\\\/2025\\\/03\\\/seringues-a-insuline-sol-vet-40-ui-pour-chiens-et-chats-1.jpg\",\"contentUrl\":\"https:\\\/\\\/www.vetorino.com\\\/boutique\\\/wp-content\\\/uploads\\\/2025\\\/03\\\/seringues-a-insuline-sol-vet-40-ui-pour-chiens-et-chats-1.jpg\",\"width\":800,\"height\":800},{\"@type\":\"BreadcrumbList\",\"@id\":\"https:\\\/\\\/www.vetorino.com\\\/veterinaire\\\/allonnes-49650\\\/boutique\\\/product\\\/seringues\\\/#breadcrumb\",\"itemListElement\":[{\"@type\":\"ListItem\",\"position\":1,\"name\":\"Accueil\",\"item\":\"https:\\\/\\\/www.vetorino.com\\\/boutique\\\/\"},{\"@type\":\"ListItem\",\"position\":2,\"name\":\"Produits\",\"item\":\"https:\\\/\\\/www.vetorino.com\\\/boutique\\\/\"},{\"@type\":\"ListItem\",\"position\":3,\"name\":\"Seringues \u00e0 insuline\"}]},{\"@type\":\"WebSite\",\"@id\":\"https:\\\/\\\/www.vetorino.com\\\/boutique\\\/#website\",\"url\":\"https:\\\/\\\/www.vetorino.com\\\/boutique\\\/\",\"name\":\"V\u00e9torino\",\"description\":\"\",\"publisher\":{\"@id\":\"https:\\\/\\\/www.vetorino.com\\\/boutique\\\/#organization\"},\"potentialAction\":[{\"@type\":\"SearchAction\",\"target\":{\"@type\":\"EntryPoint\",\"urlTemplate\":\"https:\\\/\\\/www.vetorino.com\\\/boutique\\\/?s={search_term_string}\"},\"query-input\":{\"@type\":\"PropertyValueSpecification\",\"valueRequired\":true,\"valueName\":\"search_term_string\"}}],\"inLanguage\":\"fr-FR\"},{\"@type\":\"Organization\",\"@id\":\"https:\\\/\\\/www.vetorino.com\\\/boutique\\\/#organization\",\"name\":\"V\u00e9torino\",\"url\":\"https:\\\/\\\/www.vetorino.com\\\/boutique\\\/\",\"logo\":{\"@type\":\"ImageObject\",\"inLanguage\":\"fr-FR\",\"@id\":\"https:\\\/\\\/www.vetorino.com\\\/boutique\\\/#\\\/schema\\\/logo\\\/image\\\/\",\"url\":\"https:\\\/\\\/www.vetorino.com\\\/boutique\\\/wp-content\\\/uploads\\\/2024\\\/10\\\/logo.jpg\",\"contentUrl\":\"https:\\\/\\\/www.vetorino.com\\\/boutique\\\/wp-content\\\/uploads\\\/2024\\\/10\\\/logo.jpg\",\"width\":1200,\"height\":610,\"caption\":\"V\u00e9torino\"},\"image\":{\"@id\":\"https:\\\/\\\/www.vetorino.com\\\/boutique\\\/#\\\/schema\\\/logo\\\/image\\\/\"},\"sameAs\":[\"https:\\\/\\\/www.facebook.com\\\/Vetorino\\\/\",\"https:\\\/\\\/www.instagram.com\\\/vetorino_off\\\/\",\"https:\\\/\\\/www.linkedin.com\\\/company\\\/vtorino\\\/\"]}]}<\/script>\n<meta property=\"product:brand\" content=\"Mat\u00e9riel\" \/>\n<meta property=\"product:price:amount\" content=\"19.66\" \/>\n<meta property=\"product:price:currency\" content=\"EUR\" \/>\n<meta property=\"og:availability\" content=\"instock\" \/>\n<meta property=\"product:availability\" content=\"instock\" \/>\n<meta property=\"product:retailer_item_id\" content=\"O-802978\" \/>\n<meta property=\"product:condition\" content=\"new\" \/>\n<!-- \/ Yoast SEO plugin. -->","yoast_head_json":{"title":"Seringues \u00e0 insuline Mat\u00e9riel - V\u00e9torino","description":"Les seringues \u00e0 insuline Sol-Vet vous aideront \u00e0 r\u00e9aliser les injections d'insuline \u00e0 votre animal en toute simplicit\u00e9. Elles sont d\u00e9j\u00e0 mont\u00e9es pour simplifier leur prise en main et indolores gr\u00e2ce \u00e0 leur aiguille tr\u00e8s fine.  &nbsp;","robots":{"index":"noindex","follow":"nofollow"},"og_locale":"fr_FR","og_type":"article","og_title":"Seringues \u00e0 insuline Mat\u00e9riel - V\u00e9torino","og_description":"Les seringues \u00e0 insuline Sol-Vet vous aideront \u00e0 r\u00e9aliser les injections d'insuline \u00e0 votre animal en toute simplicit\u00e9. Elles sont d\u00e9j\u00e0 mont\u00e9es pour simplifier leur prise en main et indolores gr\u00e2ce \u00e0 leur aiguille tr\u00e8s fine.  &nbsp;","og_url":"https:\/\/www.vetorino.com\/veterinaire\/villenavedornon-33140-1\/boutique\/product\/seringues\/","og_site_name":"V\u00e9torino","article_publisher":"https:\/\/www.facebook.com\/Vetorino\/","article_modified_time":"2025-03-27T16:57:15+00:00","og_image":[{"width":800,"height":800,"url":"https:\/\/www.vetorino.com\/boutique\/wp-content\/uploads\/2025\/03\/seringues-a-insuline-sol-vet-40-ui-pour-chiens-et-chats-1.jpg","type":"image\/jpeg"}],"twitter_card":"summary_large_image","twitter_misc":{"Prix":"19,66&euro;","Disponibilit\u00e9":"En stock"},"schema":{"@context":"https:\/\/schema.org","@graph":[{"@type":"WebPage","@id":"https:\/\/www.vetorino.com\/veterinaire\/allonnes-49650\/boutique\/product\/seringues\/","url":"https:\/\/www.vetorino.com\/veterinaire\/allonnes-49650\/boutique\/product\/seringues\/","name":"Seringues \u00e0 insuline Mat\u00e9riel - V\u00e9torino","isPartOf":{"@id":"https:\/\/www.vetorino.com\/boutique\/#website"},"primaryImageOfPage":{"@id":"https:\/\/www.vetorino.com\/veterinaire\/allonnes-49650\/boutique\/product\/seringues\/#primaryimage"},"image":{"@id":"https:\/\/www.vetorino.com\/veterinaire\/allonnes-49650\/boutique\/product\/seringues\/#primaryimage"},"thumbnailUrl":"https:\/\/www.vetorino.com\/boutique\/wp-content\/uploads\/2025\/03\/seringues-a-insuline-sol-vet-40-ui-pour-chiens-et-chats-1.jpg","datePublished":"2025-03-27T16:39:15+00:00","dateModified":"2025-03-27T16:57:15+00:00","description":"Les seringues \u00e0 insuline Sol-Vet vous aideront \u00e0 r\u00e9aliser les injections d'insuline \u00e0 votre animal en toute simplicit\u00e9. Elles sont d\u00e9j\u00e0 mont\u00e9es pour simplifier leur prise en main et indolores gr\u00e2ce \u00e0 leur aiguille tr\u00e8s fine. &nbsp;","breadcrumb":{"@id":"https:\/\/www.vetorino.com\/veterinaire\/allonnes-49650\/boutique\/product\/seringues\/#breadcrumb"},"inLanguage":"fr-FR","potentialAction":[{"@type":"ReadAction","target":["https:\/\/www.vetorino.com\/veterinaire\/allonnes-49650\/boutique\/product\/seringues\/"]}]},{"@type":"ImageObject","inLanguage":"fr-FR","@id":"https:\/\/www.vetorino.com\/veterinaire\/allonnes-49650\/boutique\/product\/seringues\/#primaryimage","url":"https:\/\/www.vetorino.com\/boutique\/wp-content\/uploads\/2025\/03\/seringues-a-insuline-sol-vet-40-ui-pour-chiens-et-chats-1.jpg","contentUrl":"https:\/\/www.vetorino.com\/boutique\/wp-content\/uploads\/2025\/03\/seringues-a-insuline-sol-vet-40-ui-pour-chiens-et-chats-1.jpg","width":800,"height":800},{"@type":"BreadcrumbList","@id":"https:\/\/www.vetorino.com\/veterinaire\/allonnes-49650\/boutique\/product\/seringues\/#breadcrumb","itemListElement":[{"@type":"ListItem","position":1,"name":"Accueil","item":"https:\/\/www.vetorino.com\/boutique\/"},{"@type":"ListItem","position":2,"name":"Produits","item":"https:\/\/www.vetorino.com\/boutique\/"},{"@type":"ListItem","position":3,"name":"Seringues \u00e0 insuline"}]},{"@type":"WebSite","@id":"https:\/\/www.vetorino.com\/boutique\/#website","url":"https:\/\/www.vetorino.com\/boutique\/","name":"V\u00e9torino","description":"","publisher":{"@id":"https:\/\/www.vetorino.com\/boutique\/#organization"},"potentialAction":[{"@type":"SearchAction","target":{"@type":"EntryPoint","urlTemplate":"https:\/\/www.vetorino.com\/boutique\/?s={search_term_string}"},"query-input":{"@type":"PropertyValueSpecification","valueRequired":true,"valueName":"search_term_string"}}],"inLanguage":"fr-FR"},{"@type":"Organization","@id":"https:\/\/www.vetorino.com\/boutique\/#organization","name":"V\u00e9torino","url":"https:\/\/www.vetorino.com\/boutique\/","logo":{"@type":"ImageObject","inLanguage":"fr-FR","@id":"https:\/\/www.vetorino.com\/boutique\/#\/schema\/logo\/image\/","url":"https:\/\/www.vetorino.com\/boutique\/wp-content\/uploads\/2024\/10\/logo.jpg","contentUrl":"https:\/\/www.vetorino.com\/boutique\/wp-content\/uploads\/2024\/10\/logo.jpg","width":1200,"height":610,"caption":"V\u00e9torino"},"image":{"@id":"https:\/\/www.vetorino.com\/boutique\/#\/schema\/logo\/image\/"},"sameAs":["https:\/\/www.facebook.com\/Vetorino\/","https:\/\/www.instagram.com\/vetorino_off\/","https:\/\/www.linkedin.com\/company\/vtorino\/"]}]},"product_brand":"Mat\u00e9riel","product_price_amount":"19.66","product_price_currency":"EUR","og_availability":"instock","product_availability":"instock","product_retailer_item_id":"O-802978","product_condition":"new"},"_links":{"self":[{"href":"https:\/\/www.vetorino.com\/veterinaire\/villenavedornon-33140-1\/boutique\/wp-json\/wp\/v2\/product\/1265572","targetHints":{"allow":["GET"]}}],"collection":[{"href":"https:\/\/www.vetorino.com\/veterinaire\/villenavedornon-33140-1\/boutique\/wp-json\/wp\/v2\/product"}],"about":[{"href":"https:\/\/www.vetorino.com\/veterinaire\/villenavedornon-33140-1\/boutique\/wp-json\/wp\/v2\/types\/product"}],"wp:featuredmedia":[{"embeddable":true,"href":"https:\/\/www.vetorino.com\/veterinaire\/villenavedornon-33140-1\/boutique\/wp-json\/wp\/v2\/media\/1265575"}],"wp:attachment":[{"href":"https:\/\/www.vetorino.com\/veterinaire\/villenavedornon-33140-1\/boutique\/wp-json\/wp\/v2\/media?parent=1265572"}],"wp:term":[{"taxonomy":"product_cat","embeddable":true,"href":"https:\/\/www.vetorino.com\/veterinaire\/villenavedornon-33140-1\/boutique\/wp-json\/wp\/v2\/product_cat?post=1265572"},{"taxonomy":"product_tag","embeddable":true,"href":"https:\/\/www.vetorino.com\/veterinaire\/villenavedornon-33140-1\/boutique\/wp-json\/wp\/v2\/product_tag?post=1265572"}],"curies":[{"name":"wp","href":"https:\/\/api.w.org\/{rel}","templated":true}]}}