{"id":179524,"date":"2021-05-08T05:13:14","date_gmt":"2021-05-08T03:13:14","guid":{"rendered":"https:\/\/www.vetorino.com\/boutique\/product\/produit-museliere-plastique-t9-tr-cou-60cm\/"},"modified":"2024-05-10T11:49:16","modified_gmt":"2024-05-10T09:49:16","slug":"produit-museliere-plastique-t9-tr-cou-60cm","status":"publish","type":"product","link":"https:\/\/www.vetorino.com\/veterinaire\/villenavedornon-33140-1\/boutique\/product\/produit-museliere-plastique-t9-tr-cou-60cm\/","title":{"rendered":"Produit &#8211; Museliere plastique t9 tr cou 60cm"},"content":{"rendered":"<div id=\"description\" class=\"data item content\" aria-labelledby=\"tab-label-description-title\" data-role=\"content\">\n<div class=\"product attribute description\">\n<div class=\"value\">En plastique solide renforc\u00e9 au niveau du nez. Courroies en cuir. Les races de chien sont donn\u00e9es \u00e0 titre indicatif.<\/div>\n<\/div>\n<\/div>\n","protected":false},"excerpt":{"rendered":"<div id=\"description\" class=\"data item content\" aria-labelledby=\"tab-label-description-title\" data-role=\"content\">\n<div class=\"product attribute description\">\n<div class=\"value\">En plastique solide renforc\u00e9 au niveau du nez. Courroies en cuir. Les races de chien sont donn\u00e9es \u00e0 titre indicatif.<\/div>\n<\/div>\n<\/div>\n<p>Mod\u00e8le: Museliere plastique t9 tr cou 60cm<\/p>\n","protected":false},"featured_media":918058,"template":"","meta":[],"product_cat":[2698,2777],"product_tag":[],"class_list":{"0":"post-179524","1":"product","2":"type-product","3":"status-publish","4":"has-post-thumbnail","6":"product_cat-chien","7":"product_cat-colliers-laisses-et-harnais-pour-chien","8":"pa_marque-kruuse","10":"first","11":"instock","12":"taxable","13":"shipping-taxable","14":"purchasable","15":"product-type-simple"},"yoast_head":"<!-- This site is optimized with the Yoast SEO plugin v27.3 - https:\/\/yoast.com\/product\/yoast-seo-wordpress\/ -->\n<title>Produit - Museliere plastique t9 tr cou 60cm Kruuse - V\u00e9torino<\/title>\n<meta name=\"description\" content=\"En plastique solide renforc\u00e9 au niveau du nez. Courroies en cuir. Les races de chien sont donn\u00e9es \u00e0 titre indicatif.   Mod\u00e8le: Museliere plastique t9 tr cou 60cm\" \/>\n<meta name=\"robots\" content=\"noindex, nofollow\" \/>\n<meta property=\"og:locale\" content=\"fr_FR\" \/>\n<meta property=\"og:type\" content=\"article\" \/>\n<meta property=\"og:title\" content=\"Produit - Museliere plastique t9 tr cou 60cm Kruuse - V\u00e9torino\" \/>\n<meta property=\"og:description\" content=\"En plastique solide renforc\u00e9 au niveau du nez. Courroies en cuir. Les races de chien sont donn\u00e9es \u00e0 titre indicatif.   Mod\u00e8le: Museliere plastique t9 tr cou 60cm\" \/>\n<meta property=\"og:url\" content=\"https:\/\/www.vetorino.com\/veterinaire\/villenavedornon-33140-1\/boutique\/product\/produit-museliere-plastique-t9-tr-cou-60cm\/\" \/>\n<meta property=\"og:site_name\" content=\"V\u00e9torino\" \/>\n<meta property=\"article:publisher\" content=\"https:\/\/www.facebook.com\/Vetorino\/\" \/>\n<meta property=\"article:modified_time\" content=\"2024-05-10T09:49:16+00:00\" \/>\n<meta property=\"og:image\" content=\"https:\/\/www.vetorino.com\/boutique\/wp-content\/uploads\/2021\/05\/191010_161821_PEEL_K5pqQp_12.jpg\" \/>\n\t<meta property=\"og:image:width\" content=\"400\" \/>\n\t<meta property=\"og:image:height\" content=\"300\" \/>\n\t<meta property=\"og:image:type\" content=\"image\/jpeg\" \/>\n<meta name=\"twitter:card\" content=\"summary_large_image\" \/>\n<meta name=\"twitter:label1\" content=\"Prix\" \/>\n\t<meta name=\"twitter:data1\" content=\"24,88&euro;\" \/>\n\t<meta name=\"twitter:label2\" content=\"Disponibilit\u00e9\" \/>\n\t<meta name=\"twitter:data2\" content=\"En stock\" \/>\n<script type=\"application\/ld+json\" class=\"yoast-schema-graph\">{\"@context\":\"https:\\\/\\\/schema.org\",\"@graph\":[{\"@type\":\"WebPage\",\"@id\":\"https:\\\/\\\/www.vetorino.com\\\/veterinaire\\\/vincennes-loup-94300\\\/boutique\\\/product\\\/produit-museliere-plastique-t9-tr-cou-60cm\\\/\",\"url\":\"https:\\\/\\\/www.vetorino.com\\\/veterinaire\\\/vincennes-loup-94300\\\/boutique\\\/product\\\/produit-museliere-plastique-t9-tr-cou-60cm\\\/\",\"name\":\"Produit - Museliere plastique t9 tr cou 60cm Kruuse - V\u00e9torino\",\"isPartOf\":{\"@id\":\"https:\\\/\\\/www.vetorino.com\\\/boutique\\\/#website\"},\"primaryImageOfPage\":{\"@id\":\"https:\\\/\\\/www.vetorino.com\\\/veterinaire\\\/vincennes-loup-94300\\\/boutique\\\/product\\\/produit-museliere-plastique-t9-tr-cou-60cm\\\/#primaryimage\"},\"image\":{\"@id\":\"https:\\\/\\\/www.vetorino.com\\\/veterinaire\\\/vincennes-loup-94300\\\/boutique\\\/product\\\/produit-museliere-plastique-t9-tr-cou-60cm\\\/#primaryimage\"},\"thumbnailUrl\":\"https:\\\/\\\/www.vetorino.com\\\/boutique\\\/wp-content\\\/uploads\\\/2021\\\/05\\\/191010_161821_PEEL_K5pqQp_12.jpg\",\"datePublished\":\"2021-05-08T03:13:14+00:00\",\"dateModified\":\"2024-05-10T09:49:16+00:00\",\"description\":\"En plastique solide renforc\u00e9 au niveau du nez. Courroies en cuir. Les races de chien sont donn\u00e9es \u00e0 titre indicatif. Mod\u00e8le: Museliere plastique t9 tr cou 60cm\",\"breadcrumb\":{\"@id\":\"https:\\\/\\\/www.vetorino.com\\\/veterinaire\\\/vincennes-loup-94300\\\/boutique\\\/product\\\/produit-museliere-plastique-t9-tr-cou-60cm\\\/#breadcrumb\"},\"inLanguage\":\"fr-FR\",\"potentialAction\":[{\"@type\":\"ReadAction\",\"target\":[\"https:\\\/\\\/www.vetorino.com\\\/veterinaire\\\/vincennes-loup-94300\\\/boutique\\\/product\\\/produit-museliere-plastique-t9-tr-cou-60cm\\\/\"]}]},{\"@type\":\"ImageObject\",\"inLanguage\":\"fr-FR\",\"@id\":\"https:\\\/\\\/www.vetorino.com\\\/veterinaire\\\/vincennes-loup-94300\\\/boutique\\\/product\\\/produit-museliere-plastique-t9-tr-cou-60cm\\\/#primaryimage\",\"url\":\"https:\\\/\\\/www.vetorino.com\\\/boutique\\\/wp-content\\\/uploads\\\/2021\\\/05\\\/191010_161821_PEEL_K5pqQp_12.jpg\",\"contentUrl\":\"https:\\\/\\\/www.vetorino.com\\\/boutique\\\/wp-content\\\/uploads\\\/2021\\\/05\\\/191010_161821_PEEL_K5pqQp_12.jpg\",\"width\":400,\"height\":300},{\"@type\":\"BreadcrumbList\",\"@id\":\"https:\\\/\\\/www.vetorino.com\\\/veterinaire\\\/vincennes-loup-94300\\\/boutique\\\/product\\\/produit-museliere-plastique-t9-tr-cou-60cm\\\/#breadcrumb\",\"itemListElement\":[{\"@type\":\"ListItem\",\"position\":1,\"name\":\"Accueil\",\"item\":\"https:\\\/\\\/www.vetorino.com\\\/boutique\\\/\"},{\"@type\":\"ListItem\",\"position\":2,\"name\":\"Produits\",\"item\":\"https:\\\/\\\/www.vetorino.com\\\/boutique\\\/\"},{\"@type\":\"ListItem\",\"position\":3,\"name\":\"Produit &#8211; Museliere plastique t9 tr cou 60cm\"}]},{\"@type\":\"WebSite\",\"@id\":\"https:\\\/\\\/www.vetorino.com\\\/boutique\\\/#website\",\"url\":\"https:\\\/\\\/www.vetorino.com\\\/boutique\\\/\",\"name\":\"V\u00e9torino\",\"description\":\"\",\"publisher\":{\"@id\":\"https:\\\/\\\/www.vetorino.com\\\/boutique\\\/#organization\"},\"potentialAction\":[{\"@type\":\"SearchAction\",\"target\":{\"@type\":\"EntryPoint\",\"urlTemplate\":\"https:\\\/\\\/www.vetorino.com\\\/boutique\\\/?s={search_term_string}\"},\"query-input\":{\"@type\":\"PropertyValueSpecification\",\"valueRequired\":true,\"valueName\":\"search_term_string\"}}],\"inLanguage\":\"fr-FR\"},{\"@type\":\"Organization\",\"@id\":\"https:\\\/\\\/www.vetorino.com\\\/boutique\\\/#organization\",\"name\":\"V\u00e9torino\",\"url\":\"https:\\\/\\\/www.vetorino.com\\\/boutique\\\/\",\"logo\":{\"@type\":\"ImageObject\",\"inLanguage\":\"fr-FR\",\"@id\":\"https:\\\/\\\/www.vetorino.com\\\/boutique\\\/#\\\/schema\\\/logo\\\/image\\\/\",\"url\":\"https:\\\/\\\/www.vetorino.com\\\/boutique\\\/wp-content\\\/uploads\\\/2024\\\/10\\\/logo.jpg\",\"contentUrl\":\"https:\\\/\\\/www.vetorino.com\\\/boutique\\\/wp-content\\\/uploads\\\/2024\\\/10\\\/logo.jpg\",\"width\":1200,\"height\":610,\"caption\":\"V\u00e9torino\"},\"image\":{\"@id\":\"https:\\\/\\\/www.vetorino.com\\\/boutique\\\/#\\\/schema\\\/logo\\\/image\\\/\"},\"sameAs\":[\"https:\\\/\\\/www.facebook.com\\\/Vetorino\\\/\",\"https:\\\/\\\/www.instagram.com\\\/vetorino_off\\\/\",\"https:\\\/\\\/www.linkedin.com\\\/company\\\/vtorino\\\/\"]}]}<\/script>\n<meta property=\"product:brand\" content=\"Kruuse\" \/>\n<meta property=\"product:price:amount\" content=\"24.88\" \/>\n<meta property=\"product:price:currency\" content=\"EUR\" \/>\n<meta property=\"og:availability\" content=\"instock\" \/>\n<meta property=\"product:availability\" content=\"instock\" \/>\n<meta property=\"product:retailer_item_id\" content=\"O-602882\" \/>\n<meta property=\"product:condition\" content=\"new\" \/>\n<!-- \/ Yoast SEO plugin. -->","yoast_head_json":{"title":"Produit - Museliere plastique t9 tr cou 60cm Kruuse - V\u00e9torino","description":"En plastique solide renforc\u00e9 au niveau du nez. Courroies en cuir. Les races de chien sont donn\u00e9es \u00e0 titre indicatif.   Mod\u00e8le: Museliere plastique t9 tr cou 60cm","robots":{"index":"noindex","follow":"nofollow"},"og_locale":"fr_FR","og_type":"article","og_title":"Produit - Museliere plastique t9 tr cou 60cm Kruuse - V\u00e9torino","og_description":"En plastique solide renforc\u00e9 au niveau du nez. Courroies en cuir. Les races de chien sont donn\u00e9es \u00e0 titre indicatif.   Mod\u00e8le: Museliere plastique t9 tr cou 60cm","og_url":"https:\/\/www.vetorino.com\/veterinaire\/villenavedornon-33140-1\/boutique\/product\/produit-museliere-plastique-t9-tr-cou-60cm\/","og_site_name":"V\u00e9torino","article_publisher":"https:\/\/www.facebook.com\/Vetorino\/","article_modified_time":"2024-05-10T09:49:16+00:00","og_image":[{"width":400,"height":300,"url":"https:\/\/www.vetorino.com\/boutique\/wp-content\/uploads\/2021\/05\/191010_161821_PEEL_K5pqQp_12.jpg","type":"image\/jpeg"}],"twitter_card":"summary_large_image","twitter_misc":{"Prix":"24,88&euro;","Disponibilit\u00e9":"En stock"},"schema":{"@context":"https:\/\/schema.org","@graph":[{"@type":"WebPage","@id":"https:\/\/www.vetorino.com\/veterinaire\/vincennes-loup-94300\/boutique\/product\/produit-museliere-plastique-t9-tr-cou-60cm\/","url":"https:\/\/www.vetorino.com\/veterinaire\/vincennes-loup-94300\/boutique\/product\/produit-museliere-plastique-t9-tr-cou-60cm\/","name":"Produit - Museliere plastique t9 tr cou 60cm Kruuse - V\u00e9torino","isPartOf":{"@id":"https:\/\/www.vetorino.com\/boutique\/#website"},"primaryImageOfPage":{"@id":"https:\/\/www.vetorino.com\/veterinaire\/vincennes-loup-94300\/boutique\/product\/produit-museliere-plastique-t9-tr-cou-60cm\/#primaryimage"},"image":{"@id":"https:\/\/www.vetorino.com\/veterinaire\/vincennes-loup-94300\/boutique\/product\/produit-museliere-plastique-t9-tr-cou-60cm\/#primaryimage"},"thumbnailUrl":"https:\/\/www.vetorino.com\/boutique\/wp-content\/uploads\/2021\/05\/191010_161821_PEEL_K5pqQp_12.jpg","datePublished":"2021-05-08T03:13:14+00:00","dateModified":"2024-05-10T09:49:16+00:00","description":"En plastique solide renforc\u00e9 au niveau du nez. Courroies en cuir. Les races de chien sont donn\u00e9es \u00e0 titre indicatif. Mod\u00e8le: Museliere plastique t9 tr cou 60cm","breadcrumb":{"@id":"https:\/\/www.vetorino.com\/veterinaire\/vincennes-loup-94300\/boutique\/product\/produit-museliere-plastique-t9-tr-cou-60cm\/#breadcrumb"},"inLanguage":"fr-FR","potentialAction":[{"@type":"ReadAction","target":["https:\/\/www.vetorino.com\/veterinaire\/vincennes-loup-94300\/boutique\/product\/produit-museliere-plastique-t9-tr-cou-60cm\/"]}]},{"@type":"ImageObject","inLanguage":"fr-FR","@id":"https:\/\/www.vetorino.com\/veterinaire\/vincennes-loup-94300\/boutique\/product\/produit-museliere-plastique-t9-tr-cou-60cm\/#primaryimage","url":"https:\/\/www.vetorino.com\/boutique\/wp-content\/uploads\/2021\/05\/191010_161821_PEEL_K5pqQp_12.jpg","contentUrl":"https:\/\/www.vetorino.com\/boutique\/wp-content\/uploads\/2021\/05\/191010_161821_PEEL_K5pqQp_12.jpg","width":400,"height":300},{"@type":"BreadcrumbList","@id":"https:\/\/www.vetorino.com\/veterinaire\/vincennes-loup-94300\/boutique\/product\/produit-museliere-plastique-t9-tr-cou-60cm\/#breadcrumb","itemListElement":[{"@type":"ListItem","position":1,"name":"Accueil","item":"https:\/\/www.vetorino.com\/boutique\/"},{"@type":"ListItem","position":2,"name":"Produits","item":"https:\/\/www.vetorino.com\/boutique\/"},{"@type":"ListItem","position":3,"name":"Produit &#8211; Museliere plastique t9 tr cou 60cm"}]},{"@type":"WebSite","@id":"https:\/\/www.vetorino.com\/boutique\/#website","url":"https:\/\/www.vetorino.com\/boutique\/","name":"V\u00e9torino","description":"","publisher":{"@id":"https:\/\/www.vetorino.com\/boutique\/#organization"},"potentialAction":[{"@type":"SearchAction","target":{"@type":"EntryPoint","urlTemplate":"https:\/\/www.vetorino.com\/boutique\/?s={search_term_string}"},"query-input":{"@type":"PropertyValueSpecification","valueRequired":true,"valueName":"search_term_string"}}],"inLanguage":"fr-FR"},{"@type":"Organization","@id":"https:\/\/www.vetorino.com\/boutique\/#organization","name":"V\u00e9torino","url":"https:\/\/www.vetorino.com\/boutique\/","logo":{"@type":"ImageObject","inLanguage":"fr-FR","@id":"https:\/\/www.vetorino.com\/boutique\/#\/schema\/logo\/image\/","url":"https:\/\/www.vetorino.com\/boutique\/wp-content\/uploads\/2024\/10\/logo.jpg","contentUrl":"https:\/\/www.vetorino.com\/boutique\/wp-content\/uploads\/2024\/10\/logo.jpg","width":1200,"height":610,"caption":"V\u00e9torino"},"image":{"@id":"https:\/\/www.vetorino.com\/boutique\/#\/schema\/logo\/image\/"},"sameAs":["https:\/\/www.facebook.com\/Vetorino\/","https:\/\/www.instagram.com\/vetorino_off\/","https:\/\/www.linkedin.com\/company\/vtorino\/"]}]},"product_brand":"Kruuse","product_price_amount":"24.88","product_price_currency":"EUR","og_availability":"instock","product_availability":"instock","product_retailer_item_id":"O-602882","product_condition":"new"},"_links":{"self":[{"href":"https:\/\/www.vetorino.com\/veterinaire\/villenavedornon-33140-1\/boutique\/wp-json\/wp\/v2\/product\/179524","targetHints":{"allow":["GET"]}}],"collection":[{"href":"https:\/\/www.vetorino.com\/veterinaire\/villenavedornon-33140-1\/boutique\/wp-json\/wp\/v2\/product"}],"about":[{"href":"https:\/\/www.vetorino.com\/veterinaire\/villenavedornon-33140-1\/boutique\/wp-json\/wp\/v2\/types\/product"}],"wp:featuredmedia":[{"embeddable":true,"href":"https:\/\/www.vetorino.com\/veterinaire\/villenavedornon-33140-1\/boutique\/wp-json\/wp\/v2\/media\/918058"}],"wp:attachment":[{"href":"https:\/\/www.vetorino.com\/veterinaire\/villenavedornon-33140-1\/boutique\/wp-json\/wp\/v2\/media?parent=179524"}],"wp:term":[{"taxonomy":"product_cat","embeddable":true,"href":"https:\/\/www.vetorino.com\/veterinaire\/villenavedornon-33140-1\/boutique\/wp-json\/wp\/v2\/product_cat?post=179524"},{"taxonomy":"product_tag","embeddable":true,"href":"https:\/\/www.vetorino.com\/veterinaire\/villenavedornon-33140-1\/boutique\/wp-json\/wp\/v2\/product_tag?post=179524"}],"curies":[{"name":"wp","href":"https:\/\/api.w.org\/{rel}","templated":true}]}}