{"id":179566,"date":"2021-05-08T05:43:28","date_gmt":"2021-05-08T03:43:28","guid":{"rendered":"https:\/\/www.vetorino.com\/boutique\/product\/produit-bande-flex-on-bleu-5cm-x36\/"},"modified":"2024-05-10T14:45:21","modified_gmt":"2024-05-10T12:45:21","slug":"produit-bande-flex-on-bleu-5cm-x36","status":"publish","type":"product","link":"https:\/\/www.vetorino.com\/veterinaire\/villenavedornon-33140-1\/boutique\/product\/produit-bande-flex-on-bleu-5cm-x36\/","title":{"rendered":"Bandes Coh\u00e9sives bleu Flex-on 10 cm x 4,5 m"},"content":{"rendered":"<p><strong>La bande VETRAP est la bande coh\u00e9sive de r\u00e9f\u00e9rence utilis\u00e9e par tous les professionnels !<\/strong><\/p>\n<p>La bande coh\u00e9sive VETRAP, \u00e0 base de latex, offre de nombreux avantages :<\/p>\n<p>&#8211; elle adh\u00e8re spontan\u00e9ment sur elle-m\u00eame, sans coller \u00e0 la peau ou au poil,<br \/>\n&#8211; elle permet la r\u00e9alisation de pansements solides qui tiennent bien en place et que le cheval ne peut pas retirer,<br \/>\n&#8211; elle permet la r\u00e9alisation de bandes de travail solides et s\u00fbres,<br \/>\n&#8211; elle est facile \u00e0 poser, les faux plis sont facilement \u00e9limin\u00e9s,<br \/>\n&#8211; elle se retire facilement et se d\u00e9chire manuellement,<br \/>\n&#8211; elle est \u00e9lastique ce qui la rend confortable et permet d&#8217;appliquer une tension ma\u00eetris\u00e9e (l\u00e9g\u00e8re \u00e0 forte) et r\u00e9guli\u00e8re,<br \/>\n&#8211; elle est poreuse et a\u00e9r\u00e9e ce qui permet d&#8217;\u00e9viter la mac\u00e9ration.<\/p>\n<p>Chez le cheval, la bande VETRAP a de nombreuses utilisations :<\/p>\n<p>&#8211; bande de travail (\u00e0 poser avec beaucoup de pr\u00e9caution),<br \/>\n&#8211; maintien des pansements (compressifs ou non, soutien des entorses et tendinites, renforcement des pansements Roberts Jones&#8230;), des attelles,<br \/>\n&#8211; bandage de queue (examen gyn\u00e9cologique, saillie, mise-bas)&#8230;<br \/>\n&#8211; protection du mat\u00e9riel du cheval, du cavalier, des \u00e9curies,<br \/>\n&#8211; fixation des cath\u00e9ters, des tubulures de perfusion&#8230;<\/p>\n","protected":false},"excerpt":{"rendered":"<p>La bande VETRAP est la bande coh\u00e9sive de r\u00e9f\u00e9rence utilis\u00e9e par tous les professionnels !<\/p>\n","protected":false},"featured_media":918159,"template":"","meta":[],"product_cat":[12547,13395,12760],"product_tag":[],"class_list":{"0":"post-179566","1":"product","2":"type-product","3":"status-publish","4":"has-post-thumbnail","6":"product_cat-cheval","7":"product_cat-couverture-et-protection-du-cheval","8":"product_cat-materiel-et-equipement-du-cheval","9":"pa_marque-horse-master","11":"first","12":"instock","13":"taxable","14":"shipping-taxable","15":"purchasable","16":"product-type-simple"},"yoast_head":"<!-- This site is optimized with the Yoast SEO plugin v27.3 - https:\/\/yoast.com\/product\/yoast-seo-wordpress\/ -->\n<title>Bandes Coh\u00e9sives bleu Flex-on 10 cm x 4,5 m HORSE MASTER - V\u00e9torino<\/title>\n<meta name=\"description\" content=\"La bande VETRAP est la bande coh\u00e9sive de r\u00e9f\u00e9rence utilis\u00e9e par tous les professionnels !\" \/>\n<meta name=\"robots\" content=\"noindex, nofollow\" \/>\n<meta property=\"og:locale\" content=\"fr_FR\" \/>\n<meta property=\"og:type\" content=\"article\" \/>\n<meta property=\"og:title\" content=\"Bandes Coh\u00e9sives bleu Flex-on 10 cm x 4,5 m HORSE MASTER - V\u00e9torino\" \/>\n<meta property=\"og:description\" content=\"La bande VETRAP est la bande coh\u00e9sive de r\u00e9f\u00e9rence utilis\u00e9e par tous les professionnels !\" \/>\n<meta property=\"og:url\" content=\"https:\/\/www.vetorino.com\/veterinaire\/villenavedornon-33140-1\/boutique\/product\/produit-bande-flex-on-bleu-5cm-x36\/\" \/>\n<meta property=\"og:site_name\" content=\"V\u00e9torino\" \/>\n<meta property=\"article:publisher\" content=\"https:\/\/www.facebook.com\/Vetorino\/\" \/>\n<meta property=\"article:modified_time\" content=\"2024-05-10T12:45:21+00:00\" \/>\n<meta property=\"og:image\" content=\"https:\/\/www.vetorino.com\/boutique\/wp-content\/uploads\/2020\/09\/logo-vetorino-1.png\" \/>\n\t<meta property=\"og:image:width\" content=\"539\" \/>\n\t<meta property=\"og:image:height\" content=\"224\" \/>\n\t<meta property=\"og:image:type\" content=\"image\/png\" \/>\n<meta name=\"twitter:card\" content=\"summary_large_image\" \/>\n<meta name=\"twitter:label1\" content=\"Prix\" \/>\n\t<meta name=\"twitter:data1\" content=\"62,67&euro;\" \/>\n\t<meta name=\"twitter:label2\" content=\"Disponibilit\u00e9\" \/>\n\t<meta name=\"twitter:data2\" content=\"En stock\" \/>\n<script type=\"application\/ld+json\" class=\"yoast-schema-graph\">{\"@context\":\"https:\\\/\\\/schema.org\",\"@graph\":[{\"@type\":\"WebPage\",\"@id\":\"https:\\\/\\\/www.vetorino.com\\\/veterinaire\\\/vincennes-loup-94300\\\/boutique\\\/product\\\/produit-bande-flex-on-bleu-5cm-x36\\\/\",\"url\":\"https:\\\/\\\/www.vetorino.com\\\/veterinaire\\\/vincennes-loup-94300\\\/boutique\\\/product\\\/produit-bande-flex-on-bleu-5cm-x36\\\/\",\"name\":\"Bandes Coh\u00e9sives bleu Flex-on 10 cm x 4,5 m HORSE MASTER - V\u00e9torino\",\"isPartOf\":{\"@id\":\"https:\\\/\\\/www.vetorino.com\\\/boutique\\\/#website\"},\"primaryImageOfPage\":{\"@id\":\"https:\\\/\\\/www.vetorino.com\\\/veterinaire\\\/vincennes-loup-94300\\\/boutique\\\/product\\\/produit-bande-flex-on-bleu-5cm-x36\\\/#primaryimage\"},\"image\":{\"@id\":\"https:\\\/\\\/www.vetorino.com\\\/veterinaire\\\/vincennes-loup-94300\\\/boutique\\\/product\\\/produit-bande-flex-on-bleu-5cm-x36\\\/#primaryimage\"},\"thumbnailUrl\":\"https:\\\/\\\/www.vetorino.com\\\/boutique\\\/wp-content\\\/uploads\\\/2021\\\/05\\\/Bande_cohesive_VETRAP_5.avif\",\"datePublished\":\"2021-05-08T03:43:28+00:00\",\"dateModified\":\"2024-05-10T12:45:21+00:00\",\"description\":\"La bande VETRAP est la bande coh\u00e9sive de r\u00e9f\u00e9rence utilis\u00e9e par tous les professionnels !\",\"breadcrumb\":{\"@id\":\"https:\\\/\\\/www.vetorino.com\\\/veterinaire\\\/vincennes-loup-94300\\\/boutique\\\/product\\\/produit-bande-flex-on-bleu-5cm-x36\\\/#breadcrumb\"},\"inLanguage\":\"fr-FR\",\"potentialAction\":[{\"@type\":\"ReadAction\",\"target\":[\"https:\\\/\\\/www.vetorino.com\\\/veterinaire\\\/vincennes-loup-94300\\\/boutique\\\/product\\\/produit-bande-flex-on-bleu-5cm-x36\\\/\"]}]},{\"@type\":\"ImageObject\",\"inLanguage\":\"fr-FR\",\"@id\":\"https:\\\/\\\/www.vetorino.com\\\/veterinaire\\\/vincennes-loup-94300\\\/boutique\\\/product\\\/produit-bande-flex-on-bleu-5cm-x36\\\/#primaryimage\",\"url\":\"https:\\\/\\\/www.vetorino.com\\\/boutique\\\/wp-content\\\/uploads\\\/2021\\\/05\\\/Bande_cohesive_VETRAP_5.avif\",\"contentUrl\":\"https:\\\/\\\/www.vetorino.com\\\/boutique\\\/wp-content\\\/uploads\\\/2021\\\/05\\\/Bande_cohesive_VETRAP_5.avif\",\"width\":700,\"height\":700},{\"@type\":\"BreadcrumbList\",\"@id\":\"https:\\\/\\\/www.vetorino.com\\\/veterinaire\\\/vincennes-loup-94300\\\/boutique\\\/product\\\/produit-bande-flex-on-bleu-5cm-x36\\\/#breadcrumb\",\"itemListElement\":[{\"@type\":\"ListItem\",\"position\":1,\"name\":\"Accueil\",\"item\":\"https:\\\/\\\/www.vetorino.com\\\/boutique\\\/\"},{\"@type\":\"ListItem\",\"position\":2,\"name\":\"Produits\",\"item\":\"https:\\\/\\\/www.vetorino.com\\\/boutique\\\/\"},{\"@type\":\"ListItem\",\"position\":3,\"name\":\"Bandes Coh\u00e9sives bleu Flex-on 10 cm x 4,5 m\"}]},{\"@type\":\"WebSite\",\"@id\":\"https:\\\/\\\/www.vetorino.com\\\/boutique\\\/#website\",\"url\":\"https:\\\/\\\/www.vetorino.com\\\/boutique\\\/\",\"name\":\"V\u00e9torino\",\"description\":\"\",\"publisher\":{\"@id\":\"https:\\\/\\\/www.vetorino.com\\\/boutique\\\/#organization\"},\"potentialAction\":[{\"@type\":\"SearchAction\",\"target\":{\"@type\":\"EntryPoint\",\"urlTemplate\":\"https:\\\/\\\/www.vetorino.com\\\/boutique\\\/?s={search_term_string}\"},\"query-input\":{\"@type\":\"PropertyValueSpecification\",\"valueRequired\":true,\"valueName\":\"search_term_string\"}}],\"inLanguage\":\"fr-FR\"},{\"@type\":\"Organization\",\"@id\":\"https:\\\/\\\/www.vetorino.com\\\/boutique\\\/#organization\",\"name\":\"V\u00e9torino\",\"url\":\"https:\\\/\\\/www.vetorino.com\\\/boutique\\\/\",\"logo\":{\"@type\":\"ImageObject\",\"inLanguage\":\"fr-FR\",\"@id\":\"https:\\\/\\\/www.vetorino.com\\\/boutique\\\/#\\\/schema\\\/logo\\\/image\\\/\",\"url\":\"https:\\\/\\\/www.vetorino.com\\\/boutique\\\/wp-content\\\/uploads\\\/2024\\\/10\\\/logo.jpg\",\"contentUrl\":\"https:\\\/\\\/www.vetorino.com\\\/boutique\\\/wp-content\\\/uploads\\\/2024\\\/10\\\/logo.jpg\",\"width\":1200,\"height\":610,\"caption\":\"V\u00e9torino\"},\"image\":{\"@id\":\"https:\\\/\\\/www.vetorino.com\\\/boutique\\\/#\\\/schema\\\/logo\\\/image\\\/\"},\"sameAs\":[\"https:\\\/\\\/www.facebook.com\\\/Vetorino\\\/\",\"https:\\\/\\\/www.instagram.com\\\/vetorino_off\\\/\",\"https:\\\/\\\/www.linkedin.com\\\/company\\\/vtorino\\\/\"]}]}<\/script>\n<meta property=\"product:brand\" content=\"HORSE MASTER\" \/>\n<meta property=\"product:price:amount\" content=\"62.67\" \/>\n<meta property=\"product:price:currency\" content=\"EUR\" \/>\n<meta property=\"og:availability\" content=\"instock\" \/>\n<meta property=\"product:availability\" content=\"instock\" \/>\n<meta property=\"product:retailer_item_id\" content=\"O-635989\" \/>\n<meta property=\"product:condition\" content=\"new\" \/>\n<!-- \/ Yoast SEO plugin. -->","yoast_head_json":{"title":"Bandes Coh\u00e9sives bleu Flex-on 10 cm x 4,5 m HORSE MASTER - V\u00e9torino","description":"La bande VETRAP est la bande coh\u00e9sive de r\u00e9f\u00e9rence utilis\u00e9e par tous les professionnels !","robots":{"index":"noindex","follow":"nofollow"},"og_locale":"fr_FR","og_type":"article","og_title":"Bandes Coh\u00e9sives bleu Flex-on 10 cm x 4,5 m HORSE MASTER - V\u00e9torino","og_description":"La bande VETRAP est la bande coh\u00e9sive de r\u00e9f\u00e9rence utilis\u00e9e par tous les professionnels !","og_url":"https:\/\/www.vetorino.com\/veterinaire\/villenavedornon-33140-1\/boutique\/product\/produit-bande-flex-on-bleu-5cm-x36\/","og_site_name":"V\u00e9torino","article_publisher":"https:\/\/www.facebook.com\/Vetorino\/","article_modified_time":"2024-05-10T12:45:21+00:00","og_image":[{"width":539,"height":224,"url":"https:\/\/www.vetorino.com\/boutique\/wp-content\/uploads\/2020\/09\/logo-vetorino-1.png","type":"image\/png"}],"twitter_card":"summary_large_image","twitter_misc":{"Prix":"62,67&euro;","Disponibilit\u00e9":"En stock"},"schema":{"@context":"https:\/\/schema.org","@graph":[{"@type":"WebPage","@id":"https:\/\/www.vetorino.com\/veterinaire\/vincennes-loup-94300\/boutique\/product\/produit-bande-flex-on-bleu-5cm-x36\/","url":"https:\/\/www.vetorino.com\/veterinaire\/vincennes-loup-94300\/boutique\/product\/produit-bande-flex-on-bleu-5cm-x36\/","name":"Bandes Coh\u00e9sives bleu Flex-on 10 cm x 4,5 m HORSE MASTER - V\u00e9torino","isPartOf":{"@id":"https:\/\/www.vetorino.com\/boutique\/#website"},"primaryImageOfPage":{"@id":"https:\/\/www.vetorino.com\/veterinaire\/vincennes-loup-94300\/boutique\/product\/produit-bande-flex-on-bleu-5cm-x36\/#primaryimage"},"image":{"@id":"https:\/\/www.vetorino.com\/veterinaire\/vincennes-loup-94300\/boutique\/product\/produit-bande-flex-on-bleu-5cm-x36\/#primaryimage"},"thumbnailUrl":"https:\/\/www.vetorino.com\/boutique\/wp-content\/uploads\/2021\/05\/Bande_cohesive_VETRAP_5.avif","datePublished":"2021-05-08T03:43:28+00:00","dateModified":"2024-05-10T12:45:21+00:00","description":"La bande VETRAP est la bande coh\u00e9sive de r\u00e9f\u00e9rence utilis\u00e9e par tous les professionnels !","breadcrumb":{"@id":"https:\/\/www.vetorino.com\/veterinaire\/vincennes-loup-94300\/boutique\/product\/produit-bande-flex-on-bleu-5cm-x36\/#breadcrumb"},"inLanguage":"fr-FR","potentialAction":[{"@type":"ReadAction","target":["https:\/\/www.vetorino.com\/veterinaire\/vincennes-loup-94300\/boutique\/product\/produit-bande-flex-on-bleu-5cm-x36\/"]}]},{"@type":"ImageObject","inLanguage":"fr-FR","@id":"https:\/\/www.vetorino.com\/veterinaire\/vincennes-loup-94300\/boutique\/product\/produit-bande-flex-on-bleu-5cm-x36\/#primaryimage","url":"https:\/\/www.vetorino.com\/boutique\/wp-content\/uploads\/2021\/05\/Bande_cohesive_VETRAP_5.avif","contentUrl":"https:\/\/www.vetorino.com\/boutique\/wp-content\/uploads\/2021\/05\/Bande_cohesive_VETRAP_5.avif","width":700,"height":700},{"@type":"BreadcrumbList","@id":"https:\/\/www.vetorino.com\/veterinaire\/vincennes-loup-94300\/boutique\/product\/produit-bande-flex-on-bleu-5cm-x36\/#breadcrumb","itemListElement":[{"@type":"ListItem","position":1,"name":"Accueil","item":"https:\/\/www.vetorino.com\/boutique\/"},{"@type":"ListItem","position":2,"name":"Produits","item":"https:\/\/www.vetorino.com\/boutique\/"},{"@type":"ListItem","position":3,"name":"Bandes Coh\u00e9sives bleu Flex-on 10 cm x 4,5 m"}]},{"@type":"WebSite","@id":"https:\/\/www.vetorino.com\/boutique\/#website","url":"https:\/\/www.vetorino.com\/boutique\/","name":"V\u00e9torino","description":"","publisher":{"@id":"https:\/\/www.vetorino.com\/boutique\/#organization"},"potentialAction":[{"@type":"SearchAction","target":{"@type":"EntryPoint","urlTemplate":"https:\/\/www.vetorino.com\/boutique\/?s={search_term_string}"},"query-input":{"@type":"PropertyValueSpecification","valueRequired":true,"valueName":"search_term_string"}}],"inLanguage":"fr-FR"},{"@type":"Organization","@id":"https:\/\/www.vetorino.com\/boutique\/#organization","name":"V\u00e9torino","url":"https:\/\/www.vetorino.com\/boutique\/","logo":{"@type":"ImageObject","inLanguage":"fr-FR","@id":"https:\/\/www.vetorino.com\/boutique\/#\/schema\/logo\/image\/","url":"https:\/\/www.vetorino.com\/boutique\/wp-content\/uploads\/2024\/10\/logo.jpg","contentUrl":"https:\/\/www.vetorino.com\/boutique\/wp-content\/uploads\/2024\/10\/logo.jpg","width":1200,"height":610,"caption":"V\u00e9torino"},"image":{"@id":"https:\/\/www.vetorino.com\/boutique\/#\/schema\/logo\/image\/"},"sameAs":["https:\/\/www.facebook.com\/Vetorino\/","https:\/\/www.instagram.com\/vetorino_off\/","https:\/\/www.linkedin.com\/company\/vtorino\/"]}]},"product_brand":"HORSE MASTER","product_price_amount":"62.67","product_price_currency":"EUR","og_availability":"instock","product_availability":"instock","product_retailer_item_id":"O-635989","product_condition":"new"},"_links":{"self":[{"href":"https:\/\/www.vetorino.com\/veterinaire\/villenavedornon-33140-1\/boutique\/wp-json\/wp\/v2\/product\/179566","targetHints":{"allow":["GET"]}}],"collection":[{"href":"https:\/\/www.vetorino.com\/veterinaire\/villenavedornon-33140-1\/boutique\/wp-json\/wp\/v2\/product"}],"about":[{"href":"https:\/\/www.vetorino.com\/veterinaire\/villenavedornon-33140-1\/boutique\/wp-json\/wp\/v2\/types\/product"}],"wp:featuredmedia":[{"embeddable":true,"href":"https:\/\/www.vetorino.com\/veterinaire\/villenavedornon-33140-1\/boutique\/wp-json\/wp\/v2\/media\/918159"}],"wp:attachment":[{"href":"https:\/\/www.vetorino.com\/veterinaire\/villenavedornon-33140-1\/boutique\/wp-json\/wp\/v2\/media?parent=179566"}],"wp:term":[{"taxonomy":"product_cat","embeddable":true,"href":"https:\/\/www.vetorino.com\/veterinaire\/villenavedornon-33140-1\/boutique\/wp-json\/wp\/v2\/product_cat?post=179566"},{"taxonomy":"product_tag","embeddable":true,"href":"https:\/\/www.vetorino.com\/veterinaire\/villenavedornon-33140-1\/boutique\/wp-json\/wp\/v2\/product_tag?post=179566"}],"curies":[{"name":"wp","href":"https:\/\/api.w.org\/{rel}","templated":true}]}}