{"id":179567,"date":"2021-05-08T05:43:30","date_gmt":"2021-05-08T03:43:30","guid":{"rendered":"https:\/\/www.vetorino.com\/boutique\/product\/produit-bande-flex-on-noire-5cm-x36\/"},"modified":"2023-06-14T04:29:03","modified_gmt":"2023-06-14T02:29:03","slug":"produit-bande-flex-on-noire-5cm-x36","status":"publish","type":"product","link":"https:\/\/www.vetorino.com\/veterinaire\/villenavedornon-33140-1\/boutique\/product\/produit-bande-flex-on-noire-5cm-x36\/","title":{"rendered":"Bande coh\u00e9sive Flex&#8217;on"},"content":{"rendered":"<p><strong>FLEX&#8217;ON<\/strong>\u00a0est une bande coh\u00e9sive \u00e9lastique non adh\u00e9sive pour le cheval, \u00e0 utiliser :<br \/>\n&#8211; pour le maintien (pansements en chirurgie),<br \/>\n&#8211; pour la contention (pansements en traumatologie),<br \/>\n&#8211; comme bande de travail (\u00e0 utiliser avec beaucoup de pr\u00e9caution !),<br \/>\n&#8211; comme bandage de queue (examen gyn\u00e9cologique, saillie, mise bas).<\/p>\n<p>La bande\u00a0<strong>FLEX&#8217;ON<\/strong>\u00a0est \u00e9conomique et a un bon rapport qualit\u00e9 \/ prix.<\/p>\n<p>Propri\u00e9t\u00e9s\u00a0:<br \/>\nLa bande\u00a0<strong>FLEX&#8217;ON<\/strong>\u00a0pr\u00e9sente de nombreux avantages :<br \/>\n&#8211; coh\u00e9sive, elle adh\u00e8re sur elle-m\u00eame sans coller \u00e0 la peau ou aux poils,<br \/>\n&#8211; r\u00e9sistante, elle permet la r\u00e9alisation de pansements solides que le cheval ne peut retirer,<br \/>\n&#8211; elle est facile \u00e0 poser : le d\u00e9marrage est ais\u00e9 gr\u00e2ce \u00e0 un marquage sur le d\u00e9but de la bande,<br \/>\n&#8211; \u00e9lastique, elle s\u2019adapte parfaitement \u00e0 la morphologie de la zone band\u00e9e et permet une tension r\u00e9guli\u00e8re,<br \/>\n&#8211; elle ne se d\u00e9tend pas, pour une bonne tenue du pansement,<br \/>\n&#8211; elle est hydrophobe, a\u00e9r\u00e9e, anallergique.<br \/>\n&#8211; elle se retire facilement,<br \/>\n&#8211; elle se d\u00e9chire manuellement et nettement.<\/p>\n","protected":false},"excerpt":{"rendered":"<p>La\u00a0<strong>Bande Coh\u00e9sive<\/strong>\u00a0<strong>Flex&#8217;On<\/strong>\u00a0de\u00a0<strong>Horse Master<\/strong>\u00a0est une bande \u00e9lastique qui adh\u00e8re sur elle-m\u00eame sans \u00eatre adh\u00e9sive, \u00e0 utiliser :<br \/>\n&#8211; pour le maintien (pansements en chirurgie).<br \/>\n&#8211; pour la contention (pansements en traumatologie).<br \/>\n&#8211; comme bande de travail (\u00e0 utiliser avec beaucoup de pr\u00e9caution !).<br \/>\n&#8211; comme bandage de queue (examen gyn\u00e9cologique, saillie, mise bas).<\/p>\n","protected":false},"featured_media":619270,"template":"","meta":[],"product_cat":[12547,12754],"product_tag":[],"class_list":{"0":"post-179567","1":"product","2":"type-product","3":"status-publish","4":"has-post-thumbnail","6":"product_cat-cheval","7":"product_cat-soins-au-quotidien-du-cheval","8":"pa_marque-horse-master","10":"first","11":"instock","12":"taxable","13":"shipping-taxable","14":"purchasable","15":"product-type-simple"},"yoast_head":"<!-- This site is optimized with the Yoast SEO plugin v27.3 - https:\/\/yoast.com\/product\/yoast-seo-wordpress\/ -->\n<title>Bande coh\u00e9sive Flex&#039;on HORSE MASTER - V\u00e9torino<\/title>\n<meta name=\"description\" content=\"La\u00a0Bande Coh\u00e9sive\u00a0Flex&#039;On\u00a0de\u00a0Horse Master\u00a0est une bande \u00e9lastique qui adh\u00e8re sur elle-m\u00eame sans \u00eatre adh\u00e9sive, \u00e0 utiliser : - pour le maintien (pansements en chirurgie). - pour la contention (pansements en traumatologie). - comme bande de travail (\u00e0 utiliser avec beaucoup de pr\u00e9caution !). - comme bandage de queue (examen gyn\u00e9cologique, saillie, mise bas).\" \/>\n<meta name=\"robots\" content=\"noindex, nofollow\" \/>\n<meta property=\"og:locale\" content=\"fr_FR\" \/>\n<meta property=\"og:type\" content=\"article\" \/>\n<meta property=\"og:title\" content=\"Bande coh\u00e9sive Flex&#039;on HORSE MASTER - V\u00e9torino\" \/>\n<meta property=\"og:description\" content=\"La\u00a0Bande Coh\u00e9sive\u00a0Flex&#039;On\u00a0de\u00a0Horse Master\u00a0est une bande \u00e9lastique qui adh\u00e8re sur elle-m\u00eame sans \u00eatre adh\u00e9sive, \u00e0 utiliser : - pour le maintien (pansements en chirurgie). - pour la contention (pansements en traumatologie). - comme bande de travail (\u00e0 utiliser avec beaucoup de pr\u00e9caution !). - comme bandage de queue (examen gyn\u00e9cologique, saillie, mise bas).\" \/>\n<meta property=\"og:url\" content=\"https:\/\/www.vetorino.com\/veterinaire\/villenavedornon-33140-1\/boutique\/product\/produit-bande-flex-on-noire-5cm-x36\/\" \/>\n<meta property=\"og:site_name\" content=\"V\u00e9torino\" \/>\n<meta property=\"article:publisher\" content=\"https:\/\/www.facebook.com\/Vetorino\/\" \/>\n<meta property=\"article:modified_time\" content=\"2023-06-14T02:29:03+00:00\" \/>\n<meta property=\"og:image\" content=\"https:\/\/www.vetorino.com\/boutique\/wp-content\/uploads\/2021\/05\/bande-cohesive-flex-on-horse-master.jpg\" \/>\n\t<meta property=\"og:image:width\" content=\"458\" \/>\n\t<meta property=\"og:image:height\" content=\"458\" \/>\n\t<meta property=\"og:image:type\" content=\"image\/jpeg\" \/>\n<meta name=\"twitter:card\" content=\"summary_large_image\" \/>\n<meta name=\"twitter:label1\" content=\"Prix\" \/>\n\t<meta name=\"twitter:data1\" content=\"65,79&euro;\" \/>\n\t<meta name=\"twitter:label2\" content=\"Disponibilit\u00e9\" \/>\n\t<meta name=\"twitter:data2\" content=\"En stock\" \/>\n<script type=\"application\/ld+json\" class=\"yoast-schema-graph\">{\"@context\":\"https:\\\/\\\/schema.org\",\"@graph\":[{\"@type\":\"WebPage\",\"@id\":\"https:\\\/\\\/www.vetorino.com\\\/boutique\\\/product\\\/produit-bande-flex-on-noire-5cm-x36\\\/\",\"url\":\"https:\\\/\\\/www.vetorino.com\\\/boutique\\\/product\\\/produit-bande-flex-on-noire-5cm-x36\\\/\",\"name\":\"Bande coh\u00e9sive Flex'on HORSE MASTER - V\u00e9torino\",\"isPartOf\":{\"@id\":\"https:\\\/\\\/www.vetorino.com\\\/boutique\\\/#website\"},\"primaryImageOfPage\":{\"@id\":\"https:\\\/\\\/www.vetorino.com\\\/boutique\\\/product\\\/produit-bande-flex-on-noire-5cm-x36\\\/#primaryimage\"},\"image\":{\"@id\":\"https:\\\/\\\/www.vetorino.com\\\/boutique\\\/product\\\/produit-bande-flex-on-noire-5cm-x36\\\/#primaryimage\"},\"thumbnailUrl\":\"https:\\\/\\\/www.vetorino.com\\\/boutique\\\/wp-content\\\/uploads\\\/2021\\\/05\\\/bande-cohesive-flex-on-horse-master.jpg\",\"datePublished\":\"2021-05-08T03:43:30+00:00\",\"dateModified\":\"2023-06-14T02:29:03+00:00\",\"description\":\"La\u00a0Bande Coh\u00e9sive\u00a0Flex'On\u00a0de\u00a0Horse Master\u00a0est une bande \u00e9lastique qui adh\u00e8re sur elle-m\u00eame sans \u00eatre adh\u00e9sive, \u00e0 utiliser : - pour le maintien (pansements en chirurgie). - pour la contention (pansements en traumatologie). - comme bande de travail (\u00e0 utiliser avec beaucoup de pr\u00e9caution !). - comme bandage de queue (examen gyn\u00e9cologique, saillie, mise bas).\",\"breadcrumb\":{\"@id\":\"https:\\\/\\\/www.vetorino.com\\\/boutique\\\/product\\\/produit-bande-flex-on-noire-5cm-x36\\\/#breadcrumb\"},\"inLanguage\":\"fr-FR\",\"potentialAction\":[{\"@type\":\"ReadAction\",\"target\":[\"https:\\\/\\\/www.vetorino.com\\\/boutique\\\/product\\\/produit-bande-flex-on-noire-5cm-x36\\\/\"]}]},{\"@type\":\"ImageObject\",\"inLanguage\":\"fr-FR\",\"@id\":\"https:\\\/\\\/www.vetorino.com\\\/boutique\\\/product\\\/produit-bande-flex-on-noire-5cm-x36\\\/#primaryimage\",\"url\":\"https:\\\/\\\/www.vetorino.com\\\/boutique\\\/wp-content\\\/uploads\\\/2021\\\/05\\\/bande-cohesive-flex-on-horse-master.jpg\",\"contentUrl\":\"https:\\\/\\\/www.vetorino.com\\\/boutique\\\/wp-content\\\/uploads\\\/2021\\\/05\\\/bande-cohesive-flex-on-horse-master.jpg\",\"width\":458,\"height\":458},{\"@type\":\"BreadcrumbList\",\"@id\":\"https:\\\/\\\/www.vetorino.com\\\/boutique\\\/product\\\/produit-bande-flex-on-noire-5cm-x36\\\/#breadcrumb\",\"itemListElement\":[{\"@type\":\"ListItem\",\"position\":1,\"name\":\"Accueil\",\"item\":\"https:\\\/\\\/www.vetorino.com\\\/boutique\\\/\"},{\"@type\":\"ListItem\",\"position\":2,\"name\":\"Produits\",\"item\":\"https:\\\/\\\/www.vetorino.com\\\/boutique\\\/\"},{\"@type\":\"ListItem\",\"position\":3,\"name\":\"Bande coh\u00e9sive Flex&#8217;on\"}]},{\"@type\":\"WebSite\",\"@id\":\"https:\\\/\\\/www.vetorino.com\\\/boutique\\\/#website\",\"url\":\"https:\\\/\\\/www.vetorino.com\\\/boutique\\\/\",\"name\":\"V\u00e9torino\",\"description\":\"\",\"publisher\":{\"@id\":\"https:\\\/\\\/www.vetorino.com\\\/boutique\\\/#organization\"},\"potentialAction\":[{\"@type\":\"SearchAction\",\"target\":{\"@type\":\"EntryPoint\",\"urlTemplate\":\"https:\\\/\\\/www.vetorino.com\\\/boutique\\\/?s={search_term_string}\"},\"query-input\":{\"@type\":\"PropertyValueSpecification\",\"valueRequired\":true,\"valueName\":\"search_term_string\"}}],\"inLanguage\":\"fr-FR\"},{\"@type\":\"Organization\",\"@id\":\"https:\\\/\\\/www.vetorino.com\\\/boutique\\\/#organization\",\"name\":\"V\u00e9torino\",\"url\":\"https:\\\/\\\/www.vetorino.com\\\/boutique\\\/\",\"logo\":{\"@type\":\"ImageObject\",\"inLanguage\":\"fr-FR\",\"@id\":\"https:\\\/\\\/www.vetorino.com\\\/boutique\\\/#\\\/schema\\\/logo\\\/image\\\/\",\"url\":\"https:\\\/\\\/www.vetorino.com\\\/boutique\\\/wp-content\\\/uploads\\\/2024\\\/10\\\/logo.jpg\",\"contentUrl\":\"https:\\\/\\\/www.vetorino.com\\\/boutique\\\/wp-content\\\/uploads\\\/2024\\\/10\\\/logo.jpg\",\"width\":1200,\"height\":610,\"caption\":\"V\u00e9torino\"},\"image\":{\"@id\":\"https:\\\/\\\/www.vetorino.com\\\/boutique\\\/#\\\/schema\\\/logo\\\/image\\\/\"},\"sameAs\":[\"https:\\\/\\\/www.facebook.com\\\/Vetorino\\\/\",\"https:\\\/\\\/www.instagram.com\\\/vetorino_off\\\/\",\"https:\\\/\\\/www.linkedin.com\\\/company\\\/vtorino\\\/\"]}]}<\/script>\n<meta property=\"product:brand\" content=\"HORSE MASTER\" \/>\n<meta property=\"product:price:amount\" content=\"65.79\" \/>\n<meta property=\"product:price:currency\" content=\"EUR\" \/>\n<meta property=\"og:availability\" content=\"instock\" \/>\n<meta property=\"product:availability\" content=\"instock\" \/>\n<meta property=\"product:retailer_item_id\" content=\"O-635993\" \/>\n<meta property=\"product:condition\" content=\"new\" \/>\n<!-- \/ Yoast SEO plugin. -->","yoast_head_json":{"title":"Bande coh\u00e9sive Flex'on HORSE MASTER - V\u00e9torino","description":"La\u00a0Bande Coh\u00e9sive\u00a0Flex'On\u00a0de\u00a0Horse Master\u00a0est une bande \u00e9lastique qui adh\u00e8re sur elle-m\u00eame sans \u00eatre adh\u00e9sive, \u00e0 utiliser : - pour le maintien (pansements en chirurgie). - pour la contention (pansements en traumatologie). - comme bande de travail (\u00e0 utiliser avec beaucoup de pr\u00e9caution !). - comme bandage de queue (examen gyn\u00e9cologique, saillie, mise bas).","robots":{"index":"noindex","follow":"nofollow"},"og_locale":"fr_FR","og_type":"article","og_title":"Bande coh\u00e9sive Flex'on HORSE MASTER - V\u00e9torino","og_description":"La\u00a0Bande Coh\u00e9sive\u00a0Flex'On\u00a0de\u00a0Horse Master\u00a0est une bande \u00e9lastique qui adh\u00e8re sur elle-m\u00eame sans \u00eatre adh\u00e9sive, \u00e0 utiliser : - pour le maintien (pansements en chirurgie). - pour la contention (pansements en traumatologie). - comme bande de travail (\u00e0 utiliser avec beaucoup de pr\u00e9caution !). - comme bandage de queue (examen gyn\u00e9cologique, saillie, mise bas).","og_url":"https:\/\/www.vetorino.com\/veterinaire\/villenavedornon-33140-1\/boutique\/product\/produit-bande-flex-on-noire-5cm-x36\/","og_site_name":"V\u00e9torino","article_publisher":"https:\/\/www.facebook.com\/Vetorino\/","article_modified_time":"2023-06-14T02:29:03+00:00","og_image":[{"width":458,"height":458,"url":"https:\/\/www.vetorino.com\/boutique\/wp-content\/uploads\/2021\/05\/bande-cohesive-flex-on-horse-master.jpg","type":"image\/jpeg"}],"twitter_card":"summary_large_image","twitter_misc":{"Prix":"65,79&euro;","Disponibilit\u00e9":"En stock"},"schema":{"@context":"https:\/\/schema.org","@graph":[{"@type":"WebPage","@id":"https:\/\/www.vetorino.com\/boutique\/product\/produit-bande-flex-on-noire-5cm-x36\/","url":"https:\/\/www.vetorino.com\/boutique\/product\/produit-bande-flex-on-noire-5cm-x36\/","name":"Bande coh\u00e9sive Flex'on HORSE MASTER - V\u00e9torino","isPartOf":{"@id":"https:\/\/www.vetorino.com\/boutique\/#website"},"primaryImageOfPage":{"@id":"https:\/\/www.vetorino.com\/boutique\/product\/produit-bande-flex-on-noire-5cm-x36\/#primaryimage"},"image":{"@id":"https:\/\/www.vetorino.com\/boutique\/product\/produit-bande-flex-on-noire-5cm-x36\/#primaryimage"},"thumbnailUrl":"https:\/\/www.vetorino.com\/boutique\/wp-content\/uploads\/2021\/05\/bande-cohesive-flex-on-horse-master.jpg","datePublished":"2021-05-08T03:43:30+00:00","dateModified":"2023-06-14T02:29:03+00:00","description":"La\u00a0Bande Coh\u00e9sive\u00a0Flex'On\u00a0de\u00a0Horse Master\u00a0est une bande \u00e9lastique qui adh\u00e8re sur elle-m\u00eame sans \u00eatre adh\u00e9sive, \u00e0 utiliser : - pour le maintien (pansements en chirurgie). - pour la contention (pansements en traumatologie). - comme bande de travail (\u00e0 utiliser avec beaucoup de pr\u00e9caution !). - comme bandage de queue (examen gyn\u00e9cologique, saillie, mise bas).","breadcrumb":{"@id":"https:\/\/www.vetorino.com\/boutique\/product\/produit-bande-flex-on-noire-5cm-x36\/#breadcrumb"},"inLanguage":"fr-FR","potentialAction":[{"@type":"ReadAction","target":["https:\/\/www.vetorino.com\/boutique\/product\/produit-bande-flex-on-noire-5cm-x36\/"]}]},{"@type":"ImageObject","inLanguage":"fr-FR","@id":"https:\/\/www.vetorino.com\/boutique\/product\/produit-bande-flex-on-noire-5cm-x36\/#primaryimage","url":"https:\/\/www.vetorino.com\/boutique\/wp-content\/uploads\/2021\/05\/bande-cohesive-flex-on-horse-master.jpg","contentUrl":"https:\/\/www.vetorino.com\/boutique\/wp-content\/uploads\/2021\/05\/bande-cohesive-flex-on-horse-master.jpg","width":458,"height":458},{"@type":"BreadcrumbList","@id":"https:\/\/www.vetorino.com\/boutique\/product\/produit-bande-flex-on-noire-5cm-x36\/#breadcrumb","itemListElement":[{"@type":"ListItem","position":1,"name":"Accueil","item":"https:\/\/www.vetorino.com\/boutique\/"},{"@type":"ListItem","position":2,"name":"Produits","item":"https:\/\/www.vetorino.com\/boutique\/"},{"@type":"ListItem","position":3,"name":"Bande coh\u00e9sive Flex&#8217;on"}]},{"@type":"WebSite","@id":"https:\/\/www.vetorino.com\/boutique\/#website","url":"https:\/\/www.vetorino.com\/boutique\/","name":"V\u00e9torino","description":"","publisher":{"@id":"https:\/\/www.vetorino.com\/boutique\/#organization"},"potentialAction":[{"@type":"SearchAction","target":{"@type":"EntryPoint","urlTemplate":"https:\/\/www.vetorino.com\/boutique\/?s={search_term_string}"},"query-input":{"@type":"PropertyValueSpecification","valueRequired":true,"valueName":"search_term_string"}}],"inLanguage":"fr-FR"},{"@type":"Organization","@id":"https:\/\/www.vetorino.com\/boutique\/#organization","name":"V\u00e9torino","url":"https:\/\/www.vetorino.com\/boutique\/","logo":{"@type":"ImageObject","inLanguage":"fr-FR","@id":"https:\/\/www.vetorino.com\/boutique\/#\/schema\/logo\/image\/","url":"https:\/\/www.vetorino.com\/boutique\/wp-content\/uploads\/2024\/10\/logo.jpg","contentUrl":"https:\/\/www.vetorino.com\/boutique\/wp-content\/uploads\/2024\/10\/logo.jpg","width":1200,"height":610,"caption":"V\u00e9torino"},"image":{"@id":"https:\/\/www.vetorino.com\/boutique\/#\/schema\/logo\/image\/"},"sameAs":["https:\/\/www.facebook.com\/Vetorino\/","https:\/\/www.instagram.com\/vetorino_off\/","https:\/\/www.linkedin.com\/company\/vtorino\/"]}]},"product_brand":"HORSE MASTER","product_price_amount":"65.79","product_price_currency":"EUR","og_availability":"instock","product_availability":"instock","product_retailer_item_id":"O-635993","product_condition":"new"},"_links":{"self":[{"href":"https:\/\/www.vetorino.com\/veterinaire\/villenavedornon-33140-1\/boutique\/wp-json\/wp\/v2\/product\/179567","targetHints":{"allow":["GET"]}}],"collection":[{"href":"https:\/\/www.vetorino.com\/veterinaire\/villenavedornon-33140-1\/boutique\/wp-json\/wp\/v2\/product"}],"about":[{"href":"https:\/\/www.vetorino.com\/veterinaire\/villenavedornon-33140-1\/boutique\/wp-json\/wp\/v2\/types\/product"}],"wp:featuredmedia":[{"embeddable":true,"href":"https:\/\/www.vetorino.com\/veterinaire\/villenavedornon-33140-1\/boutique\/wp-json\/wp\/v2\/media\/619270"}],"wp:attachment":[{"href":"https:\/\/www.vetorino.com\/veterinaire\/villenavedornon-33140-1\/boutique\/wp-json\/wp\/v2\/media?parent=179567"}],"wp:term":[{"taxonomy":"product_cat","embeddable":true,"href":"https:\/\/www.vetorino.com\/veterinaire\/villenavedornon-33140-1\/boutique\/wp-json\/wp\/v2\/product_cat?post=179567"},{"taxonomy":"product_tag","embeddable":true,"href":"https:\/\/www.vetorino.com\/veterinaire\/villenavedornon-33140-1\/boutique\/wp-json\/wp\/v2\/product_tag?post=179567"}],"curies":[{"name":"wp","href":"https:\/\/api.w.org\/{rel}","templated":true}]}}