{"id":351818,"date":"2022-07-20T02:55:12","date_gmt":"2022-07-20T00:55:12","guid":{"rendered":"https:\/\/www.vetorino.com\/boutique\/?post_type=product&#038;p=351818"},"modified":"2023-06-21T18:32:15","modified_gmt":"2023-06-21T16:32:15","slug":"complement-arthroquin-chien-et-chat","status":"publish","type":"product","link":"https:\/\/www.vetorino.com\/veterinaire\/villenavedornon-33140-1\/boutique\/product\/complement-arthroquin-chien-et-chat\/","title":{"rendered":"Compl\u00e9ment ARTHROQUIN Chien et Chat"},"content":{"rendered":"<div class='hidden'> Dechra <\/div>\n<p><b>Caract\u00e9risiques<\/b><br \/> Ce compl\u00e9ment aide \u00e0 calmer la douleur et freine la destruction du cartilage. Indiqu\u00e9\u00a0pour fortifier les articulations. Conditionnement : Boite de 120 g\u00e9lules.<br \/><b>Bon \u00e0 savoir<\/b><br \/> Voie orale. Demandez conseil \u00e0 votre v\u00e9t\u00e9rinaire. De l?eau fra\u00eeche et propre doit \u00eatre disponible \u00e0 tout moment de la journ\u00e9e.INGREDIENTS Sulfate de glucosamine, sulfate de chondro\u00eftine, hyaluronate de sodium, min\u00e9raux de levure.<\/p>\n","protected":false},"excerpt":{"rendered":"<p>L&#8217;aliment\u00a0compl\u00e9mentaire\u00a0ARTHROQUIN, pour chat et petit chien, est sp\u00e9cialement indiqu\u00e9 pour les animaux souffrant d?arthrose.<\/p>\n","protected":false},"featured_media":77601,"template":"","meta":[],"product_cat":[2730,2697],"product_tag":[],"class_list":{"0":"post-351818","1":"product","2":"type-product","3":"status-publish","4":"has-post-thumbnail","6":"product_cat-aliments-complementaires-pour-chat","7":"product_cat-chat","8":"pa_marque-dechra","10":"first","11":"outofstock","12":"taxable","13":"shipping-taxable","14":"purchasable","15":"product-type-simple"},"yoast_head":"<!-- This site is optimized with the Yoast SEO plugin v27.3 - https:\/\/yoast.com\/product\/yoast-seo-wordpress\/ -->\n<title>Compl\u00e9ment ARTHROQUIN Chien et Chat Dechra - V\u00e9torino<\/title>\n<meta name=\"description\" content=\"L&#039;aliment\u00a0compl\u00e9mentaire\u00a0ARTHROQUIN, pour chat et petit chien, est sp\u00e9cialement indiqu\u00e9 pour les animaux souffrant d?arthrose.\" \/>\n<meta name=\"robots\" content=\"noindex, nofollow\" \/>\n<meta property=\"og:locale\" content=\"fr_FR\" \/>\n<meta property=\"og:type\" content=\"article\" \/>\n<meta property=\"og:title\" content=\"Compl\u00e9ment ARTHROQUIN Chien et Chat Dechra - V\u00e9torino\" \/>\n<meta property=\"og:description\" content=\"L&#039;aliment\u00a0compl\u00e9mentaire\u00a0ARTHROQUIN, pour chat et petit chien, est sp\u00e9cialement indiqu\u00e9 pour les animaux souffrant d?arthrose.\" \/>\n<meta property=\"og:url\" content=\"https:\/\/www.vetorino.com\/veterinaire\/villenavedornon-33140-1\/boutique\/product\/complement-arthroquin-chien-et-chat\/\" \/>\n<meta property=\"og:site_name\" content=\"V\u00e9torino\" \/>\n<meta property=\"article:publisher\" content=\"https:\/\/www.facebook.com\/Vetorino\/\" \/>\n<meta property=\"article:modified_time\" content=\"2023-06-21T16:32:15+00:00\" \/>\n<meta property=\"og:image\" content=\"https:\/\/www.vetorino.com\/boutique\/wp-content\/uploads\/2020\/03\/complement-alimentaire-chien-chat-arthroquin-boite-120-gelules-12.jpg\" \/>\n\t<meta property=\"og:image:width\" content=\"800\" \/>\n\t<meta property=\"og:image:height\" content=\"800\" \/>\n\t<meta property=\"og:image:type\" content=\"image\/jpeg\" \/>\n<meta name=\"twitter:card\" content=\"summary_large_image\" \/>\n<meta name=\"twitter:label1\" content=\"Prix\" \/>\n\t<meta name=\"twitter:data1\" content=\"85,20&euro;\" \/>\n\t<meta name=\"twitter:label2\" content=\"Disponibilit\u00e9\" \/>\n\t<meta name=\"twitter:data2\" content=\"Rupture de stock\" \/>\n<script type=\"application\/ld+json\" class=\"yoast-schema-graph\">{\"@context\":\"https:\\\/\\\/schema.org\",\"@graph\":[{\"@type\":\"WebPage\",\"@id\":\"https:\\\/\\\/www.vetorino.com\\\/veterinaire\\\/caen-14000\\\/boutique\\\/product\\\/complement-arthroquin-chien-et-chat\\\/\",\"url\":\"https:\\\/\\\/www.vetorino.com\\\/veterinaire\\\/caen-14000\\\/boutique\\\/product\\\/complement-arthroquin-chien-et-chat\\\/\",\"name\":\"Compl\u00e9ment ARTHROQUIN Chien et Chat Dechra - V\u00e9torino\",\"isPartOf\":{\"@id\":\"https:\\\/\\\/www.vetorino.com\\\/boutique\\\/#website\"},\"primaryImageOfPage\":{\"@id\":\"https:\\\/\\\/www.vetorino.com\\\/veterinaire\\\/caen-14000\\\/boutique\\\/product\\\/complement-arthroquin-chien-et-chat\\\/#primaryimage\"},\"image\":{\"@id\":\"https:\\\/\\\/www.vetorino.com\\\/veterinaire\\\/caen-14000\\\/boutique\\\/product\\\/complement-arthroquin-chien-et-chat\\\/#primaryimage\"},\"thumbnailUrl\":\"https:\\\/\\\/www.vetorino.com\\\/boutique\\\/wp-content\\\/uploads\\\/2020\\\/03\\\/complement-alimentaire-chien-chat-arthroquin-boite-120-gelules-12.jpg\",\"datePublished\":\"2022-07-20T00:55:12+00:00\",\"dateModified\":\"2023-06-21T16:32:15+00:00\",\"description\":\"L'aliment\u00a0compl\u00e9mentaire\u00a0ARTHROQUIN, pour chat et petit chien, est sp\u00e9cialement indiqu\u00e9 pour les animaux souffrant d?arthrose.\",\"breadcrumb\":{\"@id\":\"https:\\\/\\\/www.vetorino.com\\\/veterinaire\\\/caen-14000\\\/boutique\\\/product\\\/complement-arthroquin-chien-et-chat\\\/#breadcrumb\"},\"inLanguage\":\"fr-FR\",\"potentialAction\":[{\"@type\":\"ReadAction\",\"target\":[\"https:\\\/\\\/www.vetorino.com\\\/veterinaire\\\/caen-14000\\\/boutique\\\/product\\\/complement-arthroquin-chien-et-chat\\\/\"]}]},{\"@type\":\"ImageObject\",\"inLanguage\":\"fr-FR\",\"@id\":\"https:\\\/\\\/www.vetorino.com\\\/veterinaire\\\/caen-14000\\\/boutique\\\/product\\\/complement-arthroquin-chien-et-chat\\\/#primaryimage\",\"url\":\"https:\\\/\\\/www.vetorino.com\\\/boutique\\\/wp-content\\\/uploads\\\/2020\\\/03\\\/complement-alimentaire-chien-chat-arthroquin-boite-120-gelules-12.jpg\",\"contentUrl\":\"https:\\\/\\\/www.vetorino.com\\\/boutique\\\/wp-content\\\/uploads\\\/2020\\\/03\\\/complement-alimentaire-chien-chat-arthroquin-boite-120-gelules-12.jpg\",\"width\":800,\"height\":800},{\"@type\":\"BreadcrumbList\",\"@id\":\"https:\\\/\\\/www.vetorino.com\\\/veterinaire\\\/caen-14000\\\/boutique\\\/product\\\/complement-arthroquin-chien-et-chat\\\/#breadcrumb\",\"itemListElement\":[{\"@type\":\"ListItem\",\"position\":1,\"name\":\"Accueil\",\"item\":\"https:\\\/\\\/www.vetorino.com\\\/boutique\\\/\"},{\"@type\":\"ListItem\",\"position\":2,\"name\":\"Produits\",\"item\":\"https:\\\/\\\/www.vetorino.com\\\/boutique\\\/\"},{\"@type\":\"ListItem\",\"position\":3,\"name\":\"Compl\u00e9ment ARTHROQUIN Chien et Chat\"}]},{\"@type\":\"WebSite\",\"@id\":\"https:\\\/\\\/www.vetorino.com\\\/boutique\\\/#website\",\"url\":\"https:\\\/\\\/www.vetorino.com\\\/boutique\\\/\",\"name\":\"V\u00e9torino\",\"description\":\"\",\"publisher\":{\"@id\":\"https:\\\/\\\/www.vetorino.com\\\/boutique\\\/#organization\"},\"potentialAction\":[{\"@type\":\"SearchAction\",\"target\":{\"@type\":\"EntryPoint\",\"urlTemplate\":\"https:\\\/\\\/www.vetorino.com\\\/boutique\\\/?s={search_term_string}\"},\"query-input\":{\"@type\":\"PropertyValueSpecification\",\"valueRequired\":true,\"valueName\":\"search_term_string\"}}],\"inLanguage\":\"fr-FR\"},{\"@type\":\"Organization\",\"@id\":\"https:\\\/\\\/www.vetorino.com\\\/boutique\\\/#organization\",\"name\":\"V\u00e9torino\",\"url\":\"https:\\\/\\\/www.vetorino.com\\\/boutique\\\/\",\"logo\":{\"@type\":\"ImageObject\",\"inLanguage\":\"fr-FR\",\"@id\":\"https:\\\/\\\/www.vetorino.com\\\/boutique\\\/#\\\/schema\\\/logo\\\/image\\\/\",\"url\":\"https:\\\/\\\/www.vetorino.com\\\/boutique\\\/wp-content\\\/uploads\\\/2024\\\/10\\\/logo.jpg\",\"contentUrl\":\"https:\\\/\\\/www.vetorino.com\\\/boutique\\\/wp-content\\\/uploads\\\/2024\\\/10\\\/logo.jpg\",\"width\":1200,\"height\":610,\"caption\":\"V\u00e9torino\"},\"image\":{\"@id\":\"https:\\\/\\\/www.vetorino.com\\\/boutique\\\/#\\\/schema\\\/logo\\\/image\\\/\"},\"sameAs\":[\"https:\\\/\\\/www.facebook.com\\\/Vetorino\\\/\",\"https:\\\/\\\/www.instagram.com\\\/vetorino_off\\\/\",\"https:\\\/\\\/www.linkedin.com\\\/company\\\/vtorino\\\/\"]}]}<\/script>\n<meta property=\"product:brand\" content=\"Dechra\" \/>\n<meta property=\"product:price:amount\" content=\"85.20\" \/>\n<meta property=\"product:price:currency\" content=\"EUR\" \/>\n<meta property=\"og:availability\" content=\"out of stock\" \/>\n<meta property=\"product:availability\" content=\"out of stock\" \/>\n<meta property=\"product:retailer_item_id\" content=\"O-78927\" \/>\n<meta property=\"product:condition\" content=\"new\" \/>\n<!-- \/ Yoast SEO plugin. -->","yoast_head_json":{"title":"Compl\u00e9ment ARTHROQUIN Chien et Chat Dechra - V\u00e9torino","description":"L'aliment\u00a0compl\u00e9mentaire\u00a0ARTHROQUIN, pour chat et petit chien, est sp\u00e9cialement indiqu\u00e9 pour les animaux souffrant d?arthrose.","robots":{"index":"noindex","follow":"nofollow"},"og_locale":"fr_FR","og_type":"article","og_title":"Compl\u00e9ment ARTHROQUIN Chien et Chat Dechra - V\u00e9torino","og_description":"L'aliment\u00a0compl\u00e9mentaire\u00a0ARTHROQUIN, pour chat et petit chien, est sp\u00e9cialement indiqu\u00e9 pour les animaux souffrant d?arthrose.","og_url":"https:\/\/www.vetorino.com\/veterinaire\/villenavedornon-33140-1\/boutique\/product\/complement-arthroquin-chien-et-chat\/","og_site_name":"V\u00e9torino","article_publisher":"https:\/\/www.facebook.com\/Vetorino\/","article_modified_time":"2023-06-21T16:32:15+00:00","og_image":[{"width":800,"height":800,"url":"https:\/\/www.vetorino.com\/boutique\/wp-content\/uploads\/2020\/03\/complement-alimentaire-chien-chat-arthroquin-boite-120-gelules-12.jpg","type":"image\/jpeg"}],"twitter_card":"summary_large_image","twitter_misc":{"Prix":"85,20&euro;","Disponibilit\u00e9":"Rupture de stock"},"schema":{"@context":"https:\/\/schema.org","@graph":[{"@type":"WebPage","@id":"https:\/\/www.vetorino.com\/veterinaire\/caen-14000\/boutique\/product\/complement-arthroquin-chien-et-chat\/","url":"https:\/\/www.vetorino.com\/veterinaire\/caen-14000\/boutique\/product\/complement-arthroquin-chien-et-chat\/","name":"Compl\u00e9ment ARTHROQUIN Chien et Chat Dechra - V\u00e9torino","isPartOf":{"@id":"https:\/\/www.vetorino.com\/boutique\/#website"},"primaryImageOfPage":{"@id":"https:\/\/www.vetorino.com\/veterinaire\/caen-14000\/boutique\/product\/complement-arthroquin-chien-et-chat\/#primaryimage"},"image":{"@id":"https:\/\/www.vetorino.com\/veterinaire\/caen-14000\/boutique\/product\/complement-arthroquin-chien-et-chat\/#primaryimage"},"thumbnailUrl":"https:\/\/www.vetorino.com\/boutique\/wp-content\/uploads\/2020\/03\/complement-alimentaire-chien-chat-arthroquin-boite-120-gelules-12.jpg","datePublished":"2022-07-20T00:55:12+00:00","dateModified":"2023-06-21T16:32:15+00:00","description":"L'aliment\u00a0compl\u00e9mentaire\u00a0ARTHROQUIN, pour chat et petit chien, est sp\u00e9cialement indiqu\u00e9 pour les animaux souffrant d?arthrose.","breadcrumb":{"@id":"https:\/\/www.vetorino.com\/veterinaire\/caen-14000\/boutique\/product\/complement-arthroquin-chien-et-chat\/#breadcrumb"},"inLanguage":"fr-FR","potentialAction":[{"@type":"ReadAction","target":["https:\/\/www.vetorino.com\/veterinaire\/caen-14000\/boutique\/product\/complement-arthroquin-chien-et-chat\/"]}]},{"@type":"ImageObject","inLanguage":"fr-FR","@id":"https:\/\/www.vetorino.com\/veterinaire\/caen-14000\/boutique\/product\/complement-arthroquin-chien-et-chat\/#primaryimage","url":"https:\/\/www.vetorino.com\/boutique\/wp-content\/uploads\/2020\/03\/complement-alimentaire-chien-chat-arthroquin-boite-120-gelules-12.jpg","contentUrl":"https:\/\/www.vetorino.com\/boutique\/wp-content\/uploads\/2020\/03\/complement-alimentaire-chien-chat-arthroquin-boite-120-gelules-12.jpg","width":800,"height":800},{"@type":"BreadcrumbList","@id":"https:\/\/www.vetorino.com\/veterinaire\/caen-14000\/boutique\/product\/complement-arthroquin-chien-et-chat\/#breadcrumb","itemListElement":[{"@type":"ListItem","position":1,"name":"Accueil","item":"https:\/\/www.vetorino.com\/boutique\/"},{"@type":"ListItem","position":2,"name":"Produits","item":"https:\/\/www.vetorino.com\/boutique\/"},{"@type":"ListItem","position":3,"name":"Compl\u00e9ment ARTHROQUIN Chien et Chat"}]},{"@type":"WebSite","@id":"https:\/\/www.vetorino.com\/boutique\/#website","url":"https:\/\/www.vetorino.com\/boutique\/","name":"V\u00e9torino","description":"","publisher":{"@id":"https:\/\/www.vetorino.com\/boutique\/#organization"},"potentialAction":[{"@type":"SearchAction","target":{"@type":"EntryPoint","urlTemplate":"https:\/\/www.vetorino.com\/boutique\/?s={search_term_string}"},"query-input":{"@type":"PropertyValueSpecification","valueRequired":true,"valueName":"search_term_string"}}],"inLanguage":"fr-FR"},{"@type":"Organization","@id":"https:\/\/www.vetorino.com\/boutique\/#organization","name":"V\u00e9torino","url":"https:\/\/www.vetorino.com\/boutique\/","logo":{"@type":"ImageObject","inLanguage":"fr-FR","@id":"https:\/\/www.vetorino.com\/boutique\/#\/schema\/logo\/image\/","url":"https:\/\/www.vetorino.com\/boutique\/wp-content\/uploads\/2024\/10\/logo.jpg","contentUrl":"https:\/\/www.vetorino.com\/boutique\/wp-content\/uploads\/2024\/10\/logo.jpg","width":1200,"height":610,"caption":"V\u00e9torino"},"image":{"@id":"https:\/\/www.vetorino.com\/boutique\/#\/schema\/logo\/image\/"},"sameAs":["https:\/\/www.facebook.com\/Vetorino\/","https:\/\/www.instagram.com\/vetorino_off\/","https:\/\/www.linkedin.com\/company\/vtorino\/"]}]},"product_brand":"Dechra","product_price_amount":"85.20","product_price_currency":"EUR","og_availability":"out of stock","product_availability":"out of stock","product_retailer_item_id":"O-78927","product_condition":"new"},"_links":{"self":[{"href":"https:\/\/www.vetorino.com\/veterinaire\/villenavedornon-33140-1\/boutique\/wp-json\/wp\/v2\/product\/351818","targetHints":{"allow":["GET"]}}],"collection":[{"href":"https:\/\/www.vetorino.com\/veterinaire\/villenavedornon-33140-1\/boutique\/wp-json\/wp\/v2\/product"}],"about":[{"href":"https:\/\/www.vetorino.com\/veterinaire\/villenavedornon-33140-1\/boutique\/wp-json\/wp\/v2\/types\/product"}],"wp:featuredmedia":[{"embeddable":true,"href":"https:\/\/www.vetorino.com\/veterinaire\/villenavedornon-33140-1\/boutique\/wp-json\/wp\/v2\/media\/77601"}],"wp:attachment":[{"href":"https:\/\/www.vetorino.com\/veterinaire\/villenavedornon-33140-1\/boutique\/wp-json\/wp\/v2\/media?parent=351818"}],"wp:term":[{"taxonomy":"product_cat","embeddable":true,"href":"https:\/\/www.vetorino.com\/veterinaire\/villenavedornon-33140-1\/boutique\/wp-json\/wp\/v2\/product_cat?post=351818"},{"taxonomy":"product_tag","embeddable":true,"href":"https:\/\/www.vetorino.com\/veterinaire\/villenavedornon-33140-1\/boutique\/wp-json\/wp\/v2\/product_tag?post=351818"}],"curies":[{"name":"wp","href":"https:\/\/api.w.org\/{rel}","templated":true}]}}