{"id":503694,"date":"2022-11-09T17:46:48","date_gmt":"2022-11-09T16:46:48","guid":{"rendered":"https:\/\/www.vetorino.com\/boutique\/product\/life-adult-large-breed-lamb\/"},"modified":"2025-11-19T11:12:13","modified_gmt":"2025-11-19T10:12:13","slug":"life-adult-large-breed-lamb","status":"publish","type":"product","link":"https:\/\/www.vetorino.com\/veterinaire\/villenavedornon-33140-1\/boutique\/product\/life-adult-large-breed-lamb\/","title":{"rendered":"Chien Life Adult Large Breed Agneau"},"content":{"rendered":"<div id=\"description\" class=\"product-data__item--content \" aria-labelledby=\"tab-label-description-title\">\n<div class=\"am-custom-tab am-custom-tab-1\">\n<div class=\"am-custom-tab am-custom-tab-1\">\n<div class=\"block\">\n<div class=\"product attribute description\" data-limit-content-offcanvas=\"true\">\n<div class=\"value\" data-role=\"content-preview\">\n<p>Calibra Dog Adult Large Breed Lamb &amp; Rice est une<strong> nourriture s\u00e8che hypoallerg\u00e9nique pour les chiens adultes de grande et tr\u00e8s grande taille pesant plus de 30 kg.<\/strong><\/p>\n<p>La<strong> taille des croquettes est adapt\u00e9e<\/strong> aux besoins des grandes races.<\/p>\n<p>Cette recette \u00e0 base d&#8217;agneau et \u00e0 faible teneur en c\u00e9r\u00e9ales, est<strong> tr\u00e8s digeste<\/strong> et r\u00e9pond \u00e9galement aux besoins d&#8217;un<strong> syst\u00e8me digestif tr\u00e8s sensible. <\/strong><\/p>\n<p>Les chondroprotecteurs aident \u00e0 <strong>soutenir le cartilage des articulations.<\/strong><\/p>\n<p><strong>Teneur \u00e9lev\u00e9e en agneau<\/strong> (32%),<strong> faible teneur en c\u00e9r\u00e9ales<\/strong> (riz uniquement).<\/p>\n<p><strong>Recette hypoallerg\u00e9nique<\/strong> hautement digeste (0% bl\u00e9, 0% soja, 0% ma\u00efs).<\/p>\n<p>Additifs nutritionnels <strong>pour la protection du syst\u00e8me musculo-squelettique<\/strong> des animaux de grande taille.<\/p>\n<\/div>\n<\/div>\n<\/div>\n<\/div>\n<\/div>\n<\/div>\n<div id=\"questions-fr\u00e9quentes\" class=\"product-data__item--content \" aria-labelledby=\"tab-label-amcustomtabs_tabs_22-title\">\n<div class=\"am-custom-tab am-custom-tab-22\">\n<div class=\"faq__wrapper\"><\/div>\n<\/div>\n<\/div>\n","protected":false},"excerpt":{"rendered":"<div class=\"type short-description\">\n<p><strong>Aliment complet pour chiens adultes de grande taille (plus de 30 kg)<\/strong><\/p>\n<\/div>\n<div class=\"block characteristics\">\n<div class=\"block-content is-paws-list\">\n<ul>\n<li>Recette hypoallerg\u00e9nique, id\u00e9ale pour sensibilit\u00e9s.<\/li>\n<li>Teneur \u00e9lev\u00e9e en agneau pour soutenir les muscles.<\/li>\n<li>Chondroprotecteurs pour des articulations en sant\u00e9.<\/li>\n<\/ul>\n<\/div>\n<\/div>\n","protected":false},"featured_media":592648,"template":"","meta":[],"product_cat":[12552,12584,2698],"product_tag":[],"class_list":{"0":"post-503694","1":"product","2":"type-product","3":"status-publish","4":"has-post-thumbnail","6":"product_cat-alimentation-du-chien","7":"product_cat-alimentation-premium-pour-chien","8":"product_cat-chien","9":"pa_marque-calibra","11":"first","12":"instock","13":"taxable","14":"shipping-taxable","15":"purchasable","16":"product-type-variable"},"yoast_head":"<!-- This site is optimized with the Yoast SEO plugin v27.3 - https:\/\/yoast.com\/product\/yoast-seo-wordpress\/ -->\n<title>Chien Life Adult Large Breed Agneau Calibra - V\u00e9torino<\/title>\n<meta name=\"description\" content=\"Aliment complet pour chiens adultes de grande taille (plus de 30 kg)       Recette hypoallerg\u00e9nique, id\u00e9ale pour sensibilit\u00e9s.  Teneur \u00e9lev\u00e9e en agneau pour soutenir les muscles.  Chondroprotecteurs pour des articulations en sant\u00e9.\" \/>\n<meta name=\"robots\" content=\"noindex, nofollow\" \/>\n<meta property=\"og:locale\" content=\"fr_FR\" \/>\n<meta property=\"og:type\" content=\"article\" \/>\n<meta property=\"og:title\" content=\"Chien Life Adult Large Breed Agneau Calibra - V\u00e9torino\" \/>\n<meta property=\"og:description\" content=\"Aliment complet pour chiens adultes de grande taille (plus de 30 kg)       Recette hypoallerg\u00e9nique, id\u00e9ale pour sensibilit\u00e9s.  Teneur \u00e9lev\u00e9e en agneau pour soutenir les muscles.  Chondroprotecteurs pour des articulations en sant\u00e9.\" \/>\n<meta property=\"og:url\" content=\"https:\/\/www.vetorino.com\/veterinaire\/villenavedornon-33140-1\/boutique\/product\/life-adult-large-breed-lamb\/\" \/>\n<meta property=\"og:site_name\" content=\"V\u00e9torino\" \/>\n<meta property=\"article:publisher\" content=\"https:\/\/www.facebook.com\/Vetorino\/\" \/>\n<meta property=\"article:modified_time\" content=\"2025-11-19T10:12:13+00:00\" \/>\n<meta property=\"og:image\" content=\"https:\/\/www.vetorino.com\/boutique\/wp-content\/uploads\/2022\/11\/cal-lf-cn-adult-large-lamb-25kg.jpeg\" \/>\n\t<meta property=\"og:image:width\" content=\"800\" \/>\n\t<meta property=\"og:image:height\" content=\"800\" \/>\n\t<meta property=\"og:image:type\" content=\"image\/jpeg\" \/>\n<meta name=\"twitter:card\" content=\"summary_large_image\" \/>\n<meta name=\"twitter:label1\" content=\"Disponibilit\u00e9\" \/>\n\t<meta name=\"twitter:data1\" content=\"En stock\" \/>\n<script type=\"application\/ld+json\" class=\"yoast-schema-graph\">{\"@context\":\"https:\\\/\\\/schema.org\",\"@graph\":[{\"@type\":\"WebPage\",\"@id\":\"https:\\\/\\\/www.vetorino.com\\\/boutique\\\/product\\\/life-adult-large-breed-lamb\\\/\",\"url\":\"https:\\\/\\\/www.vetorino.com\\\/boutique\\\/product\\\/life-adult-large-breed-lamb\\\/\",\"name\":\"Chien Life Adult Large Breed Agneau Calibra - V\u00e9torino\",\"isPartOf\":{\"@id\":\"https:\\\/\\\/www.vetorino.com\\\/boutique\\\/#website\"},\"primaryImageOfPage\":{\"@id\":\"https:\\\/\\\/www.vetorino.com\\\/boutique\\\/product\\\/life-adult-large-breed-lamb\\\/#primaryimage\"},\"image\":{\"@id\":\"https:\\\/\\\/www.vetorino.com\\\/boutique\\\/product\\\/life-adult-large-breed-lamb\\\/#primaryimage\"},\"thumbnailUrl\":\"https:\\\/\\\/www.vetorino.com\\\/boutique\\\/wp-content\\\/uploads\\\/2022\\\/11\\\/cal-lf-cn-adult-large-lamb-25kg.jpeg\",\"datePublished\":\"2022-11-09T16:46:48+00:00\",\"dateModified\":\"2025-11-19T10:12:13+00:00\",\"description\":\"Aliment complet pour chiens adultes de grande taille (plus de 30 kg) Recette hypoallerg\u00e9nique, id\u00e9ale pour sensibilit\u00e9s. Teneur \u00e9lev\u00e9e en agneau pour soutenir les muscles. Chondroprotecteurs pour des articulations en sant\u00e9.\",\"breadcrumb\":{\"@id\":\"https:\\\/\\\/www.vetorino.com\\\/boutique\\\/product\\\/life-adult-large-breed-lamb\\\/#breadcrumb\"},\"inLanguage\":\"fr-FR\",\"potentialAction\":[{\"@type\":\"ReadAction\",\"target\":[\"https:\\\/\\\/www.vetorino.com\\\/boutique\\\/product\\\/life-adult-large-breed-lamb\\\/\"]}]},{\"@type\":\"ImageObject\",\"inLanguage\":\"fr-FR\",\"@id\":\"https:\\\/\\\/www.vetorino.com\\\/boutique\\\/product\\\/life-adult-large-breed-lamb\\\/#primaryimage\",\"url\":\"https:\\\/\\\/www.vetorino.com\\\/boutique\\\/wp-content\\\/uploads\\\/2022\\\/11\\\/cal-lf-cn-adult-large-lamb-25kg.jpeg\",\"contentUrl\":\"https:\\\/\\\/www.vetorino.com\\\/boutique\\\/wp-content\\\/uploads\\\/2022\\\/11\\\/cal-lf-cn-adult-large-lamb-25kg.jpeg\",\"width\":800,\"height\":800},{\"@type\":\"BreadcrumbList\",\"@id\":\"https:\\\/\\\/www.vetorino.com\\\/boutique\\\/product\\\/life-adult-large-breed-lamb\\\/#breadcrumb\",\"itemListElement\":[{\"@type\":\"ListItem\",\"position\":1,\"name\":\"Accueil\",\"item\":\"https:\\\/\\\/www.vetorino.com\\\/boutique\\\/\"},{\"@type\":\"ListItem\",\"position\":2,\"name\":\"Produits\",\"item\":\"https:\\\/\\\/www.vetorino.com\\\/boutique\\\/\"},{\"@type\":\"ListItem\",\"position\":3,\"name\":\"Chien Life Adult Large Breed Agneau\"}]},{\"@type\":\"WebSite\",\"@id\":\"https:\\\/\\\/www.vetorino.com\\\/boutique\\\/#website\",\"url\":\"https:\\\/\\\/www.vetorino.com\\\/boutique\\\/\",\"name\":\"V\u00e9torino\",\"description\":\"\",\"publisher\":{\"@id\":\"https:\\\/\\\/www.vetorino.com\\\/boutique\\\/#organization\"},\"potentialAction\":[{\"@type\":\"SearchAction\",\"target\":{\"@type\":\"EntryPoint\",\"urlTemplate\":\"https:\\\/\\\/www.vetorino.com\\\/boutique\\\/?s={search_term_string}\"},\"query-input\":{\"@type\":\"PropertyValueSpecification\",\"valueRequired\":true,\"valueName\":\"search_term_string\"}}],\"inLanguage\":\"fr-FR\"},{\"@type\":\"Organization\",\"@id\":\"https:\\\/\\\/www.vetorino.com\\\/boutique\\\/#organization\",\"name\":\"V\u00e9torino\",\"url\":\"https:\\\/\\\/www.vetorino.com\\\/boutique\\\/\",\"logo\":{\"@type\":\"ImageObject\",\"inLanguage\":\"fr-FR\",\"@id\":\"https:\\\/\\\/www.vetorino.com\\\/boutique\\\/#\\\/schema\\\/logo\\\/image\\\/\",\"url\":\"https:\\\/\\\/www.vetorino.com\\\/boutique\\\/wp-content\\\/uploads\\\/2024\\\/10\\\/logo.jpg\",\"contentUrl\":\"https:\\\/\\\/www.vetorino.com\\\/boutique\\\/wp-content\\\/uploads\\\/2024\\\/10\\\/logo.jpg\",\"width\":1200,\"height\":610,\"caption\":\"V\u00e9torino\"},\"image\":{\"@id\":\"https:\\\/\\\/www.vetorino.com\\\/boutique\\\/#\\\/schema\\\/logo\\\/image\\\/\"},\"sameAs\":[\"https:\\\/\\\/www.facebook.com\\\/Vetorino\\\/\",\"https:\\\/\\\/www.instagram.com\\\/vetorino_off\\\/\",\"https:\\\/\\\/www.linkedin.com\\\/company\\\/vtorino\\\/\"]}]}<\/script>\n<meta property=\"product:brand\" content=\"Calibra\" \/>\n<meta property=\"og:availability\" content=\"instock\" \/>\n<meta property=\"product:availability\" content=\"instock\" \/>\n<meta property=\"product:condition\" content=\"new\" \/>\n<!-- \/ Yoast SEO plugin. -->","yoast_head_json":{"title":"Chien Life Adult Large Breed Agneau Calibra - V\u00e9torino","description":"Aliment complet pour chiens adultes de grande taille (plus de 30 kg)       Recette hypoallerg\u00e9nique, id\u00e9ale pour sensibilit\u00e9s.  Teneur \u00e9lev\u00e9e en agneau pour soutenir les muscles.  Chondroprotecteurs pour des articulations en sant\u00e9.","robots":{"index":"noindex","follow":"nofollow"},"og_locale":"fr_FR","og_type":"article","og_title":"Chien Life Adult Large Breed Agneau Calibra - V\u00e9torino","og_description":"Aliment complet pour chiens adultes de grande taille (plus de 30 kg)       Recette hypoallerg\u00e9nique, id\u00e9ale pour sensibilit\u00e9s.  Teneur \u00e9lev\u00e9e en agneau pour soutenir les muscles.  Chondroprotecteurs pour des articulations en sant\u00e9.","og_url":"https:\/\/www.vetorino.com\/veterinaire\/villenavedornon-33140-1\/boutique\/product\/life-adult-large-breed-lamb\/","og_site_name":"V\u00e9torino","article_publisher":"https:\/\/www.facebook.com\/Vetorino\/","article_modified_time":"2025-11-19T10:12:13+00:00","og_image":[{"width":800,"height":800,"url":"https:\/\/www.vetorino.com\/boutique\/wp-content\/uploads\/2022\/11\/cal-lf-cn-adult-large-lamb-25kg.jpeg","type":"image\/jpeg"}],"twitter_card":"summary_large_image","twitter_misc":{"Disponibilit\u00e9":"En stock"},"schema":{"@context":"https:\/\/schema.org","@graph":[{"@type":"WebPage","@id":"https:\/\/www.vetorino.com\/boutique\/product\/life-adult-large-breed-lamb\/","url":"https:\/\/www.vetorino.com\/boutique\/product\/life-adult-large-breed-lamb\/","name":"Chien Life Adult Large Breed Agneau Calibra - V\u00e9torino","isPartOf":{"@id":"https:\/\/www.vetorino.com\/boutique\/#website"},"primaryImageOfPage":{"@id":"https:\/\/www.vetorino.com\/boutique\/product\/life-adult-large-breed-lamb\/#primaryimage"},"image":{"@id":"https:\/\/www.vetorino.com\/boutique\/product\/life-adult-large-breed-lamb\/#primaryimage"},"thumbnailUrl":"https:\/\/www.vetorino.com\/boutique\/wp-content\/uploads\/2022\/11\/cal-lf-cn-adult-large-lamb-25kg.jpeg","datePublished":"2022-11-09T16:46:48+00:00","dateModified":"2025-11-19T10:12:13+00:00","description":"Aliment complet pour chiens adultes de grande taille (plus de 30 kg) Recette hypoallerg\u00e9nique, id\u00e9ale pour sensibilit\u00e9s. Teneur \u00e9lev\u00e9e en agneau pour soutenir les muscles. Chondroprotecteurs pour des articulations en sant\u00e9.","breadcrumb":{"@id":"https:\/\/www.vetorino.com\/boutique\/product\/life-adult-large-breed-lamb\/#breadcrumb"},"inLanguage":"fr-FR","potentialAction":[{"@type":"ReadAction","target":["https:\/\/www.vetorino.com\/boutique\/product\/life-adult-large-breed-lamb\/"]}]},{"@type":"ImageObject","inLanguage":"fr-FR","@id":"https:\/\/www.vetorino.com\/boutique\/product\/life-adult-large-breed-lamb\/#primaryimage","url":"https:\/\/www.vetorino.com\/boutique\/wp-content\/uploads\/2022\/11\/cal-lf-cn-adult-large-lamb-25kg.jpeg","contentUrl":"https:\/\/www.vetorino.com\/boutique\/wp-content\/uploads\/2022\/11\/cal-lf-cn-adult-large-lamb-25kg.jpeg","width":800,"height":800},{"@type":"BreadcrumbList","@id":"https:\/\/www.vetorino.com\/boutique\/product\/life-adult-large-breed-lamb\/#breadcrumb","itemListElement":[{"@type":"ListItem","position":1,"name":"Accueil","item":"https:\/\/www.vetorino.com\/boutique\/"},{"@type":"ListItem","position":2,"name":"Produits","item":"https:\/\/www.vetorino.com\/boutique\/"},{"@type":"ListItem","position":3,"name":"Chien Life Adult Large Breed Agneau"}]},{"@type":"WebSite","@id":"https:\/\/www.vetorino.com\/boutique\/#website","url":"https:\/\/www.vetorino.com\/boutique\/","name":"V\u00e9torino","description":"","publisher":{"@id":"https:\/\/www.vetorino.com\/boutique\/#organization"},"potentialAction":[{"@type":"SearchAction","target":{"@type":"EntryPoint","urlTemplate":"https:\/\/www.vetorino.com\/boutique\/?s={search_term_string}"},"query-input":{"@type":"PropertyValueSpecification","valueRequired":true,"valueName":"search_term_string"}}],"inLanguage":"fr-FR"},{"@type":"Organization","@id":"https:\/\/www.vetorino.com\/boutique\/#organization","name":"V\u00e9torino","url":"https:\/\/www.vetorino.com\/boutique\/","logo":{"@type":"ImageObject","inLanguage":"fr-FR","@id":"https:\/\/www.vetorino.com\/boutique\/#\/schema\/logo\/image\/","url":"https:\/\/www.vetorino.com\/boutique\/wp-content\/uploads\/2024\/10\/logo.jpg","contentUrl":"https:\/\/www.vetorino.com\/boutique\/wp-content\/uploads\/2024\/10\/logo.jpg","width":1200,"height":610,"caption":"V\u00e9torino"},"image":{"@id":"https:\/\/www.vetorino.com\/boutique\/#\/schema\/logo\/image\/"},"sameAs":["https:\/\/www.facebook.com\/Vetorino\/","https:\/\/www.instagram.com\/vetorino_off\/","https:\/\/www.linkedin.com\/company\/vtorino\/"]}]},"product_brand":"Calibra","og_availability":"instock","product_availability":"instock","product_condition":"new"},"_links":{"self":[{"href":"https:\/\/www.vetorino.com\/veterinaire\/villenavedornon-33140-1\/boutique\/wp-json\/wp\/v2\/product\/503694","targetHints":{"allow":["GET"]}}],"collection":[{"href":"https:\/\/www.vetorino.com\/veterinaire\/villenavedornon-33140-1\/boutique\/wp-json\/wp\/v2\/product"}],"about":[{"href":"https:\/\/www.vetorino.com\/veterinaire\/villenavedornon-33140-1\/boutique\/wp-json\/wp\/v2\/types\/product"}],"wp:featuredmedia":[{"embeddable":true,"href":"https:\/\/www.vetorino.com\/veterinaire\/villenavedornon-33140-1\/boutique\/wp-json\/wp\/v2\/media\/592648"}],"wp:attachment":[{"href":"https:\/\/www.vetorino.com\/veterinaire\/villenavedornon-33140-1\/boutique\/wp-json\/wp\/v2\/media?parent=503694"}],"wp:term":[{"taxonomy":"product_cat","embeddable":true,"href":"https:\/\/www.vetorino.com\/veterinaire\/villenavedornon-33140-1\/boutique\/wp-json\/wp\/v2\/product_cat?post=503694"},{"taxonomy":"product_tag","embeddable":true,"href":"https:\/\/www.vetorino.com\/veterinaire\/villenavedornon-33140-1\/boutique\/wp-json\/wp\/v2\/product_tag?post=503694"}],"curies":[{"name":"wp","href":"https:\/\/api.w.org\/{rel}","templated":true}]}}