{"id":503710,"date":"2022-11-09T17:47:13","date_gmt":"2022-11-09T16:47:13","guid":{"rendered":"https:\/\/www.vetorino.com\/boutique\/product\/life-adult-small-breed-lamb\/"},"modified":"2025-11-18T17:50:04","modified_gmt":"2025-11-18T16:50:04","slug":"life-adult-small-breed-lamb","status":"publish","type":"product","link":"https:\/\/www.vetorino.com\/veterinaire\/villenavedornon-33140-1\/boutique\/product\/life-adult-small-breed-lamb\/","title":{"rendered":"Chien Life Adult Small Breed Agneau"},"content":{"rendered":"<div class=\"type short-description\">\n<p><strong>Aliment sec complet \u00e0 l&#8217;agneau pour chiens adultes de petite race (jusqu&#8217;\u00e0 10 kg)\u00a0<\/strong><\/p>\n<\/div>\n<div class=\"block characteristics\">\n<div class=\"block-content is-paws-list\">\n<ul>\n<li>Riche en prot\u00e9ines d&#8217;agneau de qualit\u00e9<\/li>\n<li>Taille de croquette adapt\u00e9e aux petits chiens<\/li>\n<li>Favorise une peau et un pelage sains<\/li>\n<li>Digestion optimale avec pr\u00e9biotiques et probiotiques<\/li>\n<\/ul>\n<\/div>\n<\/div>\n<div class=\"value\" data-role=\"content-preview\">Cette recette est <strong>riche en prot\u00e9ines d\u2018agneau de qualit\u00e9 et uniquement \u00e0 base de riz.<\/strong> Les sources de prot\u00e9ines animales repr\u00e9sentent 80% de la teneur totale en prot\u00e9ines.<\/div>\n<div data-role=\"content-preview\"><\/div>\n<div class=\"value\" data-role=\"content-preview\">De l&#8217;huile de saumon a \u00e9t\u00e9 ajout\u00e9e <strong>pour favoriser une peau et un pelage sain chez votre chien. <\/strong><\/div>\n<div data-role=\"content-preview\"><\/div>\n<div class=\"value\" data-role=\"content-preview\">Les pr\u00e9biotiques et probiotiques<strong> favorisent une digestion optimale et renforcent l\u2018immunit\u00e9<\/strong>, combin\u00e9s \u00e0 un m\u00e9lange de vitamines et de min\u00e9raux qui <strong>contribuent \u00e0 la sant\u00e9 et \u00e0 la vitalit\u00e9 globales de votre chien.<\/strong><\/div>\n<div data-role=\"content-preview\"><\/div>\n<div class=\"value\" data-role=\"content-preview\"><strong>La petite taille des croquettes convient \u00e0 tous les animaux de petite race.<\/strong><\/div>\n","protected":false},"excerpt":{"rendered":"<div class=\"type short-description\">\n<p><strong>Aliment sec complet \u00e0 l&#8217;agneau pour chiens adultes de petite race (jusqu&#8217;\u00e0 10 kg)\u00a0<\/strong><\/p>\n<\/div>\n<div class=\"block characteristics\">\n<div class=\"block-content is-paws-list\">\n<ul>\n<li>Riche en prot\u00e9ines d&#8217;agneau de qualit\u00e9<\/li>\n<li>Taille de croquette adapt\u00e9e aux petits chiens<\/li>\n<li>Favorise une peau et un pelage sains<\/li>\n<li>Digestion optimale avec pr\u00e9biotiques et probiotiques<\/li>\n<\/ul>\n<\/div>\n<\/div>\n<div class=\"value\" data-role=\"content-preview\"><\/div>\n","protected":false},"featured_media":592677,"template":"","meta":[],"product_cat":[12552,12584,2698],"product_tag":[],"class_list":{"0":"post-503710","1":"product","2":"type-product","3":"status-publish","4":"has-post-thumbnail","6":"product_cat-alimentation-du-chien","7":"product_cat-alimentation-premium-pour-chien","8":"product_cat-chien","9":"pa_marque-calibra","11":"first","12":"outofstock","13":"taxable","14":"shipping-taxable","15":"purchasable","16":"product-type-variable"},"yoast_head":"<!-- This site is optimized with the Yoast SEO plugin v27.3 - https:\/\/yoast.com\/product\/yoast-seo-wordpress\/ -->\n<title>Chien Life Adult Small Breed Agneau Calibra - V\u00e9torino<\/title>\n<meta name=\"description\" content=\"Aliment sec complet \u00e0 l&#039;agneau pour chiens adultes de petite race (jusqu&#039;\u00e0 10 kg)\u00a0       Riche en prot\u00e9ines d&#039;agneau de qualit\u00e9  Taille de croquette adapt\u00e9e aux petits chiens  Favorise une peau et un pelage sains  Digestion optimale avec pr\u00e9biotiques et probiotiques\" \/>\n<meta name=\"robots\" content=\"noindex, nofollow\" \/>\n<meta property=\"og:locale\" content=\"fr_FR\" \/>\n<meta property=\"og:type\" content=\"article\" \/>\n<meta property=\"og:title\" content=\"Chien Life Adult Small Breed Agneau Calibra - V\u00e9torino\" \/>\n<meta property=\"og:description\" content=\"Aliment sec complet \u00e0 l&#039;agneau pour chiens adultes de petite race (jusqu&#039;\u00e0 10 kg)\u00a0       Riche en prot\u00e9ines d&#039;agneau de qualit\u00e9  Taille de croquette adapt\u00e9e aux petits chiens  Favorise une peau et un pelage sains  Digestion optimale avec pr\u00e9biotiques et probiotiques\" \/>\n<meta property=\"og:url\" content=\"https:\/\/www.vetorino.com\/veterinaire\/villenavedornon-33140-1\/boutique\/product\/life-adult-small-breed-lamb\/\" \/>\n<meta property=\"og:site_name\" content=\"V\u00e9torino\" \/>\n<meta property=\"article:publisher\" content=\"https:\/\/www.facebook.com\/Vetorino\/\" \/>\n<meta property=\"article:modified_time\" content=\"2025-11-18T16:50:04+00:00\" \/>\n<meta property=\"og:image\" content=\"https:\/\/www.vetorino.com\/boutique\/wp-content\/uploads\/2022\/11\/cal-lf-cn-adult-small-lamb-6kg.jpeg\" \/>\n\t<meta property=\"og:image:width\" content=\"800\" \/>\n\t<meta property=\"og:image:height\" content=\"800\" \/>\n\t<meta property=\"og:image:type\" content=\"image\/jpeg\" \/>\n<meta name=\"twitter:card\" content=\"summary_large_image\" \/>\n<meta name=\"twitter:label1\" content=\"Disponibilit\u00e9\" \/>\n\t<meta name=\"twitter:data1\" content=\"Rupture de stock\" \/>\n<script type=\"application\/ld+json\" class=\"yoast-schema-graph\">{\"@context\":\"https:\\\/\\\/schema.org\",\"@graph\":[{\"@type\":\"WebPage\",\"@id\":\"https:\\\/\\\/www.vetorino.com\\\/boutique\\\/product\\\/life-adult-small-breed-lamb\\\/\",\"url\":\"https:\\\/\\\/www.vetorino.com\\\/boutique\\\/product\\\/life-adult-small-breed-lamb\\\/\",\"name\":\"Chien Life Adult Small Breed Agneau Calibra - V\u00e9torino\",\"isPartOf\":{\"@id\":\"https:\\\/\\\/www.vetorino.com\\\/boutique\\\/#website\"},\"primaryImageOfPage\":{\"@id\":\"https:\\\/\\\/www.vetorino.com\\\/boutique\\\/product\\\/life-adult-small-breed-lamb\\\/#primaryimage\"},\"image\":{\"@id\":\"https:\\\/\\\/www.vetorino.com\\\/boutique\\\/product\\\/life-adult-small-breed-lamb\\\/#primaryimage\"},\"thumbnailUrl\":\"https:\\\/\\\/www.vetorino.com\\\/boutique\\\/wp-content\\\/uploads\\\/2022\\\/11\\\/cal-lf-cn-adult-small-lamb-6kg.jpeg\",\"datePublished\":\"2022-11-09T16:47:13+00:00\",\"dateModified\":\"2025-11-18T16:50:04+00:00\",\"description\":\"Aliment sec complet \u00e0 l'agneau pour chiens adultes de petite race (jusqu'\u00e0 10 kg)\u00a0 Riche en prot\u00e9ines d'agneau de qualit\u00e9 Taille de croquette adapt\u00e9e aux petits chiens Favorise une peau et un pelage sains Digestion optimale avec pr\u00e9biotiques et probiotiques\",\"breadcrumb\":{\"@id\":\"https:\\\/\\\/www.vetorino.com\\\/boutique\\\/product\\\/life-adult-small-breed-lamb\\\/#breadcrumb\"},\"inLanguage\":\"fr-FR\",\"potentialAction\":[{\"@type\":\"ReadAction\",\"target\":[\"https:\\\/\\\/www.vetorino.com\\\/boutique\\\/product\\\/life-adult-small-breed-lamb\\\/\"]}]},{\"@type\":\"ImageObject\",\"inLanguage\":\"fr-FR\",\"@id\":\"https:\\\/\\\/www.vetorino.com\\\/boutique\\\/product\\\/life-adult-small-breed-lamb\\\/#primaryimage\",\"url\":\"https:\\\/\\\/www.vetorino.com\\\/boutique\\\/wp-content\\\/uploads\\\/2022\\\/11\\\/cal-lf-cn-adult-small-lamb-6kg.jpeg\",\"contentUrl\":\"https:\\\/\\\/www.vetorino.com\\\/boutique\\\/wp-content\\\/uploads\\\/2022\\\/11\\\/cal-lf-cn-adult-small-lamb-6kg.jpeg\",\"width\":800,\"height\":800},{\"@type\":\"BreadcrumbList\",\"@id\":\"https:\\\/\\\/www.vetorino.com\\\/boutique\\\/product\\\/life-adult-small-breed-lamb\\\/#breadcrumb\",\"itemListElement\":[{\"@type\":\"ListItem\",\"position\":1,\"name\":\"Accueil\",\"item\":\"https:\\\/\\\/www.vetorino.com\\\/boutique\\\/\"},{\"@type\":\"ListItem\",\"position\":2,\"name\":\"Produits\",\"item\":\"https:\\\/\\\/www.vetorino.com\\\/boutique\\\/\"},{\"@type\":\"ListItem\",\"position\":3,\"name\":\"Chien Life Adult Small Breed Agneau\"}]},{\"@type\":\"WebSite\",\"@id\":\"https:\\\/\\\/www.vetorino.com\\\/boutique\\\/#website\",\"url\":\"https:\\\/\\\/www.vetorino.com\\\/boutique\\\/\",\"name\":\"V\u00e9torino\",\"description\":\"\",\"publisher\":{\"@id\":\"https:\\\/\\\/www.vetorino.com\\\/boutique\\\/#organization\"},\"potentialAction\":[{\"@type\":\"SearchAction\",\"target\":{\"@type\":\"EntryPoint\",\"urlTemplate\":\"https:\\\/\\\/www.vetorino.com\\\/boutique\\\/?s={search_term_string}\"},\"query-input\":{\"@type\":\"PropertyValueSpecification\",\"valueRequired\":true,\"valueName\":\"search_term_string\"}}],\"inLanguage\":\"fr-FR\"},{\"@type\":\"Organization\",\"@id\":\"https:\\\/\\\/www.vetorino.com\\\/boutique\\\/#organization\",\"name\":\"V\u00e9torino\",\"url\":\"https:\\\/\\\/www.vetorino.com\\\/boutique\\\/\",\"logo\":{\"@type\":\"ImageObject\",\"inLanguage\":\"fr-FR\",\"@id\":\"https:\\\/\\\/www.vetorino.com\\\/boutique\\\/#\\\/schema\\\/logo\\\/image\\\/\",\"url\":\"https:\\\/\\\/www.vetorino.com\\\/boutique\\\/wp-content\\\/uploads\\\/2024\\\/10\\\/logo.jpg\",\"contentUrl\":\"https:\\\/\\\/www.vetorino.com\\\/boutique\\\/wp-content\\\/uploads\\\/2024\\\/10\\\/logo.jpg\",\"width\":1200,\"height\":610,\"caption\":\"V\u00e9torino\"},\"image\":{\"@id\":\"https:\\\/\\\/www.vetorino.com\\\/boutique\\\/#\\\/schema\\\/logo\\\/image\\\/\"},\"sameAs\":[\"https:\\\/\\\/www.facebook.com\\\/Vetorino\\\/\",\"https:\\\/\\\/www.instagram.com\\\/vetorino_off\\\/\",\"https:\\\/\\\/www.linkedin.com\\\/company\\\/vtorino\\\/\"]}]}<\/script>\n<meta property=\"product:brand\" content=\"Calibra\" \/>\n<meta property=\"og:availability\" content=\"out of stock\" \/>\n<meta property=\"product:availability\" content=\"out of stock\" \/>\n<meta property=\"product:condition\" content=\"new\" \/>\n<!-- \/ Yoast SEO plugin. -->","yoast_head_json":{"title":"Chien Life Adult Small Breed Agneau Calibra - V\u00e9torino","description":"Aliment sec complet \u00e0 l'agneau pour chiens adultes de petite race (jusqu'\u00e0 10 kg)\u00a0       Riche en prot\u00e9ines d'agneau de qualit\u00e9  Taille de croquette adapt\u00e9e aux petits chiens  Favorise une peau et un pelage sains  Digestion optimale avec pr\u00e9biotiques et probiotiques","robots":{"index":"noindex","follow":"nofollow"},"og_locale":"fr_FR","og_type":"article","og_title":"Chien Life Adult Small Breed Agneau Calibra - V\u00e9torino","og_description":"Aliment sec complet \u00e0 l'agneau pour chiens adultes de petite race (jusqu'\u00e0 10 kg)\u00a0       Riche en prot\u00e9ines d'agneau de qualit\u00e9  Taille de croquette adapt\u00e9e aux petits chiens  Favorise une peau et un pelage sains  Digestion optimale avec pr\u00e9biotiques et probiotiques","og_url":"https:\/\/www.vetorino.com\/veterinaire\/villenavedornon-33140-1\/boutique\/product\/life-adult-small-breed-lamb\/","og_site_name":"V\u00e9torino","article_publisher":"https:\/\/www.facebook.com\/Vetorino\/","article_modified_time":"2025-11-18T16:50:04+00:00","og_image":[{"width":800,"height":800,"url":"https:\/\/www.vetorino.com\/boutique\/wp-content\/uploads\/2022\/11\/cal-lf-cn-adult-small-lamb-6kg.jpeg","type":"image\/jpeg"}],"twitter_card":"summary_large_image","twitter_misc":{"Disponibilit\u00e9":"Rupture de stock"},"schema":{"@context":"https:\/\/schema.org","@graph":[{"@type":"WebPage","@id":"https:\/\/www.vetorino.com\/boutique\/product\/life-adult-small-breed-lamb\/","url":"https:\/\/www.vetorino.com\/boutique\/product\/life-adult-small-breed-lamb\/","name":"Chien Life Adult Small Breed Agneau Calibra - V\u00e9torino","isPartOf":{"@id":"https:\/\/www.vetorino.com\/boutique\/#website"},"primaryImageOfPage":{"@id":"https:\/\/www.vetorino.com\/boutique\/product\/life-adult-small-breed-lamb\/#primaryimage"},"image":{"@id":"https:\/\/www.vetorino.com\/boutique\/product\/life-adult-small-breed-lamb\/#primaryimage"},"thumbnailUrl":"https:\/\/www.vetorino.com\/boutique\/wp-content\/uploads\/2022\/11\/cal-lf-cn-adult-small-lamb-6kg.jpeg","datePublished":"2022-11-09T16:47:13+00:00","dateModified":"2025-11-18T16:50:04+00:00","description":"Aliment sec complet \u00e0 l'agneau pour chiens adultes de petite race (jusqu'\u00e0 10 kg)\u00a0 Riche en prot\u00e9ines d'agneau de qualit\u00e9 Taille de croquette adapt\u00e9e aux petits chiens Favorise une peau et un pelage sains Digestion optimale avec pr\u00e9biotiques et probiotiques","breadcrumb":{"@id":"https:\/\/www.vetorino.com\/boutique\/product\/life-adult-small-breed-lamb\/#breadcrumb"},"inLanguage":"fr-FR","potentialAction":[{"@type":"ReadAction","target":["https:\/\/www.vetorino.com\/boutique\/product\/life-adult-small-breed-lamb\/"]}]},{"@type":"ImageObject","inLanguage":"fr-FR","@id":"https:\/\/www.vetorino.com\/boutique\/product\/life-adult-small-breed-lamb\/#primaryimage","url":"https:\/\/www.vetorino.com\/boutique\/wp-content\/uploads\/2022\/11\/cal-lf-cn-adult-small-lamb-6kg.jpeg","contentUrl":"https:\/\/www.vetorino.com\/boutique\/wp-content\/uploads\/2022\/11\/cal-lf-cn-adult-small-lamb-6kg.jpeg","width":800,"height":800},{"@type":"BreadcrumbList","@id":"https:\/\/www.vetorino.com\/boutique\/product\/life-adult-small-breed-lamb\/#breadcrumb","itemListElement":[{"@type":"ListItem","position":1,"name":"Accueil","item":"https:\/\/www.vetorino.com\/boutique\/"},{"@type":"ListItem","position":2,"name":"Produits","item":"https:\/\/www.vetorino.com\/boutique\/"},{"@type":"ListItem","position":3,"name":"Chien Life Adult Small Breed Agneau"}]},{"@type":"WebSite","@id":"https:\/\/www.vetorino.com\/boutique\/#website","url":"https:\/\/www.vetorino.com\/boutique\/","name":"V\u00e9torino","description":"","publisher":{"@id":"https:\/\/www.vetorino.com\/boutique\/#organization"},"potentialAction":[{"@type":"SearchAction","target":{"@type":"EntryPoint","urlTemplate":"https:\/\/www.vetorino.com\/boutique\/?s={search_term_string}"},"query-input":{"@type":"PropertyValueSpecification","valueRequired":true,"valueName":"search_term_string"}}],"inLanguage":"fr-FR"},{"@type":"Organization","@id":"https:\/\/www.vetorino.com\/boutique\/#organization","name":"V\u00e9torino","url":"https:\/\/www.vetorino.com\/boutique\/","logo":{"@type":"ImageObject","inLanguage":"fr-FR","@id":"https:\/\/www.vetorino.com\/boutique\/#\/schema\/logo\/image\/","url":"https:\/\/www.vetorino.com\/boutique\/wp-content\/uploads\/2024\/10\/logo.jpg","contentUrl":"https:\/\/www.vetorino.com\/boutique\/wp-content\/uploads\/2024\/10\/logo.jpg","width":1200,"height":610,"caption":"V\u00e9torino"},"image":{"@id":"https:\/\/www.vetorino.com\/boutique\/#\/schema\/logo\/image\/"},"sameAs":["https:\/\/www.facebook.com\/Vetorino\/","https:\/\/www.instagram.com\/vetorino_off\/","https:\/\/www.linkedin.com\/company\/vtorino\/"]}]},"product_brand":"Calibra","og_availability":"out of stock","product_availability":"out of stock","product_condition":"new"},"_links":{"self":[{"href":"https:\/\/www.vetorino.com\/veterinaire\/villenavedornon-33140-1\/boutique\/wp-json\/wp\/v2\/product\/503710","targetHints":{"allow":["GET"]}}],"collection":[{"href":"https:\/\/www.vetorino.com\/veterinaire\/villenavedornon-33140-1\/boutique\/wp-json\/wp\/v2\/product"}],"about":[{"href":"https:\/\/www.vetorino.com\/veterinaire\/villenavedornon-33140-1\/boutique\/wp-json\/wp\/v2\/types\/product"}],"wp:featuredmedia":[{"embeddable":true,"href":"https:\/\/www.vetorino.com\/veterinaire\/villenavedornon-33140-1\/boutique\/wp-json\/wp\/v2\/media\/592677"}],"wp:attachment":[{"href":"https:\/\/www.vetorino.com\/veterinaire\/villenavedornon-33140-1\/boutique\/wp-json\/wp\/v2\/media?parent=503710"}],"wp:term":[{"taxonomy":"product_cat","embeddable":true,"href":"https:\/\/www.vetorino.com\/veterinaire\/villenavedornon-33140-1\/boutique\/wp-json\/wp\/v2\/product_cat?post=503710"},{"taxonomy":"product_tag","embeddable":true,"href":"https:\/\/www.vetorino.com\/veterinaire\/villenavedornon-33140-1\/boutique\/wp-json\/wp\/v2\/product_tag?post=503710"}],"curies":[{"name":"wp","href":"https:\/\/api.w.org\/{rel}","templated":true}]}}