{"id":503718,"date":"2022-11-09T17:47:24","date_gmt":"2022-11-09T16:47:24","guid":{"rendered":"https:\/\/www.vetorino.com\/boutique\/product\/life-junior-large-breed-lamb\/"},"modified":"2025-11-19T10:50:38","modified_gmt":"2025-11-19T09:50:38","slug":"life-junior-large-breed-lamb","status":"publish","type":"product","link":"https:\/\/www.vetorino.com\/veterinaire\/villenavedornon-33140-1\/boutique\/product\/life-junior-large-breed-lamb\/","title":{"rendered":"Chien Life junior Large Agneau"},"content":{"rendered":"<p><strong>Aliment pour les jeunes chiens de grandes races (plus de 30 kg) \u00e2g\u00e9s de 3 \u00e0 30 mois, avec de l\u2018agneau de qualit\u00e9. <\/strong><\/p>\n<p>Cette nourriture s\u00e8che sp\u00e9cialement con\u00e7ue pour les grandes races se distingue par sa<strong> haute digestibilit\u00e9 et une taille de granul\u00e9s adapt\u00e9e<\/strong> aux besoins physiologiques de ces grands animaux.<\/p>\n<p>Avec<strong> 80 % de prot\u00e9ines animales<\/strong>, cette formule fournit \u00e0 votre compagnon \u00e0 quatre pattes en pleine croissance, l\u2018\u00e9nergie et les nutriments essentiels p<strong>our un d\u00e9veloppement optimal. <\/strong><\/p>\n<p>Des chondroprotecteurs ont \u00e9galement \u00e9t\u00e9 incorpor\u00e9s pour aider \u00e0 <strong>prendre soin du cartilage dans les articulations <\/strong>soumises \u00e0 une pression caract\u00e9ristique des grands chiens.<\/p>\n","protected":false},"excerpt":{"rendered":"<div class=\"type short-description\">\n<p><strong>Aliment sec complet pour les chiens juniors (3-12 mois) de grandes races (plus de 30 kg), \u00e0 base d&#8217;agneau.<\/strong><\/p>\n<\/div>\n<div class=\"block characteristics\">\n<div class=\"block-content is-paws-list\">\n<ul>\n<li>Riche en prot\u00e9ines animales (80%)<\/li>\n<li>Soutient le d\u00e9veloppement articulaire<\/li>\n<li>Haute digestibilit\u00e9 pour grands chiens<\/li>\n<\/ul>\n<\/div>\n<\/div>\n","protected":false},"featured_media":592683,"template":"","meta":[],"product_cat":[12552,12584,2698],"product_tag":[],"class_list":{"0":"post-503718","1":"product","2":"type-product","3":"status-publish","4":"has-post-thumbnail","6":"product_cat-alimentation-du-chien","7":"product_cat-alimentation-premium-pour-chien","8":"product_cat-chien","9":"pa_marque-calibra","11":"first","12":"instock","13":"taxable","14":"shipping-taxable","15":"purchasable","16":"product-type-variable"},"yoast_head":"<!-- This site is optimized with the Yoast SEO plugin v27.3 - https:\/\/yoast.com\/product\/yoast-seo-wordpress\/ -->\n<title>Chien Life junior Large Agneau Calibra - V\u00e9torino<\/title>\n<meta name=\"description\" content=\"Aliment sec complet pour les chiens juniors (3-12 mois) de grandes races (plus de 30 kg), \u00e0 base d&#039;agneau.       Riche en prot\u00e9ines animales (80%)  Soutient le d\u00e9veloppement articulaire  Haute digestibilit\u00e9 pour grands chiens\" \/>\n<meta name=\"robots\" content=\"noindex, nofollow\" \/>\n<meta property=\"og:locale\" content=\"fr_FR\" \/>\n<meta property=\"og:type\" content=\"article\" \/>\n<meta property=\"og:title\" content=\"Chien Life junior Large Agneau Calibra - V\u00e9torino\" \/>\n<meta property=\"og:description\" content=\"Aliment sec complet pour les chiens juniors (3-12 mois) de grandes races (plus de 30 kg), \u00e0 base d&#039;agneau.       Riche en prot\u00e9ines animales (80%)  Soutient le d\u00e9veloppement articulaire  Haute digestibilit\u00e9 pour grands chiens\" \/>\n<meta property=\"og:url\" content=\"https:\/\/www.vetorino.com\/veterinaire\/villenavedornon-33140-1\/boutique\/product\/life-junior-large-breed-lamb\/\" \/>\n<meta property=\"og:site_name\" content=\"V\u00e9torino\" \/>\n<meta property=\"article:publisher\" content=\"https:\/\/www.facebook.com\/Vetorino\/\" \/>\n<meta property=\"article:modified_time\" content=\"2025-11-19T09:50:38+00:00\" \/>\n<meta property=\"og:image\" content=\"https:\/\/www.vetorino.com\/boutique\/wp-content\/uploads\/2022\/11\/cal-lf-cn-junior-large-lamb-12kg.jpg\" \/>\n\t<meta property=\"og:image:width\" content=\"800\" \/>\n\t<meta property=\"og:image:height\" content=\"800\" \/>\n\t<meta property=\"og:image:type\" content=\"image\/jpeg\" \/>\n<meta name=\"twitter:card\" content=\"summary_large_image\" \/>\n<meta name=\"twitter:label1\" content=\"Disponibilit\u00e9\" \/>\n\t<meta name=\"twitter:data1\" content=\"En stock\" \/>\n<script type=\"application\/ld+json\" class=\"yoast-schema-graph\">{\"@context\":\"https:\\\/\\\/schema.org\",\"@graph\":[{\"@type\":\"WebPage\",\"@id\":\"https:\\\/\\\/www.vetorino.com\\\/boutique\\\/product\\\/life-junior-large-breed-lamb\\\/\",\"url\":\"https:\\\/\\\/www.vetorino.com\\\/boutique\\\/product\\\/life-junior-large-breed-lamb\\\/\",\"name\":\"Chien Life junior Large Agneau Calibra - V\u00e9torino\",\"isPartOf\":{\"@id\":\"https:\\\/\\\/www.vetorino.com\\\/boutique\\\/#website\"},\"primaryImageOfPage\":{\"@id\":\"https:\\\/\\\/www.vetorino.com\\\/boutique\\\/product\\\/life-junior-large-breed-lamb\\\/#primaryimage\"},\"image\":{\"@id\":\"https:\\\/\\\/www.vetorino.com\\\/boutique\\\/product\\\/life-junior-large-breed-lamb\\\/#primaryimage\"},\"thumbnailUrl\":\"https:\\\/\\\/www.vetorino.com\\\/boutique\\\/wp-content\\\/uploads\\\/2022\\\/11\\\/cal-lf-cn-junior-large-lamb-12kg.jpg\",\"datePublished\":\"2022-11-09T16:47:24+00:00\",\"dateModified\":\"2025-11-19T09:50:38+00:00\",\"description\":\"Aliment sec complet pour les chiens juniors (3-12 mois) de grandes races (plus de 30 kg), \u00e0 base d'agneau. Riche en prot\u00e9ines animales (80%) Soutient le d\u00e9veloppement articulaire Haute digestibilit\u00e9 pour grands chiens\",\"breadcrumb\":{\"@id\":\"https:\\\/\\\/www.vetorino.com\\\/boutique\\\/product\\\/life-junior-large-breed-lamb\\\/#breadcrumb\"},\"inLanguage\":\"fr-FR\",\"potentialAction\":[{\"@type\":\"ReadAction\",\"target\":[\"https:\\\/\\\/www.vetorino.com\\\/boutique\\\/product\\\/life-junior-large-breed-lamb\\\/\"]}]},{\"@type\":\"ImageObject\",\"inLanguage\":\"fr-FR\",\"@id\":\"https:\\\/\\\/www.vetorino.com\\\/boutique\\\/product\\\/life-junior-large-breed-lamb\\\/#primaryimage\",\"url\":\"https:\\\/\\\/www.vetorino.com\\\/boutique\\\/wp-content\\\/uploads\\\/2022\\\/11\\\/cal-lf-cn-junior-large-lamb-12kg.jpg\",\"contentUrl\":\"https:\\\/\\\/www.vetorino.com\\\/boutique\\\/wp-content\\\/uploads\\\/2022\\\/11\\\/cal-lf-cn-junior-large-lamb-12kg.jpg\",\"width\":800,\"height\":800},{\"@type\":\"BreadcrumbList\",\"@id\":\"https:\\\/\\\/www.vetorino.com\\\/boutique\\\/product\\\/life-junior-large-breed-lamb\\\/#breadcrumb\",\"itemListElement\":[{\"@type\":\"ListItem\",\"position\":1,\"name\":\"Accueil\",\"item\":\"https:\\\/\\\/www.vetorino.com\\\/boutique\\\/\"},{\"@type\":\"ListItem\",\"position\":2,\"name\":\"Produits\",\"item\":\"https:\\\/\\\/www.vetorino.com\\\/boutique\\\/\"},{\"@type\":\"ListItem\",\"position\":3,\"name\":\"Chien Life junior Large Agneau\"}]},{\"@type\":\"WebSite\",\"@id\":\"https:\\\/\\\/www.vetorino.com\\\/boutique\\\/#website\",\"url\":\"https:\\\/\\\/www.vetorino.com\\\/boutique\\\/\",\"name\":\"V\u00e9torino\",\"description\":\"\",\"publisher\":{\"@id\":\"https:\\\/\\\/www.vetorino.com\\\/boutique\\\/#organization\"},\"potentialAction\":[{\"@type\":\"SearchAction\",\"target\":{\"@type\":\"EntryPoint\",\"urlTemplate\":\"https:\\\/\\\/www.vetorino.com\\\/boutique\\\/?s={search_term_string}\"},\"query-input\":{\"@type\":\"PropertyValueSpecification\",\"valueRequired\":true,\"valueName\":\"search_term_string\"}}],\"inLanguage\":\"fr-FR\"},{\"@type\":\"Organization\",\"@id\":\"https:\\\/\\\/www.vetorino.com\\\/boutique\\\/#organization\",\"name\":\"V\u00e9torino\",\"url\":\"https:\\\/\\\/www.vetorino.com\\\/boutique\\\/\",\"logo\":{\"@type\":\"ImageObject\",\"inLanguage\":\"fr-FR\",\"@id\":\"https:\\\/\\\/www.vetorino.com\\\/boutique\\\/#\\\/schema\\\/logo\\\/image\\\/\",\"url\":\"https:\\\/\\\/www.vetorino.com\\\/boutique\\\/wp-content\\\/uploads\\\/2024\\\/10\\\/logo.jpg\",\"contentUrl\":\"https:\\\/\\\/www.vetorino.com\\\/boutique\\\/wp-content\\\/uploads\\\/2024\\\/10\\\/logo.jpg\",\"width\":1200,\"height\":610,\"caption\":\"V\u00e9torino\"},\"image\":{\"@id\":\"https:\\\/\\\/www.vetorino.com\\\/boutique\\\/#\\\/schema\\\/logo\\\/image\\\/\"},\"sameAs\":[\"https:\\\/\\\/www.facebook.com\\\/Vetorino\\\/\",\"https:\\\/\\\/www.instagram.com\\\/vetorino_off\\\/\",\"https:\\\/\\\/www.linkedin.com\\\/company\\\/vtorino\\\/\"]}]}<\/script>\n<meta property=\"product:brand\" content=\"Calibra\" \/>\n<meta property=\"og:availability\" content=\"instock\" \/>\n<meta property=\"product:availability\" content=\"instock\" \/>\n<meta property=\"product:condition\" content=\"new\" \/>\n<!-- \/ Yoast SEO plugin. -->","yoast_head_json":{"title":"Chien Life junior Large Agneau Calibra - V\u00e9torino","description":"Aliment sec complet pour les chiens juniors (3-12 mois) de grandes races (plus de 30 kg), \u00e0 base d'agneau.       Riche en prot\u00e9ines animales (80%)  Soutient le d\u00e9veloppement articulaire  Haute digestibilit\u00e9 pour grands chiens","robots":{"index":"noindex","follow":"nofollow"},"og_locale":"fr_FR","og_type":"article","og_title":"Chien Life junior Large Agneau Calibra - V\u00e9torino","og_description":"Aliment sec complet pour les chiens juniors (3-12 mois) de grandes races (plus de 30 kg), \u00e0 base d'agneau.       Riche en prot\u00e9ines animales (80%)  Soutient le d\u00e9veloppement articulaire  Haute digestibilit\u00e9 pour grands chiens","og_url":"https:\/\/www.vetorino.com\/veterinaire\/villenavedornon-33140-1\/boutique\/product\/life-junior-large-breed-lamb\/","og_site_name":"V\u00e9torino","article_publisher":"https:\/\/www.facebook.com\/Vetorino\/","article_modified_time":"2025-11-19T09:50:38+00:00","og_image":[{"width":800,"height":800,"url":"https:\/\/www.vetorino.com\/boutique\/wp-content\/uploads\/2022\/11\/cal-lf-cn-junior-large-lamb-12kg.jpg","type":"image\/jpeg"}],"twitter_card":"summary_large_image","twitter_misc":{"Disponibilit\u00e9":"En stock"},"schema":{"@context":"https:\/\/schema.org","@graph":[{"@type":"WebPage","@id":"https:\/\/www.vetorino.com\/boutique\/product\/life-junior-large-breed-lamb\/","url":"https:\/\/www.vetorino.com\/boutique\/product\/life-junior-large-breed-lamb\/","name":"Chien Life junior Large Agneau Calibra - V\u00e9torino","isPartOf":{"@id":"https:\/\/www.vetorino.com\/boutique\/#website"},"primaryImageOfPage":{"@id":"https:\/\/www.vetorino.com\/boutique\/product\/life-junior-large-breed-lamb\/#primaryimage"},"image":{"@id":"https:\/\/www.vetorino.com\/boutique\/product\/life-junior-large-breed-lamb\/#primaryimage"},"thumbnailUrl":"https:\/\/www.vetorino.com\/boutique\/wp-content\/uploads\/2022\/11\/cal-lf-cn-junior-large-lamb-12kg.jpg","datePublished":"2022-11-09T16:47:24+00:00","dateModified":"2025-11-19T09:50:38+00:00","description":"Aliment sec complet pour les chiens juniors (3-12 mois) de grandes races (plus de 30 kg), \u00e0 base d'agneau. Riche en prot\u00e9ines animales (80%) Soutient le d\u00e9veloppement articulaire Haute digestibilit\u00e9 pour grands chiens","breadcrumb":{"@id":"https:\/\/www.vetorino.com\/boutique\/product\/life-junior-large-breed-lamb\/#breadcrumb"},"inLanguage":"fr-FR","potentialAction":[{"@type":"ReadAction","target":["https:\/\/www.vetorino.com\/boutique\/product\/life-junior-large-breed-lamb\/"]}]},{"@type":"ImageObject","inLanguage":"fr-FR","@id":"https:\/\/www.vetorino.com\/boutique\/product\/life-junior-large-breed-lamb\/#primaryimage","url":"https:\/\/www.vetorino.com\/boutique\/wp-content\/uploads\/2022\/11\/cal-lf-cn-junior-large-lamb-12kg.jpg","contentUrl":"https:\/\/www.vetorino.com\/boutique\/wp-content\/uploads\/2022\/11\/cal-lf-cn-junior-large-lamb-12kg.jpg","width":800,"height":800},{"@type":"BreadcrumbList","@id":"https:\/\/www.vetorino.com\/boutique\/product\/life-junior-large-breed-lamb\/#breadcrumb","itemListElement":[{"@type":"ListItem","position":1,"name":"Accueil","item":"https:\/\/www.vetorino.com\/boutique\/"},{"@type":"ListItem","position":2,"name":"Produits","item":"https:\/\/www.vetorino.com\/boutique\/"},{"@type":"ListItem","position":3,"name":"Chien Life junior Large Agneau"}]},{"@type":"WebSite","@id":"https:\/\/www.vetorino.com\/boutique\/#website","url":"https:\/\/www.vetorino.com\/boutique\/","name":"V\u00e9torino","description":"","publisher":{"@id":"https:\/\/www.vetorino.com\/boutique\/#organization"},"potentialAction":[{"@type":"SearchAction","target":{"@type":"EntryPoint","urlTemplate":"https:\/\/www.vetorino.com\/boutique\/?s={search_term_string}"},"query-input":{"@type":"PropertyValueSpecification","valueRequired":true,"valueName":"search_term_string"}}],"inLanguage":"fr-FR"},{"@type":"Organization","@id":"https:\/\/www.vetorino.com\/boutique\/#organization","name":"V\u00e9torino","url":"https:\/\/www.vetorino.com\/boutique\/","logo":{"@type":"ImageObject","inLanguage":"fr-FR","@id":"https:\/\/www.vetorino.com\/boutique\/#\/schema\/logo\/image\/","url":"https:\/\/www.vetorino.com\/boutique\/wp-content\/uploads\/2024\/10\/logo.jpg","contentUrl":"https:\/\/www.vetorino.com\/boutique\/wp-content\/uploads\/2024\/10\/logo.jpg","width":1200,"height":610,"caption":"V\u00e9torino"},"image":{"@id":"https:\/\/www.vetorino.com\/boutique\/#\/schema\/logo\/image\/"},"sameAs":["https:\/\/www.facebook.com\/Vetorino\/","https:\/\/www.instagram.com\/vetorino_off\/","https:\/\/www.linkedin.com\/company\/vtorino\/"]}]},"product_brand":"Calibra","og_availability":"instock","product_availability":"instock","product_condition":"new"},"_links":{"self":[{"href":"https:\/\/www.vetorino.com\/veterinaire\/villenavedornon-33140-1\/boutique\/wp-json\/wp\/v2\/product\/503718","targetHints":{"allow":["GET"]}}],"collection":[{"href":"https:\/\/www.vetorino.com\/veterinaire\/villenavedornon-33140-1\/boutique\/wp-json\/wp\/v2\/product"}],"about":[{"href":"https:\/\/www.vetorino.com\/veterinaire\/villenavedornon-33140-1\/boutique\/wp-json\/wp\/v2\/types\/product"}],"wp:featuredmedia":[{"embeddable":true,"href":"https:\/\/www.vetorino.com\/veterinaire\/villenavedornon-33140-1\/boutique\/wp-json\/wp\/v2\/media\/592683"}],"wp:attachment":[{"href":"https:\/\/www.vetorino.com\/veterinaire\/villenavedornon-33140-1\/boutique\/wp-json\/wp\/v2\/media?parent=503718"}],"wp:term":[{"taxonomy":"product_cat","embeddable":true,"href":"https:\/\/www.vetorino.com\/veterinaire\/villenavedornon-33140-1\/boutique\/wp-json\/wp\/v2\/product_cat?post=503718"},{"taxonomy":"product_tag","embeddable":true,"href":"https:\/\/www.vetorino.com\/veterinaire\/villenavedornon-33140-1\/boutique\/wp-json\/wp\/v2\/product_tag?post=503718"}],"curies":[{"name":"wp","href":"https:\/\/api.w.org\/{rel}","templated":true}]}}