{"id":503739,"date":"2022-11-09T17:47:54","date_gmt":"2022-11-09T16:47:54","guid":{"rendered":"https:\/\/www.vetorino.com\/boutique\/product\/life-senior-small-breed-lamb\/"},"modified":"2025-11-19T17:00:10","modified_gmt":"2025-11-19T16:00:10","slug":"life-senior-small-breed-lamb","status":"publish","type":"product","link":"https:\/\/www.vetorino.com\/veterinaire\/villenavedornon-33140-1\/boutique\/product\/life-senior-small-breed-lamb\/","title":{"rendered":"Chien Life Senior Small Agneau"},"content":{"rendered":"<div class=\"type short-description\">\n<p><strong>Aliment sec complet formul\u00e9 pour les chiens \u00e2g\u00e9s de petites races (jusqu&#8217;\u00e0 10 kg, plus de 7 ans).<\/strong><\/p>\n<\/div>\n<div class=\"block characteristics\">\n<div class=\"block-content is-paws-list\">\n<ul>\n<li>Formule adapt\u00e9e aux chiens seniors<\/li>\n<li>Riche en prot\u00e9ines animales de qualit\u00e9<\/li>\n<li>Soutient la sant\u00e9 de la peau et du pelage<\/li>\n<\/ul>\n<\/div>\n<\/div>\n<div class=\"value\" data-role=\"content-preview\">\n<div id=\"description\" class=\"product-data__item--content \" aria-labelledby=\"tab-label-description-title\">\n<div class=\"am-custom-tab am-custom-tab-1\">\n<div class=\"am-custom-tab am-custom-tab-1\">\n<div class=\"block\">\n<div class=\"product attribute description\" data-limit-content-offcanvas=\"true\">\n<div class=\"value\" data-role=\"content-preview\">\n<p>Cette recette se caract\u00e9rise par<strong> une digestibilit\u00e9 \u00e9lev\u00e9e et une composition \u00e9quilibr\u00e9e. <\/strong><\/p>\n<p>La recette, qui comprend<strong> de l\u2018agneau de qualit\u00e9<\/strong>, est con\u00e7ue pour r\u00e9pondre aux exigences nutritionnelles particuli\u00e8res des estomacs sensibles des chiens plus \u00e2g\u00e9s.<\/p>\n<p>Les prot\u00e9ines d\u2018origine animale, qui repr\u00e9sentent 85 % de la teneur totale en prot\u00e9ines, garantissent la <strong>haute valeur nutritionnelle de la nourriture. <\/strong><\/p>\n<p>L&#8217;huile de saumon permet de<strong> soutenir la sant\u00e9 de la peau et du pelage<\/strong> de votre chien.<\/p>\n<p>Pour <strong>renforcer le syst\u00e8me immunitaire<\/strong>, nous avons s\u00e9lectionn\u00e9 des<strong> vitamines et des min\u00e9raux<\/strong> ainsi que des \u03b2-glucanes et des lactobacilles.<\/p>\n<\/div>\n<\/div>\n<\/div>\n<\/div>\n<\/div>\n<\/div>\n<div id=\"questions-fr\u00e9quentes\" class=\"product-data__item--content \" aria-labelledby=\"tab-label-amcustomtabs_tabs_22-title\">\n<div class=\"am-custom-tab am-custom-tab-22\">\n<div class=\"faq__wrapper\"><\/div>\n<\/div>\n<\/div>\n<\/div>\n","protected":false},"excerpt":{"rendered":"<div class=\"type short-description\">\n<p><strong>Aliment sec complet formul\u00e9 pour les chiens \u00e2g\u00e9s de petites races (jusqu&#8217;\u00e0 10 kg, plus de 7 ans).<\/strong><\/p>\n<\/div>\n<div class=\"block characteristics\">\n<div class=\"block-content is-paws-list\">\n<ul>\n<li>Formule adapt\u00e9e aux chiens seniors<\/li>\n<li>Riche en prot\u00e9ines animales de qualit\u00e9<\/li>\n<li>Soutient la sant\u00e9 de la peau et du pelage<\/li>\n<\/ul>\n<\/div>\n<\/div>\n<div class=\"value\" data-role=\"content-preview\"><\/div>\n","protected":false},"featured_media":592719,"template":"","meta":[],"product_cat":[12552,12584,2698],"product_tag":[],"class_list":{"0":"post-503739","1":"product","2":"type-product","3":"status-publish","4":"has-post-thumbnail","6":"product_cat-alimentation-du-chien","7":"product_cat-alimentation-premium-pour-chien","8":"product_cat-chien","9":"pa_marque-calibra","11":"first","12":"instock","13":"taxable","14":"shipping-taxable","15":"purchasable","16":"product-type-variable"},"yoast_head":"<!-- This site is optimized with the Yoast SEO plugin v27.3 - https:\/\/yoast.com\/product\/yoast-seo-wordpress\/ -->\n<title>Chien Life Senior Small Agneau Calibra - V\u00e9torino<\/title>\n<meta name=\"description\" content=\"Aliment sec complet formul\u00e9 pour les chiens \u00e2g\u00e9s de petites races (jusqu&#039;\u00e0 10 kg, plus de 7 ans).       Formule adapt\u00e9e aux chiens seniors  Riche en prot\u00e9ines animales de qualit\u00e9  Soutient la sant\u00e9 de la peau et du pelage\" \/>\n<meta name=\"robots\" content=\"noindex, nofollow\" \/>\n<meta property=\"og:locale\" content=\"fr_FR\" \/>\n<meta property=\"og:type\" content=\"article\" \/>\n<meta property=\"og:title\" content=\"Chien Life Senior Small Agneau Calibra - V\u00e9torino\" \/>\n<meta property=\"og:description\" content=\"Aliment sec complet formul\u00e9 pour les chiens \u00e2g\u00e9s de petites races (jusqu&#039;\u00e0 10 kg, plus de 7 ans).       Formule adapt\u00e9e aux chiens seniors  Riche en prot\u00e9ines animales de qualit\u00e9  Soutient la sant\u00e9 de la peau et du pelage\" \/>\n<meta property=\"og:url\" content=\"https:\/\/www.vetorino.com\/veterinaire\/villenavedornon-33140-1\/boutique\/product\/life-senior-small-breed-lamb\/\" \/>\n<meta property=\"og:site_name\" content=\"V\u00e9torino\" \/>\n<meta property=\"article:publisher\" content=\"https:\/\/www.facebook.com\/Vetorino\/\" \/>\n<meta property=\"article:modified_time\" content=\"2025-11-19T16:00:10+00:00\" \/>\n<meta property=\"og:image\" content=\"https:\/\/www.vetorino.com\/boutique\/wp-content\/uploads\/2022\/11\/cal-lf-cn-senior-small-lamb-6kg.jpg\" \/>\n\t<meta property=\"og:image:width\" content=\"800\" \/>\n\t<meta property=\"og:image:height\" content=\"800\" \/>\n\t<meta property=\"og:image:type\" content=\"image\/jpeg\" \/>\n<meta name=\"twitter:card\" content=\"summary_large_image\" \/>\n<meta name=\"twitter:label1\" content=\"Disponibilit\u00e9\" \/>\n\t<meta name=\"twitter:data1\" content=\"En stock\" \/>\n<script type=\"application\/ld+json\" class=\"yoast-schema-graph\">{\"@context\":\"https:\\\/\\\/schema.org\",\"@graph\":[{\"@type\":\"WebPage\",\"@id\":\"https:\\\/\\\/www.vetorino.com\\\/boutique\\\/product\\\/life-senior-small-breed-lamb\\\/\",\"url\":\"https:\\\/\\\/www.vetorino.com\\\/boutique\\\/product\\\/life-senior-small-breed-lamb\\\/\",\"name\":\"Chien Life Senior Small Agneau Calibra - V\u00e9torino\",\"isPartOf\":{\"@id\":\"https:\\\/\\\/www.vetorino.com\\\/boutique\\\/#website\"},\"primaryImageOfPage\":{\"@id\":\"https:\\\/\\\/www.vetorino.com\\\/boutique\\\/product\\\/life-senior-small-breed-lamb\\\/#primaryimage\"},\"image\":{\"@id\":\"https:\\\/\\\/www.vetorino.com\\\/boutique\\\/product\\\/life-senior-small-breed-lamb\\\/#primaryimage\"},\"thumbnailUrl\":\"https:\\\/\\\/www.vetorino.com\\\/boutique\\\/wp-content\\\/uploads\\\/2022\\\/11\\\/cal-lf-cn-senior-small-lamb-6kg.jpg\",\"datePublished\":\"2022-11-09T16:47:54+00:00\",\"dateModified\":\"2025-11-19T16:00:10+00:00\",\"description\":\"Aliment sec complet formul\u00e9 pour les chiens \u00e2g\u00e9s de petites races (jusqu'\u00e0 10 kg, plus de 7 ans). Formule adapt\u00e9e aux chiens seniors Riche en prot\u00e9ines animales de qualit\u00e9 Soutient la sant\u00e9 de la peau et du pelage\",\"breadcrumb\":{\"@id\":\"https:\\\/\\\/www.vetorino.com\\\/boutique\\\/product\\\/life-senior-small-breed-lamb\\\/#breadcrumb\"},\"inLanguage\":\"fr-FR\",\"potentialAction\":[{\"@type\":\"ReadAction\",\"target\":[\"https:\\\/\\\/www.vetorino.com\\\/boutique\\\/product\\\/life-senior-small-breed-lamb\\\/\"]}]},{\"@type\":\"ImageObject\",\"inLanguage\":\"fr-FR\",\"@id\":\"https:\\\/\\\/www.vetorino.com\\\/boutique\\\/product\\\/life-senior-small-breed-lamb\\\/#primaryimage\",\"url\":\"https:\\\/\\\/www.vetorino.com\\\/boutique\\\/wp-content\\\/uploads\\\/2022\\\/11\\\/cal-lf-cn-senior-small-lamb-6kg.jpg\",\"contentUrl\":\"https:\\\/\\\/www.vetorino.com\\\/boutique\\\/wp-content\\\/uploads\\\/2022\\\/11\\\/cal-lf-cn-senior-small-lamb-6kg.jpg\",\"width\":800,\"height\":800},{\"@type\":\"BreadcrumbList\",\"@id\":\"https:\\\/\\\/www.vetorino.com\\\/boutique\\\/product\\\/life-senior-small-breed-lamb\\\/#breadcrumb\",\"itemListElement\":[{\"@type\":\"ListItem\",\"position\":1,\"name\":\"Accueil\",\"item\":\"https:\\\/\\\/www.vetorino.com\\\/boutique\\\/\"},{\"@type\":\"ListItem\",\"position\":2,\"name\":\"Produits\",\"item\":\"https:\\\/\\\/www.vetorino.com\\\/boutique\\\/\"},{\"@type\":\"ListItem\",\"position\":3,\"name\":\"Chien Life Senior Small Agneau\"}]},{\"@type\":\"WebSite\",\"@id\":\"https:\\\/\\\/www.vetorino.com\\\/boutique\\\/#website\",\"url\":\"https:\\\/\\\/www.vetorino.com\\\/boutique\\\/\",\"name\":\"V\u00e9torino\",\"description\":\"\",\"publisher\":{\"@id\":\"https:\\\/\\\/www.vetorino.com\\\/boutique\\\/#organization\"},\"potentialAction\":[{\"@type\":\"SearchAction\",\"target\":{\"@type\":\"EntryPoint\",\"urlTemplate\":\"https:\\\/\\\/www.vetorino.com\\\/boutique\\\/?s={search_term_string}\"},\"query-input\":{\"@type\":\"PropertyValueSpecification\",\"valueRequired\":true,\"valueName\":\"search_term_string\"}}],\"inLanguage\":\"fr-FR\"},{\"@type\":\"Organization\",\"@id\":\"https:\\\/\\\/www.vetorino.com\\\/boutique\\\/#organization\",\"name\":\"V\u00e9torino\",\"url\":\"https:\\\/\\\/www.vetorino.com\\\/boutique\\\/\",\"logo\":{\"@type\":\"ImageObject\",\"inLanguage\":\"fr-FR\",\"@id\":\"https:\\\/\\\/www.vetorino.com\\\/boutique\\\/#\\\/schema\\\/logo\\\/image\\\/\",\"url\":\"https:\\\/\\\/www.vetorino.com\\\/boutique\\\/wp-content\\\/uploads\\\/2024\\\/10\\\/logo.jpg\",\"contentUrl\":\"https:\\\/\\\/www.vetorino.com\\\/boutique\\\/wp-content\\\/uploads\\\/2024\\\/10\\\/logo.jpg\",\"width\":1200,\"height\":610,\"caption\":\"V\u00e9torino\"},\"image\":{\"@id\":\"https:\\\/\\\/www.vetorino.com\\\/boutique\\\/#\\\/schema\\\/logo\\\/image\\\/\"},\"sameAs\":[\"https:\\\/\\\/www.facebook.com\\\/Vetorino\\\/\",\"https:\\\/\\\/www.instagram.com\\\/vetorino_off\\\/\",\"https:\\\/\\\/www.linkedin.com\\\/company\\\/vtorino\\\/\"]}]}<\/script>\n<meta property=\"product:brand\" content=\"Calibra\" \/>\n<meta property=\"og:availability\" content=\"instock\" \/>\n<meta property=\"product:availability\" content=\"instock\" \/>\n<meta property=\"product:condition\" content=\"new\" \/>\n<!-- \/ Yoast SEO plugin. -->","yoast_head_json":{"title":"Chien Life Senior Small Agneau Calibra - V\u00e9torino","description":"Aliment sec complet formul\u00e9 pour les chiens \u00e2g\u00e9s de petites races (jusqu'\u00e0 10 kg, plus de 7 ans).       Formule adapt\u00e9e aux chiens seniors  Riche en prot\u00e9ines animales de qualit\u00e9  Soutient la sant\u00e9 de la peau et du pelage","robots":{"index":"noindex","follow":"nofollow"},"og_locale":"fr_FR","og_type":"article","og_title":"Chien Life Senior Small Agneau Calibra - V\u00e9torino","og_description":"Aliment sec complet formul\u00e9 pour les chiens \u00e2g\u00e9s de petites races (jusqu'\u00e0 10 kg, plus de 7 ans).       Formule adapt\u00e9e aux chiens seniors  Riche en prot\u00e9ines animales de qualit\u00e9  Soutient la sant\u00e9 de la peau et du pelage","og_url":"https:\/\/www.vetorino.com\/veterinaire\/villenavedornon-33140-1\/boutique\/product\/life-senior-small-breed-lamb\/","og_site_name":"V\u00e9torino","article_publisher":"https:\/\/www.facebook.com\/Vetorino\/","article_modified_time":"2025-11-19T16:00:10+00:00","og_image":[{"width":800,"height":800,"url":"https:\/\/www.vetorino.com\/boutique\/wp-content\/uploads\/2022\/11\/cal-lf-cn-senior-small-lamb-6kg.jpg","type":"image\/jpeg"}],"twitter_card":"summary_large_image","twitter_misc":{"Disponibilit\u00e9":"En stock"},"schema":{"@context":"https:\/\/schema.org","@graph":[{"@type":"WebPage","@id":"https:\/\/www.vetorino.com\/boutique\/product\/life-senior-small-breed-lamb\/","url":"https:\/\/www.vetorino.com\/boutique\/product\/life-senior-small-breed-lamb\/","name":"Chien Life Senior Small Agneau Calibra - V\u00e9torino","isPartOf":{"@id":"https:\/\/www.vetorino.com\/boutique\/#website"},"primaryImageOfPage":{"@id":"https:\/\/www.vetorino.com\/boutique\/product\/life-senior-small-breed-lamb\/#primaryimage"},"image":{"@id":"https:\/\/www.vetorino.com\/boutique\/product\/life-senior-small-breed-lamb\/#primaryimage"},"thumbnailUrl":"https:\/\/www.vetorino.com\/boutique\/wp-content\/uploads\/2022\/11\/cal-lf-cn-senior-small-lamb-6kg.jpg","datePublished":"2022-11-09T16:47:54+00:00","dateModified":"2025-11-19T16:00:10+00:00","description":"Aliment sec complet formul\u00e9 pour les chiens \u00e2g\u00e9s de petites races (jusqu'\u00e0 10 kg, plus de 7 ans). Formule adapt\u00e9e aux chiens seniors Riche en prot\u00e9ines animales de qualit\u00e9 Soutient la sant\u00e9 de la peau et du pelage","breadcrumb":{"@id":"https:\/\/www.vetorino.com\/boutique\/product\/life-senior-small-breed-lamb\/#breadcrumb"},"inLanguage":"fr-FR","potentialAction":[{"@type":"ReadAction","target":["https:\/\/www.vetorino.com\/boutique\/product\/life-senior-small-breed-lamb\/"]}]},{"@type":"ImageObject","inLanguage":"fr-FR","@id":"https:\/\/www.vetorino.com\/boutique\/product\/life-senior-small-breed-lamb\/#primaryimage","url":"https:\/\/www.vetorino.com\/boutique\/wp-content\/uploads\/2022\/11\/cal-lf-cn-senior-small-lamb-6kg.jpg","contentUrl":"https:\/\/www.vetorino.com\/boutique\/wp-content\/uploads\/2022\/11\/cal-lf-cn-senior-small-lamb-6kg.jpg","width":800,"height":800},{"@type":"BreadcrumbList","@id":"https:\/\/www.vetorino.com\/boutique\/product\/life-senior-small-breed-lamb\/#breadcrumb","itemListElement":[{"@type":"ListItem","position":1,"name":"Accueil","item":"https:\/\/www.vetorino.com\/boutique\/"},{"@type":"ListItem","position":2,"name":"Produits","item":"https:\/\/www.vetorino.com\/boutique\/"},{"@type":"ListItem","position":3,"name":"Chien Life Senior Small Agneau"}]},{"@type":"WebSite","@id":"https:\/\/www.vetorino.com\/boutique\/#website","url":"https:\/\/www.vetorino.com\/boutique\/","name":"V\u00e9torino","description":"","publisher":{"@id":"https:\/\/www.vetorino.com\/boutique\/#organization"},"potentialAction":[{"@type":"SearchAction","target":{"@type":"EntryPoint","urlTemplate":"https:\/\/www.vetorino.com\/boutique\/?s={search_term_string}"},"query-input":{"@type":"PropertyValueSpecification","valueRequired":true,"valueName":"search_term_string"}}],"inLanguage":"fr-FR"},{"@type":"Organization","@id":"https:\/\/www.vetorino.com\/boutique\/#organization","name":"V\u00e9torino","url":"https:\/\/www.vetorino.com\/boutique\/","logo":{"@type":"ImageObject","inLanguage":"fr-FR","@id":"https:\/\/www.vetorino.com\/boutique\/#\/schema\/logo\/image\/","url":"https:\/\/www.vetorino.com\/boutique\/wp-content\/uploads\/2024\/10\/logo.jpg","contentUrl":"https:\/\/www.vetorino.com\/boutique\/wp-content\/uploads\/2024\/10\/logo.jpg","width":1200,"height":610,"caption":"V\u00e9torino"},"image":{"@id":"https:\/\/www.vetorino.com\/boutique\/#\/schema\/logo\/image\/"},"sameAs":["https:\/\/www.facebook.com\/Vetorino\/","https:\/\/www.instagram.com\/vetorino_off\/","https:\/\/www.linkedin.com\/company\/vtorino\/"]}]},"product_brand":"Calibra","og_availability":"instock","product_availability":"instock","product_condition":"new"},"_links":{"self":[{"href":"https:\/\/www.vetorino.com\/veterinaire\/villenavedornon-33140-1\/boutique\/wp-json\/wp\/v2\/product\/503739","targetHints":{"allow":["GET"]}}],"collection":[{"href":"https:\/\/www.vetorino.com\/veterinaire\/villenavedornon-33140-1\/boutique\/wp-json\/wp\/v2\/product"}],"about":[{"href":"https:\/\/www.vetorino.com\/veterinaire\/villenavedornon-33140-1\/boutique\/wp-json\/wp\/v2\/types\/product"}],"wp:featuredmedia":[{"embeddable":true,"href":"https:\/\/www.vetorino.com\/veterinaire\/villenavedornon-33140-1\/boutique\/wp-json\/wp\/v2\/media\/592719"}],"wp:attachment":[{"href":"https:\/\/www.vetorino.com\/veterinaire\/villenavedornon-33140-1\/boutique\/wp-json\/wp\/v2\/media?parent=503739"}],"wp:term":[{"taxonomy":"product_cat","embeddable":true,"href":"https:\/\/www.vetorino.com\/veterinaire\/villenavedornon-33140-1\/boutique\/wp-json\/wp\/v2\/product_cat?post=503739"},{"taxonomy":"product_tag","embeddable":true,"href":"https:\/\/www.vetorino.com\/veterinaire\/villenavedornon-33140-1\/boutique\/wp-json\/wp\/v2\/product_tag?post=503739"}],"curies":[{"name":"wp","href":"https:\/\/api.w.org\/{rel}","templated":true}]}}