{"id":503768,"date":"2022-11-09T17:48:34","date_gmt":"2022-11-09T16:48:34","guid":{"rendered":"https:\/\/www.vetorino.com\/boutique\/product\/veterinary-diets-dog-joint-and-mobility\/"},"modified":"2025-11-18T17:05:13","modified_gmt":"2025-11-18T16:05:13","slug":"veterinary-diets-dog-joint-and-mobility","status":"publish","type":"product","link":"https:\/\/www.vetorino.com\/veterinaire\/villenavedornon-33140-1\/boutique\/product\/veterinary-diets-dog-joint-and-mobility\/","title":{"rendered":"Chien VD Joint &amp; Mobility"},"content":{"rendered":"<div class=\"type short-description\">\n<div class=\"type short-description\">\n<div class=\"type short-description\">\n<p data-pm-slice=\"1 3 []\"><strong>Aliment complet pour chiens de toutes tailles et de toutes races souffrants de douleurs articulaires.<\/strong><\/p>\n<ul>\n<li>Favorise la mobilit\u00e9 et les articulations<\/li>\n<li>Contient notamment de la glucosamine et de la chondro\u00eftine<\/li>\n<li>Aliment v\u00e9t\u00e9rinaire complet<\/li>\n<\/ul>\n<ul>\n<li><strong>Prot\u00e9ines de haute qualit\u00e9 :<\/strong>\u00a0riche en prot\u00e9ines de poulet et de dinde, qui contribuent \u00e0 la construction musculaire et \u00e0 la r\u00e9paration des tissus.<\/li>\n<li><strong>Faible teneur en c\u00e9r\u00e9ales :<\/strong>\u00a0la faible teneur en c\u00e9r\u00e9ales r\u00e9duit le risque d&#8217;ob\u00e9sit\u00e9, ce qui est b\u00e9n\u00e9fique pour les articulations.<\/li>\n<li><strong>Riche en krill et en \u0153ufs :<\/strong>\u00a0ces ingr\u00e9dients fournissent des nutriments essentiels qui contribuent \u00e0 la sant\u00e9 et au bien-\u00eatre g\u00e9n\u00e9ral de votre chien.<\/li>\n<\/ul>\n<\/div>\n<div class=\"block characteristics\">\n<div class=\"block-content is-paws-list\">\n<div id=\"description\" class=\"product-data__item--content \" aria-labelledby=\"tab-label-description-title\">\n<div class=\"am-custom-tab am-custom-tab-1\">\n<div class=\"am-custom-tab am-custom-tab-1\">\n<div class=\"block\">\n<div class=\"product attribute description\" data-limit-content-offcanvas=\"true\">\n<div class=\"value\" data-role=\"content-preview\">\n<p><strong>Demander conseil \u00e0 un v\u00e9t\u00e9rinaire avant utilisation.<\/strong><\/p>\n<\/div>\n<\/div>\n<\/div>\n<\/div>\n<\/div>\n<\/div>\n<div id=\"questions-fr\u00e9quentes\" class=\"product-data__item--content \" aria-labelledby=\"tab-label-amcustomtabs_tabs_22-title\">\n<div class=\"am-custom-tab am-custom-tab-22\">\n<div class=\"faq__wrapper\"><\/div>\n<\/div>\n<\/div>\n<\/div>\n<\/div>\n<\/div>\n<\/div>\n","protected":false},"excerpt":{"rendered":"<div class=\"type short-description\">\n<p data-pm-slice=\"1 3 []\"><strong>Aliment complet pour chiens de toutes tailles et de toutes races souffrants de douleurs articulaires.<\/strong><\/p>\n<ul>\n<li>Favorise la mobilit\u00e9 et les articulations<\/li>\n<li>Contient notamment de la glucosamine et de la chondro\u00eftine<\/li>\n<li>Aliment v\u00e9t\u00e9rinaire complet<\/li>\n<\/ul>\n<\/div>\n<div class=\"block characteristics\">\n<div class=\"block-content is-paws-list\">\n<div id=\"description\" class=\"product-data__item--content \" aria-labelledby=\"tab-label-description-title\">\n<div class=\"am-custom-tab am-custom-tab-1\">\n<div class=\"am-custom-tab am-custom-tab-1\">\n<div class=\"block\">\n<div class=\"product attribute description\" data-limit-content-offcanvas=\"true\">\n<div class=\"value\" data-role=\"content-preview\">\n<p><strong>Demander conseil \u00e0 un v\u00e9t\u00e9rinaire avant utilisation.<\/strong><\/p>\n<\/div>\n<\/div>\n<\/div>\n<\/div>\n<\/div>\n<\/div>\n<div id=\"questions-fr\u00e9quentes\" class=\"product-data__item--content \" aria-labelledby=\"tab-label-amcustomtabs_tabs_22-title\">\n<div class=\"am-custom-tab am-custom-tab-22\">\n<div class=\"faq__wrapper\"><\/div>\n<\/div>\n<\/div>\n<\/div>\n<\/div>\n","protected":false},"featured_media":592733,"template":"","meta":[],"product_cat":[12552,12582,2698,12633],"product_tag":[],"class_list":{"0":"post-503768","1":"product","2":"type-product","3":"status-publish","4":"has-post-thumbnail","6":"product_cat-alimentation-du-chien","7":"product_cat-alimentation-medicalisee-pour-chien","8":"product_cat-chien","9":"product_cat-soutien-articulaire-du-chien","10":"pa_marque-calibra","12":"first","13":"instock","14":"taxable","15":"shipping-taxable","16":"purchasable","17":"product-type-simple"},"yoast_head":"<!-- This site is optimized with the Yoast SEO plugin v26.7 - https:\/\/yoast.com\/wordpress\/plugins\/seo\/ -->\n<title>Chien VD Joint &amp; Mobility Calibra - V\u00e9torino<\/title>\n<meta name=\"description\" content=\"Aliment complet pour chiens de toutes tailles et de toutes races souffrants de douleurs articulaires.    Favorise la mobilit\u00e9 et les articulations  Contient notamment de la glucosamine et de la chondro\u00eftine  Aliment v\u00e9t\u00e9rinaire complet            Demander conseil \u00e0 un v\u00e9t\u00e9rinaire avant utilisation.\" \/>\n<meta name=\"robots\" content=\"noindex, nofollow\" \/>\n<meta property=\"og:locale\" content=\"fr_FR\" \/>\n<meta property=\"og:type\" content=\"article\" \/>\n<meta property=\"og:title\" content=\"Chien VD Joint &amp; Mobility Calibra - V\u00e9torino\" \/>\n<meta property=\"og:description\" content=\"Aliment complet pour chiens de toutes tailles et de toutes races souffrants de douleurs articulaires.    Favorise la mobilit\u00e9 et les articulations  Contient notamment de la glucosamine et de la chondro\u00eftine  Aliment v\u00e9t\u00e9rinaire complet            Demander conseil \u00e0 un v\u00e9t\u00e9rinaire avant utilisation.\" \/>\n<meta property=\"og:url\" content=\"https:\/\/www.vetorino.com\/veterinaire\/villenavedornon-33140-1\/boutique\/product\/veterinary-diets-dog-joint-and-mobility\/\" \/>\n<meta property=\"og:site_name\" content=\"V\u00e9torino\" \/>\n<meta property=\"article:publisher\" content=\"https:\/\/www.facebook.com\/Vetorino\/\" \/>\n<meta property=\"article:modified_time\" content=\"2025-11-18T16:05:13+00:00\" \/>\n<meta property=\"og:image\" content=\"https:\/\/www.vetorino.com\/boutique\/wp-content\/uploads\/2022\/11\/cal-vd-cn-joint-mobility-12kg.jpg\" \/>\n\t<meta property=\"og:image:width\" content=\"800\" \/>\n\t<meta property=\"og:image:height\" content=\"800\" \/>\n\t<meta property=\"og:image:type\" content=\"image\/jpeg\" \/>\n<meta name=\"twitter:card\" content=\"summary_large_image\" \/>\n<meta name=\"twitter:label1\" content=\"Prix\" \/>\n\t<meta name=\"twitter:data1\" content=\"75,65&euro;\" \/>\n\t<meta name=\"twitter:label2\" content=\"Disponibilit\u00e9\" \/>\n\t<meta name=\"twitter:data2\" content=\"En stock\" \/>\n<script type=\"application\/ld+json\" class=\"yoast-schema-graph\">{\"@context\":\"https:\/\/schema.org\",\"@graph\":[{\"@type\":\"WebPage\",\"@id\":\"https:\/\/www.vetorino.com\/boutique\/product\/veterinary-diets-dog-joint-and-mobility\/\",\"url\":\"https:\/\/www.vetorino.com\/boutique\/product\/veterinary-diets-dog-joint-and-mobility\/\",\"name\":\"Chien VD Joint &amp; Mobility Calibra - V\u00e9torino\",\"isPartOf\":{\"@id\":\"https:\/\/www.vetorino.com\/boutique\/#website\"},\"primaryImageOfPage\":{\"@id\":\"https:\/\/www.vetorino.com\/boutique\/product\/veterinary-diets-dog-joint-and-mobility\/#primaryimage\"},\"image\":{\"@id\":\"https:\/\/www.vetorino.com\/boutique\/product\/veterinary-diets-dog-joint-and-mobility\/#primaryimage\"},\"thumbnailUrl\":\"https:\/\/www.vetorino.com\/boutique\/wp-content\/uploads\/2022\/11\/cal-vd-cn-joint-mobility-12kg.jpg\",\"datePublished\":\"2022-11-09T16:48:34+00:00\",\"dateModified\":\"2025-11-18T16:05:13+00:00\",\"description\":\"Aliment complet pour chiens de toutes tailles et de toutes races souffrants de douleurs articulaires. Favorise la mobilit\u00e9 et les articulations Contient notamment de la glucosamine et de la chondro\u00eftine Aliment v\u00e9t\u00e9rinaire complet Demander conseil \u00e0 un v\u00e9t\u00e9rinaire avant utilisation.\",\"breadcrumb\":{\"@id\":\"https:\/\/www.vetorino.com\/boutique\/product\/veterinary-diets-dog-joint-and-mobility\/#breadcrumb\"},\"inLanguage\":\"fr-FR\",\"potentialAction\":[{\"@type\":\"ReadAction\",\"target\":[\"https:\/\/www.vetorino.com\/boutique\/product\/veterinary-diets-dog-joint-and-mobility\/\"]}]},{\"@type\":\"ImageObject\",\"inLanguage\":\"fr-FR\",\"@id\":\"https:\/\/www.vetorino.com\/boutique\/product\/veterinary-diets-dog-joint-and-mobility\/#primaryimage\",\"url\":\"https:\/\/www.vetorino.com\/boutique\/wp-content\/uploads\/2022\/11\/cal-vd-cn-joint-mobility-12kg.jpg\",\"contentUrl\":\"https:\/\/www.vetorino.com\/boutique\/wp-content\/uploads\/2022\/11\/cal-vd-cn-joint-mobility-12kg.jpg\",\"width\":800,\"height\":800},{\"@type\":\"BreadcrumbList\",\"@id\":\"https:\/\/www.vetorino.com\/boutique\/product\/veterinary-diets-dog-joint-and-mobility\/#breadcrumb\",\"itemListElement\":[{\"@type\":\"ListItem\",\"position\":1,\"name\":\"Accueil\",\"item\":\"https:\/\/www.vetorino.com\/boutique\/\"},{\"@type\":\"ListItem\",\"position\":2,\"name\":\"Produits\",\"item\":\"https:\/\/www.vetorino.com\/boutique\/\"},{\"@type\":\"ListItem\",\"position\":3,\"name\":\"Chien VD Joint &amp; Mobility\"}]},{\"@type\":\"WebSite\",\"@id\":\"https:\/\/www.vetorino.com\/boutique\/#website\",\"url\":\"https:\/\/www.vetorino.com\/boutique\/\",\"name\":\"V\u00e9torino\",\"description\":\"\",\"publisher\":{\"@id\":\"https:\/\/www.vetorino.com\/boutique\/#organization\"},\"potentialAction\":[{\"@type\":\"SearchAction\",\"target\":{\"@type\":\"EntryPoint\",\"urlTemplate\":\"https:\/\/www.vetorino.com\/boutique\/?s={search_term_string}\"},\"query-input\":{\"@type\":\"PropertyValueSpecification\",\"valueRequired\":true,\"valueName\":\"search_term_string\"}}],\"inLanguage\":\"fr-FR\"},{\"@type\":\"Organization\",\"@id\":\"https:\/\/www.vetorino.com\/boutique\/#organization\",\"name\":\"V\u00e9torino\",\"url\":\"https:\/\/www.vetorino.com\/boutique\/\",\"logo\":{\"@type\":\"ImageObject\",\"inLanguage\":\"fr-FR\",\"@id\":\"https:\/\/www.vetorino.com\/boutique\/#\/schema\/logo\/image\/\",\"url\":\"https:\/\/www.vetorino.com\/boutique\/wp-content\/uploads\/2024\/10\/logo.jpg\",\"contentUrl\":\"https:\/\/www.vetorino.com\/boutique\/wp-content\/uploads\/2024\/10\/logo.jpg\",\"width\":1200,\"height\":610,\"caption\":\"V\u00e9torino\"},\"image\":{\"@id\":\"https:\/\/www.vetorino.com\/boutique\/#\/schema\/logo\/image\/\"},\"sameAs\":[\"https:\/\/www.facebook.com\/Vetorino\/\",\"https:\/\/www.instagram.com\/vetorino_off\/\",\"https:\/\/www.linkedin.com\/company\/vtorino\/\"]}]}<\/script>\n<meta property=\"product:brand\" content=\"Calibra\" \/>\n<meta property=\"product:price:amount\" content=\"75.65\" \/>\n<meta property=\"product:price:currency\" content=\"EUR\" \/>\n<meta property=\"og:availability\" content=\"instock\" \/>\n<meta property=\"product:availability\" content=\"instock\" \/>\n<meta property=\"product:retailer_item_id\" content=\"O-639166\" \/>\n<meta property=\"product:condition\" content=\"new\" \/>\n<!-- \/ Yoast SEO plugin. -->","yoast_head_json":{"title":"Chien VD Joint &amp; Mobility Calibra - V\u00e9torino","description":"Aliment complet pour chiens de toutes tailles et de toutes races souffrants de douleurs articulaires.    Favorise la mobilit\u00e9 et les articulations  Contient notamment de la glucosamine et de la chondro\u00eftine  Aliment v\u00e9t\u00e9rinaire complet            Demander conseil \u00e0 un v\u00e9t\u00e9rinaire avant utilisation.","robots":{"index":"noindex","follow":"nofollow"},"og_locale":"fr_FR","og_type":"article","og_title":"Chien VD Joint &amp; Mobility Calibra - V\u00e9torino","og_description":"Aliment complet pour chiens de toutes tailles et de toutes races souffrants de douleurs articulaires.    Favorise la mobilit\u00e9 et les articulations  Contient notamment de la glucosamine et de la chondro\u00eftine  Aliment v\u00e9t\u00e9rinaire complet            Demander conseil \u00e0 un v\u00e9t\u00e9rinaire avant utilisation.","og_url":"https:\/\/www.vetorino.com\/veterinaire\/villenavedornon-33140-1\/boutique\/product\/veterinary-diets-dog-joint-and-mobility\/","og_site_name":"V\u00e9torino","article_publisher":"https:\/\/www.facebook.com\/Vetorino\/","article_modified_time":"2025-11-18T16:05:13+00:00","og_image":[{"width":800,"height":800,"url":"https:\/\/www.vetorino.com\/boutique\/wp-content\/uploads\/2022\/11\/cal-vd-cn-joint-mobility-12kg.jpg","type":"image\/jpeg"}],"twitter_card":"summary_large_image","twitter_misc":{"Prix":"75,65&euro;","Disponibilit\u00e9":"En stock"},"schema":{"@context":"https:\/\/schema.org","@graph":[{"@type":"WebPage","@id":"https:\/\/www.vetorino.com\/boutique\/product\/veterinary-diets-dog-joint-and-mobility\/","url":"https:\/\/www.vetorino.com\/boutique\/product\/veterinary-diets-dog-joint-and-mobility\/","name":"Chien VD Joint &amp; Mobility Calibra - V\u00e9torino","isPartOf":{"@id":"https:\/\/www.vetorino.com\/boutique\/#website"},"primaryImageOfPage":{"@id":"https:\/\/www.vetorino.com\/boutique\/product\/veterinary-diets-dog-joint-and-mobility\/#primaryimage"},"image":{"@id":"https:\/\/www.vetorino.com\/boutique\/product\/veterinary-diets-dog-joint-and-mobility\/#primaryimage"},"thumbnailUrl":"https:\/\/www.vetorino.com\/boutique\/wp-content\/uploads\/2022\/11\/cal-vd-cn-joint-mobility-12kg.jpg","datePublished":"2022-11-09T16:48:34+00:00","dateModified":"2025-11-18T16:05:13+00:00","description":"Aliment complet pour chiens de toutes tailles et de toutes races souffrants de douleurs articulaires. Favorise la mobilit\u00e9 et les articulations Contient notamment de la glucosamine et de la chondro\u00eftine Aliment v\u00e9t\u00e9rinaire complet Demander conseil \u00e0 un v\u00e9t\u00e9rinaire avant utilisation.","breadcrumb":{"@id":"https:\/\/www.vetorino.com\/boutique\/product\/veterinary-diets-dog-joint-and-mobility\/#breadcrumb"},"inLanguage":"fr-FR","potentialAction":[{"@type":"ReadAction","target":["https:\/\/www.vetorino.com\/boutique\/product\/veterinary-diets-dog-joint-and-mobility\/"]}]},{"@type":"ImageObject","inLanguage":"fr-FR","@id":"https:\/\/www.vetorino.com\/boutique\/product\/veterinary-diets-dog-joint-and-mobility\/#primaryimage","url":"https:\/\/www.vetorino.com\/boutique\/wp-content\/uploads\/2022\/11\/cal-vd-cn-joint-mobility-12kg.jpg","contentUrl":"https:\/\/www.vetorino.com\/boutique\/wp-content\/uploads\/2022\/11\/cal-vd-cn-joint-mobility-12kg.jpg","width":800,"height":800},{"@type":"BreadcrumbList","@id":"https:\/\/www.vetorino.com\/boutique\/product\/veterinary-diets-dog-joint-and-mobility\/#breadcrumb","itemListElement":[{"@type":"ListItem","position":1,"name":"Accueil","item":"https:\/\/www.vetorino.com\/boutique\/"},{"@type":"ListItem","position":2,"name":"Produits","item":"https:\/\/www.vetorino.com\/boutique\/"},{"@type":"ListItem","position":3,"name":"Chien VD Joint &amp; Mobility"}]},{"@type":"WebSite","@id":"https:\/\/www.vetorino.com\/boutique\/#website","url":"https:\/\/www.vetorino.com\/boutique\/","name":"V\u00e9torino","description":"","publisher":{"@id":"https:\/\/www.vetorino.com\/boutique\/#organization"},"potentialAction":[{"@type":"SearchAction","target":{"@type":"EntryPoint","urlTemplate":"https:\/\/www.vetorino.com\/boutique\/?s={search_term_string}"},"query-input":{"@type":"PropertyValueSpecification","valueRequired":true,"valueName":"search_term_string"}}],"inLanguage":"fr-FR"},{"@type":"Organization","@id":"https:\/\/www.vetorino.com\/boutique\/#organization","name":"V\u00e9torino","url":"https:\/\/www.vetorino.com\/boutique\/","logo":{"@type":"ImageObject","inLanguage":"fr-FR","@id":"https:\/\/www.vetorino.com\/boutique\/#\/schema\/logo\/image\/","url":"https:\/\/www.vetorino.com\/boutique\/wp-content\/uploads\/2024\/10\/logo.jpg","contentUrl":"https:\/\/www.vetorino.com\/boutique\/wp-content\/uploads\/2024\/10\/logo.jpg","width":1200,"height":610,"caption":"V\u00e9torino"},"image":{"@id":"https:\/\/www.vetorino.com\/boutique\/#\/schema\/logo\/image\/"},"sameAs":["https:\/\/www.facebook.com\/Vetorino\/","https:\/\/www.instagram.com\/vetorino_off\/","https:\/\/www.linkedin.com\/company\/vtorino\/"]}]},"product_brand":"Calibra","product_price_amount":"75.65","product_price_currency":"EUR","og_availability":"instock","product_availability":"instock","product_retailer_item_id":"O-639166","product_condition":"new"},"_links":{"self":[{"href":"https:\/\/www.vetorino.com\/veterinaire\/villenavedornon-33140-1\/boutique\/wp-json\/wp\/v2\/product\/503768","targetHints":{"allow":["GET"]}}],"collection":[{"href":"https:\/\/www.vetorino.com\/veterinaire\/villenavedornon-33140-1\/boutique\/wp-json\/wp\/v2\/product"}],"about":[{"href":"https:\/\/www.vetorino.com\/veterinaire\/villenavedornon-33140-1\/boutique\/wp-json\/wp\/v2\/types\/product"}],"wp:featuredmedia":[{"embeddable":true,"href":"https:\/\/www.vetorino.com\/veterinaire\/villenavedornon-33140-1\/boutique\/wp-json\/wp\/v2\/media\/592733"}],"wp:attachment":[{"href":"https:\/\/www.vetorino.com\/veterinaire\/villenavedornon-33140-1\/boutique\/wp-json\/wp\/v2\/media?parent=503768"}],"wp:term":[{"taxonomy":"product_cat","embeddable":true,"href":"https:\/\/www.vetorino.com\/veterinaire\/villenavedornon-33140-1\/boutique\/wp-json\/wp\/v2\/product_cat?post=503768"},{"taxonomy":"product_tag","embeddable":true,"href":"https:\/\/www.vetorino.com\/veterinaire\/villenavedornon-33140-1\/boutique\/wp-json\/wp\/v2\/product_tag?post=503768"}],"curies":[{"name":"wp","href":"https:\/\/api.w.org\/{rel}","templated":true}]}}