{"id":503791,"date":"2022-11-09T17:49:28","date_gmt":"2022-11-09T16:49:28","guid":{"rendered":"https:\/\/www.vetorino.com\/boutique\/product\/dog-life-puppyjunior-chickenrice\/"},"modified":"2025-11-20T09:48:30","modified_gmt":"2025-11-20T08:48:30","slug":"dog-life-puppyjunior-chickenrice","status":"publish","type":"product","link":"https:\/\/www.vetorino.com\/veterinaire\/villenavedornon-33140-1\/boutique\/product\/dog-life-puppyjunior-chickenrice\/","title":{"rendered":"Chien Life Puppy &amp; Junior Poulet"},"content":{"rendered":"<div class=\"type short-description\">\n<p><strong>Aliment humide complet pour chiots de 2 \u00e0 24 mois au poulet et au riz. Convient \u00e9galement aux chiennes gestantes et allaitantes.<\/strong><\/p>\n<\/div>\n<div class=\"block characteristics\">\n<div class=\"block-content is-paws-list\">\n<ul>\n<li>Aliment humide riche en prot\u00e9ines<\/li>\n<li>Id\u00e9al pour chiots et chiennes allaitantes<\/li>\n<li>Go\u00fbt savoureux de poulet et riz<\/li>\n<\/ul>\n<p>Id\u00e9al pour la<strong> bi-nutrition<\/strong>. Son d\u00e9licieux go\u00fbt de poulet s\u00e9duira tous chiens.<\/p>\n<\/div>\n<\/div>\n<div class=\"value\" data-role=\"content-preview\"><\/div>\n","protected":false},"excerpt":{"rendered":"<div class=\"type short-description\">\n<p><strong>Aliment humide complet pour chiots de 2 \u00e0 24 mois au poulet et au riz. Convient \u00e9galement aux chiennes gestantes et allaitantes.<\/strong><\/p>\n<\/div>\n<div class=\"block characteristics\">\n<div class=\"block-content is-paws-list\">\n<ul>\n<li>Aliment humide riche en prot\u00e9ines<\/li>\n<li>Id\u00e9al pour chiots et chiennes allaitantes<\/li>\n<li>Go\u00fbt savoureux de poulet et riz<\/li>\n<\/ul>\n<p>Id\u00e9al pour la<strong> bi-nutrition<\/strong>. Son d\u00e9licieux go\u00fbt de poulet s\u00e9duira tous chiens.<\/p>\n<\/div>\n<\/div>\n<div class=\"value\" data-role=\"content-preview\"><\/div>\n","protected":false},"featured_media":592793,"template":"","meta":[],"product_cat":[12552,12584,2698],"product_tag":[],"class_list":{"0":"post-503791","1":"product","2":"type-product","3":"status-publish","4":"has-post-thumbnail","6":"product_cat-alimentation-du-chien","7":"product_cat-alimentation-premium-pour-chien","8":"product_cat-chien","9":"pa_marque-calibra","11":"first","12":"instock","13":"taxable","14":"shipping-taxable","15":"purchasable","16":"product-type-simple"},"yoast_head":"<!-- This site is optimized with the Yoast SEO plugin v26.7 - https:\/\/yoast.com\/wordpress\/plugins\/seo\/ -->\n<title>Chien Life Puppy &amp; Junior Poulet Calibra - V\u00e9torino<\/title>\n<meta name=\"description\" content=\"Aliment humide complet pour chiots de 2 \u00e0 24 mois au poulet et au riz. Convient \u00e9galement aux chiennes gestantes et allaitantes.       Aliment humide riche en prot\u00e9ines  Id\u00e9al pour chiots et chiennes allaitantes  Go\u00fbt savoureux de poulet et riz  Id\u00e9al pour la bi-nutrition. Son d\u00e9licieux go\u00fbt de poulet s\u00e9duira tous chiens.\" \/>\n<meta name=\"robots\" content=\"noindex, nofollow\" \/>\n<meta property=\"og:locale\" content=\"fr_FR\" \/>\n<meta property=\"og:type\" content=\"article\" \/>\n<meta property=\"og:title\" content=\"Chien Life Puppy &amp; Junior Poulet Calibra - V\u00e9torino\" \/>\n<meta property=\"og:description\" content=\"Aliment humide complet pour chiots de 2 \u00e0 24 mois au poulet et au riz. Convient \u00e9galement aux chiennes gestantes et allaitantes.       Aliment humide riche en prot\u00e9ines  Id\u00e9al pour chiots et chiennes allaitantes  Go\u00fbt savoureux de poulet et riz  Id\u00e9al pour la bi-nutrition. Son d\u00e9licieux go\u00fbt de poulet s\u00e9duira tous chiens.\" \/>\n<meta property=\"og:url\" content=\"https:\/\/www.vetorino.com\/veterinaire\/villenavedornon-33140-1\/boutique\/product\/dog-life-puppyjunior-chickenrice\/\" \/>\n<meta property=\"og:site_name\" content=\"V\u00e9torino\" \/>\n<meta property=\"article:publisher\" content=\"https:\/\/www.facebook.com\/Vetorino\/\" \/>\n<meta property=\"article:modified_time\" content=\"2025-11-20T08:48:30+00:00\" \/>\n<meta property=\"og:image\" content=\"https:\/\/www.vetorino.com\/boutique\/wp-content\/uploads\/2022\/11\/cal-lf-puppyjunior-rice-6x400g.jpg\" \/>\n\t<meta property=\"og:image:width\" content=\"800\" \/>\n\t<meta property=\"og:image:height\" content=\"800\" \/>\n\t<meta property=\"og:image:type\" content=\"image\/jpeg\" \/>\n<meta name=\"twitter:card\" content=\"summary_large_image\" \/>\n<meta name=\"twitter:label1\" content=\"Prix\" \/>\n\t<meta name=\"twitter:data1\" content=\"19,81&euro;\" \/>\n\t<meta name=\"twitter:label2\" content=\"Disponibilit\u00e9\" \/>\n\t<meta name=\"twitter:data2\" content=\"En stock\" \/>\n<script type=\"application\/ld+json\" class=\"yoast-schema-graph\">{\"@context\":\"https:\/\/schema.org\",\"@graph\":[{\"@type\":\"WebPage\",\"@id\":\"https:\/\/www.vetorino.com\/boutique\/product\/dog-life-puppyjunior-chickenrice\/\",\"url\":\"https:\/\/www.vetorino.com\/boutique\/product\/dog-life-puppyjunior-chickenrice\/\",\"name\":\"Chien Life Puppy &amp; Junior Poulet Calibra - V\u00e9torino\",\"isPartOf\":{\"@id\":\"https:\/\/www.vetorino.com\/boutique\/#website\"},\"primaryImageOfPage\":{\"@id\":\"https:\/\/www.vetorino.com\/boutique\/product\/dog-life-puppyjunior-chickenrice\/#primaryimage\"},\"image\":{\"@id\":\"https:\/\/www.vetorino.com\/boutique\/product\/dog-life-puppyjunior-chickenrice\/#primaryimage\"},\"thumbnailUrl\":\"https:\/\/www.vetorino.com\/boutique\/wp-content\/uploads\/2022\/11\/cal-lf-puppyjunior-rice-6x400g.jpg\",\"datePublished\":\"2022-11-09T16:49:28+00:00\",\"dateModified\":\"2025-11-20T08:48:30+00:00\",\"description\":\"Aliment humide complet pour chiots de 2 \u00e0 24 mois au poulet et au riz. Convient \u00e9galement aux chiennes gestantes et allaitantes. Aliment humide riche en prot\u00e9ines Id\u00e9al pour chiots et chiennes allaitantes Go\u00fbt savoureux de poulet et riz Id\u00e9al pour la bi-nutrition. Son d\u00e9licieux go\u00fbt de poulet s\u00e9duira tous chiens.\",\"breadcrumb\":{\"@id\":\"https:\/\/www.vetorino.com\/boutique\/product\/dog-life-puppyjunior-chickenrice\/#breadcrumb\"},\"inLanguage\":\"fr-FR\",\"potentialAction\":[{\"@type\":\"ReadAction\",\"target\":[\"https:\/\/www.vetorino.com\/boutique\/product\/dog-life-puppyjunior-chickenrice\/\"]}]},{\"@type\":\"ImageObject\",\"inLanguage\":\"fr-FR\",\"@id\":\"https:\/\/www.vetorino.com\/boutique\/product\/dog-life-puppyjunior-chickenrice\/#primaryimage\",\"url\":\"https:\/\/www.vetorino.com\/boutique\/wp-content\/uploads\/2022\/11\/cal-lf-puppyjunior-rice-6x400g.jpg\",\"contentUrl\":\"https:\/\/www.vetorino.com\/boutique\/wp-content\/uploads\/2022\/11\/cal-lf-puppyjunior-rice-6x400g.jpg\",\"width\":800,\"height\":800},{\"@type\":\"BreadcrumbList\",\"@id\":\"https:\/\/www.vetorino.com\/boutique\/product\/dog-life-puppyjunior-chickenrice\/#breadcrumb\",\"itemListElement\":[{\"@type\":\"ListItem\",\"position\":1,\"name\":\"Accueil\",\"item\":\"https:\/\/www.vetorino.com\/boutique\/\"},{\"@type\":\"ListItem\",\"position\":2,\"name\":\"Produits\",\"item\":\"https:\/\/www.vetorino.com\/boutique\/\"},{\"@type\":\"ListItem\",\"position\":3,\"name\":\"Chien Life Puppy &amp; Junior Poulet\"}]},{\"@type\":\"WebSite\",\"@id\":\"https:\/\/www.vetorino.com\/boutique\/#website\",\"url\":\"https:\/\/www.vetorino.com\/boutique\/\",\"name\":\"V\u00e9torino\",\"description\":\"\",\"publisher\":{\"@id\":\"https:\/\/www.vetorino.com\/boutique\/#organization\"},\"potentialAction\":[{\"@type\":\"SearchAction\",\"target\":{\"@type\":\"EntryPoint\",\"urlTemplate\":\"https:\/\/www.vetorino.com\/boutique\/?s={search_term_string}\"},\"query-input\":{\"@type\":\"PropertyValueSpecification\",\"valueRequired\":true,\"valueName\":\"search_term_string\"}}],\"inLanguage\":\"fr-FR\"},{\"@type\":\"Organization\",\"@id\":\"https:\/\/www.vetorino.com\/boutique\/#organization\",\"name\":\"V\u00e9torino\",\"url\":\"https:\/\/www.vetorino.com\/boutique\/\",\"logo\":{\"@type\":\"ImageObject\",\"inLanguage\":\"fr-FR\",\"@id\":\"https:\/\/www.vetorino.com\/boutique\/#\/schema\/logo\/image\/\",\"url\":\"https:\/\/www.vetorino.com\/boutique\/wp-content\/uploads\/2024\/10\/logo.jpg\",\"contentUrl\":\"https:\/\/www.vetorino.com\/boutique\/wp-content\/uploads\/2024\/10\/logo.jpg\",\"width\":1200,\"height\":610,\"caption\":\"V\u00e9torino\"},\"image\":{\"@id\":\"https:\/\/www.vetorino.com\/boutique\/#\/schema\/logo\/image\/\"},\"sameAs\":[\"https:\/\/www.facebook.com\/Vetorino\/\",\"https:\/\/www.instagram.com\/vetorino_off\/\",\"https:\/\/www.linkedin.com\/company\/vtorino\/\"]}]}<\/script>\n<meta property=\"product:brand\" content=\"Calibra\" \/>\n<meta property=\"product:price:amount\" content=\"19.81\" \/>\n<meta property=\"product:price:currency\" content=\"EUR\" \/>\n<meta property=\"og:availability\" content=\"instock\" \/>\n<meta property=\"product:availability\" content=\"instock\" \/>\n<meta property=\"product:retailer_item_id\" content=\"O-639242\" \/>\n<meta property=\"product:condition\" content=\"new\" \/>\n<!-- \/ Yoast SEO plugin. -->","yoast_head_json":{"title":"Chien Life Puppy &amp; Junior Poulet Calibra - V\u00e9torino","description":"Aliment humide complet pour chiots de 2 \u00e0 24 mois au poulet et au riz. Convient \u00e9galement aux chiennes gestantes et allaitantes.       Aliment humide riche en prot\u00e9ines  Id\u00e9al pour chiots et chiennes allaitantes  Go\u00fbt savoureux de poulet et riz  Id\u00e9al pour la bi-nutrition. Son d\u00e9licieux go\u00fbt de poulet s\u00e9duira tous chiens.","robots":{"index":"noindex","follow":"nofollow"},"og_locale":"fr_FR","og_type":"article","og_title":"Chien Life Puppy &amp; Junior Poulet Calibra - V\u00e9torino","og_description":"Aliment humide complet pour chiots de 2 \u00e0 24 mois au poulet et au riz. Convient \u00e9galement aux chiennes gestantes et allaitantes.       Aliment humide riche en prot\u00e9ines  Id\u00e9al pour chiots et chiennes allaitantes  Go\u00fbt savoureux de poulet et riz  Id\u00e9al pour la bi-nutrition. Son d\u00e9licieux go\u00fbt de poulet s\u00e9duira tous chiens.","og_url":"https:\/\/www.vetorino.com\/veterinaire\/villenavedornon-33140-1\/boutique\/product\/dog-life-puppyjunior-chickenrice\/","og_site_name":"V\u00e9torino","article_publisher":"https:\/\/www.facebook.com\/Vetorino\/","article_modified_time":"2025-11-20T08:48:30+00:00","og_image":[{"width":800,"height":800,"url":"https:\/\/www.vetorino.com\/boutique\/wp-content\/uploads\/2022\/11\/cal-lf-puppyjunior-rice-6x400g.jpg","type":"image\/jpeg"}],"twitter_card":"summary_large_image","twitter_misc":{"Prix":"19,81&euro;","Disponibilit\u00e9":"En stock"},"schema":{"@context":"https:\/\/schema.org","@graph":[{"@type":"WebPage","@id":"https:\/\/www.vetorino.com\/boutique\/product\/dog-life-puppyjunior-chickenrice\/","url":"https:\/\/www.vetorino.com\/boutique\/product\/dog-life-puppyjunior-chickenrice\/","name":"Chien Life Puppy &amp; Junior Poulet Calibra - V\u00e9torino","isPartOf":{"@id":"https:\/\/www.vetorino.com\/boutique\/#website"},"primaryImageOfPage":{"@id":"https:\/\/www.vetorino.com\/boutique\/product\/dog-life-puppyjunior-chickenrice\/#primaryimage"},"image":{"@id":"https:\/\/www.vetorino.com\/boutique\/product\/dog-life-puppyjunior-chickenrice\/#primaryimage"},"thumbnailUrl":"https:\/\/www.vetorino.com\/boutique\/wp-content\/uploads\/2022\/11\/cal-lf-puppyjunior-rice-6x400g.jpg","datePublished":"2022-11-09T16:49:28+00:00","dateModified":"2025-11-20T08:48:30+00:00","description":"Aliment humide complet pour chiots de 2 \u00e0 24 mois au poulet et au riz. Convient \u00e9galement aux chiennes gestantes et allaitantes. Aliment humide riche en prot\u00e9ines Id\u00e9al pour chiots et chiennes allaitantes Go\u00fbt savoureux de poulet et riz Id\u00e9al pour la bi-nutrition. Son d\u00e9licieux go\u00fbt de poulet s\u00e9duira tous chiens.","breadcrumb":{"@id":"https:\/\/www.vetorino.com\/boutique\/product\/dog-life-puppyjunior-chickenrice\/#breadcrumb"},"inLanguage":"fr-FR","potentialAction":[{"@type":"ReadAction","target":["https:\/\/www.vetorino.com\/boutique\/product\/dog-life-puppyjunior-chickenrice\/"]}]},{"@type":"ImageObject","inLanguage":"fr-FR","@id":"https:\/\/www.vetorino.com\/boutique\/product\/dog-life-puppyjunior-chickenrice\/#primaryimage","url":"https:\/\/www.vetorino.com\/boutique\/wp-content\/uploads\/2022\/11\/cal-lf-puppyjunior-rice-6x400g.jpg","contentUrl":"https:\/\/www.vetorino.com\/boutique\/wp-content\/uploads\/2022\/11\/cal-lf-puppyjunior-rice-6x400g.jpg","width":800,"height":800},{"@type":"BreadcrumbList","@id":"https:\/\/www.vetorino.com\/boutique\/product\/dog-life-puppyjunior-chickenrice\/#breadcrumb","itemListElement":[{"@type":"ListItem","position":1,"name":"Accueil","item":"https:\/\/www.vetorino.com\/boutique\/"},{"@type":"ListItem","position":2,"name":"Produits","item":"https:\/\/www.vetorino.com\/boutique\/"},{"@type":"ListItem","position":3,"name":"Chien Life Puppy &amp; Junior Poulet"}]},{"@type":"WebSite","@id":"https:\/\/www.vetorino.com\/boutique\/#website","url":"https:\/\/www.vetorino.com\/boutique\/","name":"V\u00e9torino","description":"","publisher":{"@id":"https:\/\/www.vetorino.com\/boutique\/#organization"},"potentialAction":[{"@type":"SearchAction","target":{"@type":"EntryPoint","urlTemplate":"https:\/\/www.vetorino.com\/boutique\/?s={search_term_string}"},"query-input":{"@type":"PropertyValueSpecification","valueRequired":true,"valueName":"search_term_string"}}],"inLanguage":"fr-FR"},{"@type":"Organization","@id":"https:\/\/www.vetorino.com\/boutique\/#organization","name":"V\u00e9torino","url":"https:\/\/www.vetorino.com\/boutique\/","logo":{"@type":"ImageObject","inLanguage":"fr-FR","@id":"https:\/\/www.vetorino.com\/boutique\/#\/schema\/logo\/image\/","url":"https:\/\/www.vetorino.com\/boutique\/wp-content\/uploads\/2024\/10\/logo.jpg","contentUrl":"https:\/\/www.vetorino.com\/boutique\/wp-content\/uploads\/2024\/10\/logo.jpg","width":1200,"height":610,"caption":"V\u00e9torino"},"image":{"@id":"https:\/\/www.vetorino.com\/boutique\/#\/schema\/logo\/image\/"},"sameAs":["https:\/\/www.facebook.com\/Vetorino\/","https:\/\/www.instagram.com\/vetorino_off\/","https:\/\/www.linkedin.com\/company\/vtorino\/"]}]},"product_brand":"Calibra","product_price_amount":"19.81","product_price_currency":"EUR","og_availability":"instock","product_availability":"instock","product_retailer_item_id":"O-639242","product_condition":"new"},"_links":{"self":[{"href":"https:\/\/www.vetorino.com\/veterinaire\/villenavedornon-33140-1\/boutique\/wp-json\/wp\/v2\/product\/503791","targetHints":{"allow":["GET"]}}],"collection":[{"href":"https:\/\/www.vetorino.com\/veterinaire\/villenavedornon-33140-1\/boutique\/wp-json\/wp\/v2\/product"}],"about":[{"href":"https:\/\/www.vetorino.com\/veterinaire\/villenavedornon-33140-1\/boutique\/wp-json\/wp\/v2\/types\/product"}],"wp:featuredmedia":[{"embeddable":true,"href":"https:\/\/www.vetorino.com\/veterinaire\/villenavedornon-33140-1\/boutique\/wp-json\/wp\/v2\/media\/592793"}],"wp:attachment":[{"href":"https:\/\/www.vetorino.com\/veterinaire\/villenavedornon-33140-1\/boutique\/wp-json\/wp\/v2\/media?parent=503791"}],"wp:term":[{"taxonomy":"product_cat","embeddable":true,"href":"https:\/\/www.vetorino.com\/veterinaire\/villenavedornon-33140-1\/boutique\/wp-json\/wp\/v2\/product_cat?post=503791"},{"taxonomy":"product_tag","embeddable":true,"href":"https:\/\/www.vetorino.com\/veterinaire\/villenavedornon-33140-1\/boutique\/wp-json\/wp\/v2\/product_tag?post=503791"}],"curies":[{"name":"wp","href":"https:\/\/api.w.org\/{rel}","templated":true}]}}