{"id":503808,"date":"2022-11-09T17:50:09","date_gmt":"2022-11-09T16:50:09","guid":{"rendered":"https:\/\/www.vetorino.com\/boutique\/product\/vd-cat-gastrointestinal-pancreas\/"},"modified":"2023-04-11T14:53:05","modified_gmt":"2023-04-11T12:53:05","slug":"vd-cat-gastrointestinal-pancreas","status":"publish","type":"product","link":"https:\/\/www.vetorino.com\/veterinaire\/villenavedornon-33140-1\/boutique\/product\/vd-cat-gastrointestinal-pancreas\/","title":{"rendered":"Chat VD Gastrointestinal et Pancreas"},"content":{"rendered":"<p>Tr\u00e8s digeste, l&#8217;aliment di\u00e9t\u00e9tique Calibra Cat Veterinary Diets &#8211; Gastrointestinal &amp; Pancreas formul\u00e9 \u00e0 base de riz et de saumon, stimule la digestion et soutient la fonction intestinale. Il r\u00e9pond parfaitement aux besoins du chat dont le syst\u00e8me gastro-intestinal n\u00e9cessite un petit coup de pouce.<\/p>\n<p><strong>Syst\u00e8me de digestion<\/strong><\/p>\n<ul>\n<li>S\u00e9lection de PROT\u00c9INES hautement DIGESTIBLES \u2013 \u0153ufs s\u00e9ch\u00e9s et saumon hydrolys\u00e9<\/li>\n<li>Augmentation du sodium et du potassium<\/li>\n<li>COMPLEXE MICROBIOME INTESTINAL<\/li>\n<\/ul>\n","protected":false},"excerpt":{"rendered":"<p>VD CAT GASTROINTESTINAL &amp; PANCREAS sont des aliments secs di\u00e9t\u00e9tiques pour chats adultes, soutien en cas de probl\u00e8me gastro-intestinaux et troubles pancr\u00e9atiques<\/p>\n","protected":false},"featured_media":592921,"template":"","meta":[],"product_cat":[12551,2697],"product_tag":[],"class_list":{"0":"post-503808","1":"product","2":"type-product","3":"status-publish","4":"has-post-thumbnail","6":"product_cat-alimentation-du-chat","7":"product_cat-chat","8":"pa_marque-calibra","10":"first","11":"instock","12":"taxable","13":"shipping-taxable","14":"purchasable","15":"product-type-simple"},"yoast_head":"<!-- This site is optimized with the Yoast SEO plugin v27.3 - https:\/\/yoast.com\/product\/yoast-seo-wordpress\/ -->\n<title>Chat VD Gastrointestinal et Pancreas Calibra - V\u00e9torino<\/title>\n<meta name=\"description\" content=\"VD CAT GASTROINTESTINAL &amp; PANCREAS sont des aliments secs di\u00e9t\u00e9tiques pour chats adultes, soutien en cas de probl\u00e8me gastro-intestinaux et troubles pancr\u00e9atiques\" \/>\n<meta name=\"robots\" content=\"noindex, nofollow\" \/>\n<meta property=\"og:locale\" content=\"fr_FR\" \/>\n<meta property=\"og:type\" content=\"article\" \/>\n<meta property=\"og:title\" content=\"Chat VD Gastrointestinal et Pancreas Calibra - V\u00e9torino\" \/>\n<meta property=\"og:description\" content=\"VD CAT GASTROINTESTINAL &amp; PANCREAS sont des aliments secs di\u00e9t\u00e9tiques pour chats adultes, soutien en cas de probl\u00e8me gastro-intestinaux et troubles pancr\u00e9atiques\" \/>\n<meta property=\"og:url\" content=\"https:\/\/www.vetorino.com\/veterinaire\/villenavedornon-33140-1\/boutique\/product\/vd-cat-gastrointestinal-pancreas\/\" \/>\n<meta property=\"og:site_name\" content=\"V\u00e9torino\" \/>\n<meta property=\"article:publisher\" content=\"https:\/\/www.facebook.com\/Vetorino\/\" \/>\n<meta property=\"article:modified_time\" content=\"2023-04-11T12:53:05+00:00\" \/>\n<meta property=\"og:image\" content=\"https:\/\/www.vetorino.com\/boutique\/wp-content\/uploads\/2022\/11\/cal-vd-ct-gastroint-pancreas-2kg.jpg\" \/>\n\t<meta property=\"og:image:width\" content=\"800\" \/>\n\t<meta property=\"og:image:height\" content=\"800\" \/>\n\t<meta property=\"og:image:type\" content=\"image\/jpeg\" \/>\n<meta name=\"twitter:card\" content=\"summary_large_image\" \/>\n<meta name=\"twitter:label1\" content=\"Prix\" \/>\n\t<meta name=\"twitter:data1\" content=\"30,18&euro;\" \/>\n\t<meta name=\"twitter:label2\" content=\"Disponibilit\u00e9\" \/>\n\t<meta name=\"twitter:data2\" content=\"En stock\" \/>\n<script type=\"application\/ld+json\" class=\"yoast-schema-graph\">{\"@context\":\"https:\\\/\\\/schema.org\",\"@graph\":[{\"@type\":\"WebPage\",\"@id\":\"https:\\\/\\\/www.vetorino.com\\\/boutique\\\/product\\\/vd-cat-gastrointestinal-pancreas\\\/\",\"url\":\"https:\\\/\\\/www.vetorino.com\\\/boutique\\\/product\\\/vd-cat-gastrointestinal-pancreas\\\/\",\"name\":\"Chat VD Gastrointestinal et Pancreas Calibra - V\u00e9torino\",\"isPartOf\":{\"@id\":\"https:\\\/\\\/www.vetorino.com\\\/boutique\\\/#website\"},\"primaryImageOfPage\":{\"@id\":\"https:\\\/\\\/www.vetorino.com\\\/boutique\\\/product\\\/vd-cat-gastrointestinal-pancreas\\\/#primaryimage\"},\"image\":{\"@id\":\"https:\\\/\\\/www.vetorino.com\\\/boutique\\\/product\\\/vd-cat-gastrointestinal-pancreas\\\/#primaryimage\"},\"thumbnailUrl\":\"https:\\\/\\\/www.vetorino.com\\\/boutique\\\/wp-content\\\/uploads\\\/2022\\\/11\\\/cal-vd-ct-gastroint-pancreas-2kg.jpg\",\"datePublished\":\"2022-11-09T16:50:09+00:00\",\"dateModified\":\"2023-04-11T12:53:05+00:00\",\"description\":\"VD CAT GASTROINTESTINAL &amp; PANCREAS sont des aliments secs di\u00e9t\u00e9tiques pour chats adultes, soutien en cas de probl\u00e8me gastro-intestinaux et troubles pancr\u00e9atiques\",\"breadcrumb\":{\"@id\":\"https:\\\/\\\/www.vetorino.com\\\/boutique\\\/product\\\/vd-cat-gastrointestinal-pancreas\\\/#breadcrumb\"},\"inLanguage\":\"fr-FR\",\"potentialAction\":[{\"@type\":\"ReadAction\",\"target\":[\"https:\\\/\\\/www.vetorino.com\\\/boutique\\\/product\\\/vd-cat-gastrointestinal-pancreas\\\/\"]}]},{\"@type\":\"ImageObject\",\"inLanguage\":\"fr-FR\",\"@id\":\"https:\\\/\\\/www.vetorino.com\\\/boutique\\\/product\\\/vd-cat-gastrointestinal-pancreas\\\/#primaryimage\",\"url\":\"https:\\\/\\\/www.vetorino.com\\\/boutique\\\/wp-content\\\/uploads\\\/2022\\\/11\\\/cal-vd-ct-gastroint-pancreas-2kg.jpg\",\"contentUrl\":\"https:\\\/\\\/www.vetorino.com\\\/boutique\\\/wp-content\\\/uploads\\\/2022\\\/11\\\/cal-vd-ct-gastroint-pancreas-2kg.jpg\",\"width\":800,\"height\":800},{\"@type\":\"BreadcrumbList\",\"@id\":\"https:\\\/\\\/www.vetorino.com\\\/boutique\\\/product\\\/vd-cat-gastrointestinal-pancreas\\\/#breadcrumb\",\"itemListElement\":[{\"@type\":\"ListItem\",\"position\":1,\"name\":\"Accueil\",\"item\":\"https:\\\/\\\/www.vetorino.com\\\/boutique\\\/\"},{\"@type\":\"ListItem\",\"position\":2,\"name\":\"Produits\",\"item\":\"https:\\\/\\\/www.vetorino.com\\\/boutique\\\/\"},{\"@type\":\"ListItem\",\"position\":3,\"name\":\"Chat VD Gastrointestinal et Pancreas\"}]},{\"@type\":\"WebSite\",\"@id\":\"https:\\\/\\\/www.vetorino.com\\\/boutique\\\/#website\",\"url\":\"https:\\\/\\\/www.vetorino.com\\\/boutique\\\/\",\"name\":\"V\u00e9torino\",\"description\":\"\",\"publisher\":{\"@id\":\"https:\\\/\\\/www.vetorino.com\\\/boutique\\\/#organization\"},\"potentialAction\":[{\"@type\":\"SearchAction\",\"target\":{\"@type\":\"EntryPoint\",\"urlTemplate\":\"https:\\\/\\\/www.vetorino.com\\\/boutique\\\/?s={search_term_string}\"},\"query-input\":{\"@type\":\"PropertyValueSpecification\",\"valueRequired\":true,\"valueName\":\"search_term_string\"}}],\"inLanguage\":\"fr-FR\"},{\"@type\":\"Organization\",\"@id\":\"https:\\\/\\\/www.vetorino.com\\\/boutique\\\/#organization\",\"name\":\"V\u00e9torino\",\"url\":\"https:\\\/\\\/www.vetorino.com\\\/boutique\\\/\",\"logo\":{\"@type\":\"ImageObject\",\"inLanguage\":\"fr-FR\",\"@id\":\"https:\\\/\\\/www.vetorino.com\\\/boutique\\\/#\\\/schema\\\/logo\\\/image\\\/\",\"url\":\"https:\\\/\\\/www.vetorino.com\\\/boutique\\\/wp-content\\\/uploads\\\/2024\\\/10\\\/logo.jpg\",\"contentUrl\":\"https:\\\/\\\/www.vetorino.com\\\/boutique\\\/wp-content\\\/uploads\\\/2024\\\/10\\\/logo.jpg\",\"width\":1200,\"height\":610,\"caption\":\"V\u00e9torino\"},\"image\":{\"@id\":\"https:\\\/\\\/www.vetorino.com\\\/boutique\\\/#\\\/schema\\\/logo\\\/image\\\/\"},\"sameAs\":[\"https:\\\/\\\/www.facebook.com\\\/Vetorino\\\/\",\"https:\\\/\\\/www.instagram.com\\\/vetorino_off\\\/\",\"https:\\\/\\\/www.linkedin.com\\\/company\\\/vtorino\\\/\"]}]}<\/script>\n<meta property=\"product:brand\" content=\"Calibra\" \/>\n<meta property=\"product:price:amount\" content=\"30.18\" \/>\n<meta property=\"product:price:currency\" content=\"EUR\" \/>\n<meta property=\"og:availability\" content=\"instock\" \/>\n<meta property=\"product:availability\" content=\"instock\" \/>\n<meta property=\"product:retailer_item_id\" content=\"O-639236\" \/>\n<meta property=\"product:condition\" content=\"new\" \/>\n<!-- \/ Yoast SEO plugin. -->","yoast_head_json":{"title":"Chat VD Gastrointestinal et Pancreas Calibra - V\u00e9torino","description":"VD CAT GASTROINTESTINAL &amp; PANCREAS sont des aliments secs di\u00e9t\u00e9tiques pour chats adultes, soutien en cas de probl\u00e8me gastro-intestinaux et troubles pancr\u00e9atiques","robots":{"index":"noindex","follow":"nofollow"},"og_locale":"fr_FR","og_type":"article","og_title":"Chat VD Gastrointestinal et Pancreas Calibra - V\u00e9torino","og_description":"VD CAT GASTROINTESTINAL &amp; PANCREAS sont des aliments secs di\u00e9t\u00e9tiques pour chats adultes, soutien en cas de probl\u00e8me gastro-intestinaux et troubles pancr\u00e9atiques","og_url":"https:\/\/www.vetorino.com\/veterinaire\/villenavedornon-33140-1\/boutique\/product\/vd-cat-gastrointestinal-pancreas\/","og_site_name":"V\u00e9torino","article_publisher":"https:\/\/www.facebook.com\/Vetorino\/","article_modified_time":"2023-04-11T12:53:05+00:00","og_image":[{"width":800,"height":800,"url":"https:\/\/www.vetorino.com\/boutique\/wp-content\/uploads\/2022\/11\/cal-vd-ct-gastroint-pancreas-2kg.jpg","type":"image\/jpeg"}],"twitter_card":"summary_large_image","twitter_misc":{"Prix":"30,18&euro;","Disponibilit\u00e9":"En stock"},"schema":{"@context":"https:\/\/schema.org","@graph":[{"@type":"WebPage","@id":"https:\/\/www.vetorino.com\/boutique\/product\/vd-cat-gastrointestinal-pancreas\/","url":"https:\/\/www.vetorino.com\/boutique\/product\/vd-cat-gastrointestinal-pancreas\/","name":"Chat VD Gastrointestinal et Pancreas Calibra - V\u00e9torino","isPartOf":{"@id":"https:\/\/www.vetorino.com\/boutique\/#website"},"primaryImageOfPage":{"@id":"https:\/\/www.vetorino.com\/boutique\/product\/vd-cat-gastrointestinal-pancreas\/#primaryimage"},"image":{"@id":"https:\/\/www.vetorino.com\/boutique\/product\/vd-cat-gastrointestinal-pancreas\/#primaryimage"},"thumbnailUrl":"https:\/\/www.vetorino.com\/boutique\/wp-content\/uploads\/2022\/11\/cal-vd-ct-gastroint-pancreas-2kg.jpg","datePublished":"2022-11-09T16:50:09+00:00","dateModified":"2023-04-11T12:53:05+00:00","description":"VD CAT GASTROINTESTINAL &amp; PANCREAS sont des aliments secs di\u00e9t\u00e9tiques pour chats adultes, soutien en cas de probl\u00e8me gastro-intestinaux et troubles pancr\u00e9atiques","breadcrumb":{"@id":"https:\/\/www.vetorino.com\/boutique\/product\/vd-cat-gastrointestinal-pancreas\/#breadcrumb"},"inLanguage":"fr-FR","potentialAction":[{"@type":"ReadAction","target":["https:\/\/www.vetorino.com\/boutique\/product\/vd-cat-gastrointestinal-pancreas\/"]}]},{"@type":"ImageObject","inLanguage":"fr-FR","@id":"https:\/\/www.vetorino.com\/boutique\/product\/vd-cat-gastrointestinal-pancreas\/#primaryimage","url":"https:\/\/www.vetorino.com\/boutique\/wp-content\/uploads\/2022\/11\/cal-vd-ct-gastroint-pancreas-2kg.jpg","contentUrl":"https:\/\/www.vetorino.com\/boutique\/wp-content\/uploads\/2022\/11\/cal-vd-ct-gastroint-pancreas-2kg.jpg","width":800,"height":800},{"@type":"BreadcrumbList","@id":"https:\/\/www.vetorino.com\/boutique\/product\/vd-cat-gastrointestinal-pancreas\/#breadcrumb","itemListElement":[{"@type":"ListItem","position":1,"name":"Accueil","item":"https:\/\/www.vetorino.com\/boutique\/"},{"@type":"ListItem","position":2,"name":"Produits","item":"https:\/\/www.vetorino.com\/boutique\/"},{"@type":"ListItem","position":3,"name":"Chat VD Gastrointestinal et Pancreas"}]},{"@type":"WebSite","@id":"https:\/\/www.vetorino.com\/boutique\/#website","url":"https:\/\/www.vetorino.com\/boutique\/","name":"V\u00e9torino","description":"","publisher":{"@id":"https:\/\/www.vetorino.com\/boutique\/#organization"},"potentialAction":[{"@type":"SearchAction","target":{"@type":"EntryPoint","urlTemplate":"https:\/\/www.vetorino.com\/boutique\/?s={search_term_string}"},"query-input":{"@type":"PropertyValueSpecification","valueRequired":true,"valueName":"search_term_string"}}],"inLanguage":"fr-FR"},{"@type":"Organization","@id":"https:\/\/www.vetorino.com\/boutique\/#organization","name":"V\u00e9torino","url":"https:\/\/www.vetorino.com\/boutique\/","logo":{"@type":"ImageObject","inLanguage":"fr-FR","@id":"https:\/\/www.vetorino.com\/boutique\/#\/schema\/logo\/image\/","url":"https:\/\/www.vetorino.com\/boutique\/wp-content\/uploads\/2024\/10\/logo.jpg","contentUrl":"https:\/\/www.vetorino.com\/boutique\/wp-content\/uploads\/2024\/10\/logo.jpg","width":1200,"height":610,"caption":"V\u00e9torino"},"image":{"@id":"https:\/\/www.vetorino.com\/boutique\/#\/schema\/logo\/image\/"},"sameAs":["https:\/\/www.facebook.com\/Vetorino\/","https:\/\/www.instagram.com\/vetorino_off\/","https:\/\/www.linkedin.com\/company\/vtorino\/"]}]},"product_brand":"Calibra","product_price_amount":"30.18","product_price_currency":"EUR","og_availability":"instock","product_availability":"instock","product_retailer_item_id":"O-639236","product_condition":"new"},"_links":{"self":[{"href":"https:\/\/www.vetorino.com\/veterinaire\/villenavedornon-33140-1\/boutique\/wp-json\/wp\/v2\/product\/503808","targetHints":{"allow":["GET"]}}],"collection":[{"href":"https:\/\/www.vetorino.com\/veterinaire\/villenavedornon-33140-1\/boutique\/wp-json\/wp\/v2\/product"}],"about":[{"href":"https:\/\/www.vetorino.com\/veterinaire\/villenavedornon-33140-1\/boutique\/wp-json\/wp\/v2\/types\/product"}],"wp:featuredmedia":[{"embeddable":true,"href":"https:\/\/www.vetorino.com\/veterinaire\/villenavedornon-33140-1\/boutique\/wp-json\/wp\/v2\/media\/592921"}],"wp:attachment":[{"href":"https:\/\/www.vetorino.com\/veterinaire\/villenavedornon-33140-1\/boutique\/wp-json\/wp\/v2\/media?parent=503808"}],"wp:term":[{"taxonomy":"product_cat","embeddable":true,"href":"https:\/\/www.vetorino.com\/veterinaire\/villenavedornon-33140-1\/boutique\/wp-json\/wp\/v2\/product_cat?post=503808"},{"taxonomy":"product_tag","embeddable":true,"href":"https:\/\/www.vetorino.com\/veterinaire\/villenavedornon-33140-1\/boutique\/wp-json\/wp\/v2\/product_tag?post=503808"}],"curies":[{"name":"wp","href":"https:\/\/api.w.org\/{rel}","templated":true}]}}