{"id":510821,"date":"2022-11-22T11:39:37","date_gmt":"2022-11-22T10:39:37","guid":{"rendered":"https:\/\/www.vetorino.com\/boutique\/?post_type=product&#038;p=510821"},"modified":"2023-04-10T10:41:59","modified_gmt":"2023-04-10T08:41:59","slug":"couchette-alice","status":"publish","type":"product","link":"https:\/\/www.vetorino.com\/veterinaire\/villenavedornon-33140-1\/boutique\/product\/couchette-alice\/","title":{"rendered":"Couchette Alice"},"content":{"rendered":"<p>Les chats sont de tr\u00e8s grands dormeurs. Pour qu\u2019ils puissent se reposer dans les meilleures conditions, nous vous sugg\u00e9rons la\u00a0<strong>couchette Alice Kerbl<\/strong>. Confortable et douillet, cet accessoire aidera votre animal de compagnie \u00e0 passer d\u2019agr\u00e9ables instants de repos.<\/p>\n<p>La\u00a0<strong>couchette Alice Kerbl<\/strong>\u00a0est constitu\u00e9e d&#8217;une surface de couchage en tissu Oxford 100 % polyester aussi \u00e9pais que r\u00e9sistant. Garnie de coussin en peluche douce et moelleuse, elle apporte un r\u00e9el confort pendant le sommeil. Pour entretenir cette couchette, il faut enlever le coussin amovible fix\u00e9 par scratch et le mettre tout simplement \u00e0 la machine \u00e0 30 \u00b0C.<\/p>\n<p>Cette\u00a0<strong>couchette pour chat<\/strong>\u00a0se d\u00e9marque \u00e9galement par son design l\u00e9g\u00e8rement sur\u00e9lev\u00e9. Elle peut \u00eatre rang\u00e9e telle une chaise pliante et se transporte plus facilement.<\/p>\n<p>Dimensions :<\/p>\n<ul>\n<li>\u00adHauteur : 35 cm<\/li>\n<li>\u00adDiam\u00e8tre : 58 cm<\/li>\n<\/ul>\n<p>&nbsp;<\/p>\n","protected":false},"excerpt":{"rendered":"<p>Couchette pour chat en polyester.<\/p>\n","protected":false},"featured_media":591816,"template":"","meta":[],"product_cat":[12548,2697,12595,2744],"product_tag":[],"class_list":{"0":"post-510821","1":"product","2":"type-product","3":"status-publish","4":"has-post-thumbnail","6":"product_cat-accessoire-du-chat","7":"product_cat-chat","8":"product_cat-confort-du-chat","9":"product_cat-furet","10":"pa_marque-kerbl","12":"first","13":"instock","14":"taxable","15":"shipping-taxable","16":"purchasable","17":"product-type-simple"},"yoast_head":"<!-- This site is optimized with the Yoast SEO plugin v27.3 - https:\/\/yoast.com\/product\/yoast-seo-wordpress\/ -->\n<title>Couchette Alice Kerbl - V\u00e9torino<\/title>\n<meta name=\"description\" content=\"Couchette pour chat en polyester.\" \/>\n<meta name=\"robots\" content=\"noindex, nofollow\" \/>\n<meta property=\"og:locale\" content=\"fr_FR\" \/>\n<meta property=\"og:type\" content=\"article\" \/>\n<meta property=\"og:title\" content=\"Couchette Alice Kerbl - V\u00e9torino\" \/>\n<meta property=\"og:description\" content=\"Couchette pour chat en polyester.\" \/>\n<meta property=\"og:url\" content=\"https:\/\/www.vetorino.com\/veterinaire\/villenavedornon-33140-1\/boutique\/product\/couchette-alice\/\" \/>\n<meta property=\"og:site_name\" content=\"V\u00e9torino\" \/>\n<meta property=\"article:publisher\" content=\"https:\/\/www.facebook.com\/Vetorino\/\" \/>\n<meta property=\"article:modified_time\" content=\"2023-04-10T08:41:59+00:00\" \/>\n<meta property=\"og:image\" content=\"https:\/\/www.vetorino.com\/boutique\/wp-content\/uploads\/2022\/11\/couchette-alice-beige-o58-cm-AGZ000546180-4.jpg\" \/>\n\t<meta property=\"og:image:width\" content=\"2000\" \/>\n\t<meta property=\"og:image:height\" content=\"1823\" \/>\n\t<meta property=\"og:image:type\" content=\"image\/jpeg\" \/>\n<meta name=\"twitter:card\" content=\"summary_large_image\" \/>\n<meta name=\"twitter:label1\" content=\"Prix\" \/>\n\t<meta name=\"twitter:data1\" content=\"33,24&euro;\" \/>\n\t<meta name=\"twitter:label2\" content=\"Disponibilit\u00e9\" \/>\n\t<meta name=\"twitter:data2\" content=\"En stock\" \/>\n<script type=\"application\/ld+json\" class=\"yoast-schema-graph\">{\"@context\":\"https:\\\/\\\/schema.org\",\"@graph\":[{\"@type\":\"WebPage\",\"@id\":\"https:\\\/\\\/www.vetorino.com\\\/boutique\\\/product\\\/couchette-alice\\\/\",\"url\":\"https:\\\/\\\/www.vetorino.com\\\/boutique\\\/product\\\/couchette-alice\\\/\",\"name\":\"Couchette Alice Kerbl - V\u00e9torino\",\"isPartOf\":{\"@id\":\"https:\\\/\\\/www.vetorino.com\\\/boutique\\\/#website\"},\"primaryImageOfPage\":{\"@id\":\"https:\\\/\\\/www.vetorino.com\\\/boutique\\\/product\\\/couchette-alice\\\/#primaryimage\"},\"image\":{\"@id\":\"https:\\\/\\\/www.vetorino.com\\\/boutique\\\/product\\\/couchette-alice\\\/#primaryimage\"},\"thumbnailUrl\":\"https:\\\/\\\/www.vetorino.com\\\/boutique\\\/wp-content\\\/uploads\\\/2022\\\/11\\\/couchette-alice-beige-o58-cm-AGZ000546180-4.jpg\",\"datePublished\":\"2022-11-22T10:39:37+00:00\",\"dateModified\":\"2023-04-10T08:41:59+00:00\",\"description\":\"Couchette pour chat en polyester.\",\"breadcrumb\":{\"@id\":\"https:\\\/\\\/www.vetorino.com\\\/boutique\\\/product\\\/couchette-alice\\\/#breadcrumb\"},\"inLanguage\":\"fr-FR\",\"potentialAction\":[{\"@type\":\"ReadAction\",\"target\":[\"https:\\\/\\\/www.vetorino.com\\\/boutique\\\/product\\\/couchette-alice\\\/\"]}]},{\"@type\":\"ImageObject\",\"inLanguage\":\"fr-FR\",\"@id\":\"https:\\\/\\\/www.vetorino.com\\\/boutique\\\/product\\\/couchette-alice\\\/#primaryimage\",\"url\":\"https:\\\/\\\/www.vetorino.com\\\/boutique\\\/wp-content\\\/uploads\\\/2022\\\/11\\\/couchette-alice-beige-o58-cm-AGZ000546180-4.jpg\",\"contentUrl\":\"https:\\\/\\\/www.vetorino.com\\\/boutique\\\/wp-content\\\/uploads\\\/2022\\\/11\\\/couchette-alice-beige-o58-cm-AGZ000546180-4.jpg\",\"width\":2000,\"height\":1823,\"caption\":\"kleine braune Katze liegend auf Liegemulde Alice\"},{\"@type\":\"BreadcrumbList\",\"@id\":\"https:\\\/\\\/www.vetorino.com\\\/boutique\\\/product\\\/couchette-alice\\\/#breadcrumb\",\"itemListElement\":[{\"@type\":\"ListItem\",\"position\":1,\"name\":\"Accueil\",\"item\":\"https:\\\/\\\/www.vetorino.com\\\/boutique\\\/\"},{\"@type\":\"ListItem\",\"position\":2,\"name\":\"Produits\",\"item\":\"https:\\\/\\\/www.vetorino.com\\\/boutique\\\/\"},{\"@type\":\"ListItem\",\"position\":3,\"name\":\"Couchette Alice\"}]},{\"@type\":\"WebSite\",\"@id\":\"https:\\\/\\\/www.vetorino.com\\\/boutique\\\/#website\",\"url\":\"https:\\\/\\\/www.vetorino.com\\\/boutique\\\/\",\"name\":\"V\u00e9torino\",\"description\":\"\",\"publisher\":{\"@id\":\"https:\\\/\\\/www.vetorino.com\\\/boutique\\\/#organization\"},\"potentialAction\":[{\"@type\":\"SearchAction\",\"target\":{\"@type\":\"EntryPoint\",\"urlTemplate\":\"https:\\\/\\\/www.vetorino.com\\\/boutique\\\/?s={search_term_string}\"},\"query-input\":{\"@type\":\"PropertyValueSpecification\",\"valueRequired\":true,\"valueName\":\"search_term_string\"}}],\"inLanguage\":\"fr-FR\"},{\"@type\":\"Organization\",\"@id\":\"https:\\\/\\\/www.vetorino.com\\\/boutique\\\/#organization\",\"name\":\"V\u00e9torino\",\"url\":\"https:\\\/\\\/www.vetorino.com\\\/boutique\\\/\",\"logo\":{\"@type\":\"ImageObject\",\"inLanguage\":\"fr-FR\",\"@id\":\"https:\\\/\\\/www.vetorino.com\\\/boutique\\\/#\\\/schema\\\/logo\\\/image\\\/\",\"url\":\"https:\\\/\\\/www.vetorino.com\\\/boutique\\\/wp-content\\\/uploads\\\/2024\\\/10\\\/logo.jpg\",\"contentUrl\":\"https:\\\/\\\/www.vetorino.com\\\/boutique\\\/wp-content\\\/uploads\\\/2024\\\/10\\\/logo.jpg\",\"width\":1200,\"height\":610,\"caption\":\"V\u00e9torino\"},\"image\":{\"@id\":\"https:\\\/\\\/www.vetorino.com\\\/boutique\\\/#\\\/schema\\\/logo\\\/image\\\/\"},\"sameAs\":[\"https:\\\/\\\/www.facebook.com\\\/Vetorino\\\/\",\"https:\\\/\\\/www.instagram.com\\\/vetorino_off\\\/\",\"https:\\\/\\\/www.linkedin.com\\\/company\\\/vtorino\\\/\"]}]}<\/script>\n<meta property=\"product:brand\" content=\"Kerbl\" \/>\n<meta property=\"product:price:amount\" content=\"33.24\" \/>\n<meta property=\"product:price:currency\" content=\"EUR\" \/>\n<meta property=\"og:availability\" content=\"instock\" \/>\n<meta property=\"product:availability\" content=\"instock\" \/>\n<meta property=\"product:retailer_item_id\" content=\"O-803564\" \/>\n<meta property=\"product:condition\" content=\"new\" \/>\n<!-- \/ Yoast SEO plugin. -->","yoast_head_json":{"title":"Couchette Alice Kerbl - V\u00e9torino","description":"Couchette pour chat en polyester.","robots":{"index":"noindex","follow":"nofollow"},"og_locale":"fr_FR","og_type":"article","og_title":"Couchette Alice Kerbl - V\u00e9torino","og_description":"Couchette pour chat en polyester.","og_url":"https:\/\/www.vetorino.com\/veterinaire\/villenavedornon-33140-1\/boutique\/product\/couchette-alice\/","og_site_name":"V\u00e9torino","article_publisher":"https:\/\/www.facebook.com\/Vetorino\/","article_modified_time":"2023-04-10T08:41:59+00:00","og_image":[{"width":2000,"height":1823,"url":"https:\/\/www.vetorino.com\/boutique\/wp-content\/uploads\/2022\/11\/couchette-alice-beige-o58-cm-AGZ000546180-4.jpg","type":"image\/jpeg"}],"twitter_card":"summary_large_image","twitter_misc":{"Prix":"33,24&euro;","Disponibilit\u00e9":"En stock"},"schema":{"@context":"https:\/\/schema.org","@graph":[{"@type":"WebPage","@id":"https:\/\/www.vetorino.com\/boutique\/product\/couchette-alice\/","url":"https:\/\/www.vetorino.com\/boutique\/product\/couchette-alice\/","name":"Couchette Alice Kerbl - V\u00e9torino","isPartOf":{"@id":"https:\/\/www.vetorino.com\/boutique\/#website"},"primaryImageOfPage":{"@id":"https:\/\/www.vetorino.com\/boutique\/product\/couchette-alice\/#primaryimage"},"image":{"@id":"https:\/\/www.vetorino.com\/boutique\/product\/couchette-alice\/#primaryimage"},"thumbnailUrl":"https:\/\/www.vetorino.com\/boutique\/wp-content\/uploads\/2022\/11\/couchette-alice-beige-o58-cm-AGZ000546180-4.jpg","datePublished":"2022-11-22T10:39:37+00:00","dateModified":"2023-04-10T08:41:59+00:00","description":"Couchette pour chat en polyester.","breadcrumb":{"@id":"https:\/\/www.vetorino.com\/boutique\/product\/couchette-alice\/#breadcrumb"},"inLanguage":"fr-FR","potentialAction":[{"@type":"ReadAction","target":["https:\/\/www.vetorino.com\/boutique\/product\/couchette-alice\/"]}]},{"@type":"ImageObject","inLanguage":"fr-FR","@id":"https:\/\/www.vetorino.com\/boutique\/product\/couchette-alice\/#primaryimage","url":"https:\/\/www.vetorino.com\/boutique\/wp-content\/uploads\/2022\/11\/couchette-alice-beige-o58-cm-AGZ000546180-4.jpg","contentUrl":"https:\/\/www.vetorino.com\/boutique\/wp-content\/uploads\/2022\/11\/couchette-alice-beige-o58-cm-AGZ000546180-4.jpg","width":2000,"height":1823,"caption":"kleine braune Katze liegend auf Liegemulde Alice"},{"@type":"BreadcrumbList","@id":"https:\/\/www.vetorino.com\/boutique\/product\/couchette-alice\/#breadcrumb","itemListElement":[{"@type":"ListItem","position":1,"name":"Accueil","item":"https:\/\/www.vetorino.com\/boutique\/"},{"@type":"ListItem","position":2,"name":"Produits","item":"https:\/\/www.vetorino.com\/boutique\/"},{"@type":"ListItem","position":3,"name":"Couchette Alice"}]},{"@type":"WebSite","@id":"https:\/\/www.vetorino.com\/boutique\/#website","url":"https:\/\/www.vetorino.com\/boutique\/","name":"V\u00e9torino","description":"","publisher":{"@id":"https:\/\/www.vetorino.com\/boutique\/#organization"},"potentialAction":[{"@type":"SearchAction","target":{"@type":"EntryPoint","urlTemplate":"https:\/\/www.vetorino.com\/boutique\/?s={search_term_string}"},"query-input":{"@type":"PropertyValueSpecification","valueRequired":true,"valueName":"search_term_string"}}],"inLanguage":"fr-FR"},{"@type":"Organization","@id":"https:\/\/www.vetorino.com\/boutique\/#organization","name":"V\u00e9torino","url":"https:\/\/www.vetorino.com\/boutique\/","logo":{"@type":"ImageObject","inLanguage":"fr-FR","@id":"https:\/\/www.vetorino.com\/boutique\/#\/schema\/logo\/image\/","url":"https:\/\/www.vetorino.com\/boutique\/wp-content\/uploads\/2024\/10\/logo.jpg","contentUrl":"https:\/\/www.vetorino.com\/boutique\/wp-content\/uploads\/2024\/10\/logo.jpg","width":1200,"height":610,"caption":"V\u00e9torino"},"image":{"@id":"https:\/\/www.vetorino.com\/boutique\/#\/schema\/logo\/image\/"},"sameAs":["https:\/\/www.facebook.com\/Vetorino\/","https:\/\/www.instagram.com\/vetorino_off\/","https:\/\/www.linkedin.com\/company\/vtorino\/"]}]},"product_brand":"Kerbl","product_price_amount":"33.24","product_price_currency":"EUR","og_availability":"instock","product_availability":"instock","product_retailer_item_id":"O-803564","product_condition":"new"},"_links":{"self":[{"href":"https:\/\/www.vetorino.com\/veterinaire\/villenavedornon-33140-1\/boutique\/wp-json\/wp\/v2\/product\/510821","targetHints":{"allow":["GET"]}}],"collection":[{"href":"https:\/\/www.vetorino.com\/veterinaire\/villenavedornon-33140-1\/boutique\/wp-json\/wp\/v2\/product"}],"about":[{"href":"https:\/\/www.vetorino.com\/veterinaire\/villenavedornon-33140-1\/boutique\/wp-json\/wp\/v2\/types\/product"}],"wp:featuredmedia":[{"embeddable":true,"href":"https:\/\/www.vetorino.com\/veterinaire\/villenavedornon-33140-1\/boutique\/wp-json\/wp\/v2\/media\/591816"}],"wp:attachment":[{"href":"https:\/\/www.vetorino.com\/veterinaire\/villenavedornon-33140-1\/boutique\/wp-json\/wp\/v2\/media?parent=510821"}],"wp:term":[{"taxonomy":"product_cat","embeddable":true,"href":"https:\/\/www.vetorino.com\/veterinaire\/villenavedornon-33140-1\/boutique\/wp-json\/wp\/v2\/product_cat?post=510821"},{"taxonomy":"product_tag","embeddable":true,"href":"https:\/\/www.vetorino.com\/veterinaire\/villenavedornon-33140-1\/boutique\/wp-json\/wp\/v2\/product_tag?post=510821"}],"curies":[{"name":"wp","href":"https:\/\/api.w.org\/{rel}","templated":true}]}}