{"id":514244,"date":"2022-11-28T10:53:17","date_gmt":"2022-11-28T09:53:17","guid":{"rendered":"https:\/\/www.vetorino.com\/boutique\/?post_type=product&#038;p=514244"},"modified":"2023-04-11T14:53:21","modified_gmt":"2023-04-11T12:53:21","slug":"canne-a-peche-nature","status":"publish","type":"product","link":"https:\/\/www.vetorino.com\/veterinaire\/villenavedornon-33140-1\/boutique\/product\/canne-a-peche-nature\/","title":{"rendered":"Canne \u00e0 p\u00eache nature"},"content":{"rendered":"<p>Ce jouet naturel avec b\u00e2ton rend votre chat compl\u00e8tement fou. La queue Fluffy est un facteur d\u2019amusement suppl\u00e9mentaire.<\/p>\n<ul>\n<li>Le jouet contient de l\u2019herbe \u00e0 chat naturelle, ce qui le rend irr\u00e9sistible.<\/li>\n<li>Ce jouet donne \u00e0 votre chat une v\u00e9ritable envie de jouer !<\/li>\n<li>Produit 100% naturel Avec herbe \u00e0 chat<\/li>\n<\/ul>\n","protected":false},"excerpt":{"rendered":"<p>Ce jouet naturel avec b\u00e2ton rend votre chat compl\u00e8tement fou. La queue Fluffy est un facteur d\u2019amusement suppl\u00e9mentaire.<\/p>\n<ul>\n<li>Le jouet contient de l\u2019herbe \u00e0 chat naturelle, ce qui le rend irr\u00e9sistible.<\/li>\n<li>Ce jouet donne \u00e0 votre chat une v\u00e9ritable envie de jouer !<\/li>\n<li>Produit 100% naturel Avec herbe \u00e0 chat<\/li>\n<\/ul>\n","protected":false},"featured_media":592917,"template":"","meta":[],"product_cat":[12548,2697,12620],"product_tag":[],"class_list":{"0":"post-514244","1":"product","2":"type-product","3":"status-publish","4":"has-post-thumbnail","6":"product_cat-accessoire-du-chat","7":"product_cat-chat","8":"product_cat-jeux-educatifs-pour-chat","9":"pa_marque-laroy-duvo","11":"first","12":"instock","13":"taxable","14":"shipping-taxable","15":"purchasable","16":"product-type-simple"},"yoast_head":"<!-- This site is optimized with the Yoast SEO plugin v27.3 - https:\/\/yoast.com\/product\/yoast-seo-wordpress\/ -->\n<title>Canne \u00e0 p\u00eache nature Laroy Duvo - V\u00e9torino<\/title>\n<meta name=\"description\" content=\"Ce jouet naturel avec b\u00e2ton rend votre chat compl\u00e8tement fou. La queue Fluffy est un facteur d\u2019amusement suppl\u00e9mentaire.   Le jouet contient de l\u2019herbe \u00e0 chat naturelle, ce qui le rend irr\u00e9sistible.  Ce jouet donne \u00e0 votre chat une v\u00e9ritable envie de jouer !  Produit 100% naturel Avec herbe \u00e0 chat\" \/>\n<meta name=\"robots\" content=\"noindex, nofollow\" \/>\n<meta property=\"og:locale\" content=\"fr_FR\" \/>\n<meta property=\"og:type\" content=\"article\" \/>\n<meta property=\"og:title\" content=\"Canne \u00e0 p\u00eache nature Laroy Duvo - V\u00e9torino\" \/>\n<meta property=\"og:description\" content=\"Ce jouet naturel avec b\u00e2ton rend votre chat compl\u00e8tement fou. La queue Fluffy est un facteur d\u2019amusement suppl\u00e9mentaire.   Le jouet contient de l\u2019herbe \u00e0 chat naturelle, ce qui le rend irr\u00e9sistible.  Ce jouet donne \u00e0 votre chat une v\u00e9ritable envie de jouer !  Produit 100% naturel Avec herbe \u00e0 chat\" \/>\n<meta property=\"og:url\" content=\"https:\/\/www.vetorino.com\/veterinaire\/villenavedornon-33140-1\/boutique\/product\/canne-a-peche-nature\/\" \/>\n<meta property=\"og:site_name\" content=\"V\u00e9torino\" \/>\n<meta property=\"article:publisher\" content=\"https:\/\/www.facebook.com\/Vetorino\/\" \/>\n<meta property=\"article:modified_time\" content=\"2023-04-11T12:53:21+00:00\" \/>\n<meta property=\"og:image\" content=\"https:\/\/www.vetorino.com\/boutique\/wp-content\/uploads\/2022\/11\/805991-390x390-1.jpg\" \/>\n\t<meta property=\"og:image:width\" content=\"390\" \/>\n\t<meta property=\"og:image:height\" content=\"390\" \/>\n\t<meta property=\"og:image:type\" content=\"image\/jpeg\" \/>\n<meta name=\"twitter:card\" content=\"summary_large_image\" \/>\n<meta name=\"twitter:label1\" content=\"Prix\" \/>\n\t<meta name=\"twitter:data1\" content=\"2,64&euro;\" \/>\n\t<meta name=\"twitter:label2\" content=\"Disponibilit\u00e9\" \/>\n\t<meta name=\"twitter:data2\" content=\"En stock\" \/>\n<script type=\"application\/ld+json\" class=\"yoast-schema-graph\">{\"@context\":\"https:\\\/\\\/schema.org\",\"@graph\":[{\"@type\":\"WebPage\",\"@id\":\"https:\\\/\\\/www.vetorino.com\\\/boutique\\\/product\\\/canne-a-peche-nature\\\/\",\"url\":\"https:\\\/\\\/www.vetorino.com\\\/boutique\\\/product\\\/canne-a-peche-nature\\\/\",\"name\":\"Canne \u00e0 p\u00eache nature Laroy Duvo - V\u00e9torino\",\"isPartOf\":{\"@id\":\"https:\\\/\\\/www.vetorino.com\\\/boutique\\\/#website\"},\"primaryImageOfPage\":{\"@id\":\"https:\\\/\\\/www.vetorino.com\\\/boutique\\\/product\\\/canne-a-peche-nature\\\/#primaryimage\"},\"image\":{\"@id\":\"https:\\\/\\\/www.vetorino.com\\\/boutique\\\/product\\\/canne-a-peche-nature\\\/#primaryimage\"},\"thumbnailUrl\":\"https:\\\/\\\/www.vetorino.com\\\/boutique\\\/wp-content\\\/uploads\\\/2022\\\/11\\\/805991-390x390-1.jpg\",\"datePublished\":\"2022-11-28T09:53:17+00:00\",\"dateModified\":\"2023-04-11T12:53:21+00:00\",\"description\":\"Ce jouet naturel avec b\u00e2ton rend votre chat compl\u00e8tement fou. La queue Fluffy est un facteur d\u2019amusement suppl\u00e9mentaire. Le jouet contient de l\u2019herbe \u00e0 chat naturelle, ce qui le rend irr\u00e9sistible. Ce jouet donne \u00e0 votre chat une v\u00e9ritable envie de jouer ! Produit 100% naturel Avec herbe \u00e0 chat\",\"breadcrumb\":{\"@id\":\"https:\\\/\\\/www.vetorino.com\\\/boutique\\\/product\\\/canne-a-peche-nature\\\/#breadcrumb\"},\"inLanguage\":\"fr-FR\",\"potentialAction\":[{\"@type\":\"ReadAction\",\"target\":[\"https:\\\/\\\/www.vetorino.com\\\/boutique\\\/product\\\/canne-a-peche-nature\\\/\"]}]},{\"@type\":\"ImageObject\",\"inLanguage\":\"fr-FR\",\"@id\":\"https:\\\/\\\/www.vetorino.com\\\/boutique\\\/product\\\/canne-a-peche-nature\\\/#primaryimage\",\"url\":\"https:\\\/\\\/www.vetorino.com\\\/boutique\\\/wp-content\\\/uploads\\\/2022\\\/11\\\/805991-390x390-1.jpg\",\"contentUrl\":\"https:\\\/\\\/www.vetorino.com\\\/boutique\\\/wp-content\\\/uploads\\\/2022\\\/11\\\/805991-390x390-1.jpg\",\"width\":390,\"height\":390},{\"@type\":\"BreadcrumbList\",\"@id\":\"https:\\\/\\\/www.vetorino.com\\\/boutique\\\/product\\\/canne-a-peche-nature\\\/#breadcrumb\",\"itemListElement\":[{\"@type\":\"ListItem\",\"position\":1,\"name\":\"Accueil\",\"item\":\"https:\\\/\\\/www.vetorino.com\\\/boutique\\\/\"},{\"@type\":\"ListItem\",\"position\":2,\"name\":\"Produits\",\"item\":\"https:\\\/\\\/www.vetorino.com\\\/boutique\\\/\"},{\"@type\":\"ListItem\",\"position\":3,\"name\":\"Canne \u00e0 p\u00eache nature\"}]},{\"@type\":\"WebSite\",\"@id\":\"https:\\\/\\\/www.vetorino.com\\\/boutique\\\/#website\",\"url\":\"https:\\\/\\\/www.vetorino.com\\\/boutique\\\/\",\"name\":\"V\u00e9torino\",\"description\":\"\",\"publisher\":{\"@id\":\"https:\\\/\\\/www.vetorino.com\\\/boutique\\\/#organization\"},\"potentialAction\":[{\"@type\":\"SearchAction\",\"target\":{\"@type\":\"EntryPoint\",\"urlTemplate\":\"https:\\\/\\\/www.vetorino.com\\\/boutique\\\/?s={search_term_string}\"},\"query-input\":{\"@type\":\"PropertyValueSpecification\",\"valueRequired\":true,\"valueName\":\"search_term_string\"}}],\"inLanguage\":\"fr-FR\"},{\"@type\":\"Organization\",\"@id\":\"https:\\\/\\\/www.vetorino.com\\\/boutique\\\/#organization\",\"name\":\"V\u00e9torino\",\"url\":\"https:\\\/\\\/www.vetorino.com\\\/boutique\\\/\",\"logo\":{\"@type\":\"ImageObject\",\"inLanguage\":\"fr-FR\",\"@id\":\"https:\\\/\\\/www.vetorino.com\\\/boutique\\\/#\\\/schema\\\/logo\\\/image\\\/\",\"url\":\"https:\\\/\\\/www.vetorino.com\\\/boutique\\\/wp-content\\\/uploads\\\/2024\\\/10\\\/logo.jpg\",\"contentUrl\":\"https:\\\/\\\/www.vetorino.com\\\/boutique\\\/wp-content\\\/uploads\\\/2024\\\/10\\\/logo.jpg\",\"width\":1200,\"height\":610,\"caption\":\"V\u00e9torino\"},\"image\":{\"@id\":\"https:\\\/\\\/www.vetorino.com\\\/boutique\\\/#\\\/schema\\\/logo\\\/image\\\/\"},\"sameAs\":[\"https:\\\/\\\/www.facebook.com\\\/Vetorino\\\/\",\"https:\\\/\\\/www.instagram.com\\\/vetorino_off\\\/\",\"https:\\\/\\\/www.linkedin.com\\\/company\\\/vtorino\\\/\"]}]}<\/script>\n<meta property=\"product:brand\" content=\"Laroy Duvo\" \/>\n<meta property=\"product:price:amount\" content=\"2.64\" \/>\n<meta property=\"product:price:currency\" content=\"EUR\" \/>\n<meta property=\"og:availability\" content=\"instock\" \/>\n<meta property=\"product:availability\" content=\"instock\" \/>\n<meta property=\"product:retailer_item_id\" content=\"O-805991\" \/>\n<meta property=\"product:condition\" content=\"new\" \/>\n<!-- \/ Yoast SEO plugin. -->","yoast_head_json":{"title":"Canne \u00e0 p\u00eache nature Laroy Duvo - V\u00e9torino","description":"Ce jouet naturel avec b\u00e2ton rend votre chat compl\u00e8tement fou. La queue Fluffy est un facteur d\u2019amusement suppl\u00e9mentaire.   Le jouet contient de l\u2019herbe \u00e0 chat naturelle, ce qui le rend irr\u00e9sistible.  Ce jouet donne \u00e0 votre chat une v\u00e9ritable envie de jouer !  Produit 100% naturel Avec herbe \u00e0 chat","robots":{"index":"noindex","follow":"nofollow"},"og_locale":"fr_FR","og_type":"article","og_title":"Canne \u00e0 p\u00eache nature Laroy Duvo - V\u00e9torino","og_description":"Ce jouet naturel avec b\u00e2ton rend votre chat compl\u00e8tement fou. La queue Fluffy est un facteur d\u2019amusement suppl\u00e9mentaire.   Le jouet contient de l\u2019herbe \u00e0 chat naturelle, ce qui le rend irr\u00e9sistible.  Ce jouet donne \u00e0 votre chat une v\u00e9ritable envie de jouer !  Produit 100% naturel Avec herbe \u00e0 chat","og_url":"https:\/\/www.vetorino.com\/veterinaire\/villenavedornon-33140-1\/boutique\/product\/canne-a-peche-nature\/","og_site_name":"V\u00e9torino","article_publisher":"https:\/\/www.facebook.com\/Vetorino\/","article_modified_time":"2023-04-11T12:53:21+00:00","og_image":[{"width":390,"height":390,"url":"https:\/\/www.vetorino.com\/boutique\/wp-content\/uploads\/2022\/11\/805991-390x390-1.jpg","type":"image\/jpeg"}],"twitter_card":"summary_large_image","twitter_misc":{"Prix":"2,64&euro;","Disponibilit\u00e9":"En stock"},"schema":{"@context":"https:\/\/schema.org","@graph":[{"@type":"WebPage","@id":"https:\/\/www.vetorino.com\/boutique\/product\/canne-a-peche-nature\/","url":"https:\/\/www.vetorino.com\/boutique\/product\/canne-a-peche-nature\/","name":"Canne \u00e0 p\u00eache nature Laroy Duvo - V\u00e9torino","isPartOf":{"@id":"https:\/\/www.vetorino.com\/boutique\/#website"},"primaryImageOfPage":{"@id":"https:\/\/www.vetorino.com\/boutique\/product\/canne-a-peche-nature\/#primaryimage"},"image":{"@id":"https:\/\/www.vetorino.com\/boutique\/product\/canne-a-peche-nature\/#primaryimage"},"thumbnailUrl":"https:\/\/www.vetorino.com\/boutique\/wp-content\/uploads\/2022\/11\/805991-390x390-1.jpg","datePublished":"2022-11-28T09:53:17+00:00","dateModified":"2023-04-11T12:53:21+00:00","description":"Ce jouet naturel avec b\u00e2ton rend votre chat compl\u00e8tement fou. La queue Fluffy est un facteur d\u2019amusement suppl\u00e9mentaire. Le jouet contient de l\u2019herbe \u00e0 chat naturelle, ce qui le rend irr\u00e9sistible. Ce jouet donne \u00e0 votre chat une v\u00e9ritable envie de jouer ! Produit 100% naturel Avec herbe \u00e0 chat","breadcrumb":{"@id":"https:\/\/www.vetorino.com\/boutique\/product\/canne-a-peche-nature\/#breadcrumb"},"inLanguage":"fr-FR","potentialAction":[{"@type":"ReadAction","target":["https:\/\/www.vetorino.com\/boutique\/product\/canne-a-peche-nature\/"]}]},{"@type":"ImageObject","inLanguage":"fr-FR","@id":"https:\/\/www.vetorino.com\/boutique\/product\/canne-a-peche-nature\/#primaryimage","url":"https:\/\/www.vetorino.com\/boutique\/wp-content\/uploads\/2022\/11\/805991-390x390-1.jpg","contentUrl":"https:\/\/www.vetorino.com\/boutique\/wp-content\/uploads\/2022\/11\/805991-390x390-1.jpg","width":390,"height":390},{"@type":"BreadcrumbList","@id":"https:\/\/www.vetorino.com\/boutique\/product\/canne-a-peche-nature\/#breadcrumb","itemListElement":[{"@type":"ListItem","position":1,"name":"Accueil","item":"https:\/\/www.vetorino.com\/boutique\/"},{"@type":"ListItem","position":2,"name":"Produits","item":"https:\/\/www.vetorino.com\/boutique\/"},{"@type":"ListItem","position":3,"name":"Canne \u00e0 p\u00eache nature"}]},{"@type":"WebSite","@id":"https:\/\/www.vetorino.com\/boutique\/#website","url":"https:\/\/www.vetorino.com\/boutique\/","name":"V\u00e9torino","description":"","publisher":{"@id":"https:\/\/www.vetorino.com\/boutique\/#organization"},"potentialAction":[{"@type":"SearchAction","target":{"@type":"EntryPoint","urlTemplate":"https:\/\/www.vetorino.com\/boutique\/?s={search_term_string}"},"query-input":{"@type":"PropertyValueSpecification","valueRequired":true,"valueName":"search_term_string"}}],"inLanguage":"fr-FR"},{"@type":"Organization","@id":"https:\/\/www.vetorino.com\/boutique\/#organization","name":"V\u00e9torino","url":"https:\/\/www.vetorino.com\/boutique\/","logo":{"@type":"ImageObject","inLanguage":"fr-FR","@id":"https:\/\/www.vetorino.com\/boutique\/#\/schema\/logo\/image\/","url":"https:\/\/www.vetorino.com\/boutique\/wp-content\/uploads\/2024\/10\/logo.jpg","contentUrl":"https:\/\/www.vetorino.com\/boutique\/wp-content\/uploads\/2024\/10\/logo.jpg","width":1200,"height":610,"caption":"V\u00e9torino"},"image":{"@id":"https:\/\/www.vetorino.com\/boutique\/#\/schema\/logo\/image\/"},"sameAs":["https:\/\/www.facebook.com\/Vetorino\/","https:\/\/www.instagram.com\/vetorino_off\/","https:\/\/www.linkedin.com\/company\/vtorino\/"]}]},"product_brand":"Laroy Duvo","product_price_amount":"2.64","product_price_currency":"EUR","og_availability":"instock","product_availability":"instock","product_retailer_item_id":"O-805991","product_condition":"new"},"_links":{"self":[{"href":"https:\/\/www.vetorino.com\/veterinaire\/villenavedornon-33140-1\/boutique\/wp-json\/wp\/v2\/product\/514244","targetHints":{"allow":["GET"]}}],"collection":[{"href":"https:\/\/www.vetorino.com\/veterinaire\/villenavedornon-33140-1\/boutique\/wp-json\/wp\/v2\/product"}],"about":[{"href":"https:\/\/www.vetorino.com\/veterinaire\/villenavedornon-33140-1\/boutique\/wp-json\/wp\/v2\/types\/product"}],"wp:featuredmedia":[{"embeddable":true,"href":"https:\/\/www.vetorino.com\/veterinaire\/villenavedornon-33140-1\/boutique\/wp-json\/wp\/v2\/media\/592917"}],"wp:attachment":[{"href":"https:\/\/www.vetorino.com\/veterinaire\/villenavedornon-33140-1\/boutique\/wp-json\/wp\/v2\/media?parent=514244"}],"wp:term":[{"taxonomy":"product_cat","embeddable":true,"href":"https:\/\/www.vetorino.com\/veterinaire\/villenavedornon-33140-1\/boutique\/wp-json\/wp\/v2\/product_cat?post=514244"},{"taxonomy":"product_tag","embeddable":true,"href":"https:\/\/www.vetorino.com\/veterinaire\/villenavedornon-33140-1\/boutique\/wp-json\/wp\/v2\/product_tag?post=514244"}],"curies":[{"name":"wp","href":"https:\/\/api.w.org\/{rel}","templated":true}]}}