{"id":582600,"date":"2023-03-29T11:30:43","date_gmt":"2023-03-29T09:30:43","guid":{"rendered":"https:\/\/www.vetorino.com\/boutique\/?post_type=product&#038;p=582600"},"modified":"2025-11-27T11:43:23","modified_gmt":"2025-11-27T10:43:23","slug":"litiere-compostable-cats-best-original-ex-okoplus-2","status":"publish","type":"product","link":"https:\/\/www.vetorino.com\/veterinaire\/villenavedornon-33140-1\/boutique\/product\/litiere-compostable-cats-best-original-ex-okoplus-2\/","title":{"rendered":"Liti\u00e8re Compostable"},"content":{"rendered":"<p><strong>Liti\u00e8re agglom\u00e9rante pour chat 100 % pures fibres v\u00e9g\u00e9tales.<br \/>\n<\/strong><br \/>\nCat\u2019s Best Original est une liti\u00e8re agglom\u00e9rante qui utilise la force des fibres de bois actives trait\u00e9es pour absorber efficacement les liquides et les odeurs et les encapsuler en profondeur \u00e0 l\u2019int\u00e9rieur, avec une capacit\u00e9 d\u2019absorption allant jusqu&#8217;\u00e0 7 fois leur poids.<\/p>\n<p><strong>Bienfaits :<\/strong><\/p>\n<ul>\n<li>Fait exclusivement \u00e0 partir de bois de scieries certifi\u00e9es PEFC.<\/li>\n<li>100 % naturel et sans additifs chimiques.<\/li>\n<li>Enti\u00e8rement biod\u00e9gradable, les boules agglom\u00e9r\u00e9es peuvent se jeter aux toilettes par petites quantit\u00e9s.<\/li>\n<li>Souple et l\u00e9g\u00e8re pour les pattes du chat, d&#8217;une odeur naturellement agr\u00e9able et d\u00e9sodorisante.<\/li>\n<\/ul>\n","protected":false},"excerpt":{"rendered":"<p><strong>Liti\u00e8re agglom\u00e9rante pour chat 100 % pures fibres v\u00e9g\u00e9tales.<br \/>\n<\/strong><br \/>\nCat\u2019s Best Original est une liti\u00e8re agglom\u00e9rante qui utilise la force des fibres de bois actives trait\u00e9es pour absorber efficacement les liquides et les odeurs et les encapsuler en profondeur \u00e0 l\u2019int\u00e9rieur, avec une capacit\u00e9 d\u2019absorption allant jusqu&#8217;\u00e0 7 fois leur poids.<\/p>\n","protected":false},"featured_media":474213,"template":"","meta":[],"product_cat":[12548,2697,12628],"product_tag":[],"class_list":{"0":"post-582600","1":"product","2":"type-product","3":"status-publish","4":"has-post-thumbnail","6":"product_cat-accessoire-du-chat","7":"product_cat-chat","8":"product_cat-litieres-du-chat","9":"pa_marque-cats-best","11":"first","12":"instock","13":"taxable","14":"shipping-taxable","15":"purchasable","16":"product-type-variable"},"yoast_head":"<!-- This site is optimized with the Yoast SEO plugin v27.3 - https:\/\/yoast.com\/product\/yoast-seo-wordpress\/ -->\n<title>Liti\u00e8re Compostable Cat&#039;s Best - V\u00e9torino<\/title>\n<meta name=\"description\" content=\"Liti\u00e8re agglom\u00e9rante pour chat 100 % pures fibres v\u00e9g\u00e9tales.  Cat\u2019s Best Original est une liti\u00e8re agglom\u00e9rante qui utilise la force des fibres de bois actives trait\u00e9es pour absorber efficacement les liquides et les odeurs et les encapsuler en profondeur \u00e0 l\u2019int\u00e9rieur, avec une capacit\u00e9 d\u2019absorption allant jusqu&#039;\u00e0 7 fois leur poids.\" \/>\n<meta name=\"robots\" content=\"noindex, nofollow\" \/>\n<meta property=\"og:locale\" content=\"fr_FR\" \/>\n<meta property=\"og:type\" content=\"article\" \/>\n<meta property=\"og:title\" content=\"Liti\u00e8re Compostable Cat&#039;s Best - V\u00e9torino\" \/>\n<meta property=\"og:description\" content=\"Liti\u00e8re agglom\u00e9rante pour chat 100 % pures fibres v\u00e9g\u00e9tales.  Cat\u2019s Best Original est une liti\u00e8re agglom\u00e9rante qui utilise la force des fibres de bois actives trait\u00e9es pour absorber efficacement les liquides et les odeurs et les encapsuler en profondeur \u00e0 l\u2019int\u00e9rieur, avec une capacit\u00e9 d\u2019absorption allant jusqu&#039;\u00e0 7 fois leur poids.\" \/>\n<meta property=\"og:url\" content=\"https:\/\/www.vetorino.com\/veterinaire\/villenavedornon-33140-1\/boutique\/product\/litiere-compostable-cats-best-original-ex-okoplus-2\/\" \/>\n<meta property=\"og:site_name\" content=\"V\u00e9torino\" \/>\n<meta property=\"article:publisher\" content=\"https:\/\/www.facebook.com\/Vetorino\/\" \/>\n<meta property=\"article:modified_time\" content=\"2025-11-27T10:43:23+00:00\" \/>\n<meta property=\"og:image\" content=\"https:\/\/www.vetorino.com\/boutique\/wp-content\/uploads\/2020\/06\/litiere-compostable-cat-s-best-original.jpg\" \/>\n\t<meta property=\"og:image:width\" content=\"540\" \/>\n\t<meta property=\"og:image:height\" content=\"540\" \/>\n\t<meta property=\"og:image:type\" content=\"image\/jpeg\" \/>\n<meta name=\"twitter:card\" content=\"summary_large_image\" \/>\n<meta name=\"twitter:label1\" content=\"Disponibilit\u00e9\" \/>\n\t<meta name=\"twitter:data1\" content=\"En stock\" \/>\n<script type=\"application\/ld+json\" class=\"yoast-schema-graph\">{\"@context\":\"https:\\\/\\\/schema.org\",\"@graph\":[{\"@type\":\"WebPage\",\"@id\":\"https:\\\/\\\/www.vetorino.com\\\/boutique\\\/product\\\/litiere-compostable-cats-best-original-ex-okoplus-2\\\/\",\"url\":\"https:\\\/\\\/www.vetorino.com\\\/boutique\\\/product\\\/litiere-compostable-cats-best-original-ex-okoplus-2\\\/\",\"name\":\"Liti\u00e8re Compostable Cat's Best - V\u00e9torino\",\"isPartOf\":{\"@id\":\"https:\\\/\\\/www.vetorino.com\\\/boutique\\\/#website\"},\"primaryImageOfPage\":{\"@id\":\"https:\\\/\\\/www.vetorino.com\\\/boutique\\\/product\\\/litiere-compostable-cats-best-original-ex-okoplus-2\\\/#primaryimage\"},\"image\":{\"@id\":\"https:\\\/\\\/www.vetorino.com\\\/boutique\\\/product\\\/litiere-compostable-cats-best-original-ex-okoplus-2\\\/#primaryimage\"},\"thumbnailUrl\":\"https:\\\/\\\/www.vetorino.com\\\/boutique\\\/wp-content\\\/uploads\\\/2020\\\/06\\\/litiere-compostable-cat-s-best-original.jpg\",\"datePublished\":\"2023-03-29T09:30:43+00:00\",\"dateModified\":\"2025-11-27T10:43:23+00:00\",\"description\":\"Liti\u00e8re agglom\u00e9rante pour chat 100 % pures fibres v\u00e9g\u00e9tales. Cat\u2019s Best Original est une liti\u00e8re agglom\u00e9rante qui utilise la force des fibres de bois actives trait\u00e9es pour absorber efficacement les liquides et les odeurs et les encapsuler en profondeur \u00e0 l\u2019int\u00e9rieur, avec une capacit\u00e9 d\u2019absorption allant jusqu'\u00e0 7 fois leur poids.\",\"breadcrumb\":{\"@id\":\"https:\\\/\\\/www.vetorino.com\\\/boutique\\\/product\\\/litiere-compostable-cats-best-original-ex-okoplus-2\\\/#breadcrumb\"},\"inLanguage\":\"fr-FR\",\"potentialAction\":[{\"@type\":\"ReadAction\",\"target\":[\"https:\\\/\\\/www.vetorino.com\\\/boutique\\\/product\\\/litiere-compostable-cats-best-original-ex-okoplus-2\\\/\"]}]},{\"@type\":\"ImageObject\",\"inLanguage\":\"fr-FR\",\"@id\":\"https:\\\/\\\/www.vetorino.com\\\/boutique\\\/product\\\/litiere-compostable-cats-best-original-ex-okoplus-2\\\/#primaryimage\",\"url\":\"https:\\\/\\\/www.vetorino.com\\\/boutique\\\/wp-content\\\/uploads\\\/2020\\\/06\\\/litiere-compostable-cat-s-best-original.jpg\",\"contentUrl\":\"https:\\\/\\\/www.vetorino.com\\\/boutique\\\/wp-content\\\/uploads\\\/2020\\\/06\\\/litiere-compostable-cat-s-best-original.jpg\",\"width\":540,\"height\":540,\"caption\":\"litiere compostable cats best original\"},{\"@type\":\"BreadcrumbList\",\"@id\":\"https:\\\/\\\/www.vetorino.com\\\/boutique\\\/product\\\/litiere-compostable-cats-best-original-ex-okoplus-2\\\/#breadcrumb\",\"itemListElement\":[{\"@type\":\"ListItem\",\"position\":1,\"name\":\"Accueil\",\"item\":\"https:\\\/\\\/www.vetorino.com\\\/boutique\\\/\"},{\"@type\":\"ListItem\",\"position\":2,\"name\":\"Produits\",\"item\":\"https:\\\/\\\/www.vetorino.com\\\/boutique\\\/\"},{\"@type\":\"ListItem\",\"position\":3,\"name\":\"Liti\u00e8re Compostable\"}]},{\"@type\":\"WebSite\",\"@id\":\"https:\\\/\\\/www.vetorino.com\\\/boutique\\\/#website\",\"url\":\"https:\\\/\\\/www.vetorino.com\\\/boutique\\\/\",\"name\":\"V\u00e9torino\",\"description\":\"\",\"publisher\":{\"@id\":\"https:\\\/\\\/www.vetorino.com\\\/boutique\\\/#organization\"},\"potentialAction\":[{\"@type\":\"SearchAction\",\"target\":{\"@type\":\"EntryPoint\",\"urlTemplate\":\"https:\\\/\\\/www.vetorino.com\\\/boutique\\\/?s={search_term_string}\"},\"query-input\":{\"@type\":\"PropertyValueSpecification\",\"valueRequired\":true,\"valueName\":\"search_term_string\"}}],\"inLanguage\":\"fr-FR\"},{\"@type\":\"Organization\",\"@id\":\"https:\\\/\\\/www.vetorino.com\\\/boutique\\\/#organization\",\"name\":\"V\u00e9torino\",\"url\":\"https:\\\/\\\/www.vetorino.com\\\/boutique\\\/\",\"logo\":{\"@type\":\"ImageObject\",\"inLanguage\":\"fr-FR\",\"@id\":\"https:\\\/\\\/www.vetorino.com\\\/boutique\\\/#\\\/schema\\\/logo\\\/image\\\/\",\"url\":\"https:\\\/\\\/www.vetorino.com\\\/boutique\\\/wp-content\\\/uploads\\\/2024\\\/10\\\/logo.jpg\",\"contentUrl\":\"https:\\\/\\\/www.vetorino.com\\\/boutique\\\/wp-content\\\/uploads\\\/2024\\\/10\\\/logo.jpg\",\"width\":1200,\"height\":610,\"caption\":\"V\u00e9torino\"},\"image\":{\"@id\":\"https:\\\/\\\/www.vetorino.com\\\/boutique\\\/#\\\/schema\\\/logo\\\/image\\\/\"},\"sameAs\":[\"https:\\\/\\\/www.facebook.com\\\/Vetorino\\\/\",\"https:\\\/\\\/www.instagram.com\\\/vetorino_off\\\/\",\"https:\\\/\\\/www.linkedin.com\\\/company\\\/vtorino\\\/\"]}]}<\/script>\n<meta property=\"product:brand\" content=\"Cat&#039;s Best\" \/>\n<meta property=\"og:availability\" content=\"instock\" \/>\n<meta property=\"product:availability\" content=\"instock\" \/>\n<meta property=\"product:condition\" content=\"new\" \/>\n<!-- \/ Yoast SEO plugin. -->","yoast_head_json":{"title":"Liti\u00e8re Compostable Cat's Best - V\u00e9torino","description":"Liti\u00e8re agglom\u00e9rante pour chat 100 % pures fibres v\u00e9g\u00e9tales.  Cat\u2019s Best Original est une liti\u00e8re agglom\u00e9rante qui utilise la force des fibres de bois actives trait\u00e9es pour absorber efficacement les liquides et les odeurs et les encapsuler en profondeur \u00e0 l\u2019int\u00e9rieur, avec une capacit\u00e9 d\u2019absorption allant jusqu'\u00e0 7 fois leur poids.","robots":{"index":"noindex","follow":"nofollow"},"og_locale":"fr_FR","og_type":"article","og_title":"Liti\u00e8re Compostable Cat's Best - V\u00e9torino","og_description":"Liti\u00e8re agglom\u00e9rante pour chat 100 % pures fibres v\u00e9g\u00e9tales.  Cat\u2019s Best Original est une liti\u00e8re agglom\u00e9rante qui utilise la force des fibres de bois actives trait\u00e9es pour absorber efficacement les liquides et les odeurs et les encapsuler en profondeur \u00e0 l\u2019int\u00e9rieur, avec une capacit\u00e9 d\u2019absorption allant jusqu'\u00e0 7 fois leur poids.","og_url":"https:\/\/www.vetorino.com\/veterinaire\/villenavedornon-33140-1\/boutique\/product\/litiere-compostable-cats-best-original-ex-okoplus-2\/","og_site_name":"V\u00e9torino","article_publisher":"https:\/\/www.facebook.com\/Vetorino\/","article_modified_time":"2025-11-27T10:43:23+00:00","og_image":[{"width":540,"height":540,"url":"https:\/\/www.vetorino.com\/boutique\/wp-content\/uploads\/2020\/06\/litiere-compostable-cat-s-best-original.jpg","type":"image\/jpeg"}],"twitter_card":"summary_large_image","twitter_misc":{"Disponibilit\u00e9":"En stock"},"schema":{"@context":"https:\/\/schema.org","@graph":[{"@type":"WebPage","@id":"https:\/\/www.vetorino.com\/boutique\/product\/litiere-compostable-cats-best-original-ex-okoplus-2\/","url":"https:\/\/www.vetorino.com\/boutique\/product\/litiere-compostable-cats-best-original-ex-okoplus-2\/","name":"Liti\u00e8re Compostable Cat's Best - V\u00e9torino","isPartOf":{"@id":"https:\/\/www.vetorino.com\/boutique\/#website"},"primaryImageOfPage":{"@id":"https:\/\/www.vetorino.com\/boutique\/product\/litiere-compostable-cats-best-original-ex-okoplus-2\/#primaryimage"},"image":{"@id":"https:\/\/www.vetorino.com\/boutique\/product\/litiere-compostable-cats-best-original-ex-okoplus-2\/#primaryimage"},"thumbnailUrl":"https:\/\/www.vetorino.com\/boutique\/wp-content\/uploads\/2020\/06\/litiere-compostable-cat-s-best-original.jpg","datePublished":"2023-03-29T09:30:43+00:00","dateModified":"2025-11-27T10:43:23+00:00","description":"Liti\u00e8re agglom\u00e9rante pour chat 100 % pures fibres v\u00e9g\u00e9tales. Cat\u2019s Best Original est une liti\u00e8re agglom\u00e9rante qui utilise la force des fibres de bois actives trait\u00e9es pour absorber efficacement les liquides et les odeurs et les encapsuler en profondeur \u00e0 l\u2019int\u00e9rieur, avec une capacit\u00e9 d\u2019absorption allant jusqu'\u00e0 7 fois leur poids.","breadcrumb":{"@id":"https:\/\/www.vetorino.com\/boutique\/product\/litiere-compostable-cats-best-original-ex-okoplus-2\/#breadcrumb"},"inLanguage":"fr-FR","potentialAction":[{"@type":"ReadAction","target":["https:\/\/www.vetorino.com\/boutique\/product\/litiere-compostable-cats-best-original-ex-okoplus-2\/"]}]},{"@type":"ImageObject","inLanguage":"fr-FR","@id":"https:\/\/www.vetorino.com\/boutique\/product\/litiere-compostable-cats-best-original-ex-okoplus-2\/#primaryimage","url":"https:\/\/www.vetorino.com\/boutique\/wp-content\/uploads\/2020\/06\/litiere-compostable-cat-s-best-original.jpg","contentUrl":"https:\/\/www.vetorino.com\/boutique\/wp-content\/uploads\/2020\/06\/litiere-compostable-cat-s-best-original.jpg","width":540,"height":540,"caption":"litiere compostable cats best original"},{"@type":"BreadcrumbList","@id":"https:\/\/www.vetorino.com\/boutique\/product\/litiere-compostable-cats-best-original-ex-okoplus-2\/#breadcrumb","itemListElement":[{"@type":"ListItem","position":1,"name":"Accueil","item":"https:\/\/www.vetorino.com\/boutique\/"},{"@type":"ListItem","position":2,"name":"Produits","item":"https:\/\/www.vetorino.com\/boutique\/"},{"@type":"ListItem","position":3,"name":"Liti\u00e8re Compostable"}]},{"@type":"WebSite","@id":"https:\/\/www.vetorino.com\/boutique\/#website","url":"https:\/\/www.vetorino.com\/boutique\/","name":"V\u00e9torino","description":"","publisher":{"@id":"https:\/\/www.vetorino.com\/boutique\/#organization"},"potentialAction":[{"@type":"SearchAction","target":{"@type":"EntryPoint","urlTemplate":"https:\/\/www.vetorino.com\/boutique\/?s={search_term_string}"},"query-input":{"@type":"PropertyValueSpecification","valueRequired":true,"valueName":"search_term_string"}}],"inLanguage":"fr-FR"},{"@type":"Organization","@id":"https:\/\/www.vetorino.com\/boutique\/#organization","name":"V\u00e9torino","url":"https:\/\/www.vetorino.com\/boutique\/","logo":{"@type":"ImageObject","inLanguage":"fr-FR","@id":"https:\/\/www.vetorino.com\/boutique\/#\/schema\/logo\/image\/","url":"https:\/\/www.vetorino.com\/boutique\/wp-content\/uploads\/2024\/10\/logo.jpg","contentUrl":"https:\/\/www.vetorino.com\/boutique\/wp-content\/uploads\/2024\/10\/logo.jpg","width":1200,"height":610,"caption":"V\u00e9torino"},"image":{"@id":"https:\/\/www.vetorino.com\/boutique\/#\/schema\/logo\/image\/"},"sameAs":["https:\/\/www.facebook.com\/Vetorino\/","https:\/\/www.instagram.com\/vetorino_off\/","https:\/\/www.linkedin.com\/company\/vtorino\/"]}]},"product_brand":"Cat's Best","og_availability":"instock","product_availability":"instock","product_condition":"new"},"_links":{"self":[{"href":"https:\/\/www.vetorino.com\/veterinaire\/villenavedornon-33140-1\/boutique\/wp-json\/wp\/v2\/product\/582600","targetHints":{"allow":["GET"]}}],"collection":[{"href":"https:\/\/www.vetorino.com\/veterinaire\/villenavedornon-33140-1\/boutique\/wp-json\/wp\/v2\/product"}],"about":[{"href":"https:\/\/www.vetorino.com\/veterinaire\/villenavedornon-33140-1\/boutique\/wp-json\/wp\/v2\/types\/product"}],"wp:featuredmedia":[{"embeddable":true,"href":"https:\/\/www.vetorino.com\/veterinaire\/villenavedornon-33140-1\/boutique\/wp-json\/wp\/v2\/media\/474213"}],"wp:attachment":[{"href":"https:\/\/www.vetorino.com\/veterinaire\/villenavedornon-33140-1\/boutique\/wp-json\/wp\/v2\/media?parent=582600"}],"wp:term":[{"taxonomy":"product_cat","embeddable":true,"href":"https:\/\/www.vetorino.com\/veterinaire\/villenavedornon-33140-1\/boutique\/wp-json\/wp\/v2\/product_cat?post=582600"},{"taxonomy":"product_tag","embeddable":true,"href":"https:\/\/www.vetorino.com\/veterinaire\/villenavedornon-33140-1\/boutique\/wp-json\/wp\/v2\/product_tag?post=582600"}],"curies":[{"name":"wp","href":"https:\/\/api.w.org\/{rel}","templated":true}]}}