{"id":601769,"date":"2023-04-25T10:04:10","date_gmt":"2023-04-25T08:04:10","guid":{"rendered":"https:\/\/www.vetorino.com\/boutique\/?post_type=product&#038;p=601769"},"modified":"2023-04-25T10:29:51","modified_gmt":"2023-04-25T08:29:51","slug":"demeloir-brosse-pour-pelage","status":"publish","type":"product","link":"https:\/\/www.vetorino.com\/veterinaire\/villenavedornon-33140-1\/boutique\/product\/demeloir-brosse-pour-pelage\/","title":{"rendered":"DEMELOIR\/BROSSE POUR PELAGE"},"content":{"rendered":"<h4><\/h4>\n<p>&nbsp;<\/p>\n","protected":false},"excerpt":{"rendered":"<p>Pour \u00e9liminer les poils morts et la bourre.<br \/>\nConvient \u00e0 toutes les longueurs de poils.<br \/>\nN&#8217;endommage pas le poil sain.<br \/>\nPoign\u00e9e ergonomique, avec des lamelles en caoutchouc sur le c\u00f4t\u00e9 pour une prise en main optimale.<br \/>\nEgalement adapt\u00e9 aux chevaux.<br \/>\nLongueur : 15 cm.<br \/>\nLargeur : 7,5 cm.<br \/>\nCouleur : turquoise \/ gris.<\/p>\n","protected":false},"featured_media":601775,"template":"","meta":[],"product_cat":[12552,2698,12603,12610,12561],"product_tag":[],"class_list":{"0":"post-601769","1":"product","2":"type-product","3":"status-publish","4":"has-post-thumbnail","6":"product_cat-alimentation-du-chien","7":"product_cat-chien","8":"product_cat-friandises-pour-chien","9":"product_cat-hygiene-bucco-dentaire-du-chien","10":"product_cat-hygiene-du-chien","11":"pa_marque-kerbl","12":"pa_marque-kerbl-france-sarl","14":"first","15":"instock","16":"taxable","17":"shipping-taxable","18":"purchasable","19":"product-type-variable"},"yoast_head":"<!-- This site is optimized with the Yoast SEO plugin v27.3 - https:\/\/yoast.com\/product\/yoast-seo-wordpress\/ -->\n<title>DEMELOIR\/BROSSE POUR PELAGE Kerbl, KERBL FRANCE SARL - V\u00e9torino<\/title>\n<meta name=\"description\" content=\"Pour \u00e9liminer les poils morts et la bourre. Convient \u00e0 toutes les longueurs de poils. N&#039;endommage pas le poil sain. Poign\u00e9e ergonomique, avec des lamelles en caoutchouc sur le c\u00f4t\u00e9 pour une prise en main optimale. Egalement adapt\u00e9 aux chevaux. Longueur : 15 cm. Largeur : 7,5 cm. Couleur : turquoise \/ gris.\" \/>\n<meta name=\"robots\" content=\"noindex, nofollow\" \/>\n<meta property=\"og:locale\" content=\"fr_FR\" \/>\n<meta property=\"og:type\" content=\"article\" \/>\n<meta property=\"og:title\" content=\"DEMELOIR\/BROSSE POUR PELAGE Kerbl, KERBL FRANCE SARL - V\u00e9torino\" \/>\n<meta property=\"og:description\" content=\"Pour \u00e9liminer les poils morts et la bourre. Convient \u00e0 toutes les longueurs de poils. N&#039;endommage pas le poil sain. Poign\u00e9e ergonomique, avec des lamelles en caoutchouc sur le c\u00f4t\u00e9 pour une prise en main optimale. Egalement adapt\u00e9 aux chevaux. Longueur : 15 cm. Largeur : 7,5 cm. Couleur : turquoise \/ gris.\" \/>\n<meta property=\"og:url\" content=\"https:\/\/www.vetorino.com\/veterinaire\/villenavedornon-33140-1\/boutique\/product\/demeloir-brosse-pour-pelage\/\" \/>\n<meta property=\"og:site_name\" content=\"V\u00e9torino\" \/>\n<meta property=\"article:publisher\" content=\"https:\/\/www.facebook.com\/Vetorino\/\" \/>\n<meta property=\"article:modified_time\" content=\"2023-04-25T08:29:51+00:00\" \/>\n<meta property=\"og:image\" content=\"https:\/\/www.vetorino.com\/boutique\/wp-content\/uploads\/2023\/04\/Capture-decran-2023-04-25-a-10.05.00.png\" \/>\n\t<meta property=\"og:image:width\" content=\"1674\" \/>\n\t<meta property=\"og:image:height\" content=\"1212\" \/>\n\t<meta property=\"og:image:type\" content=\"image\/png\" \/>\n<meta name=\"twitter:card\" content=\"summary_large_image\" \/>\n<meta name=\"twitter:label1\" content=\"Disponibilit\u00e9\" \/>\n\t<meta name=\"twitter:data1\" content=\"En stock\" \/>\n<script type=\"application\/ld+json\" class=\"yoast-schema-graph\">{\"@context\":\"https:\\\/\\\/schema.org\",\"@graph\":[{\"@type\":\"WebPage\",\"@id\":\"https:\\\/\\\/www.vetorino.com\\\/boutique\\\/product\\\/demeloir-brosse-pour-pelage\\\/\",\"url\":\"https:\\\/\\\/www.vetorino.com\\\/boutique\\\/product\\\/demeloir-brosse-pour-pelage\\\/\",\"name\":\"DEMELOIR\\\/BROSSE POUR PELAGE Kerbl, KERBL FRANCE SARL - V\u00e9torino\",\"isPartOf\":{\"@id\":\"https:\\\/\\\/www.vetorino.com\\\/boutique\\\/#website\"},\"primaryImageOfPage\":{\"@id\":\"https:\\\/\\\/www.vetorino.com\\\/boutique\\\/product\\\/demeloir-brosse-pour-pelage\\\/#primaryimage\"},\"image\":{\"@id\":\"https:\\\/\\\/www.vetorino.com\\\/boutique\\\/product\\\/demeloir-brosse-pour-pelage\\\/#primaryimage\"},\"thumbnailUrl\":\"https:\\\/\\\/www.vetorino.com\\\/boutique\\\/wp-content\\\/uploads\\\/2023\\\/04\\\/Capture-decran-2023-04-25-a-10.05.00.png\",\"datePublished\":\"2023-04-25T08:04:10+00:00\",\"dateModified\":\"2023-04-25T08:29:51+00:00\",\"description\":\"Pour \u00e9liminer les poils morts et la bourre. Convient \u00e0 toutes les longueurs de poils. N'endommage pas le poil sain. Poign\u00e9e ergonomique, avec des lamelles en caoutchouc sur le c\u00f4t\u00e9 pour une prise en main optimale. Egalement adapt\u00e9 aux chevaux. Longueur : 15 cm. Largeur : 7,5 cm. Couleur : turquoise \\\/ gris.\",\"breadcrumb\":{\"@id\":\"https:\\\/\\\/www.vetorino.com\\\/boutique\\\/product\\\/demeloir-brosse-pour-pelage\\\/#breadcrumb\"},\"inLanguage\":\"fr-FR\",\"potentialAction\":[{\"@type\":\"ReadAction\",\"target\":[\"https:\\\/\\\/www.vetorino.com\\\/boutique\\\/product\\\/demeloir-brosse-pour-pelage\\\/\"]}]},{\"@type\":\"ImageObject\",\"inLanguage\":\"fr-FR\",\"@id\":\"https:\\\/\\\/www.vetorino.com\\\/boutique\\\/product\\\/demeloir-brosse-pour-pelage\\\/#primaryimage\",\"url\":\"https:\\\/\\\/www.vetorino.com\\\/boutique\\\/wp-content\\\/uploads\\\/2023\\\/04\\\/Capture-decran-2023-04-25-a-10.05.00.png\",\"contentUrl\":\"https:\\\/\\\/www.vetorino.com\\\/boutique\\\/wp-content\\\/uploads\\\/2023\\\/04\\\/Capture-decran-2023-04-25-a-10.05.00.png\",\"width\":1674,\"height\":1212},{\"@type\":\"BreadcrumbList\",\"@id\":\"https:\\\/\\\/www.vetorino.com\\\/boutique\\\/product\\\/demeloir-brosse-pour-pelage\\\/#breadcrumb\",\"itemListElement\":[{\"@type\":\"ListItem\",\"position\":1,\"name\":\"Accueil\",\"item\":\"https:\\\/\\\/www.vetorino.com\\\/boutique\\\/\"},{\"@type\":\"ListItem\",\"position\":2,\"name\":\"Produits\",\"item\":\"https:\\\/\\\/www.vetorino.com\\\/boutique\\\/\"},{\"@type\":\"ListItem\",\"position\":3,\"name\":\"DEMELOIR\\\/BROSSE POUR PELAGE\"}]},{\"@type\":\"WebSite\",\"@id\":\"https:\\\/\\\/www.vetorino.com\\\/boutique\\\/#website\",\"url\":\"https:\\\/\\\/www.vetorino.com\\\/boutique\\\/\",\"name\":\"V\u00e9torino\",\"description\":\"\",\"publisher\":{\"@id\":\"https:\\\/\\\/www.vetorino.com\\\/boutique\\\/#organization\"},\"potentialAction\":[{\"@type\":\"SearchAction\",\"target\":{\"@type\":\"EntryPoint\",\"urlTemplate\":\"https:\\\/\\\/www.vetorino.com\\\/boutique\\\/?s={search_term_string}\"},\"query-input\":{\"@type\":\"PropertyValueSpecification\",\"valueRequired\":true,\"valueName\":\"search_term_string\"}}],\"inLanguage\":\"fr-FR\"},{\"@type\":\"Organization\",\"@id\":\"https:\\\/\\\/www.vetorino.com\\\/boutique\\\/#organization\",\"name\":\"V\u00e9torino\",\"url\":\"https:\\\/\\\/www.vetorino.com\\\/boutique\\\/\",\"logo\":{\"@type\":\"ImageObject\",\"inLanguage\":\"fr-FR\",\"@id\":\"https:\\\/\\\/www.vetorino.com\\\/boutique\\\/#\\\/schema\\\/logo\\\/image\\\/\",\"url\":\"https:\\\/\\\/www.vetorino.com\\\/boutique\\\/wp-content\\\/uploads\\\/2024\\\/10\\\/logo.jpg\",\"contentUrl\":\"https:\\\/\\\/www.vetorino.com\\\/boutique\\\/wp-content\\\/uploads\\\/2024\\\/10\\\/logo.jpg\",\"width\":1200,\"height\":610,\"caption\":\"V\u00e9torino\"},\"image\":{\"@id\":\"https:\\\/\\\/www.vetorino.com\\\/boutique\\\/#\\\/schema\\\/logo\\\/image\\\/\"},\"sameAs\":[\"https:\\\/\\\/www.facebook.com\\\/Vetorino\\\/\",\"https:\\\/\\\/www.instagram.com\\\/vetorino_off\\\/\",\"https:\\\/\\\/www.linkedin.com\\\/company\\\/vtorino\\\/\"]}]}<\/script>\n<meta property=\"product:brand\" content=\"Kerbl\" \/>\n<meta property=\"og:availability\" content=\"instock\" \/>\n<meta property=\"product:availability\" content=\"instock\" \/>\n<meta property=\"product:condition\" content=\"new\" \/>\n<!-- \/ Yoast SEO plugin. -->","yoast_head_json":{"title":"DEMELOIR\/BROSSE POUR PELAGE Kerbl, KERBL FRANCE SARL - V\u00e9torino","description":"Pour \u00e9liminer les poils morts et la bourre. Convient \u00e0 toutes les longueurs de poils. N'endommage pas le poil sain. Poign\u00e9e ergonomique, avec des lamelles en caoutchouc sur le c\u00f4t\u00e9 pour une prise en main optimale. Egalement adapt\u00e9 aux chevaux. Longueur : 15 cm. Largeur : 7,5 cm. Couleur : turquoise \/ gris.","robots":{"index":"noindex","follow":"nofollow"},"og_locale":"fr_FR","og_type":"article","og_title":"DEMELOIR\/BROSSE POUR PELAGE Kerbl, KERBL FRANCE SARL - V\u00e9torino","og_description":"Pour \u00e9liminer les poils morts et la bourre. Convient \u00e0 toutes les longueurs de poils. N'endommage pas le poil sain. Poign\u00e9e ergonomique, avec des lamelles en caoutchouc sur le c\u00f4t\u00e9 pour une prise en main optimale. Egalement adapt\u00e9 aux chevaux. Longueur : 15 cm. Largeur : 7,5 cm. Couleur : turquoise \/ gris.","og_url":"https:\/\/www.vetorino.com\/veterinaire\/villenavedornon-33140-1\/boutique\/product\/demeloir-brosse-pour-pelage\/","og_site_name":"V\u00e9torino","article_publisher":"https:\/\/www.facebook.com\/Vetorino\/","article_modified_time":"2023-04-25T08:29:51+00:00","og_image":[{"width":1674,"height":1212,"url":"https:\/\/www.vetorino.com\/boutique\/wp-content\/uploads\/2023\/04\/Capture-decran-2023-04-25-a-10.05.00.png","type":"image\/png"}],"twitter_card":"summary_large_image","twitter_misc":{"Disponibilit\u00e9":"En stock"},"schema":{"@context":"https:\/\/schema.org","@graph":[{"@type":"WebPage","@id":"https:\/\/www.vetorino.com\/boutique\/product\/demeloir-brosse-pour-pelage\/","url":"https:\/\/www.vetorino.com\/boutique\/product\/demeloir-brosse-pour-pelage\/","name":"DEMELOIR\/BROSSE POUR PELAGE Kerbl, KERBL FRANCE SARL - V\u00e9torino","isPartOf":{"@id":"https:\/\/www.vetorino.com\/boutique\/#website"},"primaryImageOfPage":{"@id":"https:\/\/www.vetorino.com\/boutique\/product\/demeloir-brosse-pour-pelage\/#primaryimage"},"image":{"@id":"https:\/\/www.vetorino.com\/boutique\/product\/demeloir-brosse-pour-pelage\/#primaryimage"},"thumbnailUrl":"https:\/\/www.vetorino.com\/boutique\/wp-content\/uploads\/2023\/04\/Capture-decran-2023-04-25-a-10.05.00.png","datePublished":"2023-04-25T08:04:10+00:00","dateModified":"2023-04-25T08:29:51+00:00","description":"Pour \u00e9liminer les poils morts et la bourre. Convient \u00e0 toutes les longueurs de poils. N'endommage pas le poil sain. Poign\u00e9e ergonomique, avec des lamelles en caoutchouc sur le c\u00f4t\u00e9 pour une prise en main optimale. Egalement adapt\u00e9 aux chevaux. Longueur : 15 cm. Largeur : 7,5 cm. Couleur : turquoise \/ gris.","breadcrumb":{"@id":"https:\/\/www.vetorino.com\/boutique\/product\/demeloir-brosse-pour-pelage\/#breadcrumb"},"inLanguage":"fr-FR","potentialAction":[{"@type":"ReadAction","target":["https:\/\/www.vetorino.com\/boutique\/product\/demeloir-brosse-pour-pelage\/"]}]},{"@type":"ImageObject","inLanguage":"fr-FR","@id":"https:\/\/www.vetorino.com\/boutique\/product\/demeloir-brosse-pour-pelage\/#primaryimage","url":"https:\/\/www.vetorino.com\/boutique\/wp-content\/uploads\/2023\/04\/Capture-decran-2023-04-25-a-10.05.00.png","contentUrl":"https:\/\/www.vetorino.com\/boutique\/wp-content\/uploads\/2023\/04\/Capture-decran-2023-04-25-a-10.05.00.png","width":1674,"height":1212},{"@type":"BreadcrumbList","@id":"https:\/\/www.vetorino.com\/boutique\/product\/demeloir-brosse-pour-pelage\/#breadcrumb","itemListElement":[{"@type":"ListItem","position":1,"name":"Accueil","item":"https:\/\/www.vetorino.com\/boutique\/"},{"@type":"ListItem","position":2,"name":"Produits","item":"https:\/\/www.vetorino.com\/boutique\/"},{"@type":"ListItem","position":3,"name":"DEMELOIR\/BROSSE POUR PELAGE"}]},{"@type":"WebSite","@id":"https:\/\/www.vetorino.com\/boutique\/#website","url":"https:\/\/www.vetorino.com\/boutique\/","name":"V\u00e9torino","description":"","publisher":{"@id":"https:\/\/www.vetorino.com\/boutique\/#organization"},"potentialAction":[{"@type":"SearchAction","target":{"@type":"EntryPoint","urlTemplate":"https:\/\/www.vetorino.com\/boutique\/?s={search_term_string}"},"query-input":{"@type":"PropertyValueSpecification","valueRequired":true,"valueName":"search_term_string"}}],"inLanguage":"fr-FR"},{"@type":"Organization","@id":"https:\/\/www.vetorino.com\/boutique\/#organization","name":"V\u00e9torino","url":"https:\/\/www.vetorino.com\/boutique\/","logo":{"@type":"ImageObject","inLanguage":"fr-FR","@id":"https:\/\/www.vetorino.com\/boutique\/#\/schema\/logo\/image\/","url":"https:\/\/www.vetorino.com\/boutique\/wp-content\/uploads\/2024\/10\/logo.jpg","contentUrl":"https:\/\/www.vetorino.com\/boutique\/wp-content\/uploads\/2024\/10\/logo.jpg","width":1200,"height":610,"caption":"V\u00e9torino"},"image":{"@id":"https:\/\/www.vetorino.com\/boutique\/#\/schema\/logo\/image\/"},"sameAs":["https:\/\/www.facebook.com\/Vetorino\/","https:\/\/www.instagram.com\/vetorino_off\/","https:\/\/www.linkedin.com\/company\/vtorino\/"]}]},"product_brand":"Kerbl","og_availability":"instock","product_availability":"instock","product_condition":"new"},"_links":{"self":[{"href":"https:\/\/www.vetorino.com\/veterinaire\/villenavedornon-33140-1\/boutique\/wp-json\/wp\/v2\/product\/601769","targetHints":{"allow":["GET"]}}],"collection":[{"href":"https:\/\/www.vetorino.com\/veterinaire\/villenavedornon-33140-1\/boutique\/wp-json\/wp\/v2\/product"}],"about":[{"href":"https:\/\/www.vetorino.com\/veterinaire\/villenavedornon-33140-1\/boutique\/wp-json\/wp\/v2\/types\/product"}],"wp:featuredmedia":[{"embeddable":true,"href":"https:\/\/www.vetorino.com\/veterinaire\/villenavedornon-33140-1\/boutique\/wp-json\/wp\/v2\/media\/601775"}],"wp:attachment":[{"href":"https:\/\/www.vetorino.com\/veterinaire\/villenavedornon-33140-1\/boutique\/wp-json\/wp\/v2\/media?parent=601769"}],"wp:term":[{"taxonomy":"product_cat","embeddable":true,"href":"https:\/\/www.vetorino.com\/veterinaire\/villenavedornon-33140-1\/boutique\/wp-json\/wp\/v2\/product_cat?post=601769"},{"taxonomy":"product_tag","embeddable":true,"href":"https:\/\/www.vetorino.com\/veterinaire\/villenavedornon-33140-1\/boutique\/wp-json\/wp\/v2\/product_tag?post=601769"}],"curies":[{"name":"wp","href":"https:\/\/api.w.org\/{rel}","templated":true}]}}