{"id":601869,"date":"2023-04-25T11:11:27","date_gmt":"2023-04-25T09:11:27","guid":{"rendered":"https:\/\/www.vetorino.com\/boutique\/?post_type=product&#038;p=601869"},"modified":"2023-04-25T11:22:11","modified_gmt":"2023-04-25T09:22:11","slug":"slip-hygienique-2","status":"publish","type":"product","link":"https:\/\/www.vetorino.com\/veterinaire\/villenavedornon-33140-1\/boutique\/product\/slip-hygienique-2\/","title":{"rendered":"Slip hygi\u00e8nique"},"content":{"rendered":"<p>La\u00a0<strong>culotte hygi\u00e9nique pour chien<\/strong>\u00a0est un accessoire utile qui permet d&#8217;\u00e9viter les accidents durant les chaleurs de l\u2019animal.<br \/>\nSon tissu souple avec un passage pour la queue la rendent facile \u00e0 enfiler et confortable.<br \/>\nFonctionnelle, elle poss\u00e8de un emplacement pour protection absorbante.<br \/>\nHygi\u00e9nique, elle est lavables en machine \u00e0 30\u00b0.<br \/>\nLa culotte est r\u00e9glable pour s\u2019adapter \u00e0 la morphologie du chien<\/p>\n<p><strong>Caract\u00e9ristiques de la\u00a0culotte hygi\u00e9nique pour chien :<\/strong><br \/>\n&#8211; Facile \u00e0 mettre en place<br \/>\n&#8211; couche lavable en machine \u00e0 30\u00b0C<br \/>\n&#8211; Disponible en plusieurs tailles<br \/>\n&#8211; Coloris noir<br \/>\n&#8211; Avec une protection absorbante<br \/>\n&#8211;\u00a0Protections absorbantes de rechange disponibles<\/p>\n<p><strong>Tailles disponibles :<\/strong><br \/>\nT0 : 18-23cm de tour de ventre<br \/>\nT1 : 24-31cm de tour de ventre<br \/>\nT2 : 32-39cm de tour de ventre<br \/>\nT3 : 40-49cm de tour de ventre<br \/>\nT4 : 50-59cm de tour de ventre<br \/>\nT5 : 60-70cm de tour de ventre<\/p>\n","protected":false},"excerpt":{"rendered":"<p>La\u00a0<strong>culotte hygi\u00e9nique pour chien<\/strong>\u00a0est un accessoire utile qui permet d&#8217;\u00e9viter les accidents durant les chaleurs de l\u2019animal.<\/p>\n<ul>\n<li>Son tissu souple avec un passage pour la queue la rendent facile \u00e0 enfiler et confortable.<\/li>\n<li>Fonctionnelle, elle poss\u00e8de un emplacement pour protection absorbante.<\/li>\n<li>Hygi\u00e9nique, elle est lavables en machine \u00e0 30\u00b0.<\/li>\n<li>La culotte est r\u00e9glable pour s\u2019adapter \u00e0 la morphologie du chien<\/li>\n<\/ul>\n<p>&nbsp;<\/p>\n","protected":false},"featured_media":601878,"template":"","meta":[],"product_cat":[12573,12550,2698,12596],"product_tag":[],"class_list":{"0":"post-601869","1":"product","2":"type-product","3":"status-publish","4":"has-post-thumbnail","6":"product_cat-accessoire-pour-lhygiene-du-chien","7":"product_cat-accessoires-du-chien","8":"product_cat-chien","9":"product_cat-confort-du-chien","10":"pa_marque-zolux","12":"first","13":"instock","14":"taxable","15":"shipping-taxable","16":"purchasable","17":"product-type-variable"},"yoast_head":"<!-- This site is optimized with the Yoast SEO plugin v27.3 - https:\/\/yoast.com\/product\/yoast-seo-wordpress\/ -->\n<title>Slip hygi\u00e8nique Zolux - V\u00e9torino<\/title>\n<meta name=\"description\" content=\"La\u00a0culotte hygi\u00e9nique pour chien\u00a0est un accessoire utile qui permet d&#039;\u00e9viter les accidents durant les chaleurs de l\u2019animal.   Son tissu souple avec un passage pour la queue la rendent facile \u00e0 enfiler et confortable.  Fonctionnelle, elle poss\u00e8de un emplacement pour protection absorbante.  Hygi\u00e9nique, elle est lavables en machine \u00e0 30\u00b0.  La culotte est r\u00e9glable pour s\u2019adapter \u00e0 la morphologie du chien  &nbsp;\" \/>\n<meta name=\"robots\" content=\"noindex, nofollow\" \/>\n<meta property=\"og:locale\" content=\"fr_FR\" \/>\n<meta property=\"og:type\" content=\"article\" \/>\n<meta property=\"og:title\" content=\"Slip hygi\u00e8nique Zolux - V\u00e9torino\" \/>\n<meta property=\"og:description\" content=\"La\u00a0culotte hygi\u00e9nique pour chien\u00a0est un accessoire utile qui permet d&#039;\u00e9viter les accidents durant les chaleurs de l\u2019animal.   Son tissu souple avec un passage pour la queue la rendent facile \u00e0 enfiler et confortable.  Fonctionnelle, elle poss\u00e8de un emplacement pour protection absorbante.  Hygi\u00e9nique, elle est lavables en machine \u00e0 30\u00b0.  La culotte est r\u00e9glable pour s\u2019adapter \u00e0 la morphologie du chien  &nbsp;\" \/>\n<meta property=\"og:url\" content=\"https:\/\/www.vetorino.com\/veterinaire\/villenavedornon-33140-1\/boutique\/product\/slip-hygienique-2\/\" \/>\n<meta property=\"og:site_name\" content=\"V\u00e9torino\" \/>\n<meta property=\"article:publisher\" content=\"https:\/\/www.facebook.com\/Vetorino\/\" \/>\n<meta property=\"article:modified_time\" content=\"2023-04-25T09:22:11+00:00\" \/>\n<meta property=\"og:image\" content=\"https:\/\/www.vetorino.com\/boutique\/wp-content\/uploads\/2023\/04\/lm_893d56b9fc4b0f1be8871f5e1c40c0067e71503404446.png\" \/>\n\t<meta property=\"og:image:width\" content=\"800\" \/>\n\t<meta property=\"og:image:height\" content=\"706\" \/>\n\t<meta property=\"og:image:type\" content=\"image\/png\" \/>\n<meta name=\"twitter:card\" content=\"summary_large_image\" \/>\n<meta name=\"twitter:label1\" content=\"Disponibilit\u00e9\" \/>\n\t<meta name=\"twitter:data1\" content=\"En stock\" \/>\n<script type=\"application\/ld+json\" class=\"yoast-schema-graph\">{\"@context\":\"https:\\\/\\\/schema.org\",\"@graph\":[{\"@type\":\"WebPage\",\"@id\":\"https:\\\/\\\/www.vetorino.com\\\/boutique\\\/product\\\/slip-hygienique-2\\\/\",\"url\":\"https:\\\/\\\/www.vetorino.com\\\/boutique\\\/product\\\/slip-hygienique-2\\\/\",\"name\":\"Slip hygi\u00e8nique Zolux - V\u00e9torino\",\"isPartOf\":{\"@id\":\"https:\\\/\\\/www.vetorino.com\\\/boutique\\\/#website\"},\"primaryImageOfPage\":{\"@id\":\"https:\\\/\\\/www.vetorino.com\\\/boutique\\\/product\\\/slip-hygienique-2\\\/#primaryimage\"},\"image\":{\"@id\":\"https:\\\/\\\/www.vetorino.com\\\/boutique\\\/product\\\/slip-hygienique-2\\\/#primaryimage\"},\"thumbnailUrl\":\"https:\\\/\\\/www.vetorino.com\\\/boutique\\\/wp-content\\\/uploads\\\/2023\\\/04\\\/lm_893d56b9fc4b0f1be8871f5e1c40c0067e71503404446.png\",\"datePublished\":\"2023-04-25T09:11:27+00:00\",\"dateModified\":\"2023-04-25T09:22:11+00:00\",\"description\":\"La\u00a0culotte hygi\u00e9nique pour chien\u00a0est un accessoire utile qui permet d'\u00e9viter les accidents durant les chaleurs de l\u2019animal. Son tissu souple avec un passage pour la queue la rendent facile \u00e0 enfiler et confortable. Fonctionnelle, elle poss\u00e8de un emplacement pour protection absorbante. Hygi\u00e9nique, elle est lavables en machine \u00e0 30\u00b0. La culotte est r\u00e9glable pour s\u2019adapter \u00e0 la morphologie du chien &nbsp;\",\"breadcrumb\":{\"@id\":\"https:\\\/\\\/www.vetorino.com\\\/boutique\\\/product\\\/slip-hygienique-2\\\/#breadcrumb\"},\"inLanguage\":\"fr-FR\",\"potentialAction\":[{\"@type\":\"ReadAction\",\"target\":[\"https:\\\/\\\/www.vetorino.com\\\/boutique\\\/product\\\/slip-hygienique-2\\\/\"]}]},{\"@type\":\"ImageObject\",\"inLanguage\":\"fr-FR\",\"@id\":\"https:\\\/\\\/www.vetorino.com\\\/boutique\\\/product\\\/slip-hygienique-2\\\/#primaryimage\",\"url\":\"https:\\\/\\\/www.vetorino.com\\\/boutique\\\/wp-content\\\/uploads\\\/2023\\\/04\\\/lm_893d56b9fc4b0f1be8871f5e1c40c0067e71503404446.png\",\"contentUrl\":\"https:\\\/\\\/www.vetorino.com\\\/boutique\\\/wp-content\\\/uploads\\\/2023\\\/04\\\/lm_893d56b9fc4b0f1be8871f5e1c40c0067e71503404446.png\",\"width\":800,\"height\":706},{\"@type\":\"BreadcrumbList\",\"@id\":\"https:\\\/\\\/www.vetorino.com\\\/boutique\\\/product\\\/slip-hygienique-2\\\/#breadcrumb\",\"itemListElement\":[{\"@type\":\"ListItem\",\"position\":1,\"name\":\"Accueil\",\"item\":\"https:\\\/\\\/www.vetorino.com\\\/boutique\\\/\"},{\"@type\":\"ListItem\",\"position\":2,\"name\":\"Produits\",\"item\":\"https:\\\/\\\/www.vetorino.com\\\/boutique\\\/\"},{\"@type\":\"ListItem\",\"position\":3,\"name\":\"Slip hygi\u00e8nique\"}]},{\"@type\":\"WebSite\",\"@id\":\"https:\\\/\\\/www.vetorino.com\\\/boutique\\\/#website\",\"url\":\"https:\\\/\\\/www.vetorino.com\\\/boutique\\\/\",\"name\":\"V\u00e9torino\",\"description\":\"\",\"publisher\":{\"@id\":\"https:\\\/\\\/www.vetorino.com\\\/boutique\\\/#organization\"},\"potentialAction\":[{\"@type\":\"SearchAction\",\"target\":{\"@type\":\"EntryPoint\",\"urlTemplate\":\"https:\\\/\\\/www.vetorino.com\\\/boutique\\\/?s={search_term_string}\"},\"query-input\":{\"@type\":\"PropertyValueSpecification\",\"valueRequired\":true,\"valueName\":\"search_term_string\"}}],\"inLanguage\":\"fr-FR\"},{\"@type\":\"Organization\",\"@id\":\"https:\\\/\\\/www.vetorino.com\\\/boutique\\\/#organization\",\"name\":\"V\u00e9torino\",\"url\":\"https:\\\/\\\/www.vetorino.com\\\/boutique\\\/\",\"logo\":{\"@type\":\"ImageObject\",\"inLanguage\":\"fr-FR\",\"@id\":\"https:\\\/\\\/www.vetorino.com\\\/boutique\\\/#\\\/schema\\\/logo\\\/image\\\/\",\"url\":\"https:\\\/\\\/www.vetorino.com\\\/boutique\\\/wp-content\\\/uploads\\\/2024\\\/10\\\/logo.jpg\",\"contentUrl\":\"https:\\\/\\\/www.vetorino.com\\\/boutique\\\/wp-content\\\/uploads\\\/2024\\\/10\\\/logo.jpg\",\"width\":1200,\"height\":610,\"caption\":\"V\u00e9torino\"},\"image\":{\"@id\":\"https:\\\/\\\/www.vetorino.com\\\/boutique\\\/#\\\/schema\\\/logo\\\/image\\\/\"},\"sameAs\":[\"https:\\\/\\\/www.facebook.com\\\/Vetorino\\\/\",\"https:\\\/\\\/www.instagram.com\\\/vetorino_off\\\/\",\"https:\\\/\\\/www.linkedin.com\\\/company\\\/vtorino\\\/\"]}]}<\/script>\n<meta property=\"product:brand\" content=\"Zolux\" \/>\n<meta property=\"og:availability\" content=\"instock\" \/>\n<meta property=\"product:availability\" content=\"instock\" \/>\n<meta property=\"product:condition\" content=\"new\" \/>\n<!-- \/ Yoast SEO plugin. -->","yoast_head_json":{"title":"Slip hygi\u00e8nique Zolux - V\u00e9torino","description":"La\u00a0culotte hygi\u00e9nique pour chien\u00a0est un accessoire utile qui permet d'\u00e9viter les accidents durant les chaleurs de l\u2019animal.   Son tissu souple avec un passage pour la queue la rendent facile \u00e0 enfiler et confortable.  Fonctionnelle, elle poss\u00e8de un emplacement pour protection absorbante.  Hygi\u00e9nique, elle est lavables en machine \u00e0 30\u00b0.  La culotte est r\u00e9glable pour s\u2019adapter \u00e0 la morphologie du chien  &nbsp;","robots":{"index":"noindex","follow":"nofollow"},"og_locale":"fr_FR","og_type":"article","og_title":"Slip hygi\u00e8nique Zolux - V\u00e9torino","og_description":"La\u00a0culotte hygi\u00e9nique pour chien\u00a0est un accessoire utile qui permet d'\u00e9viter les accidents durant les chaleurs de l\u2019animal.   Son tissu souple avec un passage pour la queue la rendent facile \u00e0 enfiler et confortable.  Fonctionnelle, elle poss\u00e8de un emplacement pour protection absorbante.  Hygi\u00e9nique, elle est lavables en machine \u00e0 30\u00b0.  La culotte est r\u00e9glable pour s\u2019adapter \u00e0 la morphologie du chien  &nbsp;","og_url":"https:\/\/www.vetorino.com\/veterinaire\/villenavedornon-33140-1\/boutique\/product\/slip-hygienique-2\/","og_site_name":"V\u00e9torino","article_publisher":"https:\/\/www.facebook.com\/Vetorino\/","article_modified_time":"2023-04-25T09:22:11+00:00","og_image":[{"width":800,"height":706,"url":"https:\/\/www.vetorino.com\/boutique\/wp-content\/uploads\/2023\/04\/lm_893d56b9fc4b0f1be8871f5e1c40c0067e71503404446.png","type":"image\/png"}],"twitter_card":"summary_large_image","twitter_misc":{"Disponibilit\u00e9":"En stock"},"schema":{"@context":"https:\/\/schema.org","@graph":[{"@type":"WebPage","@id":"https:\/\/www.vetorino.com\/boutique\/product\/slip-hygienique-2\/","url":"https:\/\/www.vetorino.com\/boutique\/product\/slip-hygienique-2\/","name":"Slip hygi\u00e8nique Zolux - V\u00e9torino","isPartOf":{"@id":"https:\/\/www.vetorino.com\/boutique\/#website"},"primaryImageOfPage":{"@id":"https:\/\/www.vetorino.com\/boutique\/product\/slip-hygienique-2\/#primaryimage"},"image":{"@id":"https:\/\/www.vetorino.com\/boutique\/product\/slip-hygienique-2\/#primaryimage"},"thumbnailUrl":"https:\/\/www.vetorino.com\/boutique\/wp-content\/uploads\/2023\/04\/lm_893d56b9fc4b0f1be8871f5e1c40c0067e71503404446.png","datePublished":"2023-04-25T09:11:27+00:00","dateModified":"2023-04-25T09:22:11+00:00","description":"La\u00a0culotte hygi\u00e9nique pour chien\u00a0est un accessoire utile qui permet d'\u00e9viter les accidents durant les chaleurs de l\u2019animal. Son tissu souple avec un passage pour la queue la rendent facile \u00e0 enfiler et confortable. Fonctionnelle, elle poss\u00e8de un emplacement pour protection absorbante. Hygi\u00e9nique, elle est lavables en machine \u00e0 30\u00b0. La culotte est r\u00e9glable pour s\u2019adapter \u00e0 la morphologie du chien &nbsp;","breadcrumb":{"@id":"https:\/\/www.vetorino.com\/boutique\/product\/slip-hygienique-2\/#breadcrumb"},"inLanguage":"fr-FR","potentialAction":[{"@type":"ReadAction","target":["https:\/\/www.vetorino.com\/boutique\/product\/slip-hygienique-2\/"]}]},{"@type":"ImageObject","inLanguage":"fr-FR","@id":"https:\/\/www.vetorino.com\/boutique\/product\/slip-hygienique-2\/#primaryimage","url":"https:\/\/www.vetorino.com\/boutique\/wp-content\/uploads\/2023\/04\/lm_893d56b9fc4b0f1be8871f5e1c40c0067e71503404446.png","contentUrl":"https:\/\/www.vetorino.com\/boutique\/wp-content\/uploads\/2023\/04\/lm_893d56b9fc4b0f1be8871f5e1c40c0067e71503404446.png","width":800,"height":706},{"@type":"BreadcrumbList","@id":"https:\/\/www.vetorino.com\/boutique\/product\/slip-hygienique-2\/#breadcrumb","itemListElement":[{"@type":"ListItem","position":1,"name":"Accueil","item":"https:\/\/www.vetorino.com\/boutique\/"},{"@type":"ListItem","position":2,"name":"Produits","item":"https:\/\/www.vetorino.com\/boutique\/"},{"@type":"ListItem","position":3,"name":"Slip hygi\u00e8nique"}]},{"@type":"WebSite","@id":"https:\/\/www.vetorino.com\/boutique\/#website","url":"https:\/\/www.vetorino.com\/boutique\/","name":"V\u00e9torino","description":"","publisher":{"@id":"https:\/\/www.vetorino.com\/boutique\/#organization"},"potentialAction":[{"@type":"SearchAction","target":{"@type":"EntryPoint","urlTemplate":"https:\/\/www.vetorino.com\/boutique\/?s={search_term_string}"},"query-input":{"@type":"PropertyValueSpecification","valueRequired":true,"valueName":"search_term_string"}}],"inLanguage":"fr-FR"},{"@type":"Organization","@id":"https:\/\/www.vetorino.com\/boutique\/#organization","name":"V\u00e9torino","url":"https:\/\/www.vetorino.com\/boutique\/","logo":{"@type":"ImageObject","inLanguage":"fr-FR","@id":"https:\/\/www.vetorino.com\/boutique\/#\/schema\/logo\/image\/","url":"https:\/\/www.vetorino.com\/boutique\/wp-content\/uploads\/2024\/10\/logo.jpg","contentUrl":"https:\/\/www.vetorino.com\/boutique\/wp-content\/uploads\/2024\/10\/logo.jpg","width":1200,"height":610,"caption":"V\u00e9torino"},"image":{"@id":"https:\/\/www.vetorino.com\/boutique\/#\/schema\/logo\/image\/"},"sameAs":["https:\/\/www.facebook.com\/Vetorino\/","https:\/\/www.instagram.com\/vetorino_off\/","https:\/\/www.linkedin.com\/company\/vtorino\/"]}]},"product_brand":"Zolux","og_availability":"instock","product_availability":"instock","product_condition":"new"},"_links":{"self":[{"href":"https:\/\/www.vetorino.com\/veterinaire\/villenavedornon-33140-1\/boutique\/wp-json\/wp\/v2\/product\/601869","targetHints":{"allow":["GET"]}}],"collection":[{"href":"https:\/\/www.vetorino.com\/veterinaire\/villenavedornon-33140-1\/boutique\/wp-json\/wp\/v2\/product"}],"about":[{"href":"https:\/\/www.vetorino.com\/veterinaire\/villenavedornon-33140-1\/boutique\/wp-json\/wp\/v2\/types\/product"}],"wp:featuredmedia":[{"embeddable":true,"href":"https:\/\/www.vetorino.com\/veterinaire\/villenavedornon-33140-1\/boutique\/wp-json\/wp\/v2\/media\/601878"}],"wp:attachment":[{"href":"https:\/\/www.vetorino.com\/veterinaire\/villenavedornon-33140-1\/boutique\/wp-json\/wp\/v2\/media?parent=601869"}],"wp:term":[{"taxonomy":"product_cat","embeddable":true,"href":"https:\/\/www.vetorino.com\/veterinaire\/villenavedornon-33140-1\/boutique\/wp-json\/wp\/v2\/product_cat?post=601869"},{"taxonomy":"product_tag","embeddable":true,"href":"https:\/\/www.vetorino.com\/veterinaire\/villenavedornon-33140-1\/boutique\/wp-json\/wp\/v2\/product_tag?post=601869"}],"curies":[{"name":"wp","href":"https:\/\/api.w.org\/{rel}","templated":true}]}}