{"id":602096,"date":"2023-04-25T15:49:00","date_gmt":"2023-04-25T13:49:00","guid":{"rendered":"https:\/\/www.vetorino.com\/boutique\/?post_type=product&#038;p=602096"},"modified":"2023-04-25T16:08:18","modified_gmt":"2023-04-25T14:08:18","slug":"sachet-ramasse-crottes-amidon-de-mais","status":"publish","type":"product","link":"https:\/\/www.vetorino.com\/veterinaire\/villenavedornon-33140-1\/boutique\/product\/sachet-ramasse-crottes-amidon-de-mais\/","title":{"rendered":"Sachet ramasse crottes amidon de ma\u00efs"},"content":{"rendered":"<p><strong>Sac ramasse crottes tr\u00e8s pratique lors de vos ballades avec votre chien pour ramasser les excr\u00e9ments de votre chien sans se salir les mains.<\/strong><\/p>\n<p>C&#8217;est un accessoires indispensables pour les propri\u00e9taires de chien vivant en ville. En effet, il est maintenant obligatoire de ramasser les excr\u00e9ments de votre chien lorsque celui ci s&#8217;oublie sur le trottoir, les espaces publiques&#8230;.<\/p>\n<ul>\n<li>Ramasse crottes pour chien en amidon de ma\u00efs<\/li>\n<li>L&#8217;avantage de l&#8217;amidon de ma\u00efs : il\u00a0 est enti\u00e8rement\u00a0compostable\u00a0pour un environnement propre<\/li>\n<li>Rapide et pratique \u00e0 utiliser<\/li>\n<li>Convient parfaitement au distributeur de sac en rouleau<\/li>\n<li>Taille m\u00e9dium : environ 3l<\/li>\n<\/ul>\n","protected":false},"excerpt":{"rendered":"<p>Ce\u00a0<strong>sac \u00e0 crotte biod\u00e9gradable<\/strong>\u00a0est con\u00e7u pour vous faciliter la vie au quotidien. Simple d&#8217;utilisation, il permet de ramasser les d\u00e9jections laiss\u00e9es par votre animal de compagnie sans vous salir les mains.<\/p>\n","protected":false},"featured_media":602118,"template":"","meta":[],"product_cat":[12573,12550,2698],"product_tag":[],"class_list":{"0":"post-602096","1":"product","2":"type-product","3":"status-publish","4":"has-post-thumbnail","6":"product_cat-accessoire-pour-lhygiene-du-chien","7":"product_cat-accessoires-du-chien","8":"product_cat-chien","9":"pa_marque-trixie","11":"first","12":"instock","13":"taxable","14":"shipping-taxable","15":"purchasable","16":"product-type-variable"},"yoast_head":"<!-- This site is optimized with the Yoast SEO plugin v27.3 - https:\/\/yoast.com\/product\/yoast-seo-wordpress\/ -->\n<title>Sachet ramasse crottes amidon de ma\u00efs Trixie - V\u00e9torino<\/title>\n<meta name=\"description\" content=\"Ce\u00a0sac \u00e0 crotte biod\u00e9gradable\u00a0est con\u00e7u pour vous faciliter la vie au quotidien. Simple d&#039;utilisation, il permet de ramasser les d\u00e9jections laiss\u00e9es par votre animal de compagnie sans vous salir les mains.\" \/>\n<meta name=\"robots\" content=\"noindex, nofollow\" \/>\n<meta property=\"og:locale\" content=\"fr_FR\" \/>\n<meta property=\"og:type\" content=\"article\" \/>\n<meta property=\"og:title\" content=\"Sachet ramasse crottes amidon de ma\u00efs Trixie - V\u00e9torino\" \/>\n<meta property=\"og:description\" content=\"Ce\u00a0sac \u00e0 crotte biod\u00e9gradable\u00a0est con\u00e7u pour vous faciliter la vie au quotidien. Simple d&#039;utilisation, il permet de ramasser les d\u00e9jections laiss\u00e9es par votre animal de compagnie sans vous salir les mains.\" \/>\n<meta property=\"og:url\" content=\"https:\/\/www.vetorino.com\/veterinaire\/villenavedornon-33140-1\/boutique\/product\/sachet-ramasse-crottes-amidon-de-mais\/\" \/>\n<meta property=\"og:site_name\" content=\"V\u00e9torino\" \/>\n<meta property=\"article:publisher\" content=\"https:\/\/www.facebook.com\/Vetorino\/\" \/>\n<meta property=\"article:modified_time\" content=\"2023-04-25T14:08:18+00:00\" \/>\n<meta property=\"og:image\" content=\"https:\/\/www.vetorino.com\/boutique\/wp-content\/uploads\/2023\/04\/1bb12f27ab3f4397a7e878beeb044673-image2.jpg\" \/>\n\t<meta property=\"og:image:width\" content=\"540\" \/>\n\t<meta property=\"og:image:height\" content=\"540\" \/>\n\t<meta property=\"og:image:type\" content=\"image\/jpeg\" \/>\n<meta name=\"twitter:card\" content=\"summary_large_image\" \/>\n<meta name=\"twitter:label1\" content=\"Disponibilit\u00e9\" \/>\n\t<meta name=\"twitter:data1\" content=\"En stock\" \/>\n<script type=\"application\/ld+json\" class=\"yoast-schema-graph\">{\"@context\":\"https:\\\/\\\/schema.org\",\"@graph\":[{\"@type\":\"WebPage\",\"@id\":\"https:\\\/\\\/www.vetorino.com\\\/boutique\\\/product\\\/sachet-ramasse-crottes-amidon-de-mais\\\/\",\"url\":\"https:\\\/\\\/www.vetorino.com\\\/boutique\\\/product\\\/sachet-ramasse-crottes-amidon-de-mais\\\/\",\"name\":\"Sachet ramasse crottes amidon de ma\u00efs Trixie - V\u00e9torino\",\"isPartOf\":{\"@id\":\"https:\\\/\\\/www.vetorino.com\\\/boutique\\\/#website\"},\"primaryImageOfPage\":{\"@id\":\"https:\\\/\\\/www.vetorino.com\\\/boutique\\\/product\\\/sachet-ramasse-crottes-amidon-de-mais\\\/#primaryimage\"},\"image\":{\"@id\":\"https:\\\/\\\/www.vetorino.com\\\/boutique\\\/product\\\/sachet-ramasse-crottes-amidon-de-mais\\\/#primaryimage\"},\"thumbnailUrl\":\"https:\\\/\\\/www.vetorino.com\\\/boutique\\\/wp-content\\\/uploads\\\/2023\\\/04\\\/1bb12f27ab3f4397a7e878beeb044673-image2.jpg\",\"datePublished\":\"2023-04-25T13:49:00+00:00\",\"dateModified\":\"2023-04-25T14:08:18+00:00\",\"description\":\"Ce\u00a0sac \u00e0 crotte biod\u00e9gradable\u00a0est con\u00e7u pour vous faciliter la vie au quotidien. Simple d'utilisation, il permet de ramasser les d\u00e9jections laiss\u00e9es par votre animal de compagnie sans vous salir les mains.\",\"breadcrumb\":{\"@id\":\"https:\\\/\\\/www.vetorino.com\\\/boutique\\\/product\\\/sachet-ramasse-crottes-amidon-de-mais\\\/#breadcrumb\"},\"inLanguage\":\"fr-FR\",\"potentialAction\":[{\"@type\":\"ReadAction\",\"target\":[\"https:\\\/\\\/www.vetorino.com\\\/boutique\\\/product\\\/sachet-ramasse-crottes-amidon-de-mais\\\/\"]}]},{\"@type\":\"ImageObject\",\"inLanguage\":\"fr-FR\",\"@id\":\"https:\\\/\\\/www.vetorino.com\\\/boutique\\\/product\\\/sachet-ramasse-crottes-amidon-de-mais\\\/#primaryimage\",\"url\":\"https:\\\/\\\/www.vetorino.com\\\/boutique\\\/wp-content\\\/uploads\\\/2023\\\/04\\\/1bb12f27ab3f4397a7e878beeb044673-image2.jpg\",\"contentUrl\":\"https:\\\/\\\/www.vetorino.com\\\/boutique\\\/wp-content\\\/uploads\\\/2023\\\/04\\\/1bb12f27ab3f4397a7e878beeb044673-image2.jpg\",\"width\":540,\"height\":540},{\"@type\":\"BreadcrumbList\",\"@id\":\"https:\\\/\\\/www.vetorino.com\\\/boutique\\\/product\\\/sachet-ramasse-crottes-amidon-de-mais\\\/#breadcrumb\",\"itemListElement\":[{\"@type\":\"ListItem\",\"position\":1,\"name\":\"Accueil\",\"item\":\"https:\\\/\\\/www.vetorino.com\\\/boutique\\\/\"},{\"@type\":\"ListItem\",\"position\":2,\"name\":\"Produits\",\"item\":\"https:\\\/\\\/www.vetorino.com\\\/boutique\\\/\"},{\"@type\":\"ListItem\",\"position\":3,\"name\":\"Sachet ramasse crottes amidon de ma\u00efs\"}]},{\"@type\":\"WebSite\",\"@id\":\"https:\\\/\\\/www.vetorino.com\\\/boutique\\\/#website\",\"url\":\"https:\\\/\\\/www.vetorino.com\\\/boutique\\\/\",\"name\":\"V\u00e9torino\",\"description\":\"\",\"publisher\":{\"@id\":\"https:\\\/\\\/www.vetorino.com\\\/boutique\\\/#organization\"},\"potentialAction\":[{\"@type\":\"SearchAction\",\"target\":{\"@type\":\"EntryPoint\",\"urlTemplate\":\"https:\\\/\\\/www.vetorino.com\\\/boutique\\\/?s={search_term_string}\"},\"query-input\":{\"@type\":\"PropertyValueSpecification\",\"valueRequired\":true,\"valueName\":\"search_term_string\"}}],\"inLanguage\":\"fr-FR\"},{\"@type\":\"Organization\",\"@id\":\"https:\\\/\\\/www.vetorino.com\\\/boutique\\\/#organization\",\"name\":\"V\u00e9torino\",\"url\":\"https:\\\/\\\/www.vetorino.com\\\/boutique\\\/\",\"logo\":{\"@type\":\"ImageObject\",\"inLanguage\":\"fr-FR\",\"@id\":\"https:\\\/\\\/www.vetorino.com\\\/boutique\\\/#\\\/schema\\\/logo\\\/image\\\/\",\"url\":\"https:\\\/\\\/www.vetorino.com\\\/boutique\\\/wp-content\\\/uploads\\\/2024\\\/10\\\/logo.jpg\",\"contentUrl\":\"https:\\\/\\\/www.vetorino.com\\\/boutique\\\/wp-content\\\/uploads\\\/2024\\\/10\\\/logo.jpg\",\"width\":1200,\"height\":610,\"caption\":\"V\u00e9torino\"},\"image\":{\"@id\":\"https:\\\/\\\/www.vetorino.com\\\/boutique\\\/#\\\/schema\\\/logo\\\/image\\\/\"},\"sameAs\":[\"https:\\\/\\\/www.facebook.com\\\/Vetorino\\\/\",\"https:\\\/\\\/www.instagram.com\\\/vetorino_off\\\/\",\"https:\\\/\\\/www.linkedin.com\\\/company\\\/vtorino\\\/\"]}]}<\/script>\n<meta property=\"product:brand\" content=\"Trixie\" \/>\n<meta property=\"og:availability\" content=\"instock\" \/>\n<meta property=\"product:availability\" content=\"instock\" \/>\n<meta property=\"product:condition\" content=\"new\" \/>\n<!-- \/ Yoast SEO plugin. -->","yoast_head_json":{"title":"Sachet ramasse crottes amidon de ma\u00efs Trixie - V\u00e9torino","description":"Ce\u00a0sac \u00e0 crotte biod\u00e9gradable\u00a0est con\u00e7u pour vous faciliter la vie au quotidien. Simple d'utilisation, il permet de ramasser les d\u00e9jections laiss\u00e9es par votre animal de compagnie sans vous salir les mains.","robots":{"index":"noindex","follow":"nofollow"},"og_locale":"fr_FR","og_type":"article","og_title":"Sachet ramasse crottes amidon de ma\u00efs Trixie - V\u00e9torino","og_description":"Ce\u00a0sac \u00e0 crotte biod\u00e9gradable\u00a0est con\u00e7u pour vous faciliter la vie au quotidien. Simple d'utilisation, il permet de ramasser les d\u00e9jections laiss\u00e9es par votre animal de compagnie sans vous salir les mains.","og_url":"https:\/\/www.vetorino.com\/veterinaire\/villenavedornon-33140-1\/boutique\/product\/sachet-ramasse-crottes-amidon-de-mais\/","og_site_name":"V\u00e9torino","article_publisher":"https:\/\/www.facebook.com\/Vetorino\/","article_modified_time":"2023-04-25T14:08:18+00:00","og_image":[{"width":540,"height":540,"url":"https:\/\/www.vetorino.com\/boutique\/wp-content\/uploads\/2023\/04\/1bb12f27ab3f4397a7e878beeb044673-image2.jpg","type":"image\/jpeg"}],"twitter_card":"summary_large_image","twitter_misc":{"Disponibilit\u00e9":"En stock"},"schema":{"@context":"https:\/\/schema.org","@graph":[{"@type":"WebPage","@id":"https:\/\/www.vetorino.com\/boutique\/product\/sachet-ramasse-crottes-amidon-de-mais\/","url":"https:\/\/www.vetorino.com\/boutique\/product\/sachet-ramasse-crottes-amidon-de-mais\/","name":"Sachet ramasse crottes amidon de ma\u00efs Trixie - V\u00e9torino","isPartOf":{"@id":"https:\/\/www.vetorino.com\/boutique\/#website"},"primaryImageOfPage":{"@id":"https:\/\/www.vetorino.com\/boutique\/product\/sachet-ramasse-crottes-amidon-de-mais\/#primaryimage"},"image":{"@id":"https:\/\/www.vetorino.com\/boutique\/product\/sachet-ramasse-crottes-amidon-de-mais\/#primaryimage"},"thumbnailUrl":"https:\/\/www.vetorino.com\/boutique\/wp-content\/uploads\/2023\/04\/1bb12f27ab3f4397a7e878beeb044673-image2.jpg","datePublished":"2023-04-25T13:49:00+00:00","dateModified":"2023-04-25T14:08:18+00:00","description":"Ce\u00a0sac \u00e0 crotte biod\u00e9gradable\u00a0est con\u00e7u pour vous faciliter la vie au quotidien. Simple d'utilisation, il permet de ramasser les d\u00e9jections laiss\u00e9es par votre animal de compagnie sans vous salir les mains.","breadcrumb":{"@id":"https:\/\/www.vetorino.com\/boutique\/product\/sachet-ramasse-crottes-amidon-de-mais\/#breadcrumb"},"inLanguage":"fr-FR","potentialAction":[{"@type":"ReadAction","target":["https:\/\/www.vetorino.com\/boutique\/product\/sachet-ramasse-crottes-amidon-de-mais\/"]}]},{"@type":"ImageObject","inLanguage":"fr-FR","@id":"https:\/\/www.vetorino.com\/boutique\/product\/sachet-ramasse-crottes-amidon-de-mais\/#primaryimage","url":"https:\/\/www.vetorino.com\/boutique\/wp-content\/uploads\/2023\/04\/1bb12f27ab3f4397a7e878beeb044673-image2.jpg","contentUrl":"https:\/\/www.vetorino.com\/boutique\/wp-content\/uploads\/2023\/04\/1bb12f27ab3f4397a7e878beeb044673-image2.jpg","width":540,"height":540},{"@type":"BreadcrumbList","@id":"https:\/\/www.vetorino.com\/boutique\/product\/sachet-ramasse-crottes-amidon-de-mais\/#breadcrumb","itemListElement":[{"@type":"ListItem","position":1,"name":"Accueil","item":"https:\/\/www.vetorino.com\/boutique\/"},{"@type":"ListItem","position":2,"name":"Produits","item":"https:\/\/www.vetorino.com\/boutique\/"},{"@type":"ListItem","position":3,"name":"Sachet ramasse crottes amidon de ma\u00efs"}]},{"@type":"WebSite","@id":"https:\/\/www.vetorino.com\/boutique\/#website","url":"https:\/\/www.vetorino.com\/boutique\/","name":"V\u00e9torino","description":"","publisher":{"@id":"https:\/\/www.vetorino.com\/boutique\/#organization"},"potentialAction":[{"@type":"SearchAction","target":{"@type":"EntryPoint","urlTemplate":"https:\/\/www.vetorino.com\/boutique\/?s={search_term_string}"},"query-input":{"@type":"PropertyValueSpecification","valueRequired":true,"valueName":"search_term_string"}}],"inLanguage":"fr-FR"},{"@type":"Organization","@id":"https:\/\/www.vetorino.com\/boutique\/#organization","name":"V\u00e9torino","url":"https:\/\/www.vetorino.com\/boutique\/","logo":{"@type":"ImageObject","inLanguage":"fr-FR","@id":"https:\/\/www.vetorino.com\/boutique\/#\/schema\/logo\/image\/","url":"https:\/\/www.vetorino.com\/boutique\/wp-content\/uploads\/2024\/10\/logo.jpg","contentUrl":"https:\/\/www.vetorino.com\/boutique\/wp-content\/uploads\/2024\/10\/logo.jpg","width":1200,"height":610,"caption":"V\u00e9torino"},"image":{"@id":"https:\/\/www.vetorino.com\/boutique\/#\/schema\/logo\/image\/"},"sameAs":["https:\/\/www.facebook.com\/Vetorino\/","https:\/\/www.instagram.com\/vetorino_off\/","https:\/\/www.linkedin.com\/company\/vtorino\/"]}]},"product_brand":"Trixie","og_availability":"instock","product_availability":"instock","product_condition":"new"},"_links":{"self":[{"href":"https:\/\/www.vetorino.com\/veterinaire\/villenavedornon-33140-1\/boutique\/wp-json\/wp\/v2\/product\/602096","targetHints":{"allow":["GET"]}}],"collection":[{"href":"https:\/\/www.vetorino.com\/veterinaire\/villenavedornon-33140-1\/boutique\/wp-json\/wp\/v2\/product"}],"about":[{"href":"https:\/\/www.vetorino.com\/veterinaire\/villenavedornon-33140-1\/boutique\/wp-json\/wp\/v2\/types\/product"}],"wp:featuredmedia":[{"embeddable":true,"href":"https:\/\/www.vetorino.com\/veterinaire\/villenavedornon-33140-1\/boutique\/wp-json\/wp\/v2\/media\/602118"}],"wp:attachment":[{"href":"https:\/\/www.vetorino.com\/veterinaire\/villenavedornon-33140-1\/boutique\/wp-json\/wp\/v2\/media?parent=602096"}],"wp:term":[{"taxonomy":"product_cat","embeddable":true,"href":"https:\/\/www.vetorino.com\/veterinaire\/villenavedornon-33140-1\/boutique\/wp-json\/wp\/v2\/product_cat?post=602096"},{"taxonomy":"product_tag","embeddable":true,"href":"https:\/\/www.vetorino.com\/veterinaire\/villenavedornon-33140-1\/boutique\/wp-json\/wp\/v2\/product_tag?post=602096"}],"curies":[{"name":"wp","href":"https:\/\/api.w.org\/{rel}","templated":true}]}}