{"id":602212,"date":"2023-04-25T17:33:30","date_gmt":"2023-04-25T15:33:30","guid":{"rendered":"https:\/\/www.vetorino.com\/boutique\/?post_type=product&#038;p=602212"},"modified":"2023-04-26T10:38:03","modified_gmt":"2023-04-26T08:38:03","slug":"dog-activity-tapis-a-renifler","status":"publish","type":"product","link":"https:\/\/www.vetorino.com\/veterinaire\/villenavedornon-33140-1\/boutique\/product\/dog-activity-tapis-a-renifler\/","title":{"rendered":"Dog Activity Tapis \u00e0 renifler"},"content":{"rendered":"<p>Ce tapis d&#8217;activit\u00e9 pour chiens est un jouet ludique et \u00e9ducatif. Il est sp\u00e9cialement con\u00e7u pour que votre chien utilise efficacement son museau et ses pattes. Il pourra renifler ou gratter pour chercher la nourriture, ou les friandises que vous avez cach\u00e9es dans les franges. Ce tapis stimulera son activit\u00e9 c\u00e9r\u00e9brale et occupera votre chien de fa\u00e7on ludique.<\/p>\n<ul>\n<li>Dog Activity jeu de strat\u00e9gie de Level 1<\/li>\n<li>avec deux longueurs de pompons diff\u00e9rentes<\/li>\n<li>peut aussi s&#8217;utiliser pour l&#8217;alimentation quotidienne avec la nourriture s\u00e8che<\/li>\n<li>\u00e9vite d&#8217;avaler trop vite la nourriture<\/li>\n<li>plaque en plastique amovible emp\u00eache de se froisser<\/li>\n<li>en polyester<\/li>\n<li>avec instructions pour l&#8217;entra\u00eenement<\/li>\n<li>conforme \u00e0 la protection des animaux selon \u00a7 18 (AT)<\/li>\n<li>Dimensions : 50 x 34 cm<\/li>\n<\/ul>\n","protected":false},"excerpt":{"rendered":"<p>Ce tapis d&#8217;activit\u00e9 pour chiens est un jouet ludique et \u00e9ducatif. Il est sp\u00e9cialement con\u00e7u pour que votre chien utilise efficacement son museau et ses pattes.<\/p>\n","protected":false},"featured_media":602235,"template":"","meta":[],"product_cat":[12550,2698,12621],"product_tag":[],"class_list":{"0":"post-602212","1":"product","2":"type-product","3":"status-publish","4":"has-post-thumbnail","6":"product_cat-accessoires-du-chien","7":"product_cat-chien","8":"product_cat-jeux-educatifs-pour-chien","9":"pa_marque-trixie","11":"first","12":"instock","13":"taxable","14":"shipping-taxable","15":"purchasable","16":"product-type-simple"},"yoast_head":"<!-- This site is optimized with the Yoast SEO plugin v27.3 - https:\/\/yoast.com\/product\/yoast-seo-wordpress\/ -->\n<title>Dog Activity Tapis \u00e0 renifler Trixie - V\u00e9torino<\/title>\n<meta name=\"description\" content=\"Ce tapis d&#039;activit\u00e9 pour chiens est un jouet ludique et \u00e9ducatif. Il est sp\u00e9cialement con\u00e7u pour que votre chien utilise efficacement son museau et ses pattes.\" \/>\n<meta name=\"robots\" content=\"noindex, nofollow\" \/>\n<meta property=\"og:locale\" content=\"fr_FR\" \/>\n<meta property=\"og:type\" content=\"article\" \/>\n<meta property=\"og:title\" content=\"Dog Activity Tapis \u00e0 renifler Trixie - V\u00e9torino\" \/>\n<meta property=\"og:description\" content=\"Ce tapis d&#039;activit\u00e9 pour chiens est un jouet ludique et \u00e9ducatif. Il est sp\u00e9cialement con\u00e7u pour que votre chien utilise efficacement son museau et ses pattes.\" \/>\n<meta property=\"og:url\" content=\"https:\/\/www.vetorino.com\/veterinaire\/villenavedornon-33140-1\/boutique\/product\/dog-activity-tapis-a-renifler\/\" \/>\n<meta property=\"og:site_name\" content=\"V\u00e9torino\" \/>\n<meta property=\"article:publisher\" content=\"https:\/\/www.facebook.com\/Vetorino\/\" \/>\n<meta property=\"article:modified_time\" content=\"2023-04-26T08:38:03+00:00\" \/>\n<meta property=\"og:image\" content=\"https:\/\/www.vetorino.com\/boutique\/wp-content\/uploads\/2023\/04\/trixie-dog-activity-sniffing-carpet-pour-chien-mp-dog.jpeg.png\" \/>\n\t<meta property=\"og:image:width\" content=\"640\" \/>\n\t<meta property=\"og:image:height\" content=\"640\" \/>\n\t<meta property=\"og:image:type\" content=\"image\/png\" \/>\n<meta name=\"twitter:card\" content=\"summary_large_image\" \/>\n<meta name=\"twitter:label1\" content=\"Prix\" \/>\n\t<meta name=\"twitter:data1\" content=\"23,83&euro;\" \/>\n\t<meta name=\"twitter:label2\" content=\"Disponibilit\u00e9\" \/>\n\t<meta name=\"twitter:data2\" content=\"En stock\" \/>\n<script type=\"application\/ld+json\" class=\"yoast-schema-graph\">{\"@context\":\"https:\\\/\\\/schema.org\",\"@graph\":[{\"@type\":\"WebPage\",\"@id\":\"https:\\\/\\\/www.vetorino.com\\\/boutique\\\/product\\\/dog-activity-tapis-a-renifler\\\/\",\"url\":\"https:\\\/\\\/www.vetorino.com\\\/boutique\\\/product\\\/dog-activity-tapis-a-renifler\\\/\",\"name\":\"Dog Activity Tapis \u00e0 renifler Trixie - V\u00e9torino\",\"isPartOf\":{\"@id\":\"https:\\\/\\\/www.vetorino.com\\\/boutique\\\/#website\"},\"primaryImageOfPage\":{\"@id\":\"https:\\\/\\\/www.vetorino.com\\\/boutique\\\/product\\\/dog-activity-tapis-a-renifler\\\/#primaryimage\"},\"image\":{\"@id\":\"https:\\\/\\\/www.vetorino.com\\\/boutique\\\/product\\\/dog-activity-tapis-a-renifler\\\/#primaryimage\"},\"thumbnailUrl\":\"https:\\\/\\\/www.vetorino.com\\\/boutique\\\/wp-content\\\/uploads\\\/2023\\\/04\\\/trixie-dog-activity-sniffing-carpet-pour-chien-mp-dog.jpeg.png\",\"datePublished\":\"2023-04-25T15:33:30+00:00\",\"dateModified\":\"2023-04-26T08:38:03+00:00\",\"description\":\"Ce tapis d'activit\u00e9 pour chiens est un jouet ludique et \u00e9ducatif. Il est sp\u00e9cialement con\u00e7u pour que votre chien utilise efficacement son museau et ses pattes.\",\"breadcrumb\":{\"@id\":\"https:\\\/\\\/www.vetorino.com\\\/boutique\\\/product\\\/dog-activity-tapis-a-renifler\\\/#breadcrumb\"},\"inLanguage\":\"fr-FR\",\"potentialAction\":[{\"@type\":\"ReadAction\",\"target\":[\"https:\\\/\\\/www.vetorino.com\\\/boutique\\\/product\\\/dog-activity-tapis-a-renifler\\\/\"]}]},{\"@type\":\"ImageObject\",\"inLanguage\":\"fr-FR\",\"@id\":\"https:\\\/\\\/www.vetorino.com\\\/boutique\\\/product\\\/dog-activity-tapis-a-renifler\\\/#primaryimage\",\"url\":\"https:\\\/\\\/www.vetorino.com\\\/boutique\\\/wp-content\\\/uploads\\\/2023\\\/04\\\/trixie-dog-activity-sniffing-carpet-pour-chien-mp-dog.jpeg.png\",\"contentUrl\":\"https:\\\/\\\/www.vetorino.com\\\/boutique\\\/wp-content\\\/uploads\\\/2023\\\/04\\\/trixie-dog-activity-sniffing-carpet-pour-chien-mp-dog.jpeg.png\",\"width\":640,\"height\":640},{\"@type\":\"BreadcrumbList\",\"@id\":\"https:\\\/\\\/www.vetorino.com\\\/boutique\\\/product\\\/dog-activity-tapis-a-renifler\\\/#breadcrumb\",\"itemListElement\":[{\"@type\":\"ListItem\",\"position\":1,\"name\":\"Accueil\",\"item\":\"https:\\\/\\\/www.vetorino.com\\\/boutique\\\/\"},{\"@type\":\"ListItem\",\"position\":2,\"name\":\"Produits\",\"item\":\"https:\\\/\\\/www.vetorino.com\\\/boutique\\\/\"},{\"@type\":\"ListItem\",\"position\":3,\"name\":\"Dog Activity Tapis \u00e0 renifler\"}]},{\"@type\":\"WebSite\",\"@id\":\"https:\\\/\\\/www.vetorino.com\\\/boutique\\\/#website\",\"url\":\"https:\\\/\\\/www.vetorino.com\\\/boutique\\\/\",\"name\":\"V\u00e9torino\",\"description\":\"\",\"publisher\":{\"@id\":\"https:\\\/\\\/www.vetorino.com\\\/boutique\\\/#organization\"},\"potentialAction\":[{\"@type\":\"SearchAction\",\"target\":{\"@type\":\"EntryPoint\",\"urlTemplate\":\"https:\\\/\\\/www.vetorino.com\\\/boutique\\\/?s={search_term_string}\"},\"query-input\":{\"@type\":\"PropertyValueSpecification\",\"valueRequired\":true,\"valueName\":\"search_term_string\"}}],\"inLanguage\":\"fr-FR\"},{\"@type\":\"Organization\",\"@id\":\"https:\\\/\\\/www.vetorino.com\\\/boutique\\\/#organization\",\"name\":\"V\u00e9torino\",\"url\":\"https:\\\/\\\/www.vetorino.com\\\/boutique\\\/\",\"logo\":{\"@type\":\"ImageObject\",\"inLanguage\":\"fr-FR\",\"@id\":\"https:\\\/\\\/www.vetorino.com\\\/boutique\\\/#\\\/schema\\\/logo\\\/image\\\/\",\"url\":\"https:\\\/\\\/www.vetorino.com\\\/boutique\\\/wp-content\\\/uploads\\\/2024\\\/10\\\/logo.jpg\",\"contentUrl\":\"https:\\\/\\\/www.vetorino.com\\\/boutique\\\/wp-content\\\/uploads\\\/2024\\\/10\\\/logo.jpg\",\"width\":1200,\"height\":610,\"caption\":\"V\u00e9torino\"},\"image\":{\"@id\":\"https:\\\/\\\/www.vetorino.com\\\/boutique\\\/#\\\/schema\\\/logo\\\/image\\\/\"},\"sameAs\":[\"https:\\\/\\\/www.facebook.com\\\/Vetorino\\\/\",\"https:\\\/\\\/www.instagram.com\\\/vetorino_off\\\/\",\"https:\\\/\\\/www.linkedin.com\\\/company\\\/vtorino\\\/\"]}]}<\/script>\n<meta property=\"product:brand\" content=\"Trixie\" \/>\n<meta property=\"product:price:amount\" content=\"23.83\" \/>\n<meta property=\"product:price:currency\" content=\"EUR\" \/>\n<meta property=\"og:availability\" content=\"instock\" \/>\n<meta property=\"product:availability\" content=\"instock\" \/>\n<meta property=\"product:retailer_item_id\" content=\"O-805900\" \/>\n<meta property=\"product:condition\" content=\"new\" \/>\n<!-- \/ Yoast SEO plugin. -->","yoast_head_json":{"title":"Dog Activity Tapis \u00e0 renifler Trixie - V\u00e9torino","description":"Ce tapis d'activit\u00e9 pour chiens est un jouet ludique et \u00e9ducatif. Il est sp\u00e9cialement con\u00e7u pour que votre chien utilise efficacement son museau et ses pattes.","robots":{"index":"noindex","follow":"nofollow"},"og_locale":"fr_FR","og_type":"article","og_title":"Dog Activity Tapis \u00e0 renifler Trixie - V\u00e9torino","og_description":"Ce tapis d'activit\u00e9 pour chiens est un jouet ludique et \u00e9ducatif. Il est sp\u00e9cialement con\u00e7u pour que votre chien utilise efficacement son museau et ses pattes.","og_url":"https:\/\/www.vetorino.com\/veterinaire\/villenavedornon-33140-1\/boutique\/product\/dog-activity-tapis-a-renifler\/","og_site_name":"V\u00e9torino","article_publisher":"https:\/\/www.facebook.com\/Vetorino\/","article_modified_time":"2023-04-26T08:38:03+00:00","og_image":[{"width":640,"height":640,"url":"https:\/\/www.vetorino.com\/boutique\/wp-content\/uploads\/2023\/04\/trixie-dog-activity-sniffing-carpet-pour-chien-mp-dog.jpeg.png","type":"image\/png"}],"twitter_card":"summary_large_image","twitter_misc":{"Prix":"23,83&euro;","Disponibilit\u00e9":"En stock"},"schema":{"@context":"https:\/\/schema.org","@graph":[{"@type":"WebPage","@id":"https:\/\/www.vetorino.com\/boutique\/product\/dog-activity-tapis-a-renifler\/","url":"https:\/\/www.vetorino.com\/boutique\/product\/dog-activity-tapis-a-renifler\/","name":"Dog Activity Tapis \u00e0 renifler Trixie - V\u00e9torino","isPartOf":{"@id":"https:\/\/www.vetorino.com\/boutique\/#website"},"primaryImageOfPage":{"@id":"https:\/\/www.vetorino.com\/boutique\/product\/dog-activity-tapis-a-renifler\/#primaryimage"},"image":{"@id":"https:\/\/www.vetorino.com\/boutique\/product\/dog-activity-tapis-a-renifler\/#primaryimage"},"thumbnailUrl":"https:\/\/www.vetorino.com\/boutique\/wp-content\/uploads\/2023\/04\/trixie-dog-activity-sniffing-carpet-pour-chien-mp-dog.jpeg.png","datePublished":"2023-04-25T15:33:30+00:00","dateModified":"2023-04-26T08:38:03+00:00","description":"Ce tapis d'activit\u00e9 pour chiens est un jouet ludique et \u00e9ducatif. Il est sp\u00e9cialement con\u00e7u pour que votre chien utilise efficacement son museau et ses pattes.","breadcrumb":{"@id":"https:\/\/www.vetorino.com\/boutique\/product\/dog-activity-tapis-a-renifler\/#breadcrumb"},"inLanguage":"fr-FR","potentialAction":[{"@type":"ReadAction","target":["https:\/\/www.vetorino.com\/boutique\/product\/dog-activity-tapis-a-renifler\/"]}]},{"@type":"ImageObject","inLanguage":"fr-FR","@id":"https:\/\/www.vetorino.com\/boutique\/product\/dog-activity-tapis-a-renifler\/#primaryimage","url":"https:\/\/www.vetorino.com\/boutique\/wp-content\/uploads\/2023\/04\/trixie-dog-activity-sniffing-carpet-pour-chien-mp-dog.jpeg.png","contentUrl":"https:\/\/www.vetorino.com\/boutique\/wp-content\/uploads\/2023\/04\/trixie-dog-activity-sniffing-carpet-pour-chien-mp-dog.jpeg.png","width":640,"height":640},{"@type":"BreadcrumbList","@id":"https:\/\/www.vetorino.com\/boutique\/product\/dog-activity-tapis-a-renifler\/#breadcrumb","itemListElement":[{"@type":"ListItem","position":1,"name":"Accueil","item":"https:\/\/www.vetorino.com\/boutique\/"},{"@type":"ListItem","position":2,"name":"Produits","item":"https:\/\/www.vetorino.com\/boutique\/"},{"@type":"ListItem","position":3,"name":"Dog Activity Tapis \u00e0 renifler"}]},{"@type":"WebSite","@id":"https:\/\/www.vetorino.com\/boutique\/#website","url":"https:\/\/www.vetorino.com\/boutique\/","name":"V\u00e9torino","description":"","publisher":{"@id":"https:\/\/www.vetorino.com\/boutique\/#organization"},"potentialAction":[{"@type":"SearchAction","target":{"@type":"EntryPoint","urlTemplate":"https:\/\/www.vetorino.com\/boutique\/?s={search_term_string}"},"query-input":{"@type":"PropertyValueSpecification","valueRequired":true,"valueName":"search_term_string"}}],"inLanguage":"fr-FR"},{"@type":"Organization","@id":"https:\/\/www.vetorino.com\/boutique\/#organization","name":"V\u00e9torino","url":"https:\/\/www.vetorino.com\/boutique\/","logo":{"@type":"ImageObject","inLanguage":"fr-FR","@id":"https:\/\/www.vetorino.com\/boutique\/#\/schema\/logo\/image\/","url":"https:\/\/www.vetorino.com\/boutique\/wp-content\/uploads\/2024\/10\/logo.jpg","contentUrl":"https:\/\/www.vetorino.com\/boutique\/wp-content\/uploads\/2024\/10\/logo.jpg","width":1200,"height":610,"caption":"V\u00e9torino"},"image":{"@id":"https:\/\/www.vetorino.com\/boutique\/#\/schema\/logo\/image\/"},"sameAs":["https:\/\/www.facebook.com\/Vetorino\/","https:\/\/www.instagram.com\/vetorino_off\/","https:\/\/www.linkedin.com\/company\/vtorino\/"]}]},"product_brand":"Trixie","product_price_amount":"23.83","product_price_currency":"EUR","og_availability":"instock","product_availability":"instock","product_retailer_item_id":"O-805900","product_condition":"new"},"_links":{"self":[{"href":"https:\/\/www.vetorino.com\/veterinaire\/villenavedornon-33140-1\/boutique\/wp-json\/wp\/v2\/product\/602212","targetHints":{"allow":["GET"]}}],"collection":[{"href":"https:\/\/www.vetorino.com\/veterinaire\/villenavedornon-33140-1\/boutique\/wp-json\/wp\/v2\/product"}],"about":[{"href":"https:\/\/www.vetorino.com\/veterinaire\/villenavedornon-33140-1\/boutique\/wp-json\/wp\/v2\/types\/product"}],"wp:featuredmedia":[{"embeddable":true,"href":"https:\/\/www.vetorino.com\/veterinaire\/villenavedornon-33140-1\/boutique\/wp-json\/wp\/v2\/media\/602235"}],"wp:attachment":[{"href":"https:\/\/www.vetorino.com\/veterinaire\/villenavedornon-33140-1\/boutique\/wp-json\/wp\/v2\/media?parent=602212"}],"wp:term":[{"taxonomy":"product_cat","embeddable":true,"href":"https:\/\/www.vetorino.com\/veterinaire\/villenavedornon-33140-1\/boutique\/wp-json\/wp\/v2\/product_cat?post=602212"},{"taxonomy":"product_tag","embeddable":true,"href":"https:\/\/www.vetorino.com\/veterinaire\/villenavedornon-33140-1\/boutique\/wp-json\/wp\/v2\/product_tag?post=602212"}],"curies":[{"name":"wp","href":"https:\/\/api.w.org\/{rel}","templated":true}]}}