{"id":602743,"date":"2023-04-26T11:18:57","date_gmt":"2023-04-26T09:18:57","guid":{"rendered":"https:\/\/www.vetorino.com\/boutique\/?post_type=product&#038;p=602743"},"modified":"2023-05-24T04:36:57","modified_gmt":"2023-05-24T02:36:57","slug":"harnais-pour-chat-active","status":"publish","type":"product","link":"https:\/\/www.vetorino.com\/veterinaire\/villenavedornon-33140-1\/boutique\/product\/harnais-pour-chat-active\/","title":{"rendered":"Harnais pour chat Active"},"content":{"rendered":"<p>Harnais pour chat avec une ligne de 120 cm de long. Fabriqu\u00e9 \u00e0 partir de mat\u00e9riau maill\u00e9 l\u00e9ger et doux avec des clips pour une ouverture et une fermeture rapides. Circonf\u00e9rence du cou environ 28 cm, circonf\u00e9rence abdominale 34-44 cm. Disponible en rouge et bleu.<\/p>\n<p><strong>Caract\u00e9ristiques :<\/strong><\/p>\n<p>Incl. ligne 120 cm.<br \/>\nMati\u00e8re l\u00e9g\u00e8re et douce.<br \/>\nTour de cou environ 28 cm.<br \/>\nCirconf\u00e9rence du ventre 34-44 cm.<\/p>\n","protected":false},"excerpt":{"rendered":"<p>Harnais pour chat avec une ligne de 120 cm de long. Fabriqu\u00e9 \u00e0 partir de mat\u00e9riau maill\u00e9 l\u00e9ger et doux avec des clips pour une ouverture et une fermeture rapides. Circonf\u00e9rence du cou environ 28 cm, circonf\u00e9rence abdominale 34-44 cm. Disponible en rouge et bleu.<\/p>\n","protected":false},"featured_media":602750,"template":"","meta":[],"product_cat":[12548,2697,12631],"product_tag":[],"class_list":{"0":"post-602743","1":"product","2":"type-product","3":"status-publish","4":"has-post-thumbnail","6":"product_cat-accessoire-du-chat","7":"product_cat-chat","8":"product_cat-sortie-du-chat","9":"pa_marque-kerbl","11":"first","12":"instock","13":"taxable","14":"shipping-taxable","15":"purchasable","16":"product-type-variable"},"yoast_head":"<!-- This site is optimized with the Yoast SEO plugin v27.3 - https:\/\/yoast.com\/product\/yoast-seo-wordpress\/ -->\n<title>Harnais pour chat Active Kerbl - V\u00e9torino<\/title>\n<meta name=\"description\" content=\"Harnais pour chat avec une ligne de 120 cm de long. Fabriqu\u00e9 \u00e0 partir de mat\u00e9riau maill\u00e9 l\u00e9ger et doux avec des clips pour une ouverture et une fermeture rapides. Circonf\u00e9rence du cou environ 28 cm, circonf\u00e9rence abdominale 34-44 cm. Disponible en rouge et bleu.\" \/>\n<meta name=\"robots\" content=\"noindex, nofollow\" \/>\n<meta property=\"og:locale\" content=\"fr_FR\" \/>\n<meta property=\"og:type\" content=\"article\" \/>\n<meta property=\"og:title\" content=\"Harnais pour chat Active Kerbl - V\u00e9torino\" \/>\n<meta property=\"og:description\" content=\"Harnais pour chat avec une ligne de 120 cm de long. Fabriqu\u00e9 \u00e0 partir de mat\u00e9riau maill\u00e9 l\u00e9ger et doux avec des clips pour une ouverture et une fermeture rapides. Circonf\u00e9rence du cou environ 28 cm, circonf\u00e9rence abdominale 34-44 cm. Disponible en rouge et bleu.\" \/>\n<meta property=\"og:url\" content=\"https:\/\/www.vetorino.com\/veterinaire\/villenavedornon-33140-1\/boutique\/product\/harnais-pour-chat-active\/\" \/>\n<meta property=\"og:site_name\" content=\"V\u00e9torino\" \/>\n<meta property=\"article:publisher\" content=\"https:\/\/www.facebook.com\/Vetorino\/\" \/>\n<meta property=\"article:modified_time\" content=\"2023-05-24T02:36:57+00:00\" \/>\n<meta property=\"og:image\" content=\"https:\/\/www.vetorino.com\/boutique\/wp-content\/uploads\/2023\/04\/ke-826451.d0b8c7-2.jpg\" \/>\n\t<meta property=\"og:image:width\" content=\"555\" \/>\n\t<meta property=\"og:image:height\" content=\"555\" \/>\n\t<meta property=\"og:image:type\" content=\"image\/jpeg\" \/>\n<meta name=\"twitter:card\" content=\"summary_large_image\" \/>\n<meta name=\"twitter:label1\" content=\"Disponibilit\u00e9\" \/>\n\t<meta name=\"twitter:data1\" content=\"En stock\" \/>\n<script type=\"application\/ld+json\" class=\"yoast-schema-graph\">{\"@context\":\"https:\\\/\\\/schema.org\",\"@graph\":[{\"@type\":\"WebPage\",\"@id\":\"https:\\\/\\\/www.vetorino.com\\\/veterinaire\\\/vincennes-loup-94300\\\/boutique\\\/product\\\/harnais-pour-chat-active\\\/\",\"url\":\"https:\\\/\\\/www.vetorino.com\\\/veterinaire\\\/vincennes-loup-94300\\\/boutique\\\/product\\\/harnais-pour-chat-active\\\/\",\"name\":\"Harnais pour chat Active Kerbl - V\u00e9torino\",\"isPartOf\":{\"@id\":\"https:\\\/\\\/www.vetorino.com\\\/boutique\\\/#website\"},\"primaryImageOfPage\":{\"@id\":\"https:\\\/\\\/www.vetorino.com\\\/veterinaire\\\/vincennes-loup-94300\\\/boutique\\\/product\\\/harnais-pour-chat-active\\\/#primaryimage\"},\"image\":{\"@id\":\"https:\\\/\\\/www.vetorino.com\\\/veterinaire\\\/vincennes-loup-94300\\\/boutique\\\/product\\\/harnais-pour-chat-active\\\/#primaryimage\"},\"thumbnailUrl\":\"https:\\\/\\\/www.vetorino.com\\\/boutique\\\/wp-content\\\/uploads\\\/2023\\\/04\\\/ke-826451.d0b8c7-2.jpg\",\"datePublished\":\"2023-04-26T09:18:57+00:00\",\"dateModified\":\"2023-05-24T02:36:57+00:00\",\"description\":\"Harnais pour chat avec une ligne de 120 cm de long. Fabriqu\u00e9 \u00e0 partir de mat\u00e9riau maill\u00e9 l\u00e9ger et doux avec des clips pour une ouverture et une fermeture rapides. Circonf\u00e9rence du cou environ 28 cm, circonf\u00e9rence abdominale 34-44 cm. Disponible en rouge et bleu.\",\"breadcrumb\":{\"@id\":\"https:\\\/\\\/www.vetorino.com\\\/veterinaire\\\/vincennes-loup-94300\\\/boutique\\\/product\\\/harnais-pour-chat-active\\\/#breadcrumb\"},\"inLanguage\":\"fr-FR\",\"potentialAction\":[{\"@type\":\"ReadAction\",\"target\":[\"https:\\\/\\\/www.vetorino.com\\\/veterinaire\\\/vincennes-loup-94300\\\/boutique\\\/product\\\/harnais-pour-chat-active\\\/\"]}]},{\"@type\":\"ImageObject\",\"inLanguage\":\"fr-FR\",\"@id\":\"https:\\\/\\\/www.vetorino.com\\\/veterinaire\\\/vincennes-loup-94300\\\/boutique\\\/product\\\/harnais-pour-chat-active\\\/#primaryimage\",\"url\":\"https:\\\/\\\/www.vetorino.com\\\/boutique\\\/wp-content\\\/uploads\\\/2023\\\/04\\\/ke-826451.d0b8c7-2.jpg\",\"contentUrl\":\"https:\\\/\\\/www.vetorino.com\\\/boutique\\\/wp-content\\\/uploads\\\/2023\\\/04\\\/ke-826451.d0b8c7-2.jpg\",\"width\":555,\"height\":555},{\"@type\":\"BreadcrumbList\",\"@id\":\"https:\\\/\\\/www.vetorino.com\\\/veterinaire\\\/vincennes-loup-94300\\\/boutique\\\/product\\\/harnais-pour-chat-active\\\/#breadcrumb\",\"itemListElement\":[{\"@type\":\"ListItem\",\"position\":1,\"name\":\"Accueil\",\"item\":\"https:\\\/\\\/www.vetorino.com\\\/boutique\\\/\"},{\"@type\":\"ListItem\",\"position\":2,\"name\":\"Produits\",\"item\":\"https:\\\/\\\/www.vetorino.com\\\/boutique\\\/\"},{\"@type\":\"ListItem\",\"position\":3,\"name\":\"Harnais pour chat Active\"}]},{\"@type\":\"WebSite\",\"@id\":\"https:\\\/\\\/www.vetorino.com\\\/boutique\\\/#website\",\"url\":\"https:\\\/\\\/www.vetorino.com\\\/boutique\\\/\",\"name\":\"V\u00e9torino\",\"description\":\"\",\"publisher\":{\"@id\":\"https:\\\/\\\/www.vetorino.com\\\/boutique\\\/#organization\"},\"potentialAction\":[{\"@type\":\"SearchAction\",\"target\":{\"@type\":\"EntryPoint\",\"urlTemplate\":\"https:\\\/\\\/www.vetorino.com\\\/boutique\\\/?s={search_term_string}\"},\"query-input\":{\"@type\":\"PropertyValueSpecification\",\"valueRequired\":true,\"valueName\":\"search_term_string\"}}],\"inLanguage\":\"fr-FR\"},{\"@type\":\"Organization\",\"@id\":\"https:\\\/\\\/www.vetorino.com\\\/boutique\\\/#organization\",\"name\":\"V\u00e9torino\",\"url\":\"https:\\\/\\\/www.vetorino.com\\\/boutique\\\/\",\"logo\":{\"@type\":\"ImageObject\",\"inLanguage\":\"fr-FR\",\"@id\":\"https:\\\/\\\/www.vetorino.com\\\/boutique\\\/#\\\/schema\\\/logo\\\/image\\\/\",\"url\":\"https:\\\/\\\/www.vetorino.com\\\/boutique\\\/wp-content\\\/uploads\\\/2024\\\/10\\\/logo.jpg\",\"contentUrl\":\"https:\\\/\\\/www.vetorino.com\\\/boutique\\\/wp-content\\\/uploads\\\/2024\\\/10\\\/logo.jpg\",\"width\":1200,\"height\":610,\"caption\":\"V\u00e9torino\"},\"image\":{\"@id\":\"https:\\\/\\\/www.vetorino.com\\\/boutique\\\/#\\\/schema\\\/logo\\\/image\\\/\"},\"sameAs\":[\"https:\\\/\\\/www.facebook.com\\\/Vetorino\\\/\",\"https:\\\/\\\/www.instagram.com\\\/vetorino_off\\\/\",\"https:\\\/\\\/www.linkedin.com\\\/company\\\/vtorino\\\/\"]}]}<\/script>\n<meta property=\"product:brand\" content=\"Kerbl\" \/>\n<meta property=\"og:availability\" content=\"instock\" \/>\n<meta property=\"product:availability\" content=\"instock\" \/>\n<meta property=\"product:condition\" content=\"new\" \/>\n<!-- \/ Yoast SEO plugin. -->","yoast_head_json":{"title":"Harnais pour chat Active Kerbl - V\u00e9torino","description":"Harnais pour chat avec une ligne de 120 cm de long. Fabriqu\u00e9 \u00e0 partir de mat\u00e9riau maill\u00e9 l\u00e9ger et doux avec des clips pour une ouverture et une fermeture rapides. Circonf\u00e9rence du cou environ 28 cm, circonf\u00e9rence abdominale 34-44 cm. Disponible en rouge et bleu.","robots":{"index":"noindex","follow":"nofollow"},"og_locale":"fr_FR","og_type":"article","og_title":"Harnais pour chat Active Kerbl - V\u00e9torino","og_description":"Harnais pour chat avec une ligne de 120 cm de long. Fabriqu\u00e9 \u00e0 partir de mat\u00e9riau maill\u00e9 l\u00e9ger et doux avec des clips pour une ouverture et une fermeture rapides. Circonf\u00e9rence du cou environ 28 cm, circonf\u00e9rence abdominale 34-44 cm. Disponible en rouge et bleu.","og_url":"https:\/\/www.vetorino.com\/veterinaire\/villenavedornon-33140-1\/boutique\/product\/harnais-pour-chat-active\/","og_site_name":"V\u00e9torino","article_publisher":"https:\/\/www.facebook.com\/Vetorino\/","article_modified_time":"2023-05-24T02:36:57+00:00","og_image":[{"width":555,"height":555,"url":"https:\/\/www.vetorino.com\/boutique\/wp-content\/uploads\/2023\/04\/ke-826451.d0b8c7-2.jpg","type":"image\/jpeg"}],"twitter_card":"summary_large_image","twitter_misc":{"Disponibilit\u00e9":"En stock"},"schema":{"@context":"https:\/\/schema.org","@graph":[{"@type":"WebPage","@id":"https:\/\/www.vetorino.com\/veterinaire\/vincennes-loup-94300\/boutique\/product\/harnais-pour-chat-active\/","url":"https:\/\/www.vetorino.com\/veterinaire\/vincennes-loup-94300\/boutique\/product\/harnais-pour-chat-active\/","name":"Harnais pour chat Active Kerbl - V\u00e9torino","isPartOf":{"@id":"https:\/\/www.vetorino.com\/boutique\/#website"},"primaryImageOfPage":{"@id":"https:\/\/www.vetorino.com\/veterinaire\/vincennes-loup-94300\/boutique\/product\/harnais-pour-chat-active\/#primaryimage"},"image":{"@id":"https:\/\/www.vetorino.com\/veterinaire\/vincennes-loup-94300\/boutique\/product\/harnais-pour-chat-active\/#primaryimage"},"thumbnailUrl":"https:\/\/www.vetorino.com\/boutique\/wp-content\/uploads\/2023\/04\/ke-826451.d0b8c7-2.jpg","datePublished":"2023-04-26T09:18:57+00:00","dateModified":"2023-05-24T02:36:57+00:00","description":"Harnais pour chat avec une ligne de 120 cm de long. Fabriqu\u00e9 \u00e0 partir de mat\u00e9riau maill\u00e9 l\u00e9ger et doux avec des clips pour une ouverture et une fermeture rapides. Circonf\u00e9rence du cou environ 28 cm, circonf\u00e9rence abdominale 34-44 cm. Disponible en rouge et bleu.","breadcrumb":{"@id":"https:\/\/www.vetorino.com\/veterinaire\/vincennes-loup-94300\/boutique\/product\/harnais-pour-chat-active\/#breadcrumb"},"inLanguage":"fr-FR","potentialAction":[{"@type":"ReadAction","target":["https:\/\/www.vetorino.com\/veterinaire\/vincennes-loup-94300\/boutique\/product\/harnais-pour-chat-active\/"]}]},{"@type":"ImageObject","inLanguage":"fr-FR","@id":"https:\/\/www.vetorino.com\/veterinaire\/vincennes-loup-94300\/boutique\/product\/harnais-pour-chat-active\/#primaryimage","url":"https:\/\/www.vetorino.com\/boutique\/wp-content\/uploads\/2023\/04\/ke-826451.d0b8c7-2.jpg","contentUrl":"https:\/\/www.vetorino.com\/boutique\/wp-content\/uploads\/2023\/04\/ke-826451.d0b8c7-2.jpg","width":555,"height":555},{"@type":"BreadcrumbList","@id":"https:\/\/www.vetorino.com\/veterinaire\/vincennes-loup-94300\/boutique\/product\/harnais-pour-chat-active\/#breadcrumb","itemListElement":[{"@type":"ListItem","position":1,"name":"Accueil","item":"https:\/\/www.vetorino.com\/boutique\/"},{"@type":"ListItem","position":2,"name":"Produits","item":"https:\/\/www.vetorino.com\/boutique\/"},{"@type":"ListItem","position":3,"name":"Harnais pour chat Active"}]},{"@type":"WebSite","@id":"https:\/\/www.vetorino.com\/boutique\/#website","url":"https:\/\/www.vetorino.com\/boutique\/","name":"V\u00e9torino","description":"","publisher":{"@id":"https:\/\/www.vetorino.com\/boutique\/#organization"},"potentialAction":[{"@type":"SearchAction","target":{"@type":"EntryPoint","urlTemplate":"https:\/\/www.vetorino.com\/boutique\/?s={search_term_string}"},"query-input":{"@type":"PropertyValueSpecification","valueRequired":true,"valueName":"search_term_string"}}],"inLanguage":"fr-FR"},{"@type":"Organization","@id":"https:\/\/www.vetorino.com\/boutique\/#organization","name":"V\u00e9torino","url":"https:\/\/www.vetorino.com\/boutique\/","logo":{"@type":"ImageObject","inLanguage":"fr-FR","@id":"https:\/\/www.vetorino.com\/boutique\/#\/schema\/logo\/image\/","url":"https:\/\/www.vetorino.com\/boutique\/wp-content\/uploads\/2024\/10\/logo.jpg","contentUrl":"https:\/\/www.vetorino.com\/boutique\/wp-content\/uploads\/2024\/10\/logo.jpg","width":1200,"height":610,"caption":"V\u00e9torino"},"image":{"@id":"https:\/\/www.vetorino.com\/boutique\/#\/schema\/logo\/image\/"},"sameAs":["https:\/\/www.facebook.com\/Vetorino\/","https:\/\/www.instagram.com\/vetorino_off\/","https:\/\/www.linkedin.com\/company\/vtorino\/"]}]},"product_brand":"Kerbl","og_availability":"instock","product_availability":"instock","product_condition":"new"},"_links":{"self":[{"href":"https:\/\/www.vetorino.com\/veterinaire\/villenavedornon-33140-1\/boutique\/wp-json\/wp\/v2\/product\/602743","targetHints":{"allow":["GET"]}}],"collection":[{"href":"https:\/\/www.vetorino.com\/veterinaire\/villenavedornon-33140-1\/boutique\/wp-json\/wp\/v2\/product"}],"about":[{"href":"https:\/\/www.vetorino.com\/veterinaire\/villenavedornon-33140-1\/boutique\/wp-json\/wp\/v2\/types\/product"}],"wp:featuredmedia":[{"embeddable":true,"href":"https:\/\/www.vetorino.com\/veterinaire\/villenavedornon-33140-1\/boutique\/wp-json\/wp\/v2\/media\/602750"}],"wp:attachment":[{"href":"https:\/\/www.vetorino.com\/veterinaire\/villenavedornon-33140-1\/boutique\/wp-json\/wp\/v2\/media?parent=602743"}],"wp:term":[{"taxonomy":"product_cat","embeddable":true,"href":"https:\/\/www.vetorino.com\/veterinaire\/villenavedornon-33140-1\/boutique\/wp-json\/wp\/v2\/product_cat?post=602743"},{"taxonomy":"product_tag","embeddable":true,"href":"https:\/\/www.vetorino.com\/veterinaire\/villenavedornon-33140-1\/boutique\/wp-json\/wp\/v2\/product_tag?post=602743"}],"curies":[{"name":"wp","href":"https:\/\/api.w.org\/{rel}","templated":true}]}}