{"id":602760,"date":"2023-04-26T11:28:30","date_gmt":"2023-04-26T09:28:30","guid":{"rendered":"https:\/\/www.vetorino.com\/boutique\/?post_type=product&#038;p=602760"},"modified":"2023-04-26T11:35:03","modified_gmt":"2023-04-26T09:35:03","slug":"collier-chat-my-home-reflechissant","status":"publish","type":"product","link":"https:\/\/www.vetorino.com\/veterinaire\/villenavedornon-33140-1\/boutique\/product\/collier-chat-my-home-reflechissant\/","title":{"rendered":"Collier chat MY HOME r\u00e9fl\u00e9chissant"},"content":{"rendered":"<div class=\"product info detailed\">\n<div class=\"product data items\" role=\"tablist\">\n<div class=\"contents\">\n<div id=\"description\" class=\"data item content\" tabindex=\"0\" aria-labelledby=\"tab-label-description-title\" data-role=\"content\">\n<div class=\"product attribute description\">\n<div class=\"value\">\n<p>Le\u00a0<strong>collier avec bande d&#8217;adresse<\/strong>\u00a0con\u00e7u par Trixie est recommand\u00e9 pour\u00a0<strong>signaler l&#8217;adresse du chat<\/strong>\u00a0\u00e0 toute personne apercevant votre petit f\u00e9lin.<br \/>\nIl sera donc particuli\u00e8rement pratique si le\u00a0<strong>chat est perdu ou en cas de sauvetage<\/strong>. Vous avez de quoi vous sentir rassur\u00e9 lorsque votre chat se prom\u00e8ne seul en ext\u00e9rieur.<br \/>\nPour \u00e9viter le risque d&#8217;\u00e9tranglement, ce collier s&#8217;adaptera tr\u00e8s facilement \u00e0 la morphologie de votre animal car il dispose d&#8217;une\u00a0<strong>bande tiss\u00e9e r\u00e9glable en continue<\/strong>.<\/p>\n<p><strong>Les plus de ce produit :<\/strong><\/p>\n<ul>\n<li>Bande tiss\u00e9e r\u00e9glable en continue<\/li>\n<li>Bande d&#8217;adresse<\/li>\n<li>Utile pour la s\u00e9curit\u00e9 de l&#8217;animal<\/li>\n<li>Bandes r\u00e9fl\u00e9chissantes<\/li>\n<li>Coloris al\u00e9atoire<\/li>\n<\/ul>\n<\/div>\n<\/div>\n<\/div>\n<\/div>\n<\/div>\n<\/div>\n<div class=\"block widget upsell\" data-limit=\"0\" data-shuffle=\"0\">\n<div class=\"block-title title\"><\/div>\n<\/div>\n","protected":false},"excerpt":{"rendered":"<p>Vous recherchez un collier pratique pour votre chat ? Le collier Trixie est muni d&#8217;une bande d&#8217;adresse qui vous sera utile pour signaler l&#8217;adresse de votre chat. Il est muni d&#8217;une bande r\u00e9glable qui s&#8217;adaptera au cou de votre chat. Avec cet accessoire, soyez tranquille !<\/p>\n","protected":false},"featured_media":602763,"template":"","meta":[],"product_cat":[12548,2697,12631],"product_tag":[],"class_list":{"0":"post-602760","1":"product","2":"type-product","3":"status-publish","4":"has-post-thumbnail","6":"product_cat-accessoire-du-chat","7":"product_cat-chat","8":"product_cat-sortie-du-chat","9":"pa_marque-trixie","11":"first","12":"instock","13":"taxable","14":"shipping-taxable","15":"purchasable","16":"product-type-variable"},"yoast_head":"<!-- This site is optimized with the Yoast SEO plugin v27.3 - https:\/\/yoast.com\/product\/yoast-seo-wordpress\/ -->\n<title>Collier chat MY HOME r\u00e9fl\u00e9chissant Trixie - V\u00e9torino<\/title>\n<meta name=\"description\" content=\"Vous recherchez un collier pratique pour votre chat ? Le collier Trixie est muni d&#039;une bande d&#039;adresse qui vous sera utile pour signaler l&#039;adresse de votre chat. Il est muni d&#039;une bande r\u00e9glable qui s&#039;adaptera au cou de votre chat. Avec cet accessoire, soyez tranquille !\" \/>\n<meta name=\"robots\" content=\"noindex, nofollow\" \/>\n<meta property=\"og:locale\" content=\"fr_FR\" \/>\n<meta property=\"og:type\" content=\"article\" \/>\n<meta property=\"og:title\" content=\"Collier chat MY HOME r\u00e9fl\u00e9chissant Trixie - V\u00e9torino\" \/>\n<meta property=\"og:description\" content=\"Vous recherchez un collier pratique pour votre chat ? Le collier Trixie est muni d&#039;une bande d&#039;adresse qui vous sera utile pour signaler l&#039;adresse de votre chat. Il est muni d&#039;une bande r\u00e9glable qui s&#039;adaptera au cou de votre chat. Avec cet accessoire, soyez tranquille !\" \/>\n<meta property=\"og:url\" content=\"https:\/\/www.vetorino.com\/veterinaire\/villenavedornon-33140-1\/boutique\/product\/collier-chat-my-home-reflechissant\/\" \/>\n<meta property=\"og:site_name\" content=\"V\u00e9torino\" \/>\n<meta property=\"article:publisher\" content=\"https:\/\/www.facebook.com\/Vetorino\/\" \/>\n<meta property=\"article:modified_time\" content=\"2023-04-26T09:35:03+00:00\" \/>\n<meta property=\"og:image\" content=\"https:\/\/www.vetorino.com\/boutique\/wp-content\/uploads\/2023\/04\/Screenshot2022-05-10154643_720x.png\" \/>\n\t<meta property=\"og:image:width\" content=\"720\" \/>\n\t<meta property=\"og:image:height\" content=\"373\" \/>\n\t<meta property=\"og:image:type\" content=\"image\/png\" \/>\n<meta name=\"twitter:card\" content=\"summary_large_image\" \/>\n<meta name=\"twitter:label1\" content=\"Disponibilit\u00e9\" \/>\n\t<meta name=\"twitter:data1\" content=\"En stock\" \/>\n<script type=\"application\/ld+json\" class=\"yoast-schema-graph\">{\"@context\":\"https:\\\/\\\/schema.org\",\"@graph\":[{\"@type\":\"WebPage\",\"@id\":\"https:\\\/\\\/www.vetorino.com\\\/boutique\\\/product\\\/collier-chat-my-home-reflechissant\\\/\",\"url\":\"https:\\\/\\\/www.vetorino.com\\\/boutique\\\/product\\\/collier-chat-my-home-reflechissant\\\/\",\"name\":\"Collier chat MY HOME r\u00e9fl\u00e9chissant Trixie - V\u00e9torino\",\"isPartOf\":{\"@id\":\"https:\\\/\\\/www.vetorino.com\\\/boutique\\\/#website\"},\"primaryImageOfPage\":{\"@id\":\"https:\\\/\\\/www.vetorino.com\\\/boutique\\\/product\\\/collier-chat-my-home-reflechissant\\\/#primaryimage\"},\"image\":{\"@id\":\"https:\\\/\\\/www.vetorino.com\\\/boutique\\\/product\\\/collier-chat-my-home-reflechissant\\\/#primaryimage\"},\"thumbnailUrl\":\"https:\\\/\\\/www.vetorino.com\\\/boutique\\\/wp-content\\\/uploads\\\/2023\\\/04\\\/Screenshot2022-05-10154643_720x.png\",\"datePublished\":\"2023-04-26T09:28:30+00:00\",\"dateModified\":\"2023-04-26T09:35:03+00:00\",\"description\":\"Vous recherchez un collier pratique pour votre chat ? Le collier Trixie est muni d'une bande d'adresse qui vous sera utile pour signaler l'adresse de votre chat. Il est muni d'une bande r\u00e9glable qui s'adaptera au cou de votre chat. Avec cet accessoire, soyez tranquille !\",\"breadcrumb\":{\"@id\":\"https:\\\/\\\/www.vetorino.com\\\/boutique\\\/product\\\/collier-chat-my-home-reflechissant\\\/#breadcrumb\"},\"inLanguage\":\"fr-FR\",\"potentialAction\":[{\"@type\":\"ReadAction\",\"target\":[\"https:\\\/\\\/www.vetorino.com\\\/boutique\\\/product\\\/collier-chat-my-home-reflechissant\\\/\"]}]},{\"@type\":\"ImageObject\",\"inLanguage\":\"fr-FR\",\"@id\":\"https:\\\/\\\/www.vetorino.com\\\/boutique\\\/product\\\/collier-chat-my-home-reflechissant\\\/#primaryimage\",\"url\":\"https:\\\/\\\/www.vetorino.com\\\/boutique\\\/wp-content\\\/uploads\\\/2023\\\/04\\\/Screenshot2022-05-10154643_720x.png\",\"contentUrl\":\"https:\\\/\\\/www.vetorino.com\\\/boutique\\\/wp-content\\\/uploads\\\/2023\\\/04\\\/Screenshot2022-05-10154643_720x.png\",\"width\":720,\"height\":373},{\"@type\":\"BreadcrumbList\",\"@id\":\"https:\\\/\\\/www.vetorino.com\\\/boutique\\\/product\\\/collier-chat-my-home-reflechissant\\\/#breadcrumb\",\"itemListElement\":[{\"@type\":\"ListItem\",\"position\":1,\"name\":\"Accueil\",\"item\":\"https:\\\/\\\/www.vetorino.com\\\/boutique\\\/\"},{\"@type\":\"ListItem\",\"position\":2,\"name\":\"Produits\",\"item\":\"https:\\\/\\\/www.vetorino.com\\\/boutique\\\/\"},{\"@type\":\"ListItem\",\"position\":3,\"name\":\"Collier chat MY HOME r\u00e9fl\u00e9chissant\"}]},{\"@type\":\"WebSite\",\"@id\":\"https:\\\/\\\/www.vetorino.com\\\/boutique\\\/#website\",\"url\":\"https:\\\/\\\/www.vetorino.com\\\/boutique\\\/\",\"name\":\"V\u00e9torino\",\"description\":\"\",\"publisher\":{\"@id\":\"https:\\\/\\\/www.vetorino.com\\\/boutique\\\/#organization\"},\"potentialAction\":[{\"@type\":\"SearchAction\",\"target\":{\"@type\":\"EntryPoint\",\"urlTemplate\":\"https:\\\/\\\/www.vetorino.com\\\/boutique\\\/?s={search_term_string}\"},\"query-input\":{\"@type\":\"PropertyValueSpecification\",\"valueRequired\":true,\"valueName\":\"search_term_string\"}}],\"inLanguage\":\"fr-FR\"},{\"@type\":\"Organization\",\"@id\":\"https:\\\/\\\/www.vetorino.com\\\/boutique\\\/#organization\",\"name\":\"V\u00e9torino\",\"url\":\"https:\\\/\\\/www.vetorino.com\\\/boutique\\\/\",\"logo\":{\"@type\":\"ImageObject\",\"inLanguage\":\"fr-FR\",\"@id\":\"https:\\\/\\\/www.vetorino.com\\\/boutique\\\/#\\\/schema\\\/logo\\\/image\\\/\",\"url\":\"https:\\\/\\\/www.vetorino.com\\\/boutique\\\/wp-content\\\/uploads\\\/2024\\\/10\\\/logo.jpg\",\"contentUrl\":\"https:\\\/\\\/www.vetorino.com\\\/boutique\\\/wp-content\\\/uploads\\\/2024\\\/10\\\/logo.jpg\",\"width\":1200,\"height\":610,\"caption\":\"V\u00e9torino\"},\"image\":{\"@id\":\"https:\\\/\\\/www.vetorino.com\\\/boutique\\\/#\\\/schema\\\/logo\\\/image\\\/\"},\"sameAs\":[\"https:\\\/\\\/www.facebook.com\\\/Vetorino\\\/\",\"https:\\\/\\\/www.instagram.com\\\/vetorino_off\\\/\",\"https:\\\/\\\/www.linkedin.com\\\/company\\\/vtorino\\\/\"]}]}<\/script>\n<meta property=\"product:brand\" content=\"Trixie\" \/>\n<meta property=\"og:availability\" content=\"instock\" \/>\n<meta property=\"product:availability\" content=\"instock\" \/>\n<meta property=\"product:condition\" content=\"new\" \/>\n<!-- \/ Yoast SEO plugin. -->","yoast_head_json":{"title":"Collier chat MY HOME r\u00e9fl\u00e9chissant Trixie - V\u00e9torino","description":"Vous recherchez un collier pratique pour votre chat ? Le collier Trixie est muni d'une bande d'adresse qui vous sera utile pour signaler l'adresse de votre chat. Il est muni d'une bande r\u00e9glable qui s'adaptera au cou de votre chat. Avec cet accessoire, soyez tranquille !","robots":{"index":"noindex","follow":"nofollow"},"og_locale":"fr_FR","og_type":"article","og_title":"Collier chat MY HOME r\u00e9fl\u00e9chissant Trixie - V\u00e9torino","og_description":"Vous recherchez un collier pratique pour votre chat ? Le collier Trixie est muni d'une bande d'adresse qui vous sera utile pour signaler l'adresse de votre chat. Il est muni d'une bande r\u00e9glable qui s'adaptera au cou de votre chat. Avec cet accessoire, soyez tranquille !","og_url":"https:\/\/www.vetorino.com\/veterinaire\/villenavedornon-33140-1\/boutique\/product\/collier-chat-my-home-reflechissant\/","og_site_name":"V\u00e9torino","article_publisher":"https:\/\/www.facebook.com\/Vetorino\/","article_modified_time":"2023-04-26T09:35:03+00:00","og_image":[{"width":720,"height":373,"url":"https:\/\/www.vetorino.com\/boutique\/wp-content\/uploads\/2023\/04\/Screenshot2022-05-10154643_720x.png","type":"image\/png"}],"twitter_card":"summary_large_image","twitter_misc":{"Disponibilit\u00e9":"En stock"},"schema":{"@context":"https:\/\/schema.org","@graph":[{"@type":"WebPage","@id":"https:\/\/www.vetorino.com\/boutique\/product\/collier-chat-my-home-reflechissant\/","url":"https:\/\/www.vetorino.com\/boutique\/product\/collier-chat-my-home-reflechissant\/","name":"Collier chat MY HOME r\u00e9fl\u00e9chissant Trixie - V\u00e9torino","isPartOf":{"@id":"https:\/\/www.vetorino.com\/boutique\/#website"},"primaryImageOfPage":{"@id":"https:\/\/www.vetorino.com\/boutique\/product\/collier-chat-my-home-reflechissant\/#primaryimage"},"image":{"@id":"https:\/\/www.vetorino.com\/boutique\/product\/collier-chat-my-home-reflechissant\/#primaryimage"},"thumbnailUrl":"https:\/\/www.vetorino.com\/boutique\/wp-content\/uploads\/2023\/04\/Screenshot2022-05-10154643_720x.png","datePublished":"2023-04-26T09:28:30+00:00","dateModified":"2023-04-26T09:35:03+00:00","description":"Vous recherchez un collier pratique pour votre chat ? Le collier Trixie est muni d'une bande d'adresse qui vous sera utile pour signaler l'adresse de votre chat. Il est muni d'une bande r\u00e9glable qui s'adaptera au cou de votre chat. Avec cet accessoire, soyez tranquille !","breadcrumb":{"@id":"https:\/\/www.vetorino.com\/boutique\/product\/collier-chat-my-home-reflechissant\/#breadcrumb"},"inLanguage":"fr-FR","potentialAction":[{"@type":"ReadAction","target":["https:\/\/www.vetorino.com\/boutique\/product\/collier-chat-my-home-reflechissant\/"]}]},{"@type":"ImageObject","inLanguage":"fr-FR","@id":"https:\/\/www.vetorino.com\/boutique\/product\/collier-chat-my-home-reflechissant\/#primaryimage","url":"https:\/\/www.vetorino.com\/boutique\/wp-content\/uploads\/2023\/04\/Screenshot2022-05-10154643_720x.png","contentUrl":"https:\/\/www.vetorino.com\/boutique\/wp-content\/uploads\/2023\/04\/Screenshot2022-05-10154643_720x.png","width":720,"height":373},{"@type":"BreadcrumbList","@id":"https:\/\/www.vetorino.com\/boutique\/product\/collier-chat-my-home-reflechissant\/#breadcrumb","itemListElement":[{"@type":"ListItem","position":1,"name":"Accueil","item":"https:\/\/www.vetorino.com\/boutique\/"},{"@type":"ListItem","position":2,"name":"Produits","item":"https:\/\/www.vetorino.com\/boutique\/"},{"@type":"ListItem","position":3,"name":"Collier chat MY HOME r\u00e9fl\u00e9chissant"}]},{"@type":"WebSite","@id":"https:\/\/www.vetorino.com\/boutique\/#website","url":"https:\/\/www.vetorino.com\/boutique\/","name":"V\u00e9torino","description":"","publisher":{"@id":"https:\/\/www.vetorino.com\/boutique\/#organization"},"potentialAction":[{"@type":"SearchAction","target":{"@type":"EntryPoint","urlTemplate":"https:\/\/www.vetorino.com\/boutique\/?s={search_term_string}"},"query-input":{"@type":"PropertyValueSpecification","valueRequired":true,"valueName":"search_term_string"}}],"inLanguage":"fr-FR"},{"@type":"Organization","@id":"https:\/\/www.vetorino.com\/boutique\/#organization","name":"V\u00e9torino","url":"https:\/\/www.vetorino.com\/boutique\/","logo":{"@type":"ImageObject","inLanguage":"fr-FR","@id":"https:\/\/www.vetorino.com\/boutique\/#\/schema\/logo\/image\/","url":"https:\/\/www.vetorino.com\/boutique\/wp-content\/uploads\/2024\/10\/logo.jpg","contentUrl":"https:\/\/www.vetorino.com\/boutique\/wp-content\/uploads\/2024\/10\/logo.jpg","width":1200,"height":610,"caption":"V\u00e9torino"},"image":{"@id":"https:\/\/www.vetorino.com\/boutique\/#\/schema\/logo\/image\/"},"sameAs":["https:\/\/www.facebook.com\/Vetorino\/","https:\/\/www.instagram.com\/vetorino_off\/","https:\/\/www.linkedin.com\/company\/vtorino\/"]}]},"product_brand":"Trixie","og_availability":"instock","product_availability":"instock","product_condition":"new"},"_links":{"self":[{"href":"https:\/\/www.vetorino.com\/veterinaire\/villenavedornon-33140-1\/boutique\/wp-json\/wp\/v2\/product\/602760","targetHints":{"allow":["GET"]}}],"collection":[{"href":"https:\/\/www.vetorino.com\/veterinaire\/villenavedornon-33140-1\/boutique\/wp-json\/wp\/v2\/product"}],"about":[{"href":"https:\/\/www.vetorino.com\/veterinaire\/villenavedornon-33140-1\/boutique\/wp-json\/wp\/v2\/types\/product"}],"wp:featuredmedia":[{"embeddable":true,"href":"https:\/\/www.vetorino.com\/veterinaire\/villenavedornon-33140-1\/boutique\/wp-json\/wp\/v2\/media\/602763"}],"wp:attachment":[{"href":"https:\/\/www.vetorino.com\/veterinaire\/villenavedornon-33140-1\/boutique\/wp-json\/wp\/v2\/media?parent=602760"}],"wp:term":[{"taxonomy":"product_cat","embeddable":true,"href":"https:\/\/www.vetorino.com\/veterinaire\/villenavedornon-33140-1\/boutique\/wp-json\/wp\/v2\/product_cat?post=602760"},{"taxonomy":"product_tag","embeddable":true,"href":"https:\/\/www.vetorino.com\/veterinaire\/villenavedornon-33140-1\/boutique\/wp-json\/wp\/v2\/product_tag?post=602760"}],"curies":[{"name":"wp","href":"https:\/\/api.w.org\/{rel}","templated":true}]}}