{"id":606739,"date":"2023-05-02T16:03:02","date_gmt":"2023-05-02T14:03:02","guid":{"rendered":"https:\/\/www.vetorino.com\/boutique\/?post_type=product&#038;p=606739"},"modified":"2023-05-02T16:38:52","modified_gmt":"2023-05-02T14:38:52","slug":"collier-reglable-imao-taiga-bleu","status":"publish","type":"product","link":"https:\/\/www.vetorino.com\/veterinaire\/villenavedornon-33140-1\/boutique\/product\/collier-reglable-imao-taiga-bleu\/","title":{"rendered":"Collier r\u00e9glable Imao Taiga"},"content":{"rendered":"<p>Un nouveau membre \u00e0 fourrure s\u2019ajoute \u00e0 votre famille ? Nous vous recommandons ce beau collier de la marque Zolux, qui peut \u00eatre\u00a0r\u00e9gl\u00e9 selon la taille du cou de votre chien. Il dispose d\u2019un passant en m\u00e9tal cuivr\u00e9 et de boucles en m\u00e9tal et en plastique. Pour un look encore plus \u00e9l\u00e9gant, l\u2019inscription Zolux est pr\u00e9sente sur le passant de la boucle en m\u00e9tal. L\u2019empi\u00e8cement en cuir arbore quant \u00e0 lui l\u2019inscription \u00ab Imao \u00bb.<\/p>\n<p>Le collier est un \u00e9l\u00e9ment essentiel, qui\u00a0assure la s\u00e9curit\u00e9 du chien, m\u00eame si vous le promenez en harnais. Si votre animal de compagnie se sauve ou s\u2019\u00e9gare, les personnes qui le croiseront pourront vous\u00a0contacter si vous y avez indiqu\u00e9 vos coordonn\u00e9es.\u00a0 Un collier vous permet aussi de mieux ma\u00eetriser votre camarade \u00e0 quatre pattes en situation d\u2019urgence.<\/p>\n<p>LES + PRODUIT :<\/p>\n<ul>\n<li>Collier en coton et polyester tr\u00e8s solide<\/li>\n<li>R\u00e9glable selon la taille du chien<\/li>\n<li>Look \u00e9l\u00e9gant<\/li>\n<li>Permet de ma\u00eetriser le chien dans les situations urgentes<\/li>\n<li>Aide \u00e0 retrouver l\u2019animal plus facilement s\u2019il s\u2019\u00e9gare<\/li>\n<li>Assure la s\u00e9curit\u00e9 de votre compagnon \u00e0 quatre pattes<\/li>\n<\/ul>\n","protected":false},"excerpt":{"rendered":"<p>Optez pour ce\u00a0collier r\u00e9glable IMAO Taiga\u00a0de la marque\u00a0Zolux, fabriqu\u00e9 avec du polyester et du coton. Cet accessoire tr\u00e8s \u00e9l\u00e9gant ira \u00e0 ravir \u00e0 votre compagnon \u00e0 quatre pattes.<\/p>\n","protected":false},"featured_media":606750,"template":"","meta":[],"product_cat":[12550,2698,2777],"product_tag":[],"class_list":{"0":"post-606739","1":"product","2":"type-product","3":"status-publish","4":"has-post-thumbnail","6":"product_cat-accessoires-du-chien","7":"product_cat-chien","8":"product_cat-colliers-laisses-et-harnais-pour-chien","9":"pa_marque-zolux","11":"first","12":"instock","13":"taxable","14":"shipping-taxable","15":"purchasable","16":"product-type-variable"},"yoast_head":"<!-- This site is optimized with the Yoast SEO plugin v27.3 - https:\/\/yoast.com\/product\/yoast-seo-wordpress\/ -->\n<title>Collier r\u00e9glable Imao Taiga Zolux - V\u00e9torino<\/title>\n<meta name=\"description\" content=\"Optez pour ce\u00a0collier r\u00e9glable IMAO Taiga\u00a0de la marque\u00a0Zolux, fabriqu\u00e9 avec du polyester et du coton. Cet accessoire tr\u00e8s \u00e9l\u00e9gant ira \u00e0 ravir \u00e0 votre compagnon \u00e0 quatre pattes.\" \/>\n<meta name=\"robots\" content=\"noindex, nofollow\" \/>\n<meta property=\"og:locale\" content=\"fr_FR\" \/>\n<meta property=\"og:type\" content=\"article\" \/>\n<meta property=\"og:title\" content=\"Collier r\u00e9glable Imao Taiga Zolux - V\u00e9torino\" \/>\n<meta property=\"og:description\" content=\"Optez pour ce\u00a0collier r\u00e9glable IMAO Taiga\u00a0de la marque\u00a0Zolux, fabriqu\u00e9 avec du polyester et du coton. Cet accessoire tr\u00e8s \u00e9l\u00e9gant ira \u00e0 ravir \u00e0 votre compagnon \u00e0 quatre pattes.\" \/>\n<meta property=\"og:url\" content=\"https:\/\/www.vetorino.com\/veterinaire\/villenavedornon-33140-1\/boutique\/product\/collier-reglable-imao-taiga-bleu\/\" \/>\n<meta property=\"og:site_name\" content=\"V\u00e9torino\" \/>\n<meta property=\"article:publisher\" content=\"https:\/\/www.facebook.com\/Vetorino\/\" \/>\n<meta property=\"article:modified_time\" content=\"2023-05-02T14:38:52+00:00\" \/>\n<meta property=\"og:image\" content=\"https:\/\/www.vetorino.com\/boutique\/wp-content\/uploads\/2023\/05\/Capture-decran-2023-05-02-a-16.09.27.png\" \/>\n\t<meta property=\"og:image:width\" content=\"1114\" \/>\n\t<meta property=\"og:image:height\" content=\"972\" \/>\n\t<meta property=\"og:image:type\" content=\"image\/png\" \/>\n<meta name=\"twitter:card\" content=\"summary_large_image\" \/>\n<meta name=\"twitter:label1\" content=\"Disponibilit\u00e9\" \/>\n\t<meta name=\"twitter:data1\" content=\"En stock\" \/>\n<script type=\"application\/ld+json\" class=\"yoast-schema-graph\">{\"@context\":\"https:\\\/\\\/schema.org\",\"@graph\":[{\"@type\":\"WebPage\",\"@id\":\"https:\\\/\\\/www.vetorino.com\\\/boutique\\\/product\\\/collier-reglable-imao-taiga-bleu\\\/\",\"url\":\"https:\\\/\\\/www.vetorino.com\\\/boutique\\\/product\\\/collier-reglable-imao-taiga-bleu\\\/\",\"name\":\"Collier r\u00e9glable Imao Taiga Zolux - V\u00e9torino\",\"isPartOf\":{\"@id\":\"https:\\\/\\\/www.vetorino.com\\\/boutique\\\/#website\"},\"primaryImageOfPage\":{\"@id\":\"https:\\\/\\\/www.vetorino.com\\\/boutique\\\/product\\\/collier-reglable-imao-taiga-bleu\\\/#primaryimage\"},\"image\":{\"@id\":\"https:\\\/\\\/www.vetorino.com\\\/boutique\\\/product\\\/collier-reglable-imao-taiga-bleu\\\/#primaryimage\"},\"thumbnailUrl\":\"https:\\\/\\\/www.vetorino.com\\\/boutique\\\/wp-content\\\/uploads\\\/2023\\\/05\\\/Capture-decran-2023-05-02-a-16.09.27.png\",\"datePublished\":\"2023-05-02T14:03:02+00:00\",\"dateModified\":\"2023-05-02T14:38:52+00:00\",\"description\":\"Optez pour ce\u00a0collier r\u00e9glable IMAO Taiga\u00a0de la marque\u00a0Zolux, fabriqu\u00e9 avec du polyester et du coton. Cet accessoire tr\u00e8s \u00e9l\u00e9gant ira \u00e0 ravir \u00e0 votre compagnon \u00e0 quatre pattes.\",\"breadcrumb\":{\"@id\":\"https:\\\/\\\/www.vetorino.com\\\/boutique\\\/product\\\/collier-reglable-imao-taiga-bleu\\\/#breadcrumb\"},\"inLanguage\":\"fr-FR\",\"potentialAction\":[{\"@type\":\"ReadAction\",\"target\":[\"https:\\\/\\\/www.vetorino.com\\\/boutique\\\/product\\\/collier-reglable-imao-taiga-bleu\\\/\"]}]},{\"@type\":\"ImageObject\",\"inLanguage\":\"fr-FR\",\"@id\":\"https:\\\/\\\/www.vetorino.com\\\/boutique\\\/product\\\/collier-reglable-imao-taiga-bleu\\\/#primaryimage\",\"url\":\"https:\\\/\\\/www.vetorino.com\\\/boutique\\\/wp-content\\\/uploads\\\/2023\\\/05\\\/Capture-decran-2023-05-02-a-16.09.27.png\",\"contentUrl\":\"https:\\\/\\\/www.vetorino.com\\\/boutique\\\/wp-content\\\/uploads\\\/2023\\\/05\\\/Capture-decran-2023-05-02-a-16.09.27.png\",\"width\":1114,\"height\":972},{\"@type\":\"BreadcrumbList\",\"@id\":\"https:\\\/\\\/www.vetorino.com\\\/boutique\\\/product\\\/collier-reglable-imao-taiga-bleu\\\/#breadcrumb\",\"itemListElement\":[{\"@type\":\"ListItem\",\"position\":1,\"name\":\"Accueil\",\"item\":\"https:\\\/\\\/www.vetorino.com\\\/boutique\\\/\"},{\"@type\":\"ListItem\",\"position\":2,\"name\":\"Produits\",\"item\":\"https:\\\/\\\/www.vetorino.com\\\/boutique\\\/\"},{\"@type\":\"ListItem\",\"position\":3,\"name\":\"Collier r\u00e9glable Imao Taiga\"}]},{\"@type\":\"WebSite\",\"@id\":\"https:\\\/\\\/www.vetorino.com\\\/boutique\\\/#website\",\"url\":\"https:\\\/\\\/www.vetorino.com\\\/boutique\\\/\",\"name\":\"V\u00e9torino\",\"description\":\"\",\"publisher\":{\"@id\":\"https:\\\/\\\/www.vetorino.com\\\/boutique\\\/#organization\"},\"potentialAction\":[{\"@type\":\"SearchAction\",\"target\":{\"@type\":\"EntryPoint\",\"urlTemplate\":\"https:\\\/\\\/www.vetorino.com\\\/boutique\\\/?s={search_term_string}\"},\"query-input\":{\"@type\":\"PropertyValueSpecification\",\"valueRequired\":true,\"valueName\":\"search_term_string\"}}],\"inLanguage\":\"fr-FR\"},{\"@type\":\"Organization\",\"@id\":\"https:\\\/\\\/www.vetorino.com\\\/boutique\\\/#organization\",\"name\":\"V\u00e9torino\",\"url\":\"https:\\\/\\\/www.vetorino.com\\\/boutique\\\/\",\"logo\":{\"@type\":\"ImageObject\",\"inLanguage\":\"fr-FR\",\"@id\":\"https:\\\/\\\/www.vetorino.com\\\/boutique\\\/#\\\/schema\\\/logo\\\/image\\\/\",\"url\":\"https:\\\/\\\/www.vetorino.com\\\/boutique\\\/wp-content\\\/uploads\\\/2024\\\/10\\\/logo.jpg\",\"contentUrl\":\"https:\\\/\\\/www.vetorino.com\\\/boutique\\\/wp-content\\\/uploads\\\/2024\\\/10\\\/logo.jpg\",\"width\":1200,\"height\":610,\"caption\":\"V\u00e9torino\"},\"image\":{\"@id\":\"https:\\\/\\\/www.vetorino.com\\\/boutique\\\/#\\\/schema\\\/logo\\\/image\\\/\"},\"sameAs\":[\"https:\\\/\\\/www.facebook.com\\\/Vetorino\\\/\",\"https:\\\/\\\/www.instagram.com\\\/vetorino_off\\\/\",\"https:\\\/\\\/www.linkedin.com\\\/company\\\/vtorino\\\/\"]}]}<\/script>\n<meta property=\"product:brand\" content=\"Zolux\" \/>\n<meta property=\"og:availability\" content=\"instock\" \/>\n<meta property=\"product:availability\" content=\"instock\" \/>\n<meta property=\"product:condition\" content=\"new\" \/>\n<!-- \/ Yoast SEO plugin. -->","yoast_head_json":{"title":"Collier r\u00e9glable Imao Taiga Zolux - V\u00e9torino","description":"Optez pour ce\u00a0collier r\u00e9glable IMAO Taiga\u00a0de la marque\u00a0Zolux, fabriqu\u00e9 avec du polyester et du coton. Cet accessoire tr\u00e8s \u00e9l\u00e9gant ira \u00e0 ravir \u00e0 votre compagnon \u00e0 quatre pattes.","robots":{"index":"noindex","follow":"nofollow"},"og_locale":"fr_FR","og_type":"article","og_title":"Collier r\u00e9glable Imao Taiga Zolux - V\u00e9torino","og_description":"Optez pour ce\u00a0collier r\u00e9glable IMAO Taiga\u00a0de la marque\u00a0Zolux, fabriqu\u00e9 avec du polyester et du coton. Cet accessoire tr\u00e8s \u00e9l\u00e9gant ira \u00e0 ravir \u00e0 votre compagnon \u00e0 quatre pattes.","og_url":"https:\/\/www.vetorino.com\/veterinaire\/villenavedornon-33140-1\/boutique\/product\/collier-reglable-imao-taiga-bleu\/","og_site_name":"V\u00e9torino","article_publisher":"https:\/\/www.facebook.com\/Vetorino\/","article_modified_time":"2023-05-02T14:38:52+00:00","og_image":[{"width":1114,"height":972,"url":"https:\/\/www.vetorino.com\/boutique\/wp-content\/uploads\/2023\/05\/Capture-decran-2023-05-02-a-16.09.27.png","type":"image\/png"}],"twitter_card":"summary_large_image","twitter_misc":{"Disponibilit\u00e9":"En stock"},"schema":{"@context":"https:\/\/schema.org","@graph":[{"@type":"WebPage","@id":"https:\/\/www.vetorino.com\/boutique\/product\/collier-reglable-imao-taiga-bleu\/","url":"https:\/\/www.vetorino.com\/boutique\/product\/collier-reglable-imao-taiga-bleu\/","name":"Collier r\u00e9glable Imao Taiga Zolux - V\u00e9torino","isPartOf":{"@id":"https:\/\/www.vetorino.com\/boutique\/#website"},"primaryImageOfPage":{"@id":"https:\/\/www.vetorino.com\/boutique\/product\/collier-reglable-imao-taiga-bleu\/#primaryimage"},"image":{"@id":"https:\/\/www.vetorino.com\/boutique\/product\/collier-reglable-imao-taiga-bleu\/#primaryimage"},"thumbnailUrl":"https:\/\/www.vetorino.com\/boutique\/wp-content\/uploads\/2023\/05\/Capture-decran-2023-05-02-a-16.09.27.png","datePublished":"2023-05-02T14:03:02+00:00","dateModified":"2023-05-02T14:38:52+00:00","description":"Optez pour ce\u00a0collier r\u00e9glable IMAO Taiga\u00a0de la marque\u00a0Zolux, fabriqu\u00e9 avec du polyester et du coton. Cet accessoire tr\u00e8s \u00e9l\u00e9gant ira \u00e0 ravir \u00e0 votre compagnon \u00e0 quatre pattes.","breadcrumb":{"@id":"https:\/\/www.vetorino.com\/boutique\/product\/collier-reglable-imao-taiga-bleu\/#breadcrumb"},"inLanguage":"fr-FR","potentialAction":[{"@type":"ReadAction","target":["https:\/\/www.vetorino.com\/boutique\/product\/collier-reglable-imao-taiga-bleu\/"]}]},{"@type":"ImageObject","inLanguage":"fr-FR","@id":"https:\/\/www.vetorino.com\/boutique\/product\/collier-reglable-imao-taiga-bleu\/#primaryimage","url":"https:\/\/www.vetorino.com\/boutique\/wp-content\/uploads\/2023\/05\/Capture-decran-2023-05-02-a-16.09.27.png","contentUrl":"https:\/\/www.vetorino.com\/boutique\/wp-content\/uploads\/2023\/05\/Capture-decran-2023-05-02-a-16.09.27.png","width":1114,"height":972},{"@type":"BreadcrumbList","@id":"https:\/\/www.vetorino.com\/boutique\/product\/collier-reglable-imao-taiga-bleu\/#breadcrumb","itemListElement":[{"@type":"ListItem","position":1,"name":"Accueil","item":"https:\/\/www.vetorino.com\/boutique\/"},{"@type":"ListItem","position":2,"name":"Produits","item":"https:\/\/www.vetorino.com\/boutique\/"},{"@type":"ListItem","position":3,"name":"Collier r\u00e9glable Imao Taiga"}]},{"@type":"WebSite","@id":"https:\/\/www.vetorino.com\/boutique\/#website","url":"https:\/\/www.vetorino.com\/boutique\/","name":"V\u00e9torino","description":"","publisher":{"@id":"https:\/\/www.vetorino.com\/boutique\/#organization"},"potentialAction":[{"@type":"SearchAction","target":{"@type":"EntryPoint","urlTemplate":"https:\/\/www.vetorino.com\/boutique\/?s={search_term_string}"},"query-input":{"@type":"PropertyValueSpecification","valueRequired":true,"valueName":"search_term_string"}}],"inLanguage":"fr-FR"},{"@type":"Organization","@id":"https:\/\/www.vetorino.com\/boutique\/#organization","name":"V\u00e9torino","url":"https:\/\/www.vetorino.com\/boutique\/","logo":{"@type":"ImageObject","inLanguage":"fr-FR","@id":"https:\/\/www.vetorino.com\/boutique\/#\/schema\/logo\/image\/","url":"https:\/\/www.vetorino.com\/boutique\/wp-content\/uploads\/2024\/10\/logo.jpg","contentUrl":"https:\/\/www.vetorino.com\/boutique\/wp-content\/uploads\/2024\/10\/logo.jpg","width":1200,"height":610,"caption":"V\u00e9torino"},"image":{"@id":"https:\/\/www.vetorino.com\/boutique\/#\/schema\/logo\/image\/"},"sameAs":["https:\/\/www.facebook.com\/Vetorino\/","https:\/\/www.instagram.com\/vetorino_off\/","https:\/\/www.linkedin.com\/company\/vtorino\/"]}]},"product_brand":"Zolux","og_availability":"instock","product_availability":"instock","product_condition":"new"},"_links":{"self":[{"href":"https:\/\/www.vetorino.com\/veterinaire\/villenavedornon-33140-1\/boutique\/wp-json\/wp\/v2\/product\/606739","targetHints":{"allow":["GET"]}}],"collection":[{"href":"https:\/\/www.vetorino.com\/veterinaire\/villenavedornon-33140-1\/boutique\/wp-json\/wp\/v2\/product"}],"about":[{"href":"https:\/\/www.vetorino.com\/veterinaire\/villenavedornon-33140-1\/boutique\/wp-json\/wp\/v2\/types\/product"}],"wp:featuredmedia":[{"embeddable":true,"href":"https:\/\/www.vetorino.com\/veterinaire\/villenavedornon-33140-1\/boutique\/wp-json\/wp\/v2\/media\/606750"}],"wp:attachment":[{"href":"https:\/\/www.vetorino.com\/veterinaire\/villenavedornon-33140-1\/boutique\/wp-json\/wp\/v2\/media?parent=606739"}],"wp:term":[{"taxonomy":"product_cat","embeddable":true,"href":"https:\/\/www.vetorino.com\/veterinaire\/villenavedornon-33140-1\/boutique\/wp-json\/wp\/v2\/product_cat?post=606739"},{"taxonomy":"product_tag","embeddable":true,"href":"https:\/\/www.vetorino.com\/veterinaire\/villenavedornon-33140-1\/boutique\/wp-json\/wp\/v2\/product_tag?post=606739"}],"curies":[{"name":"wp","href":"https:\/\/api.w.org\/{rel}","templated":true}]}}