{"id":102983,"date":"2020-06-30T17:04:53","date_gmt":"2020-06-30T15:04:53","guid":{"rendered":"https:\/\/www.vetorino.com\/boutique\/product\/transiphytol\/"},"modified":"2025-10-03T09:41:18","modified_gmt":"2025-10-03T07:41:18","slug":"transiphytol","status":"publish","type":"product","link":"https:\/\/www.vetorino.com\/veterinaire\/villeneuvetolosane-31270\/boutique\/product\/transiphytol\/","title":{"rendered":"Transiphytol"},"content":{"rendered":"<p>Mode d\u2019emploi chien\/chat : <\/p>\n<p>1 \u00e0 2 prises par jour, pendant 4 \u00e0 6 jours \u00e0 raison de :<\/p>\n<p>1 comprim\u00e9 pour 20 kg<br \/>\n3\/4 comprim\u00e9 pour 15 kg<br \/>\n1\/2 comprim\u00e9 pour 10 kg<br \/>\n1\/4 comprim\u00e9 pour 5 kg<br \/>\nPour les chiens de plus de 20 kg, respecter les doses en proportion.<\/p>\n<p>Pourquoi choisir Transiphytol ?<\/p>\n<p>Transiphytol est un aliment compl\u00e9mentaire qui participe \u00e0 l\u2019\u00e9quilibre du transit intestinal gr\u00e2ce \u00e0 ses multiples actions chez le chien et le chat.<br \/>\nIl permet de r\u00e9guler le transit, stimule la digestion et donne bonne haleine.<\/p>\n<p>Comprim\u00e9s app\u00e9tents, ar\u00f4me boeuf crevette<\/p>\n<p>Utilisation chez les chats et les chiens en cas de troubles intestinaux.<\/p>\n","protected":false},"excerpt":{"rendered":"<p>TRANSIPHYTOL est un aliment compl\u00e9mentaire qui participe \u00e0 l\u2019\u00e9quilibre du transit intestinal gr\u00e2ce \u00e0 ses multiples actions chez le chien et le chat.<\/p>\n<p>Comprim\u00e9s app\u00e9tents, ar\u00f4me boeuf crevette <\/p>\n<p>R\u00e9gule le transit<br \/>\nStimule la digestion<br \/>\nDonne bonne haleine<\/p>\n","protected":false},"featured_media":191137,"template":"","meta":[],"product_cat":[12547,12635,12636],"product_tag":[],"class_list":{"0":"post-102983","1":"product","2":"type-product","3":"status-publish","4":"has-post-thumbnail","6":"product_cat-cheval","7":"product_cat-systeme-digestif-du-chat","8":"product_cat-systeme-digestif-du-chien","9":"pa_marque-greenvet","11":"first","12":"outofstock","13":"taxable","14":"shipping-taxable","15":"purchasable","16":"product-type-simple"},"yoast_head":"<!-- This site is optimized with the Yoast SEO plugin v27.3 - https:\/\/yoast.com\/product\/yoast-seo-wordpress\/ -->\n<title>Transiphytol Greenvet - V\u00e9torino<\/title>\n<meta name=\"description\" content=\"TRANSIPHYTOL est un aliment compl\u00e9mentaire qui participe \u00e0 l\u2019\u00e9quilibre du transit intestinal gr\u00e2ce \u00e0 ses multiples actions chez le chien et le chat.  Comprim\u00e9s app\u00e9tents, ar\u00f4me boeuf crevette   R\u00e9gule le transit Stimule la digestion Donne bonne haleine\" \/>\n<meta name=\"robots\" content=\"noindex, nofollow\" \/>\n<meta property=\"og:locale\" content=\"fr_FR\" \/>\n<meta property=\"og:type\" content=\"article\" \/>\n<meta property=\"og:title\" content=\"Transiphytol Greenvet - V\u00e9torino\" \/>\n<meta property=\"og:description\" content=\"TRANSIPHYTOL est un aliment compl\u00e9mentaire qui participe \u00e0 l\u2019\u00e9quilibre du transit intestinal gr\u00e2ce \u00e0 ses multiples actions chez le chien et le chat.  Comprim\u00e9s app\u00e9tents, ar\u00f4me boeuf crevette   R\u00e9gule le transit Stimule la digestion Donne bonne haleine\" \/>\n<meta property=\"og:url\" content=\"https:\/\/www.vetorino.com\/veterinaire\/villeneuvetolosane-31270\/boutique\/product\/transiphytol\/\" \/>\n<meta property=\"og:site_name\" content=\"V\u00e9torino\" \/>\n<meta property=\"article:publisher\" content=\"https:\/\/www.facebook.com\/Vetorino\/\" \/>\n<meta property=\"article:modified_time\" content=\"2025-10-03T07:41:18+00:00\" \/>\n<meta property=\"og:image\" content=\"https:\/\/www.vetorino.com\/boutique\/wp-content\/uploads\/2021\/05\/transiphytol-30-cps.jpg\" \/>\n\t<meta property=\"og:image:width\" content=\"700\" \/>\n\t<meta property=\"og:image:height\" content=\"700\" \/>\n\t<meta property=\"og:image:type\" content=\"image\/jpeg\" \/>\n<meta name=\"twitter:card\" content=\"summary_large_image\" \/>\n<meta name=\"twitter:label1\" content=\"Prix\" \/>\n\t<meta name=\"twitter:data1\" content=\"15,03&euro;\" \/>\n\t<meta name=\"twitter:label2\" content=\"Disponibilit\u00e9\" \/>\n\t<meta name=\"twitter:data2\" content=\"Rupture de stock\" \/>\n<script type=\"application\/ld+json\" class=\"yoast-schema-graph\">{\"@context\":\"https:\\\/\\\/schema.org\",\"@graph\":[{\"@type\":\"WebPage\",\"@id\":\"https:\\\/\\\/www.vetorino.com\\\/boutique\\\/product\\\/transiphytol\\\/\",\"url\":\"https:\\\/\\\/www.vetorino.com\\\/boutique\\\/product\\\/transiphytol\\\/\",\"name\":\"Transiphytol Greenvet - V\u00e9torino\",\"isPartOf\":{\"@id\":\"https:\\\/\\\/www.vetorino.com\\\/boutique\\\/#website\"},\"primaryImageOfPage\":{\"@id\":\"https:\\\/\\\/www.vetorino.com\\\/boutique\\\/product\\\/transiphytol\\\/#primaryimage\"},\"image\":{\"@id\":\"https:\\\/\\\/www.vetorino.com\\\/boutique\\\/product\\\/transiphytol\\\/#primaryimage\"},\"thumbnailUrl\":\"https:\\\/\\\/www.vetorino.com\\\/boutique\\\/wp-content\\\/uploads\\\/2021\\\/05\\\/transiphytol-30-cps.jpg\",\"datePublished\":\"2020-06-30T15:04:53+00:00\",\"dateModified\":\"2025-10-03T07:41:18+00:00\",\"description\":\"TRANSIPHYTOL est un aliment compl\u00e9mentaire qui participe \u00e0 l\u2019\u00e9quilibre du transit intestinal gr\u00e2ce \u00e0 ses multiples actions chez le chien et le chat. Comprim\u00e9s app\u00e9tents, ar\u00f4me boeuf crevette R\u00e9gule le transit Stimule la digestion Donne bonne haleine\",\"breadcrumb\":{\"@id\":\"https:\\\/\\\/www.vetorino.com\\\/boutique\\\/product\\\/transiphytol\\\/#breadcrumb\"},\"inLanguage\":\"fr-FR\",\"potentialAction\":[{\"@type\":\"ReadAction\",\"target\":[\"https:\\\/\\\/www.vetorino.com\\\/boutique\\\/product\\\/transiphytol\\\/\"]}]},{\"@type\":\"ImageObject\",\"inLanguage\":\"fr-FR\",\"@id\":\"https:\\\/\\\/www.vetorino.com\\\/boutique\\\/product\\\/transiphytol\\\/#primaryimage\",\"url\":\"https:\\\/\\\/www.vetorino.com\\\/boutique\\\/wp-content\\\/uploads\\\/2021\\\/05\\\/transiphytol-30-cps.jpg\",\"contentUrl\":\"https:\\\/\\\/www.vetorino.com\\\/boutique\\\/wp-content\\\/uploads\\\/2021\\\/05\\\/transiphytol-30-cps.jpg\",\"width\":700,\"height\":700},{\"@type\":\"BreadcrumbList\",\"@id\":\"https:\\\/\\\/www.vetorino.com\\\/boutique\\\/product\\\/transiphytol\\\/#breadcrumb\",\"itemListElement\":[{\"@type\":\"ListItem\",\"position\":1,\"name\":\"Accueil\",\"item\":\"https:\\\/\\\/www.vetorino.com\\\/boutique\\\/\"},{\"@type\":\"ListItem\",\"position\":2,\"name\":\"Produits\",\"item\":\"https:\\\/\\\/www.vetorino.com\\\/boutique\\\/\"},{\"@type\":\"ListItem\",\"position\":3,\"name\":\"Transiphytol\"}]},{\"@type\":\"WebSite\",\"@id\":\"https:\\\/\\\/www.vetorino.com\\\/boutique\\\/#website\",\"url\":\"https:\\\/\\\/www.vetorino.com\\\/boutique\\\/\",\"name\":\"V\u00e9torino\",\"description\":\"\",\"publisher\":{\"@id\":\"https:\\\/\\\/www.vetorino.com\\\/boutique\\\/#organization\"},\"potentialAction\":[{\"@type\":\"SearchAction\",\"target\":{\"@type\":\"EntryPoint\",\"urlTemplate\":\"https:\\\/\\\/www.vetorino.com\\\/boutique\\\/?s={search_term_string}\"},\"query-input\":{\"@type\":\"PropertyValueSpecification\",\"valueRequired\":true,\"valueName\":\"search_term_string\"}}],\"inLanguage\":\"fr-FR\"},{\"@type\":\"Organization\",\"@id\":\"https:\\\/\\\/www.vetorino.com\\\/boutique\\\/#organization\",\"name\":\"V\u00e9torino\",\"url\":\"https:\\\/\\\/www.vetorino.com\\\/boutique\\\/\",\"logo\":{\"@type\":\"ImageObject\",\"inLanguage\":\"fr-FR\",\"@id\":\"https:\\\/\\\/www.vetorino.com\\\/boutique\\\/#\\\/schema\\\/logo\\\/image\\\/\",\"url\":\"https:\\\/\\\/www.vetorino.com\\\/boutique\\\/wp-content\\\/uploads\\\/2024\\\/10\\\/logo.jpg\",\"contentUrl\":\"https:\\\/\\\/www.vetorino.com\\\/boutique\\\/wp-content\\\/uploads\\\/2024\\\/10\\\/logo.jpg\",\"width\":1200,\"height\":610,\"caption\":\"V\u00e9torino\"},\"image\":{\"@id\":\"https:\\\/\\\/www.vetorino.com\\\/boutique\\\/#\\\/schema\\\/logo\\\/image\\\/\"},\"sameAs\":[\"https:\\\/\\\/www.facebook.com\\\/Vetorino\\\/\",\"https:\\\/\\\/www.instagram.com\\\/vetorino_off\\\/\",\"https:\\\/\\\/www.linkedin.com\\\/company\\\/vtorino\\\/\"]}]}<\/script>\n<meta property=\"product:brand\" content=\"Greenvet\" \/>\n<meta property=\"product:price:amount\" content=\"15.03\" \/>\n<meta property=\"product:price:currency\" content=\"EUR\" \/>\n<meta property=\"og:availability\" content=\"out of stock\" \/>\n<meta property=\"product:availability\" content=\"out of stock\" \/>\n<meta property=\"product:retailer_item_id\" content=\"C-TRA015\" \/>\n<meta property=\"product:condition\" content=\"new\" \/>\n<!-- \/ Yoast SEO plugin. -->","yoast_head_json":{"title":"Transiphytol Greenvet - V\u00e9torino","description":"TRANSIPHYTOL est un aliment compl\u00e9mentaire qui participe \u00e0 l\u2019\u00e9quilibre du transit intestinal gr\u00e2ce \u00e0 ses multiples actions chez le chien et le chat.  Comprim\u00e9s app\u00e9tents, ar\u00f4me boeuf crevette   R\u00e9gule le transit Stimule la digestion Donne bonne haleine","robots":{"index":"noindex","follow":"nofollow"},"og_locale":"fr_FR","og_type":"article","og_title":"Transiphytol Greenvet - V\u00e9torino","og_description":"TRANSIPHYTOL est un aliment compl\u00e9mentaire qui participe \u00e0 l\u2019\u00e9quilibre du transit intestinal gr\u00e2ce \u00e0 ses multiples actions chez le chien et le chat.  Comprim\u00e9s app\u00e9tents, ar\u00f4me boeuf crevette   R\u00e9gule le transit Stimule la digestion Donne bonne haleine","og_url":"https:\/\/www.vetorino.com\/veterinaire\/villeneuvetolosane-31270\/boutique\/product\/transiphytol\/","og_site_name":"V\u00e9torino","article_publisher":"https:\/\/www.facebook.com\/Vetorino\/","article_modified_time":"2025-10-03T07:41:18+00:00","og_image":[{"width":700,"height":700,"url":"https:\/\/www.vetorino.com\/boutique\/wp-content\/uploads\/2021\/05\/transiphytol-30-cps.jpg","type":"image\/jpeg"}],"twitter_card":"summary_large_image","twitter_misc":{"Prix":"15,03&euro;","Disponibilit\u00e9":"Rupture de stock"},"schema":{"@context":"https:\/\/schema.org","@graph":[{"@type":"WebPage","@id":"https:\/\/www.vetorino.com\/boutique\/product\/transiphytol\/","url":"https:\/\/www.vetorino.com\/boutique\/product\/transiphytol\/","name":"Transiphytol Greenvet - V\u00e9torino","isPartOf":{"@id":"https:\/\/www.vetorino.com\/boutique\/#website"},"primaryImageOfPage":{"@id":"https:\/\/www.vetorino.com\/boutique\/product\/transiphytol\/#primaryimage"},"image":{"@id":"https:\/\/www.vetorino.com\/boutique\/product\/transiphytol\/#primaryimage"},"thumbnailUrl":"https:\/\/www.vetorino.com\/boutique\/wp-content\/uploads\/2021\/05\/transiphytol-30-cps.jpg","datePublished":"2020-06-30T15:04:53+00:00","dateModified":"2025-10-03T07:41:18+00:00","description":"TRANSIPHYTOL est un aliment compl\u00e9mentaire qui participe \u00e0 l\u2019\u00e9quilibre du transit intestinal gr\u00e2ce \u00e0 ses multiples actions chez le chien et le chat. Comprim\u00e9s app\u00e9tents, ar\u00f4me boeuf crevette R\u00e9gule le transit Stimule la digestion Donne bonne haleine","breadcrumb":{"@id":"https:\/\/www.vetorino.com\/boutique\/product\/transiphytol\/#breadcrumb"},"inLanguage":"fr-FR","potentialAction":[{"@type":"ReadAction","target":["https:\/\/www.vetorino.com\/boutique\/product\/transiphytol\/"]}]},{"@type":"ImageObject","inLanguage":"fr-FR","@id":"https:\/\/www.vetorino.com\/boutique\/product\/transiphytol\/#primaryimage","url":"https:\/\/www.vetorino.com\/boutique\/wp-content\/uploads\/2021\/05\/transiphytol-30-cps.jpg","contentUrl":"https:\/\/www.vetorino.com\/boutique\/wp-content\/uploads\/2021\/05\/transiphytol-30-cps.jpg","width":700,"height":700},{"@type":"BreadcrumbList","@id":"https:\/\/www.vetorino.com\/boutique\/product\/transiphytol\/#breadcrumb","itemListElement":[{"@type":"ListItem","position":1,"name":"Accueil","item":"https:\/\/www.vetorino.com\/boutique\/"},{"@type":"ListItem","position":2,"name":"Produits","item":"https:\/\/www.vetorino.com\/boutique\/"},{"@type":"ListItem","position":3,"name":"Transiphytol"}]},{"@type":"WebSite","@id":"https:\/\/www.vetorino.com\/boutique\/#website","url":"https:\/\/www.vetorino.com\/boutique\/","name":"V\u00e9torino","description":"","publisher":{"@id":"https:\/\/www.vetorino.com\/boutique\/#organization"},"potentialAction":[{"@type":"SearchAction","target":{"@type":"EntryPoint","urlTemplate":"https:\/\/www.vetorino.com\/boutique\/?s={search_term_string}"},"query-input":{"@type":"PropertyValueSpecification","valueRequired":true,"valueName":"search_term_string"}}],"inLanguage":"fr-FR"},{"@type":"Organization","@id":"https:\/\/www.vetorino.com\/boutique\/#organization","name":"V\u00e9torino","url":"https:\/\/www.vetorino.com\/boutique\/","logo":{"@type":"ImageObject","inLanguage":"fr-FR","@id":"https:\/\/www.vetorino.com\/boutique\/#\/schema\/logo\/image\/","url":"https:\/\/www.vetorino.com\/boutique\/wp-content\/uploads\/2024\/10\/logo.jpg","contentUrl":"https:\/\/www.vetorino.com\/boutique\/wp-content\/uploads\/2024\/10\/logo.jpg","width":1200,"height":610,"caption":"V\u00e9torino"},"image":{"@id":"https:\/\/www.vetorino.com\/boutique\/#\/schema\/logo\/image\/"},"sameAs":["https:\/\/www.facebook.com\/Vetorino\/","https:\/\/www.instagram.com\/vetorino_off\/","https:\/\/www.linkedin.com\/company\/vtorino\/"]}]},"product_brand":"Greenvet","product_price_amount":"15.03","product_price_currency":"EUR","og_availability":"out of stock","product_availability":"out of stock","product_retailer_item_id":"C-TRA015","product_condition":"new"},"_links":{"self":[{"href":"https:\/\/www.vetorino.com\/veterinaire\/villeneuvetolosane-31270\/boutique\/wp-json\/wp\/v2\/product\/102983","targetHints":{"allow":["GET"]}}],"collection":[{"href":"https:\/\/www.vetorino.com\/veterinaire\/villeneuvetolosane-31270\/boutique\/wp-json\/wp\/v2\/product"}],"about":[{"href":"https:\/\/www.vetorino.com\/veterinaire\/villeneuvetolosane-31270\/boutique\/wp-json\/wp\/v2\/types\/product"}],"wp:featuredmedia":[{"embeddable":true,"href":"https:\/\/www.vetorino.com\/veterinaire\/villeneuvetolosane-31270\/boutique\/wp-json\/wp\/v2\/media\/191137"}],"wp:attachment":[{"href":"https:\/\/www.vetorino.com\/veterinaire\/villeneuvetolosane-31270\/boutique\/wp-json\/wp\/v2\/media?parent=102983"}],"wp:term":[{"taxonomy":"product_cat","embeddable":true,"href":"https:\/\/www.vetorino.com\/veterinaire\/villeneuvetolosane-31270\/boutique\/wp-json\/wp\/v2\/product_cat?post=102983"},{"taxonomy":"product_tag","embeddable":true,"href":"https:\/\/www.vetorino.com\/veterinaire\/villeneuvetolosane-31270\/boutique\/wp-json\/wp\/v2\/product_tag?post=102983"}],"curies":[{"name":"wp","href":"https:\/\/api.w.org\/{rel}","templated":true}]}}