{"id":103022,"date":"2020-06-30T17:05:38","date_gmt":"2020-06-30T15:05:38","guid":{"rendered":"https:\/\/www.vetorino.com\/boutique\/product\/twelve-tvm\/"},"modified":"2024-06-08T14:50:53","modified_gmt":"2024-06-08T12:50:53","slug":"twelve-tvm","status":"publish","type":"product","link":"https:\/\/www.vetorino.com\/veterinaire\/villeneuvetolosane-31270\/boutique\/product\/twelve-tvm\/","title":{"rendered":"Twelve Collyre"},"content":{"rendered":"<p>Twelve Collyre est un\u00a0<strong>protecteur physiologique de la corn\u00e9e<\/strong>\u00a0qui repose sur des propri\u00e9t\u00e9s des riches en action :<\/p>\n<p>La cyanocobalamine &#8211; vitamine B12 est un cofacteur essentiel pour la multiplication cellulaire. Elle intervient dans la synth\u00e8se des prot\u00e9ines et des acides nucl\u00e9iques. Elle participe \u00e9galement \u00e0 l&#8217;activit\u00e9 antiradicalaire physiologique.<br \/>\nLes facteurs trophiques min\u00e9raux jouent un r\u00f4le cl\u00e9 dans les r\u00e9actions biochimiques cellulaires lors d&#8217;activit\u00e9s intenses comme les phases de multiplication ou de r\u00e9paration.<\/p>\n<p>L&#8217;acide hyaluronique constituant naturel de la phase muqueuse lacrymal, am\u00e9liore l&#8217;adh\u00e9rence des larmes \u00e0 l&#8217;\u00e9pith\u00e9lium corn\u00e9en. Il poss\u00e8de \u00e9galement des propri\u00e9t\u00e9s lubrifiantes par sa capacit\u00e9 \u00e0 se lier \u00e0 un tr\u00e8s grand nombre de mol\u00e9cules d&#8217;eau<br \/>\nTwelve Collyre se pr\u00e9sente sous forme de gouttes \u00e0 instiller dans les yeux. Concernant la fr\u00e9quence et le nombre de gouttes \u00e0 utiliser chez votre chien, il est important de suivre les instructions de votre v\u00e9t\u00e9rinaire.<\/p>\n","protected":false},"excerpt":{"rendered":"<p><strong>Twelve Collyre<\/strong> protecteur physiologique de la corn\u00e9e. Twelve collyre est un soin parfaitement adapt\u00e9 pour traiter les : chiens, chats, chevaux de sport et de course, NAC. Twelve Collyre permet de favoriser la cicatrisation de la corn\u00e9e en cas de l\u00e9sion et assure une protection pour \u00e9viter une infection aggrav\u00e9e.<\/p>\n<p><strong>Utilisation<\/strong> :<\/p>\n<ul>\n<li>Chiens<\/li>\n<li>Chats<\/li>\n<li>Chevaux<\/li>\n<li>NAC<\/li>\n<\/ul>\n","protected":false},"featured_media":898444,"template":"","meta":[],"product_cat":[12547],"product_tag":[],"class_list":{"0":"post-103022","1":"product","2":"type-product","3":"status-publish","4":"has-post-thumbnail","6":"product_cat-cheval","7":"pa_marque-tvm","9":"first","10":"outofstock","11":"taxable","12":"shipping-taxable","13":"purchasable","14":"product-type-simple"},"yoast_head":"<!-- This site is optimized with the Yoast SEO plugin v27.3 - https:\/\/yoast.com\/product\/yoast-seo-wordpress\/ -->\n<title>Twelve Collyre D\u00f4mes Pharma TVM - V\u00e9torino<\/title>\n<meta name=\"description\" content=\"Twelve Collyre protecteur physiologique de la corn\u00e9e. Twelve collyre est un soin parfaitement adapt\u00e9 pour traiter les : chiens, chats, chevaux de sport et de course, NAC. Twelve Collyre permet de favoriser la cicatrisation de la corn\u00e9e en cas de l\u00e9sion et assure une protection pour \u00e9viter une infection aggrav\u00e9e.  Utilisation :   Chiens  Chats  Chevaux  NAC\" \/>\n<meta name=\"robots\" content=\"noindex, nofollow\" \/>\n<meta property=\"og:locale\" content=\"fr_FR\" \/>\n<meta property=\"og:type\" content=\"article\" \/>\n<meta property=\"og:title\" content=\"Twelve Collyre D\u00f4mes Pharma TVM - V\u00e9torino\" \/>\n<meta property=\"og:description\" content=\"Twelve Collyre protecteur physiologique de la corn\u00e9e. Twelve collyre est un soin parfaitement adapt\u00e9 pour traiter les : chiens, chats, chevaux de sport et de course, NAC. Twelve Collyre permet de favoriser la cicatrisation de la corn\u00e9e en cas de l\u00e9sion et assure une protection pour \u00e9viter une infection aggrav\u00e9e.  Utilisation :   Chiens  Chats  Chevaux  NAC\" \/>\n<meta property=\"og:url\" content=\"https:\/\/www.vetorino.com\/veterinaire\/villeneuvetolosane-31270\/boutique\/product\/twelve-tvm\/\" \/>\n<meta property=\"og:site_name\" content=\"V\u00e9torino\" \/>\n<meta property=\"article:publisher\" content=\"https:\/\/www.facebook.com\/Vetorino\/\" \/>\n<meta property=\"article:modified_time\" content=\"2024-06-08T12:50:53+00:00\" \/>\n<meta property=\"og:image\" content=\"https:\/\/www.vetorino.com\/boutique\/wp-content\/uploads\/2020\/06\/twelve.jpg\" \/>\n\t<meta property=\"og:image:width\" content=\"800\" \/>\n\t<meta property=\"og:image:height\" content=\"800\" \/>\n\t<meta property=\"og:image:type\" content=\"image\/jpeg\" \/>\n<meta name=\"twitter:card\" content=\"summary_large_image\" \/>\n<meta name=\"twitter:label1\" content=\"Prix\" \/>\n\t<meta name=\"twitter:data1\" content=\"14,94&euro;\" \/>\n\t<meta name=\"twitter:label2\" content=\"Disponibilit\u00e9\" \/>\n\t<meta name=\"twitter:data2\" content=\"Rupture de stock\" \/>\n<script type=\"application\/ld+json\" class=\"yoast-schema-graph\">{\"@context\":\"https:\\\/\\\/schema.org\",\"@graph\":[{\"@type\":\"WebPage\",\"@id\":\"https:\\\/\\\/www.vetorino.com\\\/veterinaire\\\/livarot-14140\\\/boutique\\\/product\\\/twelve-tvm\\\/\",\"url\":\"https:\\\/\\\/www.vetorino.com\\\/veterinaire\\\/livarot-14140\\\/boutique\\\/product\\\/twelve-tvm\\\/\",\"name\":\"Twelve Collyre D\u00f4mes Pharma TVM - V\u00e9torino\",\"isPartOf\":{\"@id\":\"https:\\\/\\\/www.vetorino.com\\\/boutique\\\/#website\"},\"primaryImageOfPage\":{\"@id\":\"https:\\\/\\\/www.vetorino.com\\\/veterinaire\\\/livarot-14140\\\/boutique\\\/product\\\/twelve-tvm\\\/#primaryimage\"},\"image\":{\"@id\":\"https:\\\/\\\/www.vetorino.com\\\/veterinaire\\\/livarot-14140\\\/boutique\\\/product\\\/twelve-tvm\\\/#primaryimage\"},\"thumbnailUrl\":\"https:\\\/\\\/www.vetorino.com\\\/boutique\\\/wp-content\\\/uploads\\\/2020\\\/06\\\/twelve.jpg\",\"datePublished\":\"2020-06-30T15:05:38+00:00\",\"dateModified\":\"2024-06-08T12:50:53+00:00\",\"description\":\"Twelve Collyre protecteur physiologique de la corn\u00e9e. Twelve collyre est un soin parfaitement adapt\u00e9 pour traiter les : chiens, chats, chevaux de sport et de course, NAC. Twelve Collyre permet de favoriser la cicatrisation de la corn\u00e9e en cas de l\u00e9sion et assure une protection pour \u00e9viter une infection aggrav\u00e9e. Utilisation : Chiens Chats Chevaux NAC\",\"breadcrumb\":{\"@id\":\"https:\\\/\\\/www.vetorino.com\\\/veterinaire\\\/livarot-14140\\\/boutique\\\/product\\\/twelve-tvm\\\/#breadcrumb\"},\"inLanguage\":\"fr-FR\",\"potentialAction\":[{\"@type\":\"ReadAction\",\"target\":[\"https:\\\/\\\/www.vetorino.com\\\/veterinaire\\\/livarot-14140\\\/boutique\\\/product\\\/twelve-tvm\\\/\"]}]},{\"@type\":\"ImageObject\",\"inLanguage\":\"fr-FR\",\"@id\":\"https:\\\/\\\/www.vetorino.com\\\/veterinaire\\\/livarot-14140\\\/boutique\\\/product\\\/twelve-tvm\\\/#primaryimage\",\"url\":\"https:\\\/\\\/www.vetorino.com\\\/boutique\\\/wp-content\\\/uploads\\\/2020\\\/06\\\/twelve.jpg\",\"contentUrl\":\"https:\\\/\\\/www.vetorino.com\\\/boutique\\\/wp-content\\\/uploads\\\/2020\\\/06\\\/twelve.jpg\",\"width\":800,\"height\":800},{\"@type\":\"BreadcrumbList\",\"@id\":\"https:\\\/\\\/www.vetorino.com\\\/veterinaire\\\/livarot-14140\\\/boutique\\\/product\\\/twelve-tvm\\\/#breadcrumb\",\"itemListElement\":[{\"@type\":\"ListItem\",\"position\":1,\"name\":\"Accueil\",\"item\":\"https:\\\/\\\/www.vetorino.com\\\/boutique\\\/\"},{\"@type\":\"ListItem\",\"position\":2,\"name\":\"Produits\",\"item\":\"https:\\\/\\\/www.vetorino.com\\\/boutique\\\/\"},{\"@type\":\"ListItem\",\"position\":3,\"name\":\"Twelve Collyre\"}]},{\"@type\":\"WebSite\",\"@id\":\"https:\\\/\\\/www.vetorino.com\\\/boutique\\\/#website\",\"url\":\"https:\\\/\\\/www.vetorino.com\\\/boutique\\\/\",\"name\":\"V\u00e9torino\",\"description\":\"\",\"publisher\":{\"@id\":\"https:\\\/\\\/www.vetorino.com\\\/boutique\\\/#organization\"},\"potentialAction\":[{\"@type\":\"SearchAction\",\"target\":{\"@type\":\"EntryPoint\",\"urlTemplate\":\"https:\\\/\\\/www.vetorino.com\\\/boutique\\\/?s={search_term_string}\"},\"query-input\":{\"@type\":\"PropertyValueSpecification\",\"valueRequired\":true,\"valueName\":\"search_term_string\"}}],\"inLanguage\":\"fr-FR\"},{\"@type\":\"Organization\",\"@id\":\"https:\\\/\\\/www.vetorino.com\\\/boutique\\\/#organization\",\"name\":\"V\u00e9torino\",\"url\":\"https:\\\/\\\/www.vetorino.com\\\/boutique\\\/\",\"logo\":{\"@type\":\"ImageObject\",\"inLanguage\":\"fr-FR\",\"@id\":\"https:\\\/\\\/www.vetorino.com\\\/boutique\\\/#\\\/schema\\\/logo\\\/image\\\/\",\"url\":\"https:\\\/\\\/www.vetorino.com\\\/boutique\\\/wp-content\\\/uploads\\\/2024\\\/10\\\/logo.jpg\",\"contentUrl\":\"https:\\\/\\\/www.vetorino.com\\\/boutique\\\/wp-content\\\/uploads\\\/2024\\\/10\\\/logo.jpg\",\"width\":1200,\"height\":610,\"caption\":\"V\u00e9torino\"},\"image\":{\"@id\":\"https:\\\/\\\/www.vetorino.com\\\/boutique\\\/#\\\/schema\\\/logo\\\/image\\\/\"},\"sameAs\":[\"https:\\\/\\\/www.facebook.com\\\/Vetorino\\\/\",\"https:\\\/\\\/www.instagram.com\\\/vetorino_off\\\/\",\"https:\\\/\\\/www.linkedin.com\\\/company\\\/vtorino\\\/\"]}]}<\/script>\n<meta property=\"product:brand\" content=\"D\u00f4mes Pharma TVM\" \/>\n<meta property=\"product:price:amount\" content=\"14.94\" \/>\n<meta property=\"product:price:currency\" content=\"EUR\" \/>\n<meta property=\"og:availability\" content=\"out of stock\" \/>\n<meta property=\"product:availability\" content=\"out of stock\" \/>\n<meta property=\"product:retailer_item_id\" content=\"C-TWE001\" \/>\n<meta property=\"product:condition\" content=\"new\" \/>\n<!-- \/ Yoast SEO plugin. -->","yoast_head_json":{"title":"Twelve Collyre D\u00f4mes Pharma TVM - V\u00e9torino","description":"Twelve Collyre protecteur physiologique de la corn\u00e9e. Twelve collyre est un soin parfaitement adapt\u00e9 pour traiter les : chiens, chats, chevaux de sport et de course, NAC. Twelve Collyre permet de favoriser la cicatrisation de la corn\u00e9e en cas de l\u00e9sion et assure une protection pour \u00e9viter une infection aggrav\u00e9e.  Utilisation :   Chiens  Chats  Chevaux  NAC","robots":{"index":"noindex","follow":"nofollow"},"og_locale":"fr_FR","og_type":"article","og_title":"Twelve Collyre D\u00f4mes Pharma TVM - V\u00e9torino","og_description":"Twelve Collyre protecteur physiologique de la corn\u00e9e. Twelve collyre est un soin parfaitement adapt\u00e9 pour traiter les : chiens, chats, chevaux de sport et de course, NAC. Twelve Collyre permet de favoriser la cicatrisation de la corn\u00e9e en cas de l\u00e9sion et assure une protection pour \u00e9viter une infection aggrav\u00e9e.  Utilisation :   Chiens  Chats  Chevaux  NAC","og_url":"https:\/\/www.vetorino.com\/veterinaire\/villeneuvetolosane-31270\/boutique\/product\/twelve-tvm\/","og_site_name":"V\u00e9torino","article_publisher":"https:\/\/www.facebook.com\/Vetorino\/","article_modified_time":"2024-06-08T12:50:53+00:00","og_image":[{"width":800,"height":800,"url":"https:\/\/www.vetorino.com\/boutique\/wp-content\/uploads\/2020\/06\/twelve.jpg","type":"image\/jpeg"}],"twitter_card":"summary_large_image","twitter_misc":{"Prix":"14,94&euro;","Disponibilit\u00e9":"Rupture de stock"},"schema":{"@context":"https:\/\/schema.org","@graph":[{"@type":"WebPage","@id":"https:\/\/www.vetorino.com\/veterinaire\/livarot-14140\/boutique\/product\/twelve-tvm\/","url":"https:\/\/www.vetorino.com\/veterinaire\/livarot-14140\/boutique\/product\/twelve-tvm\/","name":"Twelve Collyre D\u00f4mes Pharma TVM - V\u00e9torino","isPartOf":{"@id":"https:\/\/www.vetorino.com\/boutique\/#website"},"primaryImageOfPage":{"@id":"https:\/\/www.vetorino.com\/veterinaire\/livarot-14140\/boutique\/product\/twelve-tvm\/#primaryimage"},"image":{"@id":"https:\/\/www.vetorino.com\/veterinaire\/livarot-14140\/boutique\/product\/twelve-tvm\/#primaryimage"},"thumbnailUrl":"https:\/\/www.vetorino.com\/boutique\/wp-content\/uploads\/2020\/06\/twelve.jpg","datePublished":"2020-06-30T15:05:38+00:00","dateModified":"2024-06-08T12:50:53+00:00","description":"Twelve Collyre protecteur physiologique de la corn\u00e9e. Twelve collyre est un soin parfaitement adapt\u00e9 pour traiter les : chiens, chats, chevaux de sport et de course, NAC. Twelve Collyre permet de favoriser la cicatrisation de la corn\u00e9e en cas de l\u00e9sion et assure une protection pour \u00e9viter une infection aggrav\u00e9e. Utilisation : Chiens Chats Chevaux NAC","breadcrumb":{"@id":"https:\/\/www.vetorino.com\/veterinaire\/livarot-14140\/boutique\/product\/twelve-tvm\/#breadcrumb"},"inLanguage":"fr-FR","potentialAction":[{"@type":"ReadAction","target":["https:\/\/www.vetorino.com\/veterinaire\/livarot-14140\/boutique\/product\/twelve-tvm\/"]}]},{"@type":"ImageObject","inLanguage":"fr-FR","@id":"https:\/\/www.vetorino.com\/veterinaire\/livarot-14140\/boutique\/product\/twelve-tvm\/#primaryimage","url":"https:\/\/www.vetorino.com\/boutique\/wp-content\/uploads\/2020\/06\/twelve.jpg","contentUrl":"https:\/\/www.vetorino.com\/boutique\/wp-content\/uploads\/2020\/06\/twelve.jpg","width":800,"height":800},{"@type":"BreadcrumbList","@id":"https:\/\/www.vetorino.com\/veterinaire\/livarot-14140\/boutique\/product\/twelve-tvm\/#breadcrumb","itemListElement":[{"@type":"ListItem","position":1,"name":"Accueil","item":"https:\/\/www.vetorino.com\/boutique\/"},{"@type":"ListItem","position":2,"name":"Produits","item":"https:\/\/www.vetorino.com\/boutique\/"},{"@type":"ListItem","position":3,"name":"Twelve Collyre"}]},{"@type":"WebSite","@id":"https:\/\/www.vetorino.com\/boutique\/#website","url":"https:\/\/www.vetorino.com\/boutique\/","name":"V\u00e9torino","description":"","publisher":{"@id":"https:\/\/www.vetorino.com\/boutique\/#organization"},"potentialAction":[{"@type":"SearchAction","target":{"@type":"EntryPoint","urlTemplate":"https:\/\/www.vetorino.com\/boutique\/?s={search_term_string}"},"query-input":{"@type":"PropertyValueSpecification","valueRequired":true,"valueName":"search_term_string"}}],"inLanguage":"fr-FR"},{"@type":"Organization","@id":"https:\/\/www.vetorino.com\/boutique\/#organization","name":"V\u00e9torino","url":"https:\/\/www.vetorino.com\/boutique\/","logo":{"@type":"ImageObject","inLanguage":"fr-FR","@id":"https:\/\/www.vetorino.com\/boutique\/#\/schema\/logo\/image\/","url":"https:\/\/www.vetorino.com\/boutique\/wp-content\/uploads\/2024\/10\/logo.jpg","contentUrl":"https:\/\/www.vetorino.com\/boutique\/wp-content\/uploads\/2024\/10\/logo.jpg","width":1200,"height":610,"caption":"V\u00e9torino"},"image":{"@id":"https:\/\/www.vetorino.com\/boutique\/#\/schema\/logo\/image\/"},"sameAs":["https:\/\/www.facebook.com\/Vetorino\/","https:\/\/www.instagram.com\/vetorino_off\/","https:\/\/www.linkedin.com\/company\/vtorino\/"]}]},"product_brand":"D\u00f4mes Pharma TVM","product_price_amount":"14.94","product_price_currency":"EUR","og_availability":"out of stock","product_availability":"out of stock","product_retailer_item_id":"C-TWE001","product_condition":"new"},"_links":{"self":[{"href":"https:\/\/www.vetorino.com\/veterinaire\/villeneuvetolosane-31270\/boutique\/wp-json\/wp\/v2\/product\/103022","targetHints":{"allow":["GET"]}}],"collection":[{"href":"https:\/\/www.vetorino.com\/veterinaire\/villeneuvetolosane-31270\/boutique\/wp-json\/wp\/v2\/product"}],"about":[{"href":"https:\/\/www.vetorino.com\/veterinaire\/villeneuvetolosane-31270\/boutique\/wp-json\/wp\/v2\/types\/product"}],"wp:featuredmedia":[{"embeddable":true,"href":"https:\/\/www.vetorino.com\/veterinaire\/villeneuvetolosane-31270\/boutique\/wp-json\/wp\/v2\/media\/898444"}],"wp:attachment":[{"href":"https:\/\/www.vetorino.com\/veterinaire\/villeneuvetolosane-31270\/boutique\/wp-json\/wp\/v2\/media?parent=103022"}],"wp:term":[{"taxonomy":"product_cat","embeddable":true,"href":"https:\/\/www.vetorino.com\/veterinaire\/villeneuvetolosane-31270\/boutique\/wp-json\/wp\/v2\/product_cat?post=103022"},{"taxonomy":"product_tag","embeddable":true,"href":"https:\/\/www.vetorino.com\/veterinaire\/villeneuvetolosane-31270\/boutique\/wp-json\/wp\/v2\/product_tag?post=103022"}],"curies":[{"name":"wp","href":"https:\/\/api.w.org\/{rel}","templated":true}]}}