{"id":492728,"date":"2022-10-17T11:20:06","date_gmt":"2022-10-17T09:20:06","guid":{"rendered":"https:\/\/www.vetorino.com\/boutique\/product\/cage-wouapy-a-porte-metal\/"},"modified":"2026-02-20T02:42:15","modified_gmt":"2026-02-20T01:42:15","slug":"cage-wouapy-a-porte-metal","status":"publish","type":"product","link":"https:\/\/www.vetorino.com\/veterinaire\/villeneuvetolosane-31270\/boutique\/product\/cage-wouapy-a-porte-metal\/","title":{"rendered":"Cage Wouapy \u00e0 porte m\u00e9tal"},"content":{"rendered":"<p>Les caisses de transport Wouapy Dorie sont con\u00e7ues \u00e0 partir de mat\u00e9riaux robustes.<br \/>\nElles sont adapt\u00e9es aux longs d\u00e9placements gr\u00e2ce \u00e0 leurs nombreuses a\u00e9rations.<\/p>\n<ul>\n<li>Pour chats et chiens.<\/li>\n<li>Double ouverture, sur le devant et\u00a0sur le\u00a0dessus.<\/li>\n<li>Porte en m\u00e9tal pour une s\u00e9curit\u00e9 optimale.<\/li>\n<li>Poign\u00e9e amovible.<\/li>\n<li>Fermeture \u00e0 deux points.<\/li>\n<\/ul>\n","protected":false},"excerpt":{"rendered":"<p>Con\u00e7ue aussi bien pour les chiens que pour les chats, la caisse de transport Wouapy vous permet de transporter votre fid\u00e8le compagnon sur les distances les plus courtes comme les plus longues.<\/p>\n<p>Coloris al\u00e9atoire.<\/p>\n","protected":false},"featured_media":1694757,"template":"","meta":[],"product_cat":[2698],"product_tag":[],"class_list":{"0":"post-492728","1":"product","2":"type-product","3":"status-publish","4":"has-post-thumbnail","6":"product_cat-chien","7":"pa_marque-wouapy","9":"first","10":"instock","11":"taxable","12":"shipping-taxable","13":"purchasable","14":"product-type-variable"},"yoast_head":"<!-- This site is optimized with the Yoast SEO plugin v27.3 - https:\/\/yoast.com\/product\/yoast-seo-wordpress\/ -->\n<title>Cage Wouapy \u00e0 porte m\u00e9tal Wouapy - V\u00e9torino<\/title>\n<meta name=\"description\" content=\"Con\u00e7ue aussi bien pour les chiens que pour les chats, la caisse de transport Wouapy vous permet de transporter votre fid\u00e8le compagnon sur les distances les plus courtes comme les plus longues.  Coloris al\u00e9atoire.\" \/>\n<meta name=\"robots\" content=\"noindex, nofollow\" \/>\n<meta property=\"og:locale\" content=\"fr_FR\" \/>\n<meta property=\"og:type\" content=\"article\" \/>\n<meta property=\"og:title\" content=\"Cage Wouapy \u00e0 porte m\u00e9tal Wouapy - V\u00e9torino\" \/>\n<meta property=\"og:description\" content=\"Con\u00e7ue aussi bien pour les chiens que pour les chats, la caisse de transport Wouapy vous permet de transporter votre fid\u00e8le compagnon sur les distances les plus courtes comme les plus longues.  Coloris al\u00e9atoire.\" \/>\n<meta property=\"og:url\" content=\"https:\/\/www.vetorino.com\/veterinaire\/villeneuvetolosane-31270\/boutique\/product\/cage-wouapy-a-porte-metal\/\" \/>\n<meta property=\"og:site_name\" content=\"V\u00e9torino\" \/>\n<meta property=\"article:publisher\" content=\"https:\/\/www.facebook.com\/Vetorino\/\" \/>\n<meta property=\"article:modified_time\" content=\"2026-02-20T01:42:15+00:00\" \/>\n<meta property=\"og:image\" content=\"https:\/\/www.vetorino.com\/boutique\/wp-content\/uploads\/2022\/10\/cage-wouapy-porte-metal.webp\" \/>\n\t<meta property=\"og:image:width\" content=\"2000\" \/>\n\t<meta property=\"og:image:height\" content=\"1545\" \/>\n\t<meta property=\"og:image:type\" content=\"image\/webp\" \/>\n<meta name=\"twitter:card\" content=\"summary_large_image\" \/>\n<meta name=\"twitter:label1\" content=\"Disponibilit\u00e9\" \/>\n\t<meta name=\"twitter:data1\" content=\"En stock\" \/>\n<script type=\"application\/ld+json\" class=\"yoast-schema-graph\">{\"@context\":\"https:\\\/\\\/schema.org\",\"@graph\":[{\"@type\":\"WebPage\",\"@id\":\"https:\\\/\\\/www.vetorino.com\\\/boutique\\\/product\\\/cage-wouapy-a-porte-metal\\\/\",\"url\":\"https:\\\/\\\/www.vetorino.com\\\/boutique\\\/product\\\/cage-wouapy-a-porte-metal\\\/\",\"name\":\"Cage Wouapy \u00e0 porte m\u00e9tal Wouapy - V\u00e9torino\",\"isPartOf\":{\"@id\":\"https:\\\/\\\/www.vetorino.com\\\/boutique\\\/#website\"},\"primaryImageOfPage\":{\"@id\":\"https:\\\/\\\/www.vetorino.com\\\/boutique\\\/product\\\/cage-wouapy-a-porte-metal\\\/#primaryimage\"},\"image\":{\"@id\":\"https:\\\/\\\/www.vetorino.com\\\/boutique\\\/product\\\/cage-wouapy-a-porte-metal\\\/#primaryimage\"},\"thumbnailUrl\":\"https:\\\/\\\/www.vetorino.com\\\/boutique\\\/wp-content\\\/uploads\\\/2022\\\/10\\\/cage-wouapy-porte-metal.webp\",\"datePublished\":\"2022-10-17T09:20:06+00:00\",\"dateModified\":\"2026-02-20T01:42:15+00:00\",\"description\":\"Con\u00e7ue aussi bien pour les chiens que pour les chats, la caisse de transport Wouapy vous permet de transporter votre fid\u00e8le compagnon sur les distances les plus courtes comme les plus longues. Coloris al\u00e9atoire.\",\"breadcrumb\":{\"@id\":\"https:\\\/\\\/www.vetorino.com\\\/boutique\\\/product\\\/cage-wouapy-a-porte-metal\\\/#breadcrumb\"},\"inLanguage\":\"fr-FR\",\"potentialAction\":[{\"@type\":\"ReadAction\",\"target\":[\"https:\\\/\\\/www.vetorino.com\\\/boutique\\\/product\\\/cage-wouapy-a-porte-metal\\\/\"]}]},{\"@type\":\"ImageObject\",\"inLanguage\":\"fr-FR\",\"@id\":\"https:\\\/\\\/www.vetorino.com\\\/boutique\\\/product\\\/cage-wouapy-a-porte-metal\\\/#primaryimage\",\"url\":\"https:\\\/\\\/www.vetorino.com\\\/boutique\\\/wp-content\\\/uploads\\\/2022\\\/10\\\/cage-wouapy-porte-metal.webp\",\"contentUrl\":\"https:\\\/\\\/www.vetorino.com\\\/boutique\\\/wp-content\\\/uploads\\\/2022\\\/10\\\/cage-wouapy-porte-metal.webp\",\"width\":2000,\"height\":1545},{\"@type\":\"BreadcrumbList\",\"@id\":\"https:\\\/\\\/www.vetorino.com\\\/boutique\\\/product\\\/cage-wouapy-a-porte-metal\\\/#breadcrumb\",\"itemListElement\":[{\"@type\":\"ListItem\",\"position\":1,\"name\":\"Accueil\",\"item\":\"https:\\\/\\\/www.vetorino.com\\\/boutique\\\/\"},{\"@type\":\"ListItem\",\"position\":2,\"name\":\"Produits\",\"item\":\"https:\\\/\\\/www.vetorino.com\\\/boutique\\\/\"},{\"@type\":\"ListItem\",\"position\":3,\"name\":\"Cage Wouapy \u00e0 porte m\u00e9tal\"}]},{\"@type\":\"WebSite\",\"@id\":\"https:\\\/\\\/www.vetorino.com\\\/boutique\\\/#website\",\"url\":\"https:\\\/\\\/www.vetorino.com\\\/boutique\\\/\",\"name\":\"V\u00e9torino\",\"description\":\"\",\"publisher\":{\"@id\":\"https:\\\/\\\/www.vetorino.com\\\/boutique\\\/#organization\"},\"potentialAction\":[{\"@type\":\"SearchAction\",\"target\":{\"@type\":\"EntryPoint\",\"urlTemplate\":\"https:\\\/\\\/www.vetorino.com\\\/boutique\\\/?s={search_term_string}\"},\"query-input\":{\"@type\":\"PropertyValueSpecification\",\"valueRequired\":true,\"valueName\":\"search_term_string\"}}],\"inLanguage\":\"fr-FR\"},{\"@type\":\"Organization\",\"@id\":\"https:\\\/\\\/www.vetorino.com\\\/boutique\\\/#organization\",\"name\":\"V\u00e9torino\",\"url\":\"https:\\\/\\\/www.vetorino.com\\\/boutique\\\/\",\"logo\":{\"@type\":\"ImageObject\",\"inLanguage\":\"fr-FR\",\"@id\":\"https:\\\/\\\/www.vetorino.com\\\/boutique\\\/#\\\/schema\\\/logo\\\/image\\\/\",\"url\":\"https:\\\/\\\/www.vetorino.com\\\/boutique\\\/wp-content\\\/uploads\\\/2024\\\/10\\\/logo.jpg\",\"contentUrl\":\"https:\\\/\\\/www.vetorino.com\\\/boutique\\\/wp-content\\\/uploads\\\/2024\\\/10\\\/logo.jpg\",\"width\":1200,\"height\":610,\"caption\":\"V\u00e9torino\"},\"image\":{\"@id\":\"https:\\\/\\\/www.vetorino.com\\\/boutique\\\/#\\\/schema\\\/logo\\\/image\\\/\"},\"sameAs\":[\"https:\\\/\\\/www.facebook.com\\\/Vetorino\\\/\",\"https:\\\/\\\/www.instagram.com\\\/vetorino_off\\\/\",\"https:\\\/\\\/www.linkedin.com\\\/company\\\/vtorino\\\/\"]}]}<\/script>\n<meta property=\"product:brand\" content=\"Wouapy\" \/>\n<meta property=\"og:availability\" content=\"instock\" \/>\n<meta property=\"product:availability\" content=\"instock\" \/>\n<meta property=\"product:condition\" content=\"new\" \/>\n<!-- \/ Yoast SEO plugin. -->","yoast_head_json":{"title":"Cage Wouapy \u00e0 porte m\u00e9tal Wouapy - V\u00e9torino","description":"Con\u00e7ue aussi bien pour les chiens que pour les chats, la caisse de transport Wouapy vous permet de transporter votre fid\u00e8le compagnon sur les distances les plus courtes comme les plus longues.  Coloris al\u00e9atoire.","robots":{"index":"noindex","follow":"nofollow"},"og_locale":"fr_FR","og_type":"article","og_title":"Cage Wouapy \u00e0 porte m\u00e9tal Wouapy - V\u00e9torino","og_description":"Con\u00e7ue aussi bien pour les chiens que pour les chats, la caisse de transport Wouapy vous permet de transporter votre fid\u00e8le compagnon sur les distances les plus courtes comme les plus longues.  Coloris al\u00e9atoire.","og_url":"https:\/\/www.vetorino.com\/veterinaire\/villeneuvetolosane-31270\/boutique\/product\/cage-wouapy-a-porte-metal\/","og_site_name":"V\u00e9torino","article_publisher":"https:\/\/www.facebook.com\/Vetorino\/","article_modified_time":"2026-02-20T01:42:15+00:00","og_image":[{"width":2000,"height":1545,"url":"https:\/\/www.vetorino.com\/boutique\/wp-content\/uploads\/2022\/10\/cage-wouapy-porte-metal.webp","type":"image\/webp"}],"twitter_card":"summary_large_image","twitter_misc":{"Disponibilit\u00e9":"En stock"},"schema":{"@context":"https:\/\/schema.org","@graph":[{"@type":"WebPage","@id":"https:\/\/www.vetorino.com\/boutique\/product\/cage-wouapy-a-porte-metal\/","url":"https:\/\/www.vetorino.com\/boutique\/product\/cage-wouapy-a-porte-metal\/","name":"Cage Wouapy \u00e0 porte m\u00e9tal Wouapy - V\u00e9torino","isPartOf":{"@id":"https:\/\/www.vetorino.com\/boutique\/#website"},"primaryImageOfPage":{"@id":"https:\/\/www.vetorino.com\/boutique\/product\/cage-wouapy-a-porte-metal\/#primaryimage"},"image":{"@id":"https:\/\/www.vetorino.com\/boutique\/product\/cage-wouapy-a-porte-metal\/#primaryimage"},"thumbnailUrl":"https:\/\/www.vetorino.com\/boutique\/wp-content\/uploads\/2022\/10\/cage-wouapy-porte-metal.webp","datePublished":"2022-10-17T09:20:06+00:00","dateModified":"2026-02-20T01:42:15+00:00","description":"Con\u00e7ue aussi bien pour les chiens que pour les chats, la caisse de transport Wouapy vous permet de transporter votre fid\u00e8le compagnon sur les distances les plus courtes comme les plus longues. Coloris al\u00e9atoire.","breadcrumb":{"@id":"https:\/\/www.vetorino.com\/boutique\/product\/cage-wouapy-a-porte-metal\/#breadcrumb"},"inLanguage":"fr-FR","potentialAction":[{"@type":"ReadAction","target":["https:\/\/www.vetorino.com\/boutique\/product\/cage-wouapy-a-porte-metal\/"]}]},{"@type":"ImageObject","inLanguage":"fr-FR","@id":"https:\/\/www.vetorino.com\/boutique\/product\/cage-wouapy-a-porte-metal\/#primaryimage","url":"https:\/\/www.vetorino.com\/boutique\/wp-content\/uploads\/2022\/10\/cage-wouapy-porte-metal.webp","contentUrl":"https:\/\/www.vetorino.com\/boutique\/wp-content\/uploads\/2022\/10\/cage-wouapy-porte-metal.webp","width":2000,"height":1545},{"@type":"BreadcrumbList","@id":"https:\/\/www.vetorino.com\/boutique\/product\/cage-wouapy-a-porte-metal\/#breadcrumb","itemListElement":[{"@type":"ListItem","position":1,"name":"Accueil","item":"https:\/\/www.vetorino.com\/boutique\/"},{"@type":"ListItem","position":2,"name":"Produits","item":"https:\/\/www.vetorino.com\/boutique\/"},{"@type":"ListItem","position":3,"name":"Cage Wouapy \u00e0 porte m\u00e9tal"}]},{"@type":"WebSite","@id":"https:\/\/www.vetorino.com\/boutique\/#website","url":"https:\/\/www.vetorino.com\/boutique\/","name":"V\u00e9torino","description":"","publisher":{"@id":"https:\/\/www.vetorino.com\/boutique\/#organization"},"potentialAction":[{"@type":"SearchAction","target":{"@type":"EntryPoint","urlTemplate":"https:\/\/www.vetorino.com\/boutique\/?s={search_term_string}"},"query-input":{"@type":"PropertyValueSpecification","valueRequired":true,"valueName":"search_term_string"}}],"inLanguage":"fr-FR"},{"@type":"Organization","@id":"https:\/\/www.vetorino.com\/boutique\/#organization","name":"V\u00e9torino","url":"https:\/\/www.vetorino.com\/boutique\/","logo":{"@type":"ImageObject","inLanguage":"fr-FR","@id":"https:\/\/www.vetorino.com\/boutique\/#\/schema\/logo\/image\/","url":"https:\/\/www.vetorino.com\/boutique\/wp-content\/uploads\/2024\/10\/logo.jpg","contentUrl":"https:\/\/www.vetorino.com\/boutique\/wp-content\/uploads\/2024\/10\/logo.jpg","width":1200,"height":610,"caption":"V\u00e9torino"},"image":{"@id":"https:\/\/www.vetorino.com\/boutique\/#\/schema\/logo\/image\/"},"sameAs":["https:\/\/www.facebook.com\/Vetorino\/","https:\/\/www.instagram.com\/vetorino_off\/","https:\/\/www.linkedin.com\/company\/vtorino\/"]}]},"product_brand":"Wouapy","og_availability":"instock","product_availability":"instock","product_condition":"new"},"_links":{"self":[{"href":"https:\/\/www.vetorino.com\/veterinaire\/villeneuvetolosane-31270\/boutique\/wp-json\/wp\/v2\/product\/492728","targetHints":{"allow":["GET"]}}],"collection":[{"href":"https:\/\/www.vetorino.com\/veterinaire\/villeneuvetolosane-31270\/boutique\/wp-json\/wp\/v2\/product"}],"about":[{"href":"https:\/\/www.vetorino.com\/veterinaire\/villeneuvetolosane-31270\/boutique\/wp-json\/wp\/v2\/types\/product"}],"wp:featuredmedia":[{"embeddable":true,"href":"https:\/\/www.vetorino.com\/veterinaire\/villeneuvetolosane-31270\/boutique\/wp-json\/wp\/v2\/media\/1694757"}],"wp:attachment":[{"href":"https:\/\/www.vetorino.com\/veterinaire\/villeneuvetolosane-31270\/boutique\/wp-json\/wp\/v2\/media?parent=492728"}],"wp:term":[{"taxonomy":"product_cat","embeddable":true,"href":"https:\/\/www.vetorino.com\/veterinaire\/villeneuvetolosane-31270\/boutique\/wp-json\/wp\/v2\/product_cat?post=492728"},{"taxonomy":"product_tag","embeddable":true,"href":"https:\/\/www.vetorino.com\/veterinaire\/villeneuvetolosane-31270\/boutique\/wp-json\/wp\/v2\/product_tag?post=492728"}],"curies":[{"name":"wp","href":"https:\/\/api.w.org\/{rel}","templated":true}]}}