{"id":550644,"date":"2023-02-01T17:16:27","date_gmt":"2023-02-01T16:16:27","guid":{"rendered":"https:\/\/www.vetorino.com\/boutique\/product\/griffoir-trixie-colonne\/"},"modified":"2025-06-28T09:41:16","modified_gmt":"2025-06-28T07:41:16","slug":"griffoir-trixie-colonne","status":"publish","type":"product","link":"https:\/\/www.vetorino.com\/veterinaire\/villeneuvetolosane-31270\/boutique\/product\/griffoir-trixie-colonne\/","title":{"rendered":"Griffoir pour chat"},"content":{"rendered":"<p>Les jouets \u00e0 griffer pour chat ne sont pas forc\u00e9ment\u00a0 tous confectionn\u00e9s en sisal ou en peluche. La preuve en est avec ce tronc \u00e0 griffer\u00a0<strong>fabriqu\u00e9 en bois <\/strong>qui s&#8217;int\u00e8gre facilement dans tous les styles d&#8217;int\u00e9rieur. Des deux c\u00f4t\u00e9s du tronc \u00e0 griffer se trouvent de <strong>grands panneaux en carton<\/strong>, \u00e0 remplacer\u00a0d\u00e8s que votre\u00a0chat les aura trop us\u00e9s. La dur\u00e9e de vie de ce tronc \u00e0 gratter Trixie se voit donc largement prolong\u00e9e. Enfin, ce tronc est \u00e9quip\u00e9 d&#8217;une balle en jute et en plumes, fix\u00e9e au bout d&#8217;un \u00e9lastique. Entre les moments de jeu et les sessions d&#8217;aff\u00fbtage de griffes, votre chat ne risque pas de s&#8217;ennuyer une seule seconde !<\/p>\n<p><strong>Caract\u00e9ristiques du tronc \u00e0 griffer Trixie pour chat :<\/strong><\/p>\n<ul>\n<li>tronc \u00e0 griffer moderne pour chat<\/li>\n<li><strong>vastes surfaces \u00e0 griffer en carton :<\/strong> sur 2 des 4\u00a0c\u00f4t\u00e9s du tronc, id\u00e9ales pour aiguiser ses griffes \u00e0 volont\u00e9, carton\u00a0de rechange disponible s\u00e9par\u00e9ment<\/li>\n<li><strong>livr\u00e9 avec de la menthe \u00e0 chat :<\/strong> \u00e0 disperser sur le carton pour stimuler votre chat<\/li>\n<li><strong>petite balle int\u00e9gr\u00e9e :<\/strong> balle amusante en toile de jute et en plumes, reli\u00e9e \u00e0 un \u00e9lastique pour des moments de jeu plus fous<\/li>\n<li>pieds en caoutchouc fournis pour prot\u00e9ger vos sols et assurer une meilleure stabilit\u00e9<\/li>\n<li>montage facile<\/li>\n<li>design naturel<\/li>\n<li><strong>coloris : <\/strong>naturel\/marron<\/li>\n<li><strong>mat\u00e9riaux :<\/strong>\n<ul>\n<li>tronc : MDF<\/li>\n<li>surfaces \u00e0 griffer : carton<\/li>\n<li>balle : toile de jute et plumes<\/li>\n<\/ul>\n<\/li>\n<li><strong>dimensions :\u00a0<\/strong>\n<ul>\n<li>dimensions totales : L 30 x\u00a0l 30 x\u00a0H 62 cm<\/li>\n<li>carton \u00e0 griffer : L 58 x\u00a0l 15 cm<\/li>\n<\/ul>\n<\/li>\n<\/ul>\n","protected":false},"excerpt":{"rendered":"<p>Les jouets \u00e0 griffer pour chat ne sont pas forc\u00e9ment\u00a0 tous confectionn\u00e9s en sisal ou en peluche. La preuve en est avec ce tronc \u00e0 griffer\u00a0<strong>fabriqu\u00e9 en bois <\/strong>qui s&#8217;int\u00e8gre facilement dans tous les styles d&#8217;int\u00e9rieur. Des deux c\u00f4t\u00e9s du tronc \u00e0 griffer se trouvent de <strong>grands panneaux en carton<\/strong>, \u00e0 remplacer\u00a0d\u00e8s que votre\u00a0chat les aura trop us\u00e9s. La dur\u00e9e de vie de ce tronc \u00e0 gratter Trixie se voit donc largement prolong\u00e9e.<\/p>\n","protected":false},"featured_media":915850,"template":"","meta":[],"product_cat":[12548,2748,2697,12620,15793],"product_tag":[],"class_list":{"0":"post-550644","1":"product","2":"type-product","3":"status-publish","4":"has-post-thumbnail","6":"product_cat-accessoire-du-chat","7":"product_cat-arbres-a-chat-griffoirs","8":"product_cat-chat","9":"product_cat-jeux-educatifs-pour-chat","10":"product_cat-jouets-pour-chat","11":"pa_marque-trixie","13":"first","14":"outofstock","15":"taxable","16":"shipping-taxable","17":"purchasable","18":"product-type-simple"},"yoast_head":"<!-- This site is optimized with the Yoast SEO plugin v27.3 - https:\/\/yoast.com\/product\/yoast-seo-wordpress\/ -->\n<title>Griffoir pour chat Trixie - V\u00e9torino<\/title>\n<meta name=\"description\" content=\"Les jouets \u00e0 griffer pour chat ne sont pas forc\u00e9ment\u00a0 tous confectionn\u00e9s en sisal ou en peluche. La preuve en est avec ce tronc \u00e0 griffer\u00a0fabriqu\u00e9 en bois qui s&#039;int\u00e8gre facilement dans tous les styles d&#039;int\u00e9rieur. Des deux c\u00f4t\u00e9s du tronc \u00e0 griffer se trouvent de grands panneaux en carton, \u00e0 remplacer\u00a0d\u00e8s que votre\u00a0chat les aura trop us\u00e9s. La dur\u00e9e de vie de ce tronc \u00e0 gratter Trixie se voit donc largement prolong\u00e9e.\" \/>\n<meta name=\"robots\" content=\"noindex, nofollow\" \/>\n<meta property=\"og:locale\" content=\"fr_FR\" \/>\n<meta property=\"og:type\" content=\"article\" \/>\n<meta property=\"og:title\" content=\"Griffoir pour chat Trixie - V\u00e9torino\" \/>\n<meta property=\"og:description\" content=\"Les jouets \u00e0 griffer pour chat ne sont pas forc\u00e9ment\u00a0 tous confectionn\u00e9s en sisal ou en peluche. La preuve en est avec ce tronc \u00e0 griffer\u00a0fabriqu\u00e9 en bois qui s&#039;int\u00e8gre facilement dans tous les styles d&#039;int\u00e9rieur. Des deux c\u00f4t\u00e9s du tronc \u00e0 griffer se trouvent de grands panneaux en carton, \u00e0 remplacer\u00a0d\u00e8s que votre\u00a0chat les aura trop us\u00e9s. La dur\u00e9e de vie de ce tronc \u00e0 gratter Trixie se voit donc largement prolong\u00e9e.\" \/>\n<meta property=\"og:url\" content=\"https:\/\/www.vetorino.com\/veterinaire\/villeneuvetolosane-31270\/boutique\/product\/griffoir-trixie-colonne\/\" \/>\n<meta property=\"og:site_name\" content=\"V\u00e9torino\" \/>\n<meta property=\"article:publisher\" content=\"https:\/\/www.facebook.com\/Vetorino\/\" \/>\n<meta property=\"article:modified_time\" content=\"2025-06-28T07:41:16+00:00\" \/>\n<meta property=\"og:image\" content=\"https:\/\/www.vetorino.com\/boutique\/wp-content\/uploads\/2023\/02\/203975_trixie_kratzsaeule_hs_02_1.jpg\" \/>\n\t<meta property=\"og:image:width\" content=\"800\" \/>\n\t<meta property=\"og:image:height\" content=\"800\" \/>\n\t<meta property=\"og:image:type\" content=\"image\/jpeg\" \/>\n<meta name=\"twitter:card\" content=\"summary_large_image\" \/>\n<meta name=\"twitter:label1\" content=\"Prix\" \/>\n\t<meta name=\"twitter:data1\" content=\"36,24&euro;\" \/>\n\t<meta name=\"twitter:label2\" content=\"Disponibilit\u00e9\" \/>\n\t<meta name=\"twitter:data2\" content=\"Rupture de stock\" \/>\n<script type=\"application\/ld+json\" class=\"yoast-schema-graph\">{\"@context\":\"https:\\\/\\\/schema.org\",\"@graph\":[{\"@type\":\"WebPage\",\"@id\":\"https:\\\/\\\/www.vetorino.com\\\/veterinaire\\\/evry-91000\\\/boutique\\\/product\\\/griffoir-trixie-colonne\\\/\",\"url\":\"https:\\\/\\\/www.vetorino.com\\\/veterinaire\\\/evry-91000\\\/boutique\\\/product\\\/griffoir-trixie-colonne\\\/\",\"name\":\"Griffoir pour chat Trixie - V\u00e9torino\",\"isPartOf\":{\"@id\":\"https:\\\/\\\/www.vetorino.com\\\/boutique\\\/#website\"},\"primaryImageOfPage\":{\"@id\":\"https:\\\/\\\/www.vetorino.com\\\/veterinaire\\\/evry-91000\\\/boutique\\\/product\\\/griffoir-trixie-colonne\\\/#primaryimage\"},\"image\":{\"@id\":\"https:\\\/\\\/www.vetorino.com\\\/veterinaire\\\/evry-91000\\\/boutique\\\/product\\\/griffoir-trixie-colonne\\\/#primaryimage\"},\"thumbnailUrl\":\"https:\\\/\\\/www.vetorino.com\\\/boutique\\\/wp-content\\\/uploads\\\/2023\\\/02\\\/203975_trixie_kratzsaeule_hs_02_1.jpg\",\"datePublished\":\"2023-02-01T16:16:27+00:00\",\"dateModified\":\"2025-06-28T07:41:16+00:00\",\"description\":\"Les jouets \u00e0 griffer pour chat ne sont pas forc\u00e9ment\u00a0 tous confectionn\u00e9s en sisal ou en peluche. La preuve en est avec ce tronc \u00e0 griffer\u00a0fabriqu\u00e9 en bois qui s'int\u00e8gre facilement dans tous les styles d'int\u00e9rieur. Des deux c\u00f4t\u00e9s du tronc \u00e0 griffer se trouvent de grands panneaux en carton, \u00e0 remplacer\u00a0d\u00e8s que votre\u00a0chat les aura trop us\u00e9s. La dur\u00e9e de vie de ce tronc \u00e0 gratter Trixie se voit donc largement prolong\u00e9e.\",\"breadcrumb\":{\"@id\":\"https:\\\/\\\/www.vetorino.com\\\/veterinaire\\\/evry-91000\\\/boutique\\\/product\\\/griffoir-trixie-colonne\\\/#breadcrumb\"},\"inLanguage\":\"fr-FR\",\"potentialAction\":[{\"@type\":\"ReadAction\",\"target\":[\"https:\\\/\\\/www.vetorino.com\\\/veterinaire\\\/evry-91000\\\/boutique\\\/product\\\/griffoir-trixie-colonne\\\/\"]}]},{\"@type\":\"ImageObject\",\"inLanguage\":\"fr-FR\",\"@id\":\"https:\\\/\\\/www.vetorino.com\\\/veterinaire\\\/evry-91000\\\/boutique\\\/product\\\/griffoir-trixie-colonne\\\/#primaryimage\",\"url\":\"https:\\\/\\\/www.vetorino.com\\\/boutique\\\/wp-content\\\/uploads\\\/2023\\\/02\\\/203975_trixie_kratzsaeule_hs_02_1.jpg\",\"contentUrl\":\"https:\\\/\\\/www.vetorino.com\\\/boutique\\\/wp-content\\\/uploads\\\/2023\\\/02\\\/203975_trixie_kratzsaeule_hs_02_1.jpg\",\"width\":800,\"height\":800},{\"@type\":\"BreadcrumbList\",\"@id\":\"https:\\\/\\\/www.vetorino.com\\\/veterinaire\\\/evry-91000\\\/boutique\\\/product\\\/griffoir-trixie-colonne\\\/#breadcrumb\",\"itemListElement\":[{\"@type\":\"ListItem\",\"position\":1,\"name\":\"Accueil\",\"item\":\"https:\\\/\\\/www.vetorino.com\\\/boutique\\\/\"},{\"@type\":\"ListItem\",\"position\":2,\"name\":\"Produits\",\"item\":\"https:\\\/\\\/www.vetorino.com\\\/boutique\\\/\"},{\"@type\":\"ListItem\",\"position\":3,\"name\":\"Griffoir pour chat\"}]},{\"@type\":\"WebSite\",\"@id\":\"https:\\\/\\\/www.vetorino.com\\\/boutique\\\/#website\",\"url\":\"https:\\\/\\\/www.vetorino.com\\\/boutique\\\/\",\"name\":\"V\u00e9torino\",\"description\":\"\",\"publisher\":{\"@id\":\"https:\\\/\\\/www.vetorino.com\\\/boutique\\\/#organization\"},\"potentialAction\":[{\"@type\":\"SearchAction\",\"target\":{\"@type\":\"EntryPoint\",\"urlTemplate\":\"https:\\\/\\\/www.vetorino.com\\\/boutique\\\/?s={search_term_string}\"},\"query-input\":{\"@type\":\"PropertyValueSpecification\",\"valueRequired\":true,\"valueName\":\"search_term_string\"}}],\"inLanguage\":\"fr-FR\"},{\"@type\":\"Organization\",\"@id\":\"https:\\\/\\\/www.vetorino.com\\\/boutique\\\/#organization\",\"name\":\"V\u00e9torino\",\"url\":\"https:\\\/\\\/www.vetorino.com\\\/boutique\\\/\",\"logo\":{\"@type\":\"ImageObject\",\"inLanguage\":\"fr-FR\",\"@id\":\"https:\\\/\\\/www.vetorino.com\\\/boutique\\\/#\\\/schema\\\/logo\\\/image\\\/\",\"url\":\"https:\\\/\\\/www.vetorino.com\\\/boutique\\\/wp-content\\\/uploads\\\/2024\\\/10\\\/logo.jpg\",\"contentUrl\":\"https:\\\/\\\/www.vetorino.com\\\/boutique\\\/wp-content\\\/uploads\\\/2024\\\/10\\\/logo.jpg\",\"width\":1200,\"height\":610,\"caption\":\"V\u00e9torino\"},\"image\":{\"@id\":\"https:\\\/\\\/www.vetorino.com\\\/boutique\\\/#\\\/schema\\\/logo\\\/image\\\/\"},\"sameAs\":[\"https:\\\/\\\/www.facebook.com\\\/Vetorino\\\/\",\"https:\\\/\\\/www.instagram.com\\\/vetorino_off\\\/\",\"https:\\\/\\\/www.linkedin.com\\\/company\\\/vtorino\\\/\"]}]}<\/script>\n<meta property=\"product:brand\" content=\"Trixie\" \/>\n<meta property=\"product:price:amount\" content=\"36.24\" \/>\n<meta property=\"product:price:currency\" content=\"EUR\" \/>\n<meta property=\"og:availability\" content=\"out of stock\" \/>\n<meta property=\"product:availability\" content=\"out of stock\" \/>\n<meta property=\"product:retailer_item_id\" content=\"C-GRI759\" \/>\n<meta property=\"product:condition\" content=\"new\" \/>\n<!-- \/ Yoast SEO plugin. -->","yoast_head_json":{"title":"Griffoir pour chat Trixie - V\u00e9torino","description":"Les jouets \u00e0 griffer pour chat ne sont pas forc\u00e9ment\u00a0 tous confectionn\u00e9s en sisal ou en peluche. La preuve en est avec ce tronc \u00e0 griffer\u00a0fabriqu\u00e9 en bois qui s'int\u00e8gre facilement dans tous les styles d'int\u00e9rieur. Des deux c\u00f4t\u00e9s du tronc \u00e0 griffer se trouvent de grands panneaux en carton, \u00e0 remplacer\u00a0d\u00e8s que votre\u00a0chat les aura trop us\u00e9s. La dur\u00e9e de vie de ce tronc \u00e0 gratter Trixie se voit donc largement prolong\u00e9e.","robots":{"index":"noindex","follow":"nofollow"},"og_locale":"fr_FR","og_type":"article","og_title":"Griffoir pour chat Trixie - V\u00e9torino","og_description":"Les jouets \u00e0 griffer pour chat ne sont pas forc\u00e9ment\u00a0 tous confectionn\u00e9s en sisal ou en peluche. La preuve en est avec ce tronc \u00e0 griffer\u00a0fabriqu\u00e9 en bois qui s'int\u00e8gre facilement dans tous les styles d'int\u00e9rieur. Des deux c\u00f4t\u00e9s du tronc \u00e0 griffer se trouvent de grands panneaux en carton, \u00e0 remplacer\u00a0d\u00e8s que votre\u00a0chat les aura trop us\u00e9s. La dur\u00e9e de vie de ce tronc \u00e0 gratter Trixie se voit donc largement prolong\u00e9e.","og_url":"https:\/\/www.vetorino.com\/veterinaire\/villeneuvetolosane-31270\/boutique\/product\/griffoir-trixie-colonne\/","og_site_name":"V\u00e9torino","article_publisher":"https:\/\/www.facebook.com\/Vetorino\/","article_modified_time":"2025-06-28T07:41:16+00:00","og_image":[{"width":800,"height":800,"url":"https:\/\/www.vetorino.com\/boutique\/wp-content\/uploads\/2023\/02\/203975_trixie_kratzsaeule_hs_02_1.jpg","type":"image\/jpeg"}],"twitter_card":"summary_large_image","twitter_misc":{"Prix":"36,24&euro;","Disponibilit\u00e9":"Rupture de stock"},"schema":{"@context":"https:\/\/schema.org","@graph":[{"@type":"WebPage","@id":"https:\/\/www.vetorino.com\/veterinaire\/evry-91000\/boutique\/product\/griffoir-trixie-colonne\/","url":"https:\/\/www.vetorino.com\/veterinaire\/evry-91000\/boutique\/product\/griffoir-trixie-colonne\/","name":"Griffoir pour chat Trixie - V\u00e9torino","isPartOf":{"@id":"https:\/\/www.vetorino.com\/boutique\/#website"},"primaryImageOfPage":{"@id":"https:\/\/www.vetorino.com\/veterinaire\/evry-91000\/boutique\/product\/griffoir-trixie-colonne\/#primaryimage"},"image":{"@id":"https:\/\/www.vetorino.com\/veterinaire\/evry-91000\/boutique\/product\/griffoir-trixie-colonne\/#primaryimage"},"thumbnailUrl":"https:\/\/www.vetorino.com\/boutique\/wp-content\/uploads\/2023\/02\/203975_trixie_kratzsaeule_hs_02_1.jpg","datePublished":"2023-02-01T16:16:27+00:00","dateModified":"2025-06-28T07:41:16+00:00","description":"Les jouets \u00e0 griffer pour chat ne sont pas forc\u00e9ment\u00a0 tous confectionn\u00e9s en sisal ou en peluche. La preuve en est avec ce tronc \u00e0 griffer\u00a0fabriqu\u00e9 en bois qui s'int\u00e8gre facilement dans tous les styles d'int\u00e9rieur. Des deux c\u00f4t\u00e9s du tronc \u00e0 griffer se trouvent de grands panneaux en carton, \u00e0 remplacer\u00a0d\u00e8s que votre\u00a0chat les aura trop us\u00e9s. La dur\u00e9e de vie de ce tronc \u00e0 gratter Trixie se voit donc largement prolong\u00e9e.","breadcrumb":{"@id":"https:\/\/www.vetorino.com\/veterinaire\/evry-91000\/boutique\/product\/griffoir-trixie-colonne\/#breadcrumb"},"inLanguage":"fr-FR","potentialAction":[{"@type":"ReadAction","target":["https:\/\/www.vetorino.com\/veterinaire\/evry-91000\/boutique\/product\/griffoir-trixie-colonne\/"]}]},{"@type":"ImageObject","inLanguage":"fr-FR","@id":"https:\/\/www.vetorino.com\/veterinaire\/evry-91000\/boutique\/product\/griffoir-trixie-colonne\/#primaryimage","url":"https:\/\/www.vetorino.com\/boutique\/wp-content\/uploads\/2023\/02\/203975_trixie_kratzsaeule_hs_02_1.jpg","contentUrl":"https:\/\/www.vetorino.com\/boutique\/wp-content\/uploads\/2023\/02\/203975_trixie_kratzsaeule_hs_02_1.jpg","width":800,"height":800},{"@type":"BreadcrumbList","@id":"https:\/\/www.vetorino.com\/veterinaire\/evry-91000\/boutique\/product\/griffoir-trixie-colonne\/#breadcrumb","itemListElement":[{"@type":"ListItem","position":1,"name":"Accueil","item":"https:\/\/www.vetorino.com\/boutique\/"},{"@type":"ListItem","position":2,"name":"Produits","item":"https:\/\/www.vetorino.com\/boutique\/"},{"@type":"ListItem","position":3,"name":"Griffoir pour chat"}]},{"@type":"WebSite","@id":"https:\/\/www.vetorino.com\/boutique\/#website","url":"https:\/\/www.vetorino.com\/boutique\/","name":"V\u00e9torino","description":"","publisher":{"@id":"https:\/\/www.vetorino.com\/boutique\/#organization"},"potentialAction":[{"@type":"SearchAction","target":{"@type":"EntryPoint","urlTemplate":"https:\/\/www.vetorino.com\/boutique\/?s={search_term_string}"},"query-input":{"@type":"PropertyValueSpecification","valueRequired":true,"valueName":"search_term_string"}}],"inLanguage":"fr-FR"},{"@type":"Organization","@id":"https:\/\/www.vetorino.com\/boutique\/#organization","name":"V\u00e9torino","url":"https:\/\/www.vetorino.com\/boutique\/","logo":{"@type":"ImageObject","inLanguage":"fr-FR","@id":"https:\/\/www.vetorino.com\/boutique\/#\/schema\/logo\/image\/","url":"https:\/\/www.vetorino.com\/boutique\/wp-content\/uploads\/2024\/10\/logo.jpg","contentUrl":"https:\/\/www.vetorino.com\/boutique\/wp-content\/uploads\/2024\/10\/logo.jpg","width":1200,"height":610,"caption":"V\u00e9torino"},"image":{"@id":"https:\/\/www.vetorino.com\/boutique\/#\/schema\/logo\/image\/"},"sameAs":["https:\/\/www.facebook.com\/Vetorino\/","https:\/\/www.instagram.com\/vetorino_off\/","https:\/\/www.linkedin.com\/company\/vtorino\/"]}]},"product_brand":"Trixie","product_price_amount":"36.24","product_price_currency":"EUR","og_availability":"out of stock","product_availability":"out of stock","product_retailer_item_id":"C-GRI759","product_condition":"new"},"_links":{"self":[{"href":"https:\/\/www.vetorino.com\/veterinaire\/villeneuvetolosane-31270\/boutique\/wp-json\/wp\/v2\/product\/550644","targetHints":{"allow":["GET"]}}],"collection":[{"href":"https:\/\/www.vetorino.com\/veterinaire\/villeneuvetolosane-31270\/boutique\/wp-json\/wp\/v2\/product"}],"about":[{"href":"https:\/\/www.vetorino.com\/veterinaire\/villeneuvetolosane-31270\/boutique\/wp-json\/wp\/v2\/types\/product"}],"wp:featuredmedia":[{"embeddable":true,"href":"https:\/\/www.vetorino.com\/veterinaire\/villeneuvetolosane-31270\/boutique\/wp-json\/wp\/v2\/media\/915850"}],"wp:attachment":[{"href":"https:\/\/www.vetorino.com\/veterinaire\/villeneuvetolosane-31270\/boutique\/wp-json\/wp\/v2\/media?parent=550644"}],"wp:term":[{"taxonomy":"product_cat","embeddable":true,"href":"https:\/\/www.vetorino.com\/veterinaire\/villeneuvetolosane-31270\/boutique\/wp-json\/wp\/v2\/product_cat?post=550644"},{"taxonomy":"product_tag","embeddable":true,"href":"https:\/\/www.vetorino.com\/veterinaire\/villeneuvetolosane-31270\/boutique\/wp-json\/wp\/v2\/product_tag?post=550644"}],"curies":[{"name":"wp","href":"https:\/\/api.w.org\/{rel}","templated":true}]}}