{"id":859898,"date":"2024-03-07T11:47:24","date_gmt":"2024-03-07T10:47:24","guid":{"rendered":"https:\/\/www.vetorino.com\/boutique\/product\/friandises-lyophilisees-kiwi-walker-100-3\/"},"modified":"2026-04-02T02:42:12","modified_gmt":"2026-04-02T00:42:12","slug":"friandises-lyophilisees-kiwi-walker-100-3","status":"publish","type":"product","link":"https:\/\/www.vetorino.com\/veterinaire\/villeneuvetolosane-31270\/boutique\/product\/friandises-lyophilisees-kiwi-walker-100-3\/","title":{"rendered":"Friandises lyophilis\u00e9es Kiwi Walker 100%"},"content":{"rendered":"<p>Ces friandises lyophilis\u00e9es sont <strong>fabriqu\u00e9es avec un seul ingr\u00e9dient<\/strong>, limitant ainsi le risque d\u2019allergie, except\u00e9 en cas d\u2019allergie av\u00e9r\u00e9e \u00e0 ce produit. Elles sont <strong>100 % naturelles, sans additifs, sans sucres ajout\u00e9s, sans ar\u00f4mes ou colorants artificiels et sans c\u00e9r\u00e9ales<\/strong>. Chaque friandise savoureuse est riche en prot\u00e9ines, faible en glucides et mati\u00e8res grasses et peu calorique.<\/p>\n<p>Le traitement par lyophilisation se fait sous vide \u00e0 degr\u00e9 tr\u00e8s \u00e9lev\u00e9 et \u00e0 une temp\u00e9rature extr\u00eamement basse dans des conditions de traitement \u00e0 sec. Une phase de s\u00e9chage initiale \u2013 appel\u00e9e s\u00e9chage primaire \u2013 permet d\u2019\u00e9liminer l\u2019eau (et la glace) par sublimation, lors de la seconde phase \u2013 le s\u00e9chage secondaire \u2013 elle est \u00e9limin\u00e9e par d\u00e9sorption. Ce qui permet de conserver efficacement la couleur, l\u2019ar\u00f4me, le go\u00fbt et la forme des aliments frais, tout en pr\u00e9servant les nutriments et les vitamines du produit.<\/p>\n<p>Ces friandises sont faciles \u00e0 diviser en petites bouch\u00e9es si besoin et sont un choix id\u00e9al comme collation, comme r\u00e9compense pour l\u2019entra\u00eenement ou encore avec les jouets d\u2019occupation.<\/p>\n<p><strong>Mini cubes d\u2019environ 1 cm<\/strong>, en bocal refermable pour une bonne conservation.<\/p>\n","protected":false},"excerpt":{"rendered":"<p>Les friandises\u00a0<strong>Kiwi Walker\u00a0<\/strong>peuvent \u00eatre utilis\u00e9es en\u00a0<strong>topper<\/strong>\u00a0pour\u00a0<strong>booster\u00a0<\/strong>la gamelle ou agr\u00e9ment\u00e9 tes\u00a0<strong>jouets \u00e0 remplir<\/strong>, de\u00a0<strong>fouille\u00a0<\/strong>ou tes\u00a0<strong>tapis de l\u00e9chage\u00a0<\/strong>ou<strong>\u00a0<\/strong>simplement pour<strong>\u00a0r\u00e9compenser son chien<\/strong> ou <strong>chat<\/strong>. Peu calorique et <strong>riches en vitamine<\/strong>, cette r\u00e9compense est aussi id\u00e9ale pour les\u00a0<strong>s\u00e9ances d\u2019\u00e9ducation<\/strong>\u00a0avec votre compagnon<\/p>\n","protected":false},"featured_media":859904,"template":"","meta":[],"product_cat":[12551,12552,2697,2698,2733,12603],"product_tag":[],"class_list":{"0":"post-859898","1":"product","2":"type-product","3":"status-publish","4":"has-post-thumbnail","6":"product_cat-alimentation-du-chat","7":"product_cat-alimentation-du-chien","8":"product_cat-chat","9":"product_cat-chien","10":"product_cat-friandises-pour-chat","11":"product_cat-friandises-pour-chien","12":"pa_marque-kawaii-compagny","14":"first","15":"instock","16":"taxable","17":"shipping-taxable","18":"purchasable","19":"product-type-variable"},"yoast_head":"<!-- This site is optimized with the Yoast SEO plugin v27.3 - https:\/\/yoast.com\/product\/yoast-seo-wordpress\/ -->\n<title>Friandises lyophilis\u00e9es Kiwi Walker 100% Kawaii Compagny - V\u00e9torino<\/title>\n<meta name=\"description\" content=\"Les friandises\u00a0Kiwi Walker\u00a0peuvent \u00eatre utilis\u00e9es en\u00a0topper\u00a0pour\u00a0booster\u00a0la gamelle ou agr\u00e9ment\u00e9 tes\u00a0jouets \u00e0 remplir, de\u00a0fouille\u00a0ou tes\u00a0tapis de l\u00e9chage\u00a0ou\u00a0simplement pour\u00a0r\u00e9compenser son chien ou chat. Peu calorique et riches en vitamine, cette r\u00e9compense est aussi id\u00e9ale pour les\u00a0s\u00e9ances d\u2019\u00e9ducation\u00a0avec votre compagnon\" \/>\n<meta name=\"robots\" content=\"noindex, nofollow\" \/>\n<meta property=\"og:locale\" content=\"fr_FR\" \/>\n<meta property=\"og:type\" content=\"article\" \/>\n<meta property=\"og:title\" content=\"Friandises lyophilis\u00e9es Kiwi Walker 100% Kawaii Compagny - V\u00e9torino\" \/>\n<meta property=\"og:description\" content=\"Les friandises\u00a0Kiwi Walker\u00a0peuvent \u00eatre utilis\u00e9es en\u00a0topper\u00a0pour\u00a0booster\u00a0la gamelle ou agr\u00e9ment\u00e9 tes\u00a0jouets \u00e0 remplir, de\u00a0fouille\u00a0ou tes\u00a0tapis de l\u00e9chage\u00a0ou\u00a0simplement pour\u00a0r\u00e9compenser son chien ou chat. Peu calorique et riches en vitamine, cette r\u00e9compense est aussi id\u00e9ale pour les\u00a0s\u00e9ances d\u2019\u00e9ducation\u00a0avec votre compagnon\" \/>\n<meta property=\"og:url\" content=\"https:\/\/www.vetorino.com\/veterinaire\/villeneuvetolosane-31270\/boutique\/product\/friandises-lyophilisees-kiwi-walker-100-3\/\" \/>\n<meta property=\"og:site_name\" content=\"V\u00e9torino\" \/>\n<meta property=\"article:publisher\" content=\"https:\/\/www.facebook.com\/Vetorino\/\" \/>\n<meta property=\"article:modified_time\" content=\"2026-04-02T00:42:12+00:00\" \/>\n<meta property=\"og:image\" content=\"https:\/\/www.vetorino.com\/boutique\/wp-content\/uploads\/2024\/03\/Kiwi-walker-friandises-naturelles-chien-chat-banane-1_2048x2048.webp\" \/>\n\t<meta property=\"og:image:width\" content=\"450\" \/>\n\t<meta property=\"og:image:height\" content=\"600\" \/>\n\t<meta property=\"og:image:type\" content=\"image\/webp\" \/>\n<meta name=\"twitter:card\" content=\"summary_large_image\" \/>\n<meta name=\"twitter:label1\" content=\"Disponibilit\u00e9\" \/>\n\t<meta name=\"twitter:data1\" content=\"En stock\" \/>\n<script type=\"application\/ld+json\" class=\"yoast-schema-graph\">{\"@context\":\"https:\\\/\\\/schema.org\",\"@graph\":[{\"@type\":\"WebPage\",\"@id\":\"https:\\\/\\\/www.vetorino.com\\\/boutique\\\/product\\\/friandises-lyophilisees-kiwi-walker-100-3\\\/\",\"url\":\"https:\\\/\\\/www.vetorino.com\\\/boutique\\\/product\\\/friandises-lyophilisees-kiwi-walker-100-3\\\/\",\"name\":\"Friandises lyophilis\u00e9es Kiwi Walker 100% Kawaii Compagny - V\u00e9torino\",\"isPartOf\":{\"@id\":\"https:\\\/\\\/www.vetorino.com\\\/boutique\\\/#website\"},\"primaryImageOfPage\":{\"@id\":\"https:\\\/\\\/www.vetorino.com\\\/boutique\\\/product\\\/friandises-lyophilisees-kiwi-walker-100-3\\\/#primaryimage\"},\"image\":{\"@id\":\"https:\\\/\\\/www.vetorino.com\\\/boutique\\\/product\\\/friandises-lyophilisees-kiwi-walker-100-3\\\/#primaryimage\"},\"thumbnailUrl\":\"https:\\\/\\\/www.vetorino.com\\\/boutique\\\/wp-content\\\/uploads\\\/2024\\\/03\\\/Kiwi-walker-friandises-naturelles-chien-chat-banane-1_2048x2048.webp\",\"datePublished\":\"2024-03-07T10:47:24+00:00\",\"dateModified\":\"2026-04-02T00:42:12+00:00\",\"description\":\"Les friandises\u00a0Kiwi Walker\u00a0peuvent \u00eatre utilis\u00e9es en\u00a0topper\u00a0pour\u00a0booster\u00a0la gamelle ou agr\u00e9ment\u00e9 tes\u00a0jouets \u00e0 remplir, de\u00a0fouille\u00a0ou tes\u00a0tapis de l\u00e9chage\u00a0ou\u00a0simplement pour\u00a0r\u00e9compenser son chien ou chat. Peu calorique et riches en vitamine, cette r\u00e9compense est aussi id\u00e9ale pour les\u00a0s\u00e9ances d\u2019\u00e9ducation\u00a0avec votre compagnon\",\"breadcrumb\":{\"@id\":\"https:\\\/\\\/www.vetorino.com\\\/boutique\\\/product\\\/friandises-lyophilisees-kiwi-walker-100-3\\\/#breadcrumb\"},\"inLanguage\":\"fr-FR\",\"potentialAction\":[{\"@type\":\"ReadAction\",\"target\":[\"https:\\\/\\\/www.vetorino.com\\\/boutique\\\/product\\\/friandises-lyophilisees-kiwi-walker-100-3\\\/\"]}]},{\"@type\":\"ImageObject\",\"inLanguage\":\"fr-FR\",\"@id\":\"https:\\\/\\\/www.vetorino.com\\\/boutique\\\/product\\\/friandises-lyophilisees-kiwi-walker-100-3\\\/#primaryimage\",\"url\":\"https:\\\/\\\/www.vetorino.com\\\/boutique\\\/wp-content\\\/uploads\\\/2024\\\/03\\\/Kiwi-walker-friandises-naturelles-chien-chat-banane-1_2048x2048.webp\",\"contentUrl\":\"https:\\\/\\\/www.vetorino.com\\\/boutique\\\/wp-content\\\/uploads\\\/2024\\\/03\\\/Kiwi-walker-friandises-naturelles-chien-chat-banane-1_2048x2048.webp\",\"width\":450,\"height\":600},{\"@type\":\"BreadcrumbList\",\"@id\":\"https:\\\/\\\/www.vetorino.com\\\/boutique\\\/product\\\/friandises-lyophilisees-kiwi-walker-100-3\\\/#breadcrumb\",\"itemListElement\":[{\"@type\":\"ListItem\",\"position\":1,\"name\":\"Accueil\",\"item\":\"https:\\\/\\\/www.vetorino.com\\\/boutique\\\/\"},{\"@type\":\"ListItem\",\"position\":2,\"name\":\"Produits\",\"item\":\"https:\\\/\\\/www.vetorino.com\\\/boutique\\\/\"},{\"@type\":\"ListItem\",\"position\":3,\"name\":\"Friandises lyophilis\u00e9es Kiwi Walker 100%\"}]},{\"@type\":\"WebSite\",\"@id\":\"https:\\\/\\\/www.vetorino.com\\\/boutique\\\/#website\",\"url\":\"https:\\\/\\\/www.vetorino.com\\\/boutique\\\/\",\"name\":\"V\u00e9torino\",\"description\":\"\",\"publisher\":{\"@id\":\"https:\\\/\\\/www.vetorino.com\\\/boutique\\\/#organization\"},\"potentialAction\":[{\"@type\":\"SearchAction\",\"target\":{\"@type\":\"EntryPoint\",\"urlTemplate\":\"https:\\\/\\\/www.vetorino.com\\\/boutique\\\/?s={search_term_string}\"},\"query-input\":{\"@type\":\"PropertyValueSpecification\",\"valueRequired\":true,\"valueName\":\"search_term_string\"}}],\"inLanguage\":\"fr-FR\"},{\"@type\":\"Organization\",\"@id\":\"https:\\\/\\\/www.vetorino.com\\\/boutique\\\/#organization\",\"name\":\"V\u00e9torino\",\"url\":\"https:\\\/\\\/www.vetorino.com\\\/boutique\\\/\",\"logo\":{\"@type\":\"ImageObject\",\"inLanguage\":\"fr-FR\",\"@id\":\"https:\\\/\\\/www.vetorino.com\\\/boutique\\\/#\\\/schema\\\/logo\\\/image\\\/\",\"url\":\"https:\\\/\\\/www.vetorino.com\\\/boutique\\\/wp-content\\\/uploads\\\/2024\\\/10\\\/logo.jpg\",\"contentUrl\":\"https:\\\/\\\/www.vetorino.com\\\/boutique\\\/wp-content\\\/uploads\\\/2024\\\/10\\\/logo.jpg\",\"width\":1200,\"height\":610,\"caption\":\"V\u00e9torino\"},\"image\":{\"@id\":\"https:\\\/\\\/www.vetorino.com\\\/boutique\\\/#\\\/schema\\\/logo\\\/image\\\/\"},\"sameAs\":[\"https:\\\/\\\/www.facebook.com\\\/Vetorino\\\/\",\"https:\\\/\\\/www.instagram.com\\\/vetorino_off\\\/\",\"https:\\\/\\\/www.linkedin.com\\\/company\\\/vtorino\\\/\"]}]}<\/script>\n<meta property=\"product:brand\" content=\"Kawaii Compagny\" \/>\n<meta property=\"og:availability\" content=\"instock\" \/>\n<meta property=\"product:availability\" content=\"instock\" \/>\n<meta property=\"product:condition\" content=\"new\" \/>\n<!-- \/ Yoast SEO plugin. -->","yoast_head_json":{"title":"Friandises lyophilis\u00e9es Kiwi Walker 100% Kawaii Compagny - V\u00e9torino","description":"Les friandises\u00a0Kiwi Walker\u00a0peuvent \u00eatre utilis\u00e9es en\u00a0topper\u00a0pour\u00a0booster\u00a0la gamelle ou agr\u00e9ment\u00e9 tes\u00a0jouets \u00e0 remplir, de\u00a0fouille\u00a0ou tes\u00a0tapis de l\u00e9chage\u00a0ou\u00a0simplement pour\u00a0r\u00e9compenser son chien ou chat. Peu calorique et riches en vitamine, cette r\u00e9compense est aussi id\u00e9ale pour les\u00a0s\u00e9ances d\u2019\u00e9ducation\u00a0avec votre compagnon","robots":{"index":"noindex","follow":"nofollow"},"og_locale":"fr_FR","og_type":"article","og_title":"Friandises lyophilis\u00e9es Kiwi Walker 100% Kawaii Compagny - V\u00e9torino","og_description":"Les friandises\u00a0Kiwi Walker\u00a0peuvent \u00eatre utilis\u00e9es en\u00a0topper\u00a0pour\u00a0booster\u00a0la gamelle ou agr\u00e9ment\u00e9 tes\u00a0jouets \u00e0 remplir, de\u00a0fouille\u00a0ou tes\u00a0tapis de l\u00e9chage\u00a0ou\u00a0simplement pour\u00a0r\u00e9compenser son chien ou chat. Peu calorique et riches en vitamine, cette r\u00e9compense est aussi id\u00e9ale pour les\u00a0s\u00e9ances d\u2019\u00e9ducation\u00a0avec votre compagnon","og_url":"https:\/\/www.vetorino.com\/veterinaire\/villeneuvetolosane-31270\/boutique\/product\/friandises-lyophilisees-kiwi-walker-100-3\/","og_site_name":"V\u00e9torino","article_publisher":"https:\/\/www.facebook.com\/Vetorino\/","article_modified_time":"2026-04-02T00:42:12+00:00","og_image":[{"width":450,"height":600,"url":"https:\/\/www.vetorino.com\/boutique\/wp-content\/uploads\/2024\/03\/Kiwi-walker-friandises-naturelles-chien-chat-banane-1_2048x2048.webp","type":"image\/webp"}],"twitter_card":"summary_large_image","twitter_misc":{"Disponibilit\u00e9":"En stock"},"schema":{"@context":"https:\/\/schema.org","@graph":[{"@type":"WebPage","@id":"https:\/\/www.vetorino.com\/boutique\/product\/friandises-lyophilisees-kiwi-walker-100-3\/","url":"https:\/\/www.vetorino.com\/boutique\/product\/friandises-lyophilisees-kiwi-walker-100-3\/","name":"Friandises lyophilis\u00e9es Kiwi Walker 100% Kawaii Compagny - V\u00e9torino","isPartOf":{"@id":"https:\/\/www.vetorino.com\/boutique\/#website"},"primaryImageOfPage":{"@id":"https:\/\/www.vetorino.com\/boutique\/product\/friandises-lyophilisees-kiwi-walker-100-3\/#primaryimage"},"image":{"@id":"https:\/\/www.vetorino.com\/boutique\/product\/friandises-lyophilisees-kiwi-walker-100-3\/#primaryimage"},"thumbnailUrl":"https:\/\/www.vetorino.com\/boutique\/wp-content\/uploads\/2024\/03\/Kiwi-walker-friandises-naturelles-chien-chat-banane-1_2048x2048.webp","datePublished":"2024-03-07T10:47:24+00:00","dateModified":"2026-04-02T00:42:12+00:00","description":"Les friandises\u00a0Kiwi Walker\u00a0peuvent \u00eatre utilis\u00e9es en\u00a0topper\u00a0pour\u00a0booster\u00a0la gamelle ou agr\u00e9ment\u00e9 tes\u00a0jouets \u00e0 remplir, de\u00a0fouille\u00a0ou tes\u00a0tapis de l\u00e9chage\u00a0ou\u00a0simplement pour\u00a0r\u00e9compenser son chien ou chat. Peu calorique et riches en vitamine, cette r\u00e9compense est aussi id\u00e9ale pour les\u00a0s\u00e9ances d\u2019\u00e9ducation\u00a0avec votre compagnon","breadcrumb":{"@id":"https:\/\/www.vetorino.com\/boutique\/product\/friandises-lyophilisees-kiwi-walker-100-3\/#breadcrumb"},"inLanguage":"fr-FR","potentialAction":[{"@type":"ReadAction","target":["https:\/\/www.vetorino.com\/boutique\/product\/friandises-lyophilisees-kiwi-walker-100-3\/"]}]},{"@type":"ImageObject","inLanguage":"fr-FR","@id":"https:\/\/www.vetorino.com\/boutique\/product\/friandises-lyophilisees-kiwi-walker-100-3\/#primaryimage","url":"https:\/\/www.vetorino.com\/boutique\/wp-content\/uploads\/2024\/03\/Kiwi-walker-friandises-naturelles-chien-chat-banane-1_2048x2048.webp","contentUrl":"https:\/\/www.vetorino.com\/boutique\/wp-content\/uploads\/2024\/03\/Kiwi-walker-friandises-naturelles-chien-chat-banane-1_2048x2048.webp","width":450,"height":600},{"@type":"BreadcrumbList","@id":"https:\/\/www.vetorino.com\/boutique\/product\/friandises-lyophilisees-kiwi-walker-100-3\/#breadcrumb","itemListElement":[{"@type":"ListItem","position":1,"name":"Accueil","item":"https:\/\/www.vetorino.com\/boutique\/"},{"@type":"ListItem","position":2,"name":"Produits","item":"https:\/\/www.vetorino.com\/boutique\/"},{"@type":"ListItem","position":3,"name":"Friandises lyophilis\u00e9es Kiwi Walker 100%"}]},{"@type":"WebSite","@id":"https:\/\/www.vetorino.com\/boutique\/#website","url":"https:\/\/www.vetorino.com\/boutique\/","name":"V\u00e9torino","description":"","publisher":{"@id":"https:\/\/www.vetorino.com\/boutique\/#organization"},"potentialAction":[{"@type":"SearchAction","target":{"@type":"EntryPoint","urlTemplate":"https:\/\/www.vetorino.com\/boutique\/?s={search_term_string}"},"query-input":{"@type":"PropertyValueSpecification","valueRequired":true,"valueName":"search_term_string"}}],"inLanguage":"fr-FR"},{"@type":"Organization","@id":"https:\/\/www.vetorino.com\/boutique\/#organization","name":"V\u00e9torino","url":"https:\/\/www.vetorino.com\/boutique\/","logo":{"@type":"ImageObject","inLanguage":"fr-FR","@id":"https:\/\/www.vetorino.com\/boutique\/#\/schema\/logo\/image\/","url":"https:\/\/www.vetorino.com\/boutique\/wp-content\/uploads\/2024\/10\/logo.jpg","contentUrl":"https:\/\/www.vetorino.com\/boutique\/wp-content\/uploads\/2024\/10\/logo.jpg","width":1200,"height":610,"caption":"V\u00e9torino"},"image":{"@id":"https:\/\/www.vetorino.com\/boutique\/#\/schema\/logo\/image\/"},"sameAs":["https:\/\/www.facebook.com\/Vetorino\/","https:\/\/www.instagram.com\/vetorino_off\/","https:\/\/www.linkedin.com\/company\/vtorino\/"]}]},"product_brand":"Kawaii Compagny","og_availability":"instock","product_availability":"instock","product_condition":"new"},"_links":{"self":[{"href":"https:\/\/www.vetorino.com\/veterinaire\/villeneuvetolosane-31270\/boutique\/wp-json\/wp\/v2\/product\/859898","targetHints":{"allow":["GET"]}}],"collection":[{"href":"https:\/\/www.vetorino.com\/veterinaire\/villeneuvetolosane-31270\/boutique\/wp-json\/wp\/v2\/product"}],"about":[{"href":"https:\/\/www.vetorino.com\/veterinaire\/villeneuvetolosane-31270\/boutique\/wp-json\/wp\/v2\/types\/product"}],"wp:featuredmedia":[{"embeddable":true,"href":"https:\/\/www.vetorino.com\/veterinaire\/villeneuvetolosane-31270\/boutique\/wp-json\/wp\/v2\/media\/859904"}],"wp:attachment":[{"href":"https:\/\/www.vetorino.com\/veterinaire\/villeneuvetolosane-31270\/boutique\/wp-json\/wp\/v2\/media?parent=859898"}],"wp:term":[{"taxonomy":"product_cat","embeddable":true,"href":"https:\/\/www.vetorino.com\/veterinaire\/villeneuvetolosane-31270\/boutique\/wp-json\/wp\/v2\/product_cat?post=859898"},{"taxonomy":"product_tag","embeddable":true,"href":"https:\/\/www.vetorino.com\/veterinaire\/villeneuvetolosane-31270\/boutique\/wp-json\/wp\/v2\/product_tag?post=859898"}],"curies":[{"name":"wp","href":"https:\/\/api.w.org\/{rel}","templated":true}]}}