{"id":902159,"date":"2024-04-22T10:54:19","date_gmt":"2024-04-22T08:54:19","guid":{"rendered":"https:\/\/www.vetorino.com\/boutique\/product\/brosse-carde-furminator-double-tete-dure\/"},"modified":"2026-03-18T18:10:38","modified_gmt":"2026-03-18T17:10:38","slug":"brosse-carde-furminator-double-tete-dure","status":"publish","type":"product","link":"https:\/\/www.vetorino.com\/veterinaire\/villeneuvetolosane-31270\/boutique\/product\/brosse-carde-furminator-double-tete-dure\/","title":{"rendered":"Brosse carde FURminator double t\u00eate dure"},"content":{"rendered":"<p><strong>La grande brosse carde dure FURminator\u00ae<\/strong> est un outil de qualit\u00e9 professionnelle pour \u00e9liminer les bourres de poils superficielles et d\u00e9m\u00ealer le pelage de votre chien ou de votre chat pour un rendu final doux et brillant. Il est particuli\u00e8rement adapt\u00e9 aux poils boucl\u00e9s, longs ou moyens. Doux pour la peau, cette brosse dispose d\u2019une t\u00eate \u00e0 deux c\u00f4t\u00e9s, proposant chacun un type diff\u00e9rent de picots en acier inoxydable : les picots incurv\u00e9s permettent d\u2019\u00e9liminer les n\u0153uds et bourres les plus r\u00e9calcitrants sans ab\u00eemer le pelage et les picots droits assurent une finition douce et brillante. Flexible, sa t\u00eate double \u00e9pouse \u00e0 la perfection les courbes de la t\u00eate et du corps de votre compagnon. La poign\u00e9e ergonomique offre une prise en main confortable et s\u00fbre.<\/p>\n<h4 class=\"headline-sm mb-8\">B\u00e9n\u00e9fices cl\u00e9s<\/h4>\n<ul class=\"features list-check\">\n<li>Les picots incurv\u00e9s \u00e9liminent les n\u0153uds et bourres de poils r\u00e9calcitrants sans ab\u00eemer le pelage<\/li>\n<li>Les picots droits assurent un rendu final doux et brillant<\/li>\n<li>Picots en acier inoxydable doux pour la peau<\/li>\n<li>Sa t\u00eate double flexible \u00e9pouse les courbes de la t\u00eate et du corps de l&#8217;animal<\/li>\n<li>Manche ergonomique gage de confort et de simplicit\u00e9 d&#8217;utilisation<\/li>\n<li>D\u00e9m\u00ealage facile et sans danger pour un pelage propre et sain<\/li>\n<li>Avec des picots durs pour d\u00e9m\u00ealer le pelage des chats et chiens \u00e0 poils boucl\u00e9s, longs et moyens<\/li>\n<\/ul>\n","protected":false},"excerpt":{"rendered":"<p>La grande brosse carde dure FURminator\u00ae est un outil de qualit\u00e9 professionnelle pour \u00e9liminer les bourres de poils superficielles et d\u00e9m\u00ealer le pelage du chien ou du chat pour un rendu final doux et brillant.<\/p>\n","protected":false},"featured_media":902170,"template":"","meta":[],"product_cat":[12573,2791,2697,2698,12611,12612,12560],"product_tag":[],"class_list":{"0":"post-902159","1":"product","2":"type-product","3":"status-publish","4":"has-post-thumbnail","6":"product_cat-accessoire-pour-lhygiene-du-chien","7":"product_cat-accessoires-de-toilettage-pour-chien","8":"product_cat-chat","9":"product_cat-chien","10":"product_cat-hygiene-de-la-peau-et-du-pelage-du-chat","11":"product_cat-hygiene-de-la-peau-et-du-pelage-du-chien","12":"product_cat-hygiene-du-chat","13":"pa_marque-furminator","15":"first","16":"instock","17":"taxable","18":"shipping-taxable","19":"purchasable","20":"product-type-simple"},"yoast_head":"<!-- This site is optimized with the Yoast SEO plugin v27.3 - https:\/\/yoast.com\/product\/yoast-seo-wordpress\/ -->\n<title>Brosse carde FURminator double t\u00eate dure Furminator - V\u00e9torino<\/title>\n<meta name=\"description\" content=\"La grande brosse carde dure FURminator\u00ae est un outil de qualit\u00e9 professionnelle pour \u00e9liminer les bourres de poils superficielles et d\u00e9m\u00ealer le pelage du chien ou du chat pour un rendu final doux et brillant.\" \/>\n<meta name=\"robots\" content=\"noindex, nofollow\" \/>\n<meta property=\"og:locale\" content=\"fr_FR\" \/>\n<meta property=\"og:type\" content=\"article\" \/>\n<meta property=\"og:title\" content=\"Brosse carde FURminator double t\u00eate dure Furminator - V\u00e9torino\" \/>\n<meta property=\"og:description\" content=\"La grande brosse carde dure FURminator\u00ae est un outil de qualit\u00e9 professionnelle pour \u00e9liminer les bourres de poils superficielles et d\u00e9m\u00ealer le pelage du chien ou du chat pour un rendu final doux et brillant.\" \/>\n<meta property=\"og:url\" content=\"https:\/\/www.vetorino.com\/veterinaire\/villeneuvetolosane-31270\/boutique\/product\/brosse-carde-furminator-double-tete-dure\/\" \/>\n<meta property=\"og:site_name\" content=\"V\u00e9torino\" \/>\n<meta property=\"article:publisher\" content=\"https:\/\/www.facebook.com\/Vetorino\/\" \/>\n<meta property=\"article:modified_time\" content=\"2026-03-18T17:10:38+00:00\" \/>\n<meta property=\"og:image\" content=\"https:\/\/www.vetorino.com\/boutique\/wp-content\/uploads\/2024\/04\/FilsBRO845FormatMediumTypeIM.png\" \/>\n\t<meta property=\"og:image:width\" content=\"400\" \/>\n\t<meta property=\"og:image:height\" content=\"400\" \/>\n\t<meta property=\"og:image:type\" content=\"image\/png\" \/>\n<meta name=\"twitter:card\" content=\"summary_large_image\" \/>\n<meta name=\"twitter:label1\" content=\"Prix\" \/>\n\t<meta name=\"twitter:data1\" content=\"16,69&euro;\" \/>\n\t<meta name=\"twitter:label2\" content=\"Disponibilit\u00e9\" \/>\n\t<meta name=\"twitter:data2\" content=\"En stock\" \/>\n<script type=\"application\/ld+json\" class=\"yoast-schema-graph\">{\"@context\":\"https:\\\/\\\/schema.org\",\"@graph\":[{\"@type\":\"WebPage\",\"@id\":\"https:\\\/\\\/www.vetorino.com\\\/boutique\\\/product\\\/brosse-carde-furminator-double-tete-dure\\\/\",\"url\":\"https:\\\/\\\/www.vetorino.com\\\/boutique\\\/product\\\/brosse-carde-furminator-double-tete-dure\\\/\",\"name\":\"Brosse carde FURminator double t\u00eate dure Furminator - V\u00e9torino\",\"isPartOf\":{\"@id\":\"https:\\\/\\\/www.vetorino.com\\\/boutique\\\/#website\"},\"primaryImageOfPage\":{\"@id\":\"https:\\\/\\\/www.vetorino.com\\\/boutique\\\/product\\\/brosse-carde-furminator-double-tete-dure\\\/#primaryimage\"},\"image\":{\"@id\":\"https:\\\/\\\/www.vetorino.com\\\/boutique\\\/product\\\/brosse-carde-furminator-double-tete-dure\\\/#primaryimage\"},\"thumbnailUrl\":\"https:\\\/\\\/www.vetorino.com\\\/boutique\\\/wp-content\\\/uploads\\\/2024\\\/04\\\/csm_TH32874_9650_85d0a7230e.webp\",\"datePublished\":\"2024-04-22T08:54:19+00:00\",\"dateModified\":\"2026-03-18T17:10:38+00:00\",\"description\":\"La grande brosse carde dure FURminator\u00ae est un outil de qualit\u00e9 professionnelle pour \u00e9liminer les bourres de poils superficielles et d\u00e9m\u00ealer le pelage du chien ou du chat pour un rendu final doux et brillant.\",\"breadcrumb\":{\"@id\":\"https:\\\/\\\/www.vetorino.com\\\/boutique\\\/product\\\/brosse-carde-furminator-double-tete-dure\\\/#breadcrumb\"},\"inLanguage\":\"fr-FR\",\"potentialAction\":[{\"@type\":\"ReadAction\",\"target\":[\"https:\\\/\\\/www.vetorino.com\\\/boutique\\\/product\\\/brosse-carde-furminator-double-tete-dure\\\/\"]}]},{\"@type\":\"ImageObject\",\"inLanguage\":\"fr-FR\",\"@id\":\"https:\\\/\\\/www.vetorino.com\\\/boutique\\\/product\\\/brosse-carde-furminator-double-tete-dure\\\/#primaryimage\",\"url\":\"https:\\\/\\\/www.vetorino.com\\\/boutique\\\/wp-content\\\/uploads\\\/2024\\\/04\\\/csm_TH32874_9650_85d0a7230e.webp\",\"contentUrl\":\"https:\\\/\\\/www.vetorino.com\\\/boutique\\\/wp-content\\\/uploads\\\/2024\\\/04\\\/csm_TH32874_9650_85d0a7230e.webp\",\"width\":800,\"height\":800},{\"@type\":\"BreadcrumbList\",\"@id\":\"https:\\\/\\\/www.vetorino.com\\\/boutique\\\/product\\\/brosse-carde-furminator-double-tete-dure\\\/#breadcrumb\",\"itemListElement\":[{\"@type\":\"ListItem\",\"position\":1,\"name\":\"Accueil\",\"item\":\"https:\\\/\\\/www.vetorino.com\\\/boutique\\\/\"},{\"@type\":\"ListItem\",\"position\":2,\"name\":\"Produits\",\"item\":\"https:\\\/\\\/www.vetorino.com\\\/boutique\\\/\"},{\"@type\":\"ListItem\",\"position\":3,\"name\":\"Brosse carde FURminator double t\u00eate dure\"}]},{\"@type\":\"WebSite\",\"@id\":\"https:\\\/\\\/www.vetorino.com\\\/boutique\\\/#website\",\"url\":\"https:\\\/\\\/www.vetorino.com\\\/boutique\\\/\",\"name\":\"V\u00e9torino\",\"description\":\"\",\"publisher\":{\"@id\":\"https:\\\/\\\/www.vetorino.com\\\/boutique\\\/#organization\"},\"potentialAction\":[{\"@type\":\"SearchAction\",\"target\":{\"@type\":\"EntryPoint\",\"urlTemplate\":\"https:\\\/\\\/www.vetorino.com\\\/boutique\\\/?s={search_term_string}\"},\"query-input\":{\"@type\":\"PropertyValueSpecification\",\"valueRequired\":true,\"valueName\":\"search_term_string\"}}],\"inLanguage\":\"fr-FR\"},{\"@type\":\"Organization\",\"@id\":\"https:\\\/\\\/www.vetorino.com\\\/boutique\\\/#organization\",\"name\":\"V\u00e9torino\",\"url\":\"https:\\\/\\\/www.vetorino.com\\\/boutique\\\/\",\"logo\":{\"@type\":\"ImageObject\",\"inLanguage\":\"fr-FR\",\"@id\":\"https:\\\/\\\/www.vetorino.com\\\/boutique\\\/#\\\/schema\\\/logo\\\/image\\\/\",\"url\":\"https:\\\/\\\/www.vetorino.com\\\/boutique\\\/wp-content\\\/uploads\\\/2024\\\/10\\\/logo.jpg\",\"contentUrl\":\"https:\\\/\\\/www.vetorino.com\\\/boutique\\\/wp-content\\\/uploads\\\/2024\\\/10\\\/logo.jpg\",\"width\":1200,\"height\":610,\"caption\":\"V\u00e9torino\"},\"image\":{\"@id\":\"https:\\\/\\\/www.vetorino.com\\\/boutique\\\/#\\\/schema\\\/logo\\\/image\\\/\"},\"sameAs\":[\"https:\\\/\\\/www.facebook.com\\\/Vetorino\\\/\",\"https:\\\/\\\/www.instagram.com\\\/vetorino_off\\\/\",\"https:\\\/\\\/www.linkedin.com\\\/company\\\/vtorino\\\/\"]}]}<\/script>\n<meta property=\"product:brand\" content=\"Furminator\" \/>\n<meta property=\"product:price:amount\" content=\"16.69\" \/>\n<meta property=\"product:price:currency\" content=\"EUR\" \/>\n<meta property=\"og:availability\" content=\"instock\" \/>\n<meta property=\"product:availability\" content=\"instock\" \/>\n<meta property=\"product:retailer_item_id\" content=\"C-BRO845\" \/>\n<meta property=\"product:condition\" content=\"new\" \/>\n<!-- \/ Yoast SEO plugin. -->","yoast_head_json":{"title":"Brosse carde FURminator double t\u00eate dure Furminator - V\u00e9torino","description":"La grande brosse carde dure FURminator\u00ae est un outil de qualit\u00e9 professionnelle pour \u00e9liminer les bourres de poils superficielles et d\u00e9m\u00ealer le pelage du chien ou du chat pour un rendu final doux et brillant.","robots":{"index":"noindex","follow":"nofollow"},"og_locale":"fr_FR","og_type":"article","og_title":"Brosse carde FURminator double t\u00eate dure Furminator - V\u00e9torino","og_description":"La grande brosse carde dure FURminator\u00ae est un outil de qualit\u00e9 professionnelle pour \u00e9liminer les bourres de poils superficielles et d\u00e9m\u00ealer le pelage du chien ou du chat pour un rendu final doux et brillant.","og_url":"https:\/\/www.vetorino.com\/veterinaire\/villeneuvetolosane-31270\/boutique\/product\/brosse-carde-furminator-double-tete-dure\/","og_site_name":"V\u00e9torino","article_publisher":"https:\/\/www.facebook.com\/Vetorino\/","article_modified_time":"2026-03-18T17:10:38+00:00","og_image":[{"width":400,"height":400,"url":"https:\/\/www.vetorino.com\/boutique\/wp-content\/uploads\/2024\/04\/FilsBRO845FormatMediumTypeIM.png","type":"image\/png"}],"twitter_card":"summary_large_image","twitter_misc":{"Prix":"16,69&euro;","Disponibilit\u00e9":"En stock"},"schema":{"@context":"https:\/\/schema.org","@graph":[{"@type":"WebPage","@id":"https:\/\/www.vetorino.com\/boutique\/product\/brosse-carde-furminator-double-tete-dure\/","url":"https:\/\/www.vetorino.com\/boutique\/product\/brosse-carde-furminator-double-tete-dure\/","name":"Brosse carde FURminator double t\u00eate dure Furminator - V\u00e9torino","isPartOf":{"@id":"https:\/\/www.vetorino.com\/boutique\/#website"},"primaryImageOfPage":{"@id":"https:\/\/www.vetorino.com\/boutique\/product\/brosse-carde-furminator-double-tete-dure\/#primaryimage"},"image":{"@id":"https:\/\/www.vetorino.com\/boutique\/product\/brosse-carde-furminator-double-tete-dure\/#primaryimage"},"thumbnailUrl":"https:\/\/www.vetorino.com\/boutique\/wp-content\/uploads\/2024\/04\/csm_TH32874_9650_85d0a7230e.webp","datePublished":"2024-04-22T08:54:19+00:00","dateModified":"2026-03-18T17:10:38+00:00","description":"La grande brosse carde dure FURminator\u00ae est un outil de qualit\u00e9 professionnelle pour \u00e9liminer les bourres de poils superficielles et d\u00e9m\u00ealer le pelage du chien ou du chat pour un rendu final doux et brillant.","breadcrumb":{"@id":"https:\/\/www.vetorino.com\/boutique\/product\/brosse-carde-furminator-double-tete-dure\/#breadcrumb"},"inLanguage":"fr-FR","potentialAction":[{"@type":"ReadAction","target":["https:\/\/www.vetorino.com\/boutique\/product\/brosse-carde-furminator-double-tete-dure\/"]}]},{"@type":"ImageObject","inLanguage":"fr-FR","@id":"https:\/\/www.vetorino.com\/boutique\/product\/brosse-carde-furminator-double-tete-dure\/#primaryimage","url":"https:\/\/www.vetorino.com\/boutique\/wp-content\/uploads\/2024\/04\/csm_TH32874_9650_85d0a7230e.webp","contentUrl":"https:\/\/www.vetorino.com\/boutique\/wp-content\/uploads\/2024\/04\/csm_TH32874_9650_85d0a7230e.webp","width":800,"height":800},{"@type":"BreadcrumbList","@id":"https:\/\/www.vetorino.com\/boutique\/product\/brosse-carde-furminator-double-tete-dure\/#breadcrumb","itemListElement":[{"@type":"ListItem","position":1,"name":"Accueil","item":"https:\/\/www.vetorino.com\/boutique\/"},{"@type":"ListItem","position":2,"name":"Produits","item":"https:\/\/www.vetorino.com\/boutique\/"},{"@type":"ListItem","position":3,"name":"Brosse carde FURminator double t\u00eate dure"}]},{"@type":"WebSite","@id":"https:\/\/www.vetorino.com\/boutique\/#website","url":"https:\/\/www.vetorino.com\/boutique\/","name":"V\u00e9torino","description":"","publisher":{"@id":"https:\/\/www.vetorino.com\/boutique\/#organization"},"potentialAction":[{"@type":"SearchAction","target":{"@type":"EntryPoint","urlTemplate":"https:\/\/www.vetorino.com\/boutique\/?s={search_term_string}"},"query-input":{"@type":"PropertyValueSpecification","valueRequired":true,"valueName":"search_term_string"}}],"inLanguage":"fr-FR"},{"@type":"Organization","@id":"https:\/\/www.vetorino.com\/boutique\/#organization","name":"V\u00e9torino","url":"https:\/\/www.vetorino.com\/boutique\/","logo":{"@type":"ImageObject","inLanguage":"fr-FR","@id":"https:\/\/www.vetorino.com\/boutique\/#\/schema\/logo\/image\/","url":"https:\/\/www.vetorino.com\/boutique\/wp-content\/uploads\/2024\/10\/logo.jpg","contentUrl":"https:\/\/www.vetorino.com\/boutique\/wp-content\/uploads\/2024\/10\/logo.jpg","width":1200,"height":610,"caption":"V\u00e9torino"},"image":{"@id":"https:\/\/www.vetorino.com\/boutique\/#\/schema\/logo\/image\/"},"sameAs":["https:\/\/www.facebook.com\/Vetorino\/","https:\/\/www.instagram.com\/vetorino_off\/","https:\/\/www.linkedin.com\/company\/vtorino\/"]}]},"product_brand":"Furminator","product_price_amount":"16.69","product_price_currency":"EUR","og_availability":"instock","product_availability":"instock","product_retailer_item_id":"C-BRO845","product_condition":"new"},"_links":{"self":[{"href":"https:\/\/www.vetorino.com\/veterinaire\/villeneuvetolosane-31270\/boutique\/wp-json\/wp\/v2\/product\/902159","targetHints":{"allow":["GET"]}}],"collection":[{"href":"https:\/\/www.vetorino.com\/veterinaire\/villeneuvetolosane-31270\/boutique\/wp-json\/wp\/v2\/product"}],"about":[{"href":"https:\/\/www.vetorino.com\/veterinaire\/villeneuvetolosane-31270\/boutique\/wp-json\/wp\/v2\/types\/product"}],"wp:featuredmedia":[{"embeddable":true,"href":"https:\/\/www.vetorino.com\/veterinaire\/villeneuvetolosane-31270\/boutique\/wp-json\/wp\/v2\/media\/902170"}],"wp:attachment":[{"href":"https:\/\/www.vetorino.com\/veterinaire\/villeneuvetolosane-31270\/boutique\/wp-json\/wp\/v2\/media?parent=902159"}],"wp:term":[{"taxonomy":"product_cat","embeddable":true,"href":"https:\/\/www.vetorino.com\/veterinaire\/villeneuvetolosane-31270\/boutique\/wp-json\/wp\/v2\/product_cat?post=902159"},{"taxonomy":"product_tag","embeddable":true,"href":"https:\/\/www.vetorino.com\/veterinaire\/villeneuvetolosane-31270\/boutique\/wp-json\/wp\/v2\/product_tag?post=902159"}],"curies":[{"name":"wp","href":"https:\/\/api.w.org\/{rel}","templated":true}]}}