{"id":96191,"date":"2020-06-29T17:37:50","date_gmt":"2020-06-29T15:37:50","guid":{"rendered":"https:\/\/www.vetorino.com\/boutique\/product\/foin-premium-pissenlits\/"},"modified":"2025-09-27T02:42:14","modified_gmt":"2025-09-27T00:42:14","slug":"foin-premium-pissenlits","status":"publish","type":"product","link":"https:\/\/www.vetorino.com\/veterinaire\/villeneuvetolosane-31270\/boutique\/product\/foin-premium-pissenlits\/","title":{"rendered":"Foin Premium Pissenlits"},"content":{"rendered":"<div class='hidden'>HAMI FORM SARL SOCEC<\/div>\n<div class='hidden'>Rongeurs<\/div>\n<div class='hidden'>Sec<\/div>\n<div class='hidden'>Foin<\/div>\n<div class='hidden'>Tous<\/div>\n<p>Foin s\u00e9ch\u00e9 en grange, tendre et riche en \u00e9l\u00e9ments nutritifs, il est bon pour l&#8217;\u00e9quilibre alimentaire de vos petits compagnons.<br \/>La r\u00e9colte du foin s\u00e9ch\u00e9 en grange se fait au printemps, au meilleur stade de sa valeur alimentaire.<br \/>L&#8217;herbe est ramass\u00e9e \u00e0 un taux de 45 \u00e0 70 % de mati\u00e8re s\u00e8che, le temps de s\u00e9chage au champ est donc limit\u00e9. L&#8217;herbe est moins ab\u00eem\u00e9e et moins travaill\u00e9e par les engins de fanage, et les pertes de feuilles, surtout des l\u00e9gumineuses, sont r\u00e9duites. Cette m\u00e9thode de travail garantit un foin Hami Form bien \u00e9quilibr\u00e9, riche en prot\u00e9ines et app\u00e9tant.<\/p>\n","protected":false},"excerpt":{"rendered":"<p>HAMI FORM SARL SOCEC Rongeurs Sec Foin Tous Foin s\u00e9ch\u00e9 en grange, tendre et riche en \u00e9l\u00e9ments nutritifs, il est bon pour l&#8217;\u00e9quilibre alimentaire de vos petits compagnons.La r\u00e9colte du foin s\u00e9ch\u00e9 en grange se fait au printemps, au meilleur stade de sa valeur alimentaire.L&#8217;herbe est ramass\u00e9e \u00e0 un taux de 45 \u00e0 70 % [&hellip;]<\/p>\n","protected":false},"featured_media":96190,"template":"","meta":[],"product_cat":[12578,12580,12666,12667,12563,2727,12570],"product_tag":[],"class_list":{"0":"post-96191","1":"product","2":"type-product","3":"status-publish","4":"has-post-thumbnail","6":"product_cat-alimentation-du-lapin","7":"product_cat-alimentation-du-rongeur","8":"product_cat-foin-pour-lapin","9":"product_cat-foin-pour-rongeur","10":"product_cat-lapin","11":"product_cat-nac","12":"product_cat-rongeur","13":"pa_marque-hami-form","15":"first","16":"instock","17":"taxable","18":"shipping-taxable","19":"purchasable","20":"product-type-simple"},"yoast_head":"<!-- This site is optimized with the Yoast SEO plugin v27.3 - https:\/\/yoast.com\/product\/yoast-seo-wordpress\/ -->\n<title>Foin Premium Pissenlits Hami Form - V\u00e9torino<\/title>\n<meta name=\"description\" content=\"HAMI FORM SARL SOCECRongeursSecFoinTousFoin s\u00e9ch\u00e9 en grange, tendre et riche en \u00e9l\u00e9ments nutritifs, il est bon pour l&#039;\u00e9quilibre alimentaire de vos petits\" \/>\n<meta name=\"robots\" content=\"noindex, nofollow\" \/>\n<meta property=\"og:locale\" content=\"fr_FR\" \/>\n<meta property=\"og:type\" content=\"article\" \/>\n<meta property=\"og:title\" content=\"Foin Premium Pissenlits Hami Form - V\u00e9torino\" \/>\n<meta property=\"og:description\" content=\"HAMI FORM SARL SOCECRongeursSecFoinTousFoin s\u00e9ch\u00e9 en grange, tendre et riche en \u00e9l\u00e9ments nutritifs, il est bon pour l&#039;\u00e9quilibre alimentaire de vos petits\" \/>\n<meta property=\"og:url\" content=\"https:\/\/www.vetorino.com\/veterinaire\/villeneuvetolosane-31270\/boutique\/product\/foin-premium-pissenlits\/\" \/>\n<meta property=\"og:site_name\" content=\"V\u00e9torino\" \/>\n<meta property=\"article:publisher\" content=\"https:\/\/www.facebook.com\/Vetorino\/\" \/>\n<meta property=\"article:modified_time\" content=\"2025-09-27T00:42:14+00:00\" \/>\n<meta property=\"og:image\" content=\"https:\/\/www.vetorino.com\/boutique\/wp-content\/uploads\/2020\/06\/FilsFOI018FormatMediumTypeIM.png\" \/>\n\t<meta property=\"og:image:width\" content=\"400\" \/>\n\t<meta property=\"og:image:height\" content=\"400\" \/>\n\t<meta property=\"og:image:type\" content=\"image\/png\" \/>\n<meta name=\"twitter:card\" content=\"summary_large_image\" \/>\n<meta name=\"twitter:label1\" content=\"Prix\" \/>\n\t<meta name=\"twitter:data1\" content=\"6,03&euro;\" \/>\n\t<meta name=\"twitter:label2\" content=\"Disponibilit\u00e9\" \/>\n\t<meta name=\"twitter:data2\" content=\"En stock\" \/>\n<script type=\"application\/ld+json\" class=\"yoast-schema-graph\">{\"@context\":\"https:\\\/\\\/schema.org\",\"@graph\":[{\"@type\":\"WebPage\",\"@id\":\"https:\\\/\\\/www.vetorino.com\\\/boutique\\\/product\\\/foin-premium-pissenlits\\\/\",\"url\":\"https:\\\/\\\/www.vetorino.com\\\/boutique\\\/product\\\/foin-premium-pissenlits\\\/\",\"name\":\"Foin Premium Pissenlits Hami Form - V\u00e9torino\",\"isPartOf\":{\"@id\":\"https:\\\/\\\/www.vetorino.com\\\/boutique\\\/#website\"},\"primaryImageOfPage\":{\"@id\":\"https:\\\/\\\/www.vetorino.com\\\/boutique\\\/product\\\/foin-premium-pissenlits\\\/#primaryimage\"},\"image\":{\"@id\":\"https:\\\/\\\/www.vetorino.com\\\/boutique\\\/product\\\/foin-premium-pissenlits\\\/#primaryimage\"},\"thumbnailUrl\":\"https:\\\/\\\/www.vetorino.com\\\/boutique\\\/wp-content\\\/uploads\\\/2020\\\/06\\\/FilsFOI018FormatMediumTypeIM.png\",\"datePublished\":\"2020-06-29T15:37:50+00:00\",\"dateModified\":\"2025-09-27T00:42:14+00:00\",\"description\":\"HAMI FORM SARL SOCECRongeursSecFoinTousFoin s\u00e9ch\u00e9 en grange, tendre et riche en \u00e9l\u00e9ments nutritifs, il est bon pour l'\u00e9quilibre alimentaire de vos petits\",\"breadcrumb\":{\"@id\":\"https:\\\/\\\/www.vetorino.com\\\/boutique\\\/product\\\/foin-premium-pissenlits\\\/#breadcrumb\"},\"inLanguage\":\"fr-FR\",\"potentialAction\":[{\"@type\":\"ReadAction\",\"target\":[\"https:\\\/\\\/www.vetorino.com\\\/boutique\\\/product\\\/foin-premium-pissenlits\\\/\"]}]},{\"@type\":\"ImageObject\",\"inLanguage\":\"fr-FR\",\"@id\":\"https:\\\/\\\/www.vetorino.com\\\/boutique\\\/product\\\/foin-premium-pissenlits\\\/#primaryimage\",\"url\":\"https:\\\/\\\/www.vetorino.com\\\/boutique\\\/wp-content\\\/uploads\\\/2020\\\/06\\\/FilsFOI018FormatMediumTypeIM.png\",\"contentUrl\":\"https:\\\/\\\/www.vetorino.com\\\/boutique\\\/wp-content\\\/uploads\\\/2020\\\/06\\\/FilsFOI018FormatMediumTypeIM.png\",\"width\":400,\"height\":400},{\"@type\":\"BreadcrumbList\",\"@id\":\"https:\\\/\\\/www.vetorino.com\\\/boutique\\\/product\\\/foin-premium-pissenlits\\\/#breadcrumb\",\"itemListElement\":[{\"@type\":\"ListItem\",\"position\":1,\"name\":\"Accueil\",\"item\":\"https:\\\/\\\/www.vetorino.com\\\/boutique\\\/\"},{\"@type\":\"ListItem\",\"position\":2,\"name\":\"Produits\",\"item\":\"https:\\\/\\\/www.vetorino.com\\\/boutique\\\/\"},{\"@type\":\"ListItem\",\"position\":3,\"name\":\"Foin Premium Pissenlits\"}]},{\"@type\":\"WebSite\",\"@id\":\"https:\\\/\\\/www.vetorino.com\\\/boutique\\\/#website\",\"url\":\"https:\\\/\\\/www.vetorino.com\\\/boutique\\\/\",\"name\":\"V\u00e9torino\",\"description\":\"\",\"publisher\":{\"@id\":\"https:\\\/\\\/www.vetorino.com\\\/boutique\\\/#organization\"},\"potentialAction\":[{\"@type\":\"SearchAction\",\"target\":{\"@type\":\"EntryPoint\",\"urlTemplate\":\"https:\\\/\\\/www.vetorino.com\\\/boutique\\\/?s={search_term_string}\"},\"query-input\":{\"@type\":\"PropertyValueSpecification\",\"valueRequired\":true,\"valueName\":\"search_term_string\"}}],\"inLanguage\":\"fr-FR\"},{\"@type\":\"Organization\",\"@id\":\"https:\\\/\\\/www.vetorino.com\\\/boutique\\\/#organization\",\"name\":\"V\u00e9torino\",\"url\":\"https:\\\/\\\/www.vetorino.com\\\/boutique\\\/\",\"logo\":{\"@type\":\"ImageObject\",\"inLanguage\":\"fr-FR\",\"@id\":\"https:\\\/\\\/www.vetorino.com\\\/boutique\\\/#\\\/schema\\\/logo\\\/image\\\/\",\"url\":\"https:\\\/\\\/www.vetorino.com\\\/boutique\\\/wp-content\\\/uploads\\\/2024\\\/10\\\/logo.jpg\",\"contentUrl\":\"https:\\\/\\\/www.vetorino.com\\\/boutique\\\/wp-content\\\/uploads\\\/2024\\\/10\\\/logo.jpg\",\"width\":1200,\"height\":610,\"caption\":\"V\u00e9torino\"},\"image\":{\"@id\":\"https:\\\/\\\/www.vetorino.com\\\/boutique\\\/#\\\/schema\\\/logo\\\/image\\\/\"},\"sameAs\":[\"https:\\\/\\\/www.facebook.com\\\/Vetorino\\\/\",\"https:\\\/\\\/www.instagram.com\\\/vetorino_off\\\/\",\"https:\\\/\\\/www.linkedin.com\\\/company\\\/vtorino\\\/\"]}]}<\/script>\n<meta property=\"product:brand\" content=\"Hami Form\" \/>\n<meta property=\"product:price:amount\" content=\"6.03\" \/>\n<meta property=\"product:price:currency\" content=\"EUR\" \/>\n<meta property=\"og:availability\" content=\"instock\" \/>\n<meta property=\"product:availability\" content=\"instock\" \/>\n<meta property=\"product:retailer_item_id\" content=\"C-FOI018\" \/>\n<meta property=\"product:condition\" content=\"new\" \/>\n<!-- \/ Yoast SEO plugin. -->","yoast_head_json":{"title":"Foin Premium Pissenlits Hami Form - V\u00e9torino","description":"HAMI FORM SARL SOCECRongeursSecFoinTousFoin s\u00e9ch\u00e9 en grange, tendre et riche en \u00e9l\u00e9ments nutritifs, il est bon pour l'\u00e9quilibre alimentaire de vos petits","robots":{"index":"noindex","follow":"nofollow"},"og_locale":"fr_FR","og_type":"article","og_title":"Foin Premium Pissenlits Hami Form - V\u00e9torino","og_description":"HAMI FORM SARL SOCECRongeursSecFoinTousFoin s\u00e9ch\u00e9 en grange, tendre et riche en \u00e9l\u00e9ments nutritifs, il est bon pour l'\u00e9quilibre alimentaire de vos petits","og_url":"https:\/\/www.vetorino.com\/veterinaire\/villeneuvetolosane-31270\/boutique\/product\/foin-premium-pissenlits\/","og_site_name":"V\u00e9torino","article_publisher":"https:\/\/www.facebook.com\/Vetorino\/","article_modified_time":"2025-09-27T00:42:14+00:00","og_image":[{"width":400,"height":400,"url":"https:\/\/www.vetorino.com\/boutique\/wp-content\/uploads\/2020\/06\/FilsFOI018FormatMediumTypeIM.png","type":"image\/png"}],"twitter_card":"summary_large_image","twitter_misc":{"Prix":"6,03&euro;","Disponibilit\u00e9":"En stock"},"schema":{"@context":"https:\/\/schema.org","@graph":[{"@type":"WebPage","@id":"https:\/\/www.vetorino.com\/boutique\/product\/foin-premium-pissenlits\/","url":"https:\/\/www.vetorino.com\/boutique\/product\/foin-premium-pissenlits\/","name":"Foin Premium Pissenlits Hami Form - V\u00e9torino","isPartOf":{"@id":"https:\/\/www.vetorino.com\/boutique\/#website"},"primaryImageOfPage":{"@id":"https:\/\/www.vetorino.com\/boutique\/product\/foin-premium-pissenlits\/#primaryimage"},"image":{"@id":"https:\/\/www.vetorino.com\/boutique\/product\/foin-premium-pissenlits\/#primaryimage"},"thumbnailUrl":"https:\/\/www.vetorino.com\/boutique\/wp-content\/uploads\/2020\/06\/FilsFOI018FormatMediumTypeIM.png","datePublished":"2020-06-29T15:37:50+00:00","dateModified":"2025-09-27T00:42:14+00:00","description":"HAMI FORM SARL SOCECRongeursSecFoinTousFoin s\u00e9ch\u00e9 en grange, tendre et riche en \u00e9l\u00e9ments nutritifs, il est bon pour l'\u00e9quilibre alimentaire de vos petits","breadcrumb":{"@id":"https:\/\/www.vetorino.com\/boutique\/product\/foin-premium-pissenlits\/#breadcrumb"},"inLanguage":"fr-FR","potentialAction":[{"@type":"ReadAction","target":["https:\/\/www.vetorino.com\/boutique\/product\/foin-premium-pissenlits\/"]}]},{"@type":"ImageObject","inLanguage":"fr-FR","@id":"https:\/\/www.vetorino.com\/boutique\/product\/foin-premium-pissenlits\/#primaryimage","url":"https:\/\/www.vetorino.com\/boutique\/wp-content\/uploads\/2020\/06\/FilsFOI018FormatMediumTypeIM.png","contentUrl":"https:\/\/www.vetorino.com\/boutique\/wp-content\/uploads\/2020\/06\/FilsFOI018FormatMediumTypeIM.png","width":400,"height":400},{"@type":"BreadcrumbList","@id":"https:\/\/www.vetorino.com\/boutique\/product\/foin-premium-pissenlits\/#breadcrumb","itemListElement":[{"@type":"ListItem","position":1,"name":"Accueil","item":"https:\/\/www.vetorino.com\/boutique\/"},{"@type":"ListItem","position":2,"name":"Produits","item":"https:\/\/www.vetorino.com\/boutique\/"},{"@type":"ListItem","position":3,"name":"Foin Premium Pissenlits"}]},{"@type":"WebSite","@id":"https:\/\/www.vetorino.com\/boutique\/#website","url":"https:\/\/www.vetorino.com\/boutique\/","name":"V\u00e9torino","description":"","publisher":{"@id":"https:\/\/www.vetorino.com\/boutique\/#organization"},"potentialAction":[{"@type":"SearchAction","target":{"@type":"EntryPoint","urlTemplate":"https:\/\/www.vetorino.com\/boutique\/?s={search_term_string}"},"query-input":{"@type":"PropertyValueSpecification","valueRequired":true,"valueName":"search_term_string"}}],"inLanguage":"fr-FR"},{"@type":"Organization","@id":"https:\/\/www.vetorino.com\/boutique\/#organization","name":"V\u00e9torino","url":"https:\/\/www.vetorino.com\/boutique\/","logo":{"@type":"ImageObject","inLanguage":"fr-FR","@id":"https:\/\/www.vetorino.com\/boutique\/#\/schema\/logo\/image\/","url":"https:\/\/www.vetorino.com\/boutique\/wp-content\/uploads\/2024\/10\/logo.jpg","contentUrl":"https:\/\/www.vetorino.com\/boutique\/wp-content\/uploads\/2024\/10\/logo.jpg","width":1200,"height":610,"caption":"V\u00e9torino"},"image":{"@id":"https:\/\/www.vetorino.com\/boutique\/#\/schema\/logo\/image\/"},"sameAs":["https:\/\/www.facebook.com\/Vetorino\/","https:\/\/www.instagram.com\/vetorino_off\/","https:\/\/www.linkedin.com\/company\/vtorino\/"]}]},"product_brand":"Hami Form","product_price_amount":"6.03","product_price_currency":"EUR","og_availability":"instock","product_availability":"instock","product_retailer_item_id":"C-FOI018","product_condition":"new"},"_links":{"self":[{"href":"https:\/\/www.vetorino.com\/veterinaire\/villeneuvetolosane-31270\/boutique\/wp-json\/wp\/v2\/product\/96191","targetHints":{"allow":["GET"]}}],"collection":[{"href":"https:\/\/www.vetorino.com\/veterinaire\/villeneuvetolosane-31270\/boutique\/wp-json\/wp\/v2\/product"}],"about":[{"href":"https:\/\/www.vetorino.com\/veterinaire\/villeneuvetolosane-31270\/boutique\/wp-json\/wp\/v2\/types\/product"}],"wp:featuredmedia":[{"embeddable":true,"href":"https:\/\/www.vetorino.com\/veterinaire\/villeneuvetolosane-31270\/boutique\/wp-json\/wp\/v2\/media\/96190"}],"wp:attachment":[{"href":"https:\/\/www.vetorino.com\/veterinaire\/villeneuvetolosane-31270\/boutique\/wp-json\/wp\/v2\/media?parent=96191"}],"wp:term":[{"taxonomy":"product_cat","embeddable":true,"href":"https:\/\/www.vetorino.com\/veterinaire\/villeneuvetolosane-31270\/boutique\/wp-json\/wp\/v2\/product_cat?post=96191"},{"taxonomy":"product_tag","embeddable":true,"href":"https:\/\/www.vetorino.com\/veterinaire\/villeneuvetolosane-31270\/boutique\/wp-json\/wp\/v2\/product_tag?post=96191"}],"curies":[{"name":"wp","href":"https:\/\/api.w.org\/{rel}","templated":true}]}}