{"id":98261,"date":"2020-06-30T00:58:33","date_gmt":"2020-06-29T22:58:33","guid":{"rendered":"https:\/\/www.vetorino.com\/boutique\/product\/jouet-chien-buster-balle-sensorielle\/"},"modified":"2026-03-19T02:42:10","modified_gmt":"2026-03-19T01:42:10","slug":"jouet-chien-buster-balle-sensorielle","status":"publish","type":"product","link":"https:\/\/www.vetorino.com\/veterinaire\/villeneuvetolosane-31270\/boutique\/product\/jouet-chien-buster-balle-sensorielle\/","title":{"rendered":"Jouet chien Buster : Balle Sensorielle"},"content":{"rendered":"<p>La balle sensorielle Buster est con\u00e7ue pour stimuler tous les sens de votre chien.<\/p>\n<ul>\n<li>Odeur et go\u00fbt : odeur de b\u0153uf con\u00e7ue pour aider \u00e0 stimuler l&#8217;odorat du chien.<\/li>\n<li>Son : grincement et hochet pour la stimulation de l\u2019ou\u00efe du chien.<\/li>\n<li>Toucher : plusieurs textures diff\u00e9rentes donnant une sensation sensorielle unique, en fonction de la fa\u00e7on dont le chien saisit la balle.<\/li>\n<li>Vue : 3 couleurs diff\u00e9rentes avec des motifs diff\u00e9rents pour stimuler le sens de la vue du chien.<\/li>\n<li>En caoutchouc TPR doux, exempt de phtalates ou autres substances nocives.<\/li>\n<\/ul>\n","protected":false},"excerpt":{"rendered":"<div class=\"limited-description is-limit-content is-limit-content--not-needed is-limit-content--checked\" data-limit-content-height=\"72px\">Concue pour stimuler tous les sens de votre chien.Odeur, go\u00fbt, son, vue : la balle a une odeur de boeuf distinctive con\u00e7ue pour aider \u00e0 stimuler l&#8217;odorat, a \u00e0 la fois un grincement et un hochet pour la stimulation du sens de l&#8217;ou\u00efe de l&#8217;animal.Balle \u00e0 trois couleurs diff\u00e9rentes avec des motifs pour stimuler la vue.Sans BPA et sans phtalate. Diam\u00e8tre 8,25 cm<\/div>\n<div class=\"banner-container product-banner zone-c\">\n<div class=\"widget block block-static-block\">\n<div class=\"pagebuilder-column-group\" data-content-type=\"column-group\" data-grid-size=\"12\" data-element=\"main\"><\/div>\n<\/div>\n<\/div>\n","protected":false},"featured_media":620955,"template":"","meta":[],"product_cat":[12550,2698,12621],"product_tag":[],"class_list":{"0":"post-98261","1":"product","2":"type-product","3":"status-publish","4":"has-post-thumbnail","6":"product_cat-accessoires-du-chien","7":"product_cat-chien","8":"product_cat-jeux-educatifs-pour-chien","9":"pa_marque-buster","11":"first","12":"instock","13":"taxable","14":"shipping-taxable","15":"purchasable","16":"product-type-variable"},"yoast_head":"<!-- This site is optimized with the Yoast SEO plugin v27.3 - https:\/\/yoast.com\/product\/yoast-seo-wordpress\/ -->\n<title>Jouet chien Buster : Balle Sensorielle Buster - V\u00e9torino<\/title>\n<meta name=\"description\" content=\"Concue pour stimuler tous les sens de votre chien.Odeur, go\u00fbt, son, vue : la balle a une odeur de boeuf distinctive con\u00e7ue pour aider \u00e0 stimuler l&#039;odorat, a \u00e0 la fois un grincement et un hochet pour la stimulation du sens de l&#039;ou\u00efe de l&#039;animal.Balle \u00e0 trois couleurs diff\u00e9rentes avec des motifs pour stimuler la vue.Sans BPA et sans phtalate. Diam\u00e8tre 8,25 cm\" \/>\n<meta name=\"robots\" content=\"noindex, nofollow\" \/>\n<meta property=\"og:locale\" content=\"fr_FR\" \/>\n<meta property=\"og:type\" content=\"article\" \/>\n<meta property=\"og:title\" content=\"Jouet chien Buster : Balle Sensorielle Buster - V\u00e9torino\" \/>\n<meta property=\"og:description\" content=\"Concue pour stimuler tous les sens de votre chien.Odeur, go\u00fbt, son, vue : la balle a une odeur de boeuf distinctive con\u00e7ue pour aider \u00e0 stimuler l&#039;odorat, a \u00e0 la fois un grincement et un hochet pour la stimulation du sens de l&#039;ou\u00efe de l&#039;animal.Balle \u00e0 trois couleurs diff\u00e9rentes avec des motifs pour stimuler la vue.Sans BPA et sans phtalate. Diam\u00e8tre 8,25 cm\" \/>\n<meta property=\"og:url\" content=\"https:\/\/www.vetorino.com\/veterinaire\/villeneuvetolosane-31270\/boutique\/product\/jouet-chien-buster-balle-sensorielle\/\" \/>\n<meta property=\"og:site_name\" content=\"V\u00e9torino\" \/>\n<meta property=\"article:publisher\" content=\"https:\/\/www.facebook.com\/Vetorino\/\" \/>\n<meta property=\"article:modified_time\" content=\"2026-03-19T01:42:10+00:00\" \/>\n<meta property=\"og:image\" content=\"https:\/\/www.vetorino.com\/boutique\/wp-content\/uploads\/2020\/06\/510u1B-xFdL._AC_SX450_.jpg\" \/>\n\t<meta property=\"og:image:width\" content=\"427\" \/>\n\t<meta property=\"og:image:height\" content=\"437\" \/>\n\t<meta property=\"og:image:type\" content=\"image\/jpeg\" \/>\n<meta name=\"twitter:card\" content=\"summary_large_image\" \/>\n<meta name=\"twitter:label1\" content=\"Disponibilit\u00e9\" \/>\n\t<meta name=\"twitter:data1\" content=\"En stock\" \/>\n<script type=\"application\/ld+json\" class=\"yoast-schema-graph\">{\"@context\":\"https:\\\/\\\/schema.org\",\"@graph\":[{\"@type\":\"WebPage\",\"@id\":\"https:\\\/\\\/www.vetorino.com\\\/boutique\\\/product\\\/jouet-chien-buster-balle-sensorielle\\\/\",\"url\":\"https:\\\/\\\/www.vetorino.com\\\/boutique\\\/product\\\/jouet-chien-buster-balle-sensorielle\\\/\",\"name\":\"Jouet chien Buster : Balle Sensorielle Buster - V\u00e9torino\",\"isPartOf\":{\"@id\":\"https:\\\/\\\/www.vetorino.com\\\/boutique\\\/#website\"},\"primaryImageOfPage\":{\"@id\":\"https:\\\/\\\/www.vetorino.com\\\/boutique\\\/product\\\/jouet-chien-buster-balle-sensorielle\\\/#primaryimage\"},\"image\":{\"@id\":\"https:\\\/\\\/www.vetorino.com\\\/boutique\\\/product\\\/jouet-chien-buster-balle-sensorielle\\\/#primaryimage\"},\"thumbnailUrl\":\"https:\\\/\\\/www.vetorino.com\\\/boutique\\\/wp-content\\\/uploads\\\/2020\\\/06\\\/510u1B-xFdL._AC_SX450_.jpg\",\"datePublished\":\"2020-06-29T22:58:33+00:00\",\"dateModified\":\"2026-03-19T01:42:10+00:00\",\"description\":\"Concue pour stimuler tous les sens de votre chien.Odeur, go\u00fbt, son, vue : la balle a une odeur de boeuf distinctive con\u00e7ue pour aider \u00e0 stimuler l'odorat, a \u00e0 la fois un grincement et un hochet pour la stimulation du sens de l'ou\u00efe de l'animal.Balle \u00e0 trois couleurs diff\u00e9rentes avec des motifs pour stimuler la vue.Sans BPA et sans phtalate. Diam\u00e8tre 8,25 cm\",\"breadcrumb\":{\"@id\":\"https:\\\/\\\/www.vetorino.com\\\/boutique\\\/product\\\/jouet-chien-buster-balle-sensorielle\\\/#breadcrumb\"},\"inLanguage\":\"fr-FR\",\"potentialAction\":[{\"@type\":\"ReadAction\",\"target\":[\"https:\\\/\\\/www.vetorino.com\\\/boutique\\\/product\\\/jouet-chien-buster-balle-sensorielle\\\/\"]}]},{\"@type\":\"ImageObject\",\"inLanguage\":\"fr-FR\",\"@id\":\"https:\\\/\\\/www.vetorino.com\\\/boutique\\\/product\\\/jouet-chien-buster-balle-sensorielle\\\/#primaryimage\",\"url\":\"https:\\\/\\\/www.vetorino.com\\\/boutique\\\/wp-content\\\/uploads\\\/2020\\\/06\\\/510u1B-xFdL._AC_SX450_.jpg\",\"contentUrl\":\"https:\\\/\\\/www.vetorino.com\\\/boutique\\\/wp-content\\\/uploads\\\/2020\\\/06\\\/510u1B-xFdL._AC_SX450_.jpg\",\"width\":427,\"height\":437},{\"@type\":\"BreadcrumbList\",\"@id\":\"https:\\\/\\\/www.vetorino.com\\\/boutique\\\/product\\\/jouet-chien-buster-balle-sensorielle\\\/#breadcrumb\",\"itemListElement\":[{\"@type\":\"ListItem\",\"position\":1,\"name\":\"Accueil\",\"item\":\"https:\\\/\\\/www.vetorino.com\\\/boutique\\\/\"},{\"@type\":\"ListItem\",\"position\":2,\"name\":\"Produits\",\"item\":\"https:\\\/\\\/www.vetorino.com\\\/boutique\\\/\"},{\"@type\":\"ListItem\",\"position\":3,\"name\":\"Jouet chien Buster : Balle Sensorielle\"}]},{\"@type\":\"WebSite\",\"@id\":\"https:\\\/\\\/www.vetorino.com\\\/boutique\\\/#website\",\"url\":\"https:\\\/\\\/www.vetorino.com\\\/boutique\\\/\",\"name\":\"V\u00e9torino\",\"description\":\"\",\"publisher\":{\"@id\":\"https:\\\/\\\/www.vetorino.com\\\/boutique\\\/#organization\"},\"potentialAction\":[{\"@type\":\"SearchAction\",\"target\":{\"@type\":\"EntryPoint\",\"urlTemplate\":\"https:\\\/\\\/www.vetorino.com\\\/boutique\\\/?s={search_term_string}\"},\"query-input\":{\"@type\":\"PropertyValueSpecification\",\"valueRequired\":true,\"valueName\":\"search_term_string\"}}],\"inLanguage\":\"fr-FR\"},{\"@type\":\"Organization\",\"@id\":\"https:\\\/\\\/www.vetorino.com\\\/boutique\\\/#organization\",\"name\":\"V\u00e9torino\",\"url\":\"https:\\\/\\\/www.vetorino.com\\\/boutique\\\/\",\"logo\":{\"@type\":\"ImageObject\",\"inLanguage\":\"fr-FR\",\"@id\":\"https:\\\/\\\/www.vetorino.com\\\/boutique\\\/#\\\/schema\\\/logo\\\/image\\\/\",\"url\":\"https:\\\/\\\/www.vetorino.com\\\/boutique\\\/wp-content\\\/uploads\\\/2024\\\/10\\\/logo.jpg\",\"contentUrl\":\"https:\\\/\\\/www.vetorino.com\\\/boutique\\\/wp-content\\\/uploads\\\/2024\\\/10\\\/logo.jpg\",\"width\":1200,\"height\":610,\"caption\":\"V\u00e9torino\"},\"image\":{\"@id\":\"https:\\\/\\\/www.vetorino.com\\\/boutique\\\/#\\\/schema\\\/logo\\\/image\\\/\"},\"sameAs\":[\"https:\\\/\\\/www.facebook.com\\\/Vetorino\\\/\",\"https:\\\/\\\/www.instagram.com\\\/vetorino_off\\\/\",\"https:\\\/\\\/www.linkedin.com\\\/company\\\/vtorino\\\/\"]}]}<\/script>\n<meta property=\"product:brand\" content=\"Buster\" \/>\n<meta property=\"og:availability\" content=\"instock\" \/>\n<meta property=\"product:availability\" content=\"instock\" \/>\n<meta property=\"product:condition\" content=\"new\" \/>\n<!-- \/ Yoast SEO plugin. -->","yoast_head_json":{"title":"Jouet chien Buster : Balle Sensorielle Buster - V\u00e9torino","description":"Concue pour stimuler tous les sens de votre chien.Odeur, go\u00fbt, son, vue : la balle a une odeur de boeuf distinctive con\u00e7ue pour aider \u00e0 stimuler l'odorat, a \u00e0 la fois un grincement et un hochet pour la stimulation du sens de l'ou\u00efe de l'animal.Balle \u00e0 trois couleurs diff\u00e9rentes avec des motifs pour stimuler la vue.Sans BPA et sans phtalate. Diam\u00e8tre 8,25 cm","robots":{"index":"noindex","follow":"nofollow"},"og_locale":"fr_FR","og_type":"article","og_title":"Jouet chien Buster : Balle Sensorielle Buster - V\u00e9torino","og_description":"Concue pour stimuler tous les sens de votre chien.Odeur, go\u00fbt, son, vue : la balle a une odeur de boeuf distinctive con\u00e7ue pour aider \u00e0 stimuler l'odorat, a \u00e0 la fois un grincement et un hochet pour la stimulation du sens de l'ou\u00efe de l'animal.Balle \u00e0 trois couleurs diff\u00e9rentes avec des motifs pour stimuler la vue.Sans BPA et sans phtalate. Diam\u00e8tre 8,25 cm","og_url":"https:\/\/www.vetorino.com\/veterinaire\/villeneuvetolosane-31270\/boutique\/product\/jouet-chien-buster-balle-sensorielle\/","og_site_name":"V\u00e9torino","article_publisher":"https:\/\/www.facebook.com\/Vetorino\/","article_modified_time":"2026-03-19T01:42:10+00:00","og_image":[{"width":427,"height":437,"url":"https:\/\/www.vetorino.com\/boutique\/wp-content\/uploads\/2020\/06\/510u1B-xFdL._AC_SX450_.jpg","type":"image\/jpeg"}],"twitter_card":"summary_large_image","twitter_misc":{"Disponibilit\u00e9":"En stock"},"schema":{"@context":"https:\/\/schema.org","@graph":[{"@type":"WebPage","@id":"https:\/\/www.vetorino.com\/boutique\/product\/jouet-chien-buster-balle-sensorielle\/","url":"https:\/\/www.vetorino.com\/boutique\/product\/jouet-chien-buster-balle-sensorielle\/","name":"Jouet chien Buster : Balle Sensorielle Buster - V\u00e9torino","isPartOf":{"@id":"https:\/\/www.vetorino.com\/boutique\/#website"},"primaryImageOfPage":{"@id":"https:\/\/www.vetorino.com\/boutique\/product\/jouet-chien-buster-balle-sensorielle\/#primaryimage"},"image":{"@id":"https:\/\/www.vetorino.com\/boutique\/product\/jouet-chien-buster-balle-sensorielle\/#primaryimage"},"thumbnailUrl":"https:\/\/www.vetorino.com\/boutique\/wp-content\/uploads\/2020\/06\/510u1B-xFdL._AC_SX450_.jpg","datePublished":"2020-06-29T22:58:33+00:00","dateModified":"2026-03-19T01:42:10+00:00","description":"Concue pour stimuler tous les sens de votre chien.Odeur, go\u00fbt, son, vue : la balle a une odeur de boeuf distinctive con\u00e7ue pour aider \u00e0 stimuler l'odorat, a \u00e0 la fois un grincement et un hochet pour la stimulation du sens de l'ou\u00efe de l'animal.Balle \u00e0 trois couleurs diff\u00e9rentes avec des motifs pour stimuler la vue.Sans BPA et sans phtalate. Diam\u00e8tre 8,25 cm","breadcrumb":{"@id":"https:\/\/www.vetorino.com\/boutique\/product\/jouet-chien-buster-balle-sensorielle\/#breadcrumb"},"inLanguage":"fr-FR","potentialAction":[{"@type":"ReadAction","target":["https:\/\/www.vetorino.com\/boutique\/product\/jouet-chien-buster-balle-sensorielle\/"]}]},{"@type":"ImageObject","inLanguage":"fr-FR","@id":"https:\/\/www.vetorino.com\/boutique\/product\/jouet-chien-buster-balle-sensorielle\/#primaryimage","url":"https:\/\/www.vetorino.com\/boutique\/wp-content\/uploads\/2020\/06\/510u1B-xFdL._AC_SX450_.jpg","contentUrl":"https:\/\/www.vetorino.com\/boutique\/wp-content\/uploads\/2020\/06\/510u1B-xFdL._AC_SX450_.jpg","width":427,"height":437},{"@type":"BreadcrumbList","@id":"https:\/\/www.vetorino.com\/boutique\/product\/jouet-chien-buster-balle-sensorielle\/#breadcrumb","itemListElement":[{"@type":"ListItem","position":1,"name":"Accueil","item":"https:\/\/www.vetorino.com\/boutique\/"},{"@type":"ListItem","position":2,"name":"Produits","item":"https:\/\/www.vetorino.com\/boutique\/"},{"@type":"ListItem","position":3,"name":"Jouet chien Buster : Balle Sensorielle"}]},{"@type":"WebSite","@id":"https:\/\/www.vetorino.com\/boutique\/#website","url":"https:\/\/www.vetorino.com\/boutique\/","name":"V\u00e9torino","description":"","publisher":{"@id":"https:\/\/www.vetorino.com\/boutique\/#organization"},"potentialAction":[{"@type":"SearchAction","target":{"@type":"EntryPoint","urlTemplate":"https:\/\/www.vetorino.com\/boutique\/?s={search_term_string}"},"query-input":{"@type":"PropertyValueSpecification","valueRequired":true,"valueName":"search_term_string"}}],"inLanguage":"fr-FR"},{"@type":"Organization","@id":"https:\/\/www.vetorino.com\/boutique\/#organization","name":"V\u00e9torino","url":"https:\/\/www.vetorino.com\/boutique\/","logo":{"@type":"ImageObject","inLanguage":"fr-FR","@id":"https:\/\/www.vetorino.com\/boutique\/#\/schema\/logo\/image\/","url":"https:\/\/www.vetorino.com\/boutique\/wp-content\/uploads\/2024\/10\/logo.jpg","contentUrl":"https:\/\/www.vetorino.com\/boutique\/wp-content\/uploads\/2024\/10\/logo.jpg","width":1200,"height":610,"caption":"V\u00e9torino"},"image":{"@id":"https:\/\/www.vetorino.com\/boutique\/#\/schema\/logo\/image\/"},"sameAs":["https:\/\/www.facebook.com\/Vetorino\/","https:\/\/www.instagram.com\/vetorino_off\/","https:\/\/www.linkedin.com\/company\/vtorino\/"]}]},"product_brand":"Buster","og_availability":"instock","product_availability":"instock","product_condition":"new"},"_links":{"self":[{"href":"https:\/\/www.vetorino.com\/veterinaire\/villeneuvetolosane-31270\/boutique\/wp-json\/wp\/v2\/product\/98261","targetHints":{"allow":["GET"]}}],"collection":[{"href":"https:\/\/www.vetorino.com\/veterinaire\/villeneuvetolosane-31270\/boutique\/wp-json\/wp\/v2\/product"}],"about":[{"href":"https:\/\/www.vetorino.com\/veterinaire\/villeneuvetolosane-31270\/boutique\/wp-json\/wp\/v2\/types\/product"}],"wp:featuredmedia":[{"embeddable":true,"href":"https:\/\/www.vetorino.com\/veterinaire\/villeneuvetolosane-31270\/boutique\/wp-json\/wp\/v2\/media\/620955"}],"wp:attachment":[{"href":"https:\/\/www.vetorino.com\/veterinaire\/villeneuvetolosane-31270\/boutique\/wp-json\/wp\/v2\/media?parent=98261"}],"wp:term":[{"taxonomy":"product_cat","embeddable":true,"href":"https:\/\/www.vetorino.com\/veterinaire\/villeneuvetolosane-31270\/boutique\/wp-json\/wp\/v2\/product_cat?post=98261"},{"taxonomy":"product_tag","embeddable":true,"href":"https:\/\/www.vetorino.com\/veterinaire\/villeneuvetolosane-31270\/boutique\/wp-json\/wp\/v2\/product_tag?post=98261"}],"curies":[{"name":"wp","href":"https:\/\/api.w.org\/{rel}","templated":true}]}}