{"id":98922,"date":"2020-06-30T01:23:44","date_gmt":"2020-06-29T23:23:44","guid":{"rendered":"https:\/\/www.vetorino.com\/boutique\/product\/laisse-halti-all-in-one\/"},"modified":"2025-11-27T08:42:31","modified_gmt":"2025-11-27T07:42:31","slug":"laisse-halti-all-in-one","status":"publish","type":"product","link":"https:\/\/www.vetorino.com\/veterinaire\/villeneuvetolosane-31270\/boutique\/product\/laisse-halti-all-in-one\/","title":{"rendered":"Laisse Halti All in One"},"content":{"rendered":"","protected":false},"excerpt":{"rendered":"<p>La laisse All-In-One HALTI offre une grande polyvalence et un grand confort pour les propri\u00e9taires de chiens.<br \/>\nCon\u00e7u avec une poign\u00e9e en n\u00e9opr\u00e8ne pour le confort, cette laisse multifonctions peut \u00e9galement servir de sangle d&#8217;attache, id\u00e9al pour la course ou le contr\u00f4le mains-libres.<\/p>\n<ul>\n<li>Amortisseur \u00e9lastique super-fort, prot\u00e9geant le chien et le propri\u00e9taire contre les secousses soudaines.<\/li>\n<li>Bande Scotchlite\u2122 3M r\u00e9fl\u00e9chissante pour une meilleure visibilit\u00e9.<\/li>\n<li>Fonction de s\u00e9curit\u00e9 d&#8217;amortisseur.<\/li>\n<li>Poign\u00e9e de contr\u00f4le \u00e9troite pour une retenue instantan\u00e9e.<\/li>\n<\/ul>\n","protected":false},"featured_media":624549,"template":"","meta":[],"product_cat":[12550,2698,2777],"product_tag":[],"class_list":{"0":"post-98922","1":"product","2":"type-product","3":"status-publish","4":"has-post-thumbnail","6":"product_cat-accessoires-du-chien","7":"product_cat-chien","8":"product_cat-colliers-laisses-et-harnais-pour-chien","9":"pa_marque-company-of-animals","11":"first","12":"instock","13":"taxable","14":"shipping-taxable","15":"purchasable","16":"product-type-variable"},"yoast_head":"<!-- This site is optimized with the Yoast SEO plugin v27.3 - https:\/\/yoast.com\/product\/yoast-seo-wordpress\/ -->\n<title>Laisse Halti All in One Company of Animals - V\u00e9torino<\/title>\n<meta name=\"description\" content=\"La laisse All-In-One HALTI offre une grande polyvalence et un grand confort pour les propri\u00e9taires de chiens. Con\u00e7u avec une poign\u00e9e en n\u00e9opr\u00e8ne pour le confort, cette laisse multifonctions peut \u00e9galement servir de sangle d&#039;attache, id\u00e9al pour la course ou le contr\u00f4le mains-libres.   Amortisseur \u00e9lastique super-fort, prot\u00e9geant le chien et le propri\u00e9taire contre les secousses soudaines.  Bande Scotchlite\u2122 3M r\u00e9fl\u00e9chissante pour une meilleure visibilit\u00e9.  Fonction de s\u00e9curit\u00e9 d&#039;amortisseur.  Poign\u00e9e de contr\u00f4le \u00e9troite pour une retenue instantan\u00e9e.\" \/>\n<meta name=\"robots\" content=\"noindex, nofollow\" \/>\n<meta property=\"og:locale\" content=\"fr_FR\" \/>\n<meta property=\"og:type\" content=\"article\" \/>\n<meta property=\"og:title\" content=\"Laisse Halti All in One Company of Animals - V\u00e9torino\" \/>\n<meta property=\"og:description\" content=\"La laisse All-In-One HALTI offre une grande polyvalence et un grand confort pour les propri\u00e9taires de chiens. Con\u00e7u avec une poign\u00e9e en n\u00e9opr\u00e8ne pour le confort, cette laisse multifonctions peut \u00e9galement servir de sangle d&#039;attache, id\u00e9al pour la course ou le contr\u00f4le mains-libres.   Amortisseur \u00e9lastique super-fort, prot\u00e9geant le chien et le propri\u00e9taire contre les secousses soudaines.  Bande Scotchlite\u2122 3M r\u00e9fl\u00e9chissante pour une meilleure visibilit\u00e9.  Fonction de s\u00e9curit\u00e9 d&#039;amortisseur.  Poign\u00e9e de contr\u00f4le \u00e9troite pour une retenue instantan\u00e9e.\" \/>\n<meta property=\"og:url\" content=\"https:\/\/www.vetorino.com\/veterinaire\/villeneuvetolosane-31270\/boutique\/product\/laisse-halti-all-in-one\/\" \/>\n<meta property=\"og:site_name\" content=\"V\u00e9torino\" \/>\n<meta property=\"article:publisher\" content=\"https:\/\/www.facebook.com\/Vetorino\/\" \/>\n<meta property=\"article:modified_time\" content=\"2025-11-27T07:42:31+00:00\" \/>\n<meta property=\"og:image\" content=\"https:\/\/www.vetorino.com\/boutique\/wp-content\/uploads\/2020\/06\/171134555_max.jpg\" \/>\n\t<meta property=\"og:image:width\" content=\"500\" \/>\n\t<meta property=\"og:image:height\" content=\"500\" \/>\n\t<meta property=\"og:image:type\" content=\"image\/jpeg\" \/>\n<meta name=\"twitter:card\" content=\"summary_large_image\" \/>\n<meta name=\"twitter:label1\" content=\"Disponibilit\u00e9\" \/>\n\t<meta name=\"twitter:data1\" content=\"En stock\" \/>\n<script type=\"application\/ld+json\" class=\"yoast-schema-graph\">{\"@context\":\"https:\\\/\\\/schema.org\",\"@graph\":[{\"@type\":\"WebPage\",\"@id\":\"https:\\\/\\\/www.vetorino.com\\\/boutique\\\/product\\\/laisse-halti-all-in-one\\\/\",\"url\":\"https:\\\/\\\/www.vetorino.com\\\/boutique\\\/product\\\/laisse-halti-all-in-one\\\/\",\"name\":\"Laisse Halti All in One Company of Animals - V\u00e9torino\",\"isPartOf\":{\"@id\":\"https:\\\/\\\/www.vetorino.com\\\/boutique\\\/#website\"},\"primaryImageOfPage\":{\"@id\":\"https:\\\/\\\/www.vetorino.com\\\/boutique\\\/product\\\/laisse-halti-all-in-one\\\/#primaryimage\"},\"image\":{\"@id\":\"https:\\\/\\\/www.vetorino.com\\\/boutique\\\/product\\\/laisse-halti-all-in-one\\\/#primaryimage\"},\"thumbnailUrl\":\"https:\\\/\\\/www.vetorino.com\\\/boutique\\\/wp-content\\\/uploads\\\/2020\\\/06\\\/171134555_max.jpg\",\"datePublished\":\"2020-06-29T23:23:44+00:00\",\"dateModified\":\"2025-11-27T07:42:31+00:00\",\"description\":\"La laisse All-In-One HALTI offre une grande polyvalence et un grand confort pour les propri\u00e9taires de chiens. Con\u00e7u avec une poign\u00e9e en n\u00e9opr\u00e8ne pour le confort, cette laisse multifonctions peut \u00e9galement servir de sangle d'attache, id\u00e9al pour la course ou le contr\u00f4le mains-libres. Amortisseur \u00e9lastique super-fort, prot\u00e9geant le chien et le propri\u00e9taire contre les secousses soudaines. Bande Scotchlite\u2122 3M r\u00e9fl\u00e9chissante pour une meilleure visibilit\u00e9. Fonction de s\u00e9curit\u00e9 d'amortisseur. Poign\u00e9e de contr\u00f4le \u00e9troite pour une retenue instantan\u00e9e.\",\"breadcrumb\":{\"@id\":\"https:\\\/\\\/www.vetorino.com\\\/boutique\\\/product\\\/laisse-halti-all-in-one\\\/#breadcrumb\"},\"inLanguage\":\"fr-FR\",\"potentialAction\":[{\"@type\":\"ReadAction\",\"target\":[\"https:\\\/\\\/www.vetorino.com\\\/boutique\\\/product\\\/laisse-halti-all-in-one\\\/\"]}]},{\"@type\":\"ImageObject\",\"inLanguage\":\"fr-FR\",\"@id\":\"https:\\\/\\\/www.vetorino.com\\\/boutique\\\/product\\\/laisse-halti-all-in-one\\\/#primaryimage\",\"url\":\"https:\\\/\\\/www.vetorino.com\\\/boutique\\\/wp-content\\\/uploads\\\/2020\\\/06\\\/171134555_max.jpg\",\"contentUrl\":\"https:\\\/\\\/www.vetorino.com\\\/boutique\\\/wp-content\\\/uploads\\\/2020\\\/06\\\/171134555_max.jpg\",\"width\":500,\"height\":500},{\"@type\":\"BreadcrumbList\",\"@id\":\"https:\\\/\\\/www.vetorino.com\\\/boutique\\\/product\\\/laisse-halti-all-in-one\\\/#breadcrumb\",\"itemListElement\":[{\"@type\":\"ListItem\",\"position\":1,\"name\":\"Accueil\",\"item\":\"https:\\\/\\\/www.vetorino.com\\\/boutique\\\/\"},{\"@type\":\"ListItem\",\"position\":2,\"name\":\"Produits\",\"item\":\"https:\\\/\\\/www.vetorino.com\\\/boutique\\\/\"},{\"@type\":\"ListItem\",\"position\":3,\"name\":\"Laisse Halti All in One\"}]},{\"@type\":\"WebSite\",\"@id\":\"https:\\\/\\\/www.vetorino.com\\\/boutique\\\/#website\",\"url\":\"https:\\\/\\\/www.vetorino.com\\\/boutique\\\/\",\"name\":\"V\u00e9torino\",\"description\":\"\",\"publisher\":{\"@id\":\"https:\\\/\\\/www.vetorino.com\\\/boutique\\\/#organization\"},\"potentialAction\":[{\"@type\":\"SearchAction\",\"target\":{\"@type\":\"EntryPoint\",\"urlTemplate\":\"https:\\\/\\\/www.vetorino.com\\\/boutique\\\/?s={search_term_string}\"},\"query-input\":{\"@type\":\"PropertyValueSpecification\",\"valueRequired\":true,\"valueName\":\"search_term_string\"}}],\"inLanguage\":\"fr-FR\"},{\"@type\":\"Organization\",\"@id\":\"https:\\\/\\\/www.vetorino.com\\\/boutique\\\/#organization\",\"name\":\"V\u00e9torino\",\"url\":\"https:\\\/\\\/www.vetorino.com\\\/boutique\\\/\",\"logo\":{\"@type\":\"ImageObject\",\"inLanguage\":\"fr-FR\",\"@id\":\"https:\\\/\\\/www.vetorino.com\\\/boutique\\\/#\\\/schema\\\/logo\\\/image\\\/\",\"url\":\"https:\\\/\\\/www.vetorino.com\\\/boutique\\\/wp-content\\\/uploads\\\/2024\\\/10\\\/logo.jpg\",\"contentUrl\":\"https:\\\/\\\/www.vetorino.com\\\/boutique\\\/wp-content\\\/uploads\\\/2024\\\/10\\\/logo.jpg\",\"width\":1200,\"height\":610,\"caption\":\"V\u00e9torino\"},\"image\":{\"@id\":\"https:\\\/\\\/www.vetorino.com\\\/boutique\\\/#\\\/schema\\\/logo\\\/image\\\/\"},\"sameAs\":[\"https:\\\/\\\/www.facebook.com\\\/Vetorino\\\/\",\"https:\\\/\\\/www.instagram.com\\\/vetorino_off\\\/\",\"https:\\\/\\\/www.linkedin.com\\\/company\\\/vtorino\\\/\"]}]}<\/script>\n<meta property=\"product:brand\" content=\"Company of Animals\" \/>\n<meta property=\"og:availability\" content=\"instock\" \/>\n<meta property=\"product:availability\" content=\"instock\" \/>\n<meta property=\"product:condition\" content=\"new\" \/>\n<!-- \/ Yoast SEO plugin. -->","yoast_head_json":{"title":"Laisse Halti All in One Company of Animals - V\u00e9torino","description":"La laisse All-In-One HALTI offre une grande polyvalence et un grand confort pour les propri\u00e9taires de chiens. Con\u00e7u avec une poign\u00e9e en n\u00e9opr\u00e8ne pour le confort, cette laisse multifonctions peut \u00e9galement servir de sangle d'attache, id\u00e9al pour la course ou le contr\u00f4le mains-libres.   Amortisseur \u00e9lastique super-fort, prot\u00e9geant le chien et le propri\u00e9taire contre les secousses soudaines.  Bande Scotchlite\u2122 3M r\u00e9fl\u00e9chissante pour une meilleure visibilit\u00e9.  Fonction de s\u00e9curit\u00e9 d'amortisseur.  Poign\u00e9e de contr\u00f4le \u00e9troite pour une retenue instantan\u00e9e.","robots":{"index":"noindex","follow":"nofollow"},"og_locale":"fr_FR","og_type":"article","og_title":"Laisse Halti All in One Company of Animals - V\u00e9torino","og_description":"La laisse All-In-One HALTI offre une grande polyvalence et un grand confort pour les propri\u00e9taires de chiens. Con\u00e7u avec une poign\u00e9e en n\u00e9opr\u00e8ne pour le confort, cette laisse multifonctions peut \u00e9galement servir de sangle d'attache, id\u00e9al pour la course ou le contr\u00f4le mains-libres.   Amortisseur \u00e9lastique super-fort, prot\u00e9geant le chien et le propri\u00e9taire contre les secousses soudaines.  Bande Scotchlite\u2122 3M r\u00e9fl\u00e9chissante pour une meilleure visibilit\u00e9.  Fonction de s\u00e9curit\u00e9 d'amortisseur.  Poign\u00e9e de contr\u00f4le \u00e9troite pour une retenue instantan\u00e9e.","og_url":"https:\/\/www.vetorino.com\/veterinaire\/villeneuvetolosane-31270\/boutique\/product\/laisse-halti-all-in-one\/","og_site_name":"V\u00e9torino","article_publisher":"https:\/\/www.facebook.com\/Vetorino\/","article_modified_time":"2025-11-27T07:42:31+00:00","og_image":[{"width":500,"height":500,"url":"https:\/\/www.vetorino.com\/boutique\/wp-content\/uploads\/2020\/06\/171134555_max.jpg","type":"image\/jpeg"}],"twitter_card":"summary_large_image","twitter_misc":{"Disponibilit\u00e9":"En stock"},"schema":{"@context":"https:\/\/schema.org","@graph":[{"@type":"WebPage","@id":"https:\/\/www.vetorino.com\/boutique\/product\/laisse-halti-all-in-one\/","url":"https:\/\/www.vetorino.com\/boutique\/product\/laisse-halti-all-in-one\/","name":"Laisse Halti All in One Company of Animals - V\u00e9torino","isPartOf":{"@id":"https:\/\/www.vetorino.com\/boutique\/#website"},"primaryImageOfPage":{"@id":"https:\/\/www.vetorino.com\/boutique\/product\/laisse-halti-all-in-one\/#primaryimage"},"image":{"@id":"https:\/\/www.vetorino.com\/boutique\/product\/laisse-halti-all-in-one\/#primaryimage"},"thumbnailUrl":"https:\/\/www.vetorino.com\/boutique\/wp-content\/uploads\/2020\/06\/171134555_max.jpg","datePublished":"2020-06-29T23:23:44+00:00","dateModified":"2025-11-27T07:42:31+00:00","description":"La laisse All-In-One HALTI offre une grande polyvalence et un grand confort pour les propri\u00e9taires de chiens. Con\u00e7u avec une poign\u00e9e en n\u00e9opr\u00e8ne pour le confort, cette laisse multifonctions peut \u00e9galement servir de sangle d'attache, id\u00e9al pour la course ou le contr\u00f4le mains-libres. Amortisseur \u00e9lastique super-fort, prot\u00e9geant le chien et le propri\u00e9taire contre les secousses soudaines. Bande Scotchlite\u2122 3M r\u00e9fl\u00e9chissante pour une meilleure visibilit\u00e9. Fonction de s\u00e9curit\u00e9 d'amortisseur. Poign\u00e9e de contr\u00f4le \u00e9troite pour une retenue instantan\u00e9e.","breadcrumb":{"@id":"https:\/\/www.vetorino.com\/boutique\/product\/laisse-halti-all-in-one\/#breadcrumb"},"inLanguage":"fr-FR","potentialAction":[{"@type":"ReadAction","target":["https:\/\/www.vetorino.com\/boutique\/product\/laisse-halti-all-in-one\/"]}]},{"@type":"ImageObject","inLanguage":"fr-FR","@id":"https:\/\/www.vetorino.com\/boutique\/product\/laisse-halti-all-in-one\/#primaryimage","url":"https:\/\/www.vetorino.com\/boutique\/wp-content\/uploads\/2020\/06\/171134555_max.jpg","contentUrl":"https:\/\/www.vetorino.com\/boutique\/wp-content\/uploads\/2020\/06\/171134555_max.jpg","width":500,"height":500},{"@type":"BreadcrumbList","@id":"https:\/\/www.vetorino.com\/boutique\/product\/laisse-halti-all-in-one\/#breadcrumb","itemListElement":[{"@type":"ListItem","position":1,"name":"Accueil","item":"https:\/\/www.vetorino.com\/boutique\/"},{"@type":"ListItem","position":2,"name":"Produits","item":"https:\/\/www.vetorino.com\/boutique\/"},{"@type":"ListItem","position":3,"name":"Laisse Halti All in One"}]},{"@type":"WebSite","@id":"https:\/\/www.vetorino.com\/boutique\/#website","url":"https:\/\/www.vetorino.com\/boutique\/","name":"V\u00e9torino","description":"","publisher":{"@id":"https:\/\/www.vetorino.com\/boutique\/#organization"},"potentialAction":[{"@type":"SearchAction","target":{"@type":"EntryPoint","urlTemplate":"https:\/\/www.vetorino.com\/boutique\/?s={search_term_string}"},"query-input":{"@type":"PropertyValueSpecification","valueRequired":true,"valueName":"search_term_string"}}],"inLanguage":"fr-FR"},{"@type":"Organization","@id":"https:\/\/www.vetorino.com\/boutique\/#organization","name":"V\u00e9torino","url":"https:\/\/www.vetorino.com\/boutique\/","logo":{"@type":"ImageObject","inLanguage":"fr-FR","@id":"https:\/\/www.vetorino.com\/boutique\/#\/schema\/logo\/image\/","url":"https:\/\/www.vetorino.com\/boutique\/wp-content\/uploads\/2024\/10\/logo.jpg","contentUrl":"https:\/\/www.vetorino.com\/boutique\/wp-content\/uploads\/2024\/10\/logo.jpg","width":1200,"height":610,"caption":"V\u00e9torino"},"image":{"@id":"https:\/\/www.vetorino.com\/boutique\/#\/schema\/logo\/image\/"},"sameAs":["https:\/\/www.facebook.com\/Vetorino\/","https:\/\/www.instagram.com\/vetorino_off\/","https:\/\/www.linkedin.com\/company\/vtorino\/"]}]},"product_brand":"Company of Animals","og_availability":"instock","product_availability":"instock","product_condition":"new"},"_links":{"self":[{"href":"https:\/\/www.vetorino.com\/veterinaire\/villeneuvetolosane-31270\/boutique\/wp-json\/wp\/v2\/product\/98922","targetHints":{"allow":["GET"]}}],"collection":[{"href":"https:\/\/www.vetorino.com\/veterinaire\/villeneuvetolosane-31270\/boutique\/wp-json\/wp\/v2\/product"}],"about":[{"href":"https:\/\/www.vetorino.com\/veterinaire\/villeneuvetolosane-31270\/boutique\/wp-json\/wp\/v2\/types\/product"}],"wp:featuredmedia":[{"embeddable":true,"href":"https:\/\/www.vetorino.com\/veterinaire\/villeneuvetolosane-31270\/boutique\/wp-json\/wp\/v2\/media\/624549"}],"wp:attachment":[{"href":"https:\/\/www.vetorino.com\/veterinaire\/villeneuvetolosane-31270\/boutique\/wp-json\/wp\/v2\/media?parent=98922"}],"wp:term":[{"taxonomy":"product_cat","embeddable":true,"href":"https:\/\/www.vetorino.com\/veterinaire\/villeneuvetolosane-31270\/boutique\/wp-json\/wp\/v2\/product_cat?post=98922"},{"taxonomy":"product_tag","embeddable":true,"href":"https:\/\/www.vetorino.com\/veterinaire\/villeneuvetolosane-31270\/boutique\/wp-json\/wp\/v2\/product_tag?post=98922"}],"curies":[{"name":"wp","href":"https:\/\/api.w.org\/{rel}","templated":true}]}}