{"id":99252,"date":"2020-06-30T01:28:55","date_gmt":"2020-06-29T23:28:55","guid":{"rendered":"https:\/\/www.vetorino.com\/boutique\/product\/lingettes-biodegradables-essentiel-aloe-vera\/"},"modified":"2026-04-03T07:57:28","modified_gmt":"2026-04-03T05:57:28","slug":"lingettes-biodegradables-essentiel-aloe-vera","status":"publish","type":"product","link":"https:\/\/www.vetorino.com\/veterinaire\/villeneuvetolosane-31270\/boutique\/product\/lingettes-biodegradables-essentiel-aloe-vera\/","title":{"rendered":"Lingettes Biod\u00e9gradables Essentiel Aloe Vera"},"content":{"rendered":"<p><strong>Ultra moelleuses, compos\u00e9es \u00e0 100% de fibres d\u2019origine naturelle, sans paraben ni alcool, elles permettent de nettoyer tout en douceur votre compagnon, de la t\u00eate aux pattes.<\/strong><\/p>\n<p>Enti\u00e8rement\u00a0biod\u00e9gradables, elles peuvent \u00eatre jet\u00e9es dans les toilettes sans risque pour la nature ou pour vos\u00a0canalisations (hors toilettes avec broyeur).<\/p>\n<p><strong>Utilisation :<\/strong><\/p>\n<ul>\n<li>Produit \u00e0 usage externe, r\u00e9serv\u00e9 aux animaux familiers.<\/li>\n<\/ul>\n<p><strong>Pr\u00e9cautions d&#8217;emploi :<\/strong><\/p>\n<ul>\n<li>\u00c9viter le contact direct avec les yeux et les muqueuses. En cas de contact, rincer abondamment \u00e0 l\u2019eau clair.<\/li>\n<li>Ne jamais essayer de nettoyer\u00a0l\u2019int\u00e9rieur du conduit auditif.<\/li>\n<\/ul>\n<p><strong>Avantages :<\/strong><\/p>\n<ul>\n<li>Enti\u00e8rement\u00a0biod\u00e9gradables.<\/li>\n<li>Tr\u00e8s douces et 100% naturelles, elles peuvent \u00eatre jet\u00e9es dans les toilettes sans aucun risque.<\/li>\n<\/ul>\n","protected":false},"excerpt":{"rendered":"<p><strong>Ultra moelleuses, compos\u00e9es \u00e0 100% de fibres d\u2019origine naturelle, sans paraben ni alcool, elles permettent de nettoyer tout en douceur votre compagnon, de la t\u00eate aux pattes.<\/strong><\/p>\n<p>Enti\u00e8rement\u00a0biod\u00e9gradables, elles peuvent \u00eatre jet\u00e9es dans les toilettes sans risque pour la nature ou pour vos\u00a0canalisations (hors toilettes avec broyeur).<\/p>\n","protected":false},"featured_media":911862,"template":"","meta":[],"product_cat":[2697,2698,2744,12611,12612,12560,12561,12617,12618],"product_tag":[],"class_list":{"0":"post-99252","1":"product","2":"type-product","3":"status-publish","4":"has-post-thumbnail","6":"product_cat-chat","7":"product_cat-chien","8":"product_cat-furet","9":"product_cat-hygiene-de-la-peau-et-du-pelage-du-chat","10":"product_cat-hygiene-de-la-peau-et-du-pelage-du-chien","11":"product_cat-hygiene-du-chat","12":"product_cat-hygiene-du-chien","13":"product_cat-hygiene-du-furet","14":"product_cat-hygiene-du-lapin","15":"pa_marque-isovia","17":"first","18":"outofstock","19":"taxable","20":"shipping-taxable","21":"purchasable","22":"product-type-simple"},"yoast_head":"<!-- This site is optimized with the Yoast SEO plugin v27.3 - https:\/\/yoast.com\/product\/yoast-seo-wordpress\/ -->\n<title>Lingettes Biod\u00e9gradables Essentiel Aloe Vera Isov\u00eda - V\u00e9torino<\/title>\n<meta name=\"description\" content=\"Ultra moelleuses, compos\u00e9es \u00e0 100% de fibres d\u2019origine naturelle, sans paraben ni alcool, elles permettent de nettoyer tout en douceur votre compagnon, de la t\u00eate aux pattes.  Enti\u00e8rement\u00a0biod\u00e9gradables, elles peuvent \u00eatre jet\u00e9es dans les toilettes sans risque pour la nature ou pour vos\u00a0canalisations (hors toilettes avec broyeur).\" \/>\n<meta name=\"robots\" content=\"noindex, nofollow\" \/>\n<meta property=\"og:locale\" content=\"fr_FR\" \/>\n<meta property=\"og:type\" content=\"article\" \/>\n<meta property=\"og:title\" content=\"Lingettes Biod\u00e9gradables Essentiel Aloe Vera Isov\u00eda - V\u00e9torino\" \/>\n<meta property=\"og:description\" content=\"Ultra moelleuses, compos\u00e9es \u00e0 100% de fibres d\u2019origine naturelle, sans paraben ni alcool, elles permettent de nettoyer tout en douceur votre compagnon, de la t\u00eate aux pattes.  Enti\u00e8rement\u00a0biod\u00e9gradables, elles peuvent \u00eatre jet\u00e9es dans les toilettes sans risque pour la nature ou pour vos\u00a0canalisations (hors toilettes avec broyeur).\" \/>\n<meta property=\"og:url\" content=\"https:\/\/www.vetorino.com\/veterinaire\/villeneuvetolosane-31270\/boutique\/product\/lingettes-biodegradables-essentiel-aloe-vera\/\" \/>\n<meta property=\"og:site_name\" content=\"V\u00e9torino\" \/>\n<meta property=\"article:publisher\" content=\"https:\/\/www.facebook.com\/Vetorino\/\" \/>\n<meta property=\"article:modified_time\" content=\"2026-04-03T05:57:28+00:00\" \/>\n<meta property=\"og:image\" content=\"https:\/\/www.vetorino.com\/boutique\/wp-content\/uploads\/2020\/06\/lingettes-biodegradables-essentiel-aloe-vera.webp\" \/>\n\t<meta property=\"og:image:width\" content=\"458\" \/>\n\t<meta property=\"og:image:height\" content=\"458\" \/>\n\t<meta property=\"og:image:type\" content=\"image\/webp\" \/>\n<meta name=\"twitter:card\" content=\"summary_large_image\" \/>\n<meta name=\"twitter:label1\" content=\"Prix\" \/>\n\t<meta name=\"twitter:data1\" content=\"5,31&euro;\" \/>\n\t<meta name=\"twitter:label2\" content=\"Disponibilit\u00e9\" \/>\n\t<meta name=\"twitter:data2\" content=\"Rupture de stock\" \/>\n<script type=\"application\/ld+json\" class=\"yoast-schema-graph\">{\"@context\":\"https:\\\/\\\/schema.org\",\"@graph\":[{\"@type\":\"WebPage\",\"@id\":\"https:\\\/\\\/www.vetorino.com\\\/veterinaire\\\/evry-91000\\\/boutique\\\/product\\\/lingettes-biodegradables-essentiel-aloe-vera\\\/\",\"url\":\"https:\\\/\\\/www.vetorino.com\\\/veterinaire\\\/evry-91000\\\/boutique\\\/product\\\/lingettes-biodegradables-essentiel-aloe-vera\\\/\",\"name\":\"Lingettes Biod\u00e9gradables Essentiel Aloe Vera Isov\u00eda - V\u00e9torino\",\"isPartOf\":{\"@id\":\"https:\\\/\\\/www.vetorino.com\\\/boutique\\\/#website\"},\"primaryImageOfPage\":{\"@id\":\"https:\\\/\\\/www.vetorino.com\\\/veterinaire\\\/evry-91000\\\/boutique\\\/product\\\/lingettes-biodegradables-essentiel-aloe-vera\\\/#primaryimage\"},\"image\":{\"@id\":\"https:\\\/\\\/www.vetorino.com\\\/veterinaire\\\/evry-91000\\\/boutique\\\/product\\\/lingettes-biodegradables-essentiel-aloe-vera\\\/#primaryimage\"},\"thumbnailUrl\":\"https:\\\/\\\/www.vetorino.com\\\/boutique\\\/wp-content\\\/uploads\\\/2020\\\/06\\\/lingettes-biodegradables-essentiel-aloe-vera.webp\",\"datePublished\":\"2020-06-29T23:28:55+00:00\",\"dateModified\":\"2026-04-03T05:57:28+00:00\",\"description\":\"Ultra moelleuses, compos\u00e9es \u00e0 100% de fibres d\u2019origine naturelle, sans paraben ni alcool, elles permettent de nettoyer tout en douceur votre compagnon, de la t\u00eate aux pattes. Enti\u00e8rement\u00a0biod\u00e9gradables, elles peuvent \u00eatre jet\u00e9es dans les toilettes sans risque pour la nature ou pour vos\u00a0canalisations (hors toilettes avec broyeur).\",\"breadcrumb\":{\"@id\":\"https:\\\/\\\/www.vetorino.com\\\/veterinaire\\\/evry-91000\\\/boutique\\\/product\\\/lingettes-biodegradables-essentiel-aloe-vera\\\/#breadcrumb\"},\"inLanguage\":\"fr-FR\",\"potentialAction\":[{\"@type\":\"ReadAction\",\"target\":[\"https:\\\/\\\/www.vetorino.com\\\/veterinaire\\\/evry-91000\\\/boutique\\\/product\\\/lingettes-biodegradables-essentiel-aloe-vera\\\/\"]}]},{\"@type\":\"ImageObject\",\"inLanguage\":\"fr-FR\",\"@id\":\"https:\\\/\\\/www.vetorino.com\\\/veterinaire\\\/evry-91000\\\/boutique\\\/product\\\/lingettes-biodegradables-essentiel-aloe-vera\\\/#primaryimage\",\"url\":\"https:\\\/\\\/www.vetorino.com\\\/boutique\\\/wp-content\\\/uploads\\\/2020\\\/06\\\/lingettes-biodegradables-essentiel-aloe-vera.webp\",\"contentUrl\":\"https:\\\/\\\/www.vetorino.com\\\/boutique\\\/wp-content\\\/uploads\\\/2020\\\/06\\\/lingettes-biodegradables-essentiel-aloe-vera.webp\",\"width\":458,\"height\":458},{\"@type\":\"BreadcrumbList\",\"@id\":\"https:\\\/\\\/www.vetorino.com\\\/veterinaire\\\/evry-91000\\\/boutique\\\/product\\\/lingettes-biodegradables-essentiel-aloe-vera\\\/#breadcrumb\",\"itemListElement\":[{\"@type\":\"ListItem\",\"position\":1,\"name\":\"Accueil\",\"item\":\"https:\\\/\\\/www.vetorino.com\\\/boutique\\\/\"},{\"@type\":\"ListItem\",\"position\":2,\"name\":\"Produits\",\"item\":\"https:\\\/\\\/www.vetorino.com\\\/boutique\\\/\"},{\"@type\":\"ListItem\",\"position\":3,\"name\":\"Lingettes Biod\u00e9gradables Essentiel Aloe Vera\"}]},{\"@type\":\"WebSite\",\"@id\":\"https:\\\/\\\/www.vetorino.com\\\/boutique\\\/#website\",\"url\":\"https:\\\/\\\/www.vetorino.com\\\/boutique\\\/\",\"name\":\"V\u00e9torino\",\"description\":\"\",\"publisher\":{\"@id\":\"https:\\\/\\\/www.vetorino.com\\\/boutique\\\/#organization\"},\"potentialAction\":[{\"@type\":\"SearchAction\",\"target\":{\"@type\":\"EntryPoint\",\"urlTemplate\":\"https:\\\/\\\/www.vetorino.com\\\/boutique\\\/?s={search_term_string}\"},\"query-input\":{\"@type\":\"PropertyValueSpecification\",\"valueRequired\":true,\"valueName\":\"search_term_string\"}}],\"inLanguage\":\"fr-FR\"},{\"@type\":\"Organization\",\"@id\":\"https:\\\/\\\/www.vetorino.com\\\/boutique\\\/#organization\",\"name\":\"V\u00e9torino\",\"url\":\"https:\\\/\\\/www.vetorino.com\\\/boutique\\\/\",\"logo\":{\"@type\":\"ImageObject\",\"inLanguage\":\"fr-FR\",\"@id\":\"https:\\\/\\\/www.vetorino.com\\\/boutique\\\/#\\\/schema\\\/logo\\\/image\\\/\",\"url\":\"https:\\\/\\\/www.vetorino.com\\\/boutique\\\/wp-content\\\/uploads\\\/2024\\\/10\\\/logo.jpg\",\"contentUrl\":\"https:\\\/\\\/www.vetorino.com\\\/boutique\\\/wp-content\\\/uploads\\\/2024\\\/10\\\/logo.jpg\",\"width\":1200,\"height\":610,\"caption\":\"V\u00e9torino\"},\"image\":{\"@id\":\"https:\\\/\\\/www.vetorino.com\\\/boutique\\\/#\\\/schema\\\/logo\\\/image\\\/\"},\"sameAs\":[\"https:\\\/\\\/www.facebook.com\\\/Vetorino\\\/\",\"https:\\\/\\\/www.instagram.com\\\/vetorino_off\\\/\",\"https:\\\/\\\/www.linkedin.com\\\/company\\\/vtorino\\\/\"]}]}<\/script>\n<meta property=\"product:brand\" content=\"Isov\u00eda\" \/>\n<meta property=\"product:price:amount\" content=\"5.31\" \/>\n<meta property=\"product:price:currency\" content=\"EUR\" \/>\n<meta property=\"og:availability\" content=\"out of stock\" \/>\n<meta property=\"product:availability\" content=\"out of stock\" \/>\n<meta property=\"product:retailer_item_id\" content=\"C-LIN003\" \/>\n<meta property=\"product:condition\" content=\"new\" \/>\n<!-- \/ Yoast SEO plugin. -->","yoast_head_json":{"title":"Lingettes Biod\u00e9gradables Essentiel Aloe Vera Isov\u00eda - V\u00e9torino","description":"Ultra moelleuses, compos\u00e9es \u00e0 100% de fibres d\u2019origine naturelle, sans paraben ni alcool, elles permettent de nettoyer tout en douceur votre compagnon, de la t\u00eate aux pattes.  Enti\u00e8rement\u00a0biod\u00e9gradables, elles peuvent \u00eatre jet\u00e9es dans les toilettes sans risque pour la nature ou pour vos\u00a0canalisations (hors toilettes avec broyeur).","robots":{"index":"noindex","follow":"nofollow"},"og_locale":"fr_FR","og_type":"article","og_title":"Lingettes Biod\u00e9gradables Essentiel Aloe Vera Isov\u00eda - V\u00e9torino","og_description":"Ultra moelleuses, compos\u00e9es \u00e0 100% de fibres d\u2019origine naturelle, sans paraben ni alcool, elles permettent de nettoyer tout en douceur votre compagnon, de la t\u00eate aux pattes.  Enti\u00e8rement\u00a0biod\u00e9gradables, elles peuvent \u00eatre jet\u00e9es dans les toilettes sans risque pour la nature ou pour vos\u00a0canalisations (hors toilettes avec broyeur).","og_url":"https:\/\/www.vetorino.com\/veterinaire\/villeneuvetolosane-31270\/boutique\/product\/lingettes-biodegradables-essentiel-aloe-vera\/","og_site_name":"V\u00e9torino","article_publisher":"https:\/\/www.facebook.com\/Vetorino\/","article_modified_time":"2026-04-03T05:57:28+00:00","og_image":[{"width":458,"height":458,"url":"https:\/\/www.vetorino.com\/boutique\/wp-content\/uploads\/2020\/06\/lingettes-biodegradables-essentiel-aloe-vera.webp","type":"image\/webp"}],"twitter_card":"summary_large_image","twitter_misc":{"Prix":"5,31&euro;","Disponibilit\u00e9":"Rupture de stock"},"schema":{"@context":"https:\/\/schema.org","@graph":[{"@type":"WebPage","@id":"https:\/\/www.vetorino.com\/veterinaire\/evry-91000\/boutique\/product\/lingettes-biodegradables-essentiel-aloe-vera\/","url":"https:\/\/www.vetorino.com\/veterinaire\/evry-91000\/boutique\/product\/lingettes-biodegradables-essentiel-aloe-vera\/","name":"Lingettes Biod\u00e9gradables Essentiel Aloe Vera Isov\u00eda - V\u00e9torino","isPartOf":{"@id":"https:\/\/www.vetorino.com\/boutique\/#website"},"primaryImageOfPage":{"@id":"https:\/\/www.vetorino.com\/veterinaire\/evry-91000\/boutique\/product\/lingettes-biodegradables-essentiel-aloe-vera\/#primaryimage"},"image":{"@id":"https:\/\/www.vetorino.com\/veterinaire\/evry-91000\/boutique\/product\/lingettes-biodegradables-essentiel-aloe-vera\/#primaryimage"},"thumbnailUrl":"https:\/\/www.vetorino.com\/boutique\/wp-content\/uploads\/2020\/06\/lingettes-biodegradables-essentiel-aloe-vera.webp","datePublished":"2020-06-29T23:28:55+00:00","dateModified":"2026-04-03T05:57:28+00:00","description":"Ultra moelleuses, compos\u00e9es \u00e0 100% de fibres d\u2019origine naturelle, sans paraben ni alcool, elles permettent de nettoyer tout en douceur votre compagnon, de la t\u00eate aux pattes. Enti\u00e8rement\u00a0biod\u00e9gradables, elles peuvent \u00eatre jet\u00e9es dans les toilettes sans risque pour la nature ou pour vos\u00a0canalisations (hors toilettes avec broyeur).","breadcrumb":{"@id":"https:\/\/www.vetorino.com\/veterinaire\/evry-91000\/boutique\/product\/lingettes-biodegradables-essentiel-aloe-vera\/#breadcrumb"},"inLanguage":"fr-FR","potentialAction":[{"@type":"ReadAction","target":["https:\/\/www.vetorino.com\/veterinaire\/evry-91000\/boutique\/product\/lingettes-biodegradables-essentiel-aloe-vera\/"]}]},{"@type":"ImageObject","inLanguage":"fr-FR","@id":"https:\/\/www.vetorino.com\/veterinaire\/evry-91000\/boutique\/product\/lingettes-biodegradables-essentiel-aloe-vera\/#primaryimage","url":"https:\/\/www.vetorino.com\/boutique\/wp-content\/uploads\/2020\/06\/lingettes-biodegradables-essentiel-aloe-vera.webp","contentUrl":"https:\/\/www.vetorino.com\/boutique\/wp-content\/uploads\/2020\/06\/lingettes-biodegradables-essentiel-aloe-vera.webp","width":458,"height":458},{"@type":"BreadcrumbList","@id":"https:\/\/www.vetorino.com\/veterinaire\/evry-91000\/boutique\/product\/lingettes-biodegradables-essentiel-aloe-vera\/#breadcrumb","itemListElement":[{"@type":"ListItem","position":1,"name":"Accueil","item":"https:\/\/www.vetorino.com\/boutique\/"},{"@type":"ListItem","position":2,"name":"Produits","item":"https:\/\/www.vetorino.com\/boutique\/"},{"@type":"ListItem","position":3,"name":"Lingettes Biod\u00e9gradables Essentiel Aloe Vera"}]},{"@type":"WebSite","@id":"https:\/\/www.vetorino.com\/boutique\/#website","url":"https:\/\/www.vetorino.com\/boutique\/","name":"V\u00e9torino","description":"","publisher":{"@id":"https:\/\/www.vetorino.com\/boutique\/#organization"},"potentialAction":[{"@type":"SearchAction","target":{"@type":"EntryPoint","urlTemplate":"https:\/\/www.vetorino.com\/boutique\/?s={search_term_string}"},"query-input":{"@type":"PropertyValueSpecification","valueRequired":true,"valueName":"search_term_string"}}],"inLanguage":"fr-FR"},{"@type":"Organization","@id":"https:\/\/www.vetorino.com\/boutique\/#organization","name":"V\u00e9torino","url":"https:\/\/www.vetorino.com\/boutique\/","logo":{"@type":"ImageObject","inLanguage":"fr-FR","@id":"https:\/\/www.vetorino.com\/boutique\/#\/schema\/logo\/image\/","url":"https:\/\/www.vetorino.com\/boutique\/wp-content\/uploads\/2024\/10\/logo.jpg","contentUrl":"https:\/\/www.vetorino.com\/boutique\/wp-content\/uploads\/2024\/10\/logo.jpg","width":1200,"height":610,"caption":"V\u00e9torino"},"image":{"@id":"https:\/\/www.vetorino.com\/boutique\/#\/schema\/logo\/image\/"},"sameAs":["https:\/\/www.facebook.com\/Vetorino\/","https:\/\/www.instagram.com\/vetorino_off\/","https:\/\/www.linkedin.com\/company\/vtorino\/"]}]},"product_brand":"Isov\u00eda","product_price_amount":"5.31","product_price_currency":"EUR","og_availability":"out of stock","product_availability":"out of stock","product_retailer_item_id":"C-LIN003","product_condition":"new"},"_links":{"self":[{"href":"https:\/\/www.vetorino.com\/veterinaire\/villeneuvetolosane-31270\/boutique\/wp-json\/wp\/v2\/product\/99252","targetHints":{"allow":["GET"]}}],"collection":[{"href":"https:\/\/www.vetorino.com\/veterinaire\/villeneuvetolosane-31270\/boutique\/wp-json\/wp\/v2\/product"}],"about":[{"href":"https:\/\/www.vetorino.com\/veterinaire\/villeneuvetolosane-31270\/boutique\/wp-json\/wp\/v2\/types\/product"}],"wp:featuredmedia":[{"embeddable":true,"href":"https:\/\/www.vetorino.com\/veterinaire\/villeneuvetolosane-31270\/boutique\/wp-json\/wp\/v2\/media\/911862"}],"wp:attachment":[{"href":"https:\/\/www.vetorino.com\/veterinaire\/villeneuvetolosane-31270\/boutique\/wp-json\/wp\/v2\/media?parent=99252"}],"wp:term":[{"taxonomy":"product_cat","embeddable":true,"href":"https:\/\/www.vetorino.com\/veterinaire\/villeneuvetolosane-31270\/boutique\/wp-json\/wp\/v2\/product_cat?post=99252"},{"taxonomy":"product_tag","embeddable":true,"href":"https:\/\/www.vetorino.com\/veterinaire\/villeneuvetolosane-31270\/boutique\/wp-json\/wp\/v2\/product_tag?post=99252"}],"curies":[{"name":"wp","href":"https:\/\/api.w.org\/{rel}","templated":true}]}}