{"id":99318,"date":"2020-06-30T01:30:12","date_gmt":"2020-06-29T23:30:12","guid":{"rendered":"https:\/\/www.vetorino.com\/boutique\/product\/litiere-absorbante-perlinette-pour-chats-sensibles\/"},"modified":"2025-11-02T11:39:48","modified_gmt":"2025-11-02T10:39:48","slug":"litiere-absorbante-perlinette-pour-chats-sensibles","status":"publish","type":"product","link":"https:\/\/www.vetorino.com\/veterinaire\/villeneuvetolosane-31270\/boutique\/product\/litiere-absorbante-perlinette-pour-chats-sensibles\/","title":{"rendered":"Liti\u00e8re Cristaux &#8211; Chats Sensibles"},"content":{"rendered":"<p><strong><span id=\"ctl00_MasterBody_txtCaract\">Liti\u00e8re en silice qui se pr\u00e9sente sous forme de granules tr\u00e8s fins permettant une absorption maximale. Cette liti\u00e8re a \u00e9t\u00e9 sp\u00e9cialement con\u00e7ue pour le bien-\u00eatre et le confort des chats sensibles, de toutes races.<br \/>\n<\/span><\/strong><br \/>\nElle respecte tous les types de peaux, les sensibilit\u00e9s dermatologiques, les coussinets fragilis\u00e9s, les chats en convalescence&#8230;<\/p>\n<p>Avantages:<\/p>\n<ul>\n<li>Confortable et douce pour les coussinets, elle ne colle pas aux pattes et permet donc de garder le coin liti\u00e8re de votre chat propre.<\/li>\n<li>Tr\u00e8s absorbante: les liquides sont absorb\u00e9s en une fraction de seconde puis l&#8217;eau s&#8217;\u00e9vapore lentement laissant une liti\u00e8re s\u00e8che et sans odeur, et r\u00e9utilisable longtemps. Chaque cristal de silice \u00e0 un taux d&#8217;absorption de 150%.<\/li>\n<li>Respect de l&#8217;environnement, elle est biod\u00e9gradable \u00e0 100%.<\/li>\n<li>Inhibe les bact\u00e9ries : gr\u00e2ce \u00e0 son action absorbante, Perlinette liti\u00e8re pour Animaux reste toujours s\u00e8che. Priv\u00e9es d&#8217;eau, les bact\u00e9ries ne se multiplient plus. Vous avez une liti\u00e8re saine.<\/li>\n<li>Pratique, sa forme poudreuse de microgranules tr\u00e8s fins permet une utilisation facile de la pelle \u00e0 liti\u00e8re.<\/li>\n<\/ul>\n","protected":false},"excerpt":{"rendered":"<p><strong><span id=\"ctl00_MasterBody_txtCaract\">Liti\u00e8re en silice qui se pr\u00e9sente sous forme de granules tr\u00e8s fins permettant une absorption maximale. Cette liti\u00e8re a \u00e9t\u00e9 sp\u00e9cialement con\u00e7ue pour le bien-\u00eatre et le confort des chats sensibles, de toutes races.<\/span><\/strong><\/p>\n","protected":false},"featured_media":915182,"template":"","meta":[],"product_cat":[12548,2697,12595,12560,12628],"product_tag":[],"class_list":{"0":"post-99318","1":"product","2":"type-product","3":"status-publish","4":"has-post-thumbnail","6":"product_cat-accessoire-du-chat","7":"product_cat-chat","8":"product_cat-confort-du-chat","9":"product_cat-hygiene-du-chat","10":"product_cat-litieres-du-chat","11":"pa_marque-perlinette","13":"first","14":"instock","15":"taxable","16":"shipping-taxable","17":"purchasable","18":"product-type-simple"},"yoast_head":"<!-- This site is optimized with the Yoast SEO plugin v27.3 - https:\/\/yoast.com\/product\/yoast-seo-wordpress\/ -->\n<title>Liti\u00e8re Cristaux - Chats Sensibles Perlinette - V\u00e9torino<\/title>\n<meta name=\"description\" content=\"Liti\u00e8re en silice qui se pr\u00e9sente sous forme de granules tr\u00e8s fins permettant une absorption maximale. Cette liti\u00e8re a \u00e9t\u00e9 sp\u00e9cialement con\u00e7ue pour le bien-\u00eatre et le confort des chats sensibles, de toutes races.\" \/>\n<meta name=\"robots\" content=\"noindex, nofollow\" \/>\n<meta property=\"og:locale\" content=\"fr_FR\" \/>\n<meta property=\"og:type\" content=\"article\" \/>\n<meta property=\"og:title\" content=\"Liti\u00e8re Cristaux - Chats Sensibles Perlinette - V\u00e9torino\" \/>\n<meta property=\"og:description\" content=\"Liti\u00e8re en silice qui se pr\u00e9sente sous forme de granules tr\u00e8s fins permettant une absorption maximale. Cette liti\u00e8re a \u00e9t\u00e9 sp\u00e9cialement con\u00e7ue pour le bien-\u00eatre et le confort des chats sensibles, de toutes races.\" \/>\n<meta property=\"og:url\" content=\"https:\/\/www.vetorino.com\/veterinaire\/villeneuvetolosane-31270\/boutique\/product\/litiere-absorbante-perlinette-pour-chats-sensibles\/\" \/>\n<meta property=\"og:site_name\" content=\"V\u00e9torino\" \/>\n<meta property=\"article:publisher\" content=\"https:\/\/www.facebook.com\/Vetorino\/\" \/>\n<meta property=\"article:modified_time\" content=\"2025-11-02T10:39:48+00:00\" \/>\n<meta property=\"og:image\" content=\"https:\/\/www.vetorino.com\/boutique\/wp-content\/uploads\/2020\/06\/litiere-cristaux-chats-sensibles.webp\" \/>\n\t<meta property=\"og:image:width\" content=\"458\" \/>\n\t<meta property=\"og:image:height\" content=\"458\" \/>\n\t<meta property=\"og:image:type\" content=\"image\/webp\" \/>\n<meta name=\"twitter:card\" content=\"summary_large_image\" \/>\n<meta name=\"twitter:label1\" content=\"Prix\" \/>\n\t<meta name=\"twitter:data1\" content=\"72,24&euro;\" \/>\n\t<meta name=\"twitter:label2\" content=\"Disponibilit\u00e9\" \/>\n\t<meta name=\"twitter:data2\" content=\"En stock\" \/>\n<script type=\"application\/ld+json\" class=\"yoast-schema-graph\">{\"@context\":\"https:\\\/\\\/schema.org\",\"@graph\":[{\"@type\":\"WebPage\",\"@id\":\"https:\\\/\\\/www.vetorino.com\\\/veterinaire\\\/evry-91000\\\/boutique\\\/product\\\/litiere-absorbante-perlinette-pour-chats-sensibles\\\/\",\"url\":\"https:\\\/\\\/www.vetorino.com\\\/veterinaire\\\/evry-91000\\\/boutique\\\/product\\\/litiere-absorbante-perlinette-pour-chats-sensibles\\\/\",\"name\":\"Liti\u00e8re Cristaux - Chats Sensibles Perlinette - V\u00e9torino\",\"isPartOf\":{\"@id\":\"https:\\\/\\\/www.vetorino.com\\\/boutique\\\/#website\"},\"primaryImageOfPage\":{\"@id\":\"https:\\\/\\\/www.vetorino.com\\\/veterinaire\\\/evry-91000\\\/boutique\\\/product\\\/litiere-absorbante-perlinette-pour-chats-sensibles\\\/#primaryimage\"},\"image\":{\"@id\":\"https:\\\/\\\/www.vetorino.com\\\/veterinaire\\\/evry-91000\\\/boutique\\\/product\\\/litiere-absorbante-perlinette-pour-chats-sensibles\\\/#primaryimage\"},\"thumbnailUrl\":\"https:\\\/\\\/www.vetorino.com\\\/boutique\\\/wp-content\\\/uploads\\\/2020\\\/06\\\/litiere-cristaux-chats-sensibles.webp\",\"datePublished\":\"2020-06-29T23:30:12+00:00\",\"dateModified\":\"2025-11-02T10:39:48+00:00\",\"description\":\"Liti\u00e8re en silice qui se pr\u00e9sente sous forme de granules tr\u00e8s fins permettant une absorption maximale. Cette liti\u00e8re a \u00e9t\u00e9 sp\u00e9cialement con\u00e7ue pour le bien-\u00eatre et le confort des chats sensibles, de toutes races.\",\"breadcrumb\":{\"@id\":\"https:\\\/\\\/www.vetorino.com\\\/veterinaire\\\/evry-91000\\\/boutique\\\/product\\\/litiere-absorbante-perlinette-pour-chats-sensibles\\\/#breadcrumb\"},\"inLanguage\":\"fr-FR\",\"potentialAction\":[{\"@type\":\"ReadAction\",\"target\":[\"https:\\\/\\\/www.vetorino.com\\\/veterinaire\\\/evry-91000\\\/boutique\\\/product\\\/litiere-absorbante-perlinette-pour-chats-sensibles\\\/\"]}]},{\"@type\":\"ImageObject\",\"inLanguage\":\"fr-FR\",\"@id\":\"https:\\\/\\\/www.vetorino.com\\\/veterinaire\\\/evry-91000\\\/boutique\\\/product\\\/litiere-absorbante-perlinette-pour-chats-sensibles\\\/#primaryimage\",\"url\":\"https:\\\/\\\/www.vetorino.com\\\/boutique\\\/wp-content\\\/uploads\\\/2020\\\/06\\\/litiere-cristaux-chats-sensibles.webp\",\"contentUrl\":\"https:\\\/\\\/www.vetorino.com\\\/boutique\\\/wp-content\\\/uploads\\\/2020\\\/06\\\/litiere-cristaux-chats-sensibles.webp\",\"width\":458,\"height\":458},{\"@type\":\"BreadcrumbList\",\"@id\":\"https:\\\/\\\/www.vetorino.com\\\/veterinaire\\\/evry-91000\\\/boutique\\\/product\\\/litiere-absorbante-perlinette-pour-chats-sensibles\\\/#breadcrumb\",\"itemListElement\":[{\"@type\":\"ListItem\",\"position\":1,\"name\":\"Accueil\",\"item\":\"https:\\\/\\\/www.vetorino.com\\\/boutique\\\/\"},{\"@type\":\"ListItem\",\"position\":2,\"name\":\"Produits\",\"item\":\"https:\\\/\\\/www.vetorino.com\\\/boutique\\\/\"},{\"@type\":\"ListItem\",\"position\":3,\"name\":\"Liti\u00e8re Cristaux &#8211; Chats Sensibles\"}]},{\"@type\":\"WebSite\",\"@id\":\"https:\\\/\\\/www.vetorino.com\\\/boutique\\\/#website\",\"url\":\"https:\\\/\\\/www.vetorino.com\\\/boutique\\\/\",\"name\":\"V\u00e9torino\",\"description\":\"\",\"publisher\":{\"@id\":\"https:\\\/\\\/www.vetorino.com\\\/boutique\\\/#organization\"},\"potentialAction\":[{\"@type\":\"SearchAction\",\"target\":{\"@type\":\"EntryPoint\",\"urlTemplate\":\"https:\\\/\\\/www.vetorino.com\\\/boutique\\\/?s={search_term_string}\"},\"query-input\":{\"@type\":\"PropertyValueSpecification\",\"valueRequired\":true,\"valueName\":\"search_term_string\"}}],\"inLanguage\":\"fr-FR\"},{\"@type\":\"Organization\",\"@id\":\"https:\\\/\\\/www.vetorino.com\\\/boutique\\\/#organization\",\"name\":\"V\u00e9torino\",\"url\":\"https:\\\/\\\/www.vetorino.com\\\/boutique\\\/\",\"logo\":{\"@type\":\"ImageObject\",\"inLanguage\":\"fr-FR\",\"@id\":\"https:\\\/\\\/www.vetorino.com\\\/boutique\\\/#\\\/schema\\\/logo\\\/image\\\/\",\"url\":\"https:\\\/\\\/www.vetorino.com\\\/boutique\\\/wp-content\\\/uploads\\\/2024\\\/10\\\/logo.jpg\",\"contentUrl\":\"https:\\\/\\\/www.vetorino.com\\\/boutique\\\/wp-content\\\/uploads\\\/2024\\\/10\\\/logo.jpg\",\"width\":1200,\"height\":610,\"caption\":\"V\u00e9torino\"},\"image\":{\"@id\":\"https:\\\/\\\/www.vetorino.com\\\/boutique\\\/#\\\/schema\\\/logo\\\/image\\\/\"},\"sameAs\":[\"https:\\\/\\\/www.facebook.com\\\/Vetorino\\\/\",\"https:\\\/\\\/www.instagram.com\\\/vetorino_off\\\/\",\"https:\\\/\\\/www.linkedin.com\\\/company\\\/vtorino\\\/\"]}]}<\/script>\n<meta property=\"product:brand\" content=\"Perlinette\" \/>\n<meta property=\"product:price:amount\" content=\"72.24\" \/>\n<meta property=\"product:price:currency\" content=\"EUR\" \/>\n<meta property=\"og:availability\" content=\"instock\" \/>\n<meta property=\"product:availability\" content=\"instock\" \/>\n<meta property=\"product:retailer_item_id\" content=\"C-LIT422\" \/>\n<meta property=\"product:condition\" content=\"new\" \/>\n<!-- \/ Yoast SEO plugin. -->","yoast_head_json":{"title":"Liti\u00e8re Cristaux - Chats Sensibles Perlinette - V\u00e9torino","description":"Liti\u00e8re en silice qui se pr\u00e9sente sous forme de granules tr\u00e8s fins permettant une absorption maximale. Cette liti\u00e8re a \u00e9t\u00e9 sp\u00e9cialement con\u00e7ue pour le bien-\u00eatre et le confort des chats sensibles, de toutes races.","robots":{"index":"noindex","follow":"nofollow"},"og_locale":"fr_FR","og_type":"article","og_title":"Liti\u00e8re Cristaux - Chats Sensibles Perlinette - V\u00e9torino","og_description":"Liti\u00e8re en silice qui se pr\u00e9sente sous forme de granules tr\u00e8s fins permettant une absorption maximale. Cette liti\u00e8re a \u00e9t\u00e9 sp\u00e9cialement con\u00e7ue pour le bien-\u00eatre et le confort des chats sensibles, de toutes races.","og_url":"https:\/\/www.vetorino.com\/veterinaire\/villeneuvetolosane-31270\/boutique\/product\/litiere-absorbante-perlinette-pour-chats-sensibles\/","og_site_name":"V\u00e9torino","article_publisher":"https:\/\/www.facebook.com\/Vetorino\/","article_modified_time":"2025-11-02T10:39:48+00:00","og_image":[{"width":458,"height":458,"url":"https:\/\/www.vetorino.com\/boutique\/wp-content\/uploads\/2020\/06\/litiere-cristaux-chats-sensibles.webp","type":"image\/webp"}],"twitter_card":"summary_large_image","twitter_misc":{"Prix":"72,24&euro;","Disponibilit\u00e9":"En stock"},"schema":{"@context":"https:\/\/schema.org","@graph":[{"@type":"WebPage","@id":"https:\/\/www.vetorino.com\/veterinaire\/evry-91000\/boutique\/product\/litiere-absorbante-perlinette-pour-chats-sensibles\/","url":"https:\/\/www.vetorino.com\/veterinaire\/evry-91000\/boutique\/product\/litiere-absorbante-perlinette-pour-chats-sensibles\/","name":"Liti\u00e8re Cristaux - Chats Sensibles Perlinette - V\u00e9torino","isPartOf":{"@id":"https:\/\/www.vetorino.com\/boutique\/#website"},"primaryImageOfPage":{"@id":"https:\/\/www.vetorino.com\/veterinaire\/evry-91000\/boutique\/product\/litiere-absorbante-perlinette-pour-chats-sensibles\/#primaryimage"},"image":{"@id":"https:\/\/www.vetorino.com\/veterinaire\/evry-91000\/boutique\/product\/litiere-absorbante-perlinette-pour-chats-sensibles\/#primaryimage"},"thumbnailUrl":"https:\/\/www.vetorino.com\/boutique\/wp-content\/uploads\/2020\/06\/litiere-cristaux-chats-sensibles.webp","datePublished":"2020-06-29T23:30:12+00:00","dateModified":"2025-11-02T10:39:48+00:00","description":"Liti\u00e8re en silice qui se pr\u00e9sente sous forme de granules tr\u00e8s fins permettant une absorption maximale. Cette liti\u00e8re a \u00e9t\u00e9 sp\u00e9cialement con\u00e7ue pour le bien-\u00eatre et le confort des chats sensibles, de toutes races.","breadcrumb":{"@id":"https:\/\/www.vetorino.com\/veterinaire\/evry-91000\/boutique\/product\/litiere-absorbante-perlinette-pour-chats-sensibles\/#breadcrumb"},"inLanguage":"fr-FR","potentialAction":[{"@type":"ReadAction","target":["https:\/\/www.vetorino.com\/veterinaire\/evry-91000\/boutique\/product\/litiere-absorbante-perlinette-pour-chats-sensibles\/"]}]},{"@type":"ImageObject","inLanguage":"fr-FR","@id":"https:\/\/www.vetorino.com\/veterinaire\/evry-91000\/boutique\/product\/litiere-absorbante-perlinette-pour-chats-sensibles\/#primaryimage","url":"https:\/\/www.vetorino.com\/boutique\/wp-content\/uploads\/2020\/06\/litiere-cristaux-chats-sensibles.webp","contentUrl":"https:\/\/www.vetorino.com\/boutique\/wp-content\/uploads\/2020\/06\/litiere-cristaux-chats-sensibles.webp","width":458,"height":458},{"@type":"BreadcrumbList","@id":"https:\/\/www.vetorino.com\/veterinaire\/evry-91000\/boutique\/product\/litiere-absorbante-perlinette-pour-chats-sensibles\/#breadcrumb","itemListElement":[{"@type":"ListItem","position":1,"name":"Accueil","item":"https:\/\/www.vetorino.com\/boutique\/"},{"@type":"ListItem","position":2,"name":"Produits","item":"https:\/\/www.vetorino.com\/boutique\/"},{"@type":"ListItem","position":3,"name":"Liti\u00e8re Cristaux &#8211; Chats Sensibles"}]},{"@type":"WebSite","@id":"https:\/\/www.vetorino.com\/boutique\/#website","url":"https:\/\/www.vetorino.com\/boutique\/","name":"V\u00e9torino","description":"","publisher":{"@id":"https:\/\/www.vetorino.com\/boutique\/#organization"},"potentialAction":[{"@type":"SearchAction","target":{"@type":"EntryPoint","urlTemplate":"https:\/\/www.vetorino.com\/boutique\/?s={search_term_string}"},"query-input":{"@type":"PropertyValueSpecification","valueRequired":true,"valueName":"search_term_string"}}],"inLanguage":"fr-FR"},{"@type":"Organization","@id":"https:\/\/www.vetorino.com\/boutique\/#organization","name":"V\u00e9torino","url":"https:\/\/www.vetorino.com\/boutique\/","logo":{"@type":"ImageObject","inLanguage":"fr-FR","@id":"https:\/\/www.vetorino.com\/boutique\/#\/schema\/logo\/image\/","url":"https:\/\/www.vetorino.com\/boutique\/wp-content\/uploads\/2024\/10\/logo.jpg","contentUrl":"https:\/\/www.vetorino.com\/boutique\/wp-content\/uploads\/2024\/10\/logo.jpg","width":1200,"height":610,"caption":"V\u00e9torino"},"image":{"@id":"https:\/\/www.vetorino.com\/boutique\/#\/schema\/logo\/image\/"},"sameAs":["https:\/\/www.facebook.com\/Vetorino\/","https:\/\/www.instagram.com\/vetorino_off\/","https:\/\/www.linkedin.com\/company\/vtorino\/"]}]},"product_brand":"Perlinette","product_price_amount":"72.24","product_price_currency":"EUR","og_availability":"instock","product_availability":"instock","product_retailer_item_id":"C-LIT422","product_condition":"new"},"_links":{"self":[{"href":"https:\/\/www.vetorino.com\/veterinaire\/villeneuvetolosane-31270\/boutique\/wp-json\/wp\/v2\/product\/99318","targetHints":{"allow":["GET"]}}],"collection":[{"href":"https:\/\/www.vetorino.com\/veterinaire\/villeneuvetolosane-31270\/boutique\/wp-json\/wp\/v2\/product"}],"about":[{"href":"https:\/\/www.vetorino.com\/veterinaire\/villeneuvetolosane-31270\/boutique\/wp-json\/wp\/v2\/types\/product"}],"wp:featuredmedia":[{"embeddable":true,"href":"https:\/\/www.vetorino.com\/veterinaire\/villeneuvetolosane-31270\/boutique\/wp-json\/wp\/v2\/media\/915182"}],"wp:attachment":[{"href":"https:\/\/www.vetorino.com\/veterinaire\/villeneuvetolosane-31270\/boutique\/wp-json\/wp\/v2\/media?parent=99318"}],"wp:term":[{"taxonomy":"product_cat","embeddable":true,"href":"https:\/\/www.vetorino.com\/veterinaire\/villeneuvetolosane-31270\/boutique\/wp-json\/wp\/v2\/product_cat?post=99318"},{"taxonomy":"product_tag","embeddable":true,"href":"https:\/\/www.vetorino.com\/veterinaire\/villeneuvetolosane-31270\/boutique\/wp-json\/wp\/v2\/product_tag?post=99318"}],"curies":[{"name":"wp","href":"https:\/\/api.w.org\/{rel}","templated":true}]}}